{"id":41512,"date":"2023-07-19T20:26:53","date_gmt":"2023-07-19T18:36:21","guid":{"rendered":"https:\/\/pandeoshop.com\/product\/medi-peel-vitamin-bomb-refreshing-mask-sheet\/"},"modified":"2023-07-20T01:30:53","modified_gmt":"2023-07-19T23:30:53","slug":"tekstilna-maska-za-revitalizacijo-medi-peel-vitamin-bomb-refreshing-mask-sheet","status":"publish","type":"product","link":"https:\/\/pandeoshop.com\/sl\/izdelek\/tekstilna-maska-za-revitalizacijo-medi-peel-vitamin-bomb-refreshing-mask-sheet\/","title":{"rendered":"Tekstilna maska za revitalizacijo <br\/> Medi-Peel Vitamin Bomb Refreshing Mask Sheet"},"content":{"rendered":"<p>Medi-Peel Vitamin Bomb Refreshing Mask Sheet je revitalizacijska maska, ki neguje in vla\u017ei ko\u017eo s kopico vitaminov, hkrati pa spodbuja proizvodnjo kolagena v povrhnjici. U\u010dinkovito osvetljuje in o\u010disti utrujeno in suho ko\u017eo. Pusti jo spo\u010dito, \u017eametno in polno vitalnosti.<\/p>\n<p>Obogatena z kompleksom super vitaminov in 6 vrstami vitaminov. Ta osve\u017eilna maska za posvetlitev in toniranje zagotavlja u\u010dinkovito prenovitev ko\u017ee. Visoka koncentracija super vitaminskega kompleksa (10.000PPM) pomaga posvetliti in poenotiti polt, medtem ko 7 vrst hialuronske kisline intenzivno navla\u017ei.<\/p>\n<p>Esenca maske obnavlja in za\u0161\u010diti hranljive sestavine ko\u017ee in pomaga obnoviti zdravo polt. Z mo\u010djo niacinamida (10.000ppm) prepre\u010duje izgubo vlage, izbolj\u0161uje tonus ko\u017ee, teksturo in elasti\u010dnost ter se spopada s te\u017eavami ko\u017ee, kot so akne, sledi po aknah, hiperpigmentacija in rozacea.<\/p>\n<p>Do\u017eivite pomlajevalne u\u010dinke maske Medi-Peel Vitamin Bomb in u\u017eivajte v sve\u017ei, energizirani in negovani ko\u017ei.<\/p>\n","protected":false},"excerpt":{"rendered":"<p>Hranilna in vla\u017eilna tekstilna maska, ki spodbuja proizvodnjo kolagena, osvetli dolgo\u010dasno ko\u017eo in zagotavlja dolgotrajno vitalnost s super vitaminskim kompleksom in hialuronsko kislino. Ko\u017eo pa pusti spo\u010dito, \u017eametno in polno \u017eivljenja.<\/p>\n","protected":false},"featured_media":41476,"comment_status":"open","ping_status":"closed","template":"","meta":[],"product_cat":[1804,1784,1768,1780,1814,1785,1767,1781,1803,1782,1787,1783,1779,1802,1786],"product_tag":[4506,4528,4549,4565,4568,4598],"bundle_layout":"","bundle_add_to_cart_form_location":"","bundle_editable_in_cart":false,"bundle_sold_individually_context":"","bundle_item_grouping":"","bundle_min_size":"","bundle_max_size":"","bundled_by":[],"bundled_items":[],"yoast_head":"<!-- This site is optimized with the Yoast SEO Premium plugin v22.2 (Yoast SEO v22.9) - https:\/\/yoast.com\/wordpress\/plugins\/seo\/ -->\n<title>Tekstilna maska za revitalizacijo | Medi-Peel Vitamin Bomb Refreshing Mask Sheet - Pandeoshop<\/title>\n<meta name=\"description\" content=\"Hranilna in vla\u017eilna tekstilna maska, ki spodbuja proizvodnjo kolagena, osvetli dolgo\u010dasno ko\u017eo in zagotavlja dolgotrajno vitalnost s super vitaminskim kompleksom in hialuronsko kislino. Ko\u017eo pa pusti spo\u010dito, \u017eametno in polno \u017eivljenja.\" \/>\n<meta name=\"robots\" content=\"index, follow, max-snippet:-1, max-image-preview:large, max-video-preview:-1\" \/>\n<link rel=\"canonical\" href=\"https:\/\/pandeoshop.com\/sl\/product\/medi-peel-vitamin-bomb-refreshing-mask-sheet\/\" \/>\n<meta property=\"og:locale\" content=\"sl_SI\" \/>\n<meta property=\"og:type\" content=\"article\" \/>\n<meta property=\"og:title\" content=\"Tekstilna maska za revitalizacijo | Medi-Peel Vitamin Bomb Refreshing Mask Sheet - Pandeoshop\" \/>\n<meta property=\"og:description\" content=\"Hranilna in vla\u017eilna tekstilna maska, ki spodbuja proizvodnjo kolagena, osvetli dolgo\u010dasno ko\u017eo in zagotavlja dolgotrajno vitalnost s super vitaminskim kompleksom in hialuronsko kislino. Ko\u017eo pa pusti spo\u010dito, \u017eametno in polno \u017eivljenja.\" \/>\n<meta property=\"og:url\" content=\"https:\/\/pandeoshop.com\/product\/medi-peel-vitamin-bomb-refreshing-mask-sheet\/\" \/>\n<meta property=\"og:site_name\" content=\"Pandeoshop\" \/>\n<meta property=\"article:publisher\" content=\"https:\/\/www.facebook.com\/pandeoshop\/\" \/>\n<meta property=\"article:modified_time\" content=\"2023-07-19T23:30:53+00:00\" \/>\n<meta property=\"og:image\" content=\"https:\/\/pandeoshop.com\/wp-content\/uploads\/medi-peel-vitamin-bomb-refreshing-mask-sheet-25ml-1.jpeg\" \/>\n\t<meta property=\"og:image:width\" content=\"1000\" \/>\n\t<meta property=\"og:image:height\" content=\"1000\" \/>\n\t<meta property=\"og:image:type\" content=\"image\/jpeg\" \/>\n<meta name=\"twitter:card\" content=\"summary_large_image\" \/>\n<script type=\"application\/ld+json\" class=\"yoast-schema-graph\">{\"@context\":\"https:\/\/schema.org\",\"@graph\":[{\"@type\":\"WebPage\",\"@id\":\"https:\/\/pandeoshop.com\/sl\/izdelek\/tekstilna-maska-za-revitalizacijo-medi-peel-vitamin-bomb-refreshing-mask-sheet\/\",\"url\":\"https:\/\/pandeoshop.com\/product\/medi-peel-vitamin-bomb-refreshing-mask-sheet\/\",\"name\":\"Tekstilna maska za revitalizacijo | Medi-Peel Vitamin Bomb Refreshing Mask Sheet - Pandeoshop\",\"isPartOf\":{\"@id\":\"https:\/\/pandeoshop.com\/sl\/#website\"},\"primaryImageOfPage\":{\"@id\":\"https:\/\/pandeoshop.com\/product\/medi-peel-vitamin-bomb-refreshing-mask-sheet\/#primaryimage\"},\"image\":{\"@id\":\"https:\/\/pandeoshop.com\/product\/medi-peel-vitamin-bomb-refreshing-mask-sheet\/#primaryimage\"},\"thumbnailUrl\":\"https:\/\/pandeoshop.com\/wp-content\/uploads\/medi-peel-vitamin-bomb-refreshing-mask-sheet-25ml-1.jpeg\",\"datePublished\":\"2023-07-19T18:36:21+00:00\",\"dateModified\":\"2023-07-19T23:30:53+00:00\",\"description\":\"Hranilna in vla\u017eilna tekstilna maska, ki spodbuja proizvodnjo kolagena, osvetli dolgo\u010dasno ko\u017eo in zagotavlja dolgotrajno vitalnost s super vitaminskim kompleksom in hialuronsko kislino. Ko\u017eo pa pusti spo\u010dito, \u017eametno in polno \u017eivljenja.\",\"breadcrumb\":{\"@id\":\"https:\/\/pandeoshop.com\/product\/medi-peel-vitamin-bomb-refreshing-mask-sheet\/#breadcrumb\"},\"inLanguage\":\"sl-SI\",\"potentialAction\":[{\"@type\":\"ReadAction\",\"target\":[\"https:\/\/pandeoshop.com\/product\/medi-peel-vitamin-bomb-refreshing-mask-sheet\/\"]}]},{\"@type\":\"ImageObject\",\"inLanguage\":\"sl-SI\",\"@id\":\"https:\/\/pandeoshop.com\/product\/medi-peel-vitamin-bomb-refreshing-mask-sheet\/#primaryimage\",\"url\":\"https:\/\/pandeoshop.com\/wp-content\/uploads\/medi-peel-vitamin-bomb-refreshing-mask-sheet-25ml-1.jpeg\",\"contentUrl\":\"https:\/\/pandeoshop.com\/wp-content\/uploads\/medi-peel-vitamin-bomb-refreshing-mask-sheet-25ml-1.jpeg\",\"width\":1000,\"height\":1000},{\"@type\":\"BreadcrumbList\",\"@id\":\"https:\/\/pandeoshop.com\/product\/medi-peel-vitamin-bomb-refreshing-mask-sheet\/#breadcrumb\",\"itemListElement\":[{\"@type\":\"ListItem\",\"position\":1,\"name\":\"Domov\",\"item\":\"https:\/\/pandeoshop.com\/sl\/\"},{\"@type\":\"ListItem\",\"position\":2,\"name\":\"Trgovina\",\"item\":\"https:\/\/pandeoshop.com\/sl\/trgovina\/\"},{\"@type\":\"ListItem\",\"position\":3,\"name\":\"Blagovne znamke\",\"item\":\"https:\/\/pandeoshop.com\/sl\/category\/blagovne-znamke\/\"},{\"@type\":\"ListItem\",\"position\":4,\"name\":\"Medi-Peel\",\"item\":\"https:\/\/pandeoshop.com\/sl\/category\/blagovne-znamke\/medi-peel-sl\/\"},{\"@type\":\"ListItem\",\"position\":5,\"name\":\"Tekstilna maska za revitalizacijo Medi-Peel Vitamin Bomb Refreshing Mask Sheet\"}]},{\"@type\":\"WebSite\",\"@id\":\"https:\/\/pandeoshop.com\/sl\/#website\",\"url\":\"https:\/\/pandeoshop.com\/sl\/\",\"name\":\"Pandeoshop\",\"description\":\"\u0160e eno spleti\u0161\u010de WordPress\",\"publisher\":{\"@id\":\"https:\/\/pandeoshop.com\/sl\/#organization\"},\"potentialAction\":[{\"@type\":\"SearchAction\",\"target\":{\"@type\":\"EntryPoint\",\"urlTemplate\":\"https:\/\/pandeoshop.com\/sl\/?s={search_term_string}\"},\"query-input\":\"required name=search_term_string\"}],\"inLanguage\":\"sl-SI\"},{\"@type\":\"Organization\",\"@id\":\"https:\/\/pandeoshop.com\/sl\/#organization\",\"name\":\"Pandeoshop\",\"url\":\"https:\/\/pandeoshop.com\/sl\/\",\"logo\":{\"@type\":\"ImageObject\",\"inLanguage\":\"sl-SI\",\"@id\":\"https:\/\/pandeoshop.com\/sl\/#\/schema\/logo\/image\/\",\"url\":\"https:\/\/pandeoshop.com\/wp-content\/uploads\/pandeoshop_social_logo_no_textjpg.jpg\",\"contentUrl\":\"https:\/\/pandeoshop.com\/wp-content\/uploads\/pandeoshop_social_logo_no_textjpg.jpg\",\"width\":288,\"height\":201,\"caption\":\"Pandeoshop\"},\"image\":{\"@id\":\"https:\/\/pandeoshop.com\/sl\/#\/schema\/logo\/image\/\"},\"sameAs\":[\"https:\/\/www.facebook.com\/pandeoshop\/\",\"https:\/\/www.instagram.com\/pandeo_shop\/\"]}]}<\/script>\n<meta property=\"product:price:amount\" content=\"5.90\" \/>\n<meta property=\"product:price:currency\" content=\"EUR\" \/>\n<meta property=\"og:availability\" content=\"instock\" \/>\n<meta property=\"product:availability\" content=\"instock\" \/>\n<meta property=\"product:retailer_item_id\" content=\"HS10843\" \/>\n<meta property=\"product:condition\" content=\"new\" \/>\n<!-- \/ Yoast SEO Premium plugin. -->","yoast_head_json":{"title":"Tekstilna maska za revitalizacijo | Medi-Peel Vitamin Bomb Refreshing Mask Sheet - Pandeoshop","description":"Hranilna in vla\u017eilna tekstilna maska, ki spodbuja proizvodnjo kolagena, osvetli dolgo\u010dasno ko\u017eo in zagotavlja dolgotrajno vitalnost s super vitaminskim kompleksom in hialuronsko kislino. Ko\u017eo pa pusti spo\u010dito, \u017eametno in polno \u017eivljenja.","robots":{"index":"index","follow":"follow","max-snippet":"max-snippet:-1","max-image-preview":"max-image-preview:large","max-video-preview":"max-video-preview:-1"},"canonical":"https:\/\/pandeoshop.com\/sl\/product\/medi-peel-vitamin-bomb-refreshing-mask-sheet\/","og_locale":"sl_SI","og_type":"article","og_title":"Tekstilna maska za revitalizacijo | Medi-Peel Vitamin Bomb Refreshing Mask Sheet - Pandeoshop","og_description":"Hranilna in vla\u017eilna tekstilna maska, ki spodbuja proizvodnjo kolagena, osvetli dolgo\u010dasno ko\u017eo in zagotavlja dolgotrajno vitalnost s super vitaminskim kompleksom in hialuronsko kislino. Ko\u017eo pa pusti spo\u010dito, \u017eametno in polno \u017eivljenja.","og_url":"https:\/\/pandeoshop.com\/product\/medi-peel-vitamin-bomb-refreshing-mask-sheet\/","og_site_name":"Pandeoshop","article_publisher":"https:\/\/www.facebook.com\/pandeoshop\/","article_modified_time":"2023-07-19T23:30:53+00:00","og_image":[{"width":1000,"height":1000,"url":"https:\/\/pandeoshop.com\/wp-content\/uploads\/medi-peel-vitamin-bomb-refreshing-mask-sheet-25ml-1.jpeg","type":"image\/jpeg"}],"twitter_card":"summary_large_image","schema":{"@context":"https:\/\/schema.org","@graph":[{"@type":"WebPage","@id":"https:\/\/pandeoshop.com\/sl\/izdelek\/tekstilna-maska-za-revitalizacijo-medi-peel-vitamin-bomb-refreshing-mask-sheet\/","url":"https:\/\/pandeoshop.com\/product\/medi-peel-vitamin-bomb-refreshing-mask-sheet\/","name":"Tekstilna maska za revitalizacijo | Medi-Peel Vitamin Bomb Refreshing Mask Sheet - Pandeoshop","isPartOf":{"@id":"https:\/\/pandeoshop.com\/sl\/#website"},"primaryImageOfPage":{"@id":"https:\/\/pandeoshop.com\/product\/medi-peel-vitamin-bomb-refreshing-mask-sheet\/#primaryimage"},"image":{"@id":"https:\/\/pandeoshop.com\/product\/medi-peel-vitamin-bomb-refreshing-mask-sheet\/#primaryimage"},"thumbnailUrl":"https:\/\/pandeoshop.com\/wp-content\/uploads\/medi-peel-vitamin-bomb-refreshing-mask-sheet-25ml-1.jpeg","datePublished":"2023-07-19T18:36:21+00:00","dateModified":"2023-07-19T23:30:53+00:00","description":"Hranilna in vla\u017eilna tekstilna maska, ki spodbuja proizvodnjo kolagena, osvetli dolgo\u010dasno ko\u017eo in zagotavlja dolgotrajno vitalnost s super vitaminskim kompleksom in hialuronsko kislino. Ko\u017eo pa pusti spo\u010dito, \u017eametno in polno \u017eivljenja.","breadcrumb":{"@id":"https:\/\/pandeoshop.com\/product\/medi-peel-vitamin-bomb-refreshing-mask-sheet\/#breadcrumb"},"inLanguage":"sl-SI","potentialAction":[{"@type":"ReadAction","target":["https:\/\/pandeoshop.com\/product\/medi-peel-vitamin-bomb-refreshing-mask-sheet\/"]}]},{"@type":"ImageObject","inLanguage":"sl-SI","@id":"https:\/\/pandeoshop.com\/product\/medi-peel-vitamin-bomb-refreshing-mask-sheet\/#primaryimage","url":"https:\/\/pandeoshop.com\/wp-content\/uploads\/medi-peel-vitamin-bomb-refreshing-mask-sheet-25ml-1.jpeg","contentUrl":"https:\/\/pandeoshop.com\/wp-content\/uploads\/medi-peel-vitamin-bomb-refreshing-mask-sheet-25ml-1.jpeg","width":1000,"height":1000},{"@type":"BreadcrumbList","@id":"https:\/\/pandeoshop.com\/product\/medi-peel-vitamin-bomb-refreshing-mask-sheet\/#breadcrumb","itemListElement":[{"@type":"ListItem","position":1,"name":"Domov","item":"https:\/\/pandeoshop.com\/sl\/"},{"@type":"ListItem","position":2,"name":"Trgovina","item":"https:\/\/pandeoshop.com\/sl\/trgovina\/"},{"@type":"ListItem","position":3,"name":"Blagovne znamke","item":"https:\/\/pandeoshop.com\/sl\/category\/blagovne-znamke\/"},{"@type":"ListItem","position":4,"name":"Medi-Peel","item":"https:\/\/pandeoshop.com\/sl\/category\/blagovne-znamke\/medi-peel-sl\/"},{"@type":"ListItem","position":5,"name":"Tekstilna maska za revitalizacijo Medi-Peel Vitamin Bomb Refreshing Mask Sheet"}]},{"@type":"WebSite","@id":"https:\/\/pandeoshop.com\/sl\/#website","url":"https:\/\/pandeoshop.com\/sl\/","name":"Pandeoshop","description":"\u0160e eno spleti\u0161\u010de WordPress","publisher":{"@id":"https:\/\/pandeoshop.com\/sl\/#organization"},"potentialAction":[{"@type":"SearchAction","target":{"@type":"EntryPoint","urlTemplate":"https:\/\/pandeoshop.com\/sl\/?s={search_term_string}"},"query-input":"required name=search_term_string"}],"inLanguage":"sl-SI"},{"@type":"Organization","@id":"https:\/\/pandeoshop.com\/sl\/#organization","name":"Pandeoshop","url":"https:\/\/pandeoshop.com\/sl\/","logo":{"@type":"ImageObject","inLanguage":"sl-SI","@id":"https:\/\/pandeoshop.com\/sl\/#\/schema\/logo\/image\/","url":"https:\/\/pandeoshop.com\/wp-content\/uploads\/pandeoshop_social_logo_no_textjpg.jpg","contentUrl":"https:\/\/pandeoshop.com\/wp-content\/uploads\/pandeoshop_social_logo_no_textjpg.jpg","width":288,"height":201,"caption":"Pandeoshop"},"image":{"@id":"https:\/\/pandeoshop.com\/sl\/#\/schema\/logo\/image\/"},"sameAs":["https:\/\/www.facebook.com\/pandeoshop\/","https:\/\/www.instagram.com\/pandeo_shop\/"]}]},"product_price_amount":"5.90","product_price_currency":"EUR","og_availability":"instock","product_availability":"instock","product_retailer_item_id":"HS10843","product_condition":"new"},"_links":{"self":[{"href":"https:\/\/pandeoshop.com\/sl\/wp-json\/wp\/v2\/product\/41512"}],"collection":[{"href":"https:\/\/pandeoshop.com\/sl\/wp-json\/wp\/v2\/product"}],"about":[{"href":"https:\/\/pandeoshop.com\/sl\/wp-json\/wp\/v2\/types\/product"}],"replies":[{"embeddable":true,"href":"https:\/\/pandeoshop.com\/sl\/wp-json\/wp\/v2\/comments?post=41512"}],"wp:featuredmedia":[{"embeddable":true,"href":"https:\/\/pandeoshop.com\/sl\/wp-json\/wp\/v2\/media\/41476"}],"wp:attachment":[{"href":"https:\/\/pandeoshop.com\/sl\/wp-json\/wp\/v2\/media?parent=41512"}],"wp:term":[{"taxonomy":"product_cat","embeddable":true,"href":"https:\/\/pandeoshop.com\/sl\/wp-json\/wp\/v2\/product_cat?post=41512"},{"taxonomy":"product_tag","embeddable":true,"href":"https:\/\/pandeoshop.com\/sl\/wp-json\/wp\/v2\/product_tag?post=41512"}],"curies":[{"name":"wp","href":"https:\/\/api.w.org\/{rel}","templated":true}]}}