{"id":41506,"date":"2023-07-19T20:26:53","date_gmt":"2023-07-19T18:36:21","guid":{"rendered":"https:\/\/pandeoshop.com\/product\/medi-peel-cell-toxing-black-caviar-dermajours-repair-mask\/"},"modified":"2025-05-15T08:11:33","modified_gmt":"2025-05-15T06:11:33","slug":"tekstilna-maska-proti-staranju-medi-peel-cell-toxing-black-caviar-dermajours-repair-mask","status":"publish","type":"product","link":"https:\/\/pandeoshop.com\/sl\/izdelek\/tekstilna-maska-proti-staranju-medi-peel-cell-toxing-black-caviar-dermajours-repair-mask\/","title":{"rendered":"Tekstilna maska proti staranju <br\/> Medi-Peel Cell Toxing Black Caviar Dermajours Repair Mask"},"content":{"rendered":"<p>Medi-Peel Cell Toxing Black Caviar Dermajours Repair Mask je odli\u010dna re\u0161itev za boj proti drobnim gubam in prezgodnjem staranju. Ta teksilna maska je obogatena z mo\u010dno me\u0161anico 9 peptidov, ki u\u010dinkovito zgladijo gubice ter vidno izbolj\u0161ajo \u010dvrstost, pro\u017enost in hidracijo ko\u017ee.<\/p>\n<p>Obogatena je z alpskimi mati\u010dnimi celicami edelweissa, ki obnavljajo ravnovesje vodne vsebnosti v celicah, prepre\u010dujejo razpad kolagenskih vlaken in spodbujajo elasti\u010dnost ko\u017ee.<br \/>\nIzvle\u010dek kavijarja, bogat z vitamini A, D, E, C, mikroelementi, proteini in fosfolipidi, globinsko vla\u017ei in neguje ko\u017eo ter zagotavlja intenziven u\u010dinek dvigovanja, ki u\u010dvrsti konture obraza in zmanj\u0161a globino drobnih linij.<br \/>\nS peptidoma SYN\u00ae\ufe0f-AKE in SYN\u00ae\ufe0f-COLL ta maska spro\u0161\u010da mi\u0161ice obraza, zmanj\u0161uje gubice in pomaga prepre\u010devati nastanek gub.<br \/>\nOriental Beauty Fruits Newplex, pridobljen iz fig, granatnega jabolka, ginka bilobe in murve, krepi imunsko delovanje ko\u017ee, pomirja in obnavlja elasti\u010dnost.<br \/>\nRastlinski kompleks, ki vsebuje izvle\u010dke brokolija, lucerne, kitajskega zelja in p\u0161eni\u010dnih kal\u010dkov, pomirja razdra\u017eenost in aktivira regeneracijo celic ko\u017ee.<br \/>\nPoleg tega izvle\u010dek lubja magnolije upo\u010dasni razgradnjo kolagena in elastina, ohranja \u010dvrstost in elasti\u010dnost ko\u017ee.<\/p>\n<p>Z izjemno formulo in inovativnim dizajnom maske, se le ta tesno prilega obrazu kot druga ko\u017ea, kar pove\u010duje prodiranje vseh koristnih sestavin.<br \/>\nU\u017eivajte v revitalizacijskem in hranilnem u\u010dinku te mo\u010dne proti staranju in proti gubam namenjene terapije, ki je priporo\u010dljiva za suho, problemati\u010dno in zrelo ko\u017eo.<br \/>\nDo\u017eivite izjemne rezultate, ko zgladi gubice, u\u010dvrsti konture obraza ter razkrije bolj mladosten videz<\/p>\n<p>Povzdignite svojo negovalno rutino z Medi-Peel Cell Toxing Black Caviar Dermajours Repair Masko ter se razvajajte v luksuzu in upo\u010dasnite staranje ko\u017ee.<\/p>\n","protected":false},"excerpt":{"rendered":"<p>Izjemna maska z 9 mo\u010dnimi peptidi in \u010drnim kaviarjem za gladko, \u010dvrsto in hidrirano ko\u017eo.<\/p>\n","protected":false},"featured_media":42664,"comment_status":"open","ping_status":"closed","template":"","meta":[],"product_cat":[1804,1784,1768,1814,1767,1803,1783,1779],"product_tag":[5049,4536,4538,4574,4522,5250,4592,4571],"bundle_layout":"","bundle_add_to_cart_form_location":"","bundle_editable_in_cart":false,"bundle_sold_individually_context":"","bundle_item_grouping":"","bundle_min_size":"","bundle_max_size":"","bundled_by":[],"bundled_items":[],"yoast_head":"<!-- This site is optimized with the Yoast SEO Premium plugin v22.2 (Yoast SEO v22.9) - https:\/\/yoast.com\/wordpress\/plugins\/seo\/ -->\n<title>Tekstilna maska proti staranju | Medi-Peel Cell Toxing Black Caviar Dermajours Repair Mask - Pandeoshop<\/title>\n<meta name=\"description\" content=\"Izjemna maska z 9 mo\u010dnimi peptidi in \u010drnim kaviarjem za gladko, \u010dvrsto in hidrirano ko\u017eo.\" \/>\n<meta name=\"robots\" content=\"index, follow, max-snippet:-1, max-image-preview:large, max-video-preview:-1\" \/>\n<link rel=\"canonical\" href=\"https:\/\/pandeoshop.com\/sl\/product\/medi-peel-cell-toxing-black-caviar-dermajours-repair-mask\/\" \/>\n<meta property=\"og:locale\" content=\"sl_SI\" \/>\n<meta property=\"og:type\" content=\"article\" \/>\n<meta property=\"og:title\" content=\"Tekstilna maska proti staranju | Medi-Peel Cell Toxing Black Caviar Dermajours Repair Mask - Pandeoshop\" \/>\n<meta property=\"og:description\" content=\"Izjemna maska z 9 mo\u010dnimi peptidi in \u010drnim kaviarjem za gladko, \u010dvrsto in hidrirano ko\u017eo.\" \/>\n<meta property=\"og:url\" content=\"https:\/\/pandeoshop.com\/product\/medi-peel-cell-toxing-black-caviar-dermajours-repair-mask\/\" \/>\n<meta property=\"og:site_name\" content=\"Pandeoshop\" \/>\n<meta property=\"article:publisher\" content=\"https:\/\/www.facebook.com\/pandeoshop\/\" \/>\n<meta property=\"article:modified_time\" content=\"2025-05-15T06:11:33+00:00\" \/>\n<meta property=\"og:image\" content=\"https:\/\/pandeoshop.com\/wp-content\/uploads\/medi-peel-cell-toxing-black-caviar-dermajours-repair-mask-30ml-1.jpeg\" \/>\n\t<meta property=\"og:image:width\" content=\"1000\" \/>\n\t<meta property=\"og:image:height\" content=\"1000\" \/>\n\t<meta property=\"og:image:type\" content=\"image\/jpeg\" \/>\n<meta name=\"twitter:card\" content=\"summary_large_image\" \/>\n<script type=\"application\/ld+json\" class=\"yoast-schema-graph\">{\"@context\":\"https:\/\/schema.org\",\"@graph\":[{\"@type\":\"WebPage\",\"@id\":\"https:\/\/pandeoshop.com\/sl\/izdelek\/tekstilna-maska-proti-staranju-medi-peel-cell-toxing-black-caviar-dermajours-repair-mask\/\",\"url\":\"https:\/\/pandeoshop.com\/product\/medi-peel-cell-toxing-black-caviar-dermajours-repair-mask\/\",\"name\":\"Tekstilna maska proti staranju | Medi-Peel Cell Toxing Black Caviar Dermajours Repair Mask - Pandeoshop\",\"isPartOf\":{\"@id\":\"https:\/\/pandeoshop.com\/sl\/#website\"},\"primaryImageOfPage\":{\"@id\":\"https:\/\/pandeoshop.com\/product\/medi-peel-cell-toxing-black-caviar-dermajours-repair-mask\/#primaryimage\"},\"image\":{\"@id\":\"https:\/\/pandeoshop.com\/product\/medi-peel-cell-toxing-black-caviar-dermajours-repair-mask\/#primaryimage\"},\"thumbnailUrl\":\"https:\/\/pandeoshop.com\/wp-content\/uploads\/medi-peel-rose-diamond-radiant-glow-mask.jpg\",\"datePublished\":\"2023-07-19T18:36:21+00:00\",\"dateModified\":\"2025-05-15T06:11:33+00:00\",\"description\":\"Izjemna maska z 9 mo\u010dnimi peptidi in \u010drnim kaviarjem za gladko, \u010dvrsto in hidrirano ko\u017eo.\",\"breadcrumb\":{\"@id\":\"https:\/\/pandeoshop.com\/product\/medi-peel-cell-toxing-black-caviar-dermajours-repair-mask\/#breadcrumb\"},\"inLanguage\":\"sl-SI\",\"potentialAction\":[{\"@type\":\"ReadAction\",\"target\":[\"https:\/\/pandeoshop.com\/product\/medi-peel-cell-toxing-black-caviar-dermajours-repair-mask\/\"]}]},{\"@type\":\"ImageObject\",\"inLanguage\":\"sl-SI\",\"@id\":\"https:\/\/pandeoshop.com\/product\/medi-peel-cell-toxing-black-caviar-dermajours-repair-mask\/#primaryimage\",\"url\":\"https:\/\/pandeoshop.com\/wp-content\/uploads\/medi-peel-rose-diamond-radiant-glow-mask.jpg\",\"contentUrl\":\"https:\/\/pandeoshop.com\/wp-content\/uploads\/medi-peel-rose-diamond-radiant-glow-mask.jpg\",\"width\":465,\"height\":504},{\"@type\":\"BreadcrumbList\",\"@id\":\"https:\/\/pandeoshop.com\/product\/medi-peel-cell-toxing-black-caviar-dermajours-repair-mask\/#breadcrumb\",\"itemListElement\":[{\"@type\":\"ListItem\",\"position\":1,\"name\":\"Domov\",\"item\":\"https:\/\/pandeoshop.com\/sl\/\"},{\"@type\":\"ListItem\",\"position\":2,\"name\":\"Trgovina\",\"item\":\"https:\/\/pandeoshop.com\/sl\/trgovina\/\"},{\"@type\":\"ListItem\",\"position\":3,\"name\":\"Blagovne znamke\",\"item\":\"https:\/\/pandeoshop.com\/sl\/category\/blagovne-znamke\/\"},{\"@type\":\"ListItem\",\"position\":4,\"name\":\"Medi-Peel\",\"item\":\"https:\/\/pandeoshop.com\/sl\/category\/blagovne-znamke\/medi-peel-sl\/\"},{\"@type\":\"ListItem\",\"position\":5,\"name\":\"Tekstilna maska proti staranju Medi-Peel Cell Toxing Black Caviar Dermajours Repair Mask\"}]},{\"@type\":\"WebSite\",\"@id\":\"https:\/\/pandeoshop.com\/sl\/#website\",\"url\":\"https:\/\/pandeoshop.com\/sl\/\",\"name\":\"Pandeoshop\",\"description\":\"\u0160e eno spleti\u0161\u010de WordPress\",\"publisher\":{\"@id\":\"https:\/\/pandeoshop.com\/sl\/#organization\"},\"potentialAction\":[{\"@type\":\"SearchAction\",\"target\":{\"@type\":\"EntryPoint\",\"urlTemplate\":\"https:\/\/pandeoshop.com\/sl\/?s={search_term_string}\"},\"query-input\":\"required name=search_term_string\"}],\"inLanguage\":\"sl-SI\"},{\"@type\":\"Organization\",\"@id\":\"https:\/\/pandeoshop.com\/sl\/#organization\",\"name\":\"Pandeoshop\",\"url\":\"https:\/\/pandeoshop.com\/sl\/\",\"logo\":{\"@type\":\"ImageObject\",\"inLanguage\":\"sl-SI\",\"@id\":\"https:\/\/pandeoshop.com\/sl\/#\/schema\/logo\/image\/\",\"url\":\"https:\/\/pandeoshop.com\/wp-content\/uploads\/pandeoshop_social_logo_no_textjpg.jpg\",\"contentUrl\":\"https:\/\/pandeoshop.com\/wp-content\/uploads\/pandeoshop_social_logo_no_textjpg.jpg\",\"width\":288,\"height\":201,\"caption\":\"Pandeoshop\"},\"image\":{\"@id\":\"https:\/\/pandeoshop.com\/sl\/#\/schema\/logo\/image\/\"},\"sameAs\":[\"https:\/\/www.facebook.com\/pandeoshop\/\",\"https:\/\/www.instagram.com\/pandeo_shop\/\"]}]}<\/script>\n<meta property=\"product:price:amount\" content=\"2.82\" \/>\n<meta property=\"product:price:currency\" content=\"EUR\" \/>\n<meta property=\"og:availability\" content=\"instock\" \/>\n<meta property=\"product:availability\" content=\"instock\" \/>\n<meta property=\"product:retailer_item_id\" content=\"MPL9409343686\" \/>\n<meta property=\"product:condition\" content=\"new\" \/>\n<!-- \/ Yoast SEO Premium plugin. -->","yoast_head_json":{"title":"Tekstilna maska proti staranju | Medi-Peel Cell Toxing Black Caviar Dermajours Repair Mask - Pandeoshop","description":"Izjemna maska z 9 mo\u010dnimi peptidi in \u010drnim kaviarjem za gladko, \u010dvrsto in hidrirano ko\u017eo.","robots":{"index":"index","follow":"follow","max-snippet":"max-snippet:-1","max-image-preview":"max-image-preview:large","max-video-preview":"max-video-preview:-1"},"canonical":"https:\/\/pandeoshop.com\/sl\/product\/medi-peel-cell-toxing-black-caviar-dermajours-repair-mask\/","og_locale":"sl_SI","og_type":"article","og_title":"Tekstilna maska proti staranju | Medi-Peel Cell Toxing Black Caviar Dermajours Repair Mask - Pandeoshop","og_description":"Izjemna maska z 9 mo\u010dnimi peptidi in \u010drnim kaviarjem za gladko, \u010dvrsto in hidrirano ko\u017eo.","og_url":"https:\/\/pandeoshop.com\/product\/medi-peel-cell-toxing-black-caviar-dermajours-repair-mask\/","og_site_name":"Pandeoshop","article_publisher":"https:\/\/www.facebook.com\/pandeoshop\/","article_modified_time":"2025-05-15T06:11:33+00:00","og_image":[{"width":1000,"height":1000,"url":"https:\/\/pandeoshop.com\/wp-content\/uploads\/medi-peel-cell-toxing-black-caviar-dermajours-repair-mask-30ml-1.jpeg","type":"image\/jpeg"}],"twitter_card":"summary_large_image","schema":{"@context":"https:\/\/schema.org","@graph":[{"@type":"WebPage","@id":"https:\/\/pandeoshop.com\/sl\/izdelek\/tekstilna-maska-proti-staranju-medi-peel-cell-toxing-black-caviar-dermajours-repair-mask\/","url":"https:\/\/pandeoshop.com\/product\/medi-peel-cell-toxing-black-caviar-dermajours-repair-mask\/","name":"Tekstilna maska proti staranju | Medi-Peel Cell Toxing Black Caviar Dermajours Repair Mask - Pandeoshop","isPartOf":{"@id":"https:\/\/pandeoshop.com\/sl\/#website"},"primaryImageOfPage":{"@id":"https:\/\/pandeoshop.com\/product\/medi-peel-cell-toxing-black-caviar-dermajours-repair-mask\/#primaryimage"},"image":{"@id":"https:\/\/pandeoshop.com\/product\/medi-peel-cell-toxing-black-caviar-dermajours-repair-mask\/#primaryimage"},"thumbnailUrl":"https:\/\/pandeoshop.com\/wp-content\/uploads\/medi-peel-rose-diamond-radiant-glow-mask.jpg","datePublished":"2023-07-19T18:36:21+00:00","dateModified":"2025-05-15T06:11:33+00:00","description":"Izjemna maska z 9 mo\u010dnimi peptidi in \u010drnim kaviarjem za gladko, \u010dvrsto in hidrirano ko\u017eo.","breadcrumb":{"@id":"https:\/\/pandeoshop.com\/product\/medi-peel-cell-toxing-black-caviar-dermajours-repair-mask\/#breadcrumb"},"inLanguage":"sl-SI","potentialAction":[{"@type":"ReadAction","target":["https:\/\/pandeoshop.com\/product\/medi-peel-cell-toxing-black-caviar-dermajours-repair-mask\/"]}]},{"@type":"ImageObject","inLanguage":"sl-SI","@id":"https:\/\/pandeoshop.com\/product\/medi-peel-cell-toxing-black-caviar-dermajours-repair-mask\/#primaryimage","url":"https:\/\/pandeoshop.com\/wp-content\/uploads\/medi-peel-rose-diamond-radiant-glow-mask.jpg","contentUrl":"https:\/\/pandeoshop.com\/wp-content\/uploads\/medi-peel-rose-diamond-radiant-glow-mask.jpg","width":465,"height":504},{"@type":"BreadcrumbList","@id":"https:\/\/pandeoshop.com\/product\/medi-peel-cell-toxing-black-caviar-dermajours-repair-mask\/#breadcrumb","itemListElement":[{"@type":"ListItem","position":1,"name":"Domov","item":"https:\/\/pandeoshop.com\/sl\/"},{"@type":"ListItem","position":2,"name":"Trgovina","item":"https:\/\/pandeoshop.com\/sl\/trgovina\/"},{"@type":"ListItem","position":3,"name":"Blagovne znamke","item":"https:\/\/pandeoshop.com\/sl\/category\/blagovne-znamke\/"},{"@type":"ListItem","position":4,"name":"Medi-Peel","item":"https:\/\/pandeoshop.com\/sl\/category\/blagovne-znamke\/medi-peel-sl\/"},{"@type":"ListItem","position":5,"name":"Tekstilna maska proti staranju Medi-Peel Cell Toxing Black Caviar Dermajours Repair Mask"}]},{"@type":"WebSite","@id":"https:\/\/pandeoshop.com\/sl\/#website","url":"https:\/\/pandeoshop.com\/sl\/","name":"Pandeoshop","description":"\u0160e eno spleti\u0161\u010de WordPress","publisher":{"@id":"https:\/\/pandeoshop.com\/sl\/#organization"},"potentialAction":[{"@type":"SearchAction","target":{"@type":"EntryPoint","urlTemplate":"https:\/\/pandeoshop.com\/sl\/?s={search_term_string}"},"query-input":"required name=search_term_string"}],"inLanguage":"sl-SI"},{"@type":"Organization","@id":"https:\/\/pandeoshop.com\/sl\/#organization","name":"Pandeoshop","url":"https:\/\/pandeoshop.com\/sl\/","logo":{"@type":"ImageObject","inLanguage":"sl-SI","@id":"https:\/\/pandeoshop.com\/sl\/#\/schema\/logo\/image\/","url":"https:\/\/pandeoshop.com\/wp-content\/uploads\/pandeoshop_social_logo_no_textjpg.jpg","contentUrl":"https:\/\/pandeoshop.com\/wp-content\/uploads\/pandeoshop_social_logo_no_textjpg.jpg","width":288,"height":201,"caption":"Pandeoshop"},"image":{"@id":"https:\/\/pandeoshop.com\/sl\/#\/schema\/logo\/image\/"},"sameAs":["https:\/\/www.facebook.com\/pandeoshop\/","https:\/\/www.instagram.com\/pandeo_shop\/"]}]},"product_price_amount":"2.82","product_price_currency":"EUR","og_availability":"instock","product_availability":"instock","product_retailer_item_id":"MPL9409343686","product_condition":"new"},"_links":{"self":[{"href":"https:\/\/pandeoshop.com\/sl\/wp-json\/wp\/v2\/product\/41506"}],"collection":[{"href":"https:\/\/pandeoshop.com\/sl\/wp-json\/wp\/v2\/product"}],"about":[{"href":"https:\/\/pandeoshop.com\/sl\/wp-json\/wp\/v2\/types\/product"}],"replies":[{"embeddable":true,"href":"https:\/\/pandeoshop.com\/sl\/wp-json\/wp\/v2\/comments?post=41506"}],"wp:featuredmedia":[{"embeddable":true,"href":"https:\/\/pandeoshop.com\/sl\/wp-json\/wp\/v2\/media\/42664"}],"wp:attachment":[{"href":"https:\/\/pandeoshop.com\/sl\/wp-json\/wp\/v2\/media?parent=41506"}],"wp:term":[{"taxonomy":"product_cat","embeddable":true,"href":"https:\/\/pandeoshop.com\/sl\/wp-json\/wp\/v2\/product_cat?post=41506"},{"taxonomy":"product_tag","embeddable":true,"href":"https:\/\/pandeoshop.com\/sl\/wp-json\/wp\/v2\/product_tag?post=41506"}],"curies":[{"name":"wp","href":"https:\/\/api.w.org\/{rel}","templated":true}]}}