{"id":41500,"date":"2023-07-19T20:26:53","date_gmt":"2023-07-19T18:36:21","guid":{"rendered":"https:\/\/pandeoshop.com\/product\/manyo-factory-pure-cleansing-oil-2\/"},"modified":"2025-06-05T00:05:25","modified_gmt":"2025-06-04T22:05:25","slug":"cistilno-olje-za-vse-tipe-koze-manyo-factory-pure-cleansing-oil-2","status":"publish","type":"product","link":"https:\/\/pandeoshop.com\/sl\/izdelek\/cistilno-olje-za-vse-tipe-koze-manyo-factory-pure-cleansing-oil-2\/","title":{"rendered":"\u010cistilno olje za vse tipe ko\u017ee <br\/> Manyo Factory Pure Cleansing Oil"},"content":{"rendered":"<p>Manyo Factory Pure Cleansing Oil je \u010distilno olje za globinsko \u010di\u0161\u010denje. Spremeni se v ne\u017eno mleko za temeljito odstranjevanje vseh vrst umazanije, tudi najbolj trdovratna li\u010dila, podlage in kreme za son\u010denje. Olje intenzivno neguje in vla\u017ei, ne\u017eno \u010disti, ne\u017eno lu\u0161\u010di in odstranjuje odmrle ko\u017ene celice. Normalizira vodno-lipidno ravnovesje, ne poru\u0161i za\u0161\u010ditne pregrade ko\u017ee, ohranja optimalno raven vlage.<\/p>\n<p>Izdelek prodre globoko v pore, jih u\u010dinkovito o\u010disti, odstrani vse ne\u010disto\u010de in raztopi ma\u0161\u010dobne obloge, uravnava delovanje \u017elez lojnic in ko\u017eo napolni z vlago ter prepre\u010duje izsu\u0161itev in lu\u0161\u010denje.<\/p>\n<p>Glavne u\u010dinkovine so encim ri\u017eevih otrobov, ki je tradicionalni azijski posvetljevalec ko\u017ee.<br \/>\nArganovo olje pomaga obnoviti in pomladiti ko\u017eo.<br \/>\nJjobino olje je zaradi visoke koncentracije vitamina E odli\u010den antioksidant.<br \/>\nOlivno olje, ki ima regeneracijski u\u010dinek.<br \/>\nIzvle\u010dek semen kamelije  zmanj\u0161uje izgubo vlage in krepi za\u0161\u010ditne funkcije povrhnjice. Dobro vpliva na dehidrirane in suhe tipe ko\u017ee, ter daje dolgotrajen ob\u010dutek elasti\u010dnosti.<\/p>\n<p>Odli\u010den za vse tipe ko\u017ee, \u0161e posebej za suho in ob\u010dutljivo ko\u017eo.<br \/>\nIzdelek je zelo ne\u017een do ko\u017ee in je primeren tudi za najbolj ob\u010dutljivo ko\u017eo z razdra\u017eenostjo, vsebuje 99% naravnih sestavin, ne vsebuje mineralnih olj in silikonov.<\/p>\n","protected":false},"excerpt":{"rendered":"<p>\u010cistilno olje, ki zanesljivo odstrani trdovratna li\u010dila, ko\u017eno umazanijo, ogrce in mozolje. Obnavlja naravno stanje vla\u017enosti in uravnovesi pH, brez ma\u0161enja por. Primerno za vse tipe ko\u017ee.<\/p>\n","protected":false},"featured_media":41406,"comment_status":"open","ping_status":"closed","template":"","meta":[],"product_cat":[1755,1725,1737,1752,1754,1723,1738,1730,1718,1722,1735,1804,1774,1927,1784,1801,4623,4632,1780,1785,1985,1767,1948,1781,1803,1782,1942,1772,1771,1787,1928,1783,1779,1786],"product_tag":[4288,4550,4320,4518,4336,4566,4350,4580],"bundle_layout":"","bundle_add_to_cart_form_location":"","bundle_editable_in_cart":false,"bundle_sold_individually_context":"","bundle_item_grouping":"","bundle_min_size":"","bundle_max_size":"","bundled_by":[],"bundled_items":[],"yoast_head":"<!-- This site is optimized with the Yoast SEO Premium plugin v22.2 (Yoast SEO v22.9) - https:\/\/yoast.com\/wordpress\/plugins\/seo\/ -->\n<title>\u010cistilno olje za vse tipe ko\u017ee | Manyo Factory Pure Cleansing Oil - Pandeoshop<\/title>\n<meta name=\"description\" content=\"\u010cistilno olje, ki zanesljivo odstrani trdovratna li\u010dila, ko\u017eno umazanijo, ogrce in mozolje. Obnavlja naravno stanje vla\u017enosti in uravnovesi pH, brez ma\u0161enja por. Primerno za vse tipe ko\u017ee.\" \/>\n<meta name=\"robots\" content=\"index, follow, max-snippet:-1, max-image-preview:large, max-video-preview:-1\" \/>\n<link rel=\"canonical\" href=\"https:\/\/pandeoshop.com\/sl\/product\/manyo-factory-pure-cleansing-oil-2\/\" \/>\n<meta property=\"og:locale\" content=\"sl_SI\" \/>\n<meta property=\"og:type\" content=\"article\" \/>\n<meta property=\"og:title\" content=\"\u010cistilno olje za vse tipe ko\u017ee | Manyo Factory Pure Cleansing Oil - Pandeoshop\" \/>\n<meta property=\"og:description\" content=\"\u010cistilno olje, ki zanesljivo odstrani trdovratna li\u010dila, ko\u017eno umazanijo, ogrce in mozolje. Obnavlja naravno stanje vla\u017enosti in uravnovesi pH, brez ma\u0161enja por. Primerno za vse tipe ko\u017ee.\" \/>\n<meta property=\"og:url\" content=\"https:\/\/pandeoshop.com\/product\/manyo-factory-pure-cleansing-oil-2\/\" \/>\n<meta property=\"og:site_name\" content=\"Pandeoshop\" \/>\n<meta property=\"article:publisher\" content=\"https:\/\/www.facebook.com\/pandeoshop\/\" \/>\n<meta property=\"article:modified_time\" content=\"2025-06-04T22:05:25+00:00\" \/>\n<meta property=\"og:image\" content=\"https:\/\/pandeoshop.com\/wp-content\/uploads\/manyo-factory-pure-cleansing-oil-25ml-1.jpeg\" \/>\n\t<meta property=\"og:image:width\" content=\"1000\" \/>\n\t<meta property=\"og:image:height\" content=\"1000\" \/>\n\t<meta property=\"og:image:type\" content=\"image\/jpeg\" \/>\n<meta name=\"twitter:card\" content=\"summary_large_image\" \/>\n<script type=\"application\/ld+json\" class=\"yoast-schema-graph\">{\"@context\":\"https:\/\/schema.org\",\"@graph\":[{\"@type\":\"WebPage\",\"@id\":\"https:\/\/pandeoshop.com\/sl\/izdelek\/cistilno-olje-za-vse-tipe-koze-manyo-factory-pure-cleansing-oil-2\/\",\"url\":\"https:\/\/pandeoshop.com\/product\/manyo-factory-pure-cleansing-oil-2\/\",\"name\":\"\u010cistilno olje za vse tipe ko\u017ee | Manyo Factory Pure Cleansing Oil - Pandeoshop\",\"isPartOf\":{\"@id\":\"https:\/\/pandeoshop.com\/sl\/#website\"},\"primaryImageOfPage\":{\"@id\":\"https:\/\/pandeoshop.com\/product\/manyo-factory-pure-cleansing-oil-2\/#primaryimage\"},\"image\":{\"@id\":\"https:\/\/pandeoshop.com\/product\/manyo-factory-pure-cleansing-oil-2\/#primaryimage\"},\"thumbnailUrl\":\"https:\/\/pandeoshop.com\/wp-content\/uploads\/manyo-factory-pure-cleansing-oil-25ml-1.jpeg\",\"datePublished\":\"2023-07-19T18:36:21+00:00\",\"dateModified\":\"2025-06-04T22:05:25+00:00\",\"description\":\"\u010cistilno olje, ki zanesljivo odstrani trdovratna li\u010dila, ko\u017eno umazanijo, ogrce in mozolje. Obnavlja naravno stanje vla\u017enosti in uravnovesi pH, brez ma\u0161enja por. Primerno za vse tipe ko\u017ee.\",\"breadcrumb\":{\"@id\":\"https:\/\/pandeoshop.com\/product\/manyo-factory-pure-cleansing-oil-2\/#breadcrumb\"},\"inLanguage\":\"sl-SI\",\"potentialAction\":[{\"@type\":\"ReadAction\",\"target\":[\"https:\/\/pandeoshop.com\/product\/manyo-factory-pure-cleansing-oil-2\/\"]}]},{\"@type\":\"ImageObject\",\"inLanguage\":\"sl-SI\",\"@id\":\"https:\/\/pandeoshop.com\/product\/manyo-factory-pure-cleansing-oil-2\/#primaryimage\",\"url\":\"https:\/\/pandeoshop.com\/wp-content\/uploads\/manyo-factory-pure-cleansing-oil-25ml-1.jpeg\",\"contentUrl\":\"https:\/\/pandeoshop.com\/wp-content\/uploads\/manyo-factory-pure-cleansing-oil-25ml-1.jpeg\",\"width\":1000,\"height\":1000},{\"@type\":\"BreadcrumbList\",\"@id\":\"https:\/\/pandeoshop.com\/product\/manyo-factory-pure-cleansing-oil-2\/#breadcrumb\",\"itemListElement\":[{\"@type\":\"ListItem\",\"position\":1,\"name\":\"Domov\",\"item\":\"https:\/\/pandeoshop.com\/sl\/\"},{\"@type\":\"ListItem\",\"position\":2,\"name\":\"Trgovina\",\"item\":\"https:\/\/pandeoshop.com\/sl\/trgovina\/\"},{\"@type\":\"ListItem\",\"position\":3,\"name\":\"Blagovne znamke\",\"item\":\"https:\/\/pandeoshop.com\/sl\/category\/blagovne-znamke\/\"},{\"@type\":\"ListItem\",\"position\":4,\"name\":\"Manyo Factory\",\"item\":\"https:\/\/pandeoshop.com\/sl\/category\/blagovne-znamke\/manyo-factory-sl\/\"},{\"@type\":\"ListItem\",\"position\":5,\"name\":\"\u010cistilno olje za vse tipe ko\u017ee Manyo Factory Pure Cleansing Oil\"}]},{\"@type\":\"WebSite\",\"@id\":\"https:\/\/pandeoshop.com\/sl\/#website\",\"url\":\"https:\/\/pandeoshop.com\/sl\/\",\"name\":\"Pandeoshop\",\"description\":\"\u0160e eno spleti\u0161\u010de WordPress\",\"publisher\":{\"@id\":\"https:\/\/pandeoshop.com\/sl\/#organization\"},\"potentialAction\":[{\"@type\":\"SearchAction\",\"target\":{\"@type\":\"EntryPoint\",\"urlTemplate\":\"https:\/\/pandeoshop.com\/sl\/?s={search_term_string}\"},\"query-input\":\"required name=search_term_string\"}],\"inLanguage\":\"sl-SI\"},{\"@type\":\"Organization\",\"@id\":\"https:\/\/pandeoshop.com\/sl\/#organization\",\"name\":\"Pandeoshop\",\"url\":\"https:\/\/pandeoshop.com\/sl\/\",\"logo\":{\"@type\":\"ImageObject\",\"inLanguage\":\"sl-SI\",\"@id\":\"https:\/\/pandeoshop.com\/sl\/#\/schema\/logo\/image\/\",\"url\":\"https:\/\/pandeoshop.com\/wp-content\/uploads\/pandeoshop_social_logo_no_textjpg.jpg\",\"contentUrl\":\"https:\/\/pandeoshop.com\/wp-content\/uploads\/pandeoshop_social_logo_no_textjpg.jpg\",\"width\":288,\"height\":201,\"caption\":\"Pandeoshop\"},\"image\":{\"@id\":\"https:\/\/pandeoshop.com\/sl\/#\/schema\/logo\/image\/\"},\"sameAs\":[\"https:\/\/www.facebook.com\/pandeoshop\/\",\"https:\/\/www.instagram.com\/pandeo_shop\/\"]}]}<\/script>\n<meta property=\"product:price:amount\" content=\"5.69\" \/>\n<meta property=\"product:price:currency\" content=\"EUR\" \/>\n<meta property=\"og:availability\" content=\"instock\" \/>\n<meta property=\"product:availability\" content=\"instock\" \/>\n<meta property=\"product:retailer_item_id\" content=\"HS10896\" \/>\n<meta property=\"product:condition\" content=\"new\" \/>\n<!-- \/ Yoast SEO Premium plugin. -->","yoast_head_json":{"title":"\u010cistilno olje za vse tipe ko\u017ee | Manyo Factory Pure Cleansing Oil - Pandeoshop","description":"\u010cistilno olje, ki zanesljivo odstrani trdovratna li\u010dila, ko\u017eno umazanijo, ogrce in mozolje. Obnavlja naravno stanje vla\u017enosti in uravnovesi pH, brez ma\u0161enja por. Primerno za vse tipe ko\u017ee.","robots":{"index":"index","follow":"follow","max-snippet":"max-snippet:-1","max-image-preview":"max-image-preview:large","max-video-preview":"max-video-preview:-1"},"canonical":"https:\/\/pandeoshop.com\/sl\/product\/manyo-factory-pure-cleansing-oil-2\/","og_locale":"sl_SI","og_type":"article","og_title":"\u010cistilno olje za vse tipe ko\u017ee | Manyo Factory Pure Cleansing Oil - Pandeoshop","og_description":"\u010cistilno olje, ki zanesljivo odstrani trdovratna li\u010dila, ko\u017eno umazanijo, ogrce in mozolje. Obnavlja naravno stanje vla\u017enosti in uravnovesi pH, brez ma\u0161enja por. Primerno za vse tipe ko\u017ee.","og_url":"https:\/\/pandeoshop.com\/product\/manyo-factory-pure-cleansing-oil-2\/","og_site_name":"Pandeoshop","article_publisher":"https:\/\/www.facebook.com\/pandeoshop\/","article_modified_time":"2025-06-04T22:05:25+00:00","og_image":[{"width":1000,"height":1000,"url":"https:\/\/pandeoshop.com\/wp-content\/uploads\/manyo-factory-pure-cleansing-oil-25ml-1.jpeg","type":"image\/jpeg"}],"twitter_card":"summary_large_image","schema":{"@context":"https:\/\/schema.org","@graph":[{"@type":"WebPage","@id":"https:\/\/pandeoshop.com\/sl\/izdelek\/cistilno-olje-za-vse-tipe-koze-manyo-factory-pure-cleansing-oil-2\/","url":"https:\/\/pandeoshop.com\/product\/manyo-factory-pure-cleansing-oil-2\/","name":"\u010cistilno olje za vse tipe ko\u017ee | Manyo Factory Pure Cleansing Oil - Pandeoshop","isPartOf":{"@id":"https:\/\/pandeoshop.com\/sl\/#website"},"primaryImageOfPage":{"@id":"https:\/\/pandeoshop.com\/product\/manyo-factory-pure-cleansing-oil-2\/#primaryimage"},"image":{"@id":"https:\/\/pandeoshop.com\/product\/manyo-factory-pure-cleansing-oil-2\/#primaryimage"},"thumbnailUrl":"https:\/\/pandeoshop.com\/wp-content\/uploads\/manyo-factory-pure-cleansing-oil-25ml-1.jpeg","datePublished":"2023-07-19T18:36:21+00:00","dateModified":"2025-06-04T22:05:25+00:00","description":"\u010cistilno olje, ki zanesljivo odstrani trdovratna li\u010dila, ko\u017eno umazanijo, ogrce in mozolje. Obnavlja naravno stanje vla\u017enosti in uravnovesi pH, brez ma\u0161enja por. Primerno za vse tipe ko\u017ee.","breadcrumb":{"@id":"https:\/\/pandeoshop.com\/product\/manyo-factory-pure-cleansing-oil-2\/#breadcrumb"},"inLanguage":"sl-SI","potentialAction":[{"@type":"ReadAction","target":["https:\/\/pandeoshop.com\/product\/manyo-factory-pure-cleansing-oil-2\/"]}]},{"@type":"ImageObject","inLanguage":"sl-SI","@id":"https:\/\/pandeoshop.com\/product\/manyo-factory-pure-cleansing-oil-2\/#primaryimage","url":"https:\/\/pandeoshop.com\/wp-content\/uploads\/manyo-factory-pure-cleansing-oil-25ml-1.jpeg","contentUrl":"https:\/\/pandeoshop.com\/wp-content\/uploads\/manyo-factory-pure-cleansing-oil-25ml-1.jpeg","width":1000,"height":1000},{"@type":"BreadcrumbList","@id":"https:\/\/pandeoshop.com\/product\/manyo-factory-pure-cleansing-oil-2\/#breadcrumb","itemListElement":[{"@type":"ListItem","position":1,"name":"Domov","item":"https:\/\/pandeoshop.com\/sl\/"},{"@type":"ListItem","position":2,"name":"Trgovina","item":"https:\/\/pandeoshop.com\/sl\/trgovina\/"},{"@type":"ListItem","position":3,"name":"Blagovne znamke","item":"https:\/\/pandeoshop.com\/sl\/category\/blagovne-znamke\/"},{"@type":"ListItem","position":4,"name":"Manyo Factory","item":"https:\/\/pandeoshop.com\/sl\/category\/blagovne-znamke\/manyo-factory-sl\/"},{"@type":"ListItem","position":5,"name":"\u010cistilno olje za vse tipe ko\u017ee Manyo Factory Pure Cleansing Oil"}]},{"@type":"WebSite","@id":"https:\/\/pandeoshop.com\/sl\/#website","url":"https:\/\/pandeoshop.com\/sl\/","name":"Pandeoshop","description":"\u0160e eno spleti\u0161\u010de WordPress","publisher":{"@id":"https:\/\/pandeoshop.com\/sl\/#organization"},"potentialAction":[{"@type":"SearchAction","target":{"@type":"EntryPoint","urlTemplate":"https:\/\/pandeoshop.com\/sl\/?s={search_term_string}"},"query-input":"required name=search_term_string"}],"inLanguage":"sl-SI"},{"@type":"Organization","@id":"https:\/\/pandeoshop.com\/sl\/#organization","name":"Pandeoshop","url":"https:\/\/pandeoshop.com\/sl\/","logo":{"@type":"ImageObject","inLanguage":"sl-SI","@id":"https:\/\/pandeoshop.com\/sl\/#\/schema\/logo\/image\/","url":"https:\/\/pandeoshop.com\/wp-content\/uploads\/pandeoshop_social_logo_no_textjpg.jpg","contentUrl":"https:\/\/pandeoshop.com\/wp-content\/uploads\/pandeoshop_social_logo_no_textjpg.jpg","width":288,"height":201,"caption":"Pandeoshop"},"image":{"@id":"https:\/\/pandeoshop.com\/sl\/#\/schema\/logo\/image\/"},"sameAs":["https:\/\/www.facebook.com\/pandeoshop\/","https:\/\/www.instagram.com\/pandeo_shop\/"]}]},"product_price_amount":"5.69","product_price_currency":"EUR","og_availability":"instock","product_availability":"instock","product_retailer_item_id":"HS10896","product_condition":"new"},"_links":{"self":[{"href":"https:\/\/pandeoshop.com\/sl\/wp-json\/wp\/v2\/product\/41500"}],"collection":[{"href":"https:\/\/pandeoshop.com\/sl\/wp-json\/wp\/v2\/product"}],"about":[{"href":"https:\/\/pandeoshop.com\/sl\/wp-json\/wp\/v2\/types\/product"}],"replies":[{"embeddable":true,"href":"https:\/\/pandeoshop.com\/sl\/wp-json\/wp\/v2\/comments?post=41500"}],"wp:featuredmedia":[{"embeddable":true,"href":"https:\/\/pandeoshop.com\/sl\/wp-json\/wp\/v2\/media\/41406"}],"wp:attachment":[{"href":"https:\/\/pandeoshop.com\/sl\/wp-json\/wp\/v2\/media?parent=41500"}],"wp:term":[{"taxonomy":"product_cat","embeddable":true,"href":"https:\/\/pandeoshop.com\/sl\/wp-json\/wp\/v2\/product_cat?post=41500"},{"taxonomy":"product_tag","embeddable":true,"href":"https:\/\/pandeoshop.com\/sl\/wp-json\/wp\/v2\/product_tag?post=41500"}],"curies":[{"name":"wp","href":"https:\/\/api.w.org\/{rel}","templated":true}]}}