{"id":41496,"date":"2023-07-19T20:26:53","date_gmt":"2023-07-19T18:36:21","guid":{"rendered":"https:\/\/pandeoshop.com\/?post_type=product&#038;p=41496"},"modified":"2024-03-26T05:41:59","modified_gmt":"2024-03-26T04:41:59","slug":"vlazilna-in-pomirjujoca-liposomalna-krema-za-obraz-manyo-factory-bifida-biome-aqua-barrier-cream","status":"publish","type":"product","link":"https:\/\/pandeoshop.com\/sl\/izdelek\/vlazilna-in-pomirjujoca-liposomalna-krema-za-obraz-manyo-factory-bifida-biome-aqua-barrier-cream\/","title":{"rendered":"Vla\u017eilna in pomirjujo\u010da liposomalna krema za obraz <br\/> Manyo Factory Bifida Biome Aqua Barrier Cream"},"content":{"rendered":"<p>Manyo Bifida Biome Aqua Barrier Cream je lahka krema, ki uporablja liposomkse mikrokapsule za globoko vla\u017eenje in nego ko\u017ee, zaradi \u010desar je ko\u017ea navla\u017eena, umirjena in bolj odporna proti \u0161kodljivim dejavnikom. Njena nemastna tekstura se hitro vpije, ne pu\u0161\u010da sledi in je va\u0161 klju\u010d do navla\u017eene, za\u0161\u010ditene in umirjene ko\u017ee.<\/p>\n<p>Formulirana s Bifida ferment lysate in prebiotiki, krema pomaga izbolj\u0161ati vla\u017eenje ko\u017ee, njeno elasti\u010dnost in obnavljanje.<br \/>\nHialuronska kislina privla\u010di vlago, pantenol izbolj\u0161uje elasti\u010dnost, Ceramide NP pa prepre\u010duje dehidracijo in izbolj\u0161uje funkcijo ko\u017ene pregrade.<\/p>\n<p>Primerna za vse tipe ko\u017ee, ta krema globoko vla\u017ei, krepi ko\u017eno pregrado in prepre\u010duje izgubo vlage, ter hitro umirja ob\u010dutljivo ko\u017eo.<\/p>\n<p>Brez umetnih di\u0161av ali barvil, parabenov, sulfatov, alkohola, eteri\u010dnih olj in mineralnih olj, ta veganska in okolju prijazna krema je zasnovana za spodbujanje zdrave in uravnote\u017eene ko\u017ee.<\/p>\n<p>U\u017eivajte v koristih Manyo Bifida Biome Aqua Barrier kreme in do\u017eivite sve\u017e in zdrav videz ko\u017ee.<\/p>\n","protected":false},"excerpt":{"rendered":"<p>Ta lahka in nemastna liposomska krema izbolj\u0161uje vla\u017eenje, elasti\u010dnost in obnovo ko\u017ee ter krepi ko\u017eno pregrado, zagotavljajo\u010d umirjeno in za\u0161\u010diteno polt za vse tipe ko\u017ee.<\/p>\n","protected":false},"featured_media":41919,"comment_status":"open","ping_status":"closed","template":"","meta":[],"product_cat":[1804,1769,1784,4632,1780,1785,1767,1770,1781,1803,1782,1787,1783,1779,1802,1786],"product_tag":[4523,4526,4549,5114,4568,5408],"bundle_layout":"","bundle_add_to_cart_form_location":"","bundle_editable_in_cart":false,"bundle_sold_individually_context":"","bundle_item_grouping":"","bundle_min_size":"","bundle_max_size":"","bundled_by":[],"bundled_items":[],"yoast_head":"<!-- This site is optimized with the Yoast SEO Premium plugin v22.2 (Yoast SEO v22.9) - https:\/\/yoast.com\/wordpress\/plugins\/seo\/ -->\n<title>Vla\u017eilna in pomirjujo\u010da liposomalna krema za obraz | Manyo Factory Bifida Biome Aqua Barrier Cream - Pandeoshop<\/title>\n<meta name=\"description\" content=\"Ta lahka in nemastna liposomska krema izbolj\u0161uje vla\u017eenje, elasti\u010dnost in obnovo ko\u017ee ter krepi ko\u017eno pregrado, zagotavljajo\u010d umirjeno in za\u0161\u010diteno polt za vse tipe ko\u017ee.\" \/>\n<meta name=\"robots\" content=\"index, follow, max-snippet:-1, max-image-preview:large, max-video-preview:-1\" \/>\n<link rel=\"canonical\" href=\"https:\/\/pandeoshop.com\/sl\/product\/manyo-factory-bifida-biome-aqua-barrier-cream\/\" \/>\n<meta property=\"og:locale\" content=\"sl_SI\" \/>\n<meta property=\"og:type\" content=\"article\" \/>\n<meta property=\"og:title\" content=\"Vla\u017eilna in pomirjujo\u010da liposomalna krema za obraz | Manyo Factory Bifida Biome Aqua Barrier Cream - Pandeoshop\" \/>\n<meta property=\"og:description\" content=\"Ta lahka in nemastna liposomska krema izbolj\u0161uje vla\u017eenje, elasti\u010dnost in obnovo ko\u017ee ter krepi ko\u017eno pregrado, zagotavljajo\u010d umirjeno in za\u0161\u010diteno polt za vse tipe ko\u017ee.\" \/>\n<meta property=\"og:url\" content=\"https:\/\/pandeoshop.com\/product\/manyo-factory-bifida-biome-aqua-barrier-cream\/\" \/>\n<meta property=\"og:site_name\" content=\"Pandeoshop\" \/>\n<meta property=\"article:publisher\" content=\"https:\/\/www.facebook.com\/pandeoshop\/\" \/>\n<meta property=\"article:modified_time\" content=\"2024-03-26T04:41:59+00:00\" \/>\n<meta property=\"og:image\" content=\"https:\/\/pandeoshop.com\/wp-content\/uploads\/manyo-factory-bifida-biome-aqua-barrier-cream-80ml-1.jpeg\" \/>\n\t<meta property=\"og:image:width\" content=\"1000\" \/>\n\t<meta property=\"og:image:height\" content=\"1000\" \/>\n\t<meta property=\"og:image:type\" content=\"image\/jpeg\" \/>\n<meta name=\"twitter:card\" content=\"summary_large_image\" \/>\n<script type=\"application\/ld+json\" class=\"yoast-schema-graph\">{\"@context\":\"https:\/\/schema.org\",\"@graph\":[{\"@type\":\"WebPage\",\"@id\":\"https:\/\/pandeoshop.com\/sl\/izdelek\/vlazilna-in-pomirjujoca-liposomalna-krema-za-obraz-manyo-factory-bifida-biome-aqua-barrier-cream\/\",\"url\":\"https:\/\/pandeoshop.com\/product\/manyo-factory-bifida-biome-aqua-barrier-cream\/\",\"name\":\"Vla\u017eilna in pomirjujo\u010da liposomalna krema za obraz | Manyo Factory Bifida Biome Aqua Barrier Cream - Pandeoshop\",\"isPartOf\":{\"@id\":\"https:\/\/pandeoshop.com\/sl\/#website\"},\"primaryImageOfPage\":{\"@id\":\"https:\/\/pandeoshop.com\/product\/manyo-factory-bifida-biome-aqua-barrier-cream\/#primaryimage\"},\"image\":{\"@id\":\"https:\/\/pandeoshop.com\/product\/manyo-factory-bifida-biome-aqua-barrier-cream\/#primaryimage\"},\"thumbnailUrl\":\"https:\/\/pandeoshop.com\/wp-content\/uploads\/manyo-bifida-biome-aqua-barrier-cream-sample-sachet-3ml.jpeg\",\"datePublished\":\"2023-07-19T18:36:21+00:00\",\"dateModified\":\"2024-03-26T04:41:59+00:00\",\"description\":\"Ta lahka in nemastna liposomska krema izbolj\u0161uje vla\u017eenje, elasti\u010dnost in obnovo ko\u017ee ter krepi ko\u017eno pregrado, zagotavljajo\u010d umirjeno in za\u0161\u010diteno polt za vse tipe ko\u017ee.\",\"breadcrumb\":{\"@id\":\"https:\/\/pandeoshop.com\/product\/manyo-factory-bifida-biome-aqua-barrier-cream\/#breadcrumb\"},\"inLanguage\":\"sl-SI\",\"potentialAction\":[{\"@type\":\"ReadAction\",\"target\":[\"https:\/\/pandeoshop.com\/product\/manyo-factory-bifida-biome-aqua-barrier-cream\/\"]}]},{\"@type\":\"ImageObject\",\"inLanguage\":\"sl-SI\",\"@id\":\"https:\/\/pandeoshop.com\/product\/manyo-factory-bifida-biome-aqua-barrier-cream\/#primaryimage\",\"url\":\"https:\/\/pandeoshop.com\/wp-content\/uploads\/manyo-bifida-biome-aqua-barrier-cream-sample-sachet-3ml.jpeg\",\"contentUrl\":\"https:\/\/pandeoshop.com\/wp-content\/uploads\/manyo-bifida-biome-aqua-barrier-cream-sample-sachet-3ml.jpeg\",\"width\":474,\"height\":474},{\"@type\":\"BreadcrumbList\",\"@id\":\"https:\/\/pandeoshop.com\/product\/manyo-factory-bifida-biome-aqua-barrier-cream\/#breadcrumb\",\"itemListElement\":[{\"@type\":\"ListItem\",\"position\":1,\"name\":\"Domov\",\"item\":\"https:\/\/pandeoshop.com\/sl\/\"},{\"@type\":\"ListItem\",\"position\":2,\"name\":\"Trgovina\",\"item\":\"https:\/\/pandeoshop.com\/sl\/trgovina\/\"},{\"@type\":\"ListItem\",\"position\":3,\"name\":\"Blagovne znamke\",\"item\":\"https:\/\/pandeoshop.com\/sl\/category\/blagovne-znamke\/\"},{\"@type\":\"ListItem\",\"position\":4,\"name\":\"Manyo Factory\",\"item\":\"https:\/\/pandeoshop.com\/sl\/category\/blagovne-znamke\/manyo-factory-sl\/\"},{\"@type\":\"ListItem\",\"position\":5,\"name\":\"Vla\u017eilna in pomirjujo\u010da liposomalna krema za obraz Manyo Factory Bifida Biome Aqua Barrier Cream\"}]},{\"@type\":\"WebSite\",\"@id\":\"https:\/\/pandeoshop.com\/sl\/#website\",\"url\":\"https:\/\/pandeoshop.com\/sl\/\",\"name\":\"Pandeoshop\",\"description\":\"\u0160e eno spleti\u0161\u010de WordPress\",\"publisher\":{\"@id\":\"https:\/\/pandeoshop.com\/sl\/#organization\"},\"potentialAction\":[{\"@type\":\"SearchAction\",\"target\":{\"@type\":\"EntryPoint\",\"urlTemplate\":\"https:\/\/pandeoshop.com\/sl\/?s={search_term_string}\"},\"query-input\":\"required name=search_term_string\"}],\"inLanguage\":\"sl-SI\"},{\"@type\":\"Organization\",\"@id\":\"https:\/\/pandeoshop.com\/sl\/#organization\",\"name\":\"Pandeoshop\",\"url\":\"https:\/\/pandeoshop.com\/sl\/\",\"logo\":{\"@type\":\"ImageObject\",\"inLanguage\":\"sl-SI\",\"@id\":\"https:\/\/pandeoshop.com\/sl\/#\/schema\/logo\/image\/\",\"url\":\"https:\/\/pandeoshop.com\/wp-content\/uploads\/pandeoshop_social_logo_no_textjpg.jpg\",\"contentUrl\":\"https:\/\/pandeoshop.com\/wp-content\/uploads\/pandeoshop_social_logo_no_textjpg.jpg\",\"width\":288,\"height\":201,\"caption\":\"Pandeoshop\"},\"image\":{\"@id\":\"https:\/\/pandeoshop.com\/sl\/#\/schema\/logo\/image\/\"},\"sameAs\":[\"https:\/\/www.facebook.com\/pandeoshop\/\",\"https:\/\/www.instagram.com\/pandeo_shop\/\"]}]}<\/script>\n<meta property=\"product:price:amount\" content=\"5.58\" \/>\n<meta property=\"product:price:currency\" content=\"EUR\" \/>\n<meta property=\"og:availability\" content=\"instock\" \/>\n<meta property=\"product:availability\" content=\"instock\" \/>\n<meta property=\"product:retailer_item_id\" content=\"HS11061\" \/>\n<meta property=\"product:condition\" content=\"new\" \/>\n<!-- \/ Yoast SEO Premium plugin. -->","yoast_head_json":{"title":"Vla\u017eilna in pomirjujo\u010da liposomalna krema za obraz | Manyo Factory Bifida Biome Aqua Barrier Cream - Pandeoshop","description":"Ta lahka in nemastna liposomska krema izbolj\u0161uje vla\u017eenje, elasti\u010dnost in obnovo ko\u017ee ter krepi ko\u017eno pregrado, zagotavljajo\u010d umirjeno in za\u0161\u010diteno polt za vse tipe ko\u017ee.","robots":{"index":"index","follow":"follow","max-snippet":"max-snippet:-1","max-image-preview":"max-image-preview:large","max-video-preview":"max-video-preview:-1"},"canonical":"https:\/\/pandeoshop.com\/sl\/product\/manyo-factory-bifida-biome-aqua-barrier-cream\/","og_locale":"sl_SI","og_type":"article","og_title":"Vla\u017eilna in pomirjujo\u010da liposomalna krema za obraz | Manyo Factory Bifida Biome Aqua Barrier Cream - Pandeoshop","og_description":"Ta lahka in nemastna liposomska krema izbolj\u0161uje vla\u017eenje, elasti\u010dnost in obnovo ko\u017ee ter krepi ko\u017eno pregrado, zagotavljajo\u010d umirjeno in za\u0161\u010diteno polt za vse tipe ko\u017ee.","og_url":"https:\/\/pandeoshop.com\/product\/manyo-factory-bifida-biome-aqua-barrier-cream\/","og_site_name":"Pandeoshop","article_publisher":"https:\/\/www.facebook.com\/pandeoshop\/","article_modified_time":"2024-03-26T04:41:59+00:00","og_image":[{"width":1000,"height":1000,"url":"https:\/\/pandeoshop.com\/wp-content\/uploads\/manyo-factory-bifida-biome-aqua-barrier-cream-80ml-1.jpeg","type":"image\/jpeg"}],"twitter_card":"summary_large_image","schema":{"@context":"https:\/\/schema.org","@graph":[{"@type":"WebPage","@id":"https:\/\/pandeoshop.com\/sl\/izdelek\/vlazilna-in-pomirjujoca-liposomalna-krema-za-obraz-manyo-factory-bifida-biome-aqua-barrier-cream\/","url":"https:\/\/pandeoshop.com\/product\/manyo-factory-bifida-biome-aqua-barrier-cream\/","name":"Vla\u017eilna in pomirjujo\u010da liposomalna krema za obraz | Manyo Factory Bifida Biome Aqua Barrier Cream - Pandeoshop","isPartOf":{"@id":"https:\/\/pandeoshop.com\/sl\/#website"},"primaryImageOfPage":{"@id":"https:\/\/pandeoshop.com\/product\/manyo-factory-bifida-biome-aqua-barrier-cream\/#primaryimage"},"image":{"@id":"https:\/\/pandeoshop.com\/product\/manyo-factory-bifida-biome-aqua-barrier-cream\/#primaryimage"},"thumbnailUrl":"https:\/\/pandeoshop.com\/wp-content\/uploads\/manyo-bifida-biome-aqua-barrier-cream-sample-sachet-3ml.jpeg","datePublished":"2023-07-19T18:36:21+00:00","dateModified":"2024-03-26T04:41:59+00:00","description":"Ta lahka in nemastna liposomska krema izbolj\u0161uje vla\u017eenje, elasti\u010dnost in obnovo ko\u017ee ter krepi ko\u017eno pregrado, zagotavljajo\u010d umirjeno in za\u0161\u010diteno polt za vse tipe ko\u017ee.","breadcrumb":{"@id":"https:\/\/pandeoshop.com\/product\/manyo-factory-bifida-biome-aqua-barrier-cream\/#breadcrumb"},"inLanguage":"sl-SI","potentialAction":[{"@type":"ReadAction","target":["https:\/\/pandeoshop.com\/product\/manyo-factory-bifida-biome-aqua-barrier-cream\/"]}]},{"@type":"ImageObject","inLanguage":"sl-SI","@id":"https:\/\/pandeoshop.com\/product\/manyo-factory-bifida-biome-aqua-barrier-cream\/#primaryimage","url":"https:\/\/pandeoshop.com\/wp-content\/uploads\/manyo-bifida-biome-aqua-barrier-cream-sample-sachet-3ml.jpeg","contentUrl":"https:\/\/pandeoshop.com\/wp-content\/uploads\/manyo-bifida-biome-aqua-barrier-cream-sample-sachet-3ml.jpeg","width":474,"height":474},{"@type":"BreadcrumbList","@id":"https:\/\/pandeoshop.com\/product\/manyo-factory-bifida-biome-aqua-barrier-cream\/#breadcrumb","itemListElement":[{"@type":"ListItem","position":1,"name":"Domov","item":"https:\/\/pandeoshop.com\/sl\/"},{"@type":"ListItem","position":2,"name":"Trgovina","item":"https:\/\/pandeoshop.com\/sl\/trgovina\/"},{"@type":"ListItem","position":3,"name":"Blagovne znamke","item":"https:\/\/pandeoshop.com\/sl\/category\/blagovne-znamke\/"},{"@type":"ListItem","position":4,"name":"Manyo Factory","item":"https:\/\/pandeoshop.com\/sl\/category\/blagovne-znamke\/manyo-factory-sl\/"},{"@type":"ListItem","position":5,"name":"Vla\u017eilna in pomirjujo\u010da liposomalna krema za obraz Manyo Factory Bifida Biome Aqua Barrier Cream"}]},{"@type":"WebSite","@id":"https:\/\/pandeoshop.com\/sl\/#website","url":"https:\/\/pandeoshop.com\/sl\/","name":"Pandeoshop","description":"\u0160e eno spleti\u0161\u010de WordPress","publisher":{"@id":"https:\/\/pandeoshop.com\/sl\/#organization"},"potentialAction":[{"@type":"SearchAction","target":{"@type":"EntryPoint","urlTemplate":"https:\/\/pandeoshop.com\/sl\/?s={search_term_string}"},"query-input":"required name=search_term_string"}],"inLanguage":"sl-SI"},{"@type":"Organization","@id":"https:\/\/pandeoshop.com\/sl\/#organization","name":"Pandeoshop","url":"https:\/\/pandeoshop.com\/sl\/","logo":{"@type":"ImageObject","inLanguage":"sl-SI","@id":"https:\/\/pandeoshop.com\/sl\/#\/schema\/logo\/image\/","url":"https:\/\/pandeoshop.com\/wp-content\/uploads\/pandeoshop_social_logo_no_textjpg.jpg","contentUrl":"https:\/\/pandeoshop.com\/wp-content\/uploads\/pandeoshop_social_logo_no_textjpg.jpg","width":288,"height":201,"caption":"Pandeoshop"},"image":{"@id":"https:\/\/pandeoshop.com\/sl\/#\/schema\/logo\/image\/"},"sameAs":["https:\/\/www.facebook.com\/pandeoshop\/","https:\/\/www.instagram.com\/pandeo_shop\/"]}]},"product_price_amount":"5.58","product_price_currency":"EUR","og_availability":"instock","product_availability":"instock","product_retailer_item_id":"HS11061","product_condition":"new"},"_links":{"self":[{"href":"https:\/\/pandeoshop.com\/sl\/wp-json\/wp\/v2\/product\/41496"}],"collection":[{"href":"https:\/\/pandeoshop.com\/sl\/wp-json\/wp\/v2\/product"}],"about":[{"href":"https:\/\/pandeoshop.com\/sl\/wp-json\/wp\/v2\/types\/product"}],"replies":[{"embeddable":true,"href":"https:\/\/pandeoshop.com\/sl\/wp-json\/wp\/v2\/comments?post=41496"}],"wp:featuredmedia":[{"embeddable":true,"href":"https:\/\/pandeoshop.com\/sl\/wp-json\/wp\/v2\/media\/41919"}],"wp:attachment":[{"href":"https:\/\/pandeoshop.com\/sl\/wp-json\/wp\/v2\/media?parent=41496"}],"wp:term":[{"taxonomy":"product_cat","embeddable":true,"href":"https:\/\/pandeoshop.com\/sl\/wp-json\/wp\/v2\/product_cat?post=41496"},{"taxonomy":"product_tag","embeddable":true,"href":"https:\/\/pandeoshop.com\/sl\/wp-json\/wp\/v2\/product_tag?post=41496"}],"curies":[{"name":"wp","href":"https:\/\/api.w.org\/{rel}","templated":true}]}}