{"id":41073,"date":"2023-06-04T12:06:39","date_gmt":"2023-06-04T10:50:10","guid":{"rendered":"https:\/\/pandeoshop.com\/product\/serum-proti-gubam-z-retinolom-mizon-0-1-retinol-youth-serum\/"},"modified":"2023-07-20T01:31:32","modified_gmt":"2023-07-19T23:31:32","slug":"serum-proti-gubam-z-retinolom-mizon-0-1-retinol-youth-serum","status":"publish","type":"product","link":"https:\/\/pandeoshop.com\/sl\/izdelek\/serum-proti-gubam-z-retinolom-mizon-0-1-retinol-youth-serum\/","title":{"rendered":"Serum proti gubam z retinolom <br\/> Mizon 0.1% Retinol Youth Serum"},"content":{"rendered":"<p>Mizon 0,1% Retinol Youth Serum je re\u0161itev za odpravo znakov staranja, ki je ne\u017ena do ko\u017ee. Ta serum, oblikovan z 0,1 % retinola, revitalizira ko\u017eo in pospe\u0161i proizvodnjo kolagena, u\u010dinkovito zmanj\u0161a gube in izbolj\u0161a elasti\u010dnost ko\u017ee.<\/p>\n<p>Peptidi so dodani za pove\u010danje u\u010dinkov proti staranju.<br \/>\nZa posvetlitev ko\u017ee je dodan niacinamid<br \/>\nIzvle\u010dek aloe vere pomirja.<\/p>\n<p>Za doseganje optimalnih rezultatov priporo\u010damo uporabo seruma dvakrat tedensko v prvih dveh tednih, s postopnim prehodom na vsakodnevno uporabo od tretjega tedna naprej.<\/p>\n<p>Formula je prijazna do ob\u010dutljive ko\u017ee, vendar prosimo, da takoj prenehate z uporabo, \u010de se pojavi dolgotrajno dra\u017eenje.<\/p>\n","protected":false},"excerpt":{"rendered":"<p>Serum proti staranju, posebej oblikovan za boj proti gubam in zmanj\u0161anje nepravilnosti, hkrati pa je ne\u017een do va\u0161e ko\u017ee.<\/p>\n","protected":false},"featured_media":40946,"comment_status":"open","ping_status":"closed","template":"","meta":[],"product_cat":[1804,1784,1780,1785,1805,1767,1781,1803,1782,1776,1783,1779,1786],"product_tag":[4500,4528,4549,4565,4571,4579,4591],"bundle_layout":"","bundle_add_to_cart_form_location":"","bundle_editable_in_cart":false,"bundle_sold_individually_context":"","bundle_item_grouping":"","bundle_min_size":"","bundle_max_size":"","bundled_by":[],"bundled_items":[],"yoast_head":"<!-- This site is optimized with the Yoast SEO Premium plugin v22.2 (Yoast SEO v22.9) - https:\/\/yoast.com\/wordpress\/plugins\/seo\/ -->\n<title>Serum proti gubam z retinolom | Mizon 0.1% Retinol Youth Serum - Pandeoshop<\/title>\n<meta name=\"description\" content=\"Serum proti staranju, posebej oblikovan za boj proti gubam in zmanj\u0161anje nepravilnosti, hkrati pa je ne\u017een do va\u0161e ko\u017ee.\" \/>\n<meta name=\"robots\" content=\"index, follow, max-snippet:-1, max-image-preview:large, max-video-preview:-1\" \/>\n<link rel=\"canonical\" href=\"https:\/\/pandeoshop.com\/sl\/product\/mizon-0-1-retinol-youth-serum\/\" \/>\n<meta property=\"og:locale\" content=\"sl_SI\" \/>\n<meta property=\"og:type\" content=\"article\" \/>\n<meta property=\"og:title\" content=\"Serum proti gubam z retinolom | Mizon 0.1% Retinol Youth Serum - Pandeoshop\" \/>\n<meta property=\"og:description\" content=\"Serum proti staranju, posebej oblikovan za boj proti gubam in zmanj\u0161anje nepravilnosti, hkrati pa je ne\u017een do va\u0161e ko\u017ee.\" \/>\n<meta property=\"og:url\" content=\"https:\/\/pandeoshop.com\/product\/mizon-0-1-retinol-youth-serum\/\" \/>\n<meta property=\"og:site_name\" content=\"Pandeoshop\" \/>\n<meta property=\"article:publisher\" content=\"https:\/\/www.facebook.com\/pandeoshop\/\" \/>\n<meta property=\"article:modified_time\" content=\"2023-07-19T23:31:32+00:00\" \/>\n<meta property=\"og:image\" content=\"https:\/\/pandeoshop.com\/wp-content\/uploads\/mizon-01-retinol-youth-serum-28g-1.jpeg\" \/>\n\t<meta property=\"og:image:width\" content=\"1000\" \/>\n\t<meta property=\"og:image:height\" content=\"1000\" \/>\n\t<meta property=\"og:image:type\" content=\"image\/jpeg\" \/>\n<meta name=\"twitter:card\" content=\"summary_large_image\" \/>\n<script type=\"application\/ld+json\" class=\"yoast-schema-graph\">{\"@context\":\"https:\/\/schema.org\",\"@graph\":[{\"@type\":\"WebPage\",\"@id\":\"https:\/\/pandeoshop.com\/sl\/izdelek\/serum-proti-gubam-z-retinolom-mizon-0-1-retinol-youth-serum\/\",\"url\":\"https:\/\/pandeoshop.com\/product\/mizon-0-1-retinol-youth-serum\/\",\"name\":\"Serum proti gubam z retinolom | Mizon 0.1% Retinol Youth Serum - Pandeoshop\",\"isPartOf\":{\"@id\":\"https:\/\/pandeoshop.com\/sl\/#website\"},\"primaryImageOfPage\":{\"@id\":\"https:\/\/pandeoshop.com\/product\/mizon-0-1-retinol-youth-serum\/#primaryimage\"},\"image\":{\"@id\":\"https:\/\/pandeoshop.com\/product\/mizon-0-1-retinol-youth-serum\/#primaryimage\"},\"thumbnailUrl\":\"https:\/\/pandeoshop.com\/wp-content\/uploads\/mizon-01-retinol-youth-serum-28g-1.jpeg\",\"datePublished\":\"2023-06-04T10:50:10+00:00\",\"dateModified\":\"2023-07-19T23:31:32+00:00\",\"description\":\"Serum proti staranju, posebej oblikovan za boj proti gubam in zmanj\u0161anje nepravilnosti, hkrati pa je ne\u017een do va\u0161e ko\u017ee.\",\"breadcrumb\":{\"@id\":\"https:\/\/pandeoshop.com\/product\/mizon-0-1-retinol-youth-serum\/#breadcrumb\"},\"inLanguage\":\"sl-SI\",\"potentialAction\":[{\"@type\":\"ReadAction\",\"target\":[\"https:\/\/pandeoshop.com\/product\/mizon-0-1-retinol-youth-serum\/\"]}]},{\"@type\":\"ImageObject\",\"inLanguage\":\"sl-SI\",\"@id\":\"https:\/\/pandeoshop.com\/product\/mizon-0-1-retinol-youth-serum\/#primaryimage\",\"url\":\"https:\/\/pandeoshop.com\/wp-content\/uploads\/mizon-01-retinol-youth-serum-28g-1.jpeg\",\"contentUrl\":\"https:\/\/pandeoshop.com\/wp-content\/uploads\/mizon-01-retinol-youth-serum-28g-1.jpeg\",\"width\":1000,\"height\":1000},{\"@type\":\"BreadcrumbList\",\"@id\":\"https:\/\/pandeoshop.com\/product\/mizon-0-1-retinol-youth-serum\/#breadcrumb\",\"itemListElement\":[{\"@type\":\"ListItem\",\"position\":1,\"name\":\"Domov\",\"item\":\"https:\/\/pandeoshop.com\/sl\/\"},{\"@type\":\"ListItem\",\"position\":2,\"name\":\"Trgovina\",\"item\":\"https:\/\/pandeoshop.com\/sl\/trgovina\/\"},{\"@type\":\"ListItem\",\"position\":3,\"name\":\"Blagovne znamke\",\"item\":\"https:\/\/pandeoshop.com\/sl\/category\/blagovne-znamke\/\"},{\"@type\":\"ListItem\",\"position\":4,\"name\":\"Mizon\",\"item\":\"https:\/\/pandeoshop.com\/sl\/category\/blagovne-znamke\/mizon-sl\/\"},{\"@type\":\"ListItem\",\"position\":5,\"name\":\"Serum proti gubam z retinolom Mizon 0.1% Retinol Youth Serum\"}]},{\"@type\":\"WebSite\",\"@id\":\"https:\/\/pandeoshop.com\/sl\/#website\",\"url\":\"https:\/\/pandeoshop.com\/sl\/\",\"name\":\"Pandeoshop\",\"description\":\"\u0160e eno spleti\u0161\u010de WordPress\",\"publisher\":{\"@id\":\"https:\/\/pandeoshop.com\/sl\/#organization\"},\"potentialAction\":[{\"@type\":\"SearchAction\",\"target\":{\"@type\":\"EntryPoint\",\"urlTemplate\":\"https:\/\/pandeoshop.com\/sl\/?s={search_term_string}\"},\"query-input\":\"required name=search_term_string\"}],\"inLanguage\":\"sl-SI\"},{\"@type\":\"Organization\",\"@id\":\"https:\/\/pandeoshop.com\/sl\/#organization\",\"name\":\"Pandeoshop\",\"url\":\"https:\/\/pandeoshop.com\/sl\/\",\"logo\":{\"@type\":\"ImageObject\",\"inLanguage\":\"sl-SI\",\"@id\":\"https:\/\/pandeoshop.com\/sl\/#\/schema\/logo\/image\/\",\"url\":\"https:\/\/pandeoshop.com\/wp-content\/uploads\/pandeoshop_social_logo_no_textjpg.jpg\",\"contentUrl\":\"https:\/\/pandeoshop.com\/wp-content\/uploads\/pandeoshop_social_logo_no_textjpg.jpg\",\"width\":288,\"height\":201,\"caption\":\"Pandeoshop\"},\"image\":{\"@id\":\"https:\/\/pandeoshop.com\/sl\/#\/schema\/logo\/image\/\"},\"sameAs\":[\"https:\/\/www.facebook.com\/pandeoshop\/\",\"https:\/\/www.instagram.com\/pandeo_shop\/\"]}]}<\/script>\n<meta property=\"product:price:amount\" content=\"41.87\" \/>\n<meta property=\"product:price:currency\" content=\"EUR\" \/>\n<meta property=\"og:availability\" content=\"instock\" \/>\n<meta property=\"product:availability\" content=\"instock\" \/>\n<meta property=\"product:retailer_item_id\" content=\"HS10832\" \/>\n<meta property=\"product:condition\" content=\"new\" \/>\n<!-- \/ Yoast SEO Premium plugin. -->","yoast_head_json":{"title":"Serum proti gubam z retinolom | Mizon 0.1% Retinol Youth Serum - Pandeoshop","description":"Serum proti staranju, posebej oblikovan za boj proti gubam in zmanj\u0161anje nepravilnosti, hkrati pa je ne\u017een do va\u0161e ko\u017ee.","robots":{"index":"index","follow":"follow","max-snippet":"max-snippet:-1","max-image-preview":"max-image-preview:large","max-video-preview":"max-video-preview:-1"},"canonical":"https:\/\/pandeoshop.com\/sl\/product\/mizon-0-1-retinol-youth-serum\/","og_locale":"sl_SI","og_type":"article","og_title":"Serum proti gubam z retinolom | Mizon 0.1% Retinol Youth Serum - Pandeoshop","og_description":"Serum proti staranju, posebej oblikovan za boj proti gubam in zmanj\u0161anje nepravilnosti, hkrati pa je ne\u017een do va\u0161e ko\u017ee.","og_url":"https:\/\/pandeoshop.com\/product\/mizon-0-1-retinol-youth-serum\/","og_site_name":"Pandeoshop","article_publisher":"https:\/\/www.facebook.com\/pandeoshop\/","article_modified_time":"2023-07-19T23:31:32+00:00","og_image":[{"width":1000,"height":1000,"url":"https:\/\/pandeoshop.com\/wp-content\/uploads\/mizon-01-retinol-youth-serum-28g-1.jpeg","type":"image\/jpeg"}],"twitter_card":"summary_large_image","schema":{"@context":"https:\/\/schema.org","@graph":[{"@type":"WebPage","@id":"https:\/\/pandeoshop.com\/sl\/izdelek\/serum-proti-gubam-z-retinolom-mizon-0-1-retinol-youth-serum\/","url":"https:\/\/pandeoshop.com\/product\/mizon-0-1-retinol-youth-serum\/","name":"Serum proti gubam z retinolom | Mizon 0.1% Retinol Youth Serum - Pandeoshop","isPartOf":{"@id":"https:\/\/pandeoshop.com\/sl\/#website"},"primaryImageOfPage":{"@id":"https:\/\/pandeoshop.com\/product\/mizon-0-1-retinol-youth-serum\/#primaryimage"},"image":{"@id":"https:\/\/pandeoshop.com\/product\/mizon-0-1-retinol-youth-serum\/#primaryimage"},"thumbnailUrl":"https:\/\/pandeoshop.com\/wp-content\/uploads\/mizon-01-retinol-youth-serum-28g-1.jpeg","datePublished":"2023-06-04T10:50:10+00:00","dateModified":"2023-07-19T23:31:32+00:00","description":"Serum proti staranju, posebej oblikovan za boj proti gubam in zmanj\u0161anje nepravilnosti, hkrati pa je ne\u017een do va\u0161e ko\u017ee.","breadcrumb":{"@id":"https:\/\/pandeoshop.com\/product\/mizon-0-1-retinol-youth-serum\/#breadcrumb"},"inLanguage":"sl-SI","potentialAction":[{"@type":"ReadAction","target":["https:\/\/pandeoshop.com\/product\/mizon-0-1-retinol-youth-serum\/"]}]},{"@type":"ImageObject","inLanguage":"sl-SI","@id":"https:\/\/pandeoshop.com\/product\/mizon-0-1-retinol-youth-serum\/#primaryimage","url":"https:\/\/pandeoshop.com\/wp-content\/uploads\/mizon-01-retinol-youth-serum-28g-1.jpeg","contentUrl":"https:\/\/pandeoshop.com\/wp-content\/uploads\/mizon-01-retinol-youth-serum-28g-1.jpeg","width":1000,"height":1000},{"@type":"BreadcrumbList","@id":"https:\/\/pandeoshop.com\/product\/mizon-0-1-retinol-youth-serum\/#breadcrumb","itemListElement":[{"@type":"ListItem","position":1,"name":"Domov","item":"https:\/\/pandeoshop.com\/sl\/"},{"@type":"ListItem","position":2,"name":"Trgovina","item":"https:\/\/pandeoshop.com\/sl\/trgovina\/"},{"@type":"ListItem","position":3,"name":"Blagovne znamke","item":"https:\/\/pandeoshop.com\/sl\/category\/blagovne-znamke\/"},{"@type":"ListItem","position":4,"name":"Mizon","item":"https:\/\/pandeoshop.com\/sl\/category\/blagovne-znamke\/mizon-sl\/"},{"@type":"ListItem","position":5,"name":"Serum proti gubam z retinolom Mizon 0.1% Retinol Youth Serum"}]},{"@type":"WebSite","@id":"https:\/\/pandeoshop.com\/sl\/#website","url":"https:\/\/pandeoshop.com\/sl\/","name":"Pandeoshop","description":"\u0160e eno spleti\u0161\u010de WordPress","publisher":{"@id":"https:\/\/pandeoshop.com\/sl\/#organization"},"potentialAction":[{"@type":"SearchAction","target":{"@type":"EntryPoint","urlTemplate":"https:\/\/pandeoshop.com\/sl\/?s={search_term_string}"},"query-input":"required name=search_term_string"}],"inLanguage":"sl-SI"},{"@type":"Organization","@id":"https:\/\/pandeoshop.com\/sl\/#organization","name":"Pandeoshop","url":"https:\/\/pandeoshop.com\/sl\/","logo":{"@type":"ImageObject","inLanguage":"sl-SI","@id":"https:\/\/pandeoshop.com\/sl\/#\/schema\/logo\/image\/","url":"https:\/\/pandeoshop.com\/wp-content\/uploads\/pandeoshop_social_logo_no_textjpg.jpg","contentUrl":"https:\/\/pandeoshop.com\/wp-content\/uploads\/pandeoshop_social_logo_no_textjpg.jpg","width":288,"height":201,"caption":"Pandeoshop"},"image":{"@id":"https:\/\/pandeoshop.com\/sl\/#\/schema\/logo\/image\/"},"sameAs":["https:\/\/www.facebook.com\/pandeoshop\/","https:\/\/www.instagram.com\/pandeo_shop\/"]}]},"product_price_amount":"41.87","product_price_currency":"EUR","og_availability":"instock","product_availability":"instock","product_retailer_item_id":"HS10832","product_condition":"new"},"_links":{"self":[{"href":"https:\/\/pandeoshop.com\/sl\/wp-json\/wp\/v2\/product\/41073"}],"collection":[{"href":"https:\/\/pandeoshop.com\/sl\/wp-json\/wp\/v2\/product"}],"about":[{"href":"https:\/\/pandeoshop.com\/sl\/wp-json\/wp\/v2\/types\/product"}],"replies":[{"embeddable":true,"href":"https:\/\/pandeoshop.com\/sl\/wp-json\/wp\/v2\/comments?post=41073"}],"wp:featuredmedia":[{"embeddable":true,"href":"https:\/\/pandeoshop.com\/sl\/wp-json\/wp\/v2\/media\/40946"}],"wp:attachment":[{"href":"https:\/\/pandeoshop.com\/sl\/wp-json\/wp\/v2\/media?parent=41073"}],"wp:term":[{"taxonomy":"product_cat","embeddable":true,"href":"https:\/\/pandeoshop.com\/sl\/wp-json\/wp\/v2\/product_cat?post=41073"},{"taxonomy":"product_tag","embeddable":true,"href":"https:\/\/pandeoshop.com\/sl\/wp-json\/wp\/v2\/product_tag?post=41073"}],"curies":[{"name":"wp","href":"https:\/\/api.w.org\/{rel}","templated":true}]}}