{"id":41072,"date":"2023-06-04T12:06:39","date_gmt":"2023-06-04T10:50:10","guid":{"rendered":"https:\/\/pandeoshop.com\/product\/tekstilna-maska-za-obraz-za-moske-mizon-joyful-time-mask-for-men-refreshing\/"},"modified":"2025-05-15T08:11:33","modified_gmt":"2025-05-15T06:11:33","slug":"tekstilna-maska-za-obraz-za-moske-mizon-joyful-time-mask-for-men-refreshing","status":"publish","type":"product","link":"https:\/\/pandeoshop.com\/sl\/izdelek\/tekstilna-maska-za-obraz-za-moske-mizon-joyful-time-mask-for-men-refreshing\/","title":{"rendered":"Tekstilna maska za obraz za mo\u0161ke <br\/> Mizon Joyful Time Mask For Men Refreshing"},"content":{"rendered":"<p>Mizon Joyful Time Mask For Men Refreshing je osve\u017eilna, pomirjujo\u010da maska, ki bo zmanj\u0161ala razdra\u017eenost po britju ali zaradi potenja. Prav tako nudi za\u0161\u010dito pred zunanjimi \u0161kodljivimi dejavniki (onesna\u017eenje, prah itd.).<\/p>\n<p>Hialuronska kislina in aloe vera bosta ko\u017eo maksimalno pomirili, navla\u017eili in osve\u017eili.<br \/>\nCICA Centella pomirja in spodbuja nastajanje kolagena, skupaj s peptidi pa zgladi gube.<br \/>\nKamilica in ECTOIN pomirjata, zmanj\u0161ujeta razdra\u017eenost, obnavljata za\u0161\u010ditno pregrado ko\u017ee in zmanj\u0161ujeta oksidativni stres.<\/p>\n<p>Tkanina, iz katere je izdelana maska, ima OEKO-TEX certifikat, izdelana je iz naravnih bambusovih vlaken, brez uporabe belil ali drugih \u0161kodljivih kemikalij.<\/p>\n<p>Dermatolo\u0161ko testirano in primerno za vse tipe ko\u017ee.<\/p>\n","protected":false},"excerpt":{"rendered":"<p>Tekstilna maska za mo\u0161ke za popolno sve\u017eino in pomiritev. Pomirja razdra\u017eenost po britju in \u0161\u010diti pred zunanjimi \u0161kodljivimi dejavniki<\/p>\n","protected":false},"featured_media":40966,"comment_status":"open","ping_status":"closed","template":"","meta":[],"product_cat":[1804,1784,1768,1780,1785,1805,1767,1781,1803,1782,1783,1779,1802,1786],"product_tag":[4498,4500,4513,4526,4549,4550,4524,4568,4571,5267],"bundle_layout":"","bundle_add_to_cart_form_location":"","bundle_editable_in_cart":false,"bundle_sold_individually_context":"","bundle_item_grouping":"","bundle_min_size":"","bundle_max_size":"","bundled_by":[],"bundled_items":[],"yoast_head":"<!-- This site is optimized with the Yoast SEO Premium plugin v22.2 (Yoast SEO v22.9) - https:\/\/yoast.com\/wordpress\/plugins\/seo\/ -->\n<title>Tekstilna maska za obraz za mo\u0161ke | Mizon Joyful Time Mask For Men Refreshing - Pandeoshop<\/title>\n<meta name=\"description\" content=\"Tekstilna maska za mo\u0161ke za popolno sve\u017eino in pomiritev. Pomirja razdra\u017eenost po britju in \u0161\u010diti pred zunanjimi \u0161kodljivimi dejavniki\" \/>\n<meta name=\"robots\" content=\"index, follow, max-snippet:-1, max-image-preview:large, max-video-preview:-1\" \/>\n<link rel=\"canonical\" href=\"https:\/\/pandeoshop.com\/sl\/product\/mizon-joyful-time-mask-for-men-refreshing\/\" \/>\n<meta property=\"og:locale\" content=\"sl_SI\" \/>\n<meta property=\"og:type\" content=\"article\" \/>\n<meta property=\"og:title\" content=\"Tekstilna maska za obraz za mo\u0161ke | Mizon Joyful Time Mask For Men Refreshing - Pandeoshop\" \/>\n<meta property=\"og:description\" content=\"Tekstilna maska za mo\u0161ke za popolno sve\u017eino in pomiritev. Pomirja razdra\u017eenost po britju in \u0161\u010diti pred zunanjimi \u0161kodljivimi dejavniki\" \/>\n<meta property=\"og:url\" content=\"https:\/\/pandeoshop.com\/product\/mizon-joyful-time-mask-for-men-refreshing\/\" \/>\n<meta property=\"og:site_name\" content=\"Pandeoshop\" \/>\n<meta property=\"article:publisher\" content=\"https:\/\/www.facebook.com\/pandeoshop\/\" \/>\n<meta property=\"article:modified_time\" content=\"2025-05-15T06:11:33+00:00\" \/>\n<meta property=\"og:image\" content=\"https:\/\/pandeoshop.com\/wp-content\/uploads\/mizon-joyful-time-mask-for-men-refreshing-30g-1.jpeg\" \/>\n\t<meta property=\"og:image:width\" content=\"1000\" \/>\n\t<meta property=\"og:image:height\" content=\"1000\" \/>\n\t<meta property=\"og:image:type\" content=\"image\/jpeg\" \/>\n<meta name=\"twitter:card\" content=\"summary_large_image\" \/>\n<script type=\"application\/ld+json\" class=\"yoast-schema-graph\">{\"@context\":\"https:\/\/schema.org\",\"@graph\":[{\"@type\":\"WebPage\",\"@id\":\"https:\/\/pandeoshop.com\/sl\/izdelek\/tekstilna-maska-za-obraz-za-moske-mizon-joyful-time-mask-for-men-refreshing\/\",\"url\":\"https:\/\/pandeoshop.com\/product\/mizon-joyful-time-mask-for-men-refreshing\/\",\"name\":\"Tekstilna maska za obraz za mo\u0161ke | Mizon Joyful Time Mask For Men Refreshing - Pandeoshop\",\"isPartOf\":{\"@id\":\"https:\/\/pandeoshop.com\/sl\/#website\"},\"primaryImageOfPage\":{\"@id\":\"https:\/\/pandeoshop.com\/product\/mizon-joyful-time-mask-for-men-refreshing\/#primaryimage\"},\"image\":{\"@id\":\"https:\/\/pandeoshop.com\/product\/mizon-joyful-time-mask-for-men-refreshing\/#primaryimage\"},\"thumbnailUrl\":\"https:\/\/pandeoshop.com\/wp-content\/uploads\/mizon-joyful-time-mask-for-men-refreshing-30g-1.jpeg\",\"datePublished\":\"2023-06-04T10:50:10+00:00\",\"dateModified\":\"2025-05-15T06:11:33+00:00\",\"description\":\"Tekstilna maska za mo\u0161ke za popolno sve\u017eino in pomiritev. Pomirja razdra\u017eenost po britju in \u0161\u010diti pred zunanjimi \u0161kodljivimi dejavniki\",\"breadcrumb\":{\"@id\":\"https:\/\/pandeoshop.com\/product\/mizon-joyful-time-mask-for-men-refreshing\/#breadcrumb\"},\"inLanguage\":\"sl-SI\",\"potentialAction\":[{\"@type\":\"ReadAction\",\"target\":[\"https:\/\/pandeoshop.com\/product\/mizon-joyful-time-mask-for-men-refreshing\/\"]}]},{\"@type\":\"ImageObject\",\"inLanguage\":\"sl-SI\",\"@id\":\"https:\/\/pandeoshop.com\/product\/mizon-joyful-time-mask-for-men-refreshing\/#primaryimage\",\"url\":\"https:\/\/pandeoshop.com\/wp-content\/uploads\/mizon-joyful-time-mask-for-men-refreshing-30g-1.jpeg\",\"contentUrl\":\"https:\/\/pandeoshop.com\/wp-content\/uploads\/mizon-joyful-time-mask-for-men-refreshing-30g-1.jpeg\",\"width\":1000,\"height\":1000},{\"@type\":\"BreadcrumbList\",\"@id\":\"https:\/\/pandeoshop.com\/product\/mizon-joyful-time-mask-for-men-refreshing\/#breadcrumb\",\"itemListElement\":[{\"@type\":\"ListItem\",\"position\":1,\"name\":\"Domov\",\"item\":\"https:\/\/pandeoshop.com\/sl\/\"},{\"@type\":\"ListItem\",\"position\":2,\"name\":\"Trgovina\",\"item\":\"https:\/\/pandeoshop.com\/sl\/trgovina\/\"},{\"@type\":\"ListItem\",\"position\":3,\"name\":\"Blagovne znamke\",\"item\":\"https:\/\/pandeoshop.com\/sl\/category\/blagovne-znamke\/\"},{\"@type\":\"ListItem\",\"position\":4,\"name\":\"Mizon\",\"item\":\"https:\/\/pandeoshop.com\/sl\/category\/blagovne-znamke\/mizon-sl\/\"},{\"@type\":\"ListItem\",\"position\":5,\"name\":\"Tekstilna maska za obraz za mo\u0161ke Mizon Joyful Time Mask For Men Refreshing\"}]},{\"@type\":\"WebSite\",\"@id\":\"https:\/\/pandeoshop.com\/sl\/#website\",\"url\":\"https:\/\/pandeoshop.com\/sl\/\",\"name\":\"Pandeoshop\",\"description\":\"\u0160e eno spleti\u0161\u010de WordPress\",\"publisher\":{\"@id\":\"https:\/\/pandeoshop.com\/sl\/#organization\"},\"potentialAction\":[{\"@type\":\"SearchAction\",\"target\":{\"@type\":\"EntryPoint\",\"urlTemplate\":\"https:\/\/pandeoshop.com\/sl\/?s={search_term_string}\"},\"query-input\":\"required name=search_term_string\"}],\"inLanguage\":\"sl-SI\"},{\"@type\":\"Organization\",\"@id\":\"https:\/\/pandeoshop.com\/sl\/#organization\",\"name\":\"Pandeoshop\",\"url\":\"https:\/\/pandeoshop.com\/sl\/\",\"logo\":{\"@type\":\"ImageObject\",\"inLanguage\":\"sl-SI\",\"@id\":\"https:\/\/pandeoshop.com\/sl\/#\/schema\/logo\/image\/\",\"url\":\"https:\/\/pandeoshop.com\/wp-content\/uploads\/pandeoshop_social_logo_no_textjpg.jpg\",\"contentUrl\":\"https:\/\/pandeoshop.com\/wp-content\/uploads\/pandeoshop_social_logo_no_textjpg.jpg\",\"width\":288,\"height\":201,\"caption\":\"Pandeoshop\"},\"image\":{\"@id\":\"https:\/\/pandeoshop.com\/sl\/#\/schema\/logo\/image\/\"},\"sameAs\":[\"https:\/\/www.facebook.com\/pandeoshop\/\",\"https:\/\/www.instagram.com\/pandeo_shop\/\"]}]}<\/script>\n<meta property=\"product:price:amount\" content=\"1.58\" \/>\n<meta property=\"product:price:currency\" content=\"EUR\" \/>\n<meta property=\"og:availability\" content=\"instock\" \/>\n<meta property=\"product:availability\" content=\"instock\" \/>\n<meta property=\"product:retailer_item_id\" content=\"HS10839\" \/>\n<meta property=\"product:condition\" content=\"new\" \/>\n<!-- \/ Yoast SEO Premium plugin. -->","yoast_head_json":{"title":"Tekstilna maska za obraz za mo\u0161ke | Mizon Joyful Time Mask For Men Refreshing - Pandeoshop","description":"Tekstilna maska za mo\u0161ke za popolno sve\u017eino in pomiritev. Pomirja razdra\u017eenost po britju in \u0161\u010diti pred zunanjimi \u0161kodljivimi dejavniki","robots":{"index":"index","follow":"follow","max-snippet":"max-snippet:-1","max-image-preview":"max-image-preview:large","max-video-preview":"max-video-preview:-1"},"canonical":"https:\/\/pandeoshop.com\/sl\/product\/mizon-joyful-time-mask-for-men-refreshing\/","og_locale":"sl_SI","og_type":"article","og_title":"Tekstilna maska za obraz za mo\u0161ke | Mizon Joyful Time Mask For Men Refreshing - Pandeoshop","og_description":"Tekstilna maska za mo\u0161ke za popolno sve\u017eino in pomiritev. Pomirja razdra\u017eenost po britju in \u0161\u010diti pred zunanjimi \u0161kodljivimi dejavniki","og_url":"https:\/\/pandeoshop.com\/product\/mizon-joyful-time-mask-for-men-refreshing\/","og_site_name":"Pandeoshop","article_publisher":"https:\/\/www.facebook.com\/pandeoshop\/","article_modified_time":"2025-05-15T06:11:33+00:00","og_image":[{"width":1000,"height":1000,"url":"https:\/\/pandeoshop.com\/wp-content\/uploads\/mizon-joyful-time-mask-for-men-refreshing-30g-1.jpeg","type":"image\/jpeg"}],"twitter_card":"summary_large_image","schema":{"@context":"https:\/\/schema.org","@graph":[{"@type":"WebPage","@id":"https:\/\/pandeoshop.com\/sl\/izdelek\/tekstilna-maska-za-obraz-za-moske-mizon-joyful-time-mask-for-men-refreshing\/","url":"https:\/\/pandeoshop.com\/product\/mizon-joyful-time-mask-for-men-refreshing\/","name":"Tekstilna maska za obraz za mo\u0161ke | Mizon Joyful Time Mask For Men Refreshing - Pandeoshop","isPartOf":{"@id":"https:\/\/pandeoshop.com\/sl\/#website"},"primaryImageOfPage":{"@id":"https:\/\/pandeoshop.com\/product\/mizon-joyful-time-mask-for-men-refreshing\/#primaryimage"},"image":{"@id":"https:\/\/pandeoshop.com\/product\/mizon-joyful-time-mask-for-men-refreshing\/#primaryimage"},"thumbnailUrl":"https:\/\/pandeoshop.com\/wp-content\/uploads\/mizon-joyful-time-mask-for-men-refreshing-30g-1.jpeg","datePublished":"2023-06-04T10:50:10+00:00","dateModified":"2025-05-15T06:11:33+00:00","description":"Tekstilna maska za mo\u0161ke za popolno sve\u017eino in pomiritev. Pomirja razdra\u017eenost po britju in \u0161\u010diti pred zunanjimi \u0161kodljivimi dejavniki","breadcrumb":{"@id":"https:\/\/pandeoshop.com\/product\/mizon-joyful-time-mask-for-men-refreshing\/#breadcrumb"},"inLanguage":"sl-SI","potentialAction":[{"@type":"ReadAction","target":["https:\/\/pandeoshop.com\/product\/mizon-joyful-time-mask-for-men-refreshing\/"]}]},{"@type":"ImageObject","inLanguage":"sl-SI","@id":"https:\/\/pandeoshop.com\/product\/mizon-joyful-time-mask-for-men-refreshing\/#primaryimage","url":"https:\/\/pandeoshop.com\/wp-content\/uploads\/mizon-joyful-time-mask-for-men-refreshing-30g-1.jpeg","contentUrl":"https:\/\/pandeoshop.com\/wp-content\/uploads\/mizon-joyful-time-mask-for-men-refreshing-30g-1.jpeg","width":1000,"height":1000},{"@type":"BreadcrumbList","@id":"https:\/\/pandeoshop.com\/product\/mizon-joyful-time-mask-for-men-refreshing\/#breadcrumb","itemListElement":[{"@type":"ListItem","position":1,"name":"Domov","item":"https:\/\/pandeoshop.com\/sl\/"},{"@type":"ListItem","position":2,"name":"Trgovina","item":"https:\/\/pandeoshop.com\/sl\/trgovina\/"},{"@type":"ListItem","position":3,"name":"Blagovne znamke","item":"https:\/\/pandeoshop.com\/sl\/category\/blagovne-znamke\/"},{"@type":"ListItem","position":4,"name":"Mizon","item":"https:\/\/pandeoshop.com\/sl\/category\/blagovne-znamke\/mizon-sl\/"},{"@type":"ListItem","position":5,"name":"Tekstilna maska za obraz za mo\u0161ke Mizon Joyful Time Mask For Men Refreshing"}]},{"@type":"WebSite","@id":"https:\/\/pandeoshop.com\/sl\/#website","url":"https:\/\/pandeoshop.com\/sl\/","name":"Pandeoshop","description":"\u0160e eno spleti\u0161\u010de WordPress","publisher":{"@id":"https:\/\/pandeoshop.com\/sl\/#organization"},"potentialAction":[{"@type":"SearchAction","target":{"@type":"EntryPoint","urlTemplate":"https:\/\/pandeoshop.com\/sl\/?s={search_term_string}"},"query-input":"required name=search_term_string"}],"inLanguage":"sl-SI"},{"@type":"Organization","@id":"https:\/\/pandeoshop.com\/sl\/#organization","name":"Pandeoshop","url":"https:\/\/pandeoshop.com\/sl\/","logo":{"@type":"ImageObject","inLanguage":"sl-SI","@id":"https:\/\/pandeoshop.com\/sl\/#\/schema\/logo\/image\/","url":"https:\/\/pandeoshop.com\/wp-content\/uploads\/pandeoshop_social_logo_no_textjpg.jpg","contentUrl":"https:\/\/pandeoshop.com\/wp-content\/uploads\/pandeoshop_social_logo_no_textjpg.jpg","width":288,"height":201,"caption":"Pandeoshop"},"image":{"@id":"https:\/\/pandeoshop.com\/sl\/#\/schema\/logo\/image\/"},"sameAs":["https:\/\/www.facebook.com\/pandeoshop\/","https:\/\/www.instagram.com\/pandeo_shop\/"]}]},"product_price_amount":"1.58","product_price_currency":"EUR","og_availability":"instock","product_availability":"instock","product_retailer_item_id":"HS10839","product_condition":"new"},"_links":{"self":[{"href":"https:\/\/pandeoshop.com\/sl\/wp-json\/wp\/v2\/product\/41072"}],"collection":[{"href":"https:\/\/pandeoshop.com\/sl\/wp-json\/wp\/v2\/product"}],"about":[{"href":"https:\/\/pandeoshop.com\/sl\/wp-json\/wp\/v2\/types\/product"}],"replies":[{"embeddable":true,"href":"https:\/\/pandeoshop.com\/sl\/wp-json\/wp\/v2\/comments?post=41072"}],"wp:featuredmedia":[{"embeddable":true,"href":"https:\/\/pandeoshop.com\/sl\/wp-json\/wp\/v2\/media\/40966"}],"wp:attachment":[{"href":"https:\/\/pandeoshop.com\/sl\/wp-json\/wp\/v2\/media?parent=41072"}],"wp:term":[{"taxonomy":"product_cat","embeddable":true,"href":"https:\/\/pandeoshop.com\/sl\/wp-json\/wp\/v2\/product_cat?post=41072"},{"taxonomy":"product_tag","embeddable":true,"href":"https:\/\/pandeoshop.com\/sl\/wp-json\/wp\/v2\/product_tag?post=41072"}],"curies":[{"name":"wp","href":"https:\/\/api.w.org\/{rel}","templated":true}]}}