{"id":40868,"date":"2023-06-04T12:06:39","date_gmt":"2023-06-04T10:50:10","guid":{"rendered":"https:\/\/pandeoshop.com\/product\/medi-peel-eye-tox-cream\/"},"modified":"2025-12-02T14:18:05","modified_gmt":"2025-12-02T13:18:05","slug":"krema-za-oci-proti-gubam-medi-peel-eye-tox-cream","status":"publish","type":"product","link":"https:\/\/pandeoshop.com\/sl\/izdelek\/krema-za-oci-proti-gubam-medi-peel-eye-tox-cream\/","title":{"rendered":"Krema za o\u010di proti gubam <br\/> Medi-Peel Eye Tox Cream"},"content":{"rendered":"<p>Medi-Peel Eye Tox Cream je pomlajevalna lifting krema za o\u010di s kompleksom peptidov. Odli\u010dna za zrelo ko\u017eo, saj upo\u010dasnjuje proces staranja.<\/p>\n<p>Kompleks 5 vrst peptidov pomlajuje, zmanj\u0161uje obstoje\u010de gube in prepre\u010duje nastanek novih, hkrati pa ko\u017eo napne in  navla\u017ei. Peptidi prav tako pomagajo okrepiti konture obraza, izbolj\u0161ajo tonus ko\u017ee, aktivirajo naravni proces proizvodnje kolagenskih in elastinskih vlaken v povrhnjici.<br \/>\nAdenozin je mo\u010dna sestavina proti staranju. Napne ko\u017eo, pospe\u0161i proizvodnjo kolagena, gladi gube in upo\u010dasni proces staranja.<br \/>\nHialuronska kislina vla\u017ei in \u0161\u010diti pred dehidracijo.<br \/>\nHidroliziran kolagen zgladi mikrorelief, drobne gube in zmanj\u0161a globino globokih mimi\u010dnih gub. Prav tako pove\u010da \u010dvrstost in elasti\u010dnost, ter dvigne in tonira ko\u017eo.<br \/>\nIzvle\u010dek zelenega \u010daja ima antioksidativni u\u010dinek in antibakterijske lastnosti.<br \/>\nIzvle\u010dek ro\u017emarina pomaga pri obnavljanju ko\u017enih celic, izbolj\u0161uje prekrvavitev, ima sposobnost zo\u017eevanja por in daje u\u010dinek rahlega pilinga.<\/p>\n<p>Priporo\u010dljivo za nego zrele ko\u017ee.<br \/>\nKozmetika s peptidi ni priporo\u010dljiva za uporabo med nose\u010dnostjo in dojenjem.<\/p>\n","protected":false},"excerpt":{"rendered":"<p>Ta krema za o\u010di vam pomaga odpraviti drobne gubice, izgubo elasti\u010dnosti, zabuhlost in dehidracijo ter narediti globoke gube manj opazne.<\/p>\n","protected":false},"featured_media":40812,"comment_status":"open","ping_status":"closed","template":"","meta":[],"product_cat":[1755,1729,1737,1765,1754,1730,1718,1735,1804,1927,1784,1780,1814,1785,1985,1767,1778,1948,1781,1803,1782,1942,1928,1783,1779,1786],"product_tag":[4265,4495,4301,4317,4549,4319,4531,4571,4341,4352,4582,4547],"bundle_layout":"","bundle_add_to_cart_form_location":"","bundle_editable_in_cart":false,"bundle_sold_individually_context":"","bundle_item_grouping":"","bundle_min_size":"","bundle_max_size":"","bundled_by":[],"bundled_items":[],"yoast_head":"<!-- This site is optimized with the Yoast SEO Premium plugin v22.2 (Yoast SEO v22.9) - https:\/\/yoast.com\/wordpress\/plugins\/seo\/ -->\n<title>Krema za o\u010di proti gubam | Medi-Peel Eye Tox Cream - Pandeoshop<\/title>\n<meta name=\"description\" content=\"Ta krema za o\u010di vam pomaga odpraviti drobne gubice, izgubo elasti\u010dnosti, zabuhlost in dehidracijo ter narediti globoke gube manj opazne.\" \/>\n<meta name=\"robots\" content=\"index, follow, max-snippet:-1, max-image-preview:large, max-video-preview:-1\" \/>\n<link rel=\"canonical\" href=\"https:\/\/pandeoshop.com\/sl\/product\/medi-peel-eye-tox-cream\/\" \/>\n<meta property=\"og:locale\" content=\"sl_SI\" \/>\n<meta property=\"og:type\" content=\"article\" \/>\n<meta property=\"og:title\" content=\"Krema za o\u010di proti gubam | Medi-Peel Eye Tox Cream - Pandeoshop\" \/>\n<meta property=\"og:description\" content=\"Ta krema za o\u010di vam pomaga odpraviti drobne gubice, izgubo elasti\u010dnosti, zabuhlost in dehidracijo ter narediti globoke gube manj opazne.\" \/>\n<meta property=\"og:url\" content=\"https:\/\/pandeoshop.com\/product\/medi-peel-eye-tox-cream\/\" \/>\n<meta property=\"og:site_name\" content=\"Pandeoshop\" \/>\n<meta property=\"article:publisher\" content=\"https:\/\/www.facebook.com\/pandeoshop\/\" \/>\n<meta property=\"article:modified_time\" content=\"2025-12-02T13:18:05+00:00\" \/>\n<meta property=\"og:image\" content=\"https:\/\/pandeoshop.com\/wp-content\/uploads\/medipeel-eye-tox-cream-40ml-1.jpeg\" \/>\n\t<meta property=\"og:image:width\" content=\"1000\" \/>\n\t<meta property=\"og:image:height\" content=\"1000\" \/>\n\t<meta property=\"og:image:type\" content=\"image\/jpeg\" \/>\n<meta name=\"twitter:card\" content=\"summary_large_image\" \/>\n<script type=\"application\/ld+json\" class=\"yoast-schema-graph\">{\"@context\":\"https:\/\/schema.org\",\"@graph\":[{\"@type\":\"WebPage\",\"@id\":\"https:\/\/pandeoshop.com\/sl\/izdelek\/krema-za-oci-proti-gubam-medi-peel-eye-tox-cream\/\",\"url\":\"https:\/\/pandeoshop.com\/product\/medi-peel-eye-tox-cream\/\",\"name\":\"Krema za o\u010di proti gubam | Medi-Peel Eye Tox Cream - Pandeoshop\",\"isPartOf\":{\"@id\":\"https:\/\/pandeoshop.com\/sl\/#website\"},\"primaryImageOfPage\":{\"@id\":\"https:\/\/pandeoshop.com\/product\/medi-peel-eye-tox-cream\/#primaryimage\"},\"image\":{\"@id\":\"https:\/\/pandeoshop.com\/product\/medi-peel-eye-tox-cream\/#primaryimage\"},\"thumbnailUrl\":\"https:\/\/pandeoshop.com\/wp-content\/uploads\/medipeel-eye-tox-cream-40ml-1.jpeg\",\"datePublished\":\"2023-06-04T10:50:10+00:00\",\"dateModified\":\"2025-12-02T13:18:05+00:00\",\"description\":\"Ta krema za o\u010di vam pomaga odpraviti drobne gubice, izgubo elasti\u010dnosti, zabuhlost in dehidracijo ter narediti globoke gube manj opazne.\",\"breadcrumb\":{\"@id\":\"https:\/\/pandeoshop.com\/product\/medi-peel-eye-tox-cream\/#breadcrumb\"},\"inLanguage\":\"sl-SI\",\"potentialAction\":[{\"@type\":\"ReadAction\",\"target\":[\"https:\/\/pandeoshop.com\/product\/medi-peel-eye-tox-cream\/\"]}]},{\"@type\":\"ImageObject\",\"inLanguage\":\"sl-SI\",\"@id\":\"https:\/\/pandeoshop.com\/product\/medi-peel-eye-tox-cream\/#primaryimage\",\"url\":\"https:\/\/pandeoshop.com\/wp-content\/uploads\/medipeel-eye-tox-cream-40ml-1.jpeg\",\"contentUrl\":\"https:\/\/pandeoshop.com\/wp-content\/uploads\/medipeel-eye-tox-cream-40ml-1.jpeg\",\"width\":1000,\"height\":1000},{\"@type\":\"BreadcrumbList\",\"@id\":\"https:\/\/pandeoshop.com\/product\/medi-peel-eye-tox-cream\/#breadcrumb\",\"itemListElement\":[{\"@type\":\"ListItem\",\"position\":1,\"name\":\"Domov\",\"item\":\"https:\/\/pandeoshop.com\/sl\/\"},{\"@type\":\"ListItem\",\"position\":2,\"name\":\"Trgovina\",\"item\":\"https:\/\/pandeoshop.com\/sl\/trgovina\/\"},{\"@type\":\"ListItem\",\"position\":3,\"name\":\"Blagovne znamke\",\"item\":\"https:\/\/pandeoshop.com\/sl\/category\/blagovne-znamke\/\"},{\"@type\":\"ListItem\",\"position\":4,\"name\":\"Medi-Peel\",\"item\":\"https:\/\/pandeoshop.com\/sl\/category\/blagovne-znamke\/medi-peel-sl\/\"},{\"@type\":\"ListItem\",\"position\":5,\"name\":\"Krema za o\u010di proti gubam Medi-Peel Eye Tox Cream\"}]},{\"@type\":\"WebSite\",\"@id\":\"https:\/\/pandeoshop.com\/sl\/#website\",\"url\":\"https:\/\/pandeoshop.com\/sl\/\",\"name\":\"Pandeoshop\",\"description\":\"\u0160e eno spleti\u0161\u010de WordPress\",\"publisher\":{\"@id\":\"https:\/\/pandeoshop.com\/sl\/#organization\"},\"potentialAction\":[{\"@type\":\"SearchAction\",\"target\":{\"@type\":\"EntryPoint\",\"urlTemplate\":\"https:\/\/pandeoshop.com\/sl\/?s={search_term_string}\"},\"query-input\":\"required name=search_term_string\"}],\"inLanguage\":\"sl-SI\"},{\"@type\":\"Organization\",\"@id\":\"https:\/\/pandeoshop.com\/sl\/#organization\",\"name\":\"Pandeoshop\",\"url\":\"https:\/\/pandeoshop.com\/sl\/\",\"logo\":{\"@type\":\"ImageObject\",\"inLanguage\":\"sl-SI\",\"@id\":\"https:\/\/pandeoshop.com\/sl\/#\/schema\/logo\/image\/\",\"url\":\"https:\/\/pandeoshop.com\/wp-content\/uploads\/pandeoshop_social_logo_no_textjpg.jpg\",\"contentUrl\":\"https:\/\/pandeoshop.com\/wp-content\/uploads\/pandeoshop_social_logo_no_textjpg.jpg\",\"width\":288,\"height\":201,\"caption\":\"Pandeoshop\"},\"image\":{\"@id\":\"https:\/\/pandeoshop.com\/sl\/#\/schema\/logo\/image\/\"},\"sameAs\":[\"https:\/\/www.facebook.com\/pandeoshop\/\",\"https:\/\/www.instagram.com\/pandeo_shop\/\"]}]}<\/script>\n<meta property=\"product:price:amount\" content=\"15.08\" \/>\n<meta property=\"product:price:currency\" content=\"EUR\" \/>\n<meta property=\"og:availability\" content=\"instock\" \/>\n<meta property=\"product:availability\" content=\"instock\" \/>\n<meta property=\"product:retailer_item_id\" content=\"HS10845\" \/>\n<meta property=\"product:condition\" content=\"new\" \/>\n<!-- \/ Yoast SEO Premium plugin. -->","yoast_head_json":{"title":"Krema za o\u010di proti gubam | Medi-Peel Eye Tox Cream - Pandeoshop","description":"Ta krema za o\u010di vam pomaga odpraviti drobne gubice, izgubo elasti\u010dnosti, zabuhlost in dehidracijo ter narediti globoke gube manj opazne.","robots":{"index":"index","follow":"follow","max-snippet":"max-snippet:-1","max-image-preview":"max-image-preview:large","max-video-preview":"max-video-preview:-1"},"canonical":"https:\/\/pandeoshop.com\/sl\/product\/medi-peel-eye-tox-cream\/","og_locale":"sl_SI","og_type":"article","og_title":"Krema za o\u010di proti gubam | Medi-Peel Eye Tox Cream - Pandeoshop","og_description":"Ta krema za o\u010di vam pomaga odpraviti drobne gubice, izgubo elasti\u010dnosti, zabuhlost in dehidracijo ter narediti globoke gube manj opazne.","og_url":"https:\/\/pandeoshop.com\/product\/medi-peel-eye-tox-cream\/","og_site_name":"Pandeoshop","article_publisher":"https:\/\/www.facebook.com\/pandeoshop\/","article_modified_time":"2025-12-02T13:18:05+00:00","og_image":[{"width":1000,"height":1000,"url":"https:\/\/pandeoshop.com\/wp-content\/uploads\/medipeel-eye-tox-cream-40ml-1.jpeg","type":"image\/jpeg"}],"twitter_card":"summary_large_image","schema":{"@context":"https:\/\/schema.org","@graph":[{"@type":"WebPage","@id":"https:\/\/pandeoshop.com\/sl\/izdelek\/krema-za-oci-proti-gubam-medi-peel-eye-tox-cream\/","url":"https:\/\/pandeoshop.com\/product\/medi-peel-eye-tox-cream\/","name":"Krema za o\u010di proti gubam | Medi-Peel Eye Tox Cream - Pandeoshop","isPartOf":{"@id":"https:\/\/pandeoshop.com\/sl\/#website"},"primaryImageOfPage":{"@id":"https:\/\/pandeoshop.com\/product\/medi-peel-eye-tox-cream\/#primaryimage"},"image":{"@id":"https:\/\/pandeoshop.com\/product\/medi-peel-eye-tox-cream\/#primaryimage"},"thumbnailUrl":"https:\/\/pandeoshop.com\/wp-content\/uploads\/medipeel-eye-tox-cream-40ml-1.jpeg","datePublished":"2023-06-04T10:50:10+00:00","dateModified":"2025-12-02T13:18:05+00:00","description":"Ta krema za o\u010di vam pomaga odpraviti drobne gubice, izgubo elasti\u010dnosti, zabuhlost in dehidracijo ter narediti globoke gube manj opazne.","breadcrumb":{"@id":"https:\/\/pandeoshop.com\/product\/medi-peel-eye-tox-cream\/#breadcrumb"},"inLanguage":"sl-SI","potentialAction":[{"@type":"ReadAction","target":["https:\/\/pandeoshop.com\/product\/medi-peel-eye-tox-cream\/"]}]},{"@type":"ImageObject","inLanguage":"sl-SI","@id":"https:\/\/pandeoshop.com\/product\/medi-peel-eye-tox-cream\/#primaryimage","url":"https:\/\/pandeoshop.com\/wp-content\/uploads\/medipeel-eye-tox-cream-40ml-1.jpeg","contentUrl":"https:\/\/pandeoshop.com\/wp-content\/uploads\/medipeel-eye-tox-cream-40ml-1.jpeg","width":1000,"height":1000},{"@type":"BreadcrumbList","@id":"https:\/\/pandeoshop.com\/product\/medi-peel-eye-tox-cream\/#breadcrumb","itemListElement":[{"@type":"ListItem","position":1,"name":"Domov","item":"https:\/\/pandeoshop.com\/sl\/"},{"@type":"ListItem","position":2,"name":"Trgovina","item":"https:\/\/pandeoshop.com\/sl\/trgovina\/"},{"@type":"ListItem","position":3,"name":"Blagovne znamke","item":"https:\/\/pandeoshop.com\/sl\/category\/blagovne-znamke\/"},{"@type":"ListItem","position":4,"name":"Medi-Peel","item":"https:\/\/pandeoshop.com\/sl\/category\/blagovne-znamke\/medi-peel-sl\/"},{"@type":"ListItem","position":5,"name":"Krema za o\u010di proti gubam Medi-Peel Eye Tox Cream"}]},{"@type":"WebSite","@id":"https:\/\/pandeoshop.com\/sl\/#website","url":"https:\/\/pandeoshop.com\/sl\/","name":"Pandeoshop","description":"\u0160e eno spleti\u0161\u010de WordPress","publisher":{"@id":"https:\/\/pandeoshop.com\/sl\/#organization"},"potentialAction":[{"@type":"SearchAction","target":{"@type":"EntryPoint","urlTemplate":"https:\/\/pandeoshop.com\/sl\/?s={search_term_string}"},"query-input":"required name=search_term_string"}],"inLanguage":"sl-SI"},{"@type":"Organization","@id":"https:\/\/pandeoshop.com\/sl\/#organization","name":"Pandeoshop","url":"https:\/\/pandeoshop.com\/sl\/","logo":{"@type":"ImageObject","inLanguage":"sl-SI","@id":"https:\/\/pandeoshop.com\/sl\/#\/schema\/logo\/image\/","url":"https:\/\/pandeoshop.com\/wp-content\/uploads\/pandeoshop_social_logo_no_textjpg.jpg","contentUrl":"https:\/\/pandeoshop.com\/wp-content\/uploads\/pandeoshop_social_logo_no_textjpg.jpg","width":288,"height":201,"caption":"Pandeoshop"},"image":{"@id":"https:\/\/pandeoshop.com\/sl\/#\/schema\/logo\/image\/"},"sameAs":["https:\/\/www.facebook.com\/pandeoshop\/","https:\/\/www.instagram.com\/pandeo_shop\/"]}]},"product_price_amount":"15.08","product_price_currency":"EUR","og_availability":"instock","product_availability":"instock","product_retailer_item_id":"HS10845","product_condition":"new"},"_links":{"self":[{"href":"https:\/\/pandeoshop.com\/sl\/wp-json\/wp\/v2\/product\/40868"}],"collection":[{"href":"https:\/\/pandeoshop.com\/sl\/wp-json\/wp\/v2\/product"}],"about":[{"href":"https:\/\/pandeoshop.com\/sl\/wp-json\/wp\/v2\/types\/product"}],"replies":[{"embeddable":true,"href":"https:\/\/pandeoshop.com\/sl\/wp-json\/wp\/v2\/comments?post=40868"}],"wp:featuredmedia":[{"embeddable":true,"href":"https:\/\/pandeoshop.com\/sl\/wp-json\/wp\/v2\/media\/40812"}],"wp:attachment":[{"href":"https:\/\/pandeoshop.com\/sl\/wp-json\/wp\/v2\/media?parent=40868"}],"wp:term":[{"taxonomy":"product_cat","embeddable":true,"href":"https:\/\/pandeoshop.com\/sl\/wp-json\/wp\/v2\/product_cat?post=40868"},{"taxonomy":"product_tag","embeddable":true,"href":"https:\/\/pandeoshop.com\/sl\/wp-json\/wp\/v2\/product_tag?post=40868"}],"curies":[{"name":"wp","href":"https:\/\/api.w.org\/{rel}","templated":true}]}}