{"id":26756,"date":"2022-10-25T23:17:32","date_gmt":"2022-09-17T15:52:09","guid":{"rendered":"https:\/\/pandeoshop.com\/?post_type=product&#038;p=26756"},"modified":"2023-07-20T01:31:46","modified_gmt":"2023-07-19T23:31:46","slug":"visoko-vlazilna-krema-za-obraz-s-sneznimi-algami-mizon-water-volume-ex-cream","status":"publish","type":"product","link":"https:\/\/pandeoshop.com\/sl\/izdelek\/visoko-vlazilna-krema-za-obraz-s-sneznimi-algami-mizon-water-volume-ex-cream\/","title":{"rendered":"Visoko vla\u017eilna krema za obraz s sne\u017enimi algami <br\/> Mizon Water Volume Ex Cream"},"content":{"rendered":"<p>Mizon Water Volume Ex Cream vsebuje izvle\u010dke zasne\u017eenih alg, moringe in morske soli. Vse to so sestavine inovativnega vla\u017eilnega kompleksa Hydra Tox. Esenca ko\u017eo vla\u017ei, ustvarja ob\u010dutek sve\u017eine in udobja, in ima izrazit terapevtski u\u010dinek na ko\u017eo (normalizira koli\u010dino lipidov, krepi imunost, izbolj\u0161uje \u010dvrstost in elasti\u010dnost, upo\u010dasnjuje venenje, zo\u017euje pore, pomirja in bla\u017ei rde\u010dico). Primerna je za vse tipe ko\u017ee, ki jim primanjkuje vlage.<\/p>\n","protected":false},"excerpt":{"rendered":"<p>Vla\u017eilna esenca, narejena iz sne\u017enih alg, moringe in morske soli, napolni z vlago tudi najbolj suho ko\u017eo.<\/p>\n","protected":false},"featured_media":37121,"comment_status":"open","ping_status":"closed","template":"","meta":[],"product_cat":[1804,1769,1784,1780,1785,1805,1767,1770,1781,1803,1782,1783,1779,1786],"product_tag":[4496,4497,4506,4509,4512,4603,4523,4542,4549,4554,4559,4600,4551,4581],"bundle_layout":"","bundle_add_to_cart_form_location":"","bundle_editable_in_cart":false,"bundle_sold_individually_context":"","bundle_item_grouping":"","bundle_min_size":"","bundle_max_size":"","bundled_by":[],"bundled_items":[],"yoast_head":"<!-- This site is optimized with the Yoast SEO Premium plugin v22.2 (Yoast SEO v22.9) - https:\/\/yoast.com\/wordpress\/plugins\/seo\/ -->\n<title>Visoko vla\u017eilna krema za obraz s sne\u017enimi algami | Mizon Water Volume Ex Cream - Pandeoshop<\/title>\n<meta name=\"description\" content=\"Vla\u017eilna esenca, narejena iz sne\u017enih alg, moringe in morske soli, napolni z vlago tudi najbolj suho ko\u017eo.\" \/>\n<meta name=\"robots\" content=\"index, follow, max-snippet:-1, max-image-preview:large, max-video-preview:-1\" \/>\n<link rel=\"canonical\" href=\"https:\/\/pandeoshop.com\/sl\/product\/mizon-water-volume-ex-cream\/\" \/>\n<meta property=\"og:locale\" content=\"sl_SI\" \/>\n<meta property=\"og:type\" content=\"article\" \/>\n<meta property=\"og:title\" content=\"Visoko vla\u017eilna krema za obraz s sne\u017enimi algami | Mizon Water Volume Ex Cream - Pandeoshop\" \/>\n<meta property=\"og:description\" content=\"Vla\u017eilna esenca, narejena iz sne\u017enih alg, moringe in morske soli, napolni z vlago tudi najbolj suho ko\u017eo.\" \/>\n<meta property=\"og:url\" content=\"https:\/\/pandeoshop.com\/product\/mizon-water-volume-ex-cream\/\" \/>\n<meta property=\"og:site_name\" content=\"Pandeoshop\" \/>\n<meta property=\"article:publisher\" content=\"https:\/\/www.facebook.com\/pandeoshop\/\" \/>\n<meta property=\"article:modified_time\" content=\"2023-07-19T23:31:46+00:00\" \/>\n<meta property=\"og:image\" content=\"https:\/\/pandeoshop.com\/wp-content\/uploads\/mizon-water-volume-ex-cream.jpeg\" \/>\n\t<meta property=\"og:image:width\" content=\"1000\" \/>\n\t<meta property=\"og:image:height\" content=\"1000\" \/>\n\t<meta property=\"og:image:type\" content=\"image\/jpeg\" \/>\n<meta name=\"twitter:card\" content=\"summary_large_image\" \/>\n<script type=\"application\/ld+json\" class=\"yoast-schema-graph\">{\"@context\":\"https:\/\/schema.org\",\"@graph\":[{\"@type\":\"WebPage\",\"@id\":\"https:\/\/pandeoshop.com\/sl\/izdelek\/visoko-vlazilna-krema-za-obraz-s-sneznimi-algami-mizon-water-volume-ex-cream\/\",\"url\":\"https:\/\/pandeoshop.com\/product\/mizon-water-volume-ex-cream\/\",\"name\":\"Visoko vla\u017eilna krema za obraz s sne\u017enimi algami | Mizon Water Volume Ex Cream - Pandeoshop\",\"isPartOf\":{\"@id\":\"https:\/\/pandeoshop.com\/sl\/#website\"},\"primaryImageOfPage\":{\"@id\":\"https:\/\/pandeoshop.com\/product\/mizon-water-volume-ex-cream\/#primaryimage\"},\"image\":{\"@id\":\"https:\/\/pandeoshop.com\/product\/mizon-water-volume-ex-cream\/#primaryimage\"},\"thumbnailUrl\":\"https:\/\/pandeoshop.com\/wp-content\/uploads\/mizon-water-volume-ex-cream.jpeg\",\"datePublished\":\"2022-09-17T15:52:09+00:00\",\"dateModified\":\"2023-07-19T23:31:46+00:00\",\"description\":\"Vla\u017eilna esenca, narejena iz sne\u017enih alg, moringe in morske soli, napolni z vlago tudi najbolj suho ko\u017eo.\",\"breadcrumb\":{\"@id\":\"https:\/\/pandeoshop.com\/product\/mizon-water-volume-ex-cream\/#breadcrumb\"},\"inLanguage\":\"sl-SI\",\"potentialAction\":[{\"@type\":\"ReadAction\",\"target\":[\"https:\/\/pandeoshop.com\/product\/mizon-water-volume-ex-cream\/\"]}]},{\"@type\":\"ImageObject\",\"inLanguage\":\"sl-SI\",\"@id\":\"https:\/\/pandeoshop.com\/product\/mizon-water-volume-ex-cream\/#primaryimage\",\"url\":\"https:\/\/pandeoshop.com\/wp-content\/uploads\/mizon-water-volume-ex-cream.jpeg\",\"contentUrl\":\"https:\/\/pandeoshop.com\/wp-content\/uploads\/mizon-water-volume-ex-cream.jpeg\",\"width\":1000,\"height\":1000},{\"@type\":\"BreadcrumbList\",\"@id\":\"https:\/\/pandeoshop.com\/product\/mizon-water-volume-ex-cream\/#breadcrumb\",\"itemListElement\":[{\"@type\":\"ListItem\",\"position\":1,\"name\":\"Domov\",\"item\":\"https:\/\/pandeoshop.com\/sl\/\"},{\"@type\":\"ListItem\",\"position\":2,\"name\":\"Trgovina\",\"item\":\"https:\/\/pandeoshop.com\/sl\/trgovina\/\"},{\"@type\":\"ListItem\",\"position\":3,\"name\":\"Blagovne znamke\",\"item\":\"https:\/\/pandeoshop.com\/sl\/category\/blagovne-znamke\/\"},{\"@type\":\"ListItem\",\"position\":4,\"name\":\"Mizon\",\"item\":\"https:\/\/pandeoshop.com\/sl\/category\/blagovne-znamke\/mizon-sl\/\"},{\"@type\":\"ListItem\",\"position\":5,\"name\":\"Visoko vla\u017eilna krema za obraz s sne\u017enimi algami Mizon Water Volume Ex Cream\"}]},{\"@type\":\"WebSite\",\"@id\":\"https:\/\/pandeoshop.com\/sl\/#website\",\"url\":\"https:\/\/pandeoshop.com\/sl\/\",\"name\":\"Pandeoshop\",\"description\":\"\u0160e eno spleti\u0161\u010de WordPress\",\"publisher\":{\"@id\":\"https:\/\/pandeoshop.com\/sl\/#organization\"},\"potentialAction\":[{\"@type\":\"SearchAction\",\"target\":{\"@type\":\"EntryPoint\",\"urlTemplate\":\"https:\/\/pandeoshop.com\/sl\/?s={search_term_string}\"},\"query-input\":\"required name=search_term_string\"}],\"inLanguage\":\"sl-SI\"},{\"@type\":\"Organization\",\"@id\":\"https:\/\/pandeoshop.com\/sl\/#organization\",\"name\":\"Pandeoshop\",\"url\":\"https:\/\/pandeoshop.com\/sl\/\",\"logo\":{\"@type\":\"ImageObject\",\"inLanguage\":\"sl-SI\",\"@id\":\"https:\/\/pandeoshop.com\/sl\/#\/schema\/logo\/image\/\",\"url\":\"https:\/\/pandeoshop.com\/wp-content\/uploads\/pandeoshop_social_logo_no_textjpg.jpg\",\"contentUrl\":\"https:\/\/pandeoshop.com\/wp-content\/uploads\/pandeoshop_social_logo_no_textjpg.jpg\",\"width\":288,\"height\":201,\"caption\":\"Pandeoshop\"},\"image\":{\"@id\":\"https:\/\/pandeoshop.com\/sl\/#\/schema\/logo\/image\/\"},\"sameAs\":[\"https:\/\/www.facebook.com\/pandeoshop\/\",\"https:\/\/www.instagram.com\/pandeo_shop\/\"]}]}<\/script>\n<meta property=\"product:price:amount\" content=\"21.77\" \/>\n<meta property=\"product:price:currency\" content=\"EUR\" \/>\n<meta property=\"og:availability\" content=\"instock\" \/>\n<meta property=\"product:availability\" content=\"instock\" \/>\n<meta property=\"product:retailer_item_id\" content=\"HS10749\" \/>\n<meta property=\"product:condition\" content=\"new\" \/>\n<!-- \/ Yoast SEO Premium plugin. -->","yoast_head_json":{"title":"Visoko vla\u017eilna krema za obraz s sne\u017enimi algami | Mizon Water Volume Ex Cream - Pandeoshop","description":"Vla\u017eilna esenca, narejena iz sne\u017enih alg, moringe in morske soli, napolni z vlago tudi najbolj suho ko\u017eo.","robots":{"index":"index","follow":"follow","max-snippet":"max-snippet:-1","max-image-preview":"max-image-preview:large","max-video-preview":"max-video-preview:-1"},"canonical":"https:\/\/pandeoshop.com\/sl\/product\/mizon-water-volume-ex-cream\/","og_locale":"sl_SI","og_type":"article","og_title":"Visoko vla\u017eilna krema za obraz s sne\u017enimi algami | Mizon Water Volume Ex Cream - Pandeoshop","og_description":"Vla\u017eilna esenca, narejena iz sne\u017enih alg, moringe in morske soli, napolni z vlago tudi najbolj suho ko\u017eo.","og_url":"https:\/\/pandeoshop.com\/product\/mizon-water-volume-ex-cream\/","og_site_name":"Pandeoshop","article_publisher":"https:\/\/www.facebook.com\/pandeoshop\/","article_modified_time":"2023-07-19T23:31:46+00:00","og_image":[{"width":1000,"height":1000,"url":"https:\/\/pandeoshop.com\/wp-content\/uploads\/mizon-water-volume-ex-cream.jpeg","type":"image\/jpeg"}],"twitter_card":"summary_large_image","schema":{"@context":"https:\/\/schema.org","@graph":[{"@type":"WebPage","@id":"https:\/\/pandeoshop.com\/sl\/izdelek\/visoko-vlazilna-krema-za-obraz-s-sneznimi-algami-mizon-water-volume-ex-cream\/","url":"https:\/\/pandeoshop.com\/product\/mizon-water-volume-ex-cream\/","name":"Visoko vla\u017eilna krema za obraz s sne\u017enimi algami | Mizon Water Volume Ex Cream - Pandeoshop","isPartOf":{"@id":"https:\/\/pandeoshop.com\/sl\/#website"},"primaryImageOfPage":{"@id":"https:\/\/pandeoshop.com\/product\/mizon-water-volume-ex-cream\/#primaryimage"},"image":{"@id":"https:\/\/pandeoshop.com\/product\/mizon-water-volume-ex-cream\/#primaryimage"},"thumbnailUrl":"https:\/\/pandeoshop.com\/wp-content\/uploads\/mizon-water-volume-ex-cream.jpeg","datePublished":"2022-09-17T15:52:09+00:00","dateModified":"2023-07-19T23:31:46+00:00","description":"Vla\u017eilna esenca, narejena iz sne\u017enih alg, moringe in morske soli, napolni z vlago tudi najbolj suho ko\u017eo.","breadcrumb":{"@id":"https:\/\/pandeoshop.com\/product\/mizon-water-volume-ex-cream\/#breadcrumb"},"inLanguage":"sl-SI","potentialAction":[{"@type":"ReadAction","target":["https:\/\/pandeoshop.com\/product\/mizon-water-volume-ex-cream\/"]}]},{"@type":"ImageObject","inLanguage":"sl-SI","@id":"https:\/\/pandeoshop.com\/product\/mizon-water-volume-ex-cream\/#primaryimage","url":"https:\/\/pandeoshop.com\/wp-content\/uploads\/mizon-water-volume-ex-cream.jpeg","contentUrl":"https:\/\/pandeoshop.com\/wp-content\/uploads\/mizon-water-volume-ex-cream.jpeg","width":1000,"height":1000},{"@type":"BreadcrumbList","@id":"https:\/\/pandeoshop.com\/product\/mizon-water-volume-ex-cream\/#breadcrumb","itemListElement":[{"@type":"ListItem","position":1,"name":"Domov","item":"https:\/\/pandeoshop.com\/sl\/"},{"@type":"ListItem","position":2,"name":"Trgovina","item":"https:\/\/pandeoshop.com\/sl\/trgovina\/"},{"@type":"ListItem","position":3,"name":"Blagovne znamke","item":"https:\/\/pandeoshop.com\/sl\/category\/blagovne-znamke\/"},{"@type":"ListItem","position":4,"name":"Mizon","item":"https:\/\/pandeoshop.com\/sl\/category\/blagovne-znamke\/mizon-sl\/"},{"@type":"ListItem","position":5,"name":"Visoko vla\u017eilna krema za obraz s sne\u017enimi algami Mizon Water Volume Ex Cream"}]},{"@type":"WebSite","@id":"https:\/\/pandeoshop.com\/sl\/#website","url":"https:\/\/pandeoshop.com\/sl\/","name":"Pandeoshop","description":"\u0160e eno spleti\u0161\u010de WordPress","publisher":{"@id":"https:\/\/pandeoshop.com\/sl\/#organization"},"potentialAction":[{"@type":"SearchAction","target":{"@type":"EntryPoint","urlTemplate":"https:\/\/pandeoshop.com\/sl\/?s={search_term_string}"},"query-input":"required name=search_term_string"}],"inLanguage":"sl-SI"},{"@type":"Organization","@id":"https:\/\/pandeoshop.com\/sl\/#organization","name":"Pandeoshop","url":"https:\/\/pandeoshop.com\/sl\/","logo":{"@type":"ImageObject","inLanguage":"sl-SI","@id":"https:\/\/pandeoshop.com\/sl\/#\/schema\/logo\/image\/","url":"https:\/\/pandeoshop.com\/wp-content\/uploads\/pandeoshop_social_logo_no_textjpg.jpg","contentUrl":"https:\/\/pandeoshop.com\/wp-content\/uploads\/pandeoshop_social_logo_no_textjpg.jpg","width":288,"height":201,"caption":"Pandeoshop"},"image":{"@id":"https:\/\/pandeoshop.com\/sl\/#\/schema\/logo\/image\/"},"sameAs":["https:\/\/www.facebook.com\/pandeoshop\/","https:\/\/www.instagram.com\/pandeo_shop\/"]}]},"product_price_amount":"21.77","product_price_currency":"EUR","og_availability":"instock","product_availability":"instock","product_retailer_item_id":"HS10749","product_condition":"new"},"_links":{"self":[{"href":"https:\/\/pandeoshop.com\/sl\/wp-json\/wp\/v2\/product\/26756"}],"collection":[{"href":"https:\/\/pandeoshop.com\/sl\/wp-json\/wp\/v2\/product"}],"about":[{"href":"https:\/\/pandeoshop.com\/sl\/wp-json\/wp\/v2\/types\/product"}],"replies":[{"embeddable":true,"href":"https:\/\/pandeoshop.com\/sl\/wp-json\/wp\/v2\/comments?post=26756"}],"wp:featuredmedia":[{"embeddable":true,"href":"https:\/\/pandeoshop.com\/sl\/wp-json\/wp\/v2\/media\/37121"}],"wp:attachment":[{"href":"https:\/\/pandeoshop.com\/sl\/wp-json\/wp\/v2\/media?parent=26756"}],"wp:term":[{"taxonomy":"product_cat","embeddable":true,"href":"https:\/\/pandeoshop.com\/sl\/wp-json\/wp\/v2\/product_cat?post=26756"},{"taxonomy":"product_tag","embeddable":true,"href":"https:\/\/pandeoshop.com\/sl\/wp-json\/wp\/v2\/product_tag?post=26756"}],"curies":[{"name":"wp","href":"https:\/\/api.w.org\/{rel}","templated":true}]}}