{"id":26736,"date":"2022-10-25T23:17:32","date_gmt":"2022-09-17T15:52:09","guid":{"rendered":"https:\/\/pandeoshop.com\/product\/tonik-za-obraz-s-polzjo-sluzjo-mizon-snail-repair-intensive-toner\/"},"modified":"2023-07-20T01:31:40","modified_gmt":"2023-07-19T23:31:40","slug":"tonik-za-obraz-s-polzjo-sluzjo-mizon-snail-repair-intensive-toner","status":"publish","type":"product","link":"https:\/\/pandeoshop.com\/sl\/izdelek\/tonik-za-obraz-s-polzjo-sluzjo-mizon-snail-repair-intensive-toner\/","title":{"rendered":"Tonik za obraz s pol\u017ejo sluzjo <br\/> Mizon Snail Repair Intensive Toner"},"content":{"rendered":"<p>Mizon Snail Repair Intensive Tonik je obnovitveni tonik z izvle\u010dkom pol\u017eje sluzi, ki odli\u010dno neguje, vla\u017ei, krepi in popolnoma pozdravi ko\u017eo. Ima pomlajevalni u\u010dinek, pomaga zmanj\u0161ati gube, izbolj\u0161a elasti\u010dnost ko\u017ee, jo naredi mehko in gladko. Prav tako  uravnovesi pH ko\u017ee, pomiri izpu\u0161\u010daje, rane, brazgotine, pordelost, \u0161iroke pore, postakne in deluje na prekomerno izlo\u010danje ko\u017enega sebuma. Izdelek je mo\u010dan antioksidant in u\u010dinkuje tudi na nekatere dermatolo\u0161ke bolezni.<\/p>\n","protected":false},"excerpt":{"rendered":"<p>Tonik na osnovi filtrata pol\u017eje sluzi u\u010dinkuje proti znakom staranja, obnovi ko\u017eo in ji daje lifting u\u010dinek.<\/p>\n","protected":false},"featured_media":42396,"comment_status":"open","ping_status":"closed","template":"","meta":[],"product_cat":[1755,1737,1756,1738,1730,1718,1722,1724,1735,1804,1927,1784,1780,1785,1985,1805,1767,1948,1781,1782,1942,1771,1787,1928,1783,1779,1773,1786],"product_tag":[4265,4495,4514,4284,4526,4296,4527,4297,4542,4312,4325,4568,4338,4590,4360,4555,4602,4372],"bundle_layout":"","bundle_add_to_cart_form_location":"","bundle_editable_in_cart":false,"bundle_sold_individually_context":"","bundle_item_grouping":"","bundle_min_size":"","bundle_max_size":"","bundled_by":[],"bundled_items":[],"yoast_head":"<!-- This site is optimized with the Yoast SEO Premium plugin v22.2 (Yoast SEO v22.9) - https:\/\/yoast.com\/wordpress\/plugins\/seo\/ -->\n<title>Tonik za obraz s pol\u017ejo sluzjo | Mizon Snail Repair Intensive Toner - Pandeoshop<\/title>\n<meta name=\"description\" content=\"Tonik na osnovi filtrata pol\u017eje sluzi u\u010dinkuje proti znakom staranja, obnovi ko\u017eo in ji daje lifting u\u010dinek.\" \/>\n<meta name=\"robots\" content=\"index, follow, max-snippet:-1, max-image-preview:large, max-video-preview:-1\" \/>\n<link rel=\"canonical\" href=\"https:\/\/pandeoshop.com\/sl\/product\/mizon-snail-repair-intensive-toner\/\" \/>\n<meta property=\"og:locale\" content=\"sl_SI\" \/>\n<meta property=\"og:type\" content=\"article\" \/>\n<meta property=\"og:title\" content=\"Tonik za obraz s pol\u017ejo sluzjo | Mizon Snail Repair Intensive Toner - Pandeoshop\" \/>\n<meta property=\"og:description\" content=\"Tonik na osnovi filtrata pol\u017eje sluzi u\u010dinkuje proti znakom staranja, obnovi ko\u017eo in ji daje lifting u\u010dinek.\" \/>\n<meta property=\"og:url\" content=\"https:\/\/pandeoshop.com\/product\/mizon-snail-repair-intensive-toner\/\" \/>\n<meta property=\"og:site_name\" content=\"Pandeoshop\" \/>\n<meta property=\"article:publisher\" content=\"https:\/\/www.facebook.com\/pandeoshop\/\" \/>\n<meta property=\"article:modified_time\" content=\"2023-07-19T23:31:40+00:00\" \/>\n<meta property=\"og:image\" content=\"https:\/\/pandeoshop.com\/wp-content\/uploads\/mizon-snail-repair-intensive-toner.jpeg\" \/>\n\t<meta property=\"og:image:width\" content=\"1000\" \/>\n\t<meta property=\"og:image:height\" content=\"1000\" \/>\n\t<meta property=\"og:image:type\" content=\"image\/jpeg\" \/>\n<meta name=\"twitter:card\" content=\"summary_large_image\" \/>\n<script type=\"application\/ld+json\" class=\"yoast-schema-graph\">{\"@context\":\"https:\/\/schema.org\",\"@graph\":[{\"@type\":\"WebPage\",\"@id\":\"https:\/\/pandeoshop.com\/sl\/izdelek\/tonik-za-obraz-s-polzjo-sluzjo-mizon-snail-repair-intensive-toner\/\",\"url\":\"https:\/\/pandeoshop.com\/product\/mizon-snail-repair-intensive-toner\/\",\"name\":\"Tonik za obraz s pol\u017ejo sluzjo | Mizon Snail Repair Intensive Toner - Pandeoshop\",\"isPartOf\":{\"@id\":\"https:\/\/pandeoshop.com\/sl\/#website\"},\"primaryImageOfPage\":{\"@id\":\"https:\/\/pandeoshop.com\/product\/mizon-snail-repair-intensive-toner\/#primaryimage\"},\"image\":{\"@id\":\"https:\/\/pandeoshop.com\/product\/mizon-snail-repair-intensive-toner\/#primaryimage\"},\"thumbnailUrl\":\"https:\/\/pandeoshop.com\/wp-content\/uploads\/mizon-cicaluronic-toner-150ml.jpg\",\"datePublished\":\"2022-09-17T15:52:09+00:00\",\"dateModified\":\"2023-07-19T23:31:40+00:00\",\"description\":\"Tonik na osnovi filtrata pol\u017eje sluzi u\u010dinkuje proti znakom staranja, obnovi ko\u017eo in ji daje lifting u\u010dinek.\",\"breadcrumb\":{\"@id\":\"https:\/\/pandeoshop.com\/product\/mizon-snail-repair-intensive-toner\/#breadcrumb\"},\"inLanguage\":\"sl-SI\",\"potentialAction\":[{\"@type\":\"ReadAction\",\"target\":[\"https:\/\/pandeoshop.com\/product\/mizon-snail-repair-intensive-toner\/\"]}]},{\"@type\":\"ImageObject\",\"inLanguage\":\"sl-SI\",\"@id\":\"https:\/\/pandeoshop.com\/product\/mizon-snail-repair-intensive-toner\/#primaryimage\",\"url\":\"https:\/\/pandeoshop.com\/wp-content\/uploads\/mizon-cicaluronic-toner-150ml.jpg\",\"contentUrl\":\"https:\/\/pandeoshop.com\/wp-content\/uploads\/mizon-cicaluronic-toner-150ml.jpg\",\"width\":507,\"height\":546},{\"@type\":\"BreadcrumbList\",\"@id\":\"https:\/\/pandeoshop.com\/product\/mizon-snail-repair-intensive-toner\/#breadcrumb\",\"itemListElement\":[{\"@type\":\"ListItem\",\"position\":1,\"name\":\"Domov\",\"item\":\"https:\/\/pandeoshop.com\/sl\/\"},{\"@type\":\"ListItem\",\"position\":2,\"name\":\"Trgovina\",\"item\":\"https:\/\/pandeoshop.com\/sl\/trgovina\/\"},{\"@type\":\"ListItem\",\"position\":3,\"name\":\"Blagovne znamke\",\"item\":\"https:\/\/pandeoshop.com\/sl\/category\/blagovne-znamke\/\"},{\"@type\":\"ListItem\",\"position\":4,\"name\":\"Mizon\",\"item\":\"https:\/\/pandeoshop.com\/sl\/category\/blagovne-znamke\/mizon-sl\/\"},{\"@type\":\"ListItem\",\"position\":5,\"name\":\"Tonik za obraz s pol\u017ejo sluzjo Mizon Snail Repair Intensive Toner\"}]},{\"@type\":\"WebSite\",\"@id\":\"https:\/\/pandeoshop.com\/sl\/#website\",\"url\":\"https:\/\/pandeoshop.com\/sl\/\",\"name\":\"Pandeoshop\",\"description\":\"\u0160e eno spleti\u0161\u010de WordPress\",\"publisher\":{\"@id\":\"https:\/\/pandeoshop.com\/sl\/#organization\"},\"potentialAction\":[{\"@type\":\"SearchAction\",\"target\":{\"@type\":\"EntryPoint\",\"urlTemplate\":\"https:\/\/pandeoshop.com\/sl\/?s={search_term_string}\"},\"query-input\":\"required name=search_term_string\"}],\"inLanguage\":\"sl-SI\"},{\"@type\":\"Organization\",\"@id\":\"https:\/\/pandeoshop.com\/sl\/#organization\",\"name\":\"Pandeoshop\",\"url\":\"https:\/\/pandeoshop.com\/sl\/\",\"logo\":{\"@type\":\"ImageObject\",\"inLanguage\":\"sl-SI\",\"@id\":\"https:\/\/pandeoshop.com\/sl\/#\/schema\/logo\/image\/\",\"url\":\"https:\/\/pandeoshop.com\/wp-content\/uploads\/pandeoshop_social_logo_no_textjpg.jpg\",\"contentUrl\":\"https:\/\/pandeoshop.com\/wp-content\/uploads\/pandeoshop_social_logo_no_textjpg.jpg\",\"width\":288,\"height\":201,\"caption\":\"Pandeoshop\"},\"image\":{\"@id\":\"https:\/\/pandeoshop.com\/sl\/#\/schema\/logo\/image\/\"},\"sameAs\":[\"https:\/\/www.facebook.com\/pandeoshop\/\",\"https:\/\/www.instagram.com\/pandeo_shop\/\"]}]}<\/script>\n<meta property=\"product:price:amount\" content=\"46.40\" \/>\n<meta property=\"product:price:currency\" content=\"EUR\" \/>\n<meta property=\"og:availability\" content=\"instock\" \/>\n<meta property=\"product:availability\" content=\"instock\" \/>\n<meta property=\"product:retailer_item_id\" content=\"HS10836\" \/>\n<meta property=\"product:condition\" content=\"new\" \/>\n<!-- \/ Yoast SEO Premium plugin. -->","yoast_head_json":{"title":"Tonik za obraz s pol\u017ejo sluzjo | Mizon Snail Repair Intensive Toner - Pandeoshop","description":"Tonik na osnovi filtrata pol\u017eje sluzi u\u010dinkuje proti znakom staranja, obnovi ko\u017eo in ji daje lifting u\u010dinek.","robots":{"index":"index","follow":"follow","max-snippet":"max-snippet:-1","max-image-preview":"max-image-preview:large","max-video-preview":"max-video-preview:-1"},"canonical":"https:\/\/pandeoshop.com\/sl\/product\/mizon-snail-repair-intensive-toner\/","og_locale":"sl_SI","og_type":"article","og_title":"Tonik za obraz s pol\u017ejo sluzjo | Mizon Snail Repair Intensive Toner - Pandeoshop","og_description":"Tonik na osnovi filtrata pol\u017eje sluzi u\u010dinkuje proti znakom staranja, obnovi ko\u017eo in ji daje lifting u\u010dinek.","og_url":"https:\/\/pandeoshop.com\/product\/mizon-snail-repair-intensive-toner\/","og_site_name":"Pandeoshop","article_publisher":"https:\/\/www.facebook.com\/pandeoshop\/","article_modified_time":"2023-07-19T23:31:40+00:00","og_image":[{"width":1000,"height":1000,"url":"https:\/\/pandeoshop.com\/wp-content\/uploads\/mizon-snail-repair-intensive-toner.jpeg","type":"image\/jpeg"}],"twitter_card":"summary_large_image","schema":{"@context":"https:\/\/schema.org","@graph":[{"@type":"WebPage","@id":"https:\/\/pandeoshop.com\/sl\/izdelek\/tonik-za-obraz-s-polzjo-sluzjo-mizon-snail-repair-intensive-toner\/","url":"https:\/\/pandeoshop.com\/product\/mizon-snail-repair-intensive-toner\/","name":"Tonik za obraz s pol\u017ejo sluzjo | Mizon Snail Repair Intensive Toner - Pandeoshop","isPartOf":{"@id":"https:\/\/pandeoshop.com\/sl\/#website"},"primaryImageOfPage":{"@id":"https:\/\/pandeoshop.com\/product\/mizon-snail-repair-intensive-toner\/#primaryimage"},"image":{"@id":"https:\/\/pandeoshop.com\/product\/mizon-snail-repair-intensive-toner\/#primaryimage"},"thumbnailUrl":"https:\/\/pandeoshop.com\/wp-content\/uploads\/mizon-cicaluronic-toner-150ml.jpg","datePublished":"2022-09-17T15:52:09+00:00","dateModified":"2023-07-19T23:31:40+00:00","description":"Tonik na osnovi filtrata pol\u017eje sluzi u\u010dinkuje proti znakom staranja, obnovi ko\u017eo in ji daje lifting u\u010dinek.","breadcrumb":{"@id":"https:\/\/pandeoshop.com\/product\/mizon-snail-repair-intensive-toner\/#breadcrumb"},"inLanguage":"sl-SI","potentialAction":[{"@type":"ReadAction","target":["https:\/\/pandeoshop.com\/product\/mizon-snail-repair-intensive-toner\/"]}]},{"@type":"ImageObject","inLanguage":"sl-SI","@id":"https:\/\/pandeoshop.com\/product\/mizon-snail-repair-intensive-toner\/#primaryimage","url":"https:\/\/pandeoshop.com\/wp-content\/uploads\/mizon-cicaluronic-toner-150ml.jpg","contentUrl":"https:\/\/pandeoshop.com\/wp-content\/uploads\/mizon-cicaluronic-toner-150ml.jpg","width":507,"height":546},{"@type":"BreadcrumbList","@id":"https:\/\/pandeoshop.com\/product\/mizon-snail-repair-intensive-toner\/#breadcrumb","itemListElement":[{"@type":"ListItem","position":1,"name":"Domov","item":"https:\/\/pandeoshop.com\/sl\/"},{"@type":"ListItem","position":2,"name":"Trgovina","item":"https:\/\/pandeoshop.com\/sl\/trgovina\/"},{"@type":"ListItem","position":3,"name":"Blagovne znamke","item":"https:\/\/pandeoshop.com\/sl\/category\/blagovne-znamke\/"},{"@type":"ListItem","position":4,"name":"Mizon","item":"https:\/\/pandeoshop.com\/sl\/category\/blagovne-znamke\/mizon-sl\/"},{"@type":"ListItem","position":5,"name":"Tonik za obraz s pol\u017ejo sluzjo Mizon Snail Repair Intensive Toner"}]},{"@type":"WebSite","@id":"https:\/\/pandeoshop.com\/sl\/#website","url":"https:\/\/pandeoshop.com\/sl\/","name":"Pandeoshop","description":"\u0160e eno spleti\u0161\u010de WordPress","publisher":{"@id":"https:\/\/pandeoshop.com\/sl\/#organization"},"potentialAction":[{"@type":"SearchAction","target":{"@type":"EntryPoint","urlTemplate":"https:\/\/pandeoshop.com\/sl\/?s={search_term_string}"},"query-input":"required name=search_term_string"}],"inLanguage":"sl-SI"},{"@type":"Organization","@id":"https:\/\/pandeoshop.com\/sl\/#organization","name":"Pandeoshop","url":"https:\/\/pandeoshop.com\/sl\/","logo":{"@type":"ImageObject","inLanguage":"sl-SI","@id":"https:\/\/pandeoshop.com\/sl\/#\/schema\/logo\/image\/","url":"https:\/\/pandeoshop.com\/wp-content\/uploads\/pandeoshop_social_logo_no_textjpg.jpg","contentUrl":"https:\/\/pandeoshop.com\/wp-content\/uploads\/pandeoshop_social_logo_no_textjpg.jpg","width":288,"height":201,"caption":"Pandeoshop"},"image":{"@id":"https:\/\/pandeoshop.com\/sl\/#\/schema\/logo\/image\/"},"sameAs":["https:\/\/www.facebook.com\/pandeoshop\/","https:\/\/www.instagram.com\/pandeo_shop\/"]}]},"product_price_amount":"46.40","product_price_currency":"EUR","og_availability":"instock","product_availability":"instock","product_retailer_item_id":"HS10836","product_condition":"new"},"_links":{"self":[{"href":"https:\/\/pandeoshop.com\/sl\/wp-json\/wp\/v2\/product\/26736"}],"collection":[{"href":"https:\/\/pandeoshop.com\/sl\/wp-json\/wp\/v2\/product"}],"about":[{"href":"https:\/\/pandeoshop.com\/sl\/wp-json\/wp\/v2\/types\/product"}],"replies":[{"embeddable":true,"href":"https:\/\/pandeoshop.com\/sl\/wp-json\/wp\/v2\/comments?post=26736"}],"wp:featuredmedia":[{"embeddable":true,"href":"https:\/\/pandeoshop.com\/sl\/wp-json\/wp\/v2\/media\/42396"}],"wp:attachment":[{"href":"https:\/\/pandeoshop.com\/sl\/wp-json\/wp\/v2\/media?parent=26736"}],"wp:term":[{"taxonomy":"product_cat","embeddable":true,"href":"https:\/\/pandeoshop.com\/sl\/wp-json\/wp\/v2\/product_cat?post=26736"},{"taxonomy":"product_tag","embeddable":true,"href":"https:\/\/pandeoshop.com\/sl\/wp-json\/wp\/v2\/product_tag?post=26736"}],"curies":[{"name":"wp","href":"https:\/\/api.w.org\/{rel}","templated":true}]}}