{"id":26722,"date":"2022-10-25T23:17:14","date_gmt":"2022-09-17T15:51:52","guid":{"rendered":"https:\/\/pandeoshop.com\/product\/obnovitveni-serum-za-obraz-z-80-polzje-sluzi-mizon-snail-repair-intensive-ampoule\/"},"modified":"2024-06-02T07:26:42","modified_gmt":"2024-06-02T05:26:42","slug":"obnovitveni-serum-za-obraz-z-80-polzje-sluzi-mizon-snail-repair-intensive-ampoule","status":"publish","type":"product","link":"https:\/\/pandeoshop.com\/sl\/izdelek\/obnovitveni-serum-za-obraz-z-80-polzje-sluzi-mizon-snail-repair-intensive-ampoule\/","title":{"rendered":"Obnovitveni serum za obraz z 80 % pol\u017eje sluzi <br\/> Mizon Snail Repair Intensive Ampoule"},"content":{"rendered":"<p>Mizon Snail Repair Intensive Ampoule je obnovitveni serum, ki vsebuje ker 80 % filtrata pol\u017eje sluzi in nekaj epidermalnega rastnega faktorja, ki spodbuja nastajanje kolagena in elastina v epidermisu, pospe\u0161uje obnovitev celi\u010dnega matriksa in aktivira obnovo ter pomlajevanje ko\u017ee. Z uporabo se izbolj\u0161a  elasti\u010dnost povrhnjice, brazgotine in odrgnine se zacelijo, zmanj\u0161a se izrazitost gub, zmanj\u0161ajo se pore, vnetja, pordelosti, razdra\u017eeni predeli se pomirijo. Sredstvo daje tudi lifting u\u010dinek. Serum vsebuje tudi pantonol, ki intenzivno vla\u017ei, pomaga pri celjenju brazgotin in odrgnin. Ekstrakt granatnega jabolka nahrani ko\u017eo, obnovi lipidno plast. Ekstrakt kakava ima mo\u010dan tonizirajo\u010di u\u010dinek, spodbuja krvni obtok v ko\u017ei, ima antioksidativni u\u010dinek. Jagode in izvle\u010dki lotosovega cvetja negujejo ko\u017eo z vitamini. Izdelek je priporo\u010dljiv za intenzivno obnovo utrujene ko\u017ee, ko\u017ee izpostavljene stresu in z znaki staranja ter ko\u017ei s sledmi dermatolo\u0161kih posegov. Serum naredi ko\u017eo voljno, gladko, zdravo in sve\u017eo. Ne vsebuje  agresivnis snovi, zato je primerna za vse tipe ko\u017ee.<\/p>\n","protected":false},"excerpt":{"rendered":"<p>Serum je narejen iz 80 % filtrata pol\u017eje sluzi, ki obnovi ko\u017eo, u\u010dinkuje proti staranju ko\u017ee in daje lifting u\u010dinek.<\/p>\n","protected":false},"featured_media":36871,"comment_status":"open","ping_status":"closed","template":"","meta":[],"product_cat":[1804,1784,1780,1785,1805,1767,1781,1782,1776,1783,1779,1786],"product_tag":[4495,4534,4542,4574,4549,4516,4559,4568,4571,4590],"bundle_layout":"","bundle_add_to_cart_form_location":"","bundle_editable_in_cart":false,"bundle_sold_individually_context":"","bundle_item_grouping":"","bundle_min_size":"","bundle_max_size":"","bundled_by":[],"bundled_items":[],"yoast_head":"<!-- This site is optimized with the Yoast SEO Premium plugin v22.2 (Yoast SEO v22.9) - https:\/\/yoast.com\/wordpress\/plugins\/seo\/ -->\n<title>Obnovitveni serum za obraz z 80 % pol\u017eje sluzi | Mizon Snail Repair Intensive Ampoule - Pandeoshop<\/title>\n<meta name=\"description\" content=\"Serum je narejen iz 80 % filtrata pol\u017eje sluzi, ki obnovi ko\u017eo, u\u010dinkuje proti staranju ko\u017ee in daje lifting u\u010dinek.\" \/>\n<meta name=\"robots\" content=\"index, follow, max-snippet:-1, max-image-preview:large, max-video-preview:-1\" \/>\n<link rel=\"canonical\" href=\"https:\/\/pandeoshop.com\/sl\/product\/mizon-snail-repair-intensive-ampoule\/\" \/>\n<meta property=\"og:locale\" content=\"sl_SI\" \/>\n<meta property=\"og:type\" content=\"article\" \/>\n<meta property=\"og:title\" content=\"Obnovitveni serum za obraz z 80 % pol\u017eje sluzi | Mizon Snail Repair Intensive Ampoule - Pandeoshop\" \/>\n<meta property=\"og:description\" content=\"Serum je narejen iz 80 % filtrata pol\u017eje sluzi, ki obnovi ko\u017eo, u\u010dinkuje proti staranju ko\u017ee in daje lifting u\u010dinek.\" \/>\n<meta property=\"og:url\" content=\"https:\/\/pandeoshop.com\/product\/mizon-snail-repair-intensive-ampoule\/\" \/>\n<meta property=\"og:site_name\" content=\"Pandeoshop\" \/>\n<meta property=\"article:publisher\" content=\"https:\/\/www.facebook.com\/pandeoshop\/\" \/>\n<meta property=\"article:modified_time\" content=\"2024-06-02T05:26:42+00:00\" \/>\n<meta property=\"og:image\" content=\"https:\/\/pandeoshop.com\/wp-content\/uploads\/mizon-snail-repair-intensive-ampoule-1.jpeg\" \/>\n\t<meta property=\"og:image:width\" content=\"1000\" \/>\n\t<meta property=\"og:image:height\" content=\"1000\" \/>\n\t<meta property=\"og:image:type\" content=\"image\/jpeg\" \/>\n<meta name=\"twitter:card\" content=\"summary_large_image\" \/>\n<script type=\"application\/ld+json\" class=\"yoast-schema-graph\">{\"@context\":\"https:\/\/schema.org\",\"@graph\":[{\"@type\":\"WebPage\",\"@id\":\"https:\/\/pandeoshop.com\/sl\/izdelek\/obnovitveni-serum-za-obraz-z-80-polzje-sluzi-mizon-snail-repair-intensive-ampoule\/\",\"url\":\"https:\/\/pandeoshop.com\/product\/mizon-snail-repair-intensive-ampoule\/\",\"name\":\"Obnovitveni serum za obraz z 80 % pol\u017eje sluzi | Mizon Snail Repair Intensive Ampoule - Pandeoshop\",\"isPartOf\":{\"@id\":\"https:\/\/pandeoshop.com\/sl\/#website\"},\"primaryImageOfPage\":{\"@id\":\"https:\/\/pandeoshop.com\/product\/mizon-snail-repair-intensive-ampoule\/#primaryimage\"},\"image\":{\"@id\":\"https:\/\/pandeoshop.com\/product\/mizon-snail-repair-intensive-ampoule\/#primaryimage\"},\"thumbnailUrl\":\"https:\/\/pandeoshop.com\/wp-content\/uploads\/mizon-snail-repair-intensive-ampoule-1.jpeg\",\"datePublished\":\"2022-09-17T15:51:52+00:00\",\"dateModified\":\"2024-06-02T05:26:42+00:00\",\"description\":\"Serum je narejen iz 80 % filtrata pol\u017eje sluzi, ki obnovi ko\u017eo, u\u010dinkuje proti staranju ko\u017ee in daje lifting u\u010dinek.\",\"breadcrumb\":{\"@id\":\"https:\/\/pandeoshop.com\/product\/mizon-snail-repair-intensive-ampoule\/#breadcrumb\"},\"inLanguage\":\"sl-SI\",\"potentialAction\":[{\"@type\":\"ReadAction\",\"target\":[\"https:\/\/pandeoshop.com\/product\/mizon-snail-repair-intensive-ampoule\/\"]}]},{\"@type\":\"ImageObject\",\"inLanguage\":\"sl-SI\",\"@id\":\"https:\/\/pandeoshop.com\/product\/mizon-snail-repair-intensive-ampoule\/#primaryimage\",\"url\":\"https:\/\/pandeoshop.com\/wp-content\/uploads\/mizon-snail-repair-intensive-ampoule-1.jpeg\",\"contentUrl\":\"https:\/\/pandeoshop.com\/wp-content\/uploads\/mizon-snail-repair-intensive-ampoule-1.jpeg\",\"width\":1000,\"height\":1000},{\"@type\":\"BreadcrumbList\",\"@id\":\"https:\/\/pandeoshop.com\/product\/mizon-snail-repair-intensive-ampoule\/#breadcrumb\",\"itemListElement\":[{\"@type\":\"ListItem\",\"position\":1,\"name\":\"Domov\",\"item\":\"https:\/\/pandeoshop.com\/sl\/\"},{\"@type\":\"ListItem\",\"position\":2,\"name\":\"Trgovina\",\"item\":\"https:\/\/pandeoshop.com\/sl\/trgovina\/\"},{\"@type\":\"ListItem\",\"position\":3,\"name\":\"Blagovne znamke\",\"item\":\"https:\/\/pandeoshop.com\/sl\/category\/blagovne-znamke\/\"},{\"@type\":\"ListItem\",\"position\":4,\"name\":\"Mizon\",\"item\":\"https:\/\/pandeoshop.com\/sl\/category\/blagovne-znamke\/mizon-sl\/\"},{\"@type\":\"ListItem\",\"position\":5,\"name\":\"Obnovitveni serum za obraz z 80 % pol\u017eje sluzi Mizon Snail Repair Intensive Ampoule\"}]},{\"@type\":\"WebSite\",\"@id\":\"https:\/\/pandeoshop.com\/sl\/#website\",\"url\":\"https:\/\/pandeoshop.com\/sl\/\",\"name\":\"Pandeoshop\",\"description\":\"\u0160e eno spleti\u0161\u010de WordPress\",\"publisher\":{\"@id\":\"https:\/\/pandeoshop.com\/sl\/#organization\"},\"potentialAction\":[{\"@type\":\"SearchAction\",\"target\":{\"@type\":\"EntryPoint\",\"urlTemplate\":\"https:\/\/pandeoshop.com\/sl\/?s={search_term_string}\"},\"query-input\":\"required name=search_term_string\"}],\"inLanguage\":\"sl-SI\"},{\"@type\":\"Organization\",\"@id\":\"https:\/\/pandeoshop.com\/sl\/#organization\",\"name\":\"Pandeoshop\",\"url\":\"https:\/\/pandeoshop.com\/sl\/\",\"logo\":{\"@type\":\"ImageObject\",\"inLanguage\":\"sl-SI\",\"@id\":\"https:\/\/pandeoshop.com\/sl\/#\/schema\/logo\/image\/\",\"url\":\"https:\/\/pandeoshop.com\/wp-content\/uploads\/pandeoshop_social_logo_no_textjpg.jpg\",\"contentUrl\":\"https:\/\/pandeoshop.com\/wp-content\/uploads\/pandeoshop_social_logo_no_textjpg.jpg\",\"width\":288,\"height\":201,\"caption\":\"Pandeoshop\"},\"image\":{\"@id\":\"https:\/\/pandeoshop.com\/sl\/#\/schema\/logo\/image\/\"},\"sameAs\":[\"https:\/\/www.facebook.com\/pandeoshop\/\",\"https:\/\/www.instagram.com\/pandeo_shop\/\"]}]}<\/script>\n<meta property=\"product:price:amount\" content=\"25.57\" \/>\n<meta property=\"product:price:currency\" content=\"EUR\" \/>\n<meta property=\"og:availability\" content=\"instock\" \/>\n<meta property=\"product:availability\" content=\"instock\" \/>\n<meta property=\"product:retailer_item_id\" content=\"HS10715\" \/>\n<meta property=\"product:condition\" content=\"new\" \/>\n<!-- \/ Yoast SEO Premium plugin. -->","yoast_head_json":{"title":"Obnovitveni serum za obraz z 80 % pol\u017eje sluzi | Mizon Snail Repair Intensive Ampoule - Pandeoshop","description":"Serum je narejen iz 80 % filtrata pol\u017eje sluzi, ki obnovi ko\u017eo, u\u010dinkuje proti staranju ko\u017ee in daje lifting u\u010dinek.","robots":{"index":"index","follow":"follow","max-snippet":"max-snippet:-1","max-image-preview":"max-image-preview:large","max-video-preview":"max-video-preview:-1"},"canonical":"https:\/\/pandeoshop.com\/sl\/product\/mizon-snail-repair-intensive-ampoule\/","og_locale":"sl_SI","og_type":"article","og_title":"Obnovitveni serum za obraz z 80 % pol\u017eje sluzi | Mizon Snail Repair Intensive Ampoule - Pandeoshop","og_description":"Serum je narejen iz 80 % filtrata pol\u017eje sluzi, ki obnovi ko\u017eo, u\u010dinkuje proti staranju ko\u017ee in daje lifting u\u010dinek.","og_url":"https:\/\/pandeoshop.com\/product\/mizon-snail-repair-intensive-ampoule\/","og_site_name":"Pandeoshop","article_publisher":"https:\/\/www.facebook.com\/pandeoshop\/","article_modified_time":"2024-06-02T05:26:42+00:00","og_image":[{"width":1000,"height":1000,"url":"https:\/\/pandeoshop.com\/wp-content\/uploads\/mizon-snail-repair-intensive-ampoule-1.jpeg","type":"image\/jpeg"}],"twitter_card":"summary_large_image","schema":{"@context":"https:\/\/schema.org","@graph":[{"@type":"WebPage","@id":"https:\/\/pandeoshop.com\/sl\/izdelek\/obnovitveni-serum-za-obraz-z-80-polzje-sluzi-mizon-snail-repair-intensive-ampoule\/","url":"https:\/\/pandeoshop.com\/product\/mizon-snail-repair-intensive-ampoule\/","name":"Obnovitveni serum za obraz z 80 % pol\u017eje sluzi | Mizon Snail Repair Intensive Ampoule - Pandeoshop","isPartOf":{"@id":"https:\/\/pandeoshop.com\/sl\/#website"},"primaryImageOfPage":{"@id":"https:\/\/pandeoshop.com\/product\/mizon-snail-repair-intensive-ampoule\/#primaryimage"},"image":{"@id":"https:\/\/pandeoshop.com\/product\/mizon-snail-repair-intensive-ampoule\/#primaryimage"},"thumbnailUrl":"https:\/\/pandeoshop.com\/wp-content\/uploads\/mizon-snail-repair-intensive-ampoule-1.jpeg","datePublished":"2022-09-17T15:51:52+00:00","dateModified":"2024-06-02T05:26:42+00:00","description":"Serum je narejen iz 80 % filtrata pol\u017eje sluzi, ki obnovi ko\u017eo, u\u010dinkuje proti staranju ko\u017ee in daje lifting u\u010dinek.","breadcrumb":{"@id":"https:\/\/pandeoshop.com\/product\/mizon-snail-repair-intensive-ampoule\/#breadcrumb"},"inLanguage":"sl-SI","potentialAction":[{"@type":"ReadAction","target":["https:\/\/pandeoshop.com\/product\/mizon-snail-repair-intensive-ampoule\/"]}]},{"@type":"ImageObject","inLanguage":"sl-SI","@id":"https:\/\/pandeoshop.com\/product\/mizon-snail-repair-intensive-ampoule\/#primaryimage","url":"https:\/\/pandeoshop.com\/wp-content\/uploads\/mizon-snail-repair-intensive-ampoule-1.jpeg","contentUrl":"https:\/\/pandeoshop.com\/wp-content\/uploads\/mizon-snail-repair-intensive-ampoule-1.jpeg","width":1000,"height":1000},{"@type":"BreadcrumbList","@id":"https:\/\/pandeoshop.com\/product\/mizon-snail-repair-intensive-ampoule\/#breadcrumb","itemListElement":[{"@type":"ListItem","position":1,"name":"Domov","item":"https:\/\/pandeoshop.com\/sl\/"},{"@type":"ListItem","position":2,"name":"Trgovina","item":"https:\/\/pandeoshop.com\/sl\/trgovina\/"},{"@type":"ListItem","position":3,"name":"Blagovne znamke","item":"https:\/\/pandeoshop.com\/sl\/category\/blagovne-znamke\/"},{"@type":"ListItem","position":4,"name":"Mizon","item":"https:\/\/pandeoshop.com\/sl\/category\/blagovne-znamke\/mizon-sl\/"},{"@type":"ListItem","position":5,"name":"Obnovitveni serum za obraz z 80 % pol\u017eje sluzi Mizon Snail Repair Intensive Ampoule"}]},{"@type":"WebSite","@id":"https:\/\/pandeoshop.com\/sl\/#website","url":"https:\/\/pandeoshop.com\/sl\/","name":"Pandeoshop","description":"\u0160e eno spleti\u0161\u010de WordPress","publisher":{"@id":"https:\/\/pandeoshop.com\/sl\/#organization"},"potentialAction":[{"@type":"SearchAction","target":{"@type":"EntryPoint","urlTemplate":"https:\/\/pandeoshop.com\/sl\/?s={search_term_string}"},"query-input":"required name=search_term_string"}],"inLanguage":"sl-SI"},{"@type":"Organization","@id":"https:\/\/pandeoshop.com\/sl\/#organization","name":"Pandeoshop","url":"https:\/\/pandeoshop.com\/sl\/","logo":{"@type":"ImageObject","inLanguage":"sl-SI","@id":"https:\/\/pandeoshop.com\/sl\/#\/schema\/logo\/image\/","url":"https:\/\/pandeoshop.com\/wp-content\/uploads\/pandeoshop_social_logo_no_textjpg.jpg","contentUrl":"https:\/\/pandeoshop.com\/wp-content\/uploads\/pandeoshop_social_logo_no_textjpg.jpg","width":288,"height":201,"caption":"Pandeoshop"},"image":{"@id":"https:\/\/pandeoshop.com\/sl\/#\/schema\/logo\/image\/"},"sameAs":["https:\/\/www.facebook.com\/pandeoshop\/","https:\/\/www.instagram.com\/pandeo_shop\/"]}]},"product_price_amount":"25.57","product_price_currency":"EUR","og_availability":"instock","product_availability":"instock","product_retailer_item_id":"HS10715","product_condition":"new"},"_links":{"self":[{"href":"https:\/\/pandeoshop.com\/sl\/wp-json\/wp\/v2\/product\/26722"}],"collection":[{"href":"https:\/\/pandeoshop.com\/sl\/wp-json\/wp\/v2\/product"}],"about":[{"href":"https:\/\/pandeoshop.com\/sl\/wp-json\/wp\/v2\/types\/product"}],"replies":[{"embeddable":true,"href":"https:\/\/pandeoshop.com\/sl\/wp-json\/wp\/v2\/comments?post=26722"}],"wp:featuredmedia":[{"embeddable":true,"href":"https:\/\/pandeoshop.com\/sl\/wp-json\/wp\/v2\/media\/36871"}],"wp:attachment":[{"href":"https:\/\/pandeoshop.com\/sl\/wp-json\/wp\/v2\/media?parent=26722"}],"wp:term":[{"taxonomy":"product_cat","embeddable":true,"href":"https:\/\/pandeoshop.com\/sl\/wp-json\/wp\/v2\/product_cat?post=26722"},{"taxonomy":"product_tag","embeddable":true,"href":"https:\/\/pandeoshop.com\/sl\/wp-json\/wp\/v2\/product_tag?post=26722"}],"curies":[{"name":"wp","href":"https:\/\/api.w.org\/{rel}","templated":true}]}}