{"id":26720,"date":"2022-10-25T23:17:14","date_gmt":"2022-09-17T15:51:52","guid":{"rendered":"https:\/\/pandeoshop.com\/product\/krema-proti-podocnjakom-s-polzjo-sluzjo-mizon-snail-repair-eye-cream\/"},"modified":"2023-07-20T01:31:36","modified_gmt":"2023-07-19T23:31:36","slug":"krema-proti-podocnjakom-s-polzjo-sluzjo-mizon-snail-repair-eye-cream","status":"publish","type":"product","link":"https:\/\/pandeoshop.com\/sl\/izdelek\/krema-proti-podocnjakom-s-polzjo-sluzjo-mizon-snail-repair-eye-cream\/","title":{"rendered":"Krema proti podo\u010dnjakom s pol\u017ejo sluzjo <br\/> Mizon Snail Repair Eye Cream"},"content":{"rendered":"<p>Mizon Snail Repair Eye Cream za predel okoli o\u010di na osnovi filtrata pol\u017eje sluzi. Izdelek intenzivno obnavlja ko\u017eo, gladi gube in stimulira regeneracijo krvnih celic. Nahrani ko\u017eo z vitamini in minerali. Enkratna formula zagotavlja \u0161tevilne pozitivne u\u010dinke, kot je intenzivno celjenje po\u0161kodovane ko\u017ee, posvetlitev temnih predelov in ne\u017eelene pigmentacije ter vla\u017eenje ko\u017ee. Struktura kreme je rahlo viskozna, srednje gosta, zlahka se vpije, prodre globoko v ko\u017eo in jo takoj za\u010dne obnavljati in gladiti. Zaradi nizke molekulske mase aktivnih sestavin kreme, jo ko\u017ea zlahka absorbira. Redna uporaba kreme bo bistveno izbolj\u0161ala ko\u017eo okoli o\u010di &#8211; postala bo bolj enakomerna, elasti\u010dna, navla\u017eena. Podo\u010dnjaki bodo postali precej manj\u0161i in gubice manj opazne.<\/p>\n","protected":false},"excerpt":{"rendered":"<p>Krema za nego ob\u010dutljive ko\u017ee okrog o\u010di na osnovi pol\u017eje sluzi zgladi gube, osve\u017ei ko\u017eo okoli o\u010di in jo napolni s hranljivimi snovmi.<\/p>\n","protected":false},"featured_media":36866,"comment_status":"open","ping_status":"closed","template":"","meta":[],"product_cat":[1804,1784,1805,1767,1778,1782,1779],"product_tag":[4495,4511,4542,4549,4499,4565,4571,4590,4591],"bundle_layout":"","bundle_add_to_cart_form_location":"","bundle_editable_in_cart":false,"bundle_sold_individually_context":"","bundle_item_grouping":"","bundle_min_size":"","bundle_max_size":"","bundled_by":[],"bundled_items":[],"yoast_head":"<!-- This site is optimized with the Yoast SEO Premium plugin v22.2 (Yoast SEO v22.9) - https:\/\/yoast.com\/wordpress\/plugins\/seo\/ -->\n<title>Krema proti podo\u010dnjakom s pol\u017ejo sluzjo | Mizon Snail Repair Eye Cream - Pandeoshop<\/title>\n<meta name=\"description\" content=\"Krema za nego ob\u010dutljive ko\u017ee okrog o\u010di na osnovi pol\u017eje sluzi zgladi gube, osve\u017ei ko\u017eo okoli o\u010di in jo napolni s hranljivimi snovmi.\" \/>\n<meta name=\"robots\" content=\"index, follow, max-snippet:-1, max-image-preview:large, max-video-preview:-1\" \/>\n<link rel=\"canonical\" href=\"https:\/\/pandeoshop.com\/sl\/product\/mizon-snail-repair-eye-cream\/\" \/>\n<meta property=\"og:locale\" content=\"sl_SI\" \/>\n<meta property=\"og:type\" content=\"article\" \/>\n<meta property=\"og:title\" content=\"Krema proti podo\u010dnjakom s pol\u017ejo sluzjo | Mizon Snail Repair Eye Cream - Pandeoshop\" \/>\n<meta property=\"og:description\" content=\"Krema za nego ob\u010dutljive ko\u017ee okrog o\u010di na osnovi pol\u017eje sluzi zgladi gube, osve\u017ei ko\u017eo okoli o\u010di in jo napolni s hranljivimi snovmi.\" \/>\n<meta property=\"og:url\" content=\"https:\/\/pandeoshop.com\/product\/mizon-snail-repair-eye-cream\/\" \/>\n<meta property=\"og:site_name\" content=\"Pandeoshop\" \/>\n<meta property=\"article:publisher\" content=\"https:\/\/www.facebook.com\/pandeoshop\/\" \/>\n<meta property=\"article:modified_time\" content=\"2023-07-19T23:31:36+00:00\" \/>\n<meta property=\"og:image\" content=\"https:\/\/pandeoshop.com\/wp-content\/uploads\/mizon-snail-repair-eye-cream-1.jpeg\" \/>\n\t<meta property=\"og:image:width\" content=\"1000\" \/>\n\t<meta property=\"og:image:height\" content=\"1000\" \/>\n\t<meta property=\"og:image:type\" content=\"image\/jpeg\" \/>\n<meta name=\"twitter:card\" content=\"summary_large_image\" \/>\n<script type=\"application\/ld+json\" class=\"yoast-schema-graph\">{\"@context\":\"https:\/\/schema.org\",\"@graph\":[{\"@type\":\"WebPage\",\"@id\":\"https:\/\/pandeoshop.com\/sl\/izdelek\/krema-proti-podocnjakom-s-polzjo-sluzjo-mizon-snail-repair-eye-cream\/\",\"url\":\"https:\/\/pandeoshop.com\/product\/mizon-snail-repair-eye-cream\/\",\"name\":\"Krema proti podo\u010dnjakom s pol\u017ejo sluzjo | Mizon Snail Repair Eye Cream - Pandeoshop\",\"isPartOf\":{\"@id\":\"https:\/\/pandeoshop.com\/sl\/#website\"},\"primaryImageOfPage\":{\"@id\":\"https:\/\/pandeoshop.com\/product\/mizon-snail-repair-eye-cream\/#primaryimage\"},\"image\":{\"@id\":\"https:\/\/pandeoshop.com\/product\/mizon-snail-repair-eye-cream\/#primaryimage\"},\"thumbnailUrl\":\"https:\/\/pandeoshop.com\/wp-content\/uploads\/mizon-snail-repair-eye-cream-1.jpeg\",\"datePublished\":\"2022-09-17T15:51:52+00:00\",\"dateModified\":\"2023-07-19T23:31:36+00:00\",\"description\":\"Krema za nego ob\u010dutljive ko\u017ee okrog o\u010di na osnovi pol\u017eje sluzi zgladi gube, osve\u017ei ko\u017eo okoli o\u010di in jo napolni s hranljivimi snovmi.\",\"breadcrumb\":{\"@id\":\"https:\/\/pandeoshop.com\/product\/mizon-snail-repair-eye-cream\/#breadcrumb\"},\"inLanguage\":\"sl-SI\",\"potentialAction\":[{\"@type\":\"ReadAction\",\"target\":[\"https:\/\/pandeoshop.com\/product\/mizon-snail-repair-eye-cream\/\"]}]},{\"@type\":\"ImageObject\",\"inLanguage\":\"sl-SI\",\"@id\":\"https:\/\/pandeoshop.com\/product\/mizon-snail-repair-eye-cream\/#primaryimage\",\"url\":\"https:\/\/pandeoshop.com\/wp-content\/uploads\/mizon-snail-repair-eye-cream-1.jpeg\",\"contentUrl\":\"https:\/\/pandeoshop.com\/wp-content\/uploads\/mizon-snail-repair-eye-cream-1.jpeg\",\"width\":1000,\"height\":1000},{\"@type\":\"BreadcrumbList\",\"@id\":\"https:\/\/pandeoshop.com\/product\/mizon-snail-repair-eye-cream\/#breadcrumb\",\"itemListElement\":[{\"@type\":\"ListItem\",\"position\":1,\"name\":\"Domov\",\"item\":\"https:\/\/pandeoshop.com\/sl\/\"},{\"@type\":\"ListItem\",\"position\":2,\"name\":\"Trgovina\",\"item\":\"https:\/\/pandeoshop.com\/sl\/trgovina\/\"},{\"@type\":\"ListItem\",\"position\":3,\"name\":\"Blagovne znamke\",\"item\":\"https:\/\/pandeoshop.com\/sl\/category\/blagovne-znamke\/\"},{\"@type\":\"ListItem\",\"position\":4,\"name\":\"Mizon\",\"item\":\"https:\/\/pandeoshop.com\/sl\/category\/blagovne-znamke\/mizon-sl\/\"},{\"@type\":\"ListItem\",\"position\":5,\"name\":\"Krema proti podo\u010dnjakom s pol\u017ejo sluzjo Mizon Snail Repair Eye Cream\"}]},{\"@type\":\"WebSite\",\"@id\":\"https:\/\/pandeoshop.com\/sl\/#website\",\"url\":\"https:\/\/pandeoshop.com\/sl\/\",\"name\":\"Pandeoshop\",\"description\":\"\u0160e eno spleti\u0161\u010de WordPress\",\"publisher\":{\"@id\":\"https:\/\/pandeoshop.com\/sl\/#organization\"},\"potentialAction\":[{\"@type\":\"SearchAction\",\"target\":{\"@type\":\"EntryPoint\",\"urlTemplate\":\"https:\/\/pandeoshop.com\/sl\/?s={search_term_string}\"},\"query-input\":\"required name=search_term_string\"}],\"inLanguage\":\"sl-SI\"},{\"@type\":\"Organization\",\"@id\":\"https:\/\/pandeoshop.com\/sl\/#organization\",\"name\":\"Pandeoshop\",\"url\":\"https:\/\/pandeoshop.com\/sl\/\",\"logo\":{\"@type\":\"ImageObject\",\"inLanguage\":\"sl-SI\",\"@id\":\"https:\/\/pandeoshop.com\/sl\/#\/schema\/logo\/image\/\",\"url\":\"https:\/\/pandeoshop.com\/wp-content\/uploads\/pandeoshop_social_logo_no_textjpg.jpg\",\"contentUrl\":\"https:\/\/pandeoshop.com\/wp-content\/uploads\/pandeoshop_social_logo_no_textjpg.jpg\",\"width\":288,\"height\":201,\"caption\":\"Pandeoshop\"},\"image\":{\"@id\":\"https:\/\/pandeoshop.com\/sl\/#\/schema\/logo\/image\/\"},\"sameAs\":[\"https:\/\/www.facebook.com\/pandeoshop\/\",\"https:\/\/www.instagram.com\/pandeo_shop\/\"]}]}<\/script>\n<meta property=\"product:price:amount\" content=\"23.40\" \/>\n<meta property=\"product:price:currency\" content=\"EUR\" \/>\n<meta property=\"og:availability\" content=\"instock\" \/>\n<meta property=\"product:availability\" content=\"instock\" \/>\n<meta property=\"product:retailer_item_id\" content=\"HS10713\" \/>\n<meta property=\"product:condition\" content=\"new\" \/>\n<!-- \/ Yoast SEO Premium plugin. -->","yoast_head_json":{"title":"Krema proti podo\u010dnjakom s pol\u017ejo sluzjo | Mizon Snail Repair Eye Cream - Pandeoshop","description":"Krema za nego ob\u010dutljive ko\u017ee okrog o\u010di na osnovi pol\u017eje sluzi zgladi gube, osve\u017ei ko\u017eo okoli o\u010di in jo napolni s hranljivimi snovmi.","robots":{"index":"index","follow":"follow","max-snippet":"max-snippet:-1","max-image-preview":"max-image-preview:large","max-video-preview":"max-video-preview:-1"},"canonical":"https:\/\/pandeoshop.com\/sl\/product\/mizon-snail-repair-eye-cream\/","og_locale":"sl_SI","og_type":"article","og_title":"Krema proti podo\u010dnjakom s pol\u017ejo sluzjo | Mizon Snail Repair Eye Cream - Pandeoshop","og_description":"Krema za nego ob\u010dutljive ko\u017ee okrog o\u010di na osnovi pol\u017eje sluzi zgladi gube, osve\u017ei ko\u017eo okoli o\u010di in jo napolni s hranljivimi snovmi.","og_url":"https:\/\/pandeoshop.com\/product\/mizon-snail-repair-eye-cream\/","og_site_name":"Pandeoshop","article_publisher":"https:\/\/www.facebook.com\/pandeoshop\/","article_modified_time":"2023-07-19T23:31:36+00:00","og_image":[{"width":1000,"height":1000,"url":"https:\/\/pandeoshop.com\/wp-content\/uploads\/mizon-snail-repair-eye-cream-1.jpeg","type":"image\/jpeg"}],"twitter_card":"summary_large_image","schema":{"@context":"https:\/\/schema.org","@graph":[{"@type":"WebPage","@id":"https:\/\/pandeoshop.com\/sl\/izdelek\/krema-proti-podocnjakom-s-polzjo-sluzjo-mizon-snail-repair-eye-cream\/","url":"https:\/\/pandeoshop.com\/product\/mizon-snail-repair-eye-cream\/","name":"Krema proti podo\u010dnjakom s pol\u017ejo sluzjo | Mizon Snail Repair Eye Cream - Pandeoshop","isPartOf":{"@id":"https:\/\/pandeoshop.com\/sl\/#website"},"primaryImageOfPage":{"@id":"https:\/\/pandeoshop.com\/product\/mizon-snail-repair-eye-cream\/#primaryimage"},"image":{"@id":"https:\/\/pandeoshop.com\/product\/mizon-snail-repair-eye-cream\/#primaryimage"},"thumbnailUrl":"https:\/\/pandeoshop.com\/wp-content\/uploads\/mizon-snail-repair-eye-cream-1.jpeg","datePublished":"2022-09-17T15:51:52+00:00","dateModified":"2023-07-19T23:31:36+00:00","description":"Krema za nego ob\u010dutljive ko\u017ee okrog o\u010di na osnovi pol\u017eje sluzi zgladi gube, osve\u017ei ko\u017eo okoli o\u010di in jo napolni s hranljivimi snovmi.","breadcrumb":{"@id":"https:\/\/pandeoshop.com\/product\/mizon-snail-repair-eye-cream\/#breadcrumb"},"inLanguage":"sl-SI","potentialAction":[{"@type":"ReadAction","target":["https:\/\/pandeoshop.com\/product\/mizon-snail-repair-eye-cream\/"]}]},{"@type":"ImageObject","inLanguage":"sl-SI","@id":"https:\/\/pandeoshop.com\/product\/mizon-snail-repair-eye-cream\/#primaryimage","url":"https:\/\/pandeoshop.com\/wp-content\/uploads\/mizon-snail-repair-eye-cream-1.jpeg","contentUrl":"https:\/\/pandeoshop.com\/wp-content\/uploads\/mizon-snail-repair-eye-cream-1.jpeg","width":1000,"height":1000},{"@type":"BreadcrumbList","@id":"https:\/\/pandeoshop.com\/product\/mizon-snail-repair-eye-cream\/#breadcrumb","itemListElement":[{"@type":"ListItem","position":1,"name":"Domov","item":"https:\/\/pandeoshop.com\/sl\/"},{"@type":"ListItem","position":2,"name":"Trgovina","item":"https:\/\/pandeoshop.com\/sl\/trgovina\/"},{"@type":"ListItem","position":3,"name":"Blagovne znamke","item":"https:\/\/pandeoshop.com\/sl\/category\/blagovne-znamke\/"},{"@type":"ListItem","position":4,"name":"Mizon","item":"https:\/\/pandeoshop.com\/sl\/category\/blagovne-znamke\/mizon-sl\/"},{"@type":"ListItem","position":5,"name":"Krema proti podo\u010dnjakom s pol\u017ejo sluzjo Mizon Snail Repair Eye Cream"}]},{"@type":"WebSite","@id":"https:\/\/pandeoshop.com\/sl\/#website","url":"https:\/\/pandeoshop.com\/sl\/","name":"Pandeoshop","description":"\u0160e eno spleti\u0161\u010de WordPress","publisher":{"@id":"https:\/\/pandeoshop.com\/sl\/#organization"},"potentialAction":[{"@type":"SearchAction","target":{"@type":"EntryPoint","urlTemplate":"https:\/\/pandeoshop.com\/sl\/?s={search_term_string}"},"query-input":"required name=search_term_string"}],"inLanguage":"sl-SI"},{"@type":"Organization","@id":"https:\/\/pandeoshop.com\/sl\/#organization","name":"Pandeoshop","url":"https:\/\/pandeoshop.com\/sl\/","logo":{"@type":"ImageObject","inLanguage":"sl-SI","@id":"https:\/\/pandeoshop.com\/sl\/#\/schema\/logo\/image\/","url":"https:\/\/pandeoshop.com\/wp-content\/uploads\/pandeoshop_social_logo_no_textjpg.jpg","contentUrl":"https:\/\/pandeoshop.com\/wp-content\/uploads\/pandeoshop_social_logo_no_textjpg.jpg","width":288,"height":201,"caption":"Pandeoshop"},"image":{"@id":"https:\/\/pandeoshop.com\/sl\/#\/schema\/logo\/image\/"},"sameAs":["https:\/\/www.facebook.com\/pandeoshop\/","https:\/\/www.instagram.com\/pandeo_shop\/"]}]},"product_price_amount":"23.40","product_price_currency":"EUR","og_availability":"instock","product_availability":"instock","product_retailer_item_id":"HS10713","product_condition":"new"},"_links":{"self":[{"href":"https:\/\/pandeoshop.com\/sl\/wp-json\/wp\/v2\/product\/26720"}],"collection":[{"href":"https:\/\/pandeoshop.com\/sl\/wp-json\/wp\/v2\/product"}],"about":[{"href":"https:\/\/pandeoshop.com\/sl\/wp-json\/wp\/v2\/types\/product"}],"replies":[{"embeddable":true,"href":"https:\/\/pandeoshop.com\/sl\/wp-json\/wp\/v2\/comments?post=26720"}],"wp:featuredmedia":[{"embeddable":true,"href":"https:\/\/pandeoshop.com\/sl\/wp-json\/wp\/v2\/media\/36866"}],"wp:attachment":[{"href":"https:\/\/pandeoshop.com\/sl\/wp-json\/wp\/v2\/media?parent=26720"}],"wp:term":[{"taxonomy":"product_cat","embeddable":true,"href":"https:\/\/pandeoshop.com\/sl\/wp-json\/wp\/v2\/product_cat?post=26720"},{"taxonomy":"product_tag","embeddable":true,"href":"https:\/\/pandeoshop.com\/sl\/wp-json\/wp\/v2\/product_tag?post=26720"}],"curies":[{"name":"wp","href":"https:\/\/api.w.org\/{rel}","templated":true}]}}