{"id":26718,"date":"2022-10-25T23:17:14","date_gmt":"2022-09-17T15:51:52","guid":{"rendered":"https:\/\/pandeoshop.com\/product\/potovalni-set-s-polzjo-sluzjo-mizon-snail-miniature-set-of-four\/"},"modified":"2023-07-20T01:31:35","modified_gmt":"2023-07-19T23:31:35","slug":"potovalni-set-s-polzjo-sluzjo-mizon-snail-miniature-set-of-four","status":"publish","type":"product","link":"https:\/\/pandeoshop.com\/sl\/izdelek\/potovalni-set-s-polzjo-sluzjo-mizon-snail-miniature-set-of-four\/","title":{"rendered":"Potovalni set s pol\u017ejo sluzjo <br\/> Mizon Snail Miniature Set of Four"},"content":{"rendered":"<p>Mizon Snail Miniature Set of Four &#8211; Set miniaturk vsebuje:  Snail Repairing Foam Cleanser, Snail Repair Intensive Tonik, Snail Repair Intensive Essence, A\u200bll-in-one Snail Repair Cream. Glavna sestavina vseh teh izdelkov je pol\u017eja sluz, ki je multifunkcionalna sestavina in sicer spodbudi procese regeneracije, izbolj\u0161a elasti\u010dnost ko\u017ee, jo u\u010dvrsti, se aktivno bori z akne, post-akne in brazgotinami. Pol\u017eja sluz ima tudi anti-age lastnosti. Set je primeren kot darilo ter je lahko nepogre\u0161ljiv pripomo\u010dek na potovanju!<\/p>\n","protected":false},"excerpt":{"rendered":"<p>Set miniaturk vklju\u010duje \u010distilno peno, tonik, esenco in kremo za obraz na osnovi pol\u017eje sluzi.<\/p>\n","protected":false},"featured_media":36811,"comment_status":"open","ping_status":"closed","template":"","meta":[],"product_cat":[1755,1720,1726,1725,1756,1721,1751,1738,1730,1718,1722,1724,1735,1804,1774,1769,1775,1784,1800,1805,1767,1770,1771,1787,1779,1773],"product_tag":[5237,5126],"bundle_layout":"","bundle_add_to_cart_form_location":"","bundle_editable_in_cart":false,"bundle_sold_individually_context":"","bundle_item_grouping":"","bundle_min_size":"","bundle_max_size":"","bundled_by":[],"bundled_items":[],"yoast_head":"<!-- This site is optimized with the Yoast SEO Premium plugin v22.2 (Yoast SEO v22.9) - https:\/\/yoast.com\/wordpress\/plugins\/seo\/ -->\n<title>Potovalni set s pol\u017ejo sluzjo | Mizon Snail Miniature Set of Four - Pandeoshop<\/title>\n<meta name=\"description\" content=\"Set miniaturk vklju\u010duje \u010distilno peno, tonik, esenco in kremo za obraz na osnovi pol\u017eje sluzi.\" \/>\n<meta name=\"robots\" content=\"index, follow, max-snippet:-1, max-image-preview:large, max-video-preview:-1\" \/>\n<link rel=\"canonical\" href=\"https:\/\/pandeoshop.com\/sl\/product\/mizon-snail-miniature-set-of-four\/\" \/>\n<meta property=\"og:locale\" content=\"sl_SI\" \/>\n<meta property=\"og:type\" content=\"article\" \/>\n<meta property=\"og:title\" content=\"Potovalni set s pol\u017ejo sluzjo | Mizon Snail Miniature Set of Four - Pandeoshop\" \/>\n<meta property=\"og:description\" content=\"Set miniaturk vklju\u010duje \u010distilno peno, tonik, esenco in kremo za obraz na osnovi pol\u017eje sluzi.\" \/>\n<meta property=\"og:url\" content=\"https:\/\/pandeoshop.com\/product\/mizon-snail-miniature-set-of-four\/\" \/>\n<meta property=\"og:site_name\" content=\"Pandeoshop\" \/>\n<meta property=\"article:publisher\" content=\"https:\/\/www.facebook.com\/pandeoshop\/\" \/>\n<meta property=\"article:modified_time\" content=\"2023-07-19T23:31:35+00:00\" \/>\n<meta property=\"og:image\" content=\"https:\/\/pandeoshop.com\/wp-content\/uploads\/mizon-snail-miniature-set-1.jpeg\" \/>\n\t<meta property=\"og:image:width\" content=\"1000\" \/>\n\t<meta property=\"og:image:height\" content=\"1000\" \/>\n\t<meta property=\"og:image:type\" content=\"image\/jpeg\" \/>\n<meta name=\"twitter:card\" content=\"summary_large_image\" \/>\n<script type=\"application\/ld+json\" class=\"yoast-schema-graph\">{\"@context\":\"https:\/\/schema.org\",\"@graph\":[{\"@type\":\"WebPage\",\"@id\":\"https:\/\/pandeoshop.com\/sl\/izdelek\/potovalni-set-s-polzjo-sluzjo-mizon-snail-miniature-set-of-four\/\",\"url\":\"https:\/\/pandeoshop.com\/product\/mizon-snail-miniature-set-of-four\/\",\"name\":\"Potovalni set s pol\u017ejo sluzjo | Mizon Snail Miniature Set of Four - Pandeoshop\",\"isPartOf\":{\"@id\":\"https:\/\/pandeoshop.com\/sl\/#website\"},\"primaryImageOfPage\":{\"@id\":\"https:\/\/pandeoshop.com\/product\/mizon-snail-miniature-set-of-four\/#primaryimage\"},\"image\":{\"@id\":\"https:\/\/pandeoshop.com\/product\/mizon-snail-miniature-set-of-four\/#primaryimage\"},\"thumbnailUrl\":\"https:\/\/pandeoshop.com\/wp-content\/uploads\/mizon-snail-miniature-set-1.jpeg\",\"datePublished\":\"2022-09-17T15:51:52+00:00\",\"dateModified\":\"2023-07-19T23:31:35+00:00\",\"description\":\"Set miniaturk vklju\u010duje \u010distilno peno, tonik, esenco in kremo za obraz na osnovi pol\u017eje sluzi.\",\"breadcrumb\":{\"@id\":\"https:\/\/pandeoshop.com\/product\/mizon-snail-miniature-set-of-four\/#breadcrumb\"},\"inLanguage\":\"sl-SI\",\"potentialAction\":[{\"@type\":\"ReadAction\",\"target\":[\"https:\/\/pandeoshop.com\/product\/mizon-snail-miniature-set-of-four\/\"]}]},{\"@type\":\"ImageObject\",\"inLanguage\":\"sl-SI\",\"@id\":\"https:\/\/pandeoshop.com\/product\/mizon-snail-miniature-set-of-four\/#primaryimage\",\"url\":\"https:\/\/pandeoshop.com\/wp-content\/uploads\/mizon-snail-miniature-set-1.jpeg\",\"contentUrl\":\"https:\/\/pandeoshop.com\/wp-content\/uploads\/mizon-snail-miniature-set-1.jpeg\",\"width\":1000,\"height\":1000},{\"@type\":\"BreadcrumbList\",\"@id\":\"https:\/\/pandeoshop.com\/product\/mizon-snail-miniature-set-of-four\/#breadcrumb\",\"itemListElement\":[{\"@type\":\"ListItem\",\"position\":1,\"name\":\"Domov\",\"item\":\"https:\/\/pandeoshop.com\/sl\/\"},{\"@type\":\"ListItem\",\"position\":2,\"name\":\"Trgovina\",\"item\":\"https:\/\/pandeoshop.com\/sl\/trgovina\/\"},{\"@type\":\"ListItem\",\"position\":3,\"name\":\"Blagovne znamke\",\"item\":\"https:\/\/pandeoshop.com\/sl\/category\/blagovne-znamke\/\"},{\"@type\":\"ListItem\",\"position\":4,\"name\":\"Mizon\",\"item\":\"https:\/\/pandeoshop.com\/sl\/category\/blagovne-znamke\/mizon-sl\/\"},{\"@type\":\"ListItem\",\"position\":5,\"name\":\"Potovalni set s pol\u017ejo sluzjo Mizon Snail Miniature Set of Four\"}]},{\"@type\":\"WebSite\",\"@id\":\"https:\/\/pandeoshop.com\/sl\/#website\",\"url\":\"https:\/\/pandeoshop.com\/sl\/\",\"name\":\"Pandeoshop\",\"description\":\"\u0160e eno spleti\u0161\u010de WordPress\",\"publisher\":{\"@id\":\"https:\/\/pandeoshop.com\/sl\/#organization\"},\"potentialAction\":[{\"@type\":\"SearchAction\",\"target\":{\"@type\":\"EntryPoint\",\"urlTemplate\":\"https:\/\/pandeoshop.com\/sl\/?s={search_term_string}\"},\"query-input\":\"required name=search_term_string\"}],\"inLanguage\":\"sl-SI\"},{\"@type\":\"Organization\",\"@id\":\"https:\/\/pandeoshop.com\/sl\/#organization\",\"name\":\"Pandeoshop\",\"url\":\"https:\/\/pandeoshop.com\/sl\/\",\"logo\":{\"@type\":\"ImageObject\",\"inLanguage\":\"sl-SI\",\"@id\":\"https:\/\/pandeoshop.com\/sl\/#\/schema\/logo\/image\/\",\"url\":\"https:\/\/pandeoshop.com\/wp-content\/uploads\/pandeoshop_social_logo_no_textjpg.jpg\",\"contentUrl\":\"https:\/\/pandeoshop.com\/wp-content\/uploads\/pandeoshop_social_logo_no_textjpg.jpg\",\"width\":288,\"height\":201,\"caption\":\"Pandeoshop\"},\"image\":{\"@id\":\"https:\/\/pandeoshop.com\/sl\/#\/schema\/logo\/image\/\"},\"sameAs\":[\"https:\/\/www.facebook.com\/pandeoshop\/\",\"https:\/\/www.instagram.com\/pandeo_shop\/\"]}]}<\/script>\n<meta property=\"product:price:amount\" content=\"29.72\" \/>\n<meta property=\"product:price:currency\" content=\"EUR\" \/>\n<meta property=\"og:availability\" content=\"instock\" \/>\n<meta property=\"product:availability\" content=\"instock\" \/>\n<meta property=\"product:retailer_item_id\" content=\"HS10711\" \/>\n<meta property=\"product:condition\" content=\"new\" \/>\n<!-- \/ Yoast SEO Premium plugin. -->","yoast_head_json":{"title":"Potovalni set s pol\u017ejo sluzjo | Mizon Snail Miniature Set of Four - Pandeoshop","description":"Set miniaturk vklju\u010duje \u010distilno peno, tonik, esenco in kremo za obraz na osnovi pol\u017eje sluzi.","robots":{"index":"index","follow":"follow","max-snippet":"max-snippet:-1","max-image-preview":"max-image-preview:large","max-video-preview":"max-video-preview:-1"},"canonical":"https:\/\/pandeoshop.com\/sl\/product\/mizon-snail-miniature-set-of-four\/","og_locale":"sl_SI","og_type":"article","og_title":"Potovalni set s pol\u017ejo sluzjo | Mizon Snail Miniature Set of Four - Pandeoshop","og_description":"Set miniaturk vklju\u010duje \u010distilno peno, tonik, esenco in kremo za obraz na osnovi pol\u017eje sluzi.","og_url":"https:\/\/pandeoshop.com\/product\/mizon-snail-miniature-set-of-four\/","og_site_name":"Pandeoshop","article_publisher":"https:\/\/www.facebook.com\/pandeoshop\/","article_modified_time":"2023-07-19T23:31:35+00:00","og_image":[{"width":1000,"height":1000,"url":"https:\/\/pandeoshop.com\/wp-content\/uploads\/mizon-snail-miniature-set-1.jpeg","type":"image\/jpeg"}],"twitter_card":"summary_large_image","schema":{"@context":"https:\/\/schema.org","@graph":[{"@type":"WebPage","@id":"https:\/\/pandeoshop.com\/sl\/izdelek\/potovalni-set-s-polzjo-sluzjo-mizon-snail-miniature-set-of-four\/","url":"https:\/\/pandeoshop.com\/product\/mizon-snail-miniature-set-of-four\/","name":"Potovalni set s pol\u017ejo sluzjo | Mizon Snail Miniature Set of Four - Pandeoshop","isPartOf":{"@id":"https:\/\/pandeoshop.com\/sl\/#website"},"primaryImageOfPage":{"@id":"https:\/\/pandeoshop.com\/product\/mizon-snail-miniature-set-of-four\/#primaryimage"},"image":{"@id":"https:\/\/pandeoshop.com\/product\/mizon-snail-miniature-set-of-four\/#primaryimage"},"thumbnailUrl":"https:\/\/pandeoshop.com\/wp-content\/uploads\/mizon-snail-miniature-set-1.jpeg","datePublished":"2022-09-17T15:51:52+00:00","dateModified":"2023-07-19T23:31:35+00:00","description":"Set miniaturk vklju\u010duje \u010distilno peno, tonik, esenco in kremo za obraz na osnovi pol\u017eje sluzi.","breadcrumb":{"@id":"https:\/\/pandeoshop.com\/product\/mizon-snail-miniature-set-of-four\/#breadcrumb"},"inLanguage":"sl-SI","potentialAction":[{"@type":"ReadAction","target":["https:\/\/pandeoshop.com\/product\/mizon-snail-miniature-set-of-four\/"]}]},{"@type":"ImageObject","inLanguage":"sl-SI","@id":"https:\/\/pandeoshop.com\/product\/mizon-snail-miniature-set-of-four\/#primaryimage","url":"https:\/\/pandeoshop.com\/wp-content\/uploads\/mizon-snail-miniature-set-1.jpeg","contentUrl":"https:\/\/pandeoshop.com\/wp-content\/uploads\/mizon-snail-miniature-set-1.jpeg","width":1000,"height":1000},{"@type":"BreadcrumbList","@id":"https:\/\/pandeoshop.com\/product\/mizon-snail-miniature-set-of-four\/#breadcrumb","itemListElement":[{"@type":"ListItem","position":1,"name":"Domov","item":"https:\/\/pandeoshop.com\/sl\/"},{"@type":"ListItem","position":2,"name":"Trgovina","item":"https:\/\/pandeoshop.com\/sl\/trgovina\/"},{"@type":"ListItem","position":3,"name":"Blagovne znamke","item":"https:\/\/pandeoshop.com\/sl\/category\/blagovne-znamke\/"},{"@type":"ListItem","position":4,"name":"Mizon","item":"https:\/\/pandeoshop.com\/sl\/category\/blagovne-znamke\/mizon-sl\/"},{"@type":"ListItem","position":5,"name":"Potovalni set s pol\u017ejo sluzjo Mizon Snail Miniature Set of Four"}]},{"@type":"WebSite","@id":"https:\/\/pandeoshop.com\/sl\/#website","url":"https:\/\/pandeoshop.com\/sl\/","name":"Pandeoshop","description":"\u0160e eno spleti\u0161\u010de WordPress","publisher":{"@id":"https:\/\/pandeoshop.com\/sl\/#organization"},"potentialAction":[{"@type":"SearchAction","target":{"@type":"EntryPoint","urlTemplate":"https:\/\/pandeoshop.com\/sl\/?s={search_term_string}"},"query-input":"required name=search_term_string"}],"inLanguage":"sl-SI"},{"@type":"Organization","@id":"https:\/\/pandeoshop.com\/sl\/#organization","name":"Pandeoshop","url":"https:\/\/pandeoshop.com\/sl\/","logo":{"@type":"ImageObject","inLanguage":"sl-SI","@id":"https:\/\/pandeoshop.com\/sl\/#\/schema\/logo\/image\/","url":"https:\/\/pandeoshop.com\/wp-content\/uploads\/pandeoshop_social_logo_no_textjpg.jpg","contentUrl":"https:\/\/pandeoshop.com\/wp-content\/uploads\/pandeoshop_social_logo_no_textjpg.jpg","width":288,"height":201,"caption":"Pandeoshop"},"image":{"@id":"https:\/\/pandeoshop.com\/sl\/#\/schema\/logo\/image\/"},"sameAs":["https:\/\/www.facebook.com\/pandeoshop\/","https:\/\/www.instagram.com\/pandeo_shop\/"]}]},"product_price_amount":"29.72","product_price_currency":"EUR","og_availability":"instock","product_availability":"instock","product_retailer_item_id":"HS10711","product_condition":"new"},"_links":{"self":[{"href":"https:\/\/pandeoshop.com\/sl\/wp-json\/wp\/v2\/product\/26718"}],"collection":[{"href":"https:\/\/pandeoshop.com\/sl\/wp-json\/wp\/v2\/product"}],"about":[{"href":"https:\/\/pandeoshop.com\/sl\/wp-json\/wp\/v2\/types\/product"}],"replies":[{"embeddable":true,"href":"https:\/\/pandeoshop.com\/sl\/wp-json\/wp\/v2\/comments?post=26718"}],"wp:featuredmedia":[{"embeddable":true,"href":"https:\/\/pandeoshop.com\/sl\/wp-json\/wp\/v2\/media\/36811"}],"wp:attachment":[{"href":"https:\/\/pandeoshop.com\/sl\/wp-json\/wp\/v2\/media?parent=26718"}],"wp:term":[{"taxonomy":"product_cat","embeddable":true,"href":"https:\/\/pandeoshop.com\/sl\/wp-json\/wp\/v2\/product_cat?post=26718"},{"taxonomy":"product_tag","embeddable":true,"href":"https:\/\/pandeoshop.com\/sl\/wp-json\/wp\/v2\/product_tag?post=26718"}],"curies":[{"name":"wp","href":"https:\/\/api.w.org\/{rel}","templated":true}]}}