{"id":26705,"date":"2022-10-25T23:17:14","date_gmt":"2022-09-17T15:51:52","guid":{"rendered":"https:\/\/pandeoshop.com\/product\/oblizi-za-oci-z-bisernim-izvleckom-mizon-pure-pearl-eye-gel-patch\/"},"modified":"2024-01-04T14:11:59","modified_gmt":"2024-01-04T13:11:59","slug":"oblizi-za-oci-z-bisernim-izvleckom-mizon-pure-pearl-eye-gel-patch","status":"publish","type":"product","link":"https:\/\/pandeoshop.com\/sl\/izdelek\/oblizi-za-oci-z-bisernim-izvleckom-mizon-pure-pearl-eye-gel-patch\/","title":{"rendered":"Obli\u017ei za o\u010di z bisernim izvle\u010dkom <br\/> Mizon Pure Pearl Eye Gel Patch"},"content":{"rendered":"<p>Mizon Pure Pearl Eye Gel Patch so visokofunkcionalni obli\u017ei na osnovi izvle\u010dka belih biserov. Cvetli\u010dni kompeks naredi ko\u017eo sijo\u010do in zdravo. Biser in diamantni prah poskrbita za sijo\u010di izgled, medtem ko beli biser in diamantni prah poskrbita za zdrav sijaj ko\u017ee.  Alantoin in tokoferol ko\u017eo nahranita, navla\u017eita in pomirita. Izvle\u010dek ro\u017ei\u010da nudi vitalnost ko\u017ei okoli o\u010di. Hidrogelni obli\u017ei zagotavljajo intenzivno nego predela okoli o\u010di, ko\u017eo posvetlijo in osve\u017eijo. Izdelek zagotavlja opazen lifting u\u010dinek, hkrati delujejo kot detoks. Obli\u017ei so primerni tudi za najbolj ob\u010dutljivo ko\u017eo, saj vsebujejo kar  95 % naravnih sestavin in so dermatolo\u0161ko testirani.<\/p>\n","protected":false},"excerpt":{"rendered":"<p>Obli\u017ei za o\u010di z izvle\u010dkom belih biserov ko\u017eo naredijo sve\u017eo in sijo\u010do, jo posvetlijo, napolnijo z vlago in poskrbijo za lifting u\u010dinek.<\/p>\n","protected":false},"featured_media":36721,"comment_status":"open","ping_status":"closed","template":"","meta":[],"product_cat":[1804,1784,1780,1785,1805,1767,1778,1781,1782,1783,1779,1802,1786],"product_tag":[4495,4570,4533,4542,4521,4598],"bundle_layout":"","bundle_add_to_cart_form_location":"","bundle_editable_in_cart":false,"bundle_sold_individually_context":"","bundle_item_grouping":"","bundle_min_size":"","bundle_max_size":"","bundled_by":[],"bundled_items":[],"yoast_head":"<!-- This site is optimized with the Yoast SEO Premium plugin v22.2 (Yoast SEO v22.9) - https:\/\/yoast.com\/wordpress\/plugins\/seo\/ -->\n<title>Obli\u017ei za o\u010di z bisernim izvle\u010dkom | Mizon Pure Pearl Eye Gel Patch - Pandeoshop<\/title>\n<meta name=\"description\" content=\"Obli\u017ei za o\u010di z izvle\u010dkom belih biserov ko\u017eo naredijo sve\u017eo in sijo\u010do, jo posvetlijo, napolnijo z vlago in poskrbijo za lifting u\u010dinek.\" \/>\n<meta name=\"robots\" content=\"index, follow, max-snippet:-1, max-image-preview:large, max-video-preview:-1\" \/>\n<link rel=\"canonical\" href=\"https:\/\/pandeoshop.com\/sl\/product\/mizon-pure-pearl-eye-gel-patch\/\" \/>\n<meta property=\"og:locale\" content=\"sl_SI\" \/>\n<meta property=\"og:type\" content=\"article\" \/>\n<meta property=\"og:title\" content=\"Obli\u017ei za o\u010di z bisernim izvle\u010dkom | Mizon Pure Pearl Eye Gel Patch - Pandeoshop\" \/>\n<meta property=\"og:description\" content=\"Obli\u017ei za o\u010di z izvle\u010dkom belih biserov ko\u017eo naredijo sve\u017eo in sijo\u010do, jo posvetlijo, napolnijo z vlago in poskrbijo za lifting u\u010dinek.\" \/>\n<meta property=\"og:url\" content=\"https:\/\/pandeoshop.com\/product\/mizon-pure-pearl-eye-gel-patch\/\" \/>\n<meta property=\"og:site_name\" content=\"Pandeoshop\" \/>\n<meta property=\"article:publisher\" content=\"https:\/\/www.facebook.com\/pandeoshop\/\" \/>\n<meta property=\"article:modified_time\" content=\"2024-01-04T13:11:59+00:00\" \/>\n<meta property=\"og:image\" content=\"https:\/\/pandeoshop.com\/wp-content\/uploads\/mizon-pure-pearl-eye-gel-patch-1.jpeg\" \/>\n\t<meta property=\"og:image:width\" content=\"1000\" \/>\n\t<meta property=\"og:image:height\" content=\"1000\" \/>\n\t<meta property=\"og:image:type\" content=\"image\/jpeg\" \/>\n<meta name=\"twitter:card\" content=\"summary_large_image\" \/>\n<script type=\"application\/ld+json\" class=\"yoast-schema-graph\">{\"@context\":\"https:\/\/schema.org\",\"@graph\":[{\"@type\":\"WebPage\",\"@id\":\"https:\/\/pandeoshop.com\/sl\/izdelek\/oblizi-za-oci-z-bisernim-izvleckom-mizon-pure-pearl-eye-gel-patch\/\",\"url\":\"https:\/\/pandeoshop.com\/product\/mizon-pure-pearl-eye-gel-patch\/\",\"name\":\"Obli\u017ei za o\u010di z bisernim izvle\u010dkom | Mizon Pure Pearl Eye Gel Patch - Pandeoshop\",\"isPartOf\":{\"@id\":\"https:\/\/pandeoshop.com\/sl\/#website\"},\"primaryImageOfPage\":{\"@id\":\"https:\/\/pandeoshop.com\/product\/mizon-pure-pearl-eye-gel-patch\/#primaryimage\"},\"image\":{\"@id\":\"https:\/\/pandeoshop.com\/product\/mizon-pure-pearl-eye-gel-patch\/#primaryimage\"},\"thumbnailUrl\":\"https:\/\/pandeoshop.com\/wp-content\/uploads\/mizon-pure-pearl-eye-gel-patch-1.jpeg\",\"datePublished\":\"2022-09-17T15:51:52+00:00\",\"dateModified\":\"2024-01-04T13:11:59+00:00\",\"description\":\"Obli\u017ei za o\u010di z izvle\u010dkom belih biserov ko\u017eo naredijo sve\u017eo in sijo\u010do, jo posvetlijo, napolnijo z vlago in poskrbijo za lifting u\u010dinek.\",\"breadcrumb\":{\"@id\":\"https:\/\/pandeoshop.com\/product\/mizon-pure-pearl-eye-gel-patch\/#breadcrumb\"},\"inLanguage\":\"sl-SI\",\"potentialAction\":[{\"@type\":\"ReadAction\",\"target\":[\"https:\/\/pandeoshop.com\/product\/mizon-pure-pearl-eye-gel-patch\/\"]}]},{\"@type\":\"ImageObject\",\"inLanguage\":\"sl-SI\",\"@id\":\"https:\/\/pandeoshop.com\/product\/mizon-pure-pearl-eye-gel-patch\/#primaryimage\",\"url\":\"https:\/\/pandeoshop.com\/wp-content\/uploads\/mizon-pure-pearl-eye-gel-patch-1.jpeg\",\"contentUrl\":\"https:\/\/pandeoshop.com\/wp-content\/uploads\/mizon-pure-pearl-eye-gel-patch-1.jpeg\",\"width\":1000,\"height\":1000},{\"@type\":\"BreadcrumbList\",\"@id\":\"https:\/\/pandeoshop.com\/product\/mizon-pure-pearl-eye-gel-patch\/#breadcrumb\",\"itemListElement\":[{\"@type\":\"ListItem\",\"position\":1,\"name\":\"Domov\",\"item\":\"https:\/\/pandeoshop.com\/sl\/\"},{\"@type\":\"ListItem\",\"position\":2,\"name\":\"Trgovina\",\"item\":\"https:\/\/pandeoshop.com\/sl\/trgovina\/\"},{\"@type\":\"ListItem\",\"position\":3,\"name\":\"Blagovne znamke\",\"item\":\"https:\/\/pandeoshop.com\/sl\/category\/blagovne-znamke\/\"},{\"@type\":\"ListItem\",\"position\":4,\"name\":\"Mizon\",\"item\":\"https:\/\/pandeoshop.com\/sl\/category\/blagovne-znamke\/mizon-sl\/\"},{\"@type\":\"ListItem\",\"position\":5,\"name\":\"Obli\u017ei za o\u010di z bisernim izvle\u010dkom Mizon Pure Pearl Eye Gel Patch\"}]},{\"@type\":\"WebSite\",\"@id\":\"https:\/\/pandeoshop.com\/sl\/#website\",\"url\":\"https:\/\/pandeoshop.com\/sl\/\",\"name\":\"Pandeoshop\",\"description\":\"\u0160e eno spleti\u0161\u010de WordPress\",\"publisher\":{\"@id\":\"https:\/\/pandeoshop.com\/sl\/#organization\"},\"potentialAction\":[{\"@type\":\"SearchAction\",\"target\":{\"@type\":\"EntryPoint\",\"urlTemplate\":\"https:\/\/pandeoshop.com\/sl\/?s={search_term_string}\"},\"query-input\":\"required name=search_term_string\"}],\"inLanguage\":\"sl-SI\"},{\"@type\":\"Organization\",\"@id\":\"https:\/\/pandeoshop.com\/sl\/#organization\",\"name\":\"Pandeoshop\",\"url\":\"https:\/\/pandeoshop.com\/sl\/\",\"logo\":{\"@type\":\"ImageObject\",\"inLanguage\":\"sl-SI\",\"@id\":\"https:\/\/pandeoshop.com\/sl\/#\/schema\/logo\/image\/\",\"url\":\"https:\/\/pandeoshop.com\/wp-content\/uploads\/pandeoshop_social_logo_no_textjpg.jpg\",\"contentUrl\":\"https:\/\/pandeoshop.com\/wp-content\/uploads\/pandeoshop_social_logo_no_textjpg.jpg\",\"width\":288,\"height\":201,\"caption\":\"Pandeoshop\"},\"image\":{\"@id\":\"https:\/\/pandeoshop.com\/sl\/#\/schema\/logo\/image\/\"},\"sameAs\":[\"https:\/\/www.facebook.com\/pandeoshop\/\",\"https:\/\/www.instagram.com\/pandeo_shop\/\"]}]}<\/script>\n<meta property=\"product:price:amount\" content=\"27.79\" \/>\n<meta property=\"product:price:currency\" content=\"EUR\" \/>\n<meta property=\"og:availability\" content=\"instock\" \/>\n<meta property=\"product:availability\" content=\"instock\" \/>\n<meta property=\"product:retailer_item_id\" content=\"HS10700\" \/>\n<meta property=\"product:condition\" content=\"new\" \/>\n<!-- \/ Yoast SEO Premium plugin. -->","yoast_head_json":{"title":"Obli\u017ei za o\u010di z bisernim izvle\u010dkom | Mizon Pure Pearl Eye Gel Patch - Pandeoshop","description":"Obli\u017ei za o\u010di z izvle\u010dkom belih biserov ko\u017eo naredijo sve\u017eo in sijo\u010do, jo posvetlijo, napolnijo z vlago in poskrbijo za lifting u\u010dinek.","robots":{"index":"index","follow":"follow","max-snippet":"max-snippet:-1","max-image-preview":"max-image-preview:large","max-video-preview":"max-video-preview:-1"},"canonical":"https:\/\/pandeoshop.com\/sl\/product\/mizon-pure-pearl-eye-gel-patch\/","og_locale":"sl_SI","og_type":"article","og_title":"Obli\u017ei za o\u010di z bisernim izvle\u010dkom | Mizon Pure Pearl Eye Gel Patch - Pandeoshop","og_description":"Obli\u017ei za o\u010di z izvle\u010dkom belih biserov ko\u017eo naredijo sve\u017eo in sijo\u010do, jo posvetlijo, napolnijo z vlago in poskrbijo za lifting u\u010dinek.","og_url":"https:\/\/pandeoshop.com\/product\/mizon-pure-pearl-eye-gel-patch\/","og_site_name":"Pandeoshop","article_publisher":"https:\/\/www.facebook.com\/pandeoshop\/","article_modified_time":"2024-01-04T13:11:59+00:00","og_image":[{"width":1000,"height":1000,"url":"https:\/\/pandeoshop.com\/wp-content\/uploads\/mizon-pure-pearl-eye-gel-patch-1.jpeg","type":"image\/jpeg"}],"twitter_card":"summary_large_image","schema":{"@context":"https:\/\/schema.org","@graph":[{"@type":"WebPage","@id":"https:\/\/pandeoshop.com\/sl\/izdelek\/oblizi-za-oci-z-bisernim-izvleckom-mizon-pure-pearl-eye-gel-patch\/","url":"https:\/\/pandeoshop.com\/product\/mizon-pure-pearl-eye-gel-patch\/","name":"Obli\u017ei za o\u010di z bisernim izvle\u010dkom | Mizon Pure Pearl Eye Gel Patch - Pandeoshop","isPartOf":{"@id":"https:\/\/pandeoshop.com\/sl\/#website"},"primaryImageOfPage":{"@id":"https:\/\/pandeoshop.com\/product\/mizon-pure-pearl-eye-gel-patch\/#primaryimage"},"image":{"@id":"https:\/\/pandeoshop.com\/product\/mizon-pure-pearl-eye-gel-patch\/#primaryimage"},"thumbnailUrl":"https:\/\/pandeoshop.com\/wp-content\/uploads\/mizon-pure-pearl-eye-gel-patch-1.jpeg","datePublished":"2022-09-17T15:51:52+00:00","dateModified":"2024-01-04T13:11:59+00:00","description":"Obli\u017ei za o\u010di z izvle\u010dkom belih biserov ko\u017eo naredijo sve\u017eo in sijo\u010do, jo posvetlijo, napolnijo z vlago in poskrbijo za lifting u\u010dinek.","breadcrumb":{"@id":"https:\/\/pandeoshop.com\/product\/mizon-pure-pearl-eye-gel-patch\/#breadcrumb"},"inLanguage":"sl-SI","potentialAction":[{"@type":"ReadAction","target":["https:\/\/pandeoshop.com\/product\/mizon-pure-pearl-eye-gel-patch\/"]}]},{"@type":"ImageObject","inLanguage":"sl-SI","@id":"https:\/\/pandeoshop.com\/product\/mizon-pure-pearl-eye-gel-patch\/#primaryimage","url":"https:\/\/pandeoshop.com\/wp-content\/uploads\/mizon-pure-pearl-eye-gel-patch-1.jpeg","contentUrl":"https:\/\/pandeoshop.com\/wp-content\/uploads\/mizon-pure-pearl-eye-gel-patch-1.jpeg","width":1000,"height":1000},{"@type":"BreadcrumbList","@id":"https:\/\/pandeoshop.com\/product\/mizon-pure-pearl-eye-gel-patch\/#breadcrumb","itemListElement":[{"@type":"ListItem","position":1,"name":"Domov","item":"https:\/\/pandeoshop.com\/sl\/"},{"@type":"ListItem","position":2,"name":"Trgovina","item":"https:\/\/pandeoshop.com\/sl\/trgovina\/"},{"@type":"ListItem","position":3,"name":"Blagovne znamke","item":"https:\/\/pandeoshop.com\/sl\/category\/blagovne-znamke\/"},{"@type":"ListItem","position":4,"name":"Mizon","item":"https:\/\/pandeoshop.com\/sl\/category\/blagovne-znamke\/mizon-sl\/"},{"@type":"ListItem","position":5,"name":"Obli\u017ei za o\u010di z bisernim izvle\u010dkom Mizon Pure Pearl Eye Gel Patch"}]},{"@type":"WebSite","@id":"https:\/\/pandeoshop.com\/sl\/#website","url":"https:\/\/pandeoshop.com\/sl\/","name":"Pandeoshop","description":"\u0160e eno spleti\u0161\u010de WordPress","publisher":{"@id":"https:\/\/pandeoshop.com\/sl\/#organization"},"potentialAction":[{"@type":"SearchAction","target":{"@type":"EntryPoint","urlTemplate":"https:\/\/pandeoshop.com\/sl\/?s={search_term_string}"},"query-input":"required name=search_term_string"}],"inLanguage":"sl-SI"},{"@type":"Organization","@id":"https:\/\/pandeoshop.com\/sl\/#organization","name":"Pandeoshop","url":"https:\/\/pandeoshop.com\/sl\/","logo":{"@type":"ImageObject","inLanguage":"sl-SI","@id":"https:\/\/pandeoshop.com\/sl\/#\/schema\/logo\/image\/","url":"https:\/\/pandeoshop.com\/wp-content\/uploads\/pandeoshop_social_logo_no_textjpg.jpg","contentUrl":"https:\/\/pandeoshop.com\/wp-content\/uploads\/pandeoshop_social_logo_no_textjpg.jpg","width":288,"height":201,"caption":"Pandeoshop"},"image":{"@id":"https:\/\/pandeoshop.com\/sl\/#\/schema\/logo\/image\/"},"sameAs":["https:\/\/www.facebook.com\/pandeoshop\/","https:\/\/www.instagram.com\/pandeo_shop\/"]}]},"product_price_amount":"27.79","product_price_currency":"EUR","og_availability":"instock","product_availability":"instock","product_retailer_item_id":"HS10700","product_condition":"new"},"_links":{"self":[{"href":"https:\/\/pandeoshop.com\/sl\/wp-json\/wp\/v2\/product\/26705"}],"collection":[{"href":"https:\/\/pandeoshop.com\/sl\/wp-json\/wp\/v2\/product"}],"about":[{"href":"https:\/\/pandeoshop.com\/sl\/wp-json\/wp\/v2\/types\/product"}],"replies":[{"embeddable":true,"href":"https:\/\/pandeoshop.com\/sl\/wp-json\/wp\/v2\/comments?post=26705"}],"wp:featuredmedia":[{"embeddable":true,"href":"https:\/\/pandeoshop.com\/sl\/wp-json\/wp\/v2\/media\/36721"}],"wp:attachment":[{"href":"https:\/\/pandeoshop.com\/sl\/wp-json\/wp\/v2\/media?parent=26705"}],"wp:term":[{"taxonomy":"product_cat","embeddable":true,"href":"https:\/\/pandeoshop.com\/sl\/wp-json\/wp\/v2\/product_cat?post=26705"},{"taxonomy":"product_tag","embeddable":true,"href":"https:\/\/pandeoshop.com\/sl\/wp-json\/wp\/v2\/product_tag?post=26705"}],"curies":[{"name":"wp","href":"https:\/\/api.w.org\/{rel}","templated":true}]}}