{"id":26704,"date":"2022-10-25T23:17:14","date_gmt":"2022-09-17T15:51:52","guid":{"rendered":"https:\/\/pandeoshop.com\/?post_type=product&#038;p=26704"},"modified":"2024-11-12T17:48:41","modified_gmt":"2024-11-12T16:48:41","slug":"cistilna-pena-za-mastno-in-obcutljivo-kozo-mizon-pore-refine-deep-cleansing-foam","status":"publish","type":"product","link":"https:\/\/pandeoshop.com\/sl\/izdelek\/cistilna-pena-za-mastno-in-obcutljivo-kozo-mizon-pore-refine-deep-cleansing-foam\/","title":{"rendered":"\u010cistilna pena za mastno in ob\u010dutljivo ko\u017eo <br\/> Mizon Pore Refine Deep Cleansing Foam"},"content":{"rendered":"<p>Mizon Pore Refine Deep Cleansing Foam globoko o\u010disti pore od ostankov li\u010dil, ko\u017enega sebuma in drugih ne\u010disto\u010d, zo\u017ei raz\u0161irjene pore in izbolj\u0161a tonus ko\u017ee. Pena izena\u010di mikrorelief ko\u017ee, ima antibakterijski u\u010dinek in ka\u017ee odli\u010dne rezultate pri zdravljenju aken  in uravnavanju delovanja  lojnic. Pena daje ko\u017ei poseben ob\u010dutek sve\u017eine zaradi ne\u017enega hladilnega u\u010dinka. Izdelek ne\u017eno o\u010disti ko\u017eo brez izsu\u0161evanja in ne vsebuje agresivnih sestavin, ki lahko po\u0161kodujejo ob\u010dutljivo ko\u017eo. Glavne aktivne sestavine: Kaolin, ki absorbira odve\u010dni sebum in matira ko\u017eo; oglje &#8211; absorbira sebum in ne\u010disto\u010de, potisne ne\u010disto\u010de iz por, s \u010dimer se zmanj\u0161a \u0161tevilo \u010drnih pik; hialuronska kislina &#8211; vla\u017ei ko\u017eo in prepre\u010duje njeno dehidracijo; ekstrakt sladkornega trsa &#8211; ima protivnetne in antibakterijske u\u010dinke; izvle\u010dek br\u0161ljana &#8211; napenja ko\u017eo in zategne pore; ekstrakti citrusov &#8211; pospe\u0161ujejo lu\u0161\u010denje odmrlih ko\u017enih celic, prepre\u010dujejo zama\u0161itev por in nastajanje komedonov, izbolj\u0161ajo polt in teksturo ko\u017ee. Pena ne vsebuje parabenov in umetnih barvil.<\/p>\n","protected":false},"excerpt":{"rendered":"<p>Mint in hladilna pena za \u010di\u0161\u010denje s kaolinom in ogljem za globinsko \u010di\u0161\u010denje.<\/p>\n","protected":false},"featured_media":36716,"comment_status":"open","ping_status":"closed","template":"","meta":[],"product_cat":[1804,1774,1780,1805,1767,1782,1779],"product_tag":[5237,4529,4525],"bundle_layout":"","bundle_add_to_cart_form_location":"","bundle_editable_in_cart":false,"bundle_sold_individually_context":"","bundle_item_grouping":"","bundle_min_size":"","bundle_max_size":"","bundled_by":[],"bundled_items":[],"yoast_head":"<!-- This site is optimized with the Yoast SEO Premium plugin v22.2 (Yoast SEO v22.9) - https:\/\/yoast.com\/wordpress\/plugins\/seo\/ -->\n<title>\u010cistilna pena za mastno in ob\u010dutljivo ko\u017eo | Mizon Pore Refine Deep Cleansing Foam - Pandeoshop<\/title>\n<meta name=\"description\" content=\"Mint in hladilna pena za \u010di\u0161\u010denje s kaolinom in ogljem za globinsko \u010di\u0161\u010denje.\" \/>\n<meta name=\"robots\" content=\"index, follow, max-snippet:-1, max-image-preview:large, max-video-preview:-1\" \/>\n<link rel=\"canonical\" href=\"https:\/\/pandeoshop.com\/sl\/product\/mizon-pore-refine-deep-cleansing-foam\/\" \/>\n<meta property=\"og:locale\" content=\"sl_SI\" \/>\n<meta property=\"og:type\" content=\"article\" \/>\n<meta property=\"og:title\" content=\"\u010cistilna pena za mastno in ob\u010dutljivo ko\u017eo | Mizon Pore Refine Deep Cleansing Foam - Pandeoshop\" \/>\n<meta property=\"og:description\" content=\"Mint in hladilna pena za \u010di\u0161\u010denje s kaolinom in ogljem za globinsko \u010di\u0161\u010denje.\" \/>\n<meta property=\"og:url\" content=\"https:\/\/pandeoshop.com\/product\/mizon-pore-refine-deep-cleansing-foam\/\" \/>\n<meta property=\"og:site_name\" content=\"Pandeoshop\" \/>\n<meta property=\"article:publisher\" content=\"https:\/\/www.facebook.com\/pandeoshop\/\" \/>\n<meta property=\"article:modified_time\" content=\"2024-11-12T16:48:41+00:00\" \/>\n<meta property=\"og:image\" content=\"https:\/\/pandeoshop.com\/wp-content\/uploads\/mizon-pore-refine-deep-cleansing-foam.jpeg\" \/>\n\t<meta property=\"og:image:width\" content=\"1000\" \/>\n\t<meta property=\"og:image:height\" content=\"1000\" \/>\n\t<meta property=\"og:image:type\" content=\"image\/jpeg\" \/>\n<meta name=\"twitter:card\" content=\"summary_large_image\" \/>\n<script type=\"application\/ld+json\" class=\"yoast-schema-graph\">{\"@context\":\"https:\/\/schema.org\",\"@graph\":[{\"@type\":\"WebPage\",\"@id\":\"https:\/\/pandeoshop.com\/sl\/izdelek\/cistilna-pena-za-mastno-in-obcutljivo-kozo-mizon-pore-refine-deep-cleansing-foam\/\",\"url\":\"https:\/\/pandeoshop.com\/product\/mizon-pore-refine-deep-cleansing-foam\/\",\"name\":\"\u010cistilna pena za mastno in ob\u010dutljivo ko\u017eo | Mizon Pore Refine Deep Cleansing Foam - Pandeoshop\",\"isPartOf\":{\"@id\":\"https:\/\/pandeoshop.com\/sl\/#website\"},\"primaryImageOfPage\":{\"@id\":\"https:\/\/pandeoshop.com\/product\/mizon-pore-refine-deep-cleansing-foam\/#primaryimage\"},\"image\":{\"@id\":\"https:\/\/pandeoshop.com\/product\/mizon-pore-refine-deep-cleansing-foam\/#primaryimage\"},\"thumbnailUrl\":\"https:\/\/pandeoshop.com\/wp-content\/uploads\/mizon-pore-refine-deep-cleansing-foam.jpeg\",\"datePublished\":\"2022-09-17T15:51:52+00:00\",\"dateModified\":\"2024-11-12T16:48:41+00:00\",\"description\":\"Mint in hladilna pena za \u010di\u0161\u010denje s kaolinom in ogljem za globinsko \u010di\u0161\u010denje.\",\"breadcrumb\":{\"@id\":\"https:\/\/pandeoshop.com\/product\/mizon-pore-refine-deep-cleansing-foam\/#breadcrumb\"},\"inLanguage\":\"sl-SI\",\"potentialAction\":[{\"@type\":\"ReadAction\",\"target\":[\"https:\/\/pandeoshop.com\/product\/mizon-pore-refine-deep-cleansing-foam\/\"]}]},{\"@type\":\"ImageObject\",\"inLanguage\":\"sl-SI\",\"@id\":\"https:\/\/pandeoshop.com\/product\/mizon-pore-refine-deep-cleansing-foam\/#primaryimage\",\"url\":\"https:\/\/pandeoshop.com\/wp-content\/uploads\/mizon-pore-refine-deep-cleansing-foam.jpeg\",\"contentUrl\":\"https:\/\/pandeoshop.com\/wp-content\/uploads\/mizon-pore-refine-deep-cleansing-foam.jpeg\",\"width\":1000,\"height\":1000},{\"@type\":\"BreadcrumbList\",\"@id\":\"https:\/\/pandeoshop.com\/product\/mizon-pore-refine-deep-cleansing-foam\/#breadcrumb\",\"itemListElement\":[{\"@type\":\"ListItem\",\"position\":1,\"name\":\"Domov\",\"item\":\"https:\/\/pandeoshop.com\/sl\/\"},{\"@type\":\"ListItem\",\"position\":2,\"name\":\"Trgovina\",\"item\":\"https:\/\/pandeoshop.com\/sl\/trgovina\/\"},{\"@type\":\"ListItem\",\"position\":3,\"name\":\"Blagovne znamke\",\"item\":\"https:\/\/pandeoshop.com\/sl\/category\/blagovne-znamke\/\"},{\"@type\":\"ListItem\",\"position\":4,\"name\":\"Mizon\",\"item\":\"https:\/\/pandeoshop.com\/sl\/category\/blagovne-znamke\/mizon-sl\/\"},{\"@type\":\"ListItem\",\"position\":5,\"name\":\"\u010cistilna pena za mastno in ob\u010dutljivo ko\u017eo Mizon Pore Refine Deep Cleansing Foam\"}]},{\"@type\":\"WebSite\",\"@id\":\"https:\/\/pandeoshop.com\/sl\/#website\",\"url\":\"https:\/\/pandeoshop.com\/sl\/\",\"name\":\"Pandeoshop\",\"description\":\"\u0160e eno spleti\u0161\u010de WordPress\",\"publisher\":{\"@id\":\"https:\/\/pandeoshop.com\/sl\/#organization\"},\"potentialAction\":[{\"@type\":\"SearchAction\",\"target\":{\"@type\":\"EntryPoint\",\"urlTemplate\":\"https:\/\/pandeoshop.com\/sl\/?s={search_term_string}\"},\"query-input\":\"required name=search_term_string\"}],\"inLanguage\":\"sl-SI\"},{\"@type\":\"Organization\",\"@id\":\"https:\/\/pandeoshop.com\/sl\/#organization\",\"name\":\"Pandeoshop\",\"url\":\"https:\/\/pandeoshop.com\/sl\/\",\"logo\":{\"@type\":\"ImageObject\",\"inLanguage\":\"sl-SI\",\"@id\":\"https:\/\/pandeoshop.com\/sl\/#\/schema\/logo\/image\/\",\"url\":\"https:\/\/pandeoshop.com\/wp-content\/uploads\/pandeoshop_social_logo_no_textjpg.jpg\",\"contentUrl\":\"https:\/\/pandeoshop.com\/wp-content\/uploads\/pandeoshop_social_logo_no_textjpg.jpg\",\"width\":288,\"height\":201,\"caption\":\"Pandeoshop\"},\"image\":{\"@id\":\"https:\/\/pandeoshop.com\/sl\/#\/schema\/logo\/image\/\"},\"sameAs\":[\"https:\/\/www.facebook.com\/pandeoshop\/\",\"https:\/\/www.instagram.com\/pandeo_shop\/\"]}]}<\/script>\n<meta property=\"product:price:amount\" content=\"15.89\" \/>\n<meta property=\"product:price:currency\" content=\"EUR\" \/>\n<meta property=\"og:availability\" content=\"instock\" \/>\n<meta property=\"product:availability\" content=\"instock\" \/>\n<meta property=\"product:retailer_item_id\" content=\"HS10699\" \/>\n<meta property=\"product:condition\" content=\"new\" \/>\n<!-- \/ Yoast SEO Premium plugin. -->","yoast_head_json":{"title":"\u010cistilna pena za mastno in ob\u010dutljivo ko\u017eo | Mizon Pore Refine Deep Cleansing Foam - Pandeoshop","description":"Mint in hladilna pena za \u010di\u0161\u010denje s kaolinom in ogljem za globinsko \u010di\u0161\u010denje.","robots":{"index":"index","follow":"follow","max-snippet":"max-snippet:-1","max-image-preview":"max-image-preview:large","max-video-preview":"max-video-preview:-1"},"canonical":"https:\/\/pandeoshop.com\/sl\/product\/mizon-pore-refine-deep-cleansing-foam\/","og_locale":"sl_SI","og_type":"article","og_title":"\u010cistilna pena za mastno in ob\u010dutljivo ko\u017eo | Mizon Pore Refine Deep Cleansing Foam - Pandeoshop","og_description":"Mint in hladilna pena za \u010di\u0161\u010denje s kaolinom in ogljem za globinsko \u010di\u0161\u010denje.","og_url":"https:\/\/pandeoshop.com\/product\/mizon-pore-refine-deep-cleansing-foam\/","og_site_name":"Pandeoshop","article_publisher":"https:\/\/www.facebook.com\/pandeoshop\/","article_modified_time":"2024-11-12T16:48:41+00:00","og_image":[{"width":1000,"height":1000,"url":"https:\/\/pandeoshop.com\/wp-content\/uploads\/mizon-pore-refine-deep-cleansing-foam.jpeg","type":"image\/jpeg"}],"twitter_card":"summary_large_image","schema":{"@context":"https:\/\/schema.org","@graph":[{"@type":"WebPage","@id":"https:\/\/pandeoshop.com\/sl\/izdelek\/cistilna-pena-za-mastno-in-obcutljivo-kozo-mizon-pore-refine-deep-cleansing-foam\/","url":"https:\/\/pandeoshop.com\/product\/mizon-pore-refine-deep-cleansing-foam\/","name":"\u010cistilna pena za mastno in ob\u010dutljivo ko\u017eo | Mizon Pore Refine Deep Cleansing Foam - Pandeoshop","isPartOf":{"@id":"https:\/\/pandeoshop.com\/sl\/#website"},"primaryImageOfPage":{"@id":"https:\/\/pandeoshop.com\/product\/mizon-pore-refine-deep-cleansing-foam\/#primaryimage"},"image":{"@id":"https:\/\/pandeoshop.com\/product\/mizon-pore-refine-deep-cleansing-foam\/#primaryimage"},"thumbnailUrl":"https:\/\/pandeoshop.com\/wp-content\/uploads\/mizon-pore-refine-deep-cleansing-foam.jpeg","datePublished":"2022-09-17T15:51:52+00:00","dateModified":"2024-11-12T16:48:41+00:00","description":"Mint in hladilna pena za \u010di\u0161\u010denje s kaolinom in ogljem za globinsko \u010di\u0161\u010denje.","breadcrumb":{"@id":"https:\/\/pandeoshop.com\/product\/mizon-pore-refine-deep-cleansing-foam\/#breadcrumb"},"inLanguage":"sl-SI","potentialAction":[{"@type":"ReadAction","target":["https:\/\/pandeoshop.com\/product\/mizon-pore-refine-deep-cleansing-foam\/"]}]},{"@type":"ImageObject","inLanguage":"sl-SI","@id":"https:\/\/pandeoshop.com\/product\/mizon-pore-refine-deep-cleansing-foam\/#primaryimage","url":"https:\/\/pandeoshop.com\/wp-content\/uploads\/mizon-pore-refine-deep-cleansing-foam.jpeg","contentUrl":"https:\/\/pandeoshop.com\/wp-content\/uploads\/mizon-pore-refine-deep-cleansing-foam.jpeg","width":1000,"height":1000},{"@type":"BreadcrumbList","@id":"https:\/\/pandeoshop.com\/product\/mizon-pore-refine-deep-cleansing-foam\/#breadcrumb","itemListElement":[{"@type":"ListItem","position":1,"name":"Domov","item":"https:\/\/pandeoshop.com\/sl\/"},{"@type":"ListItem","position":2,"name":"Trgovina","item":"https:\/\/pandeoshop.com\/sl\/trgovina\/"},{"@type":"ListItem","position":3,"name":"Blagovne znamke","item":"https:\/\/pandeoshop.com\/sl\/category\/blagovne-znamke\/"},{"@type":"ListItem","position":4,"name":"Mizon","item":"https:\/\/pandeoshop.com\/sl\/category\/blagovne-znamke\/mizon-sl\/"},{"@type":"ListItem","position":5,"name":"\u010cistilna pena za mastno in ob\u010dutljivo ko\u017eo Mizon Pore Refine Deep Cleansing Foam"}]},{"@type":"WebSite","@id":"https:\/\/pandeoshop.com\/sl\/#website","url":"https:\/\/pandeoshop.com\/sl\/","name":"Pandeoshop","description":"\u0160e eno spleti\u0161\u010de WordPress","publisher":{"@id":"https:\/\/pandeoshop.com\/sl\/#organization"},"potentialAction":[{"@type":"SearchAction","target":{"@type":"EntryPoint","urlTemplate":"https:\/\/pandeoshop.com\/sl\/?s={search_term_string}"},"query-input":"required name=search_term_string"}],"inLanguage":"sl-SI"},{"@type":"Organization","@id":"https:\/\/pandeoshop.com\/sl\/#organization","name":"Pandeoshop","url":"https:\/\/pandeoshop.com\/sl\/","logo":{"@type":"ImageObject","inLanguage":"sl-SI","@id":"https:\/\/pandeoshop.com\/sl\/#\/schema\/logo\/image\/","url":"https:\/\/pandeoshop.com\/wp-content\/uploads\/pandeoshop_social_logo_no_textjpg.jpg","contentUrl":"https:\/\/pandeoshop.com\/wp-content\/uploads\/pandeoshop_social_logo_no_textjpg.jpg","width":288,"height":201,"caption":"Pandeoshop"},"image":{"@id":"https:\/\/pandeoshop.com\/sl\/#\/schema\/logo\/image\/"},"sameAs":["https:\/\/www.facebook.com\/pandeoshop\/","https:\/\/www.instagram.com\/pandeo_shop\/"]}]},"product_price_amount":"15.89","product_price_currency":"EUR","og_availability":"instock","product_availability":"instock","product_retailer_item_id":"HS10699","product_condition":"new"},"_links":{"self":[{"href":"https:\/\/pandeoshop.com\/sl\/wp-json\/wp\/v2\/product\/26704"}],"collection":[{"href":"https:\/\/pandeoshop.com\/sl\/wp-json\/wp\/v2\/product"}],"about":[{"href":"https:\/\/pandeoshop.com\/sl\/wp-json\/wp\/v2\/types\/product"}],"replies":[{"embeddable":true,"href":"https:\/\/pandeoshop.com\/sl\/wp-json\/wp\/v2\/comments?post=26704"}],"wp:featuredmedia":[{"embeddable":true,"href":"https:\/\/pandeoshop.com\/sl\/wp-json\/wp\/v2\/media\/36716"}],"wp:attachment":[{"href":"https:\/\/pandeoshop.com\/sl\/wp-json\/wp\/v2\/media?parent=26704"}],"wp:term":[{"taxonomy":"product_cat","embeddable":true,"href":"https:\/\/pandeoshop.com\/sl\/wp-json\/wp\/v2\/product_cat?post=26704"},{"taxonomy":"product_tag","embeddable":true,"href":"https:\/\/pandeoshop.com\/sl\/wp-json\/wp\/v2\/product_tag?post=26704"}],"curies":[{"name":"wp","href":"https:\/\/api.w.org\/{rel}","templated":true}]}}