{"id":26689,"date":"2022-10-25T23:16:55","date_gmt":"2022-09-17T15:51:35","guid":{"rendered":"https:\/\/pandeoshop.com\/?post_type=product&#038;p=26689"},"modified":"2023-07-20T01:31:26","modified_gmt":"2023-07-19T23:31:26","slug":"sproscujoc-gel-za-prhanje-s-cvetlicami-in-cajevcem-mizon-my-relaxing-time-body-wash-tea-tree","status":"publish","type":"product","link":"https:\/\/pandeoshop.com\/sl\/izdelek\/sproscujoc-gel-za-prhanje-s-cvetlicami-in-cajevcem-mizon-my-relaxing-time-body-wash-tea-tree\/","title":{"rendered":"Spro\u0161\u010dujo\u010d gel za prhanje s cvetlicami in \u010dajevcem <br\/> Mizon My Relaxing Time Body Wash &#8211; Tea Tree"},"content":{"rendered":"<p>Mizon My Relaxing Time Body Wash &#8211; Tea Tree je lahek gel za prhanje s sestavinami, ki ko\u017eo \u010distijo, vla\u017eijo, tonirajo in vzpostavljajo hidrolipidno ravnovesje.<\/p>\n<p>Idealno po dolgem dnevu ali ob jutranjem tu\u0161iranju. Vonj prijetne arome vas bo sprostil.<br \/>\nMe\u0161anica \u010de\u0161njevih cvetov, ognji\u010da, moringe, sivke in vrtnice bo va\u0161i ko\u017ei dala dodaten pomirjujo\u010d u\u010dinek.<\/p>\n<p>Varno za vse tipe ko\u017ee, tudi za najbolj ob\u010dutljivo.<\/p>\n","protected":false},"excerpt":{"rendered":"<p>Gel za tu\u0161iranje &#8211; Tea Tree s kompleksno pomirjujo\u010do energijo 5 cvetov in izvle\u010dkom \u010dajevca za \u010di\u0161\u010denje, vla\u017eenje, toniranje in obnavljanje hidrolipidnega ravnovesja ko\u017ee.<\/p>\n","protected":false},"featured_media":36591,"comment_status":"open","ping_status":"closed","template":"","meta":[],"product_cat":[1804,1784,1780,1785,1805,1793,1781,1803,1782,1787,1783,1779,1802,1786],"product_tag":[4500,4595,5227,4587,4553],"bundle_layout":"","bundle_add_to_cart_form_location":"","bundle_editable_in_cart":false,"bundle_sold_individually_context":"","bundle_item_grouping":"","bundle_min_size":"","bundle_max_size":"","bundled_by":[],"bundled_items":[],"yoast_head":"<!-- This site is optimized with the Yoast SEO Premium plugin v22.2 (Yoast SEO v22.9) - https:\/\/yoast.com\/wordpress\/plugins\/seo\/ -->\n<title>Spro\u0161\u010dujo\u010d gel za prhanje s cvetlicami in \u010dajevcem | Mizon My Relaxing Time Body Wash - Tea Tree - Pandeoshop<\/title>\n<meta name=\"description\" content=\"Gel za tu\u0161iranje - Tea Tree s kompleksno pomirjujo\u010do energijo 5 cvetov in izvle\u010dkom \u010dajevca za \u010di\u0161\u010denje, vla\u017eenje, toniranje in obnavljanje hidrolipidnega ravnovesja ko\u017ee.\" \/>\n<meta name=\"robots\" content=\"index, follow, max-snippet:-1, max-image-preview:large, max-video-preview:-1\" \/>\n<link rel=\"canonical\" href=\"https:\/\/pandeoshop.com\/sl\/product\/mizon-my-relaxing-time-body-wash-tea-tree\/\" \/>\n<meta property=\"og:locale\" content=\"sl_SI\" \/>\n<meta property=\"og:type\" content=\"article\" \/>\n<meta property=\"og:title\" content=\"Spro\u0161\u010dujo\u010d gel za prhanje s cvetlicami in \u010dajevcem | Mizon My Relaxing Time Body Wash - Tea Tree - Pandeoshop\" \/>\n<meta property=\"og:description\" content=\"Gel za tu\u0161iranje - Tea Tree s kompleksno pomirjujo\u010do energijo 5 cvetov in izvle\u010dkom \u010dajevca za \u010di\u0161\u010denje, vla\u017eenje, toniranje in obnavljanje hidrolipidnega ravnovesja ko\u017ee.\" \/>\n<meta property=\"og:url\" content=\"https:\/\/pandeoshop.com\/product\/mizon-my-relaxing-time-body-wash-tea-tree\/\" \/>\n<meta property=\"og:site_name\" content=\"Pandeoshop\" \/>\n<meta property=\"article:publisher\" content=\"https:\/\/www.facebook.com\/pandeoshop\/\" \/>\n<meta property=\"article:modified_time\" content=\"2023-07-19T23:31:26+00:00\" \/>\n<meta property=\"og:image\" content=\"https:\/\/pandeoshop.com\/wp-content\/uploads\/mizon-my-relaxing-time-body-wash-tea-tree-800ml-1.jpeg\" \/>\n\t<meta property=\"og:image:width\" content=\"1000\" \/>\n\t<meta property=\"og:image:height\" content=\"1000\" \/>\n\t<meta property=\"og:image:type\" content=\"image\/jpeg\" \/>\n<meta name=\"twitter:card\" content=\"summary_large_image\" \/>\n<script type=\"application\/ld+json\" class=\"yoast-schema-graph\">{\"@context\":\"https:\/\/schema.org\",\"@graph\":[{\"@type\":\"WebPage\",\"@id\":\"https:\/\/pandeoshop.com\/sl\/izdelek\/sproscujoc-gel-za-prhanje-s-cvetlicami-in-cajevcem-mizon-my-relaxing-time-body-wash-tea-tree\/\",\"url\":\"https:\/\/pandeoshop.com\/product\/mizon-my-relaxing-time-body-wash-tea-tree\/\",\"name\":\"Spro\u0161\u010dujo\u010d gel za prhanje s cvetlicami in \u010dajevcem | Mizon My Relaxing Time Body Wash - Tea Tree - Pandeoshop\",\"isPartOf\":{\"@id\":\"https:\/\/pandeoshop.com\/sl\/#website\"},\"primaryImageOfPage\":{\"@id\":\"https:\/\/pandeoshop.com\/product\/mizon-my-relaxing-time-body-wash-tea-tree\/#primaryimage\"},\"image\":{\"@id\":\"https:\/\/pandeoshop.com\/product\/mizon-my-relaxing-time-body-wash-tea-tree\/#primaryimage\"},\"thumbnailUrl\":\"https:\/\/pandeoshop.com\/wp-content\/uploads\/mizon-my-relaxing-time-body-wash-tea-tree-800ml-1.jpeg\",\"datePublished\":\"2022-09-17T15:51:35+00:00\",\"dateModified\":\"2023-07-19T23:31:26+00:00\",\"description\":\"Gel za tu\u0161iranje - Tea Tree s kompleksno pomirjujo\u010do energijo 5 cvetov in izvle\u010dkom \u010dajevca za \u010di\u0161\u010denje, vla\u017eenje, toniranje in obnavljanje hidrolipidnega ravnovesja ko\u017ee.\",\"breadcrumb\":{\"@id\":\"https:\/\/pandeoshop.com\/product\/mizon-my-relaxing-time-body-wash-tea-tree\/#breadcrumb\"},\"inLanguage\":\"sl-SI\",\"potentialAction\":[{\"@type\":\"ReadAction\",\"target\":[\"https:\/\/pandeoshop.com\/product\/mizon-my-relaxing-time-body-wash-tea-tree\/\"]}]},{\"@type\":\"ImageObject\",\"inLanguage\":\"sl-SI\",\"@id\":\"https:\/\/pandeoshop.com\/product\/mizon-my-relaxing-time-body-wash-tea-tree\/#primaryimage\",\"url\":\"https:\/\/pandeoshop.com\/wp-content\/uploads\/mizon-my-relaxing-time-body-wash-tea-tree-800ml-1.jpeg\",\"contentUrl\":\"https:\/\/pandeoshop.com\/wp-content\/uploads\/mizon-my-relaxing-time-body-wash-tea-tree-800ml-1.jpeg\",\"width\":1000,\"height\":1000},{\"@type\":\"BreadcrumbList\",\"@id\":\"https:\/\/pandeoshop.com\/product\/mizon-my-relaxing-time-body-wash-tea-tree\/#breadcrumb\",\"itemListElement\":[{\"@type\":\"ListItem\",\"position\":1,\"name\":\"Domov\",\"item\":\"https:\/\/pandeoshop.com\/sl\/\"},{\"@type\":\"ListItem\",\"position\":2,\"name\":\"Trgovina\",\"item\":\"https:\/\/pandeoshop.com\/sl\/trgovina\/\"},{\"@type\":\"ListItem\",\"position\":3,\"name\":\"Blagovne znamke\",\"item\":\"https:\/\/pandeoshop.com\/sl\/category\/blagovne-znamke\/\"},{\"@type\":\"ListItem\",\"position\":4,\"name\":\"Mizon\",\"item\":\"https:\/\/pandeoshop.com\/sl\/category\/blagovne-znamke\/mizon-sl\/\"},{\"@type\":\"ListItem\",\"position\":5,\"name\":\"Spro\u0161\u010dujo\u010d gel za prhanje s cvetlicami in \u010dajevcem Mizon My Relaxing Time Body Wash &#8211; Tea Tree\"}]},{\"@type\":\"WebSite\",\"@id\":\"https:\/\/pandeoshop.com\/sl\/#website\",\"url\":\"https:\/\/pandeoshop.com\/sl\/\",\"name\":\"Pandeoshop\",\"description\":\"\u0160e eno spleti\u0161\u010de WordPress\",\"publisher\":{\"@id\":\"https:\/\/pandeoshop.com\/sl\/#organization\"},\"potentialAction\":[{\"@type\":\"SearchAction\",\"target\":{\"@type\":\"EntryPoint\",\"urlTemplate\":\"https:\/\/pandeoshop.com\/sl\/?s={search_term_string}\"},\"query-input\":\"required name=search_term_string\"}],\"inLanguage\":\"sl-SI\"},{\"@type\":\"Organization\",\"@id\":\"https:\/\/pandeoshop.com\/sl\/#organization\",\"name\":\"Pandeoshop\",\"url\":\"https:\/\/pandeoshop.com\/sl\/\",\"logo\":{\"@type\":\"ImageObject\",\"inLanguage\":\"sl-SI\",\"@id\":\"https:\/\/pandeoshop.com\/sl\/#\/schema\/logo\/image\/\",\"url\":\"https:\/\/pandeoshop.com\/wp-content\/uploads\/pandeoshop_social_logo_no_textjpg.jpg\",\"contentUrl\":\"https:\/\/pandeoshop.com\/wp-content\/uploads\/pandeoshop_social_logo_no_textjpg.jpg\",\"width\":288,\"height\":201,\"caption\":\"Pandeoshop\"},\"image\":{\"@id\":\"https:\/\/pandeoshop.com\/sl\/#\/schema\/logo\/image\/\"},\"sameAs\":[\"https:\/\/www.facebook.com\/pandeoshop\/\",\"https:\/\/www.instagram.com\/pandeo_shop\/\"]}]}<\/script>\n<meta property=\"product:price:amount\" content=\"24.28\" \/>\n<meta property=\"product:price:currency\" content=\"EUR\" \/>\n<meta property=\"og:availability\" content=\"out of stock\" \/>\n<meta property=\"product:availability\" content=\"out of stock\" \/>\n<meta property=\"product:retailer_item_id\" content=\"MZN9132968934\" \/>\n<meta property=\"product:condition\" content=\"new\" \/>\n<!-- \/ Yoast SEO Premium plugin. -->","yoast_head_json":{"title":"Spro\u0161\u010dujo\u010d gel za prhanje s cvetlicami in \u010dajevcem | Mizon My Relaxing Time Body Wash - Tea Tree - Pandeoshop","description":"Gel za tu\u0161iranje - Tea Tree s kompleksno pomirjujo\u010do energijo 5 cvetov in izvle\u010dkom \u010dajevca za \u010di\u0161\u010denje, vla\u017eenje, toniranje in obnavljanje hidrolipidnega ravnovesja ko\u017ee.","robots":{"index":"index","follow":"follow","max-snippet":"max-snippet:-1","max-image-preview":"max-image-preview:large","max-video-preview":"max-video-preview:-1"},"canonical":"https:\/\/pandeoshop.com\/sl\/product\/mizon-my-relaxing-time-body-wash-tea-tree\/","og_locale":"sl_SI","og_type":"article","og_title":"Spro\u0161\u010dujo\u010d gel za prhanje s cvetlicami in \u010dajevcem | Mizon My Relaxing Time Body Wash - Tea Tree - Pandeoshop","og_description":"Gel za tu\u0161iranje - Tea Tree s kompleksno pomirjujo\u010do energijo 5 cvetov in izvle\u010dkom \u010dajevca za \u010di\u0161\u010denje, vla\u017eenje, toniranje in obnavljanje hidrolipidnega ravnovesja ko\u017ee.","og_url":"https:\/\/pandeoshop.com\/product\/mizon-my-relaxing-time-body-wash-tea-tree\/","og_site_name":"Pandeoshop","article_publisher":"https:\/\/www.facebook.com\/pandeoshop\/","article_modified_time":"2023-07-19T23:31:26+00:00","og_image":[{"width":1000,"height":1000,"url":"https:\/\/pandeoshop.com\/wp-content\/uploads\/mizon-my-relaxing-time-body-wash-tea-tree-800ml-1.jpeg","type":"image\/jpeg"}],"twitter_card":"summary_large_image","schema":{"@context":"https:\/\/schema.org","@graph":[{"@type":"WebPage","@id":"https:\/\/pandeoshop.com\/sl\/izdelek\/sproscujoc-gel-za-prhanje-s-cvetlicami-in-cajevcem-mizon-my-relaxing-time-body-wash-tea-tree\/","url":"https:\/\/pandeoshop.com\/product\/mizon-my-relaxing-time-body-wash-tea-tree\/","name":"Spro\u0161\u010dujo\u010d gel za prhanje s cvetlicami in \u010dajevcem | Mizon My Relaxing Time Body Wash - Tea Tree - Pandeoshop","isPartOf":{"@id":"https:\/\/pandeoshop.com\/sl\/#website"},"primaryImageOfPage":{"@id":"https:\/\/pandeoshop.com\/product\/mizon-my-relaxing-time-body-wash-tea-tree\/#primaryimage"},"image":{"@id":"https:\/\/pandeoshop.com\/product\/mizon-my-relaxing-time-body-wash-tea-tree\/#primaryimage"},"thumbnailUrl":"https:\/\/pandeoshop.com\/wp-content\/uploads\/mizon-my-relaxing-time-body-wash-tea-tree-800ml-1.jpeg","datePublished":"2022-09-17T15:51:35+00:00","dateModified":"2023-07-19T23:31:26+00:00","description":"Gel za tu\u0161iranje - Tea Tree s kompleksno pomirjujo\u010do energijo 5 cvetov in izvle\u010dkom \u010dajevca za \u010di\u0161\u010denje, vla\u017eenje, toniranje in obnavljanje hidrolipidnega ravnovesja ko\u017ee.","breadcrumb":{"@id":"https:\/\/pandeoshop.com\/product\/mizon-my-relaxing-time-body-wash-tea-tree\/#breadcrumb"},"inLanguage":"sl-SI","potentialAction":[{"@type":"ReadAction","target":["https:\/\/pandeoshop.com\/product\/mizon-my-relaxing-time-body-wash-tea-tree\/"]}]},{"@type":"ImageObject","inLanguage":"sl-SI","@id":"https:\/\/pandeoshop.com\/product\/mizon-my-relaxing-time-body-wash-tea-tree\/#primaryimage","url":"https:\/\/pandeoshop.com\/wp-content\/uploads\/mizon-my-relaxing-time-body-wash-tea-tree-800ml-1.jpeg","contentUrl":"https:\/\/pandeoshop.com\/wp-content\/uploads\/mizon-my-relaxing-time-body-wash-tea-tree-800ml-1.jpeg","width":1000,"height":1000},{"@type":"BreadcrumbList","@id":"https:\/\/pandeoshop.com\/product\/mizon-my-relaxing-time-body-wash-tea-tree\/#breadcrumb","itemListElement":[{"@type":"ListItem","position":1,"name":"Domov","item":"https:\/\/pandeoshop.com\/sl\/"},{"@type":"ListItem","position":2,"name":"Trgovina","item":"https:\/\/pandeoshop.com\/sl\/trgovina\/"},{"@type":"ListItem","position":3,"name":"Blagovne znamke","item":"https:\/\/pandeoshop.com\/sl\/category\/blagovne-znamke\/"},{"@type":"ListItem","position":4,"name":"Mizon","item":"https:\/\/pandeoshop.com\/sl\/category\/blagovne-znamke\/mizon-sl\/"},{"@type":"ListItem","position":5,"name":"Spro\u0161\u010dujo\u010d gel za prhanje s cvetlicami in \u010dajevcem Mizon My Relaxing Time Body Wash &#8211; Tea Tree"}]},{"@type":"WebSite","@id":"https:\/\/pandeoshop.com\/sl\/#website","url":"https:\/\/pandeoshop.com\/sl\/","name":"Pandeoshop","description":"\u0160e eno spleti\u0161\u010de WordPress","publisher":{"@id":"https:\/\/pandeoshop.com\/sl\/#organization"},"potentialAction":[{"@type":"SearchAction","target":{"@type":"EntryPoint","urlTemplate":"https:\/\/pandeoshop.com\/sl\/?s={search_term_string}"},"query-input":"required name=search_term_string"}],"inLanguage":"sl-SI"},{"@type":"Organization","@id":"https:\/\/pandeoshop.com\/sl\/#organization","name":"Pandeoshop","url":"https:\/\/pandeoshop.com\/sl\/","logo":{"@type":"ImageObject","inLanguage":"sl-SI","@id":"https:\/\/pandeoshop.com\/sl\/#\/schema\/logo\/image\/","url":"https:\/\/pandeoshop.com\/wp-content\/uploads\/pandeoshop_social_logo_no_textjpg.jpg","contentUrl":"https:\/\/pandeoshop.com\/wp-content\/uploads\/pandeoshop_social_logo_no_textjpg.jpg","width":288,"height":201,"caption":"Pandeoshop"},"image":{"@id":"https:\/\/pandeoshop.com\/sl\/#\/schema\/logo\/image\/"},"sameAs":["https:\/\/www.facebook.com\/pandeoshop\/","https:\/\/www.instagram.com\/pandeo_shop\/"]}]},"product_price_amount":"24.28","product_price_currency":"EUR","og_availability":"out of stock","product_availability":"out of stock","product_retailer_item_id":"MZN9132968934","product_condition":"new"},"_links":{"self":[{"href":"https:\/\/pandeoshop.com\/sl\/wp-json\/wp\/v2\/product\/26689"}],"collection":[{"href":"https:\/\/pandeoshop.com\/sl\/wp-json\/wp\/v2\/product"}],"about":[{"href":"https:\/\/pandeoshop.com\/sl\/wp-json\/wp\/v2\/types\/product"}],"replies":[{"embeddable":true,"href":"https:\/\/pandeoshop.com\/sl\/wp-json\/wp\/v2\/comments?post=26689"}],"wp:featuredmedia":[{"embeddable":true,"href":"https:\/\/pandeoshop.com\/sl\/wp-json\/wp\/v2\/media\/36591"}],"wp:attachment":[{"href":"https:\/\/pandeoshop.com\/sl\/wp-json\/wp\/v2\/media?parent=26689"}],"wp:term":[{"taxonomy":"product_cat","embeddable":true,"href":"https:\/\/pandeoshop.com\/sl\/wp-json\/wp\/v2\/product_cat?post=26689"},{"taxonomy":"product_tag","embeddable":true,"href":"https:\/\/pandeoshop.com\/sl\/wp-json\/wp\/v2\/product_tag?post=26689"}],"curies":[{"name":"wp","href":"https:\/\/api.w.org\/{rel}","templated":true}]}}