{"id":26681,"date":"2022-10-25T23:16:55","date_gmt":"2022-09-17T15:51:35","guid":{"rendered":"https:\/\/pandeoshop.com\/product\/tekstilna-maska-za-obraz-z-maticnim-mleckom-mizon-joyful-time-essence-mask-royal-jelly\/"},"modified":"2025-12-02T14:18:04","modified_gmt":"2025-12-02T13:18:04","slug":"tekstilna-maska-za-obraz-z-maticnim-mleckom-mizon-joyful-time-essence-mask-royal-jelly","status":"publish","type":"product","link":"https:\/\/pandeoshop.com\/sl\/izdelek\/tekstilna-maska-za-obraz-z-maticnim-mleckom-mizon-joyful-time-essence-mask-royal-jelly\/","title":{"rendered":"Tekstilna maska za obraz z mati\u010dnim mle\u010dkom <br\/> Mizon Joyful Time Essence Mask Royal Jelly"},"content":{"rendered":"<p>Mizon Joyful Time Essence Mask Royal Jelly njena glavna sestavina je mati\u010dni mle\u010dek. Ta u\u010dinkovina ima veliko dobrih lastnosti, naredi ko\u017eo bolj odporno, odpravi akne, pordelosti in druga dra\u017eenja ter ima antibakterijski in protivnetni u\u010dinek. Maska z mati\u010dnim mle\u010dkom neguje in meh\u010da ko\u017eo, izbolj\u0161uje presnovo in prepre\u010duje prezgodnje staranje, saj vsebuje veliko \u0161tevilo aminokislin, ki ko\u017eo pomlajujejo, pomagajo gladiti in spodbujajo naravno tvorbo kolagena.<\/p>\n","protected":false},"excerpt":{"rendered":"<p>Maska na osnovi mati\u010dnega mle\u010dka ko\u017eo obraza temeljito nahrani ter jo naredi bolj gladko in zdravo.<\/p>\n","protected":false},"featured_media":36556,"comment_status":"open","ping_status":"closed","template":"","meta":[],"product_cat":[1804,1768,1780,1805,1767,1779],"product_tag":[],"bundle_layout":"","bundle_add_to_cart_form_location":"","bundle_editable_in_cart":false,"bundle_sold_individually_context":"","bundle_item_grouping":"","bundle_min_size":"","bundle_max_size":"","bundled_by":[],"bundled_items":[],"yoast_head":"<!-- This site is optimized with the Yoast SEO Premium plugin v22.2 (Yoast SEO v22.9) - https:\/\/yoast.com\/wordpress\/plugins\/seo\/ -->\n<title>Tekstilna maska za obraz z mati\u010dnim mle\u010dkom | Mizon Joyful Time Essence Mask Royal Jelly - Pandeoshop<\/title>\n<meta name=\"description\" content=\"Maska na osnovi mati\u010dnega mle\u010dka ko\u017eo obraza temeljito nahrani ter jo naredi bolj gladko in zdravo.\" \/>\n<meta name=\"robots\" content=\"index, follow, max-snippet:-1, max-image-preview:large, max-video-preview:-1\" \/>\n<link rel=\"canonical\" href=\"https:\/\/pandeoshop.com\/sl\/product\/mizon-joyful-time-essence-mask-royal-jelly\/\" \/>\n<meta property=\"og:locale\" content=\"sl_SI\" \/>\n<meta property=\"og:type\" content=\"article\" \/>\n<meta property=\"og:title\" content=\"Tekstilna maska za obraz z mati\u010dnim mle\u010dkom | Mizon Joyful Time Essence Mask Royal Jelly - Pandeoshop\" \/>\n<meta property=\"og:description\" content=\"Maska na osnovi mati\u010dnega mle\u010dka ko\u017eo obraza temeljito nahrani ter jo naredi bolj gladko in zdravo.\" \/>\n<meta property=\"og:url\" content=\"https:\/\/pandeoshop.com\/product\/mizon-joyful-time-essence-mask-royal-jelly\/\" \/>\n<meta property=\"og:site_name\" content=\"Pandeoshop\" \/>\n<meta property=\"article:publisher\" content=\"https:\/\/www.facebook.com\/pandeoshop\/\" \/>\n<meta property=\"article:modified_time\" content=\"2025-12-02T13:18:04+00:00\" \/>\n<meta property=\"og:image\" content=\"https:\/\/pandeoshop.com\/wp-content\/uploads\/mizon-joyful-time-essence-mask-pack-royal-jelly.jpeg\" \/>\n\t<meta property=\"og:image:width\" content=\"1000\" \/>\n\t<meta property=\"og:image:height\" content=\"1000\" \/>\n\t<meta property=\"og:image:type\" content=\"image\/jpeg\" \/>\n<meta name=\"twitter:card\" content=\"summary_large_image\" \/>\n<script type=\"application\/ld+json\" class=\"yoast-schema-graph\">{\"@context\":\"https:\/\/schema.org\",\"@graph\":[{\"@type\":\"WebPage\",\"@id\":\"https:\/\/pandeoshop.com\/sl\/izdelek\/tekstilna-maska-za-obraz-z-maticnim-mleckom-mizon-joyful-time-essence-mask-royal-jelly\/\",\"url\":\"https:\/\/pandeoshop.com\/product\/mizon-joyful-time-essence-mask-royal-jelly\/\",\"name\":\"Tekstilna maska za obraz z mati\u010dnim mle\u010dkom | Mizon Joyful Time Essence Mask Royal Jelly - Pandeoshop\",\"isPartOf\":{\"@id\":\"https:\/\/pandeoshop.com\/sl\/#website\"},\"primaryImageOfPage\":{\"@id\":\"https:\/\/pandeoshop.com\/product\/mizon-joyful-time-essence-mask-royal-jelly\/#primaryimage\"},\"image\":{\"@id\":\"https:\/\/pandeoshop.com\/product\/mizon-joyful-time-essence-mask-royal-jelly\/#primaryimage\"},\"thumbnailUrl\":\"https:\/\/pandeoshop.com\/wp-content\/uploads\/mizon-joyful-time-essence-mask-pack-royal-jelly.jpeg\",\"datePublished\":\"2022-09-17T15:51:35+00:00\",\"dateModified\":\"2025-12-02T13:18:04+00:00\",\"description\":\"Maska na osnovi mati\u010dnega mle\u010dka ko\u017eo obraza temeljito nahrani ter jo naredi bolj gladko in zdravo.\",\"breadcrumb\":{\"@id\":\"https:\/\/pandeoshop.com\/product\/mizon-joyful-time-essence-mask-royal-jelly\/#breadcrumb\"},\"inLanguage\":\"sl-SI\",\"potentialAction\":[{\"@type\":\"ReadAction\",\"target\":[\"https:\/\/pandeoshop.com\/product\/mizon-joyful-time-essence-mask-royal-jelly\/\"]}]},{\"@type\":\"ImageObject\",\"inLanguage\":\"sl-SI\",\"@id\":\"https:\/\/pandeoshop.com\/product\/mizon-joyful-time-essence-mask-royal-jelly\/#primaryimage\",\"url\":\"https:\/\/pandeoshop.com\/wp-content\/uploads\/mizon-joyful-time-essence-mask-pack-royal-jelly.jpeg\",\"contentUrl\":\"https:\/\/pandeoshop.com\/wp-content\/uploads\/mizon-joyful-time-essence-mask-pack-royal-jelly.jpeg\",\"width\":1000,\"height\":1000},{\"@type\":\"BreadcrumbList\",\"@id\":\"https:\/\/pandeoshop.com\/product\/mizon-joyful-time-essence-mask-royal-jelly\/#breadcrumb\",\"itemListElement\":[{\"@type\":\"ListItem\",\"position\":1,\"name\":\"Domov\",\"item\":\"https:\/\/pandeoshop.com\/sl\/\"},{\"@type\":\"ListItem\",\"position\":2,\"name\":\"Trgovina\",\"item\":\"https:\/\/pandeoshop.com\/sl\/trgovina\/\"},{\"@type\":\"ListItem\",\"position\":3,\"name\":\"Blagovne znamke\",\"item\":\"https:\/\/pandeoshop.com\/sl\/category\/blagovne-znamke\/\"},{\"@type\":\"ListItem\",\"position\":4,\"name\":\"Mizon\",\"item\":\"https:\/\/pandeoshop.com\/sl\/category\/blagovne-znamke\/mizon-sl\/\"},{\"@type\":\"ListItem\",\"position\":5,\"name\":\"Tekstilna maska za obraz z mati\u010dnim mle\u010dkom Mizon Joyful Time Essence Mask Royal Jelly\"}]},{\"@type\":\"WebSite\",\"@id\":\"https:\/\/pandeoshop.com\/sl\/#website\",\"url\":\"https:\/\/pandeoshop.com\/sl\/\",\"name\":\"Pandeoshop\",\"description\":\"\u0160e eno spleti\u0161\u010de WordPress\",\"publisher\":{\"@id\":\"https:\/\/pandeoshop.com\/sl\/#organization\"},\"potentialAction\":[{\"@type\":\"SearchAction\",\"target\":{\"@type\":\"EntryPoint\",\"urlTemplate\":\"https:\/\/pandeoshop.com\/sl\/?s={search_term_string}\"},\"query-input\":\"required name=search_term_string\"}],\"inLanguage\":\"sl-SI\"},{\"@type\":\"Organization\",\"@id\":\"https:\/\/pandeoshop.com\/sl\/#organization\",\"name\":\"Pandeoshop\",\"url\":\"https:\/\/pandeoshop.com\/sl\/\",\"logo\":{\"@type\":\"ImageObject\",\"inLanguage\":\"sl-SI\",\"@id\":\"https:\/\/pandeoshop.com\/sl\/#\/schema\/logo\/image\/\",\"url\":\"https:\/\/pandeoshop.com\/wp-content\/uploads\/pandeoshop_social_logo_no_textjpg.jpg\",\"contentUrl\":\"https:\/\/pandeoshop.com\/wp-content\/uploads\/pandeoshop_social_logo_no_textjpg.jpg\",\"width\":288,\"height\":201,\"caption\":\"Pandeoshop\"},\"image\":{\"@id\":\"https:\/\/pandeoshop.com\/sl\/#\/schema\/logo\/image\/\"},\"sameAs\":[\"https:\/\/www.facebook.com\/pandeoshop\/\",\"https:\/\/www.instagram.com\/pandeo_shop\/\"]}]}<\/script>\n<meta property=\"product:price:amount\" content=\"1.74\" \/>\n<meta property=\"product:price:currency\" content=\"EUR\" \/>\n<meta property=\"og:availability\" content=\"instock\" \/>\n<meta property=\"product:availability\" content=\"instock\" \/>\n<meta property=\"product:retailer_item_id\" content=\"HS10676\" \/>\n<meta property=\"product:condition\" content=\"new\" \/>\n<!-- \/ Yoast SEO Premium plugin. -->","yoast_head_json":{"title":"Tekstilna maska za obraz z mati\u010dnim mle\u010dkom | Mizon Joyful Time Essence Mask Royal Jelly - Pandeoshop","description":"Maska na osnovi mati\u010dnega mle\u010dka ko\u017eo obraza temeljito nahrani ter jo naredi bolj gladko in zdravo.","robots":{"index":"index","follow":"follow","max-snippet":"max-snippet:-1","max-image-preview":"max-image-preview:large","max-video-preview":"max-video-preview:-1"},"canonical":"https:\/\/pandeoshop.com\/sl\/product\/mizon-joyful-time-essence-mask-royal-jelly\/","og_locale":"sl_SI","og_type":"article","og_title":"Tekstilna maska za obraz z mati\u010dnim mle\u010dkom | Mizon Joyful Time Essence Mask Royal Jelly - Pandeoshop","og_description":"Maska na osnovi mati\u010dnega mle\u010dka ko\u017eo obraza temeljito nahrani ter jo naredi bolj gladko in zdravo.","og_url":"https:\/\/pandeoshop.com\/product\/mizon-joyful-time-essence-mask-royal-jelly\/","og_site_name":"Pandeoshop","article_publisher":"https:\/\/www.facebook.com\/pandeoshop\/","article_modified_time":"2025-12-02T13:18:04+00:00","og_image":[{"width":1000,"height":1000,"url":"https:\/\/pandeoshop.com\/wp-content\/uploads\/mizon-joyful-time-essence-mask-pack-royal-jelly.jpeg","type":"image\/jpeg"}],"twitter_card":"summary_large_image","schema":{"@context":"https:\/\/schema.org","@graph":[{"@type":"WebPage","@id":"https:\/\/pandeoshop.com\/sl\/izdelek\/tekstilna-maska-za-obraz-z-maticnim-mleckom-mizon-joyful-time-essence-mask-royal-jelly\/","url":"https:\/\/pandeoshop.com\/product\/mizon-joyful-time-essence-mask-royal-jelly\/","name":"Tekstilna maska za obraz z mati\u010dnim mle\u010dkom | Mizon Joyful Time Essence Mask Royal Jelly - Pandeoshop","isPartOf":{"@id":"https:\/\/pandeoshop.com\/sl\/#website"},"primaryImageOfPage":{"@id":"https:\/\/pandeoshop.com\/product\/mizon-joyful-time-essence-mask-royal-jelly\/#primaryimage"},"image":{"@id":"https:\/\/pandeoshop.com\/product\/mizon-joyful-time-essence-mask-royal-jelly\/#primaryimage"},"thumbnailUrl":"https:\/\/pandeoshop.com\/wp-content\/uploads\/mizon-joyful-time-essence-mask-pack-royal-jelly.jpeg","datePublished":"2022-09-17T15:51:35+00:00","dateModified":"2025-12-02T13:18:04+00:00","description":"Maska na osnovi mati\u010dnega mle\u010dka ko\u017eo obraza temeljito nahrani ter jo naredi bolj gladko in zdravo.","breadcrumb":{"@id":"https:\/\/pandeoshop.com\/product\/mizon-joyful-time-essence-mask-royal-jelly\/#breadcrumb"},"inLanguage":"sl-SI","potentialAction":[{"@type":"ReadAction","target":["https:\/\/pandeoshop.com\/product\/mizon-joyful-time-essence-mask-royal-jelly\/"]}]},{"@type":"ImageObject","inLanguage":"sl-SI","@id":"https:\/\/pandeoshop.com\/product\/mizon-joyful-time-essence-mask-royal-jelly\/#primaryimage","url":"https:\/\/pandeoshop.com\/wp-content\/uploads\/mizon-joyful-time-essence-mask-pack-royal-jelly.jpeg","contentUrl":"https:\/\/pandeoshop.com\/wp-content\/uploads\/mizon-joyful-time-essence-mask-pack-royal-jelly.jpeg","width":1000,"height":1000},{"@type":"BreadcrumbList","@id":"https:\/\/pandeoshop.com\/product\/mizon-joyful-time-essence-mask-royal-jelly\/#breadcrumb","itemListElement":[{"@type":"ListItem","position":1,"name":"Domov","item":"https:\/\/pandeoshop.com\/sl\/"},{"@type":"ListItem","position":2,"name":"Trgovina","item":"https:\/\/pandeoshop.com\/sl\/trgovina\/"},{"@type":"ListItem","position":3,"name":"Blagovne znamke","item":"https:\/\/pandeoshop.com\/sl\/category\/blagovne-znamke\/"},{"@type":"ListItem","position":4,"name":"Mizon","item":"https:\/\/pandeoshop.com\/sl\/category\/blagovne-znamke\/mizon-sl\/"},{"@type":"ListItem","position":5,"name":"Tekstilna maska za obraz z mati\u010dnim mle\u010dkom Mizon Joyful Time Essence Mask Royal Jelly"}]},{"@type":"WebSite","@id":"https:\/\/pandeoshop.com\/sl\/#website","url":"https:\/\/pandeoshop.com\/sl\/","name":"Pandeoshop","description":"\u0160e eno spleti\u0161\u010de WordPress","publisher":{"@id":"https:\/\/pandeoshop.com\/sl\/#organization"},"potentialAction":[{"@type":"SearchAction","target":{"@type":"EntryPoint","urlTemplate":"https:\/\/pandeoshop.com\/sl\/?s={search_term_string}"},"query-input":"required name=search_term_string"}],"inLanguage":"sl-SI"},{"@type":"Organization","@id":"https:\/\/pandeoshop.com\/sl\/#organization","name":"Pandeoshop","url":"https:\/\/pandeoshop.com\/sl\/","logo":{"@type":"ImageObject","inLanguage":"sl-SI","@id":"https:\/\/pandeoshop.com\/sl\/#\/schema\/logo\/image\/","url":"https:\/\/pandeoshop.com\/wp-content\/uploads\/pandeoshop_social_logo_no_textjpg.jpg","contentUrl":"https:\/\/pandeoshop.com\/wp-content\/uploads\/pandeoshop_social_logo_no_textjpg.jpg","width":288,"height":201,"caption":"Pandeoshop"},"image":{"@id":"https:\/\/pandeoshop.com\/sl\/#\/schema\/logo\/image\/"},"sameAs":["https:\/\/www.facebook.com\/pandeoshop\/","https:\/\/www.instagram.com\/pandeo_shop\/"]}]},"product_price_amount":"1.74","product_price_currency":"EUR","og_availability":"instock","product_availability":"instock","product_retailer_item_id":"HS10676","product_condition":"new"},"_links":{"self":[{"href":"https:\/\/pandeoshop.com\/sl\/wp-json\/wp\/v2\/product\/26681"}],"collection":[{"href":"https:\/\/pandeoshop.com\/sl\/wp-json\/wp\/v2\/product"}],"about":[{"href":"https:\/\/pandeoshop.com\/sl\/wp-json\/wp\/v2\/types\/product"}],"replies":[{"embeddable":true,"href":"https:\/\/pandeoshop.com\/sl\/wp-json\/wp\/v2\/comments?post=26681"}],"wp:featuredmedia":[{"embeddable":true,"href":"https:\/\/pandeoshop.com\/sl\/wp-json\/wp\/v2\/media\/36556"}],"wp:attachment":[{"href":"https:\/\/pandeoshop.com\/sl\/wp-json\/wp\/v2\/media?parent=26681"}],"wp:term":[{"taxonomy":"product_cat","embeddable":true,"href":"https:\/\/pandeoshop.com\/sl\/wp-json\/wp\/v2\/product_cat?post=26681"},{"taxonomy":"product_tag","embeddable":true,"href":"https:\/\/pandeoshop.com\/sl\/wp-json\/wp\/v2\/product_tag?post=26681"}],"curies":[{"name":"wp","href":"https:\/\/api.w.org\/{rel}","templated":true}]}}