{"id":26679,"date":"2022-10-25T23:16:55","date_gmt":"2022-09-17T15:51:35","guid":{"rendered":"https:\/\/pandeoshop.com\/product\/tekstilna-maska-za-obraz-proti-staranju-mizon-joyful-time-essence-mask-pomegranate\/"},"modified":"2026-02-23T19:56:34","modified_gmt":"2026-02-23T18:56:34","slug":"tekstilna-maska-za-obraz-proti-staranju-mizon-joyful-time-essence-mask-pomegranate","status":"publish","type":"product","link":"https:\/\/pandeoshop.com\/sl\/izdelek\/tekstilna-maska-za-obraz-proti-staranju-mizon-joyful-time-essence-mask-pomegranate\/","title":{"rendered":"Tekstilna maska za obraz proti staranju <br\/> Mizon Joyful Time Essence Mask Pomegranate"},"content":{"rendered":"<p>Mizon Joyful Time Essence Mask Pomegranate maska za obraz na osnovi ekstrakta granatnega jabolka je odli\u010dna komponenta proti staranju. Bori se z encimi, ki uni\u010dujejo kolagen, pove\u010duje elasti\u010dnost ko\u017ee in u\u010dinkovito deluje na znake staranja ko\u017ee. Poleg tega ima maska tudi u\u010dinek pilinga. Po uporabi bo va\u0161a ko\u017ea videti bolj negovana in sve\u017ea. Ne\u017eelene pigmentacije bodo postale manj opazne, ko\u017ea obraza bo izgledala mlaj\u0161a in nahranjena.<\/p>\n","protected":false},"excerpt":{"rendered":"<p>Maska na osnovi izvle\u010dka granatnega jabolka naredi ko\u017eo bolj elasti\u010dno in ima izrazit lifting u\u010dinek.<\/p>\n","protected":false},"featured_media":36546,"comment_status":"open","ping_status":"closed","template":"","meta":[],"product_cat":[1804,1784,1768,1780,1805,1767,1783,1779],"product_tag":[4498,4513,4526,4528,4542,4574,4549,4531,4521],"bundle_layout":"","bundle_add_to_cart_form_location":"","bundle_editable_in_cart":false,"bundle_sold_individually_context":"","bundle_item_grouping":"","bundle_min_size":"","bundle_max_size":"","bundled_by":[],"bundled_items":[],"yoast_head":"<!-- This site is optimized with the Yoast SEO Premium plugin v22.2 (Yoast SEO v22.9) - https:\/\/yoast.com\/wordpress\/plugins\/seo\/ -->\n<title>Tekstilna maska za obraz proti staranju | Mizon Joyful Time Essence Mask Pomegranate - Pandeoshop<\/title>\n<meta name=\"description\" content=\"Maska na osnovi izvle\u010dka granatnega jabolka naredi ko\u017eo bolj elasti\u010dno in ima izrazit lifting u\u010dinek.\" \/>\n<meta name=\"robots\" content=\"index, follow, max-snippet:-1, max-image-preview:large, max-video-preview:-1\" \/>\n<link rel=\"canonical\" href=\"https:\/\/pandeoshop.com\/sl\/product\/mizon-joyful-time-essence-mask-pomegranate\/\" \/>\n<meta property=\"og:locale\" content=\"sl_SI\" \/>\n<meta property=\"og:type\" content=\"article\" \/>\n<meta property=\"og:title\" content=\"Tekstilna maska za obraz proti staranju | Mizon Joyful Time Essence Mask Pomegranate - Pandeoshop\" \/>\n<meta property=\"og:description\" content=\"Maska na osnovi izvle\u010dka granatnega jabolka naredi ko\u017eo bolj elasti\u010dno in ima izrazit lifting u\u010dinek.\" \/>\n<meta property=\"og:url\" content=\"https:\/\/pandeoshop.com\/product\/mizon-joyful-time-essence-mask-pomegranate\/\" \/>\n<meta property=\"og:site_name\" content=\"Pandeoshop\" \/>\n<meta property=\"article:publisher\" content=\"https:\/\/www.facebook.com\/pandeoshop\/\" \/>\n<meta property=\"article:modified_time\" content=\"2026-02-23T18:56:34+00:00\" \/>\n<meta property=\"og:image\" content=\"https:\/\/pandeoshop.com\/wp-content\/uploads\/mizon-joyful-time-essence-mask-pack-pomegranate.jpeg\" \/>\n\t<meta property=\"og:image:width\" content=\"1000\" \/>\n\t<meta property=\"og:image:height\" content=\"1000\" \/>\n\t<meta property=\"og:image:type\" content=\"image\/jpeg\" \/>\n<meta name=\"twitter:card\" content=\"summary_large_image\" \/>\n<script type=\"application\/ld+json\" class=\"yoast-schema-graph\">{\"@context\":\"https:\/\/schema.org\",\"@graph\":[{\"@type\":\"WebPage\",\"@id\":\"https:\/\/pandeoshop.com\/sl\/izdelek\/tekstilna-maska-za-obraz-proti-staranju-mizon-joyful-time-essence-mask-pomegranate\/\",\"url\":\"https:\/\/pandeoshop.com\/product\/mizon-joyful-time-essence-mask-pomegranate\/\",\"name\":\"Tekstilna maska za obraz proti staranju | Mizon Joyful Time Essence Mask Pomegranate - Pandeoshop\",\"isPartOf\":{\"@id\":\"https:\/\/pandeoshop.com\/sl\/#website\"},\"primaryImageOfPage\":{\"@id\":\"https:\/\/pandeoshop.com\/product\/mizon-joyful-time-essence-mask-pomegranate\/#primaryimage\"},\"image\":{\"@id\":\"https:\/\/pandeoshop.com\/product\/mizon-joyful-time-essence-mask-pomegranate\/#primaryimage\"},\"thumbnailUrl\":\"https:\/\/pandeoshop.com\/wp-content\/uploads\/mizon-joyful-time-essence-mask-pack-pomegranate.jpeg\",\"datePublished\":\"2022-09-17T15:51:35+00:00\",\"dateModified\":\"2026-02-23T18:56:34+00:00\",\"description\":\"Maska na osnovi izvle\u010dka granatnega jabolka naredi ko\u017eo bolj elasti\u010dno in ima izrazit lifting u\u010dinek.\",\"breadcrumb\":{\"@id\":\"https:\/\/pandeoshop.com\/product\/mizon-joyful-time-essence-mask-pomegranate\/#breadcrumb\"},\"inLanguage\":\"sl-SI\",\"potentialAction\":[{\"@type\":\"ReadAction\",\"target\":[\"https:\/\/pandeoshop.com\/product\/mizon-joyful-time-essence-mask-pomegranate\/\"]}]},{\"@type\":\"ImageObject\",\"inLanguage\":\"sl-SI\",\"@id\":\"https:\/\/pandeoshop.com\/product\/mizon-joyful-time-essence-mask-pomegranate\/#primaryimage\",\"url\":\"https:\/\/pandeoshop.com\/wp-content\/uploads\/mizon-joyful-time-essence-mask-pack-pomegranate.jpeg\",\"contentUrl\":\"https:\/\/pandeoshop.com\/wp-content\/uploads\/mizon-joyful-time-essence-mask-pack-pomegranate.jpeg\",\"width\":1000,\"height\":1000},{\"@type\":\"BreadcrumbList\",\"@id\":\"https:\/\/pandeoshop.com\/product\/mizon-joyful-time-essence-mask-pomegranate\/#breadcrumb\",\"itemListElement\":[{\"@type\":\"ListItem\",\"position\":1,\"name\":\"Domov\",\"item\":\"https:\/\/pandeoshop.com\/sl\/\"},{\"@type\":\"ListItem\",\"position\":2,\"name\":\"Trgovina\",\"item\":\"https:\/\/pandeoshop.com\/sl\/trgovina\/\"},{\"@type\":\"ListItem\",\"position\":3,\"name\":\"Blagovne znamke\",\"item\":\"https:\/\/pandeoshop.com\/sl\/category\/blagovne-znamke\/\"},{\"@type\":\"ListItem\",\"position\":4,\"name\":\"Mizon\",\"item\":\"https:\/\/pandeoshop.com\/sl\/category\/blagovne-znamke\/mizon-sl\/\"},{\"@type\":\"ListItem\",\"position\":5,\"name\":\"Tekstilna maska za obraz proti staranju Mizon Joyful Time Essence Mask Pomegranate\"}]},{\"@type\":\"WebSite\",\"@id\":\"https:\/\/pandeoshop.com\/sl\/#website\",\"url\":\"https:\/\/pandeoshop.com\/sl\/\",\"name\":\"Pandeoshop\",\"description\":\"\u0160e eno spleti\u0161\u010de WordPress\",\"publisher\":{\"@id\":\"https:\/\/pandeoshop.com\/sl\/#organization\"},\"potentialAction\":[{\"@type\":\"SearchAction\",\"target\":{\"@type\":\"EntryPoint\",\"urlTemplate\":\"https:\/\/pandeoshop.com\/sl\/?s={search_term_string}\"},\"query-input\":\"required name=search_term_string\"}],\"inLanguage\":\"sl-SI\"},{\"@type\":\"Organization\",\"@id\":\"https:\/\/pandeoshop.com\/sl\/#organization\",\"name\":\"Pandeoshop\",\"url\":\"https:\/\/pandeoshop.com\/sl\/\",\"logo\":{\"@type\":\"ImageObject\",\"inLanguage\":\"sl-SI\",\"@id\":\"https:\/\/pandeoshop.com\/sl\/#\/schema\/logo\/image\/\",\"url\":\"https:\/\/pandeoshop.com\/wp-content\/uploads\/pandeoshop_social_logo_no_textjpg.jpg\",\"contentUrl\":\"https:\/\/pandeoshop.com\/wp-content\/uploads\/pandeoshop_social_logo_no_textjpg.jpg\",\"width\":288,\"height\":201,\"caption\":\"Pandeoshop\"},\"image\":{\"@id\":\"https:\/\/pandeoshop.com\/sl\/#\/schema\/logo\/image\/\"},\"sameAs\":[\"https:\/\/www.facebook.com\/pandeoshop\/\",\"https:\/\/www.instagram.com\/pandeo_shop\/\"]}]}<\/script>\n<meta property=\"product:price:amount\" content=\"1.74\" \/>\n<meta property=\"product:price:currency\" content=\"EUR\" \/>\n<meta property=\"og:availability\" content=\"instock\" \/>\n<meta property=\"product:availability\" content=\"instock\" \/>\n<meta property=\"product:retailer_item_id\" content=\"HS10674\" \/>\n<meta property=\"product:condition\" content=\"new\" \/>\n<!-- \/ Yoast SEO Premium plugin. -->","yoast_head_json":{"title":"Tekstilna maska za obraz proti staranju | Mizon Joyful Time Essence Mask Pomegranate - Pandeoshop","description":"Maska na osnovi izvle\u010dka granatnega jabolka naredi ko\u017eo bolj elasti\u010dno in ima izrazit lifting u\u010dinek.","robots":{"index":"index","follow":"follow","max-snippet":"max-snippet:-1","max-image-preview":"max-image-preview:large","max-video-preview":"max-video-preview:-1"},"canonical":"https:\/\/pandeoshop.com\/sl\/product\/mizon-joyful-time-essence-mask-pomegranate\/","og_locale":"sl_SI","og_type":"article","og_title":"Tekstilna maska za obraz proti staranju | Mizon Joyful Time Essence Mask Pomegranate - Pandeoshop","og_description":"Maska na osnovi izvle\u010dka granatnega jabolka naredi ko\u017eo bolj elasti\u010dno in ima izrazit lifting u\u010dinek.","og_url":"https:\/\/pandeoshop.com\/product\/mizon-joyful-time-essence-mask-pomegranate\/","og_site_name":"Pandeoshop","article_publisher":"https:\/\/www.facebook.com\/pandeoshop\/","article_modified_time":"2026-02-23T18:56:34+00:00","og_image":[{"width":1000,"height":1000,"url":"https:\/\/pandeoshop.com\/wp-content\/uploads\/mizon-joyful-time-essence-mask-pack-pomegranate.jpeg","type":"image\/jpeg"}],"twitter_card":"summary_large_image","schema":{"@context":"https:\/\/schema.org","@graph":[{"@type":"WebPage","@id":"https:\/\/pandeoshop.com\/sl\/izdelek\/tekstilna-maska-za-obraz-proti-staranju-mizon-joyful-time-essence-mask-pomegranate\/","url":"https:\/\/pandeoshop.com\/product\/mizon-joyful-time-essence-mask-pomegranate\/","name":"Tekstilna maska za obraz proti staranju | Mizon Joyful Time Essence Mask Pomegranate - Pandeoshop","isPartOf":{"@id":"https:\/\/pandeoshop.com\/sl\/#website"},"primaryImageOfPage":{"@id":"https:\/\/pandeoshop.com\/product\/mizon-joyful-time-essence-mask-pomegranate\/#primaryimage"},"image":{"@id":"https:\/\/pandeoshop.com\/product\/mizon-joyful-time-essence-mask-pomegranate\/#primaryimage"},"thumbnailUrl":"https:\/\/pandeoshop.com\/wp-content\/uploads\/mizon-joyful-time-essence-mask-pack-pomegranate.jpeg","datePublished":"2022-09-17T15:51:35+00:00","dateModified":"2026-02-23T18:56:34+00:00","description":"Maska na osnovi izvle\u010dka granatnega jabolka naredi ko\u017eo bolj elasti\u010dno in ima izrazit lifting u\u010dinek.","breadcrumb":{"@id":"https:\/\/pandeoshop.com\/product\/mizon-joyful-time-essence-mask-pomegranate\/#breadcrumb"},"inLanguage":"sl-SI","potentialAction":[{"@type":"ReadAction","target":["https:\/\/pandeoshop.com\/product\/mizon-joyful-time-essence-mask-pomegranate\/"]}]},{"@type":"ImageObject","inLanguage":"sl-SI","@id":"https:\/\/pandeoshop.com\/product\/mizon-joyful-time-essence-mask-pomegranate\/#primaryimage","url":"https:\/\/pandeoshop.com\/wp-content\/uploads\/mizon-joyful-time-essence-mask-pack-pomegranate.jpeg","contentUrl":"https:\/\/pandeoshop.com\/wp-content\/uploads\/mizon-joyful-time-essence-mask-pack-pomegranate.jpeg","width":1000,"height":1000},{"@type":"BreadcrumbList","@id":"https:\/\/pandeoshop.com\/product\/mizon-joyful-time-essence-mask-pomegranate\/#breadcrumb","itemListElement":[{"@type":"ListItem","position":1,"name":"Domov","item":"https:\/\/pandeoshop.com\/sl\/"},{"@type":"ListItem","position":2,"name":"Trgovina","item":"https:\/\/pandeoshop.com\/sl\/trgovina\/"},{"@type":"ListItem","position":3,"name":"Blagovne znamke","item":"https:\/\/pandeoshop.com\/sl\/category\/blagovne-znamke\/"},{"@type":"ListItem","position":4,"name":"Mizon","item":"https:\/\/pandeoshop.com\/sl\/category\/blagovne-znamke\/mizon-sl\/"},{"@type":"ListItem","position":5,"name":"Tekstilna maska za obraz proti staranju Mizon Joyful Time Essence Mask Pomegranate"}]},{"@type":"WebSite","@id":"https:\/\/pandeoshop.com\/sl\/#website","url":"https:\/\/pandeoshop.com\/sl\/","name":"Pandeoshop","description":"\u0160e eno spleti\u0161\u010de WordPress","publisher":{"@id":"https:\/\/pandeoshop.com\/sl\/#organization"},"potentialAction":[{"@type":"SearchAction","target":{"@type":"EntryPoint","urlTemplate":"https:\/\/pandeoshop.com\/sl\/?s={search_term_string}"},"query-input":"required name=search_term_string"}],"inLanguage":"sl-SI"},{"@type":"Organization","@id":"https:\/\/pandeoshop.com\/sl\/#organization","name":"Pandeoshop","url":"https:\/\/pandeoshop.com\/sl\/","logo":{"@type":"ImageObject","inLanguage":"sl-SI","@id":"https:\/\/pandeoshop.com\/sl\/#\/schema\/logo\/image\/","url":"https:\/\/pandeoshop.com\/wp-content\/uploads\/pandeoshop_social_logo_no_textjpg.jpg","contentUrl":"https:\/\/pandeoshop.com\/wp-content\/uploads\/pandeoshop_social_logo_no_textjpg.jpg","width":288,"height":201,"caption":"Pandeoshop"},"image":{"@id":"https:\/\/pandeoshop.com\/sl\/#\/schema\/logo\/image\/"},"sameAs":["https:\/\/www.facebook.com\/pandeoshop\/","https:\/\/www.instagram.com\/pandeo_shop\/"]}]},"product_price_amount":"1.74","product_price_currency":"EUR","og_availability":"instock","product_availability":"instock","product_retailer_item_id":"HS10674","product_condition":"new"},"_links":{"self":[{"href":"https:\/\/pandeoshop.com\/sl\/wp-json\/wp\/v2\/product\/26679"}],"collection":[{"href":"https:\/\/pandeoshop.com\/sl\/wp-json\/wp\/v2\/product"}],"about":[{"href":"https:\/\/pandeoshop.com\/sl\/wp-json\/wp\/v2\/types\/product"}],"replies":[{"embeddable":true,"href":"https:\/\/pandeoshop.com\/sl\/wp-json\/wp\/v2\/comments?post=26679"}],"wp:featuredmedia":[{"embeddable":true,"href":"https:\/\/pandeoshop.com\/sl\/wp-json\/wp\/v2\/media\/36546"}],"wp:attachment":[{"href":"https:\/\/pandeoshop.com\/sl\/wp-json\/wp\/v2\/media?parent=26679"}],"wp:term":[{"taxonomy":"product_cat","embeddable":true,"href":"https:\/\/pandeoshop.com\/sl\/wp-json\/wp\/v2\/product_cat?post=26679"},{"taxonomy":"product_tag","embeddable":true,"href":"https:\/\/pandeoshop.com\/sl\/wp-json\/wp\/v2\/product_tag?post=26679"}],"curies":[{"name":"wp","href":"https:\/\/api.w.org\/{rel}","templated":true}]}}