{"id":26670,"date":"2022-10-25T23:16:55","date_gmt":"2022-09-17T15:51:35","guid":{"rendered":"https:\/\/pandeoshop.com\/product\/tekstilna-maska-za-obraz-z-acerolo-mizon-joyful-time-essence-mask-acerola\/"},"modified":"2023-07-20T01:31:18","modified_gmt":"2023-07-19T23:31:18","slug":"tekstilna-maska-za-obraz-z-acerolo-mizon-joyful-time-essence-mask-acerola","status":"publish","type":"product","link":"https:\/\/pandeoshop.com\/sl\/izdelek\/tekstilna-maska-za-obraz-z-acerolo-mizon-joyful-time-essence-mask-acerola\/","title":{"rendered":"Tekstilna maska za obraz z acerolo <br\/> Mizon Joyful Time Essence Mask Acerola"},"content":{"rendered":"<p>Mizon Joyful Time Essence Mask Acerola tekstilna maska za obraz na osnovi izvle\u010dka acerole naredi ko\u017eo bolj pro\u017eno, zdravo, mo\u010dno in vitalno. Maska vsebuje tudi hialuronsko kislino. Ta sestavina ustvari za\u0161\u010ditno plast na povr\u0161ini obraza, prepre\u010duje izgubo vlage in ohrani njeno primerno koli\u010dino v ko\u017ei. Po uporabi je videz obraza bolj mat (odpravi se ne\u017eeleni sijaj, ki nastane zaradi prevelike koli\u010dine ko\u017enega sebuma na povrhnjici), izgleda bolj negovan, koli\u010dina vlage v ko\u017ei je uravnove\u0161ena, hkrati pa je dermalni sloj obogaten s potrebnimi mikroelementi.<\/p>\n","protected":false},"excerpt":{"rendered":"<p>Maska z izvle\u010dkom acerole zaceli dra\u017eenja na ko\u017ei, jo za\u0161\u010diti in navla\u017ei suho ter dehidrirano ko\u017eo.<\/p>\n","protected":false},"featured_media":42515,"comment_status":"open","ping_status":"closed","template":"","meta":[],"product_cat":[1755,1719,1756,1730,1718,1804,1768,1805,1767,1779],"product_tag":[4494,4264,4498,4268,4513,4283,4291,4526,4296,4298,4528,4301,4542,4312,4549,4319,4531,4521],"bundle_layout":"","bundle_add_to_cart_form_location":"","bundle_editable_in_cart":false,"bundle_sold_individually_context":"","bundle_item_grouping":"","bundle_min_size":"","bundle_max_size":"","bundled_by":[],"bundled_items":[],"yoast_head":"<!-- This site is optimized with the Yoast SEO Premium plugin v22.2 (Yoast SEO v22.9) - https:\/\/yoast.com\/wordpress\/plugins\/seo\/ -->\n<title>Tekstilna maska za obraz z acerolo | Mizon Joyful Time Essence Mask Acerola - Pandeoshop<\/title>\n<meta name=\"description\" content=\"Maska z izvle\u010dkom acerole zaceli dra\u017eenja na ko\u017ei, jo za\u0161\u010diti in navla\u017ei suho ter dehidrirano ko\u017eo.\" \/>\n<meta name=\"robots\" content=\"index, follow, max-snippet:-1, max-image-preview:large, max-video-preview:-1\" \/>\n<link rel=\"canonical\" href=\"https:\/\/pandeoshop.com\/sl\/product\/mizon-joyful-time-essence-mask-acerola\/\" \/>\n<meta property=\"og:locale\" content=\"sl_SI\" \/>\n<meta property=\"og:type\" content=\"article\" \/>\n<meta property=\"og:title\" content=\"Tekstilna maska za obraz z acerolo | Mizon Joyful Time Essence Mask Acerola - Pandeoshop\" \/>\n<meta property=\"og:description\" content=\"Maska z izvle\u010dkom acerole zaceli dra\u017eenja na ko\u017ei, jo za\u0161\u010diti in navla\u017ei suho ter dehidrirano ko\u017eo.\" \/>\n<meta property=\"og:url\" content=\"https:\/\/pandeoshop.com\/product\/mizon-joyful-time-essence-mask-acerola\/\" \/>\n<meta property=\"og:site_name\" content=\"Pandeoshop\" \/>\n<meta property=\"article:publisher\" content=\"https:\/\/www.facebook.com\/pandeoshop\/\" \/>\n<meta property=\"article:modified_time\" content=\"2023-07-19T23:31:18+00:00\" \/>\n<meta property=\"og:image\" content=\"https:\/\/pandeoshop.com\/wp-content\/uploads\/mizon-joyful-time-essence-mask-pack-acerola.jpeg\" \/>\n\t<meta property=\"og:image:width\" content=\"1000\" \/>\n\t<meta property=\"og:image:height\" content=\"1000\" \/>\n\t<meta property=\"og:image:type\" content=\"image\/jpeg\" \/>\n<meta name=\"twitter:card\" content=\"summary_large_image\" \/>\n<script type=\"application\/ld+json\" class=\"yoast-schema-graph\">{\"@context\":\"https:\/\/schema.org\",\"@graph\":[{\"@type\":\"WebPage\",\"@id\":\"https:\/\/pandeoshop.com\/sl\/izdelek\/tekstilna-maska-za-obraz-z-acerolo-mizon-joyful-time-essence-mask-acerola\/\",\"url\":\"https:\/\/pandeoshop.com\/product\/mizon-joyful-time-essence-mask-acerola\/\",\"name\":\"Tekstilna maska za obraz z acerolo | Mizon Joyful Time Essence Mask Acerola - Pandeoshop\",\"isPartOf\":{\"@id\":\"https:\/\/pandeoshop.com\/sl\/#website\"},\"primaryImageOfPage\":{\"@id\":\"https:\/\/pandeoshop.com\/product\/mizon-joyful-time-essence-mask-acerola\/#primaryimage\"},\"image\":{\"@id\":\"https:\/\/pandeoshop.com\/product\/mizon-joyful-time-essence-mask-acerola\/#primaryimage\"},\"thumbnailUrl\":\"https:\/\/pandeoshop.com\/wp-content\/uploads\/mizon-pore-fresh-deep-cleansing-bubble-mask.jpg\",\"datePublished\":\"2022-09-17T15:51:35+00:00\",\"dateModified\":\"2023-07-19T23:31:18+00:00\",\"description\":\"Maska z izvle\u010dkom acerole zaceli dra\u017eenja na ko\u017ei, jo za\u0161\u010diti in navla\u017ei suho ter dehidrirano ko\u017eo.\",\"breadcrumb\":{\"@id\":\"https:\/\/pandeoshop.com\/product\/mizon-joyful-time-essence-mask-acerola\/#breadcrumb\"},\"inLanguage\":\"sl-SI\",\"potentialAction\":[{\"@type\":\"ReadAction\",\"target\":[\"https:\/\/pandeoshop.com\/product\/mizon-joyful-time-essence-mask-acerola\/\"]}]},{\"@type\":\"ImageObject\",\"inLanguage\":\"sl-SI\",\"@id\":\"https:\/\/pandeoshop.com\/product\/mizon-joyful-time-essence-mask-acerola\/#primaryimage\",\"url\":\"https:\/\/pandeoshop.com\/wp-content\/uploads\/mizon-pore-fresh-deep-cleansing-bubble-mask.jpg\",\"contentUrl\":\"https:\/\/pandeoshop.com\/wp-content\/uploads\/mizon-pore-fresh-deep-cleansing-bubble-mask.jpg\",\"width\":483,\"height\":465},{\"@type\":\"BreadcrumbList\",\"@id\":\"https:\/\/pandeoshop.com\/product\/mizon-joyful-time-essence-mask-acerola\/#breadcrumb\",\"itemListElement\":[{\"@type\":\"ListItem\",\"position\":1,\"name\":\"Domov\",\"item\":\"https:\/\/pandeoshop.com\/sl\/\"},{\"@type\":\"ListItem\",\"position\":2,\"name\":\"Trgovina\",\"item\":\"https:\/\/pandeoshop.com\/sl\/trgovina\/\"},{\"@type\":\"ListItem\",\"position\":3,\"name\":\"Blagovne znamke\",\"item\":\"https:\/\/pandeoshop.com\/sl\/category\/blagovne-znamke\/\"},{\"@type\":\"ListItem\",\"position\":4,\"name\":\"Mizon\",\"item\":\"https:\/\/pandeoshop.com\/sl\/category\/blagovne-znamke\/mizon-sl\/\"},{\"@type\":\"ListItem\",\"position\":5,\"name\":\"Tekstilna maska za obraz z acerolo Mizon Joyful Time Essence Mask Acerola\"}]},{\"@type\":\"WebSite\",\"@id\":\"https:\/\/pandeoshop.com\/sl\/#website\",\"url\":\"https:\/\/pandeoshop.com\/sl\/\",\"name\":\"Pandeoshop\",\"description\":\"\u0160e eno spleti\u0161\u010de WordPress\",\"publisher\":{\"@id\":\"https:\/\/pandeoshop.com\/sl\/#organization\"},\"potentialAction\":[{\"@type\":\"SearchAction\",\"target\":{\"@type\":\"EntryPoint\",\"urlTemplate\":\"https:\/\/pandeoshop.com\/sl\/?s={search_term_string}\"},\"query-input\":\"required name=search_term_string\"}],\"inLanguage\":\"sl-SI\"},{\"@type\":\"Organization\",\"@id\":\"https:\/\/pandeoshop.com\/sl\/#organization\",\"name\":\"Pandeoshop\",\"url\":\"https:\/\/pandeoshop.com\/sl\/\",\"logo\":{\"@type\":\"ImageObject\",\"inLanguage\":\"sl-SI\",\"@id\":\"https:\/\/pandeoshop.com\/sl\/#\/schema\/logo\/image\/\",\"url\":\"https:\/\/pandeoshop.com\/wp-content\/uploads\/pandeoshop_social_logo_no_textjpg.jpg\",\"contentUrl\":\"https:\/\/pandeoshop.com\/wp-content\/uploads\/pandeoshop_social_logo_no_textjpg.jpg\",\"width\":288,\"height\":201,\"caption\":\"Pandeoshop\"},\"image\":{\"@id\":\"https:\/\/pandeoshop.com\/sl\/#\/schema\/logo\/image\/\"},\"sameAs\":[\"https:\/\/www.facebook.com\/pandeoshop\/\",\"https:\/\/www.instagram.com\/pandeo_shop\/\"]}]}<\/script>\n<meta property=\"product:price:amount\" content=\"4.74\" \/>\n<meta property=\"product:price:currency\" content=\"EUR\" \/>\n<meta property=\"og:availability\" content=\"instock\" \/>\n<meta property=\"product:availability\" content=\"instock\" \/>\n<meta property=\"product:retailer_item_id\" content=\"HS11019\" \/>\n<meta property=\"product:condition\" content=\"new\" \/>\n<!-- \/ Yoast SEO Premium plugin. -->","yoast_head_json":{"title":"Tekstilna maska za obraz z acerolo | Mizon Joyful Time Essence Mask Acerola - Pandeoshop","description":"Maska z izvle\u010dkom acerole zaceli dra\u017eenja na ko\u017ei, jo za\u0161\u010diti in navla\u017ei suho ter dehidrirano ko\u017eo.","robots":{"index":"index","follow":"follow","max-snippet":"max-snippet:-1","max-image-preview":"max-image-preview:large","max-video-preview":"max-video-preview:-1"},"canonical":"https:\/\/pandeoshop.com\/sl\/product\/mizon-joyful-time-essence-mask-acerola\/","og_locale":"sl_SI","og_type":"article","og_title":"Tekstilna maska za obraz z acerolo | Mizon Joyful Time Essence Mask Acerola - Pandeoshop","og_description":"Maska z izvle\u010dkom acerole zaceli dra\u017eenja na ko\u017ei, jo za\u0161\u010diti in navla\u017ei suho ter dehidrirano ko\u017eo.","og_url":"https:\/\/pandeoshop.com\/product\/mizon-joyful-time-essence-mask-acerola\/","og_site_name":"Pandeoshop","article_publisher":"https:\/\/www.facebook.com\/pandeoshop\/","article_modified_time":"2023-07-19T23:31:18+00:00","og_image":[{"width":1000,"height":1000,"url":"https:\/\/pandeoshop.com\/wp-content\/uploads\/mizon-joyful-time-essence-mask-pack-acerola.jpeg","type":"image\/jpeg"}],"twitter_card":"summary_large_image","schema":{"@context":"https:\/\/schema.org","@graph":[{"@type":"WebPage","@id":"https:\/\/pandeoshop.com\/sl\/izdelek\/tekstilna-maska-za-obraz-z-acerolo-mizon-joyful-time-essence-mask-acerola\/","url":"https:\/\/pandeoshop.com\/product\/mizon-joyful-time-essence-mask-acerola\/","name":"Tekstilna maska za obraz z acerolo | Mizon Joyful Time Essence Mask Acerola - Pandeoshop","isPartOf":{"@id":"https:\/\/pandeoshop.com\/sl\/#website"},"primaryImageOfPage":{"@id":"https:\/\/pandeoshop.com\/product\/mizon-joyful-time-essence-mask-acerola\/#primaryimage"},"image":{"@id":"https:\/\/pandeoshop.com\/product\/mizon-joyful-time-essence-mask-acerola\/#primaryimage"},"thumbnailUrl":"https:\/\/pandeoshop.com\/wp-content\/uploads\/mizon-pore-fresh-deep-cleansing-bubble-mask.jpg","datePublished":"2022-09-17T15:51:35+00:00","dateModified":"2023-07-19T23:31:18+00:00","description":"Maska z izvle\u010dkom acerole zaceli dra\u017eenja na ko\u017ei, jo za\u0161\u010diti in navla\u017ei suho ter dehidrirano ko\u017eo.","breadcrumb":{"@id":"https:\/\/pandeoshop.com\/product\/mizon-joyful-time-essence-mask-acerola\/#breadcrumb"},"inLanguage":"sl-SI","potentialAction":[{"@type":"ReadAction","target":["https:\/\/pandeoshop.com\/product\/mizon-joyful-time-essence-mask-acerola\/"]}]},{"@type":"ImageObject","inLanguage":"sl-SI","@id":"https:\/\/pandeoshop.com\/product\/mizon-joyful-time-essence-mask-acerola\/#primaryimage","url":"https:\/\/pandeoshop.com\/wp-content\/uploads\/mizon-pore-fresh-deep-cleansing-bubble-mask.jpg","contentUrl":"https:\/\/pandeoshop.com\/wp-content\/uploads\/mizon-pore-fresh-deep-cleansing-bubble-mask.jpg","width":483,"height":465},{"@type":"BreadcrumbList","@id":"https:\/\/pandeoshop.com\/product\/mizon-joyful-time-essence-mask-acerola\/#breadcrumb","itemListElement":[{"@type":"ListItem","position":1,"name":"Domov","item":"https:\/\/pandeoshop.com\/sl\/"},{"@type":"ListItem","position":2,"name":"Trgovina","item":"https:\/\/pandeoshop.com\/sl\/trgovina\/"},{"@type":"ListItem","position":3,"name":"Blagovne znamke","item":"https:\/\/pandeoshop.com\/sl\/category\/blagovne-znamke\/"},{"@type":"ListItem","position":4,"name":"Mizon","item":"https:\/\/pandeoshop.com\/sl\/category\/blagovne-znamke\/mizon-sl\/"},{"@type":"ListItem","position":5,"name":"Tekstilna maska za obraz z acerolo Mizon Joyful Time Essence Mask Acerola"}]},{"@type":"WebSite","@id":"https:\/\/pandeoshop.com\/sl\/#website","url":"https:\/\/pandeoshop.com\/sl\/","name":"Pandeoshop","description":"\u0160e eno spleti\u0161\u010de WordPress","publisher":{"@id":"https:\/\/pandeoshop.com\/sl\/#organization"},"potentialAction":[{"@type":"SearchAction","target":{"@type":"EntryPoint","urlTemplate":"https:\/\/pandeoshop.com\/sl\/?s={search_term_string}"},"query-input":"required name=search_term_string"}],"inLanguage":"sl-SI"},{"@type":"Organization","@id":"https:\/\/pandeoshop.com\/sl\/#organization","name":"Pandeoshop","url":"https:\/\/pandeoshop.com\/sl\/","logo":{"@type":"ImageObject","inLanguage":"sl-SI","@id":"https:\/\/pandeoshop.com\/sl\/#\/schema\/logo\/image\/","url":"https:\/\/pandeoshop.com\/wp-content\/uploads\/pandeoshop_social_logo_no_textjpg.jpg","contentUrl":"https:\/\/pandeoshop.com\/wp-content\/uploads\/pandeoshop_social_logo_no_textjpg.jpg","width":288,"height":201,"caption":"Pandeoshop"},"image":{"@id":"https:\/\/pandeoshop.com\/sl\/#\/schema\/logo\/image\/"},"sameAs":["https:\/\/www.facebook.com\/pandeoshop\/","https:\/\/www.instagram.com\/pandeo_shop\/"]}]},"product_price_amount":"4.74","product_price_currency":"EUR","og_availability":"instock","product_availability":"instock","product_retailer_item_id":"HS11019","product_condition":"new"},"_links":{"self":[{"href":"https:\/\/pandeoshop.com\/sl\/wp-json\/wp\/v2\/product\/26670"}],"collection":[{"href":"https:\/\/pandeoshop.com\/sl\/wp-json\/wp\/v2\/product"}],"about":[{"href":"https:\/\/pandeoshop.com\/sl\/wp-json\/wp\/v2\/types\/product"}],"replies":[{"embeddable":true,"href":"https:\/\/pandeoshop.com\/sl\/wp-json\/wp\/v2\/comments?post=26670"}],"wp:featuredmedia":[{"embeddable":true,"href":"https:\/\/pandeoshop.com\/sl\/wp-json\/wp\/v2\/media\/42515"}],"wp:attachment":[{"href":"https:\/\/pandeoshop.com\/sl\/wp-json\/wp\/v2\/media?parent=26670"}],"wp:term":[{"taxonomy":"product_cat","embeddable":true,"href":"https:\/\/pandeoshop.com\/sl\/wp-json\/wp\/v2\/product_cat?post=26670"},{"taxonomy":"product_tag","embeddable":true,"href":"https:\/\/pandeoshop.com\/sl\/wp-json\/wp\/v2\/product_tag?post=26670"}],"curies":[{"name":"wp","href":"https:\/\/api.w.org\/{rel}","templated":true}]}}