{"id":26668,"date":"2022-10-25T23:16:55","date_gmt":"2022-09-17T15:51:35","guid":{"rendered":"https:\/\/pandeoshop.com\/?post_type=product&#038;p=26668"},"modified":"2023-07-20T01:31:17","modified_gmt":"2023-07-19T23:31:17","slug":"nezno-in-vlazilno-cistilno-olje-mizon-hydrating-deep-cleansing-oil","status":"publish","type":"product","link":"https:\/\/pandeoshop.com\/sl\/izdelek\/nezno-in-vlazilno-cistilno-olje-mizon-hydrating-deep-cleansing-oil\/","title":{"rendered":"Ne\u017eno in vla\u017eilno \u010distilno olje <br\/> Mizon Hydrating Deep Cleansing Oil"},"content":{"rendered":"<p>Mizon Hydrating Deep Cleansing Oil je vla\u017eilno olje za globinsko \u010di\u0161\u010denje suhe in razdra\u017eene ko\u017ee. Raztopi umazanijo, ostanke li\u010dil in odve\u010dni sebum, ne da bi poru\u0161il ob\u010dutljivo ravnovesje ko\u017ee.<\/p>\n<p>Zahvaljujo\u010d hialuronski kislini bo ko\u017ea napolnjena z vlago.<br \/>\nKompleks olj 10 semen naredi ko\u017eo pro\u017eno in mehko.<br \/>\nMe\u0161anica izvle\u010dkov brokolija, zelenega \u010daja, son\u010dnice, oliv in korenja pomaga zmanj\u0161ati rde\u010dico in posvetli ko\u017eo.<\/p>\n<p>Formula je brez di\u0161av, umetnih barvil in mineralnih olj.<br \/>\nZelo priporo\u010dljivo za ob\u010dutljivo, razdra\u017eeno ko\u017eo.<\/p>\n","protected":false},"excerpt":{"rendered":"<p>Vla\u017eilno globinsko \u010distilno olje zlahka odstrani li\u010dila in druge ne\u010disto\u010de s ko\u017ee. Obogatena z desetimi razli\u010dnimi vrstami olj in hialuronsko kislino, ki zagotavljajo intenzivno vla\u017eenje in mehkobo.<\/p>\n","protected":false},"featured_media":42456,"comment_status":"open","ping_status":"closed","template":"","meta":[],"product_cat":[1755,1725,1752,1756,1723,1738,1730,1718,1804,1774,1927,1801,1805,1767,1782,1772,1787,1928,1783,1779],"product_tag":[4988,5049,4290,4317,4549,4319,4520,4566,4336,5264,5149,4547],"bundle_layout":"","bundle_add_to_cart_form_location":"","bundle_editable_in_cart":false,"bundle_sold_individually_context":"","bundle_item_grouping":"","bundle_min_size":"","bundle_max_size":"","bundled_by":[],"bundled_items":[],"yoast_head":"<!-- This site is optimized with the Yoast SEO Premium plugin v22.2 (Yoast SEO v22.9) - https:\/\/yoast.com\/wordpress\/plugins\/seo\/ -->\n<title>Ne\u017eno in vla\u017eilno \u010distilno olje | Mizon Hydrating Deep Cleansing Oil - Pandeoshop<\/title>\n<meta name=\"description\" content=\"Vla\u017eilno globinsko \u010distilno olje zlahka odstrani li\u010dila in druge ne\u010disto\u010de s ko\u017ee. Obogatena z desetimi razli\u010dnimi vrstami olj in hialuronsko kislino, ki zagotavljajo intenzivno vla\u017eenje in mehkobo.\" \/>\n<meta name=\"robots\" content=\"index, follow, max-snippet:-1, max-image-preview:large, max-video-preview:-1\" \/>\n<link rel=\"canonical\" href=\"https:\/\/pandeoshop.com\/sl\/product\/mizon-hydrating-deep-cleansing-oil\/\" \/>\n<meta property=\"og:locale\" content=\"sl_SI\" \/>\n<meta property=\"og:type\" content=\"article\" \/>\n<meta property=\"og:title\" content=\"Ne\u017eno in vla\u017eilno \u010distilno olje | Mizon Hydrating Deep Cleansing Oil - Pandeoshop\" \/>\n<meta property=\"og:description\" content=\"Vla\u017eilno globinsko \u010distilno olje zlahka odstrani li\u010dila in druge ne\u010disto\u010de s ko\u017ee. Obogatena z desetimi razli\u010dnimi vrstami olj in hialuronsko kislino, ki zagotavljajo intenzivno vla\u017eenje in mehkobo.\" \/>\n<meta property=\"og:url\" content=\"https:\/\/pandeoshop.com\/product\/mizon-hydrating-deep-cleansing-oil\/\" \/>\n<meta property=\"og:site_name\" content=\"Pandeoshop\" \/>\n<meta property=\"article:publisher\" content=\"https:\/\/www.facebook.com\/pandeoshop\/\" \/>\n<meta property=\"article:modified_time\" content=\"2023-07-19T23:31:17+00:00\" \/>\n<meta property=\"og:image\" content=\"https:\/\/pandeoshop.com\/wp-content\/uploads\/mizon-hydrating-deep-cleansing-oil-150g-1.jpeg\" \/>\n\t<meta property=\"og:image:width\" content=\"1000\" \/>\n\t<meta property=\"og:image:height\" content=\"1000\" \/>\n\t<meta property=\"og:image:type\" content=\"image\/jpeg\" \/>\n<meta name=\"twitter:card\" content=\"summary_large_image\" \/>\n<script type=\"application\/ld+json\" class=\"yoast-schema-graph\">{\"@context\":\"https:\/\/schema.org\",\"@graph\":[{\"@type\":\"WebPage\",\"@id\":\"https:\/\/pandeoshop.com\/sl\/izdelek\/nezno-in-vlazilno-cistilno-olje-mizon-hydrating-deep-cleansing-oil\/\",\"url\":\"https:\/\/pandeoshop.com\/product\/mizon-hydrating-deep-cleansing-oil\/\",\"name\":\"Ne\u017eno in vla\u017eilno \u010distilno olje | Mizon Hydrating Deep Cleansing Oil - Pandeoshop\",\"isPartOf\":{\"@id\":\"https:\/\/pandeoshop.com\/sl\/#website\"},\"primaryImageOfPage\":{\"@id\":\"https:\/\/pandeoshop.com\/product\/mizon-hydrating-deep-cleansing-oil\/#primaryimage\"},\"image\":{\"@id\":\"https:\/\/pandeoshop.com\/product\/mizon-hydrating-deep-cleansing-oil\/#primaryimage\"},\"thumbnailUrl\":\"https:\/\/pandeoshop.com\/wp-content\/uploads\/mizon-hydrating-deep-cleansing-oil.jpg\",\"datePublished\":\"2022-09-17T15:51:35+00:00\",\"dateModified\":\"2023-07-19T23:31:17+00:00\",\"description\":\"Vla\u017eilno globinsko \u010distilno olje zlahka odstrani li\u010dila in druge ne\u010disto\u010de s ko\u017ee. Obogatena z desetimi razli\u010dnimi vrstami olj in hialuronsko kislino, ki zagotavljajo intenzivno vla\u017eenje in mehkobo.\",\"breadcrumb\":{\"@id\":\"https:\/\/pandeoshop.com\/product\/mizon-hydrating-deep-cleansing-oil\/#breadcrumb\"},\"inLanguage\":\"sl-SI\",\"potentialAction\":[{\"@type\":\"ReadAction\",\"target\":[\"https:\/\/pandeoshop.com\/product\/mizon-hydrating-deep-cleansing-oil\/\"]}]},{\"@type\":\"ImageObject\",\"inLanguage\":\"sl-SI\",\"@id\":\"https:\/\/pandeoshop.com\/product\/mizon-hydrating-deep-cleansing-oil\/#primaryimage\",\"url\":\"https:\/\/pandeoshop.com\/wp-content\/uploads\/mizon-hydrating-deep-cleansing-oil.jpg\",\"contentUrl\":\"https:\/\/pandeoshop.com\/wp-content\/uploads\/mizon-hydrating-deep-cleansing-oil.jpg\",\"width\":438,\"height\":469},{\"@type\":\"BreadcrumbList\",\"@id\":\"https:\/\/pandeoshop.com\/product\/mizon-hydrating-deep-cleansing-oil\/#breadcrumb\",\"itemListElement\":[{\"@type\":\"ListItem\",\"position\":1,\"name\":\"Domov\",\"item\":\"https:\/\/pandeoshop.com\/sl\/\"},{\"@type\":\"ListItem\",\"position\":2,\"name\":\"Trgovina\",\"item\":\"https:\/\/pandeoshop.com\/sl\/trgovina\/\"},{\"@type\":\"ListItem\",\"position\":3,\"name\":\"Blagovne znamke\",\"item\":\"https:\/\/pandeoshop.com\/sl\/category\/blagovne-znamke\/\"},{\"@type\":\"ListItem\",\"position\":4,\"name\":\"Mizon\",\"item\":\"https:\/\/pandeoshop.com\/sl\/category\/blagovne-znamke\/mizon-sl\/\"},{\"@type\":\"ListItem\",\"position\":5,\"name\":\"Ne\u017eno in vla\u017eilno \u010distilno olje Mizon Hydrating Deep Cleansing Oil\"}]},{\"@type\":\"WebSite\",\"@id\":\"https:\/\/pandeoshop.com\/sl\/#website\",\"url\":\"https:\/\/pandeoshop.com\/sl\/\",\"name\":\"Pandeoshop\",\"description\":\"\u0160e eno spleti\u0161\u010de WordPress\",\"publisher\":{\"@id\":\"https:\/\/pandeoshop.com\/sl\/#organization\"},\"potentialAction\":[{\"@type\":\"SearchAction\",\"target\":{\"@type\":\"EntryPoint\",\"urlTemplate\":\"https:\/\/pandeoshop.com\/sl\/?s={search_term_string}\"},\"query-input\":\"required name=search_term_string\"}],\"inLanguage\":\"sl-SI\"},{\"@type\":\"Organization\",\"@id\":\"https:\/\/pandeoshop.com\/sl\/#organization\",\"name\":\"Pandeoshop\",\"url\":\"https:\/\/pandeoshop.com\/sl\/\",\"logo\":{\"@type\":\"ImageObject\",\"inLanguage\":\"sl-SI\",\"@id\":\"https:\/\/pandeoshop.com\/sl\/#\/schema\/logo\/image\/\",\"url\":\"https:\/\/pandeoshop.com\/wp-content\/uploads\/pandeoshop_social_logo_no_textjpg.jpg\",\"contentUrl\":\"https:\/\/pandeoshop.com\/wp-content\/uploads\/pandeoshop_social_logo_no_textjpg.jpg\",\"width\":288,\"height\":201,\"caption\":\"Pandeoshop\"},\"image\":{\"@id\":\"https:\/\/pandeoshop.com\/sl\/#\/schema\/logo\/image\/\"},\"sameAs\":[\"https:\/\/www.facebook.com\/pandeoshop\/\",\"https:\/\/www.instagram.com\/pandeo_shop\/\"]}]}<\/script>\n<meta property=\"product:price:amount\" content=\"22.52\" \/>\n<meta property=\"product:price:currency\" content=\"EUR\" \/>\n<meta property=\"og:availability\" content=\"instock\" \/>\n<meta property=\"product:availability\" content=\"instock\" \/>\n<meta property=\"product:retailer_item_id\" content=\"HS10664\" \/>\n<meta property=\"product:condition\" content=\"new\" \/>\n<!-- \/ Yoast SEO Premium plugin. -->","yoast_head_json":{"title":"Ne\u017eno in vla\u017eilno \u010distilno olje | Mizon Hydrating Deep Cleansing Oil - Pandeoshop","description":"Vla\u017eilno globinsko \u010distilno olje zlahka odstrani li\u010dila in druge ne\u010disto\u010de s ko\u017ee. Obogatena z desetimi razli\u010dnimi vrstami olj in hialuronsko kislino, ki zagotavljajo intenzivno vla\u017eenje in mehkobo.","robots":{"index":"index","follow":"follow","max-snippet":"max-snippet:-1","max-image-preview":"max-image-preview:large","max-video-preview":"max-video-preview:-1"},"canonical":"https:\/\/pandeoshop.com\/sl\/product\/mizon-hydrating-deep-cleansing-oil\/","og_locale":"sl_SI","og_type":"article","og_title":"Ne\u017eno in vla\u017eilno \u010distilno olje | Mizon Hydrating Deep Cleansing Oil - Pandeoshop","og_description":"Vla\u017eilno globinsko \u010distilno olje zlahka odstrani li\u010dila in druge ne\u010disto\u010de s ko\u017ee. Obogatena z desetimi razli\u010dnimi vrstami olj in hialuronsko kislino, ki zagotavljajo intenzivno vla\u017eenje in mehkobo.","og_url":"https:\/\/pandeoshop.com\/product\/mizon-hydrating-deep-cleansing-oil\/","og_site_name":"Pandeoshop","article_publisher":"https:\/\/www.facebook.com\/pandeoshop\/","article_modified_time":"2023-07-19T23:31:17+00:00","og_image":[{"width":1000,"height":1000,"url":"https:\/\/pandeoshop.com\/wp-content\/uploads\/mizon-hydrating-deep-cleansing-oil-150g-1.jpeg","type":"image\/jpeg"}],"twitter_card":"summary_large_image","schema":{"@context":"https:\/\/schema.org","@graph":[{"@type":"WebPage","@id":"https:\/\/pandeoshop.com\/sl\/izdelek\/nezno-in-vlazilno-cistilno-olje-mizon-hydrating-deep-cleansing-oil\/","url":"https:\/\/pandeoshop.com\/product\/mizon-hydrating-deep-cleansing-oil\/","name":"Ne\u017eno in vla\u017eilno \u010distilno olje | Mizon Hydrating Deep Cleansing Oil - Pandeoshop","isPartOf":{"@id":"https:\/\/pandeoshop.com\/sl\/#website"},"primaryImageOfPage":{"@id":"https:\/\/pandeoshop.com\/product\/mizon-hydrating-deep-cleansing-oil\/#primaryimage"},"image":{"@id":"https:\/\/pandeoshop.com\/product\/mizon-hydrating-deep-cleansing-oil\/#primaryimage"},"thumbnailUrl":"https:\/\/pandeoshop.com\/wp-content\/uploads\/mizon-hydrating-deep-cleansing-oil.jpg","datePublished":"2022-09-17T15:51:35+00:00","dateModified":"2023-07-19T23:31:17+00:00","description":"Vla\u017eilno globinsko \u010distilno olje zlahka odstrani li\u010dila in druge ne\u010disto\u010de s ko\u017ee. Obogatena z desetimi razli\u010dnimi vrstami olj in hialuronsko kislino, ki zagotavljajo intenzivno vla\u017eenje in mehkobo.","breadcrumb":{"@id":"https:\/\/pandeoshop.com\/product\/mizon-hydrating-deep-cleansing-oil\/#breadcrumb"},"inLanguage":"sl-SI","potentialAction":[{"@type":"ReadAction","target":["https:\/\/pandeoshop.com\/product\/mizon-hydrating-deep-cleansing-oil\/"]}]},{"@type":"ImageObject","inLanguage":"sl-SI","@id":"https:\/\/pandeoshop.com\/product\/mizon-hydrating-deep-cleansing-oil\/#primaryimage","url":"https:\/\/pandeoshop.com\/wp-content\/uploads\/mizon-hydrating-deep-cleansing-oil.jpg","contentUrl":"https:\/\/pandeoshop.com\/wp-content\/uploads\/mizon-hydrating-deep-cleansing-oil.jpg","width":438,"height":469},{"@type":"BreadcrumbList","@id":"https:\/\/pandeoshop.com\/product\/mizon-hydrating-deep-cleansing-oil\/#breadcrumb","itemListElement":[{"@type":"ListItem","position":1,"name":"Domov","item":"https:\/\/pandeoshop.com\/sl\/"},{"@type":"ListItem","position":2,"name":"Trgovina","item":"https:\/\/pandeoshop.com\/sl\/trgovina\/"},{"@type":"ListItem","position":3,"name":"Blagovne znamke","item":"https:\/\/pandeoshop.com\/sl\/category\/blagovne-znamke\/"},{"@type":"ListItem","position":4,"name":"Mizon","item":"https:\/\/pandeoshop.com\/sl\/category\/blagovne-znamke\/mizon-sl\/"},{"@type":"ListItem","position":5,"name":"Ne\u017eno in vla\u017eilno \u010distilno olje Mizon Hydrating Deep Cleansing Oil"}]},{"@type":"WebSite","@id":"https:\/\/pandeoshop.com\/sl\/#website","url":"https:\/\/pandeoshop.com\/sl\/","name":"Pandeoshop","description":"\u0160e eno spleti\u0161\u010de WordPress","publisher":{"@id":"https:\/\/pandeoshop.com\/sl\/#organization"},"potentialAction":[{"@type":"SearchAction","target":{"@type":"EntryPoint","urlTemplate":"https:\/\/pandeoshop.com\/sl\/?s={search_term_string}"},"query-input":"required name=search_term_string"}],"inLanguage":"sl-SI"},{"@type":"Organization","@id":"https:\/\/pandeoshop.com\/sl\/#organization","name":"Pandeoshop","url":"https:\/\/pandeoshop.com\/sl\/","logo":{"@type":"ImageObject","inLanguage":"sl-SI","@id":"https:\/\/pandeoshop.com\/sl\/#\/schema\/logo\/image\/","url":"https:\/\/pandeoshop.com\/wp-content\/uploads\/pandeoshop_social_logo_no_textjpg.jpg","contentUrl":"https:\/\/pandeoshop.com\/wp-content\/uploads\/pandeoshop_social_logo_no_textjpg.jpg","width":288,"height":201,"caption":"Pandeoshop"},"image":{"@id":"https:\/\/pandeoshop.com\/sl\/#\/schema\/logo\/image\/"},"sameAs":["https:\/\/www.facebook.com\/pandeoshop\/","https:\/\/www.instagram.com\/pandeo_shop\/"]}]},"product_price_amount":"22.52","product_price_currency":"EUR","og_availability":"instock","product_availability":"instock","product_retailer_item_id":"HS10664","product_condition":"new"},"_links":{"self":[{"href":"https:\/\/pandeoshop.com\/sl\/wp-json\/wp\/v2\/product\/26668"}],"collection":[{"href":"https:\/\/pandeoshop.com\/sl\/wp-json\/wp\/v2\/product"}],"about":[{"href":"https:\/\/pandeoshop.com\/sl\/wp-json\/wp\/v2\/types\/product"}],"replies":[{"embeddable":true,"href":"https:\/\/pandeoshop.com\/sl\/wp-json\/wp\/v2\/comments?post=26668"}],"wp:featuredmedia":[{"embeddable":true,"href":"https:\/\/pandeoshop.com\/sl\/wp-json\/wp\/v2\/media\/42456"}],"wp:attachment":[{"href":"https:\/\/pandeoshop.com\/sl\/wp-json\/wp\/v2\/media?parent=26668"}],"wp:term":[{"taxonomy":"product_cat","embeddable":true,"href":"https:\/\/pandeoshop.com\/sl\/wp-json\/wp\/v2\/product_cat?post=26668"},{"taxonomy":"product_tag","embeddable":true,"href":"https:\/\/pandeoshop.com\/sl\/wp-json\/wp\/v2\/product_tag?post=26668"}],"curies":[{"name":"wp","href":"https:\/\/api.w.org\/{rel}","templated":true}]}}