{"id":26667,"date":"2022-10-25T23:16:55","date_gmt":"2022-09-17T15:51:35","guid":{"rendered":"https:\/\/pandeoshop.com\/product\/intenzivna-vlazilna-krema-za-obraz-z-bambusom-mizon-hyaluronic-ultra-suboon-cream\/"},"modified":"2024-11-27T08:46:12","modified_gmt":"2024-11-27T07:46:12","slug":"intenzivna-vlazilna-krema-za-obraz-z-bambusom-mizon-hyaluronic-ultra-suboon-cream","status":"publish","type":"product","link":"https:\/\/pandeoshop.com\/sl\/izdelek\/intenzivna-vlazilna-krema-za-obraz-z-bambusom-mizon-hyaluronic-ultra-suboon-cream\/","title":{"rendered":"Intenzivna vla\u017eilna krema za obraz z bambusom <br\/> Mizon Hyaluronic Ultra Suboon Cream"},"content":{"rendered":"<p>Mizon Hyaluronic Ultra Suboon Cream s hialuronsko kislino je namenjena hitremu in globinskemu vla\u017eenju ko\u017ee. Lahka gel tekstura kreme spodbuja hitro absorbcijo, ne pu\u0161\u010da mastnega ali lepljivega ob\u010dutka in pomaga prodreti u\u010dinkovinam \u010dim globlje. Krema z aktivnimi vla\u017eilnimi sestavinami ko\u017eo naredi gladko, elasti\u010dno in sijo\u010do, stimulira sintezo lastnega kolagena in elastina ter ko\u017eo pomirja, meh\u010da in gladi. Bambusov sok pospe\u0161uje regeneracijo ko\u017enih celic, ima vla\u017eilni u\u010dinek in pove\u010duje odpornost ko\u017ee na stresorje. Benzojska kislina (protiglivi\u010dno sredstvo, vitamin C) spodbuja sintezo lastnega kolagena, mo\u010dni antioksidanti, aminokisline in minerali pa ko\u017eo izvrstno negujejo in hranijo. Brezov sok osve\u017ei, navla\u017ei in tonira ko\u017eo. Olj\u010dna in son\u010dni\u010dna olja intenzivno negujejo ko\u017eo, zaradi \u010desar postane bolj mehka in voljna.<\/p>\n","protected":false},"excerpt":{"rendered":"<p>Krema s hialuronsko kislino, ki hitro in u\u010dinkovito navla\u017ei ko\u017eo obraza.<\/p>\n","protected":false},"featured_media":36466,"comment_status":"open","ping_status":"closed","template":"","meta":[],"product_cat":[1755,1720,1737,1756,1721,1730,1718,1735,1804,1769,1927,1784,1780,1785,1985,1805,1767,1770,1948,1781,1782,1942,1928,1783,1779,1786],"product_tag":[4265,4495,4506,4276,4278,4508,4523,4293,4542,4312,4549,4319,4566,4336,4568,4338,4598,4368],"bundle_layout":"","bundle_add_to_cart_form_location":"","bundle_editable_in_cart":false,"bundle_sold_individually_context":"","bundle_item_grouping":"","bundle_min_size":"","bundle_max_size":"","bundled_by":[],"bundled_items":[],"yoast_head":"<!-- This site is optimized with the Yoast SEO Premium plugin v22.2 (Yoast SEO v22.9) - https:\/\/yoast.com\/wordpress\/plugins\/seo\/ -->\n<title>Intenzivna vla\u017eilna krema za obraz z bambusom | Mizon Hyaluronic Ultra Suboon Cream - Pandeoshop<\/title>\n<meta name=\"description\" content=\"Krema s hialuronsko kislino, ki hitro in u\u010dinkovito navla\u017ei ko\u017eo obraza.\" \/>\n<meta name=\"robots\" content=\"index, follow, max-snippet:-1, max-image-preview:large, max-video-preview:-1\" \/>\n<link rel=\"canonical\" href=\"https:\/\/pandeoshop.com\/sl\/product\/mizon-hyaluronic-ultra-suboon-cream\/\" \/>\n<meta property=\"og:locale\" content=\"sl_SI\" \/>\n<meta property=\"og:type\" content=\"article\" \/>\n<meta property=\"og:title\" content=\"Intenzivna vla\u017eilna krema za obraz z bambusom | Mizon Hyaluronic Ultra Suboon Cream - Pandeoshop\" \/>\n<meta property=\"og:description\" content=\"Krema s hialuronsko kislino, ki hitro in u\u010dinkovito navla\u017ei ko\u017eo obraza.\" \/>\n<meta property=\"og:url\" content=\"https:\/\/pandeoshop.com\/product\/mizon-hyaluronic-ultra-suboon-cream\/\" \/>\n<meta property=\"og:site_name\" content=\"Pandeoshop\" \/>\n<meta property=\"article:publisher\" content=\"https:\/\/www.facebook.com\/pandeoshop\/\" \/>\n<meta property=\"article:modified_time\" content=\"2024-11-27T07:46:12+00:00\" \/>\n<meta property=\"og:image\" content=\"https:\/\/pandeoshop.com\/wp-content\/uploads\/mizon-hyaluronic-ultra-suboon-cream.jpeg\" \/>\n\t<meta property=\"og:image:width\" content=\"1000\" \/>\n\t<meta property=\"og:image:height\" content=\"1000\" \/>\n\t<meta property=\"og:image:type\" content=\"image\/jpeg\" \/>\n<meta name=\"twitter:card\" content=\"summary_large_image\" \/>\n<script type=\"application\/ld+json\" class=\"yoast-schema-graph\">{\"@context\":\"https:\/\/schema.org\",\"@graph\":[{\"@type\":\"WebPage\",\"@id\":\"https:\/\/pandeoshop.com\/sl\/izdelek\/intenzivna-vlazilna-krema-za-obraz-z-bambusom-mizon-hyaluronic-ultra-suboon-cream\/\",\"url\":\"https:\/\/pandeoshop.com\/product\/mizon-hyaluronic-ultra-suboon-cream\/\",\"name\":\"Intenzivna vla\u017eilna krema za obraz z bambusom | Mizon Hyaluronic Ultra Suboon Cream - Pandeoshop\",\"isPartOf\":{\"@id\":\"https:\/\/pandeoshop.com\/sl\/#website\"},\"primaryImageOfPage\":{\"@id\":\"https:\/\/pandeoshop.com\/product\/mizon-hyaluronic-ultra-suboon-cream\/#primaryimage\"},\"image\":{\"@id\":\"https:\/\/pandeoshop.com\/product\/mizon-hyaluronic-ultra-suboon-cream\/#primaryimage\"},\"thumbnailUrl\":\"https:\/\/pandeoshop.com\/wp-content\/uploads\/mizon-hyaluronic-ultra-suboon-cream.jpeg\",\"datePublished\":\"2022-09-17T15:51:35+00:00\",\"dateModified\":\"2024-11-27T07:46:12+00:00\",\"description\":\"Krema s hialuronsko kislino, ki hitro in u\u010dinkovito navla\u017ei ko\u017eo obraza.\",\"breadcrumb\":{\"@id\":\"https:\/\/pandeoshop.com\/product\/mizon-hyaluronic-ultra-suboon-cream\/#breadcrumb\"},\"inLanguage\":\"sl-SI\",\"potentialAction\":[{\"@type\":\"ReadAction\",\"target\":[\"https:\/\/pandeoshop.com\/product\/mizon-hyaluronic-ultra-suboon-cream\/\"]}]},{\"@type\":\"ImageObject\",\"inLanguage\":\"sl-SI\",\"@id\":\"https:\/\/pandeoshop.com\/product\/mizon-hyaluronic-ultra-suboon-cream\/#primaryimage\",\"url\":\"https:\/\/pandeoshop.com\/wp-content\/uploads\/mizon-hyaluronic-ultra-suboon-cream.jpeg\",\"contentUrl\":\"https:\/\/pandeoshop.com\/wp-content\/uploads\/mizon-hyaluronic-ultra-suboon-cream.jpeg\",\"width\":1000,\"height\":1000},{\"@type\":\"BreadcrumbList\",\"@id\":\"https:\/\/pandeoshop.com\/product\/mizon-hyaluronic-ultra-suboon-cream\/#breadcrumb\",\"itemListElement\":[{\"@type\":\"ListItem\",\"position\":1,\"name\":\"Domov\",\"item\":\"https:\/\/pandeoshop.com\/sl\/\"},{\"@type\":\"ListItem\",\"position\":2,\"name\":\"Trgovina\",\"item\":\"https:\/\/pandeoshop.com\/sl\/trgovina\/\"},{\"@type\":\"ListItem\",\"position\":3,\"name\":\"Blagovne znamke\",\"item\":\"https:\/\/pandeoshop.com\/sl\/category\/blagovne-znamke\/\"},{\"@type\":\"ListItem\",\"position\":4,\"name\":\"Mizon\",\"item\":\"https:\/\/pandeoshop.com\/sl\/category\/blagovne-znamke\/mizon-sl\/\"},{\"@type\":\"ListItem\",\"position\":5,\"name\":\"Intenzivna vla\u017eilna krema za obraz z bambusom Mizon Hyaluronic Ultra Suboon Cream\"}]},{\"@type\":\"WebSite\",\"@id\":\"https:\/\/pandeoshop.com\/sl\/#website\",\"url\":\"https:\/\/pandeoshop.com\/sl\/\",\"name\":\"Pandeoshop\",\"description\":\"\u0160e eno spleti\u0161\u010de WordPress\",\"publisher\":{\"@id\":\"https:\/\/pandeoshop.com\/sl\/#organization\"},\"potentialAction\":[{\"@type\":\"SearchAction\",\"target\":{\"@type\":\"EntryPoint\",\"urlTemplate\":\"https:\/\/pandeoshop.com\/sl\/?s={search_term_string}\"},\"query-input\":\"required name=search_term_string\"}],\"inLanguage\":\"sl-SI\"},{\"@type\":\"Organization\",\"@id\":\"https:\/\/pandeoshop.com\/sl\/#organization\",\"name\":\"Pandeoshop\",\"url\":\"https:\/\/pandeoshop.com\/sl\/\",\"logo\":{\"@type\":\"ImageObject\",\"inLanguage\":\"sl-SI\",\"@id\":\"https:\/\/pandeoshop.com\/sl\/#\/schema\/logo\/image\/\",\"url\":\"https:\/\/pandeoshop.com\/wp-content\/uploads\/pandeoshop_social_logo_no_textjpg.jpg\",\"contentUrl\":\"https:\/\/pandeoshop.com\/wp-content\/uploads\/pandeoshop_social_logo_no_textjpg.jpg\",\"width\":288,\"height\":201,\"caption\":\"Pandeoshop\"},\"image\":{\"@id\":\"https:\/\/pandeoshop.com\/sl\/#\/schema\/logo\/image\/\"},\"sameAs\":[\"https:\/\/www.facebook.com\/pandeoshop\/\",\"https:\/\/www.instagram.com\/pandeo_shop\/\"]}]}<\/script>\n<meta property=\"product:price:amount\" content=\"12.00\" \/>\n<meta property=\"product:price:currency\" content=\"EUR\" \/>\n<meta property=\"og:availability\" content=\"out of stock\" \/>\n<meta property=\"product:availability\" content=\"out of stock\" \/>\n<meta property=\"product:retailer_item_id\" content=\"MZN9579273783\" \/>\n<meta property=\"product:condition\" content=\"new\" \/>\n<!-- \/ Yoast SEO Premium plugin. -->","yoast_head_json":{"title":"Intenzivna vla\u017eilna krema za obraz z bambusom | Mizon Hyaluronic Ultra Suboon Cream - Pandeoshop","description":"Krema s hialuronsko kislino, ki hitro in u\u010dinkovito navla\u017ei ko\u017eo obraza.","robots":{"index":"index","follow":"follow","max-snippet":"max-snippet:-1","max-image-preview":"max-image-preview:large","max-video-preview":"max-video-preview:-1"},"canonical":"https:\/\/pandeoshop.com\/sl\/product\/mizon-hyaluronic-ultra-suboon-cream\/","og_locale":"sl_SI","og_type":"article","og_title":"Intenzivna vla\u017eilna krema za obraz z bambusom | Mizon Hyaluronic Ultra Suboon Cream - Pandeoshop","og_description":"Krema s hialuronsko kislino, ki hitro in u\u010dinkovito navla\u017ei ko\u017eo obraza.","og_url":"https:\/\/pandeoshop.com\/product\/mizon-hyaluronic-ultra-suboon-cream\/","og_site_name":"Pandeoshop","article_publisher":"https:\/\/www.facebook.com\/pandeoshop\/","article_modified_time":"2024-11-27T07:46:12+00:00","og_image":[{"width":1000,"height":1000,"url":"https:\/\/pandeoshop.com\/wp-content\/uploads\/mizon-hyaluronic-ultra-suboon-cream.jpeg","type":"image\/jpeg"}],"twitter_card":"summary_large_image","schema":{"@context":"https:\/\/schema.org","@graph":[{"@type":"WebPage","@id":"https:\/\/pandeoshop.com\/sl\/izdelek\/intenzivna-vlazilna-krema-za-obraz-z-bambusom-mizon-hyaluronic-ultra-suboon-cream\/","url":"https:\/\/pandeoshop.com\/product\/mizon-hyaluronic-ultra-suboon-cream\/","name":"Intenzivna vla\u017eilna krema za obraz z bambusom | Mizon Hyaluronic Ultra Suboon Cream - Pandeoshop","isPartOf":{"@id":"https:\/\/pandeoshop.com\/sl\/#website"},"primaryImageOfPage":{"@id":"https:\/\/pandeoshop.com\/product\/mizon-hyaluronic-ultra-suboon-cream\/#primaryimage"},"image":{"@id":"https:\/\/pandeoshop.com\/product\/mizon-hyaluronic-ultra-suboon-cream\/#primaryimage"},"thumbnailUrl":"https:\/\/pandeoshop.com\/wp-content\/uploads\/mizon-hyaluronic-ultra-suboon-cream.jpeg","datePublished":"2022-09-17T15:51:35+00:00","dateModified":"2024-11-27T07:46:12+00:00","description":"Krema s hialuronsko kislino, ki hitro in u\u010dinkovito navla\u017ei ko\u017eo obraza.","breadcrumb":{"@id":"https:\/\/pandeoshop.com\/product\/mizon-hyaluronic-ultra-suboon-cream\/#breadcrumb"},"inLanguage":"sl-SI","potentialAction":[{"@type":"ReadAction","target":["https:\/\/pandeoshop.com\/product\/mizon-hyaluronic-ultra-suboon-cream\/"]}]},{"@type":"ImageObject","inLanguage":"sl-SI","@id":"https:\/\/pandeoshop.com\/product\/mizon-hyaluronic-ultra-suboon-cream\/#primaryimage","url":"https:\/\/pandeoshop.com\/wp-content\/uploads\/mizon-hyaluronic-ultra-suboon-cream.jpeg","contentUrl":"https:\/\/pandeoshop.com\/wp-content\/uploads\/mizon-hyaluronic-ultra-suboon-cream.jpeg","width":1000,"height":1000},{"@type":"BreadcrumbList","@id":"https:\/\/pandeoshop.com\/product\/mizon-hyaluronic-ultra-suboon-cream\/#breadcrumb","itemListElement":[{"@type":"ListItem","position":1,"name":"Domov","item":"https:\/\/pandeoshop.com\/sl\/"},{"@type":"ListItem","position":2,"name":"Trgovina","item":"https:\/\/pandeoshop.com\/sl\/trgovina\/"},{"@type":"ListItem","position":3,"name":"Blagovne znamke","item":"https:\/\/pandeoshop.com\/sl\/category\/blagovne-znamke\/"},{"@type":"ListItem","position":4,"name":"Mizon","item":"https:\/\/pandeoshop.com\/sl\/category\/blagovne-znamke\/mizon-sl\/"},{"@type":"ListItem","position":5,"name":"Intenzivna vla\u017eilna krema za obraz z bambusom Mizon Hyaluronic Ultra Suboon Cream"}]},{"@type":"WebSite","@id":"https:\/\/pandeoshop.com\/sl\/#website","url":"https:\/\/pandeoshop.com\/sl\/","name":"Pandeoshop","description":"\u0160e eno spleti\u0161\u010de WordPress","publisher":{"@id":"https:\/\/pandeoshop.com\/sl\/#organization"},"potentialAction":[{"@type":"SearchAction","target":{"@type":"EntryPoint","urlTemplate":"https:\/\/pandeoshop.com\/sl\/?s={search_term_string}"},"query-input":"required name=search_term_string"}],"inLanguage":"sl-SI"},{"@type":"Organization","@id":"https:\/\/pandeoshop.com\/sl\/#organization","name":"Pandeoshop","url":"https:\/\/pandeoshop.com\/sl\/","logo":{"@type":"ImageObject","inLanguage":"sl-SI","@id":"https:\/\/pandeoshop.com\/sl\/#\/schema\/logo\/image\/","url":"https:\/\/pandeoshop.com\/wp-content\/uploads\/pandeoshop_social_logo_no_textjpg.jpg","contentUrl":"https:\/\/pandeoshop.com\/wp-content\/uploads\/pandeoshop_social_logo_no_textjpg.jpg","width":288,"height":201,"caption":"Pandeoshop"},"image":{"@id":"https:\/\/pandeoshop.com\/sl\/#\/schema\/logo\/image\/"},"sameAs":["https:\/\/www.facebook.com\/pandeoshop\/","https:\/\/www.instagram.com\/pandeo_shop\/"]}]},"product_price_amount":"12.00","product_price_currency":"EUR","og_availability":"out of stock","product_availability":"out of stock","product_retailer_item_id":"MZN9579273783","product_condition":"new"},"_links":{"self":[{"href":"https:\/\/pandeoshop.com\/sl\/wp-json\/wp\/v2\/product\/26667"}],"collection":[{"href":"https:\/\/pandeoshop.com\/sl\/wp-json\/wp\/v2\/product"}],"about":[{"href":"https:\/\/pandeoshop.com\/sl\/wp-json\/wp\/v2\/types\/product"}],"replies":[{"embeddable":true,"href":"https:\/\/pandeoshop.com\/sl\/wp-json\/wp\/v2\/comments?post=26667"}],"wp:featuredmedia":[{"embeddable":true,"href":"https:\/\/pandeoshop.com\/sl\/wp-json\/wp\/v2\/media\/36466"}],"wp:attachment":[{"href":"https:\/\/pandeoshop.com\/sl\/wp-json\/wp\/v2\/media?parent=26667"}],"wp:term":[{"taxonomy":"product_cat","embeddable":true,"href":"https:\/\/pandeoshop.com\/sl\/wp-json\/wp\/v2\/product_cat?post=26667"},{"taxonomy":"product_tag","embeddable":true,"href":"https:\/\/pandeoshop.com\/sl\/wp-json\/wp\/v2\/product_tag?post=26667"}],"curies":[{"name":"wp","href":"https:\/\/api.w.org\/{rel}","templated":true}]}}