{"id":26665,"date":"2022-10-25T23:16:37","date_gmt":"2022-09-17T15:51:19","guid":{"rendered":"https:\/\/pandeoshop.com\/?post_type=product&#038;p=26665"},"modified":"2023-07-20T01:31:17","modified_gmt":"2023-07-19T23:31:17","slug":"vlazilna-krema-za-obraz-s-hialuronsko-kislino-z-ucinkom-pilinga-mizon-hyaluronic-acid-sherbet-deep-cleansing-foam","status":"publish","type":"product","link":"https:\/\/pandeoshop.com\/sl\/izdelek\/vlazilna-krema-za-obraz-s-hialuronsko-kislino-z-ucinkom-pilinga-mizon-hyaluronic-acid-sherbet-deep-cleansing-foam\/","title":{"rendered":"Vla\u017eilna krema za obraz s hialuronsko kislino z u\u010dinkom pilinga <br\/> Mizon Hyaluronic Acid Sherbet Deep Cleansing Foam"},"content":{"rendered":"<p>Mizon Hyaluronic Acid Sherbet Deep Cleansing Foam s svojo ne\u017eno teksturo in drobnimi zrnci sode bikarbone poskrbi za rahel piling in naredi ko\u017eo gladko in enakomerno.<\/p>\n<p>Izvle\u010dka hialuronske kisline in mle\u010dnih beljakovin imata izrazit vla\u017eilni in pomlajevalni u\u010dinek: prodreta globoko v tkiva, napolnita vlakna z elastinom in kolagenom, s \u010dimer zmanj\u0161amo starostni izgled, zgladimo gube ter prepre\u010dimo prezgodnje staranje ko\u017ee.<br \/>\nHranljivo olje jojobe in izvle\u010dki \u010debeljega voska krepijo ko\u017eno bariero in zadr\u017eujejo vlago, ko\u017eo pa pustijo navla\u017eeno in mehko.<\/p>\n","protected":false},"excerpt":{"rendered":"<p>Globinsko \u010distilna pena s sodo bikarbono zagotavlja rahel piling, ki odma\u0161i pore in pusti ko\u017eo gladko. Prav tako odstrani umazanijo in li\u010dila brez izsu\u0161evanja.<\/p>\n","protected":false},"featured_media":36441,"comment_status":"open","ping_status":"closed","template":"","meta":[],"product_cat":[1804,1774,1784,1801,1780,1785,1805,1767,1781,1782,1783,1779,1786],"product_tag":[4511,4549,4550,5041],"bundle_layout":"","bundle_add_to_cart_form_location":"","bundle_editable_in_cart":false,"bundle_sold_individually_context":"","bundle_item_grouping":"","bundle_min_size":"","bundle_max_size":"","bundled_by":[],"bundled_items":[],"yoast_head":"<!-- This site is optimized with the Yoast SEO Premium plugin v22.2 (Yoast SEO v22.9) - https:\/\/yoast.com\/wordpress\/plugins\/seo\/ -->\n<title>Vla\u017eilna krema za obraz s hialuronsko kislino z u\u010dinkom pilinga | Mizon Hyaluronic Acid Sherbet Deep Cleansing Foam - Pandeoshop<\/title>\n<meta name=\"description\" content=\"Globinsko \u010distilna pena s sodo bikarbono zagotavlja rahel piling, ki odma\u0161i pore in pusti ko\u017eo gladko. Prav tako odstrani umazanijo in li\u010dila brez izsu\u0161evanja.\" \/>\n<meta name=\"robots\" content=\"index, follow, max-snippet:-1, max-image-preview:large, max-video-preview:-1\" \/>\n<link rel=\"canonical\" href=\"https:\/\/pandeoshop.com\/sl\/product\/mizon-hyaluronic-acid-sherbet-deep-cleansing-foam\/\" \/>\n<meta property=\"og:locale\" content=\"sl_SI\" \/>\n<meta property=\"og:type\" content=\"article\" \/>\n<meta property=\"og:title\" content=\"Vla\u017eilna krema za obraz s hialuronsko kislino z u\u010dinkom pilinga | Mizon Hyaluronic Acid Sherbet Deep Cleansing Foam - Pandeoshop\" \/>\n<meta property=\"og:description\" content=\"Globinsko \u010distilna pena s sodo bikarbono zagotavlja rahel piling, ki odma\u0161i pore in pusti ko\u017eo gladko. Prav tako odstrani umazanijo in li\u010dila brez izsu\u0161evanja.\" \/>\n<meta property=\"og:url\" content=\"https:\/\/pandeoshop.com\/product\/mizon-hyaluronic-acid-sherbet-deep-cleansing-foam\/\" \/>\n<meta property=\"og:site_name\" content=\"Pandeoshop\" \/>\n<meta property=\"article:publisher\" content=\"https:\/\/www.facebook.com\/pandeoshop\/\" \/>\n<meta property=\"article:modified_time\" content=\"2023-07-19T23:31:17+00:00\" \/>\n<meta property=\"og:image\" content=\"https:\/\/pandeoshop.com\/wp-content\/uploads\/mizon-hyaluronic-acid-sherbet-deep-cleansing-foam-150g-1.jpeg\" \/>\n\t<meta property=\"og:image:width\" content=\"1000\" \/>\n\t<meta property=\"og:image:height\" content=\"1000\" \/>\n\t<meta property=\"og:image:type\" content=\"image\/jpeg\" \/>\n<meta name=\"twitter:card\" content=\"summary_large_image\" \/>\n<script type=\"application\/ld+json\" class=\"yoast-schema-graph\">{\"@context\":\"https:\/\/schema.org\",\"@graph\":[{\"@type\":\"WebPage\",\"@id\":\"https:\/\/pandeoshop.com\/sl\/izdelek\/vlazilna-krema-za-obraz-s-hialuronsko-kislino-z-ucinkom-pilinga-mizon-hyaluronic-acid-sherbet-deep-cleansing-foam\/\",\"url\":\"https:\/\/pandeoshop.com\/product\/mizon-hyaluronic-acid-sherbet-deep-cleansing-foam\/\",\"name\":\"Vla\u017eilna krema za obraz s hialuronsko kislino z u\u010dinkom pilinga | Mizon Hyaluronic Acid Sherbet Deep Cleansing Foam - Pandeoshop\",\"isPartOf\":{\"@id\":\"https:\/\/pandeoshop.com\/sl\/#website\"},\"primaryImageOfPage\":{\"@id\":\"https:\/\/pandeoshop.com\/product\/mizon-hyaluronic-acid-sherbet-deep-cleansing-foam\/#primaryimage\"},\"image\":{\"@id\":\"https:\/\/pandeoshop.com\/product\/mizon-hyaluronic-acid-sherbet-deep-cleansing-foam\/#primaryimage\"},\"thumbnailUrl\":\"https:\/\/pandeoshop.com\/wp-content\/uploads\/mizon-hyaluronic-acid-sherbet-deep-cleansing-foam-150g-1.jpeg\",\"datePublished\":\"2022-09-17T15:51:19+00:00\",\"dateModified\":\"2023-07-19T23:31:17+00:00\",\"description\":\"Globinsko \u010distilna pena s sodo bikarbono zagotavlja rahel piling, ki odma\u0161i pore in pusti ko\u017eo gladko. Prav tako odstrani umazanijo in li\u010dila brez izsu\u0161evanja.\",\"breadcrumb\":{\"@id\":\"https:\/\/pandeoshop.com\/product\/mizon-hyaluronic-acid-sherbet-deep-cleansing-foam\/#breadcrumb\"},\"inLanguage\":\"sl-SI\",\"potentialAction\":[{\"@type\":\"ReadAction\",\"target\":[\"https:\/\/pandeoshop.com\/product\/mizon-hyaluronic-acid-sherbet-deep-cleansing-foam\/\"]}]},{\"@type\":\"ImageObject\",\"inLanguage\":\"sl-SI\",\"@id\":\"https:\/\/pandeoshop.com\/product\/mizon-hyaluronic-acid-sherbet-deep-cleansing-foam\/#primaryimage\",\"url\":\"https:\/\/pandeoshop.com\/wp-content\/uploads\/mizon-hyaluronic-acid-sherbet-deep-cleansing-foam-150g-1.jpeg\",\"contentUrl\":\"https:\/\/pandeoshop.com\/wp-content\/uploads\/mizon-hyaluronic-acid-sherbet-deep-cleansing-foam-150g-1.jpeg\",\"width\":1000,\"height\":1000},{\"@type\":\"BreadcrumbList\",\"@id\":\"https:\/\/pandeoshop.com\/product\/mizon-hyaluronic-acid-sherbet-deep-cleansing-foam\/#breadcrumb\",\"itemListElement\":[{\"@type\":\"ListItem\",\"position\":1,\"name\":\"Domov\",\"item\":\"https:\/\/pandeoshop.com\/sl\/\"},{\"@type\":\"ListItem\",\"position\":2,\"name\":\"Trgovina\",\"item\":\"https:\/\/pandeoshop.com\/sl\/trgovina\/\"},{\"@type\":\"ListItem\",\"position\":3,\"name\":\"Blagovne znamke\",\"item\":\"https:\/\/pandeoshop.com\/sl\/category\/blagovne-znamke\/\"},{\"@type\":\"ListItem\",\"position\":4,\"name\":\"Mizon\",\"item\":\"https:\/\/pandeoshop.com\/sl\/category\/blagovne-znamke\/mizon-sl\/\"},{\"@type\":\"ListItem\",\"position\":5,\"name\":\"Vla\u017eilna krema za obraz s hialuronsko kislino z u\u010dinkom pilinga Mizon Hyaluronic Acid Sherbet Deep Cleansing Foam\"}]},{\"@type\":\"WebSite\",\"@id\":\"https:\/\/pandeoshop.com\/sl\/#website\",\"url\":\"https:\/\/pandeoshop.com\/sl\/\",\"name\":\"Pandeoshop\",\"description\":\"\u0160e eno spleti\u0161\u010de WordPress\",\"publisher\":{\"@id\":\"https:\/\/pandeoshop.com\/sl\/#organization\"},\"potentialAction\":[{\"@type\":\"SearchAction\",\"target\":{\"@type\":\"EntryPoint\",\"urlTemplate\":\"https:\/\/pandeoshop.com\/sl\/?s={search_term_string}\"},\"query-input\":\"required name=search_term_string\"}],\"inLanguage\":\"sl-SI\"},{\"@type\":\"Organization\",\"@id\":\"https:\/\/pandeoshop.com\/sl\/#organization\",\"name\":\"Pandeoshop\",\"url\":\"https:\/\/pandeoshop.com\/sl\/\",\"logo\":{\"@type\":\"ImageObject\",\"inLanguage\":\"sl-SI\",\"@id\":\"https:\/\/pandeoshop.com\/sl\/#\/schema\/logo\/image\/\",\"url\":\"https:\/\/pandeoshop.com\/wp-content\/uploads\/pandeoshop_social_logo_no_textjpg.jpg\",\"contentUrl\":\"https:\/\/pandeoshop.com\/wp-content\/uploads\/pandeoshop_social_logo_no_textjpg.jpg\",\"width\":288,\"height\":201,\"caption\":\"Pandeoshop\"},\"image\":{\"@id\":\"https:\/\/pandeoshop.com\/sl\/#\/schema\/logo\/image\/\"},\"sameAs\":[\"https:\/\/www.facebook.com\/pandeoshop\/\",\"https:\/\/www.instagram.com\/pandeo_shop\/\"]}]}<\/script>\n<meta property=\"product:price:amount\" content=\"15.27\" \/>\n<meta property=\"product:price:currency\" content=\"EUR\" \/>\n<meta property=\"og:availability\" content=\"instock\" \/>\n<meta property=\"product:availability\" content=\"instock\" \/>\n<meta property=\"product:retailer_item_id\" content=\"HS10661\" \/>\n<meta property=\"product:condition\" content=\"new\" \/>\n<!-- \/ Yoast SEO Premium plugin. -->","yoast_head_json":{"title":"Vla\u017eilna krema za obraz s hialuronsko kislino z u\u010dinkom pilinga | Mizon Hyaluronic Acid Sherbet Deep Cleansing Foam - Pandeoshop","description":"Globinsko \u010distilna pena s sodo bikarbono zagotavlja rahel piling, ki odma\u0161i pore in pusti ko\u017eo gladko. Prav tako odstrani umazanijo in li\u010dila brez izsu\u0161evanja.","robots":{"index":"index","follow":"follow","max-snippet":"max-snippet:-1","max-image-preview":"max-image-preview:large","max-video-preview":"max-video-preview:-1"},"canonical":"https:\/\/pandeoshop.com\/sl\/product\/mizon-hyaluronic-acid-sherbet-deep-cleansing-foam\/","og_locale":"sl_SI","og_type":"article","og_title":"Vla\u017eilna krema za obraz s hialuronsko kislino z u\u010dinkom pilinga | Mizon Hyaluronic Acid Sherbet Deep Cleansing Foam - Pandeoshop","og_description":"Globinsko \u010distilna pena s sodo bikarbono zagotavlja rahel piling, ki odma\u0161i pore in pusti ko\u017eo gladko. Prav tako odstrani umazanijo in li\u010dila brez izsu\u0161evanja.","og_url":"https:\/\/pandeoshop.com\/product\/mizon-hyaluronic-acid-sherbet-deep-cleansing-foam\/","og_site_name":"Pandeoshop","article_publisher":"https:\/\/www.facebook.com\/pandeoshop\/","article_modified_time":"2023-07-19T23:31:17+00:00","og_image":[{"width":1000,"height":1000,"url":"https:\/\/pandeoshop.com\/wp-content\/uploads\/mizon-hyaluronic-acid-sherbet-deep-cleansing-foam-150g-1.jpeg","type":"image\/jpeg"}],"twitter_card":"summary_large_image","schema":{"@context":"https:\/\/schema.org","@graph":[{"@type":"WebPage","@id":"https:\/\/pandeoshop.com\/sl\/izdelek\/vlazilna-krema-za-obraz-s-hialuronsko-kislino-z-ucinkom-pilinga-mizon-hyaluronic-acid-sherbet-deep-cleansing-foam\/","url":"https:\/\/pandeoshop.com\/product\/mizon-hyaluronic-acid-sherbet-deep-cleansing-foam\/","name":"Vla\u017eilna krema za obraz s hialuronsko kislino z u\u010dinkom pilinga | Mizon Hyaluronic Acid Sherbet Deep Cleansing Foam - Pandeoshop","isPartOf":{"@id":"https:\/\/pandeoshop.com\/sl\/#website"},"primaryImageOfPage":{"@id":"https:\/\/pandeoshop.com\/product\/mizon-hyaluronic-acid-sherbet-deep-cleansing-foam\/#primaryimage"},"image":{"@id":"https:\/\/pandeoshop.com\/product\/mizon-hyaluronic-acid-sherbet-deep-cleansing-foam\/#primaryimage"},"thumbnailUrl":"https:\/\/pandeoshop.com\/wp-content\/uploads\/mizon-hyaluronic-acid-sherbet-deep-cleansing-foam-150g-1.jpeg","datePublished":"2022-09-17T15:51:19+00:00","dateModified":"2023-07-19T23:31:17+00:00","description":"Globinsko \u010distilna pena s sodo bikarbono zagotavlja rahel piling, ki odma\u0161i pore in pusti ko\u017eo gladko. Prav tako odstrani umazanijo in li\u010dila brez izsu\u0161evanja.","breadcrumb":{"@id":"https:\/\/pandeoshop.com\/product\/mizon-hyaluronic-acid-sherbet-deep-cleansing-foam\/#breadcrumb"},"inLanguage":"sl-SI","potentialAction":[{"@type":"ReadAction","target":["https:\/\/pandeoshop.com\/product\/mizon-hyaluronic-acid-sherbet-deep-cleansing-foam\/"]}]},{"@type":"ImageObject","inLanguage":"sl-SI","@id":"https:\/\/pandeoshop.com\/product\/mizon-hyaluronic-acid-sherbet-deep-cleansing-foam\/#primaryimage","url":"https:\/\/pandeoshop.com\/wp-content\/uploads\/mizon-hyaluronic-acid-sherbet-deep-cleansing-foam-150g-1.jpeg","contentUrl":"https:\/\/pandeoshop.com\/wp-content\/uploads\/mizon-hyaluronic-acid-sherbet-deep-cleansing-foam-150g-1.jpeg","width":1000,"height":1000},{"@type":"BreadcrumbList","@id":"https:\/\/pandeoshop.com\/product\/mizon-hyaluronic-acid-sherbet-deep-cleansing-foam\/#breadcrumb","itemListElement":[{"@type":"ListItem","position":1,"name":"Domov","item":"https:\/\/pandeoshop.com\/sl\/"},{"@type":"ListItem","position":2,"name":"Trgovina","item":"https:\/\/pandeoshop.com\/sl\/trgovina\/"},{"@type":"ListItem","position":3,"name":"Blagovne znamke","item":"https:\/\/pandeoshop.com\/sl\/category\/blagovne-znamke\/"},{"@type":"ListItem","position":4,"name":"Mizon","item":"https:\/\/pandeoshop.com\/sl\/category\/blagovne-znamke\/mizon-sl\/"},{"@type":"ListItem","position":5,"name":"Vla\u017eilna krema za obraz s hialuronsko kislino z u\u010dinkom pilinga Mizon Hyaluronic Acid Sherbet Deep Cleansing Foam"}]},{"@type":"WebSite","@id":"https:\/\/pandeoshop.com\/sl\/#website","url":"https:\/\/pandeoshop.com\/sl\/","name":"Pandeoshop","description":"\u0160e eno spleti\u0161\u010de WordPress","publisher":{"@id":"https:\/\/pandeoshop.com\/sl\/#organization"},"potentialAction":[{"@type":"SearchAction","target":{"@type":"EntryPoint","urlTemplate":"https:\/\/pandeoshop.com\/sl\/?s={search_term_string}"},"query-input":"required name=search_term_string"}],"inLanguage":"sl-SI"},{"@type":"Organization","@id":"https:\/\/pandeoshop.com\/sl\/#organization","name":"Pandeoshop","url":"https:\/\/pandeoshop.com\/sl\/","logo":{"@type":"ImageObject","inLanguage":"sl-SI","@id":"https:\/\/pandeoshop.com\/sl\/#\/schema\/logo\/image\/","url":"https:\/\/pandeoshop.com\/wp-content\/uploads\/pandeoshop_social_logo_no_textjpg.jpg","contentUrl":"https:\/\/pandeoshop.com\/wp-content\/uploads\/pandeoshop_social_logo_no_textjpg.jpg","width":288,"height":201,"caption":"Pandeoshop"},"image":{"@id":"https:\/\/pandeoshop.com\/sl\/#\/schema\/logo\/image\/"},"sameAs":["https:\/\/www.facebook.com\/pandeoshop\/","https:\/\/www.instagram.com\/pandeo_shop\/"]}]},"product_price_amount":"15.27","product_price_currency":"EUR","og_availability":"instock","product_availability":"instock","product_retailer_item_id":"HS10661","product_condition":"new"},"_links":{"self":[{"href":"https:\/\/pandeoshop.com\/sl\/wp-json\/wp\/v2\/product\/26665"}],"collection":[{"href":"https:\/\/pandeoshop.com\/sl\/wp-json\/wp\/v2\/product"}],"about":[{"href":"https:\/\/pandeoshop.com\/sl\/wp-json\/wp\/v2\/types\/product"}],"replies":[{"embeddable":true,"href":"https:\/\/pandeoshop.com\/sl\/wp-json\/wp\/v2\/comments?post=26665"}],"wp:featuredmedia":[{"embeddable":true,"href":"https:\/\/pandeoshop.com\/sl\/wp-json\/wp\/v2\/media\/36441"}],"wp:attachment":[{"href":"https:\/\/pandeoshop.com\/sl\/wp-json\/wp\/v2\/media?parent=26665"}],"wp:term":[{"taxonomy":"product_cat","embeddable":true,"href":"https:\/\/pandeoshop.com\/sl\/wp-json\/wp\/v2\/product_cat?post=26665"},{"taxonomy":"product_tag","embeddable":true,"href":"https:\/\/pandeoshop.com\/sl\/wp-json\/wp\/v2\/product_tag?post=26665"}],"curies":[{"name":"wp","href":"https:\/\/api.w.org\/{rel}","templated":true}]}}