{"id":26664,"date":"2022-10-25T23:16:37","date_gmt":"2022-09-17T15:51:19","guid":{"rendered":"https:\/\/pandeoshop.com\/product\/oblizi-za-oci-s-pomirjujocim-in-vlazilnim-ucinkom-mizon-hyaluronic-acid-eye-gel-patch\/"},"modified":"2026-02-23T19:56:34","modified_gmt":"2026-02-23T18:56:34","slug":"oblizi-za-oci-s-pomirjujocim-in-vlazilnim-ucinkom-mizon-hyaluronic-acid-eye-gel-patch","status":"publish","type":"product","link":"https:\/\/pandeoshop.com\/sl\/izdelek\/oblizi-za-oci-s-pomirjujocim-in-vlazilnim-ucinkom-mizon-hyaluronic-acid-eye-gel-patch\/","title":{"rendered":"Obli\u017ei za o\u010di s pomirjujo\u010dim in vla\u017eilnim u\u010dinkom <br\/> Mizon Hyaluronic Acid Eye Gel Patch"},"content":{"rendered":"<p>Mizon Hyaluronic Acid Eye Gel Patch hidrogelni obli\u017ei za o\u010di s koncentrirano visokokakovostno hialuronsko kislino ko\u017eo nahranijo, navla\u017eijo, pomirijo in jo naredijo bolj pro\u017eno s pomo\u010djo reakcije na temperaturo ko\u017ee. Trojna hialuronska kislina pripomore k vla\u017enosti membran krovnih celic in pomaga hidrirati utrujeno ko\u017eo. Obli\u017ei se odli\u010dno oprimejo ko\u017ee in jo prijetno hladijo.<\/p>\n","protected":false},"excerpt":{"rendered":"<p>Hidrogelni obli\u017ei s hialuronsko kislino \u0161\u010ditijo ko\u017eo pred izgubo vlage in odpravijo temne kolobarje okoli o\u010di.<\/p>\n","protected":false},"featured_media":36436,"comment_status":"open","ping_status":"closed","template":"","meta":[],"product_cat":[1804,1784,1780,1785,1805,1767,1778,1781,1782,1783,1779,1786],"product_tag":[4498,4542,4549,4521,4598],"bundle_layout":"","bundle_add_to_cart_form_location":"","bundle_editable_in_cart":false,"bundle_sold_individually_context":"","bundle_item_grouping":"","bundle_min_size":"","bundle_max_size":"","bundled_by":[],"bundled_items":[],"yoast_head":"<!-- This site is optimized with the Yoast SEO Premium plugin v22.2 (Yoast SEO v22.9) - https:\/\/yoast.com\/wordpress\/plugins\/seo\/ -->\n<title>Obli\u017ei za o\u010di s pomirjujo\u010dim in vla\u017eilnim u\u010dinkom | Mizon Hyaluronic Acid Eye Gel Patch - Pandeoshop<\/title>\n<meta name=\"description\" content=\"Hidrogelni obli\u017ei s hialuronsko kislino \u0161\u010ditijo ko\u017eo pred izgubo vlage in odpravijo temne kolobarje okoli o\u010di.\" \/>\n<meta name=\"robots\" content=\"index, follow, max-snippet:-1, max-image-preview:large, max-video-preview:-1\" \/>\n<link rel=\"canonical\" href=\"https:\/\/pandeoshop.com\/sl\/product\/mizon-hyaluronic-acid-eye-gel-patch\/\" \/>\n<meta property=\"og:locale\" content=\"sl_SI\" \/>\n<meta property=\"og:type\" content=\"article\" \/>\n<meta property=\"og:title\" content=\"Obli\u017ei za o\u010di s pomirjujo\u010dim in vla\u017eilnim u\u010dinkom | Mizon Hyaluronic Acid Eye Gel Patch - Pandeoshop\" \/>\n<meta property=\"og:description\" content=\"Hidrogelni obli\u017ei s hialuronsko kislino \u0161\u010ditijo ko\u017eo pred izgubo vlage in odpravijo temne kolobarje okoli o\u010di.\" \/>\n<meta property=\"og:url\" content=\"https:\/\/pandeoshop.com\/product\/mizon-hyaluronic-acid-eye-gel-patch\/\" \/>\n<meta property=\"og:site_name\" content=\"Pandeoshop\" \/>\n<meta property=\"article:publisher\" content=\"https:\/\/www.facebook.com\/pandeoshop\/\" \/>\n<meta property=\"article:modified_time\" content=\"2026-02-23T18:56:34+00:00\" \/>\n<meta property=\"og:image\" content=\"https:\/\/pandeoshop.com\/wp-content\/uploads\/mizon-hyaluronic-acid-eye-gel-patch-4.jpeg\" \/>\n\t<meta property=\"og:image:width\" content=\"1000\" \/>\n\t<meta property=\"og:image:height\" content=\"1000\" \/>\n\t<meta property=\"og:image:type\" content=\"image\/jpeg\" \/>\n<meta name=\"twitter:card\" content=\"summary_large_image\" \/>\n<script type=\"application\/ld+json\" class=\"yoast-schema-graph\">{\"@context\":\"https:\/\/schema.org\",\"@graph\":[{\"@type\":\"WebPage\",\"@id\":\"https:\/\/pandeoshop.com\/sl\/izdelek\/oblizi-za-oci-s-pomirjujocim-in-vlazilnim-ucinkom-mizon-hyaluronic-acid-eye-gel-patch\/\",\"url\":\"https:\/\/pandeoshop.com\/product\/mizon-hyaluronic-acid-eye-gel-patch\/\",\"name\":\"Obli\u017ei za o\u010di s pomirjujo\u010dim in vla\u017eilnim u\u010dinkom | Mizon Hyaluronic Acid Eye Gel Patch - Pandeoshop\",\"isPartOf\":{\"@id\":\"https:\/\/pandeoshop.com\/sl\/#website\"},\"primaryImageOfPage\":{\"@id\":\"https:\/\/pandeoshop.com\/product\/mizon-hyaluronic-acid-eye-gel-patch\/#primaryimage\"},\"image\":{\"@id\":\"https:\/\/pandeoshop.com\/product\/mizon-hyaluronic-acid-eye-gel-patch\/#primaryimage\"},\"thumbnailUrl\":\"https:\/\/pandeoshop.com\/wp-content\/uploads\/mizon-hyaluronic-acid-eye-gel-patch-4.jpeg\",\"datePublished\":\"2022-09-17T15:51:19+00:00\",\"dateModified\":\"2026-02-23T18:56:34+00:00\",\"description\":\"Hidrogelni obli\u017ei s hialuronsko kislino \u0161\u010ditijo ko\u017eo pred izgubo vlage in odpravijo temne kolobarje okoli o\u010di.\",\"breadcrumb\":{\"@id\":\"https:\/\/pandeoshop.com\/product\/mizon-hyaluronic-acid-eye-gel-patch\/#breadcrumb\"},\"inLanguage\":\"sl-SI\",\"potentialAction\":[{\"@type\":\"ReadAction\",\"target\":[\"https:\/\/pandeoshop.com\/product\/mizon-hyaluronic-acid-eye-gel-patch\/\"]}]},{\"@type\":\"ImageObject\",\"inLanguage\":\"sl-SI\",\"@id\":\"https:\/\/pandeoshop.com\/product\/mizon-hyaluronic-acid-eye-gel-patch\/#primaryimage\",\"url\":\"https:\/\/pandeoshop.com\/wp-content\/uploads\/mizon-hyaluronic-acid-eye-gel-patch-4.jpeg\",\"contentUrl\":\"https:\/\/pandeoshop.com\/wp-content\/uploads\/mizon-hyaluronic-acid-eye-gel-patch-4.jpeg\",\"width\":1000,\"height\":1000},{\"@type\":\"BreadcrumbList\",\"@id\":\"https:\/\/pandeoshop.com\/product\/mizon-hyaluronic-acid-eye-gel-patch\/#breadcrumb\",\"itemListElement\":[{\"@type\":\"ListItem\",\"position\":1,\"name\":\"Domov\",\"item\":\"https:\/\/pandeoshop.com\/sl\/\"},{\"@type\":\"ListItem\",\"position\":2,\"name\":\"Trgovina\",\"item\":\"https:\/\/pandeoshop.com\/sl\/trgovina\/\"},{\"@type\":\"ListItem\",\"position\":3,\"name\":\"Blagovne znamke\",\"item\":\"https:\/\/pandeoshop.com\/sl\/category\/blagovne-znamke\/\"},{\"@type\":\"ListItem\",\"position\":4,\"name\":\"Mizon\",\"item\":\"https:\/\/pandeoshop.com\/sl\/category\/blagovne-znamke\/mizon-sl\/\"},{\"@type\":\"ListItem\",\"position\":5,\"name\":\"Obli\u017ei za o\u010di s pomirjujo\u010dim in vla\u017eilnim u\u010dinkom Mizon Hyaluronic Acid Eye Gel Patch\"}]},{\"@type\":\"WebSite\",\"@id\":\"https:\/\/pandeoshop.com\/sl\/#website\",\"url\":\"https:\/\/pandeoshop.com\/sl\/\",\"name\":\"Pandeoshop\",\"description\":\"\u0160e eno spleti\u0161\u010de WordPress\",\"publisher\":{\"@id\":\"https:\/\/pandeoshop.com\/sl\/#organization\"},\"potentialAction\":[{\"@type\":\"SearchAction\",\"target\":{\"@type\":\"EntryPoint\",\"urlTemplate\":\"https:\/\/pandeoshop.com\/sl\/?s={search_term_string}\"},\"query-input\":\"required name=search_term_string\"}],\"inLanguage\":\"sl-SI\"},{\"@type\":\"Organization\",\"@id\":\"https:\/\/pandeoshop.com\/sl\/#organization\",\"name\":\"Pandeoshop\",\"url\":\"https:\/\/pandeoshop.com\/sl\/\",\"logo\":{\"@type\":\"ImageObject\",\"inLanguage\":\"sl-SI\",\"@id\":\"https:\/\/pandeoshop.com\/sl\/#\/schema\/logo\/image\/\",\"url\":\"https:\/\/pandeoshop.com\/wp-content\/uploads\/pandeoshop_social_logo_no_textjpg.jpg\",\"contentUrl\":\"https:\/\/pandeoshop.com\/wp-content\/uploads\/pandeoshop_social_logo_no_textjpg.jpg\",\"width\":288,\"height\":201,\"caption\":\"Pandeoshop\"},\"image\":{\"@id\":\"https:\/\/pandeoshop.com\/sl\/#\/schema\/logo\/image\/\"},\"sameAs\":[\"https:\/\/www.facebook.com\/pandeoshop\/\",\"https:\/\/www.instagram.com\/pandeo_shop\/\"]}]}<\/script>\n<meta property=\"product:price:amount\" content=\"26.67\" \/>\n<meta property=\"product:price:currency\" content=\"EUR\" \/>\n<meta property=\"og:availability\" content=\"instock\" \/>\n<meta property=\"product:availability\" content=\"instock\" \/>\n<meta property=\"product:retailer_item_id\" content=\"HS10660\" \/>\n<meta property=\"product:condition\" content=\"new\" \/>\n<!-- \/ Yoast SEO Premium plugin. -->","yoast_head_json":{"title":"Obli\u017ei za o\u010di s pomirjujo\u010dim in vla\u017eilnim u\u010dinkom | Mizon Hyaluronic Acid Eye Gel Patch - Pandeoshop","description":"Hidrogelni obli\u017ei s hialuronsko kislino \u0161\u010ditijo ko\u017eo pred izgubo vlage in odpravijo temne kolobarje okoli o\u010di.","robots":{"index":"index","follow":"follow","max-snippet":"max-snippet:-1","max-image-preview":"max-image-preview:large","max-video-preview":"max-video-preview:-1"},"canonical":"https:\/\/pandeoshop.com\/sl\/product\/mizon-hyaluronic-acid-eye-gel-patch\/","og_locale":"sl_SI","og_type":"article","og_title":"Obli\u017ei za o\u010di s pomirjujo\u010dim in vla\u017eilnim u\u010dinkom | Mizon Hyaluronic Acid Eye Gel Patch - Pandeoshop","og_description":"Hidrogelni obli\u017ei s hialuronsko kislino \u0161\u010ditijo ko\u017eo pred izgubo vlage in odpravijo temne kolobarje okoli o\u010di.","og_url":"https:\/\/pandeoshop.com\/product\/mizon-hyaluronic-acid-eye-gel-patch\/","og_site_name":"Pandeoshop","article_publisher":"https:\/\/www.facebook.com\/pandeoshop\/","article_modified_time":"2026-02-23T18:56:34+00:00","og_image":[{"width":1000,"height":1000,"url":"https:\/\/pandeoshop.com\/wp-content\/uploads\/mizon-hyaluronic-acid-eye-gel-patch-4.jpeg","type":"image\/jpeg"}],"twitter_card":"summary_large_image","schema":{"@context":"https:\/\/schema.org","@graph":[{"@type":"WebPage","@id":"https:\/\/pandeoshop.com\/sl\/izdelek\/oblizi-za-oci-s-pomirjujocim-in-vlazilnim-ucinkom-mizon-hyaluronic-acid-eye-gel-patch\/","url":"https:\/\/pandeoshop.com\/product\/mizon-hyaluronic-acid-eye-gel-patch\/","name":"Obli\u017ei za o\u010di s pomirjujo\u010dim in vla\u017eilnim u\u010dinkom | Mizon Hyaluronic Acid Eye Gel Patch - Pandeoshop","isPartOf":{"@id":"https:\/\/pandeoshop.com\/sl\/#website"},"primaryImageOfPage":{"@id":"https:\/\/pandeoshop.com\/product\/mizon-hyaluronic-acid-eye-gel-patch\/#primaryimage"},"image":{"@id":"https:\/\/pandeoshop.com\/product\/mizon-hyaluronic-acid-eye-gel-patch\/#primaryimage"},"thumbnailUrl":"https:\/\/pandeoshop.com\/wp-content\/uploads\/mizon-hyaluronic-acid-eye-gel-patch-4.jpeg","datePublished":"2022-09-17T15:51:19+00:00","dateModified":"2026-02-23T18:56:34+00:00","description":"Hidrogelni obli\u017ei s hialuronsko kislino \u0161\u010ditijo ko\u017eo pred izgubo vlage in odpravijo temne kolobarje okoli o\u010di.","breadcrumb":{"@id":"https:\/\/pandeoshop.com\/product\/mizon-hyaluronic-acid-eye-gel-patch\/#breadcrumb"},"inLanguage":"sl-SI","potentialAction":[{"@type":"ReadAction","target":["https:\/\/pandeoshop.com\/product\/mizon-hyaluronic-acid-eye-gel-patch\/"]}]},{"@type":"ImageObject","inLanguage":"sl-SI","@id":"https:\/\/pandeoshop.com\/product\/mizon-hyaluronic-acid-eye-gel-patch\/#primaryimage","url":"https:\/\/pandeoshop.com\/wp-content\/uploads\/mizon-hyaluronic-acid-eye-gel-patch-4.jpeg","contentUrl":"https:\/\/pandeoshop.com\/wp-content\/uploads\/mizon-hyaluronic-acid-eye-gel-patch-4.jpeg","width":1000,"height":1000},{"@type":"BreadcrumbList","@id":"https:\/\/pandeoshop.com\/product\/mizon-hyaluronic-acid-eye-gel-patch\/#breadcrumb","itemListElement":[{"@type":"ListItem","position":1,"name":"Domov","item":"https:\/\/pandeoshop.com\/sl\/"},{"@type":"ListItem","position":2,"name":"Trgovina","item":"https:\/\/pandeoshop.com\/sl\/trgovina\/"},{"@type":"ListItem","position":3,"name":"Blagovne znamke","item":"https:\/\/pandeoshop.com\/sl\/category\/blagovne-znamke\/"},{"@type":"ListItem","position":4,"name":"Mizon","item":"https:\/\/pandeoshop.com\/sl\/category\/blagovne-znamke\/mizon-sl\/"},{"@type":"ListItem","position":5,"name":"Obli\u017ei za o\u010di s pomirjujo\u010dim in vla\u017eilnim u\u010dinkom Mizon Hyaluronic Acid Eye Gel Patch"}]},{"@type":"WebSite","@id":"https:\/\/pandeoshop.com\/sl\/#website","url":"https:\/\/pandeoshop.com\/sl\/","name":"Pandeoshop","description":"\u0160e eno spleti\u0161\u010de WordPress","publisher":{"@id":"https:\/\/pandeoshop.com\/sl\/#organization"},"potentialAction":[{"@type":"SearchAction","target":{"@type":"EntryPoint","urlTemplate":"https:\/\/pandeoshop.com\/sl\/?s={search_term_string}"},"query-input":"required name=search_term_string"}],"inLanguage":"sl-SI"},{"@type":"Organization","@id":"https:\/\/pandeoshop.com\/sl\/#organization","name":"Pandeoshop","url":"https:\/\/pandeoshop.com\/sl\/","logo":{"@type":"ImageObject","inLanguage":"sl-SI","@id":"https:\/\/pandeoshop.com\/sl\/#\/schema\/logo\/image\/","url":"https:\/\/pandeoshop.com\/wp-content\/uploads\/pandeoshop_social_logo_no_textjpg.jpg","contentUrl":"https:\/\/pandeoshop.com\/wp-content\/uploads\/pandeoshop_social_logo_no_textjpg.jpg","width":288,"height":201,"caption":"Pandeoshop"},"image":{"@id":"https:\/\/pandeoshop.com\/sl\/#\/schema\/logo\/image\/"},"sameAs":["https:\/\/www.facebook.com\/pandeoshop\/","https:\/\/www.instagram.com\/pandeo_shop\/"]}]},"product_price_amount":"26.67","product_price_currency":"EUR","og_availability":"instock","product_availability":"instock","product_retailer_item_id":"HS10660","product_condition":"new"},"_links":{"self":[{"href":"https:\/\/pandeoshop.com\/sl\/wp-json\/wp\/v2\/product\/26664"}],"collection":[{"href":"https:\/\/pandeoshop.com\/sl\/wp-json\/wp\/v2\/product"}],"about":[{"href":"https:\/\/pandeoshop.com\/sl\/wp-json\/wp\/v2\/types\/product"}],"replies":[{"embeddable":true,"href":"https:\/\/pandeoshop.com\/sl\/wp-json\/wp\/v2\/comments?post=26664"}],"wp:featuredmedia":[{"embeddable":true,"href":"https:\/\/pandeoshop.com\/sl\/wp-json\/wp\/v2\/media\/36436"}],"wp:attachment":[{"href":"https:\/\/pandeoshop.com\/sl\/wp-json\/wp\/v2\/media?parent=26664"}],"wp:term":[{"taxonomy":"product_cat","embeddable":true,"href":"https:\/\/pandeoshop.com\/sl\/wp-json\/wp\/v2\/product_cat?post=26664"},{"taxonomy":"product_tag","embeddable":true,"href":"https:\/\/pandeoshop.com\/sl\/wp-json\/wp\/v2\/product_tag?post=26664"}],"curies":[{"name":"wp","href":"https:\/\/api.w.org\/{rel}","templated":true}]}}