{"id":26662,"date":"2022-09-17T17:51:19","date_gmt":"2022-09-17T15:51:19","guid":{"rendered":"https:\/\/pandeoshop.com\/product\/serum-za-obraz-s-hialuronsko-kislino-mizon-hyaluronic-acid-100\/"},"modified":"2023-07-20T01:31:16","modified_gmt":"2023-07-19T23:31:16","slug":"serum-za-obraz-s-hialuronsko-kislino-mizon-hyaluronic-acid-100","status":"publish","type":"product","link":"https:\/\/pandeoshop.com\/sl\/izdelek\/serum-za-obraz-s-hialuronsko-kislino-mizon-hyaluronic-acid-100\/","title":{"rendered":"Serum za obraz s hialuronsko kislino <br\/> Mizon Hyaluronic Acid 100"},"content":{"rendered":"<p>Mizon Hyaluronic Acid 100 &#8211; Serum vsebuje kar 50% hialuronske kisline, hitro in globoko navla\u017ei ko\u017eo obraza, s \u010dimer se pove\u010da elasti\u010dnost in se izbolj\u0161a tekstura ko\u017ee; ustvarja za\u0161\u010ditno pregrado, ki prepre\u010duje izgubo vlage, kar zagotavlja dolgotrajno hidriranost ko\u017ee. Poleg tega pomaga prepre\u010devati nastanek gub in drugih znakov staranja. Redna uporaba hialuronskega seruma pove\u010duje elasti\u010dnost in tonus celic, zaradi \u010desar majhne in srednje gubice postopoma izginejo, nove pa se ne bodo pojavile dolgo \u010dasa. Serum pove\u010da sposobnost ko\u017ee, da zadr\u017euje vlago. V formuli je prisoton tudi sok breze, ki je odli\u010dno protivnetno in obnovitveno sredstvo. Ko\u017eo pomiri in se bori z njeno mlahavostjo. Kompleks razli\u010dnih zeli\u0161\u010d (izvle\u010dki portulaka, bajkalske kapice, rmana, malin, arnike itd.) nasitijo ko\u017eo z vitamini ter jo po\u017eivijo.<\/p>\n","protected":false},"excerpt":{"rendered":"<p>Hialuronska kislina 100 se spopada s temeljnimi vzroki ko\u017enih te\u017eav in ko\u017eo intenzivno neguje ter o\u017eivi.<\/p>\n","protected":false},"featured_media":36416,"comment_status":"open","ping_status":"closed","template":"","meta":[],"product_cat":[1804,1784,1805,1767,1776,1783,1779],"product_tag":[4495,4542,4574,4549,4554,4571,4521],"bundle_layout":"","bundle_add_to_cart_form_location":"","bundle_editable_in_cart":false,"bundle_sold_individually_context":"","bundle_item_grouping":"","bundle_min_size":"","bundle_max_size":"","bundled_by":[],"bundled_items":[],"yoast_head":"<!-- This site is optimized with the Yoast SEO Premium plugin v22.2 (Yoast SEO v22.9) - https:\/\/yoast.com\/wordpress\/plugins\/seo\/ -->\n<title>Serum za obraz s hialuronsko kislino | Mizon Hyaluronic Acid 100 - Pandeoshop<\/title>\n<meta name=\"description\" content=\"Hialuronska kislina 100 se spopada s temeljnimi vzroki ko\u017enih te\u017eav in ko\u017eo intenzivno neguje ter o\u017eivi.\" \/>\n<meta name=\"robots\" content=\"index, follow, max-snippet:-1, max-image-preview:large, max-video-preview:-1\" \/>\n<link rel=\"canonical\" href=\"https:\/\/pandeoshop.com\/sl\/product\/mizon-hyaluronic-acid-100\/\" \/>\n<meta property=\"og:locale\" content=\"sl_SI\" \/>\n<meta property=\"og:type\" content=\"article\" \/>\n<meta property=\"og:title\" content=\"Serum za obraz s hialuronsko kislino | Mizon Hyaluronic Acid 100 - Pandeoshop\" \/>\n<meta property=\"og:description\" content=\"Hialuronska kislina 100 se spopada s temeljnimi vzroki ko\u017enih te\u017eav in ko\u017eo intenzivno neguje ter o\u017eivi.\" \/>\n<meta property=\"og:url\" content=\"https:\/\/pandeoshop.com\/product\/mizon-hyaluronic-acid-100\/\" \/>\n<meta property=\"og:site_name\" content=\"Pandeoshop\" \/>\n<meta property=\"article:publisher\" content=\"https:\/\/www.facebook.com\/pandeoshop\/\" \/>\n<meta property=\"article:modified_time\" content=\"2023-07-19T23:31:16+00:00\" \/>\n<meta property=\"og:image\" content=\"https:\/\/pandeoshop.com\/wp-content\/uploads\/mizon-hyaluronic-acid-100.jpeg\" \/>\n\t<meta property=\"og:image:width\" content=\"1000\" \/>\n\t<meta property=\"og:image:height\" content=\"1000\" \/>\n\t<meta property=\"og:image:type\" content=\"image\/jpeg\" \/>\n<meta name=\"twitter:card\" content=\"summary_large_image\" \/>\n<script type=\"application\/ld+json\" class=\"yoast-schema-graph\">{\"@context\":\"https:\/\/schema.org\",\"@graph\":[{\"@type\":\"WebPage\",\"@id\":\"https:\/\/pandeoshop.com\/sl\/izdelek\/serum-za-obraz-s-hialuronsko-kislino-mizon-hyaluronic-acid-100\/\",\"url\":\"https:\/\/pandeoshop.com\/product\/mizon-hyaluronic-acid-100\/\",\"name\":\"Serum za obraz s hialuronsko kislino | Mizon Hyaluronic Acid 100 - Pandeoshop\",\"isPartOf\":{\"@id\":\"https:\/\/pandeoshop.com\/sl\/#website\"},\"primaryImageOfPage\":{\"@id\":\"https:\/\/pandeoshop.com\/product\/mizon-hyaluronic-acid-100\/#primaryimage\"},\"image\":{\"@id\":\"https:\/\/pandeoshop.com\/product\/mizon-hyaluronic-acid-100\/#primaryimage\"},\"thumbnailUrl\":\"https:\/\/pandeoshop.com\/wp-content\/uploads\/mizon-hyaluronic-acid-100.jpeg\",\"datePublished\":\"2022-09-17T15:51:19+00:00\",\"dateModified\":\"2023-07-19T23:31:16+00:00\",\"description\":\"Hialuronska kislina 100 se spopada s temeljnimi vzroki ko\u017enih te\u017eav in ko\u017eo intenzivno neguje ter o\u017eivi.\",\"breadcrumb\":{\"@id\":\"https:\/\/pandeoshop.com\/product\/mizon-hyaluronic-acid-100\/#breadcrumb\"},\"inLanguage\":\"sl-SI\",\"potentialAction\":[{\"@type\":\"ReadAction\",\"target\":[\"https:\/\/pandeoshop.com\/product\/mizon-hyaluronic-acid-100\/\"]}]},{\"@type\":\"ImageObject\",\"inLanguage\":\"sl-SI\",\"@id\":\"https:\/\/pandeoshop.com\/product\/mizon-hyaluronic-acid-100\/#primaryimage\",\"url\":\"https:\/\/pandeoshop.com\/wp-content\/uploads\/mizon-hyaluronic-acid-100.jpeg\",\"contentUrl\":\"https:\/\/pandeoshop.com\/wp-content\/uploads\/mizon-hyaluronic-acid-100.jpeg\",\"width\":1000,\"height\":1000},{\"@type\":\"BreadcrumbList\",\"@id\":\"https:\/\/pandeoshop.com\/product\/mizon-hyaluronic-acid-100\/#breadcrumb\",\"itemListElement\":[{\"@type\":\"ListItem\",\"position\":1,\"name\":\"Domov\",\"item\":\"https:\/\/pandeoshop.com\/sl\/\"},{\"@type\":\"ListItem\",\"position\":2,\"name\":\"Trgovina\",\"item\":\"https:\/\/pandeoshop.com\/sl\/trgovina\/\"},{\"@type\":\"ListItem\",\"position\":3,\"name\":\"Blagovne znamke\",\"item\":\"https:\/\/pandeoshop.com\/sl\/category\/blagovne-znamke\/\"},{\"@type\":\"ListItem\",\"position\":4,\"name\":\"Mizon\",\"item\":\"https:\/\/pandeoshop.com\/sl\/category\/blagovne-znamke\/mizon-sl\/\"},{\"@type\":\"ListItem\",\"position\":5,\"name\":\"Serum za obraz s hialuronsko kislino Mizon Hyaluronic Acid 100\"}]},{\"@type\":\"WebSite\",\"@id\":\"https:\/\/pandeoshop.com\/sl\/#website\",\"url\":\"https:\/\/pandeoshop.com\/sl\/\",\"name\":\"Pandeoshop\",\"description\":\"\u0160e eno spleti\u0161\u010de WordPress\",\"publisher\":{\"@id\":\"https:\/\/pandeoshop.com\/sl\/#organization\"},\"potentialAction\":[{\"@type\":\"SearchAction\",\"target\":{\"@type\":\"EntryPoint\",\"urlTemplate\":\"https:\/\/pandeoshop.com\/sl\/?s={search_term_string}\"},\"query-input\":\"required name=search_term_string\"}],\"inLanguage\":\"sl-SI\"},{\"@type\":\"Organization\",\"@id\":\"https:\/\/pandeoshop.com\/sl\/#organization\",\"name\":\"Pandeoshop\",\"url\":\"https:\/\/pandeoshop.com\/sl\/\",\"logo\":{\"@type\":\"ImageObject\",\"inLanguage\":\"sl-SI\",\"@id\":\"https:\/\/pandeoshop.com\/sl\/#\/schema\/logo\/image\/\",\"url\":\"https:\/\/pandeoshop.com\/wp-content\/uploads\/pandeoshop_social_logo_no_textjpg.jpg\",\"contentUrl\":\"https:\/\/pandeoshop.com\/wp-content\/uploads\/pandeoshop_social_logo_no_textjpg.jpg\",\"width\":288,\"height\":201,\"caption\":\"Pandeoshop\"},\"image\":{\"@id\":\"https:\/\/pandeoshop.com\/sl\/#\/schema\/logo\/image\/\"},\"sameAs\":[\"https:\/\/www.facebook.com\/pandeoshop\/\",\"https:\/\/www.instagram.com\/pandeo_shop\/\"]}]}<\/script>\n<meta property=\"product:price:amount\" content=\"25.31\" \/>\n<meta property=\"product:price:currency\" content=\"EUR\" \/>\n<meta property=\"og:availability\" content=\"instock\" \/>\n<meta property=\"product:availability\" content=\"instock\" \/>\n<meta property=\"product:retailer_item_id\" content=\"MZN9743540420\" \/>\n<meta property=\"product:condition\" content=\"new\" \/>\n<!-- \/ Yoast SEO Premium plugin. -->","yoast_head_json":{"title":"Serum za obraz s hialuronsko kislino | Mizon Hyaluronic Acid 100 - Pandeoshop","description":"Hialuronska kislina 100 se spopada s temeljnimi vzroki ko\u017enih te\u017eav in ko\u017eo intenzivno neguje ter o\u017eivi.","robots":{"index":"index","follow":"follow","max-snippet":"max-snippet:-1","max-image-preview":"max-image-preview:large","max-video-preview":"max-video-preview:-1"},"canonical":"https:\/\/pandeoshop.com\/sl\/product\/mizon-hyaluronic-acid-100\/","og_locale":"sl_SI","og_type":"article","og_title":"Serum za obraz s hialuronsko kislino | Mizon Hyaluronic Acid 100 - Pandeoshop","og_description":"Hialuronska kislina 100 se spopada s temeljnimi vzroki ko\u017enih te\u017eav in ko\u017eo intenzivno neguje ter o\u017eivi.","og_url":"https:\/\/pandeoshop.com\/product\/mizon-hyaluronic-acid-100\/","og_site_name":"Pandeoshop","article_publisher":"https:\/\/www.facebook.com\/pandeoshop\/","article_modified_time":"2023-07-19T23:31:16+00:00","og_image":[{"width":1000,"height":1000,"url":"https:\/\/pandeoshop.com\/wp-content\/uploads\/mizon-hyaluronic-acid-100.jpeg","type":"image\/jpeg"}],"twitter_card":"summary_large_image","schema":{"@context":"https:\/\/schema.org","@graph":[{"@type":"WebPage","@id":"https:\/\/pandeoshop.com\/sl\/izdelek\/serum-za-obraz-s-hialuronsko-kislino-mizon-hyaluronic-acid-100\/","url":"https:\/\/pandeoshop.com\/product\/mizon-hyaluronic-acid-100\/","name":"Serum za obraz s hialuronsko kislino | Mizon Hyaluronic Acid 100 - Pandeoshop","isPartOf":{"@id":"https:\/\/pandeoshop.com\/sl\/#website"},"primaryImageOfPage":{"@id":"https:\/\/pandeoshop.com\/product\/mizon-hyaluronic-acid-100\/#primaryimage"},"image":{"@id":"https:\/\/pandeoshop.com\/product\/mizon-hyaluronic-acid-100\/#primaryimage"},"thumbnailUrl":"https:\/\/pandeoshop.com\/wp-content\/uploads\/mizon-hyaluronic-acid-100.jpeg","datePublished":"2022-09-17T15:51:19+00:00","dateModified":"2023-07-19T23:31:16+00:00","description":"Hialuronska kislina 100 se spopada s temeljnimi vzroki ko\u017enih te\u017eav in ko\u017eo intenzivno neguje ter o\u017eivi.","breadcrumb":{"@id":"https:\/\/pandeoshop.com\/product\/mizon-hyaluronic-acid-100\/#breadcrumb"},"inLanguage":"sl-SI","potentialAction":[{"@type":"ReadAction","target":["https:\/\/pandeoshop.com\/product\/mizon-hyaluronic-acid-100\/"]}]},{"@type":"ImageObject","inLanguage":"sl-SI","@id":"https:\/\/pandeoshop.com\/product\/mizon-hyaluronic-acid-100\/#primaryimage","url":"https:\/\/pandeoshop.com\/wp-content\/uploads\/mizon-hyaluronic-acid-100.jpeg","contentUrl":"https:\/\/pandeoshop.com\/wp-content\/uploads\/mizon-hyaluronic-acid-100.jpeg","width":1000,"height":1000},{"@type":"BreadcrumbList","@id":"https:\/\/pandeoshop.com\/product\/mizon-hyaluronic-acid-100\/#breadcrumb","itemListElement":[{"@type":"ListItem","position":1,"name":"Domov","item":"https:\/\/pandeoshop.com\/sl\/"},{"@type":"ListItem","position":2,"name":"Trgovina","item":"https:\/\/pandeoshop.com\/sl\/trgovina\/"},{"@type":"ListItem","position":3,"name":"Blagovne znamke","item":"https:\/\/pandeoshop.com\/sl\/category\/blagovne-znamke\/"},{"@type":"ListItem","position":4,"name":"Mizon","item":"https:\/\/pandeoshop.com\/sl\/category\/blagovne-znamke\/mizon-sl\/"},{"@type":"ListItem","position":5,"name":"Serum za obraz s hialuronsko kislino Mizon Hyaluronic Acid 100"}]},{"@type":"WebSite","@id":"https:\/\/pandeoshop.com\/sl\/#website","url":"https:\/\/pandeoshop.com\/sl\/","name":"Pandeoshop","description":"\u0160e eno spleti\u0161\u010de WordPress","publisher":{"@id":"https:\/\/pandeoshop.com\/sl\/#organization"},"potentialAction":[{"@type":"SearchAction","target":{"@type":"EntryPoint","urlTemplate":"https:\/\/pandeoshop.com\/sl\/?s={search_term_string}"},"query-input":"required name=search_term_string"}],"inLanguage":"sl-SI"},{"@type":"Organization","@id":"https:\/\/pandeoshop.com\/sl\/#organization","name":"Pandeoshop","url":"https:\/\/pandeoshop.com\/sl\/","logo":{"@type":"ImageObject","inLanguage":"sl-SI","@id":"https:\/\/pandeoshop.com\/sl\/#\/schema\/logo\/image\/","url":"https:\/\/pandeoshop.com\/wp-content\/uploads\/pandeoshop_social_logo_no_textjpg.jpg","contentUrl":"https:\/\/pandeoshop.com\/wp-content\/uploads\/pandeoshop_social_logo_no_textjpg.jpg","width":288,"height":201,"caption":"Pandeoshop"},"image":{"@id":"https:\/\/pandeoshop.com\/sl\/#\/schema\/logo\/image\/"},"sameAs":["https:\/\/www.facebook.com\/pandeoshop\/","https:\/\/www.instagram.com\/pandeo_shop\/"]}]},"product_price_amount":"25.31","product_price_currency":"EUR","og_availability":"instock","product_availability":"instock","product_retailer_item_id":"MZN9743540420","product_condition":"new"},"_links":{"self":[{"href":"https:\/\/pandeoshop.com\/sl\/wp-json\/wp\/v2\/product\/26662"}],"collection":[{"href":"https:\/\/pandeoshop.com\/sl\/wp-json\/wp\/v2\/product"}],"about":[{"href":"https:\/\/pandeoshop.com\/sl\/wp-json\/wp\/v2\/types\/product"}],"replies":[{"embeddable":true,"href":"https:\/\/pandeoshop.com\/sl\/wp-json\/wp\/v2\/comments?post=26662"}],"wp:featuredmedia":[{"embeddable":true,"href":"https:\/\/pandeoshop.com\/sl\/wp-json\/wp\/v2\/media\/36416"}],"wp:attachment":[{"href":"https:\/\/pandeoshop.com\/sl\/wp-json\/wp\/v2\/media?parent=26662"}],"wp:term":[{"taxonomy":"product_cat","embeddable":true,"href":"https:\/\/pandeoshop.com\/sl\/wp-json\/wp\/v2\/product_cat?post=26662"},{"taxonomy":"product_tag","embeddable":true,"href":"https:\/\/pandeoshop.com\/sl\/wp-json\/wp\/v2\/product_tag?post=26662"}],"curies":[{"name":"wp","href":"https:\/\/api.w.org\/{rel}","templated":true}]}}