{"id":26659,"date":"2023-07-19T20:26:53","date_gmt":"2023-07-19T18:36:21","guid":{"rendered":"https:\/\/pandeoshop.com\/?post_type=product&#038;p=26659"},"modified":"2024-06-02T07:26:41","modified_gmt":"2024-06-02T05:26:41","slug":"krema-za-roke-in-noge-s-hialuronsko-kislino-mizon-hand-foot-cream-hyaluronic-acid","status":"publish","type":"product","link":"https:\/\/pandeoshop.com\/sl\/izdelek\/krema-za-roke-in-noge-s-hialuronsko-kislino-mizon-hand-foot-cream-hyaluronic-acid\/","title":{"rendered":"Krema za roke in noge s hialuronsko kislino <br\/> Mizon Hand &#038; Foot Cream Hyaluronic Acid"},"content":{"rendered":"<p>Mizon Hand &#038; Foot Cream Hyaluronic Acid je hranilna krema, posebej zasnovana za roke in noge. Obogatena z hialuronsko kislino, globoko vla\u017ei suho in razpokano ko\u017eo ter zagotavlja dolgotrajno hidracijo.<\/p>\n<p>Z lahkotno konsistenco ta krema u\u010dinkovito obravnava ve\u010d te\u017eav ko\u017ee, kot so vla\u017eenje, glajenje, zdravljenje po\u0161kodb, ohranjanje elasti\u010dnosti, boj proti gubam in odpravljanje suhosti.<br \/>\nObogatena z MultiExBSASM\u00ae Plus kompleksom, ki vklju\u010duje 7 rastlinskih komponent z protivnetnimi in imunsko-izbolj\u0161evalnimi u\u010dinki, ta krema zagotavlja celovito nego za va\u0161e roke in noge.<\/p>\n","protected":false},"excerpt":{"rendered":"<p>Hranilna krema za razpokano in grobo ko\u017eo na rokah in nogah, obogatena z hialuronsko kislino in naravnimi rastlinskimi izvle\u010dki, zagotavlja globoko hidracijo in ve\u010d koristi za ko\u017eo.<\/p>\n","protected":false},"featured_media":36391,"comment_status":"open","ping_status":"closed","template":"","meta":[],"product_cat":[1804,1784,1780,1785,1805,1793,1781,1803,1782,1787,1783,1779,1802,1786],"product_tag":[4526,4542,4549,4518,4524,4588,4582,4547],"bundle_layout":"","bundle_add_to_cart_form_location":"","bundle_editable_in_cart":false,"bundle_sold_individually_context":"","bundle_item_grouping":"","bundle_min_size":"","bundle_max_size":"","bundled_by":[],"bundled_items":[],"yoast_head":"<!-- This site is optimized with the Yoast SEO Premium plugin v22.2 (Yoast SEO v22.9) - https:\/\/yoast.com\/wordpress\/plugins\/seo\/ -->\n<title>Krema za roke in noge s hialuronsko kislino | Mizon Hand &amp; Foot Cream Hyaluronic Acid - Pandeoshop<\/title>\n<meta name=\"description\" content=\"Hranilna krema za razpokano in grobo ko\u017eo na rokah in nogah, obogatena z hialuronsko kislino in naravnimi rastlinskimi izvle\u010dki, zagotavlja globoko hidracijo in ve\u010d koristi za ko\u017eo.\" \/>\n<meta name=\"robots\" content=\"index, follow, max-snippet:-1, max-image-preview:large, max-video-preview:-1\" \/>\n<link rel=\"canonical\" href=\"https:\/\/pandeoshop.com\/sl\/product\/mizon-hand-foot-cream-hyaluronic-acid\/\" \/>\n<meta property=\"og:locale\" content=\"sl_SI\" \/>\n<meta property=\"og:type\" content=\"article\" \/>\n<meta property=\"og:title\" content=\"Krema za roke in noge s hialuronsko kislino | Mizon Hand &amp; Foot Cream Hyaluronic Acid - Pandeoshop\" \/>\n<meta property=\"og:description\" content=\"Hranilna krema za razpokano in grobo ko\u017eo na rokah in nogah, obogatena z hialuronsko kislino in naravnimi rastlinskimi izvle\u010dki, zagotavlja globoko hidracijo in ve\u010d koristi za ko\u017eo.\" \/>\n<meta property=\"og:url\" content=\"https:\/\/pandeoshop.com\/product\/mizon-hand-foot-cream-hyaluronic-acid\/\" \/>\n<meta property=\"og:site_name\" content=\"Pandeoshop\" \/>\n<meta property=\"article:publisher\" content=\"https:\/\/www.facebook.com\/pandeoshop\/\" \/>\n<meta property=\"article:modified_time\" content=\"2024-06-02T05:26:41+00:00\" \/>\n<meta property=\"og:image\" content=\"https:\/\/pandeoshop.com\/wp-content\/uploads\/mizon-hand-foot-cream-hyaluronic-acid-1.jpeg\" \/>\n\t<meta property=\"og:image:width\" content=\"1000\" \/>\n\t<meta property=\"og:image:height\" content=\"1000\" \/>\n\t<meta property=\"og:image:type\" content=\"image\/jpeg\" \/>\n<meta name=\"twitter:card\" content=\"summary_large_image\" \/>\n<script type=\"application\/ld+json\" class=\"yoast-schema-graph\">{\"@context\":\"https:\/\/schema.org\",\"@graph\":[{\"@type\":\"WebPage\",\"@id\":\"https:\/\/pandeoshop.com\/sl\/izdelek\/krema-za-roke-in-noge-s-hialuronsko-kislino-mizon-hand-foot-cream-hyaluronic-acid\/\",\"url\":\"https:\/\/pandeoshop.com\/product\/mizon-hand-foot-cream-hyaluronic-acid\/\",\"name\":\"Krema za roke in noge s hialuronsko kislino | Mizon Hand & Foot Cream Hyaluronic Acid - Pandeoshop\",\"isPartOf\":{\"@id\":\"https:\/\/pandeoshop.com\/sl\/#website\"},\"primaryImageOfPage\":{\"@id\":\"https:\/\/pandeoshop.com\/product\/mizon-hand-foot-cream-hyaluronic-acid\/#primaryimage\"},\"image\":{\"@id\":\"https:\/\/pandeoshop.com\/product\/mizon-hand-foot-cream-hyaluronic-acid\/#primaryimage\"},\"thumbnailUrl\":\"https:\/\/pandeoshop.com\/wp-content\/uploads\/mizon-hand-foot-cream-hyaluronic-acid-1.jpeg\",\"datePublished\":\"2023-07-19T18:36:21+00:00\",\"dateModified\":\"2024-06-02T05:26:41+00:00\",\"description\":\"Hranilna krema za razpokano in grobo ko\u017eo na rokah in nogah, obogatena z hialuronsko kislino in naravnimi rastlinskimi izvle\u010dki, zagotavlja globoko hidracijo in ve\u010d koristi za ko\u017eo.\",\"breadcrumb\":{\"@id\":\"https:\/\/pandeoshop.com\/product\/mizon-hand-foot-cream-hyaluronic-acid\/#breadcrumb\"},\"inLanguage\":\"sl-SI\",\"potentialAction\":[{\"@type\":\"ReadAction\",\"target\":[\"https:\/\/pandeoshop.com\/product\/mizon-hand-foot-cream-hyaluronic-acid\/\"]}]},{\"@type\":\"ImageObject\",\"inLanguage\":\"sl-SI\",\"@id\":\"https:\/\/pandeoshop.com\/product\/mizon-hand-foot-cream-hyaluronic-acid\/#primaryimage\",\"url\":\"https:\/\/pandeoshop.com\/wp-content\/uploads\/mizon-hand-foot-cream-hyaluronic-acid-1.jpeg\",\"contentUrl\":\"https:\/\/pandeoshop.com\/wp-content\/uploads\/mizon-hand-foot-cream-hyaluronic-acid-1.jpeg\",\"width\":1000,\"height\":1000},{\"@type\":\"BreadcrumbList\",\"@id\":\"https:\/\/pandeoshop.com\/product\/mizon-hand-foot-cream-hyaluronic-acid\/#breadcrumb\",\"itemListElement\":[{\"@type\":\"ListItem\",\"position\":1,\"name\":\"Domov\",\"item\":\"https:\/\/pandeoshop.com\/sl\/\"},{\"@type\":\"ListItem\",\"position\":2,\"name\":\"Trgovina\",\"item\":\"https:\/\/pandeoshop.com\/sl\/trgovina\/\"},{\"@type\":\"ListItem\",\"position\":3,\"name\":\"Blagovne znamke\",\"item\":\"https:\/\/pandeoshop.com\/sl\/category\/blagovne-znamke\/\"},{\"@type\":\"ListItem\",\"position\":4,\"name\":\"Mizon\",\"item\":\"https:\/\/pandeoshop.com\/sl\/category\/blagovne-znamke\/mizon-sl\/\"},{\"@type\":\"ListItem\",\"position\":5,\"name\":\"Krema za roke in noge s hialuronsko kislino Mizon Hand &#038; Foot Cream Hyaluronic Acid\"}]},{\"@type\":\"WebSite\",\"@id\":\"https:\/\/pandeoshop.com\/sl\/#website\",\"url\":\"https:\/\/pandeoshop.com\/sl\/\",\"name\":\"Pandeoshop\",\"description\":\"\u0160e eno spleti\u0161\u010de WordPress\",\"publisher\":{\"@id\":\"https:\/\/pandeoshop.com\/sl\/#organization\"},\"potentialAction\":[{\"@type\":\"SearchAction\",\"target\":{\"@type\":\"EntryPoint\",\"urlTemplate\":\"https:\/\/pandeoshop.com\/sl\/?s={search_term_string}\"},\"query-input\":\"required name=search_term_string\"}],\"inLanguage\":\"sl-SI\"},{\"@type\":\"Organization\",\"@id\":\"https:\/\/pandeoshop.com\/sl\/#organization\",\"name\":\"Pandeoshop\",\"url\":\"https:\/\/pandeoshop.com\/sl\/\",\"logo\":{\"@type\":\"ImageObject\",\"inLanguage\":\"sl-SI\",\"@id\":\"https:\/\/pandeoshop.com\/sl\/#\/schema\/logo\/image\/\",\"url\":\"https:\/\/pandeoshop.com\/wp-content\/uploads\/pandeoshop_social_logo_no_textjpg.jpg\",\"contentUrl\":\"https:\/\/pandeoshop.com\/wp-content\/uploads\/pandeoshop_social_logo_no_textjpg.jpg\",\"width\":288,\"height\":201,\"caption\":\"Pandeoshop\"},\"image\":{\"@id\":\"https:\/\/pandeoshop.com\/sl\/#\/schema\/logo\/image\/\"},\"sameAs\":[\"https:\/\/www.facebook.com\/pandeoshop\/\",\"https:\/\/www.instagram.com\/pandeo_shop\/\"]}]}<\/script>\n<meta property=\"product:price:amount\" content=\"6.39\" \/>\n<meta property=\"product:price:currency\" content=\"EUR\" \/>\n<meta property=\"og:availability\" content=\"instock\" \/>\n<meta property=\"product:availability\" content=\"instock\" \/>\n<meta property=\"product:retailer_item_id\" content=\"HS10655\" \/>\n<meta property=\"product:condition\" content=\"new\" \/>\n<!-- \/ Yoast SEO Premium plugin. -->","yoast_head_json":{"title":"Krema za roke in noge s hialuronsko kislino | Mizon Hand & Foot Cream Hyaluronic Acid - Pandeoshop","description":"Hranilna krema za razpokano in grobo ko\u017eo na rokah in nogah, obogatena z hialuronsko kislino in naravnimi rastlinskimi izvle\u010dki, zagotavlja globoko hidracijo in ve\u010d koristi za ko\u017eo.","robots":{"index":"index","follow":"follow","max-snippet":"max-snippet:-1","max-image-preview":"max-image-preview:large","max-video-preview":"max-video-preview:-1"},"canonical":"https:\/\/pandeoshop.com\/sl\/product\/mizon-hand-foot-cream-hyaluronic-acid\/","og_locale":"sl_SI","og_type":"article","og_title":"Krema za roke in noge s hialuronsko kislino | Mizon Hand & Foot Cream Hyaluronic Acid - Pandeoshop","og_description":"Hranilna krema za razpokano in grobo ko\u017eo na rokah in nogah, obogatena z hialuronsko kislino in naravnimi rastlinskimi izvle\u010dki, zagotavlja globoko hidracijo in ve\u010d koristi za ko\u017eo.","og_url":"https:\/\/pandeoshop.com\/product\/mizon-hand-foot-cream-hyaluronic-acid\/","og_site_name":"Pandeoshop","article_publisher":"https:\/\/www.facebook.com\/pandeoshop\/","article_modified_time":"2024-06-02T05:26:41+00:00","og_image":[{"width":1000,"height":1000,"url":"https:\/\/pandeoshop.com\/wp-content\/uploads\/mizon-hand-foot-cream-hyaluronic-acid-1.jpeg","type":"image\/jpeg"}],"twitter_card":"summary_large_image","schema":{"@context":"https:\/\/schema.org","@graph":[{"@type":"WebPage","@id":"https:\/\/pandeoshop.com\/sl\/izdelek\/krema-za-roke-in-noge-s-hialuronsko-kislino-mizon-hand-foot-cream-hyaluronic-acid\/","url":"https:\/\/pandeoshop.com\/product\/mizon-hand-foot-cream-hyaluronic-acid\/","name":"Krema za roke in noge s hialuronsko kislino | Mizon Hand & Foot Cream Hyaluronic Acid - Pandeoshop","isPartOf":{"@id":"https:\/\/pandeoshop.com\/sl\/#website"},"primaryImageOfPage":{"@id":"https:\/\/pandeoshop.com\/product\/mizon-hand-foot-cream-hyaluronic-acid\/#primaryimage"},"image":{"@id":"https:\/\/pandeoshop.com\/product\/mizon-hand-foot-cream-hyaluronic-acid\/#primaryimage"},"thumbnailUrl":"https:\/\/pandeoshop.com\/wp-content\/uploads\/mizon-hand-foot-cream-hyaluronic-acid-1.jpeg","datePublished":"2023-07-19T18:36:21+00:00","dateModified":"2024-06-02T05:26:41+00:00","description":"Hranilna krema za razpokano in grobo ko\u017eo na rokah in nogah, obogatena z hialuronsko kislino in naravnimi rastlinskimi izvle\u010dki, zagotavlja globoko hidracijo in ve\u010d koristi za ko\u017eo.","breadcrumb":{"@id":"https:\/\/pandeoshop.com\/product\/mizon-hand-foot-cream-hyaluronic-acid\/#breadcrumb"},"inLanguage":"sl-SI","potentialAction":[{"@type":"ReadAction","target":["https:\/\/pandeoshop.com\/product\/mizon-hand-foot-cream-hyaluronic-acid\/"]}]},{"@type":"ImageObject","inLanguage":"sl-SI","@id":"https:\/\/pandeoshop.com\/product\/mizon-hand-foot-cream-hyaluronic-acid\/#primaryimage","url":"https:\/\/pandeoshop.com\/wp-content\/uploads\/mizon-hand-foot-cream-hyaluronic-acid-1.jpeg","contentUrl":"https:\/\/pandeoshop.com\/wp-content\/uploads\/mizon-hand-foot-cream-hyaluronic-acid-1.jpeg","width":1000,"height":1000},{"@type":"BreadcrumbList","@id":"https:\/\/pandeoshop.com\/product\/mizon-hand-foot-cream-hyaluronic-acid\/#breadcrumb","itemListElement":[{"@type":"ListItem","position":1,"name":"Domov","item":"https:\/\/pandeoshop.com\/sl\/"},{"@type":"ListItem","position":2,"name":"Trgovina","item":"https:\/\/pandeoshop.com\/sl\/trgovina\/"},{"@type":"ListItem","position":3,"name":"Blagovne znamke","item":"https:\/\/pandeoshop.com\/sl\/category\/blagovne-znamke\/"},{"@type":"ListItem","position":4,"name":"Mizon","item":"https:\/\/pandeoshop.com\/sl\/category\/blagovne-znamke\/mizon-sl\/"},{"@type":"ListItem","position":5,"name":"Krema za roke in noge s hialuronsko kislino Mizon Hand &#038; Foot Cream Hyaluronic Acid"}]},{"@type":"WebSite","@id":"https:\/\/pandeoshop.com\/sl\/#website","url":"https:\/\/pandeoshop.com\/sl\/","name":"Pandeoshop","description":"\u0160e eno spleti\u0161\u010de WordPress","publisher":{"@id":"https:\/\/pandeoshop.com\/sl\/#organization"},"potentialAction":[{"@type":"SearchAction","target":{"@type":"EntryPoint","urlTemplate":"https:\/\/pandeoshop.com\/sl\/?s={search_term_string}"},"query-input":"required name=search_term_string"}],"inLanguage":"sl-SI"},{"@type":"Organization","@id":"https:\/\/pandeoshop.com\/sl\/#organization","name":"Pandeoshop","url":"https:\/\/pandeoshop.com\/sl\/","logo":{"@type":"ImageObject","inLanguage":"sl-SI","@id":"https:\/\/pandeoshop.com\/sl\/#\/schema\/logo\/image\/","url":"https:\/\/pandeoshop.com\/wp-content\/uploads\/pandeoshop_social_logo_no_textjpg.jpg","contentUrl":"https:\/\/pandeoshop.com\/wp-content\/uploads\/pandeoshop_social_logo_no_textjpg.jpg","width":288,"height":201,"caption":"Pandeoshop"},"image":{"@id":"https:\/\/pandeoshop.com\/sl\/#\/schema\/logo\/image\/"},"sameAs":["https:\/\/www.facebook.com\/pandeoshop\/","https:\/\/www.instagram.com\/pandeo_shop\/"]}]},"product_price_amount":"6.39","product_price_currency":"EUR","og_availability":"instock","product_availability":"instock","product_retailer_item_id":"HS10655","product_condition":"new"},"_links":{"self":[{"href":"https:\/\/pandeoshop.com\/sl\/wp-json\/wp\/v2\/product\/26659"}],"collection":[{"href":"https:\/\/pandeoshop.com\/sl\/wp-json\/wp\/v2\/product"}],"about":[{"href":"https:\/\/pandeoshop.com\/sl\/wp-json\/wp\/v2\/types\/product"}],"replies":[{"embeddable":true,"href":"https:\/\/pandeoshop.com\/sl\/wp-json\/wp\/v2\/comments?post=26659"}],"wp:featuredmedia":[{"embeddable":true,"href":"https:\/\/pandeoshop.com\/sl\/wp-json\/wp\/v2\/media\/36391"}],"wp:attachment":[{"href":"https:\/\/pandeoshop.com\/sl\/wp-json\/wp\/v2\/media?parent=26659"}],"wp:term":[{"taxonomy":"product_cat","embeddable":true,"href":"https:\/\/pandeoshop.com\/sl\/wp-json\/wp\/v2\/product_cat?post=26659"},{"taxonomy":"product_tag","embeddable":true,"href":"https:\/\/pandeoshop.com\/sl\/wp-json\/wp\/v2\/product_tag?post=26659"}],"curies":[{"name":"wp","href":"https:\/\/api.w.org\/{rel}","templated":true}]}}