{"id":26657,"date":"2022-10-25T23:16:37","date_gmt":"2022-09-17T15:51:19","guid":{"rendered":"https:\/\/pandeoshop.com\/product\/nocna-maska-za-obraz-za-povecanje-nastanka-kolagena-mizon-good-night-wrinkle-care-sleeping-mask\/"},"modified":"2023-12-14T20:17:26","modified_gmt":"2023-12-14T19:17:26","slug":"nocna-maska-za-obraz-za-povecanje-nastanka-kolagena-mizon-good-night-wrinkle-care-sleeping-mask","status":"publish","type":"product","link":"https:\/\/pandeoshop.com\/sl\/izdelek\/nocna-maska-za-obraz-za-povecanje-nastanka-kolagena-mizon-good-night-wrinkle-care-sleeping-mask\/","title":{"rendered":"No\u010dna maska za obraz za pove\u010danje nastanka kolagena <br\/> Mizon Good Night Wrinkle Care Sleeping Mask"},"content":{"rendered":"<p>Mizon Good Night Wrinkle Care Sleeping Mask no\u010dna maska \u200b\u200bz vla\u017eilnim in anti-aging u\u010dinkom u\u010dinkovito neguje ko\u017eo obraza, gladi gube, naredi ko\u017eo gladko, elasti\u010dno in pro\u017eno, izbolj\u0161a njeno polt v \u010dasu spanja ter obnovi njeno vitalnost. Maska vsebuje aktivne sestavine proti staranju, med katerimi je tudi retinol, ki u\u010dinkovito gladi mimi\u010dne gubice. Hialuronska kislina ko\u017eo vla\u017ei in ustvarja tanko za\u0161\u010ditno plast, ki prepre\u010duje izgubo vlage. Peptidi, ki sestavljajo masko, stimulirajo nastajanje kolagena in elastina kar izbolj\u0161ujejo elasti\u010dnost ko\u017ee. Zeli\u0161\u010dni ekstrakti fi\u017eola, ovsenih zrn, malin, borovnic, br\u0161ljana in sladkornega javorja izbolj\u0161ajo strukturo ko\u017ee, vla\u017eijo, imajo protivnetno, baktericidno in pomirjujo\u010do lastnost. Izvle\u010dki papaje, limone in pomaran\u010de pospe\u0161ujejo lu\u0161\u010denje odmrlih ko\u017enih celic. Zaradi vsebnosti sivke blagodejno vpliva tudi na psihi\u010dno stanje med spanjem. Ne vsebuje alkohola, umetnih barvil, parabenov in arom. Primerna za vse tipe ko\u017ee.<\/p>\n","protected":false},"excerpt":{"rendered":"<p>Anti-age hranilna no\u010dna maska za obraz intenzivno obnavlja ko\u017eo med spanjem. Naredi jo gladko, voljno in sve\u017eo.<\/p>\n","protected":false},"featured_media":36366,"comment_status":"open","ping_status":"closed","template":"","meta":[],"product_cat":[1804,1784,1768,1780,1785,1805,1767,1781,1782,1783,1779,1786],"product_tag":[4495,4526,4542,4518,4588,4531,4559,4566,4568,4576],"bundle_layout":"","bundle_add_to_cart_form_location":"","bundle_editable_in_cart":false,"bundle_sold_individually_context":"","bundle_item_grouping":"","bundle_min_size":"","bundle_max_size":"","bundled_by":[],"bundled_items":[],"yoast_head":"<!-- This site is optimized with the Yoast SEO Premium plugin v22.2 (Yoast SEO v22.9) - https:\/\/yoast.com\/wordpress\/plugins\/seo\/ -->\n<title>No\u010dna maska za obraz za pove\u010danje nastanka kolagena | Mizon Good Night Wrinkle Care Sleeping Mask - Pandeoshop<\/title>\n<meta name=\"description\" content=\"Anti-age hranilna no\u010dna maska za obraz intenzivno obnavlja ko\u017eo med spanjem. Naredi jo gladko, voljno in sve\u017eo.\" \/>\n<meta name=\"robots\" content=\"index, follow, max-snippet:-1, max-image-preview:large, max-video-preview:-1\" \/>\n<link rel=\"canonical\" href=\"https:\/\/pandeoshop.com\/sl\/product\/mizon-good-night-wrinkle-care-sleeping-mask\/\" \/>\n<meta property=\"og:locale\" content=\"sl_SI\" \/>\n<meta property=\"og:type\" content=\"article\" \/>\n<meta property=\"og:title\" content=\"No\u010dna maska za obraz za pove\u010danje nastanka kolagena | Mizon Good Night Wrinkle Care Sleeping Mask - Pandeoshop\" \/>\n<meta property=\"og:description\" content=\"Anti-age hranilna no\u010dna maska za obraz intenzivno obnavlja ko\u017eo med spanjem. Naredi jo gladko, voljno in sve\u017eo.\" \/>\n<meta property=\"og:url\" content=\"https:\/\/pandeoshop.com\/product\/mizon-good-night-wrinkle-care-sleeping-mask\/\" \/>\n<meta property=\"og:site_name\" content=\"Pandeoshop\" \/>\n<meta property=\"article:publisher\" content=\"https:\/\/www.facebook.com\/pandeoshop\/\" \/>\n<meta property=\"article:modified_time\" content=\"2023-12-14T19:17:26+00:00\" \/>\n<meta property=\"og:image\" content=\"https:\/\/pandeoshop.com\/wp-content\/uploads\/mizon-good-night-wrinkle-care-sleeping-mask.jpeg\" \/>\n\t<meta property=\"og:image:width\" content=\"1000\" \/>\n\t<meta property=\"og:image:height\" content=\"1000\" \/>\n\t<meta property=\"og:image:type\" content=\"image\/jpeg\" \/>\n<meta name=\"twitter:card\" content=\"summary_large_image\" \/>\n<script type=\"application\/ld+json\" class=\"yoast-schema-graph\">{\"@context\":\"https:\/\/schema.org\",\"@graph\":[{\"@type\":\"WebPage\",\"@id\":\"https:\/\/pandeoshop.com\/sl\/izdelek\/nocna-maska-za-obraz-za-povecanje-nastanka-kolagena-mizon-good-night-wrinkle-care-sleeping-mask\/\",\"url\":\"https:\/\/pandeoshop.com\/product\/mizon-good-night-wrinkle-care-sleeping-mask\/\",\"name\":\"No\u010dna maska za obraz za pove\u010danje nastanka kolagena | Mizon Good Night Wrinkle Care Sleeping Mask - Pandeoshop\",\"isPartOf\":{\"@id\":\"https:\/\/pandeoshop.com\/sl\/#website\"},\"primaryImageOfPage\":{\"@id\":\"https:\/\/pandeoshop.com\/product\/mizon-good-night-wrinkle-care-sleeping-mask\/#primaryimage\"},\"image\":{\"@id\":\"https:\/\/pandeoshop.com\/product\/mizon-good-night-wrinkle-care-sleeping-mask\/#primaryimage\"},\"thumbnailUrl\":\"https:\/\/pandeoshop.com\/wp-content\/uploads\/mizon-good-night-wrinkle-care-sleeping-mask.jpeg\",\"datePublished\":\"2022-09-17T15:51:19+00:00\",\"dateModified\":\"2023-12-14T19:17:26+00:00\",\"description\":\"Anti-age hranilna no\u010dna maska za obraz intenzivno obnavlja ko\u017eo med spanjem. Naredi jo gladko, voljno in sve\u017eo.\",\"breadcrumb\":{\"@id\":\"https:\/\/pandeoshop.com\/product\/mizon-good-night-wrinkle-care-sleeping-mask\/#breadcrumb\"},\"inLanguage\":\"sl-SI\",\"potentialAction\":[{\"@type\":\"ReadAction\",\"target\":[\"https:\/\/pandeoshop.com\/product\/mizon-good-night-wrinkle-care-sleeping-mask\/\"]}]},{\"@type\":\"ImageObject\",\"inLanguage\":\"sl-SI\",\"@id\":\"https:\/\/pandeoshop.com\/product\/mizon-good-night-wrinkle-care-sleeping-mask\/#primaryimage\",\"url\":\"https:\/\/pandeoshop.com\/wp-content\/uploads\/mizon-good-night-wrinkle-care-sleeping-mask.jpeg\",\"contentUrl\":\"https:\/\/pandeoshop.com\/wp-content\/uploads\/mizon-good-night-wrinkle-care-sleeping-mask.jpeg\",\"width\":1000,\"height\":1000},{\"@type\":\"BreadcrumbList\",\"@id\":\"https:\/\/pandeoshop.com\/product\/mizon-good-night-wrinkle-care-sleeping-mask\/#breadcrumb\",\"itemListElement\":[{\"@type\":\"ListItem\",\"position\":1,\"name\":\"Domov\",\"item\":\"https:\/\/pandeoshop.com\/sl\/\"},{\"@type\":\"ListItem\",\"position\":2,\"name\":\"Trgovina\",\"item\":\"https:\/\/pandeoshop.com\/sl\/trgovina\/\"},{\"@type\":\"ListItem\",\"position\":3,\"name\":\"Blagovne znamke\",\"item\":\"https:\/\/pandeoshop.com\/sl\/category\/blagovne-znamke\/\"},{\"@type\":\"ListItem\",\"position\":4,\"name\":\"Mizon\",\"item\":\"https:\/\/pandeoshop.com\/sl\/category\/blagovne-znamke\/mizon-sl\/\"},{\"@type\":\"ListItem\",\"position\":5,\"name\":\"No\u010dna maska za obraz za pove\u010danje nastanka kolagena Mizon Good Night Wrinkle Care Sleeping Mask\"}]},{\"@type\":\"WebSite\",\"@id\":\"https:\/\/pandeoshop.com\/sl\/#website\",\"url\":\"https:\/\/pandeoshop.com\/sl\/\",\"name\":\"Pandeoshop\",\"description\":\"\u0160e eno spleti\u0161\u010de WordPress\",\"publisher\":{\"@id\":\"https:\/\/pandeoshop.com\/sl\/#organization\"},\"potentialAction\":[{\"@type\":\"SearchAction\",\"target\":{\"@type\":\"EntryPoint\",\"urlTemplate\":\"https:\/\/pandeoshop.com\/sl\/?s={search_term_string}\"},\"query-input\":\"required name=search_term_string\"}],\"inLanguage\":\"sl-SI\"},{\"@type\":\"Organization\",\"@id\":\"https:\/\/pandeoshop.com\/sl\/#organization\",\"name\":\"Pandeoshop\",\"url\":\"https:\/\/pandeoshop.com\/sl\/\",\"logo\":{\"@type\":\"ImageObject\",\"inLanguage\":\"sl-SI\",\"@id\":\"https:\/\/pandeoshop.com\/sl\/#\/schema\/logo\/image\/\",\"url\":\"https:\/\/pandeoshop.com\/wp-content\/uploads\/pandeoshop_social_logo_no_textjpg.jpg\",\"contentUrl\":\"https:\/\/pandeoshop.com\/wp-content\/uploads\/pandeoshop_social_logo_no_textjpg.jpg\",\"width\":288,\"height\":201,\"caption\":\"Pandeoshop\"},\"image\":{\"@id\":\"https:\/\/pandeoshop.com\/sl\/#\/schema\/logo\/image\/\"},\"sameAs\":[\"https:\/\/www.facebook.com\/pandeoshop\/\",\"https:\/\/www.instagram.com\/pandeo_shop\/\"]}]}<\/script>\n<meta property=\"product:price:amount\" content=\"26.36\" \/>\n<meta property=\"product:price:currency\" content=\"EUR\" \/>\n<meta property=\"og:availability\" content=\"instock\" \/>\n<meta property=\"product:availability\" content=\"instock\" \/>\n<meta property=\"product:retailer_item_id\" content=\"HS10653\" \/>\n<meta property=\"product:condition\" content=\"new\" \/>\n<!-- \/ Yoast SEO Premium plugin. -->","yoast_head_json":{"title":"No\u010dna maska za obraz za pove\u010danje nastanka kolagena | Mizon Good Night Wrinkle Care Sleeping Mask - Pandeoshop","description":"Anti-age hranilna no\u010dna maska za obraz intenzivno obnavlja ko\u017eo med spanjem. Naredi jo gladko, voljno in sve\u017eo.","robots":{"index":"index","follow":"follow","max-snippet":"max-snippet:-1","max-image-preview":"max-image-preview:large","max-video-preview":"max-video-preview:-1"},"canonical":"https:\/\/pandeoshop.com\/sl\/product\/mizon-good-night-wrinkle-care-sleeping-mask\/","og_locale":"sl_SI","og_type":"article","og_title":"No\u010dna maska za obraz za pove\u010danje nastanka kolagena | Mizon Good Night Wrinkle Care Sleeping Mask - Pandeoshop","og_description":"Anti-age hranilna no\u010dna maska za obraz intenzivno obnavlja ko\u017eo med spanjem. Naredi jo gladko, voljno in sve\u017eo.","og_url":"https:\/\/pandeoshop.com\/product\/mizon-good-night-wrinkle-care-sleeping-mask\/","og_site_name":"Pandeoshop","article_publisher":"https:\/\/www.facebook.com\/pandeoshop\/","article_modified_time":"2023-12-14T19:17:26+00:00","og_image":[{"width":1000,"height":1000,"url":"https:\/\/pandeoshop.com\/wp-content\/uploads\/mizon-good-night-wrinkle-care-sleeping-mask.jpeg","type":"image\/jpeg"}],"twitter_card":"summary_large_image","schema":{"@context":"https:\/\/schema.org","@graph":[{"@type":"WebPage","@id":"https:\/\/pandeoshop.com\/sl\/izdelek\/nocna-maska-za-obraz-za-povecanje-nastanka-kolagena-mizon-good-night-wrinkle-care-sleeping-mask\/","url":"https:\/\/pandeoshop.com\/product\/mizon-good-night-wrinkle-care-sleeping-mask\/","name":"No\u010dna maska za obraz za pove\u010danje nastanka kolagena | Mizon Good Night Wrinkle Care Sleeping Mask - Pandeoshop","isPartOf":{"@id":"https:\/\/pandeoshop.com\/sl\/#website"},"primaryImageOfPage":{"@id":"https:\/\/pandeoshop.com\/product\/mizon-good-night-wrinkle-care-sleeping-mask\/#primaryimage"},"image":{"@id":"https:\/\/pandeoshop.com\/product\/mizon-good-night-wrinkle-care-sleeping-mask\/#primaryimage"},"thumbnailUrl":"https:\/\/pandeoshop.com\/wp-content\/uploads\/mizon-good-night-wrinkle-care-sleeping-mask.jpeg","datePublished":"2022-09-17T15:51:19+00:00","dateModified":"2023-12-14T19:17:26+00:00","description":"Anti-age hranilna no\u010dna maska za obraz intenzivno obnavlja ko\u017eo med spanjem. Naredi jo gladko, voljno in sve\u017eo.","breadcrumb":{"@id":"https:\/\/pandeoshop.com\/product\/mizon-good-night-wrinkle-care-sleeping-mask\/#breadcrumb"},"inLanguage":"sl-SI","potentialAction":[{"@type":"ReadAction","target":["https:\/\/pandeoshop.com\/product\/mizon-good-night-wrinkle-care-sleeping-mask\/"]}]},{"@type":"ImageObject","inLanguage":"sl-SI","@id":"https:\/\/pandeoshop.com\/product\/mizon-good-night-wrinkle-care-sleeping-mask\/#primaryimage","url":"https:\/\/pandeoshop.com\/wp-content\/uploads\/mizon-good-night-wrinkle-care-sleeping-mask.jpeg","contentUrl":"https:\/\/pandeoshop.com\/wp-content\/uploads\/mizon-good-night-wrinkle-care-sleeping-mask.jpeg","width":1000,"height":1000},{"@type":"BreadcrumbList","@id":"https:\/\/pandeoshop.com\/product\/mizon-good-night-wrinkle-care-sleeping-mask\/#breadcrumb","itemListElement":[{"@type":"ListItem","position":1,"name":"Domov","item":"https:\/\/pandeoshop.com\/sl\/"},{"@type":"ListItem","position":2,"name":"Trgovina","item":"https:\/\/pandeoshop.com\/sl\/trgovina\/"},{"@type":"ListItem","position":3,"name":"Blagovne znamke","item":"https:\/\/pandeoshop.com\/sl\/category\/blagovne-znamke\/"},{"@type":"ListItem","position":4,"name":"Mizon","item":"https:\/\/pandeoshop.com\/sl\/category\/blagovne-znamke\/mizon-sl\/"},{"@type":"ListItem","position":5,"name":"No\u010dna maska za obraz za pove\u010danje nastanka kolagena Mizon Good Night Wrinkle Care Sleeping Mask"}]},{"@type":"WebSite","@id":"https:\/\/pandeoshop.com\/sl\/#website","url":"https:\/\/pandeoshop.com\/sl\/","name":"Pandeoshop","description":"\u0160e eno spleti\u0161\u010de WordPress","publisher":{"@id":"https:\/\/pandeoshop.com\/sl\/#organization"},"potentialAction":[{"@type":"SearchAction","target":{"@type":"EntryPoint","urlTemplate":"https:\/\/pandeoshop.com\/sl\/?s={search_term_string}"},"query-input":"required name=search_term_string"}],"inLanguage":"sl-SI"},{"@type":"Organization","@id":"https:\/\/pandeoshop.com\/sl\/#organization","name":"Pandeoshop","url":"https:\/\/pandeoshop.com\/sl\/","logo":{"@type":"ImageObject","inLanguage":"sl-SI","@id":"https:\/\/pandeoshop.com\/sl\/#\/schema\/logo\/image\/","url":"https:\/\/pandeoshop.com\/wp-content\/uploads\/pandeoshop_social_logo_no_textjpg.jpg","contentUrl":"https:\/\/pandeoshop.com\/wp-content\/uploads\/pandeoshop_social_logo_no_textjpg.jpg","width":288,"height":201,"caption":"Pandeoshop"},"image":{"@id":"https:\/\/pandeoshop.com\/sl\/#\/schema\/logo\/image\/"},"sameAs":["https:\/\/www.facebook.com\/pandeoshop\/","https:\/\/www.instagram.com\/pandeo_shop\/"]}]},"product_price_amount":"26.36","product_price_currency":"EUR","og_availability":"instock","product_availability":"instock","product_retailer_item_id":"HS10653","product_condition":"new"},"_links":{"self":[{"href":"https:\/\/pandeoshop.com\/sl\/wp-json\/wp\/v2\/product\/26657"}],"collection":[{"href":"https:\/\/pandeoshop.com\/sl\/wp-json\/wp\/v2\/product"}],"about":[{"href":"https:\/\/pandeoshop.com\/sl\/wp-json\/wp\/v2\/types\/product"}],"replies":[{"embeddable":true,"href":"https:\/\/pandeoshop.com\/sl\/wp-json\/wp\/v2\/comments?post=26657"}],"wp:featuredmedia":[{"embeddable":true,"href":"https:\/\/pandeoshop.com\/sl\/wp-json\/wp\/v2\/media\/36366"}],"wp:attachment":[{"href":"https:\/\/pandeoshop.com\/sl\/wp-json\/wp\/v2\/media?parent=26657"}],"wp:term":[{"taxonomy":"product_cat","embeddable":true,"href":"https:\/\/pandeoshop.com\/sl\/wp-json\/wp\/v2\/product_cat?post=26657"},{"taxonomy":"product_tag","embeddable":true,"href":"https:\/\/pandeoshop.com\/sl\/wp-json\/wp\/v2\/product_tag?post=26657"}],"curies":[{"name":"wp","href":"https:\/\/api.w.org\/{rel}","templated":true}]}}