{"id":26656,"date":"2022-10-25T23:16:37","date_gmt":"2022-09-17T15:51:19","guid":{"rendered":"https:\/\/pandeoshop.com\/product\/nocna-maska-za-obraz-za-povecanje-nastanka-kolagena-mizon-good-night-white-sleeping-mask-tube\/"},"modified":"2023-07-20T01:31:14","modified_gmt":"2023-07-19T23:31:14","slug":"nocna-maska-za-obraz-za-povecanje-nastanka-kolagena-mizon-good-night-white-sleeping-mask-tube","status":"publish","type":"product","link":"https:\/\/pandeoshop.com\/sl\/izdelek\/nocna-maska-za-obraz-za-povecanje-nastanka-kolagena-mizon-good-night-white-sleeping-mask-tube\/","title":{"rendered":"No\u010dna maska za obraz za pove\u010danje nastanka kolagena <br\/> Mizon Good Night White Sleeping Mask (Tube)"},"content":{"rendered":"<p>Mizon Good Night White Sleeping Mask (Tube) &#8211; No\u010dna maska se hitro in u\u010dinkovito absorbira, vsebuje izvle\u010dek sivke, ki blagodejno vpliva na spanje. Izdelek odpravlja nepravilnosti na ko\u017ei : post akna, pege, drugo ne\u017eeljeno pigmentacijo. Zahvaljujo\u010d izvle\u010dkom sivke ima no\u010dna maska, ne\u017eno aromo, ki pomirja, izbolj\u0161a spanec, laj\u0161a dra\u017eenje ko\u017ee in tako odpravlja vzroke vnetja. Placentarni protein, ki prodira v ko\u017ene celice, jih obnavlja in krepi, ekstrakt svile pa ko\u017eo naredi mehkej\u0161o in gladko. Vitamin B3 &#8211; pomaga ko\u017ei zagotoviti za\u0161\u010dito pred zunanjimi vplivi in \u200b\u200bigra pomembno vlogo pri odpravljanju ne\u017eeljene  pigmentacije in izbolj\u0161anju tona ko\u017ee.<\/p>\n","protected":false},"excerpt":{"rendered":"<p>Vla\u017eilna maska \u200b\u200bza spanje. Pomaga posvetliti ko\u017eo in ji da zdrav sijaj.<\/p>\n","protected":false},"featured_media":36356,"comment_status":"open","ping_status":"closed","template":"","meta":[],"product_cat":[1804,1784,1768,1780,1785,1805,1767,1781,1782,1783,1779,1786],"product_tag":[4542,4549,4565,4573],"bundle_layout":"","bundle_add_to_cart_form_location":"","bundle_editable_in_cart":false,"bundle_sold_individually_context":"","bundle_item_grouping":"","bundle_min_size":"","bundle_max_size":"","bundled_by":[],"bundled_items":[],"yoast_head":"<!-- This site is optimized with the Yoast SEO Premium plugin v22.2 (Yoast SEO v22.9) - https:\/\/yoast.com\/wordpress\/plugins\/seo\/ -->\n<title>No\u010dna maska za obraz za pove\u010danje nastanka kolagena | Mizon Good Night White Sleeping Mask (Tube) - Pandeoshop<\/title>\n<meta name=\"description\" content=\"Vla\u017eilna maska \u200b\u200bza spanje. Pomaga posvetliti ko\u017eo in ji da zdrav sijaj.\" \/>\n<meta name=\"robots\" content=\"index, follow, max-snippet:-1, max-image-preview:large, max-video-preview:-1\" \/>\n<link rel=\"canonical\" href=\"https:\/\/pandeoshop.com\/sl\/product\/mizon-good-night-white-sleeping-mask-tube\/\" \/>\n<meta property=\"og:locale\" content=\"sl_SI\" \/>\n<meta property=\"og:type\" content=\"article\" \/>\n<meta property=\"og:title\" content=\"No\u010dna maska za obraz za pove\u010danje nastanka kolagena | Mizon Good Night White Sleeping Mask (Tube) - Pandeoshop\" \/>\n<meta property=\"og:description\" content=\"Vla\u017eilna maska \u200b\u200bza spanje. Pomaga posvetliti ko\u017eo in ji da zdrav sijaj.\" \/>\n<meta property=\"og:url\" content=\"https:\/\/pandeoshop.com\/product\/mizon-good-night-white-sleeping-mask-tube\/\" \/>\n<meta property=\"og:site_name\" content=\"Pandeoshop\" \/>\n<meta property=\"article:publisher\" content=\"https:\/\/www.facebook.com\/pandeoshop\/\" \/>\n<meta property=\"article:modified_time\" content=\"2023-07-19T23:31:14+00:00\" \/>\n<meta property=\"og:image\" content=\"https:\/\/pandeoshop.com\/wp-content\/uploads\/mizon-good-night-white-sleeping-mask-tube.jpeg\" \/>\n\t<meta property=\"og:image:width\" content=\"1000\" \/>\n\t<meta property=\"og:image:height\" content=\"1000\" \/>\n\t<meta property=\"og:image:type\" content=\"image\/jpeg\" \/>\n<meta name=\"twitter:card\" content=\"summary_large_image\" \/>\n<script type=\"application\/ld+json\" class=\"yoast-schema-graph\">{\"@context\":\"https:\/\/schema.org\",\"@graph\":[{\"@type\":\"WebPage\",\"@id\":\"https:\/\/pandeoshop.com\/sl\/izdelek\/nocna-maska-za-obraz-za-povecanje-nastanka-kolagena-mizon-good-night-white-sleeping-mask-tube\/\",\"url\":\"https:\/\/pandeoshop.com\/product\/mizon-good-night-white-sleeping-mask-tube\/\",\"name\":\"No\u010dna maska za obraz za pove\u010danje nastanka kolagena | Mizon Good Night White Sleeping Mask (Tube) - Pandeoshop\",\"isPartOf\":{\"@id\":\"https:\/\/pandeoshop.com\/sl\/#website\"},\"primaryImageOfPage\":{\"@id\":\"https:\/\/pandeoshop.com\/product\/mizon-good-night-white-sleeping-mask-tube\/#primaryimage\"},\"image\":{\"@id\":\"https:\/\/pandeoshop.com\/product\/mizon-good-night-white-sleeping-mask-tube\/#primaryimage\"},\"thumbnailUrl\":\"https:\/\/pandeoshop.com\/wp-content\/uploads\/mizon-good-night-white-sleeping-mask-tube.jpeg\",\"datePublished\":\"2022-09-17T15:51:19+00:00\",\"dateModified\":\"2023-07-19T23:31:14+00:00\",\"description\":\"Vla\u017eilna maska \u200b\u200bza spanje. Pomaga posvetliti ko\u017eo in ji da zdrav sijaj.\",\"breadcrumb\":{\"@id\":\"https:\/\/pandeoshop.com\/product\/mizon-good-night-white-sleeping-mask-tube\/#breadcrumb\"},\"inLanguage\":\"sl-SI\",\"potentialAction\":[{\"@type\":\"ReadAction\",\"target\":[\"https:\/\/pandeoshop.com\/product\/mizon-good-night-white-sleeping-mask-tube\/\"]}]},{\"@type\":\"ImageObject\",\"inLanguage\":\"sl-SI\",\"@id\":\"https:\/\/pandeoshop.com\/product\/mizon-good-night-white-sleeping-mask-tube\/#primaryimage\",\"url\":\"https:\/\/pandeoshop.com\/wp-content\/uploads\/mizon-good-night-white-sleeping-mask-tube.jpeg\",\"contentUrl\":\"https:\/\/pandeoshop.com\/wp-content\/uploads\/mizon-good-night-white-sleeping-mask-tube.jpeg\",\"width\":1000,\"height\":1000},{\"@type\":\"BreadcrumbList\",\"@id\":\"https:\/\/pandeoshop.com\/product\/mizon-good-night-white-sleeping-mask-tube\/#breadcrumb\",\"itemListElement\":[{\"@type\":\"ListItem\",\"position\":1,\"name\":\"Domov\",\"item\":\"https:\/\/pandeoshop.com\/sl\/\"},{\"@type\":\"ListItem\",\"position\":2,\"name\":\"Trgovina\",\"item\":\"https:\/\/pandeoshop.com\/sl\/trgovina\/\"},{\"@type\":\"ListItem\",\"position\":3,\"name\":\"Blagovne znamke\",\"item\":\"https:\/\/pandeoshop.com\/sl\/category\/blagovne-znamke\/\"},{\"@type\":\"ListItem\",\"position\":4,\"name\":\"Mizon\",\"item\":\"https:\/\/pandeoshop.com\/sl\/category\/blagovne-znamke\/mizon-sl\/\"},{\"@type\":\"ListItem\",\"position\":5,\"name\":\"No\u010dna maska za obraz za pove\u010danje nastanka kolagena Mizon Good Night White Sleeping Mask (Tube)\"}]},{\"@type\":\"WebSite\",\"@id\":\"https:\/\/pandeoshop.com\/sl\/#website\",\"url\":\"https:\/\/pandeoshop.com\/sl\/\",\"name\":\"Pandeoshop\",\"description\":\"\u0160e eno spleti\u0161\u010de WordPress\",\"publisher\":{\"@id\":\"https:\/\/pandeoshop.com\/sl\/#organization\"},\"potentialAction\":[{\"@type\":\"SearchAction\",\"target\":{\"@type\":\"EntryPoint\",\"urlTemplate\":\"https:\/\/pandeoshop.com\/sl\/?s={search_term_string}\"},\"query-input\":\"required name=search_term_string\"}],\"inLanguage\":\"sl-SI\"},{\"@type\":\"Organization\",\"@id\":\"https:\/\/pandeoshop.com\/sl\/#organization\",\"name\":\"Pandeoshop\",\"url\":\"https:\/\/pandeoshop.com\/sl\/\",\"logo\":{\"@type\":\"ImageObject\",\"inLanguage\":\"sl-SI\",\"@id\":\"https:\/\/pandeoshop.com\/sl\/#\/schema\/logo\/image\/\",\"url\":\"https:\/\/pandeoshop.com\/wp-content\/uploads\/pandeoshop_social_logo_no_textjpg.jpg\",\"contentUrl\":\"https:\/\/pandeoshop.com\/wp-content\/uploads\/pandeoshop_social_logo_no_textjpg.jpg\",\"width\":288,\"height\":201,\"caption\":\"Pandeoshop\"},\"image\":{\"@id\":\"https:\/\/pandeoshop.com\/sl\/#\/schema\/logo\/image\/\"},\"sameAs\":[\"https:\/\/www.facebook.com\/pandeoshop\/\",\"https:\/\/www.instagram.com\/pandeo_shop\/\"]}]}<\/script>\n<meta property=\"product:price:amount\" content=\"11.70\" \/>\n<meta property=\"product:price:currency\" content=\"EUR\" \/>\n<meta property=\"og:availability\" content=\"instock\" \/>\n<meta property=\"product:availability\" content=\"instock\" \/>\n<meta property=\"product:retailer_item_id\" content=\"HS10652\" \/>\n<meta property=\"product:condition\" content=\"new\" \/>\n<!-- \/ Yoast SEO Premium plugin. -->","yoast_head_json":{"title":"No\u010dna maska za obraz za pove\u010danje nastanka kolagena | Mizon Good Night White Sleeping Mask (Tube) - Pandeoshop","description":"Vla\u017eilna maska \u200b\u200bza spanje. Pomaga posvetliti ko\u017eo in ji da zdrav sijaj.","robots":{"index":"index","follow":"follow","max-snippet":"max-snippet:-1","max-image-preview":"max-image-preview:large","max-video-preview":"max-video-preview:-1"},"canonical":"https:\/\/pandeoshop.com\/sl\/product\/mizon-good-night-white-sleeping-mask-tube\/","og_locale":"sl_SI","og_type":"article","og_title":"No\u010dna maska za obraz za pove\u010danje nastanka kolagena | Mizon Good Night White Sleeping Mask (Tube) - Pandeoshop","og_description":"Vla\u017eilna maska \u200b\u200bza spanje. Pomaga posvetliti ko\u017eo in ji da zdrav sijaj.","og_url":"https:\/\/pandeoshop.com\/product\/mizon-good-night-white-sleeping-mask-tube\/","og_site_name":"Pandeoshop","article_publisher":"https:\/\/www.facebook.com\/pandeoshop\/","article_modified_time":"2023-07-19T23:31:14+00:00","og_image":[{"width":1000,"height":1000,"url":"https:\/\/pandeoshop.com\/wp-content\/uploads\/mizon-good-night-white-sleeping-mask-tube.jpeg","type":"image\/jpeg"}],"twitter_card":"summary_large_image","schema":{"@context":"https:\/\/schema.org","@graph":[{"@type":"WebPage","@id":"https:\/\/pandeoshop.com\/sl\/izdelek\/nocna-maska-za-obraz-za-povecanje-nastanka-kolagena-mizon-good-night-white-sleeping-mask-tube\/","url":"https:\/\/pandeoshop.com\/product\/mizon-good-night-white-sleeping-mask-tube\/","name":"No\u010dna maska za obraz za pove\u010danje nastanka kolagena | Mizon Good Night White Sleeping Mask (Tube) - Pandeoshop","isPartOf":{"@id":"https:\/\/pandeoshop.com\/sl\/#website"},"primaryImageOfPage":{"@id":"https:\/\/pandeoshop.com\/product\/mizon-good-night-white-sleeping-mask-tube\/#primaryimage"},"image":{"@id":"https:\/\/pandeoshop.com\/product\/mizon-good-night-white-sleeping-mask-tube\/#primaryimage"},"thumbnailUrl":"https:\/\/pandeoshop.com\/wp-content\/uploads\/mizon-good-night-white-sleeping-mask-tube.jpeg","datePublished":"2022-09-17T15:51:19+00:00","dateModified":"2023-07-19T23:31:14+00:00","description":"Vla\u017eilna maska \u200b\u200bza spanje. Pomaga posvetliti ko\u017eo in ji da zdrav sijaj.","breadcrumb":{"@id":"https:\/\/pandeoshop.com\/product\/mizon-good-night-white-sleeping-mask-tube\/#breadcrumb"},"inLanguage":"sl-SI","potentialAction":[{"@type":"ReadAction","target":["https:\/\/pandeoshop.com\/product\/mizon-good-night-white-sleeping-mask-tube\/"]}]},{"@type":"ImageObject","inLanguage":"sl-SI","@id":"https:\/\/pandeoshop.com\/product\/mizon-good-night-white-sleeping-mask-tube\/#primaryimage","url":"https:\/\/pandeoshop.com\/wp-content\/uploads\/mizon-good-night-white-sleeping-mask-tube.jpeg","contentUrl":"https:\/\/pandeoshop.com\/wp-content\/uploads\/mizon-good-night-white-sleeping-mask-tube.jpeg","width":1000,"height":1000},{"@type":"BreadcrumbList","@id":"https:\/\/pandeoshop.com\/product\/mizon-good-night-white-sleeping-mask-tube\/#breadcrumb","itemListElement":[{"@type":"ListItem","position":1,"name":"Domov","item":"https:\/\/pandeoshop.com\/sl\/"},{"@type":"ListItem","position":2,"name":"Trgovina","item":"https:\/\/pandeoshop.com\/sl\/trgovina\/"},{"@type":"ListItem","position":3,"name":"Blagovne znamke","item":"https:\/\/pandeoshop.com\/sl\/category\/blagovne-znamke\/"},{"@type":"ListItem","position":4,"name":"Mizon","item":"https:\/\/pandeoshop.com\/sl\/category\/blagovne-znamke\/mizon-sl\/"},{"@type":"ListItem","position":5,"name":"No\u010dna maska za obraz za pove\u010danje nastanka kolagena Mizon Good Night White Sleeping Mask (Tube)"}]},{"@type":"WebSite","@id":"https:\/\/pandeoshop.com\/sl\/#website","url":"https:\/\/pandeoshop.com\/sl\/","name":"Pandeoshop","description":"\u0160e eno spleti\u0161\u010de WordPress","publisher":{"@id":"https:\/\/pandeoshop.com\/sl\/#organization"},"potentialAction":[{"@type":"SearchAction","target":{"@type":"EntryPoint","urlTemplate":"https:\/\/pandeoshop.com\/sl\/?s={search_term_string}"},"query-input":"required name=search_term_string"}],"inLanguage":"sl-SI"},{"@type":"Organization","@id":"https:\/\/pandeoshop.com\/sl\/#organization","name":"Pandeoshop","url":"https:\/\/pandeoshop.com\/sl\/","logo":{"@type":"ImageObject","inLanguage":"sl-SI","@id":"https:\/\/pandeoshop.com\/sl\/#\/schema\/logo\/image\/","url":"https:\/\/pandeoshop.com\/wp-content\/uploads\/pandeoshop_social_logo_no_textjpg.jpg","contentUrl":"https:\/\/pandeoshop.com\/wp-content\/uploads\/pandeoshop_social_logo_no_textjpg.jpg","width":288,"height":201,"caption":"Pandeoshop"},"image":{"@id":"https:\/\/pandeoshop.com\/sl\/#\/schema\/logo\/image\/"},"sameAs":["https:\/\/www.facebook.com\/pandeoshop\/","https:\/\/www.instagram.com\/pandeo_shop\/"]}]},"product_price_amount":"11.70","product_price_currency":"EUR","og_availability":"instock","product_availability":"instock","product_retailer_item_id":"HS10652","product_condition":"new"},"_links":{"self":[{"href":"https:\/\/pandeoshop.com\/sl\/wp-json\/wp\/v2\/product\/26656"}],"collection":[{"href":"https:\/\/pandeoshop.com\/sl\/wp-json\/wp\/v2\/product"}],"about":[{"href":"https:\/\/pandeoshop.com\/sl\/wp-json\/wp\/v2\/types\/product"}],"replies":[{"embeddable":true,"href":"https:\/\/pandeoshop.com\/sl\/wp-json\/wp\/v2\/comments?post=26656"}],"wp:featuredmedia":[{"embeddable":true,"href":"https:\/\/pandeoshop.com\/sl\/wp-json\/wp\/v2\/media\/36356"}],"wp:attachment":[{"href":"https:\/\/pandeoshop.com\/sl\/wp-json\/wp\/v2\/media?parent=26656"}],"wp:term":[{"taxonomy":"product_cat","embeddable":true,"href":"https:\/\/pandeoshop.com\/sl\/wp-json\/wp\/v2\/product_cat?post=26656"},{"taxonomy":"product_tag","embeddable":true,"href":"https:\/\/pandeoshop.com\/sl\/wp-json\/wp\/v2\/product_tag?post=26656"}],"curies":[{"name":"wp","href":"https:\/\/api.w.org\/{rel}","templated":true}]}}