{"id":26655,"date":"2022-09-17T17:51:19","date_gmt":"2022-09-17T15:51:19","guid":{"rendered":"https:\/\/pandeoshop.com\/product\/nocna-maska-za-obraz-s-sivko-in-vitaminom-b3-mizon-good-night-white-sleeping-mask\/"},"modified":"2023-07-20T01:31:13","modified_gmt":"2023-07-19T23:31:13","slug":"nocna-maska-za-obraz-s-sivko-in-vitaminom-b3-mizon-good-night-white-sleeping-mask","status":"publish","type":"product","link":"https:\/\/pandeoshop.com\/sl\/izdelek\/nocna-maska-za-obraz-s-sivko-in-vitaminom-b3-mizon-good-night-white-sleeping-mask\/","title":{"rendered":"No\u010dna maska za obraz s sivko in vitaminom B3 <br\/> Mizon Good Night White Sleeping Mask"},"content":{"rendered":"<p>Mizon Good Night White Sleeping Mask no\u010dna maska se hitro in u\u010dinkovito absorbira ter odpravlja nepravilnosti na ko\u017ei (postakne, pege, ne\u017eeleno pigmentacijo). Zaradi izvle\u010dka sivke ima maska pomirjujo\u010d u\u010dinek, ki izbolj\u0161a spanec, laj\u0161a dra\u017eenje ko\u017ee in tako odpravlja vzroke vnetja. Placentarni protein prodira v ko\u017ene celice, jih obnavlja in krepi, ekstrakt svile naredi ko\u017eo mehkej\u0161o in gladko, vitamin B3 pa ko\u017ei zagotavlja za\u0161\u010dito pred zunanjimi vplivi in \u200b\u200bima pomembno vlogo pri odpravljanju ne\u017eelene pigmentacije ter izbolj\u0161anju tona ko\u017ee.<\/p>\n","protected":false},"excerpt":{"rendered":"<p>Vla\u017eilna no\u010dna maska je namenjena odpravi nepravilnosti na ko\u017ei (postakne, pege, ne\u017eeleno pigmentacijo).<\/p>\n","protected":false},"featured_media":36361,"comment_status":"open","ping_status":"closed","template":"","meta":[],"product_cat":[1804,1784,1768,1780,1785,1805,1767,1781,1782,1783,1779,1786],"product_tag":[4542,4549,4565,4573],"bundle_layout":"","bundle_add_to_cart_form_location":"","bundle_editable_in_cart":false,"bundle_sold_individually_context":"","bundle_item_grouping":"","bundle_min_size":"","bundle_max_size":"","bundled_by":[],"bundled_items":[],"yoast_head":"<!-- This site is optimized with the Yoast SEO Premium plugin v22.2 (Yoast SEO v22.9) - https:\/\/yoast.com\/wordpress\/plugins\/seo\/ -->\n<title>No\u010dna maska za obraz s sivko in vitaminom B3 | Mizon Good Night White Sleeping Mask - Pandeoshop<\/title>\n<meta name=\"description\" content=\"Vla\u017eilna no\u010dna maska je namenjena odpravi nepravilnosti na ko\u017ei (postakne, pege, ne\u017eeleno pigmentacijo).\" \/>\n<meta name=\"robots\" content=\"index, follow, max-snippet:-1, max-image-preview:large, max-video-preview:-1\" \/>\n<link rel=\"canonical\" href=\"https:\/\/pandeoshop.com\/sl\/product\/mizon-good-night-white-sleeping-mask\/\" \/>\n<meta property=\"og:locale\" content=\"sl_SI\" \/>\n<meta property=\"og:type\" content=\"article\" \/>\n<meta property=\"og:title\" content=\"No\u010dna maska za obraz s sivko in vitaminom B3 | Mizon Good Night White Sleeping Mask - Pandeoshop\" \/>\n<meta property=\"og:description\" content=\"Vla\u017eilna no\u010dna maska je namenjena odpravi nepravilnosti na ko\u017ei (postakne, pege, ne\u017eeleno pigmentacijo).\" \/>\n<meta property=\"og:url\" content=\"https:\/\/pandeoshop.com\/product\/mizon-good-night-white-sleeping-mask\/\" \/>\n<meta property=\"og:site_name\" content=\"Pandeoshop\" \/>\n<meta property=\"article:publisher\" content=\"https:\/\/www.facebook.com\/pandeoshop\/\" \/>\n<meta property=\"article:modified_time\" content=\"2023-07-19T23:31:13+00:00\" \/>\n<meta property=\"og:image\" content=\"https:\/\/pandeoshop.com\/wp-content\/uploads\/mizon-good-night-white-sleeping-mask.jpeg\" \/>\n\t<meta property=\"og:image:width\" content=\"1000\" \/>\n\t<meta property=\"og:image:height\" content=\"1000\" \/>\n\t<meta property=\"og:image:type\" content=\"image\/jpeg\" \/>\n<meta name=\"twitter:card\" content=\"summary_large_image\" \/>\n<script type=\"application\/ld+json\" class=\"yoast-schema-graph\">{\"@context\":\"https:\/\/schema.org\",\"@graph\":[{\"@type\":\"WebPage\",\"@id\":\"https:\/\/pandeoshop.com\/sl\/izdelek\/nocna-maska-za-obraz-s-sivko-in-vitaminom-b3-mizon-good-night-white-sleeping-mask\/\",\"url\":\"https:\/\/pandeoshop.com\/product\/mizon-good-night-white-sleeping-mask\/\",\"name\":\"No\u010dna maska za obraz s sivko in vitaminom B3 | Mizon Good Night White Sleeping Mask - Pandeoshop\",\"isPartOf\":{\"@id\":\"https:\/\/pandeoshop.com\/sl\/#website\"},\"primaryImageOfPage\":{\"@id\":\"https:\/\/pandeoshop.com\/product\/mizon-good-night-white-sleeping-mask\/#primaryimage\"},\"image\":{\"@id\":\"https:\/\/pandeoshop.com\/product\/mizon-good-night-white-sleeping-mask\/#primaryimage\"},\"thumbnailUrl\":\"https:\/\/pandeoshop.com\/wp-content\/uploads\/mizon-good-night-white-sleeping-mask.jpeg\",\"datePublished\":\"2022-09-17T15:51:19+00:00\",\"dateModified\":\"2023-07-19T23:31:13+00:00\",\"description\":\"Vla\u017eilna no\u010dna maska je namenjena odpravi nepravilnosti na ko\u017ei (postakne, pege, ne\u017eeleno pigmentacijo).\",\"breadcrumb\":{\"@id\":\"https:\/\/pandeoshop.com\/product\/mizon-good-night-white-sleeping-mask\/#breadcrumb\"},\"inLanguage\":\"sl-SI\",\"potentialAction\":[{\"@type\":\"ReadAction\",\"target\":[\"https:\/\/pandeoshop.com\/product\/mizon-good-night-white-sleeping-mask\/\"]}]},{\"@type\":\"ImageObject\",\"inLanguage\":\"sl-SI\",\"@id\":\"https:\/\/pandeoshop.com\/product\/mizon-good-night-white-sleeping-mask\/#primaryimage\",\"url\":\"https:\/\/pandeoshop.com\/wp-content\/uploads\/mizon-good-night-white-sleeping-mask.jpeg\",\"contentUrl\":\"https:\/\/pandeoshop.com\/wp-content\/uploads\/mizon-good-night-white-sleeping-mask.jpeg\",\"width\":1000,\"height\":1000},{\"@type\":\"BreadcrumbList\",\"@id\":\"https:\/\/pandeoshop.com\/product\/mizon-good-night-white-sleeping-mask\/#breadcrumb\",\"itemListElement\":[{\"@type\":\"ListItem\",\"position\":1,\"name\":\"Domov\",\"item\":\"https:\/\/pandeoshop.com\/sl\/\"},{\"@type\":\"ListItem\",\"position\":2,\"name\":\"Trgovina\",\"item\":\"https:\/\/pandeoshop.com\/sl\/trgovina\/\"},{\"@type\":\"ListItem\",\"position\":3,\"name\":\"Blagovne znamke\",\"item\":\"https:\/\/pandeoshop.com\/sl\/category\/blagovne-znamke\/\"},{\"@type\":\"ListItem\",\"position\":4,\"name\":\"Mizon\",\"item\":\"https:\/\/pandeoshop.com\/sl\/category\/blagovne-znamke\/mizon-sl\/\"},{\"@type\":\"ListItem\",\"position\":5,\"name\":\"No\u010dna maska za obraz s sivko in vitaminom B3 Mizon Good Night White Sleeping Mask\"}]},{\"@type\":\"WebSite\",\"@id\":\"https:\/\/pandeoshop.com\/sl\/#website\",\"url\":\"https:\/\/pandeoshop.com\/sl\/\",\"name\":\"Pandeoshop\",\"description\":\"\u0160e eno spleti\u0161\u010de WordPress\",\"publisher\":{\"@id\":\"https:\/\/pandeoshop.com\/sl\/#organization\"},\"potentialAction\":[{\"@type\":\"SearchAction\",\"target\":{\"@type\":\"EntryPoint\",\"urlTemplate\":\"https:\/\/pandeoshop.com\/sl\/?s={search_term_string}\"},\"query-input\":\"required name=search_term_string\"}],\"inLanguage\":\"sl-SI\"},{\"@type\":\"Organization\",\"@id\":\"https:\/\/pandeoshop.com\/sl\/#organization\",\"name\":\"Pandeoshop\",\"url\":\"https:\/\/pandeoshop.com\/sl\/\",\"logo\":{\"@type\":\"ImageObject\",\"inLanguage\":\"sl-SI\",\"@id\":\"https:\/\/pandeoshop.com\/sl\/#\/schema\/logo\/image\/\",\"url\":\"https:\/\/pandeoshop.com\/wp-content\/uploads\/pandeoshop_social_logo_no_textjpg.jpg\",\"contentUrl\":\"https:\/\/pandeoshop.com\/wp-content\/uploads\/pandeoshop_social_logo_no_textjpg.jpg\",\"width\":288,\"height\":201,\"caption\":\"Pandeoshop\"},\"image\":{\"@id\":\"https:\/\/pandeoshop.com\/sl\/#\/schema\/logo\/image\/\"},\"sameAs\":[\"https:\/\/www.facebook.com\/pandeoshop\/\",\"https:\/\/www.instagram.com\/pandeo_shop\/\"]}]}<\/script>\n<meta property=\"product:price:amount\" content=\"25.39\" \/>\n<meta property=\"product:price:currency\" content=\"EUR\" \/>\n<meta property=\"og:availability\" content=\"out of stock\" \/>\n<meta property=\"product:availability\" content=\"out of stock\" \/>\n<meta property=\"product:retailer_item_id\" content=\"MZN9663751456\" \/>\n<meta property=\"product:condition\" content=\"new\" \/>\n<!-- \/ Yoast SEO Premium plugin. -->","yoast_head_json":{"title":"No\u010dna maska za obraz s sivko in vitaminom B3 | Mizon Good Night White Sleeping Mask - Pandeoshop","description":"Vla\u017eilna no\u010dna maska je namenjena odpravi nepravilnosti na ko\u017ei (postakne, pege, ne\u017eeleno pigmentacijo).","robots":{"index":"index","follow":"follow","max-snippet":"max-snippet:-1","max-image-preview":"max-image-preview:large","max-video-preview":"max-video-preview:-1"},"canonical":"https:\/\/pandeoshop.com\/sl\/product\/mizon-good-night-white-sleeping-mask\/","og_locale":"sl_SI","og_type":"article","og_title":"No\u010dna maska za obraz s sivko in vitaminom B3 | Mizon Good Night White Sleeping Mask - Pandeoshop","og_description":"Vla\u017eilna no\u010dna maska je namenjena odpravi nepravilnosti na ko\u017ei (postakne, pege, ne\u017eeleno pigmentacijo).","og_url":"https:\/\/pandeoshop.com\/product\/mizon-good-night-white-sleeping-mask\/","og_site_name":"Pandeoshop","article_publisher":"https:\/\/www.facebook.com\/pandeoshop\/","article_modified_time":"2023-07-19T23:31:13+00:00","og_image":[{"width":1000,"height":1000,"url":"https:\/\/pandeoshop.com\/wp-content\/uploads\/mizon-good-night-white-sleeping-mask.jpeg","type":"image\/jpeg"}],"twitter_card":"summary_large_image","schema":{"@context":"https:\/\/schema.org","@graph":[{"@type":"WebPage","@id":"https:\/\/pandeoshop.com\/sl\/izdelek\/nocna-maska-za-obraz-s-sivko-in-vitaminom-b3-mizon-good-night-white-sleeping-mask\/","url":"https:\/\/pandeoshop.com\/product\/mizon-good-night-white-sleeping-mask\/","name":"No\u010dna maska za obraz s sivko in vitaminom B3 | Mizon Good Night White Sleeping Mask - Pandeoshop","isPartOf":{"@id":"https:\/\/pandeoshop.com\/sl\/#website"},"primaryImageOfPage":{"@id":"https:\/\/pandeoshop.com\/product\/mizon-good-night-white-sleeping-mask\/#primaryimage"},"image":{"@id":"https:\/\/pandeoshop.com\/product\/mizon-good-night-white-sleeping-mask\/#primaryimage"},"thumbnailUrl":"https:\/\/pandeoshop.com\/wp-content\/uploads\/mizon-good-night-white-sleeping-mask.jpeg","datePublished":"2022-09-17T15:51:19+00:00","dateModified":"2023-07-19T23:31:13+00:00","description":"Vla\u017eilna no\u010dna maska je namenjena odpravi nepravilnosti na ko\u017ei (postakne, pege, ne\u017eeleno pigmentacijo).","breadcrumb":{"@id":"https:\/\/pandeoshop.com\/product\/mizon-good-night-white-sleeping-mask\/#breadcrumb"},"inLanguage":"sl-SI","potentialAction":[{"@type":"ReadAction","target":["https:\/\/pandeoshop.com\/product\/mizon-good-night-white-sleeping-mask\/"]}]},{"@type":"ImageObject","inLanguage":"sl-SI","@id":"https:\/\/pandeoshop.com\/product\/mizon-good-night-white-sleeping-mask\/#primaryimage","url":"https:\/\/pandeoshop.com\/wp-content\/uploads\/mizon-good-night-white-sleeping-mask.jpeg","contentUrl":"https:\/\/pandeoshop.com\/wp-content\/uploads\/mizon-good-night-white-sleeping-mask.jpeg","width":1000,"height":1000},{"@type":"BreadcrumbList","@id":"https:\/\/pandeoshop.com\/product\/mizon-good-night-white-sleeping-mask\/#breadcrumb","itemListElement":[{"@type":"ListItem","position":1,"name":"Domov","item":"https:\/\/pandeoshop.com\/sl\/"},{"@type":"ListItem","position":2,"name":"Trgovina","item":"https:\/\/pandeoshop.com\/sl\/trgovina\/"},{"@type":"ListItem","position":3,"name":"Blagovne znamke","item":"https:\/\/pandeoshop.com\/sl\/category\/blagovne-znamke\/"},{"@type":"ListItem","position":4,"name":"Mizon","item":"https:\/\/pandeoshop.com\/sl\/category\/blagovne-znamke\/mizon-sl\/"},{"@type":"ListItem","position":5,"name":"No\u010dna maska za obraz s sivko in vitaminom B3 Mizon Good Night White Sleeping Mask"}]},{"@type":"WebSite","@id":"https:\/\/pandeoshop.com\/sl\/#website","url":"https:\/\/pandeoshop.com\/sl\/","name":"Pandeoshop","description":"\u0160e eno spleti\u0161\u010de WordPress","publisher":{"@id":"https:\/\/pandeoshop.com\/sl\/#organization"},"potentialAction":[{"@type":"SearchAction","target":{"@type":"EntryPoint","urlTemplate":"https:\/\/pandeoshop.com\/sl\/?s={search_term_string}"},"query-input":"required name=search_term_string"}],"inLanguage":"sl-SI"},{"@type":"Organization","@id":"https:\/\/pandeoshop.com\/sl\/#organization","name":"Pandeoshop","url":"https:\/\/pandeoshop.com\/sl\/","logo":{"@type":"ImageObject","inLanguage":"sl-SI","@id":"https:\/\/pandeoshop.com\/sl\/#\/schema\/logo\/image\/","url":"https:\/\/pandeoshop.com\/wp-content\/uploads\/pandeoshop_social_logo_no_textjpg.jpg","contentUrl":"https:\/\/pandeoshop.com\/wp-content\/uploads\/pandeoshop_social_logo_no_textjpg.jpg","width":288,"height":201,"caption":"Pandeoshop"},"image":{"@id":"https:\/\/pandeoshop.com\/sl\/#\/schema\/logo\/image\/"},"sameAs":["https:\/\/www.facebook.com\/pandeoshop\/","https:\/\/www.instagram.com\/pandeo_shop\/"]}]},"product_price_amount":"25.39","product_price_currency":"EUR","og_availability":"out of stock","product_availability":"out of stock","product_retailer_item_id":"MZN9663751456","product_condition":"new"},"_links":{"self":[{"href":"https:\/\/pandeoshop.com\/sl\/wp-json\/wp\/v2\/product\/26655"}],"collection":[{"href":"https:\/\/pandeoshop.com\/sl\/wp-json\/wp\/v2\/product"}],"about":[{"href":"https:\/\/pandeoshop.com\/sl\/wp-json\/wp\/v2\/types\/product"}],"replies":[{"embeddable":true,"href":"https:\/\/pandeoshop.com\/sl\/wp-json\/wp\/v2\/comments?post=26655"}],"wp:featuredmedia":[{"embeddable":true,"href":"https:\/\/pandeoshop.com\/sl\/wp-json\/wp\/v2\/media\/36361"}],"wp:attachment":[{"href":"https:\/\/pandeoshop.com\/sl\/wp-json\/wp\/v2\/media?parent=26655"}],"wp:term":[{"taxonomy":"product_cat","embeddable":true,"href":"https:\/\/pandeoshop.com\/sl\/wp-json\/wp\/v2\/product_cat?post=26655"},{"taxonomy":"product_tag","embeddable":true,"href":"https:\/\/pandeoshop.com\/sl\/wp-json\/wp\/v2\/product_tag?post=26655"}],"curies":[{"name":"wp","href":"https:\/\/api.w.org\/{rel}","templated":true}]}}