{"id":26652,"date":"2022-10-25T23:16:37","date_gmt":"2022-09-17T15:51:19","guid":{"rendered":"https:\/\/pandeoshop.com\/?post_type=product&#038;p=26652"},"modified":"2024-05-07T21:28:14","modified_gmt":"2024-05-07T19:28:14","slug":"nocna-nega-za-problematicno-kozo-mizon-good-bye-blemish-pink-spot","status":"publish","type":"product","link":"https:\/\/pandeoshop.com\/sl\/izdelek\/nocna-nega-za-problematicno-kozo-mizon-good-bye-blemish-pink-spot\/","title":{"rendered":"No\u010dna nega za problemati\u010dno ko\u017eo <br\/> Mizon Good Bye Blemish Pink Spot"},"content":{"rendered":"<p>Mizon Good Bye Blemish Pink Spot je namenjen no\u010dni odstranitvi mozoljev, ogrcev ter aken. Zahvaljujo\u010d BHA komponenti se bo stanje ko\u017ee opazno izbolj\u0161alo.<\/p>\n<p>Mo\u010dna esenca s pomirjujo\u010do sestavino izvle\u010dek korenine kitajskega koptisa bo ubla\u017eila rde\u010dico in u\u010dinkovito pomirila va\u0161o ko\u017eo.<br \/>\nAHA komponenta v kombinaciji s kalaminom nadzoruje delovanje \u017elez lojnic, ne\u017eno lu\u0161\u010di ko\u017eo in v kombinaciji z dimetil sulfonom pomaga pri bole\u010dinah na ko\u017ei.<br \/>\nIzdelek bo poskrbel za izjemno za\u0161\u010dito va\u0161e ko\u017ee zahvaljujo\u010d sestavini kitajske zlate niti, ki ustvari za\u0161\u010ditno plast in zmanj\u0161a vnetja.<\/p>\n<p>Odli\u010dno za ob\u010dutljivo ko\u017eo.<\/p>\n","protected":false},"excerpt":{"rendered":"<p>\u010cistilni tonik za vla\u017eenje, hranjenje ko\u017ee in uravnavanje proizvodnje sebuma. Pomiri ko\u017eo, zmanj\u0161a znake aken, mozoljev in ogrcev. Vzdr\u017euje pH ravnovesje ko\u017ee.<\/p>\n","protected":false},"featured_media":36336,"comment_status":"open","ping_status":"closed","template":"","meta":[],"product_cat":[1804,1784,1801,1780,1785,1805,1767,1781,1782,1771,1787,1783,1779,1802,1786],"product_tag":[4496,4514,5237,4595,4545,4556,4521,5261],"bundle_layout":"","bundle_add_to_cart_form_location":"","bundle_editable_in_cart":false,"bundle_sold_individually_context":"","bundle_item_grouping":"","bundle_min_size":"","bundle_max_size":"","bundled_by":[],"bundled_items":[],"yoast_head":"<!-- This site is optimized with the Yoast SEO Premium plugin v22.2 (Yoast SEO v22.9) - https:\/\/yoast.com\/wordpress\/plugins\/seo\/ -->\n<title>No\u010dna nega za problemati\u010dno ko\u017eo | Mizon Good Bye Blemish Pink Spot - Pandeoshop<\/title>\n<meta name=\"description\" content=\"\u010cistilni tonik za vla\u017eenje, hranjenje ko\u017ee in uravnavanje proizvodnje sebuma. Pomiri ko\u017eo, zmanj\u0161a znake aken, mozoljev in ogrcev. Vzdr\u017euje pH ravnovesje ko\u017ee.\" \/>\n<meta name=\"robots\" content=\"index, follow, max-snippet:-1, max-image-preview:large, max-video-preview:-1\" \/>\n<link rel=\"canonical\" href=\"https:\/\/pandeoshop.com\/sl\/product\/mizon-good-bye-blemish-pink-spot\/\" \/>\n<meta property=\"og:locale\" content=\"sl_SI\" \/>\n<meta property=\"og:type\" content=\"article\" \/>\n<meta property=\"og:title\" content=\"No\u010dna nega za problemati\u010dno ko\u017eo | Mizon Good Bye Blemish Pink Spot - Pandeoshop\" \/>\n<meta property=\"og:description\" content=\"\u010cistilni tonik za vla\u017eenje, hranjenje ko\u017ee in uravnavanje proizvodnje sebuma. Pomiri ko\u017eo, zmanj\u0161a znake aken, mozoljev in ogrcev. Vzdr\u017euje pH ravnovesje ko\u017ee.\" \/>\n<meta property=\"og:url\" content=\"https:\/\/pandeoshop.com\/product\/mizon-good-bye-blemish-pink-spot\/\" \/>\n<meta property=\"og:site_name\" content=\"Pandeoshop\" \/>\n<meta property=\"article:publisher\" content=\"https:\/\/www.facebook.com\/pandeoshop\/\" \/>\n<meta property=\"article:modified_time\" content=\"2024-05-07T19:28:14+00:00\" \/>\n<meta property=\"og:image\" content=\"https:\/\/pandeoshop.com\/wp-content\/uploads\/mizon-good-bye-blemish-pink-spot-19ml-1.jpeg\" \/>\n\t<meta property=\"og:image:width\" content=\"1000\" \/>\n\t<meta property=\"og:image:height\" content=\"1000\" \/>\n\t<meta property=\"og:image:type\" content=\"image\/jpeg\" \/>\n<meta name=\"twitter:card\" content=\"summary_large_image\" \/>\n<script type=\"application\/ld+json\" class=\"yoast-schema-graph\">{\"@context\":\"https:\/\/schema.org\",\"@graph\":[{\"@type\":\"WebPage\",\"@id\":\"https:\/\/pandeoshop.com\/sl\/izdelek\/nocna-nega-za-problematicno-kozo-mizon-good-bye-blemish-pink-spot\/\",\"url\":\"https:\/\/pandeoshop.com\/product\/mizon-good-bye-blemish-pink-spot\/\",\"name\":\"No\u010dna nega za problemati\u010dno ko\u017eo | Mizon Good Bye Blemish Pink Spot - Pandeoshop\",\"isPartOf\":{\"@id\":\"https:\/\/pandeoshop.com\/sl\/#website\"},\"primaryImageOfPage\":{\"@id\":\"https:\/\/pandeoshop.com\/product\/mizon-good-bye-blemish-pink-spot\/#primaryimage\"},\"image\":{\"@id\":\"https:\/\/pandeoshop.com\/product\/mizon-good-bye-blemish-pink-spot\/#primaryimage\"},\"thumbnailUrl\":\"https:\/\/pandeoshop.com\/wp-content\/uploads\/mizon-good-bye-blemish-pink-spot-19ml-1.jpeg\",\"datePublished\":\"2022-09-17T15:51:19+00:00\",\"dateModified\":\"2024-05-07T19:28:14+00:00\",\"description\":\"\u010cistilni tonik za vla\u017eenje, hranjenje ko\u017ee in uravnavanje proizvodnje sebuma. Pomiri ko\u017eo, zmanj\u0161a znake aken, mozoljev in ogrcev. Vzdr\u017euje pH ravnovesje ko\u017ee.\",\"breadcrumb\":{\"@id\":\"https:\/\/pandeoshop.com\/product\/mizon-good-bye-blemish-pink-spot\/#breadcrumb\"},\"inLanguage\":\"sl-SI\",\"potentialAction\":[{\"@type\":\"ReadAction\",\"target\":[\"https:\/\/pandeoshop.com\/product\/mizon-good-bye-blemish-pink-spot\/\"]}]},{\"@type\":\"ImageObject\",\"inLanguage\":\"sl-SI\",\"@id\":\"https:\/\/pandeoshop.com\/product\/mizon-good-bye-blemish-pink-spot\/#primaryimage\",\"url\":\"https:\/\/pandeoshop.com\/wp-content\/uploads\/mizon-good-bye-blemish-pink-spot-19ml-1.jpeg\",\"contentUrl\":\"https:\/\/pandeoshop.com\/wp-content\/uploads\/mizon-good-bye-blemish-pink-spot-19ml-1.jpeg\",\"width\":1000,\"height\":1000},{\"@type\":\"BreadcrumbList\",\"@id\":\"https:\/\/pandeoshop.com\/product\/mizon-good-bye-blemish-pink-spot\/#breadcrumb\",\"itemListElement\":[{\"@type\":\"ListItem\",\"position\":1,\"name\":\"Domov\",\"item\":\"https:\/\/pandeoshop.com\/sl\/\"},{\"@type\":\"ListItem\",\"position\":2,\"name\":\"Trgovina\",\"item\":\"https:\/\/pandeoshop.com\/sl\/trgovina\/\"},{\"@type\":\"ListItem\",\"position\":3,\"name\":\"Blagovne znamke\",\"item\":\"https:\/\/pandeoshop.com\/sl\/category\/blagovne-znamke\/\"},{\"@type\":\"ListItem\",\"position\":4,\"name\":\"Mizon\",\"item\":\"https:\/\/pandeoshop.com\/sl\/category\/blagovne-znamke\/mizon-sl\/\"},{\"@type\":\"ListItem\",\"position\":5,\"name\":\"No\u010dna nega za problemati\u010dno ko\u017eo Mizon Good Bye Blemish Pink Spot\"}]},{\"@type\":\"WebSite\",\"@id\":\"https:\/\/pandeoshop.com\/sl\/#website\",\"url\":\"https:\/\/pandeoshop.com\/sl\/\",\"name\":\"Pandeoshop\",\"description\":\"\u0160e eno spleti\u0161\u010de WordPress\",\"publisher\":{\"@id\":\"https:\/\/pandeoshop.com\/sl\/#organization\"},\"potentialAction\":[{\"@type\":\"SearchAction\",\"target\":{\"@type\":\"EntryPoint\",\"urlTemplate\":\"https:\/\/pandeoshop.com\/sl\/?s={search_term_string}\"},\"query-input\":\"required name=search_term_string\"}],\"inLanguage\":\"sl-SI\"},{\"@type\":\"Organization\",\"@id\":\"https:\/\/pandeoshop.com\/sl\/#organization\",\"name\":\"Pandeoshop\",\"url\":\"https:\/\/pandeoshop.com\/sl\/\",\"logo\":{\"@type\":\"ImageObject\",\"inLanguage\":\"sl-SI\",\"@id\":\"https:\/\/pandeoshop.com\/sl\/#\/schema\/logo\/image\/\",\"url\":\"https:\/\/pandeoshop.com\/wp-content\/uploads\/pandeoshop_social_logo_no_textjpg.jpg\",\"contentUrl\":\"https:\/\/pandeoshop.com\/wp-content\/uploads\/pandeoshop_social_logo_no_textjpg.jpg\",\"width\":288,\"height\":201,\"caption\":\"Pandeoshop\"},\"image\":{\"@id\":\"https:\/\/pandeoshop.com\/sl\/#\/schema\/logo\/image\/\"},\"sameAs\":[\"https:\/\/www.facebook.com\/pandeoshop\/\",\"https:\/\/www.instagram.com\/pandeo_shop\/\"]}]}<\/script>\n<meta property=\"product:price:amount\" content=\"17.39\" \/>\n<meta property=\"product:price:currency\" content=\"EUR\" \/>\n<meta property=\"og:availability\" content=\"instock\" \/>\n<meta property=\"product:availability\" content=\"instock\" \/>\n<meta property=\"product:retailer_item_id\" content=\"HS10648\" \/>\n<meta property=\"product:condition\" content=\"new\" \/>\n<!-- \/ Yoast SEO Premium plugin. -->","yoast_head_json":{"title":"No\u010dna nega za problemati\u010dno ko\u017eo | Mizon Good Bye Blemish Pink Spot - Pandeoshop","description":"\u010cistilni tonik za vla\u017eenje, hranjenje ko\u017ee in uravnavanje proizvodnje sebuma. Pomiri ko\u017eo, zmanj\u0161a znake aken, mozoljev in ogrcev. Vzdr\u017euje pH ravnovesje ko\u017ee.","robots":{"index":"index","follow":"follow","max-snippet":"max-snippet:-1","max-image-preview":"max-image-preview:large","max-video-preview":"max-video-preview:-1"},"canonical":"https:\/\/pandeoshop.com\/sl\/product\/mizon-good-bye-blemish-pink-spot\/","og_locale":"sl_SI","og_type":"article","og_title":"No\u010dna nega za problemati\u010dno ko\u017eo | Mizon Good Bye Blemish Pink Spot - Pandeoshop","og_description":"\u010cistilni tonik za vla\u017eenje, hranjenje ko\u017ee in uravnavanje proizvodnje sebuma. Pomiri ko\u017eo, zmanj\u0161a znake aken, mozoljev in ogrcev. Vzdr\u017euje pH ravnovesje ko\u017ee.","og_url":"https:\/\/pandeoshop.com\/product\/mizon-good-bye-blemish-pink-spot\/","og_site_name":"Pandeoshop","article_publisher":"https:\/\/www.facebook.com\/pandeoshop\/","article_modified_time":"2024-05-07T19:28:14+00:00","og_image":[{"width":1000,"height":1000,"url":"https:\/\/pandeoshop.com\/wp-content\/uploads\/mizon-good-bye-blemish-pink-spot-19ml-1.jpeg","type":"image\/jpeg"}],"twitter_card":"summary_large_image","schema":{"@context":"https:\/\/schema.org","@graph":[{"@type":"WebPage","@id":"https:\/\/pandeoshop.com\/sl\/izdelek\/nocna-nega-za-problematicno-kozo-mizon-good-bye-blemish-pink-spot\/","url":"https:\/\/pandeoshop.com\/product\/mizon-good-bye-blemish-pink-spot\/","name":"No\u010dna nega za problemati\u010dno ko\u017eo | Mizon Good Bye Blemish Pink Spot - Pandeoshop","isPartOf":{"@id":"https:\/\/pandeoshop.com\/sl\/#website"},"primaryImageOfPage":{"@id":"https:\/\/pandeoshop.com\/product\/mizon-good-bye-blemish-pink-spot\/#primaryimage"},"image":{"@id":"https:\/\/pandeoshop.com\/product\/mizon-good-bye-blemish-pink-spot\/#primaryimage"},"thumbnailUrl":"https:\/\/pandeoshop.com\/wp-content\/uploads\/mizon-good-bye-blemish-pink-spot-19ml-1.jpeg","datePublished":"2022-09-17T15:51:19+00:00","dateModified":"2024-05-07T19:28:14+00:00","description":"\u010cistilni tonik za vla\u017eenje, hranjenje ko\u017ee in uravnavanje proizvodnje sebuma. Pomiri ko\u017eo, zmanj\u0161a znake aken, mozoljev in ogrcev. Vzdr\u017euje pH ravnovesje ko\u017ee.","breadcrumb":{"@id":"https:\/\/pandeoshop.com\/product\/mizon-good-bye-blemish-pink-spot\/#breadcrumb"},"inLanguage":"sl-SI","potentialAction":[{"@type":"ReadAction","target":["https:\/\/pandeoshop.com\/product\/mizon-good-bye-blemish-pink-spot\/"]}]},{"@type":"ImageObject","inLanguage":"sl-SI","@id":"https:\/\/pandeoshop.com\/product\/mizon-good-bye-blemish-pink-spot\/#primaryimage","url":"https:\/\/pandeoshop.com\/wp-content\/uploads\/mizon-good-bye-blemish-pink-spot-19ml-1.jpeg","contentUrl":"https:\/\/pandeoshop.com\/wp-content\/uploads\/mizon-good-bye-blemish-pink-spot-19ml-1.jpeg","width":1000,"height":1000},{"@type":"BreadcrumbList","@id":"https:\/\/pandeoshop.com\/product\/mizon-good-bye-blemish-pink-spot\/#breadcrumb","itemListElement":[{"@type":"ListItem","position":1,"name":"Domov","item":"https:\/\/pandeoshop.com\/sl\/"},{"@type":"ListItem","position":2,"name":"Trgovina","item":"https:\/\/pandeoshop.com\/sl\/trgovina\/"},{"@type":"ListItem","position":3,"name":"Blagovne znamke","item":"https:\/\/pandeoshop.com\/sl\/category\/blagovne-znamke\/"},{"@type":"ListItem","position":4,"name":"Mizon","item":"https:\/\/pandeoshop.com\/sl\/category\/blagovne-znamke\/mizon-sl\/"},{"@type":"ListItem","position":5,"name":"No\u010dna nega za problemati\u010dno ko\u017eo Mizon Good Bye Blemish Pink Spot"}]},{"@type":"WebSite","@id":"https:\/\/pandeoshop.com\/sl\/#website","url":"https:\/\/pandeoshop.com\/sl\/","name":"Pandeoshop","description":"\u0160e eno spleti\u0161\u010de WordPress","publisher":{"@id":"https:\/\/pandeoshop.com\/sl\/#organization"},"potentialAction":[{"@type":"SearchAction","target":{"@type":"EntryPoint","urlTemplate":"https:\/\/pandeoshop.com\/sl\/?s={search_term_string}"},"query-input":"required name=search_term_string"}],"inLanguage":"sl-SI"},{"@type":"Organization","@id":"https:\/\/pandeoshop.com\/sl\/#organization","name":"Pandeoshop","url":"https:\/\/pandeoshop.com\/sl\/","logo":{"@type":"ImageObject","inLanguage":"sl-SI","@id":"https:\/\/pandeoshop.com\/sl\/#\/schema\/logo\/image\/","url":"https:\/\/pandeoshop.com\/wp-content\/uploads\/pandeoshop_social_logo_no_textjpg.jpg","contentUrl":"https:\/\/pandeoshop.com\/wp-content\/uploads\/pandeoshop_social_logo_no_textjpg.jpg","width":288,"height":201,"caption":"Pandeoshop"},"image":{"@id":"https:\/\/pandeoshop.com\/sl\/#\/schema\/logo\/image\/"},"sameAs":["https:\/\/www.facebook.com\/pandeoshop\/","https:\/\/www.instagram.com\/pandeo_shop\/"]}]},"product_price_amount":"17.39","product_price_currency":"EUR","og_availability":"instock","product_availability":"instock","product_retailer_item_id":"HS10648","product_condition":"new"},"_links":{"self":[{"href":"https:\/\/pandeoshop.com\/sl\/wp-json\/wp\/v2\/product\/26652"}],"collection":[{"href":"https:\/\/pandeoshop.com\/sl\/wp-json\/wp\/v2\/product"}],"about":[{"href":"https:\/\/pandeoshop.com\/sl\/wp-json\/wp\/v2\/types\/product"}],"replies":[{"embeddable":true,"href":"https:\/\/pandeoshop.com\/sl\/wp-json\/wp\/v2\/comments?post=26652"}],"wp:featuredmedia":[{"embeddable":true,"href":"https:\/\/pandeoshop.com\/sl\/wp-json\/wp\/v2\/media\/36336"}],"wp:attachment":[{"href":"https:\/\/pandeoshop.com\/sl\/wp-json\/wp\/v2\/media?parent=26652"}],"wp:term":[{"taxonomy":"product_cat","embeddable":true,"href":"https:\/\/pandeoshop.com\/sl\/wp-json\/wp\/v2\/product_cat?post=26652"},{"taxonomy":"product_tag","embeddable":true,"href":"https:\/\/pandeoshop.com\/sl\/wp-json\/wp\/v2\/product_tag?post=26652"}],"curies":[{"name":"wp","href":"https:\/\/api.w.org\/{rel}","templated":true}]}}