{"id":26641,"date":"2022-10-25T23:16:37","date_gmt":"2022-09-17T15:51:19","guid":{"rendered":"https:\/\/pandeoshop.com\/product\/krema-za-obraz-s-75-morskega-kolagena-mizon-collagen-power-lifting-cream-tube\/"},"modified":"2023-07-23T11:02:10","modified_gmt":"2023-07-23T09:02:10","slug":"krema-za-obraz-s-75-morskega-kolagena-mizon-collagen-power-lifting-cream-tube","status":"publish","type":"product","link":"https:\/\/pandeoshop.com\/sl\/izdelek\/krema-za-obraz-s-75-morskega-kolagena-mizon-collagen-power-lifting-cream-tube\/","title":{"rendered":"Krema za obraz s 75 % morskega kolagena <br\/> Mizon Collagen Power Lifting Cream (Tube)"},"content":{"rendered":"<p>Mizon Collagen Power Lifting Cream (Tube) je sestavljena kar iz 75 % morskega kolagena, ki je po formuli zelo podoben kolagenu, ki je prisoten v \u010dlovekovem telesu, zato \u0161e posebej dobro u\u010dinkuje. Ta komponenta daje ko\u017ei elasti\u010dnost, prepre\u010duje izgubo vlage, ima lifting u\u010dinek in gladi gube. Izredno majhne molekule morskega kolagena prodrejo in delujejo v najglobljih plasteh ko\u017ee. Poleg morskega kolagena izdelek vsebuje tudi mnogo drugih aktivnih sestavin (adenozin, hialuronsko kislino, peptide, ekstrakt kakava in azijske centelle), zato krepi ko\u017eo, jo zdravi in varuje pred neugodnimi zunanjimi dejavniki.<\/p>\n","protected":false},"excerpt":{"rendered":"<p>Krema z izrazitim anti-age u\u010dinkom vsebuje 75 % morskega kolagena. Ko\u017eo globoko navla\u017ei in neguje.<\/p>\n","protected":false},"featured_media":36126,"comment_status":"open","ping_status":"closed","template":"","meta":[],"product_cat":[1804,1769,1784,1805,1767,1770,1779,1802],"product_tag":[4495,4526,4542,4549,4516,4531,4499,4571,4576],"bundle_layout":"","bundle_add_to_cart_form_location":"","bundle_editable_in_cart":false,"bundle_sold_individually_context":"","bundle_item_grouping":"","bundle_min_size":"","bundle_max_size":"","bundled_by":[],"bundled_items":[],"yoast_head":"<!-- This site is optimized with the Yoast SEO Premium plugin v22.2 (Yoast SEO v22.9) - https:\/\/yoast.com\/wordpress\/plugins\/seo\/ -->\n<title>Krema za obraz s 75 % morskega kolagena | Mizon Collagen Power Lifting Cream (Tube) - Pandeoshop<\/title>\n<meta name=\"description\" content=\"Krema z izrazitim anti-age u\u010dinkom vsebuje 75 % morskega kolagena. Ko\u017eo globoko navla\u017ei in neguje.\" \/>\n<meta name=\"robots\" content=\"index, follow, max-snippet:-1, max-image-preview:large, max-video-preview:-1\" \/>\n<link rel=\"canonical\" href=\"https:\/\/pandeoshop.com\/sl\/product\/mizon-collagen-power-lifting-cream-tube\/\" \/>\n<meta property=\"og:locale\" content=\"sl_SI\" \/>\n<meta property=\"og:type\" content=\"article\" \/>\n<meta property=\"og:title\" content=\"Krema za obraz s 75 % morskega kolagena | Mizon Collagen Power Lifting Cream (Tube) - Pandeoshop\" \/>\n<meta property=\"og:description\" content=\"Krema z izrazitim anti-age u\u010dinkom vsebuje 75 % morskega kolagena. Ko\u017eo globoko navla\u017ei in neguje.\" \/>\n<meta property=\"og:url\" content=\"https:\/\/pandeoshop.com\/product\/mizon-collagen-power-lifting-cream-tube\/\" \/>\n<meta property=\"og:site_name\" content=\"Pandeoshop\" \/>\n<meta property=\"article:publisher\" content=\"https:\/\/www.facebook.com\/pandeoshop\/\" \/>\n<meta property=\"article:modified_time\" content=\"2023-07-23T09:02:10+00:00\" \/>\n<meta property=\"og:image\" content=\"https:\/\/pandeoshop.com\/wp-content\/uploads\/mizon-collagen-power-lifting-cream-tube.jpeg\" \/>\n\t<meta property=\"og:image:width\" content=\"1000\" \/>\n\t<meta property=\"og:image:height\" content=\"1000\" \/>\n\t<meta property=\"og:image:type\" content=\"image\/jpeg\" \/>\n<meta name=\"twitter:card\" content=\"summary_large_image\" \/>\n<script type=\"application\/ld+json\" class=\"yoast-schema-graph\">{\"@context\":\"https:\/\/schema.org\",\"@graph\":[{\"@type\":\"WebPage\",\"@id\":\"https:\/\/pandeoshop.com\/sl\/izdelek\/krema-za-obraz-s-75-morskega-kolagena-mizon-collagen-power-lifting-cream-tube\/\",\"url\":\"https:\/\/pandeoshop.com\/product\/mizon-collagen-power-lifting-cream-tube\/\",\"name\":\"Krema za obraz s 75 % morskega kolagena | Mizon Collagen Power Lifting Cream (Tube) - Pandeoshop\",\"isPartOf\":{\"@id\":\"https:\/\/pandeoshop.com\/sl\/#website\"},\"primaryImageOfPage\":{\"@id\":\"https:\/\/pandeoshop.com\/product\/mizon-collagen-power-lifting-cream-tube\/#primaryimage\"},\"image\":{\"@id\":\"https:\/\/pandeoshop.com\/product\/mizon-collagen-power-lifting-cream-tube\/#primaryimage\"},\"thumbnailUrl\":\"https:\/\/pandeoshop.com\/wp-content\/uploads\/mizon-collagen-power-lifting-cream-tube.jpeg\",\"datePublished\":\"2022-09-17T15:51:19+00:00\",\"dateModified\":\"2023-07-23T09:02:10+00:00\",\"description\":\"Krema z izrazitim anti-age u\u010dinkom vsebuje 75 % morskega kolagena. Ko\u017eo globoko navla\u017ei in neguje.\",\"breadcrumb\":{\"@id\":\"https:\/\/pandeoshop.com\/product\/mizon-collagen-power-lifting-cream-tube\/#breadcrumb\"},\"inLanguage\":\"sl-SI\",\"potentialAction\":[{\"@type\":\"ReadAction\",\"target\":[\"https:\/\/pandeoshop.com\/product\/mizon-collagen-power-lifting-cream-tube\/\"]}]},{\"@type\":\"ImageObject\",\"inLanguage\":\"sl-SI\",\"@id\":\"https:\/\/pandeoshop.com\/product\/mizon-collagen-power-lifting-cream-tube\/#primaryimage\",\"url\":\"https:\/\/pandeoshop.com\/wp-content\/uploads\/mizon-collagen-power-lifting-cream-tube.jpeg\",\"contentUrl\":\"https:\/\/pandeoshop.com\/wp-content\/uploads\/mizon-collagen-power-lifting-cream-tube.jpeg\",\"width\":1000,\"height\":1000},{\"@type\":\"BreadcrumbList\",\"@id\":\"https:\/\/pandeoshop.com\/product\/mizon-collagen-power-lifting-cream-tube\/#breadcrumb\",\"itemListElement\":[{\"@type\":\"ListItem\",\"position\":1,\"name\":\"Domov\",\"item\":\"https:\/\/pandeoshop.com\/sl\/\"},{\"@type\":\"ListItem\",\"position\":2,\"name\":\"Trgovina\",\"item\":\"https:\/\/pandeoshop.com\/sl\/trgovina\/\"},{\"@type\":\"ListItem\",\"position\":3,\"name\":\"Blagovne znamke\",\"item\":\"https:\/\/pandeoshop.com\/sl\/category\/blagovne-znamke\/\"},{\"@type\":\"ListItem\",\"position\":4,\"name\":\"Mizon\",\"item\":\"https:\/\/pandeoshop.com\/sl\/category\/blagovne-znamke\/mizon-sl\/\"},{\"@type\":\"ListItem\",\"position\":5,\"name\":\"Krema za obraz s 75 % morskega kolagena Mizon Collagen Power Lifting Cream (Tube)\"}]},{\"@type\":\"WebSite\",\"@id\":\"https:\/\/pandeoshop.com\/sl\/#website\",\"url\":\"https:\/\/pandeoshop.com\/sl\/\",\"name\":\"Pandeoshop\",\"description\":\"\u0160e eno spleti\u0161\u010de WordPress\",\"publisher\":{\"@id\":\"https:\/\/pandeoshop.com\/sl\/#organization\"},\"potentialAction\":[{\"@type\":\"SearchAction\",\"target\":{\"@type\":\"EntryPoint\",\"urlTemplate\":\"https:\/\/pandeoshop.com\/sl\/?s={search_term_string}\"},\"query-input\":\"required name=search_term_string\"}],\"inLanguage\":\"sl-SI\"},{\"@type\":\"Organization\",\"@id\":\"https:\/\/pandeoshop.com\/sl\/#organization\",\"name\":\"Pandeoshop\",\"url\":\"https:\/\/pandeoshop.com\/sl\/\",\"logo\":{\"@type\":\"ImageObject\",\"inLanguage\":\"sl-SI\",\"@id\":\"https:\/\/pandeoshop.com\/sl\/#\/schema\/logo\/image\/\",\"url\":\"https:\/\/pandeoshop.com\/wp-content\/uploads\/pandeoshop_social_logo_no_textjpg.jpg\",\"contentUrl\":\"https:\/\/pandeoshop.com\/wp-content\/uploads\/pandeoshop_social_logo_no_textjpg.jpg\",\"width\":288,\"height\":201,\"caption\":\"Pandeoshop\"},\"image\":{\"@id\":\"https:\/\/pandeoshop.com\/sl\/#\/schema\/logo\/image\/\"},\"sameAs\":[\"https:\/\/www.facebook.com\/pandeoshop\/\",\"https:\/\/www.instagram.com\/pandeo_shop\/\"]}]}<\/script>\n<meta property=\"product:price:amount\" content=\"11.49\" \/>\n<meta property=\"product:price:currency\" content=\"EUR\" \/>\n<meta property=\"og:availability\" content=\"instock\" \/>\n<meta property=\"product:availability\" content=\"instock\" \/>\n<meta property=\"product:retailer_item_id\" content=\"HS10637\" \/>\n<meta property=\"product:condition\" content=\"new\" \/>\n<!-- \/ Yoast SEO Premium plugin. -->","yoast_head_json":{"title":"Krema za obraz s 75 % morskega kolagena | Mizon Collagen Power Lifting Cream (Tube) - Pandeoshop","description":"Krema z izrazitim anti-age u\u010dinkom vsebuje 75 % morskega kolagena. Ko\u017eo globoko navla\u017ei in neguje.","robots":{"index":"index","follow":"follow","max-snippet":"max-snippet:-1","max-image-preview":"max-image-preview:large","max-video-preview":"max-video-preview:-1"},"canonical":"https:\/\/pandeoshop.com\/sl\/product\/mizon-collagen-power-lifting-cream-tube\/","og_locale":"sl_SI","og_type":"article","og_title":"Krema za obraz s 75 % morskega kolagena | Mizon Collagen Power Lifting Cream (Tube) - Pandeoshop","og_description":"Krema z izrazitim anti-age u\u010dinkom vsebuje 75 % morskega kolagena. Ko\u017eo globoko navla\u017ei in neguje.","og_url":"https:\/\/pandeoshop.com\/product\/mizon-collagen-power-lifting-cream-tube\/","og_site_name":"Pandeoshop","article_publisher":"https:\/\/www.facebook.com\/pandeoshop\/","article_modified_time":"2023-07-23T09:02:10+00:00","og_image":[{"width":1000,"height":1000,"url":"https:\/\/pandeoshop.com\/wp-content\/uploads\/mizon-collagen-power-lifting-cream-tube.jpeg","type":"image\/jpeg"}],"twitter_card":"summary_large_image","schema":{"@context":"https:\/\/schema.org","@graph":[{"@type":"WebPage","@id":"https:\/\/pandeoshop.com\/sl\/izdelek\/krema-za-obraz-s-75-morskega-kolagena-mizon-collagen-power-lifting-cream-tube\/","url":"https:\/\/pandeoshop.com\/product\/mizon-collagen-power-lifting-cream-tube\/","name":"Krema za obraz s 75 % morskega kolagena | Mizon Collagen Power Lifting Cream (Tube) - Pandeoshop","isPartOf":{"@id":"https:\/\/pandeoshop.com\/sl\/#website"},"primaryImageOfPage":{"@id":"https:\/\/pandeoshop.com\/product\/mizon-collagen-power-lifting-cream-tube\/#primaryimage"},"image":{"@id":"https:\/\/pandeoshop.com\/product\/mizon-collagen-power-lifting-cream-tube\/#primaryimage"},"thumbnailUrl":"https:\/\/pandeoshop.com\/wp-content\/uploads\/mizon-collagen-power-lifting-cream-tube.jpeg","datePublished":"2022-09-17T15:51:19+00:00","dateModified":"2023-07-23T09:02:10+00:00","description":"Krema z izrazitim anti-age u\u010dinkom vsebuje 75 % morskega kolagena. Ko\u017eo globoko navla\u017ei in neguje.","breadcrumb":{"@id":"https:\/\/pandeoshop.com\/product\/mizon-collagen-power-lifting-cream-tube\/#breadcrumb"},"inLanguage":"sl-SI","potentialAction":[{"@type":"ReadAction","target":["https:\/\/pandeoshop.com\/product\/mizon-collagen-power-lifting-cream-tube\/"]}]},{"@type":"ImageObject","inLanguage":"sl-SI","@id":"https:\/\/pandeoshop.com\/product\/mizon-collagen-power-lifting-cream-tube\/#primaryimage","url":"https:\/\/pandeoshop.com\/wp-content\/uploads\/mizon-collagen-power-lifting-cream-tube.jpeg","contentUrl":"https:\/\/pandeoshop.com\/wp-content\/uploads\/mizon-collagen-power-lifting-cream-tube.jpeg","width":1000,"height":1000},{"@type":"BreadcrumbList","@id":"https:\/\/pandeoshop.com\/product\/mizon-collagen-power-lifting-cream-tube\/#breadcrumb","itemListElement":[{"@type":"ListItem","position":1,"name":"Domov","item":"https:\/\/pandeoshop.com\/sl\/"},{"@type":"ListItem","position":2,"name":"Trgovina","item":"https:\/\/pandeoshop.com\/sl\/trgovina\/"},{"@type":"ListItem","position":3,"name":"Blagovne znamke","item":"https:\/\/pandeoshop.com\/sl\/category\/blagovne-znamke\/"},{"@type":"ListItem","position":4,"name":"Mizon","item":"https:\/\/pandeoshop.com\/sl\/category\/blagovne-znamke\/mizon-sl\/"},{"@type":"ListItem","position":5,"name":"Krema za obraz s 75 % morskega kolagena Mizon Collagen Power Lifting Cream (Tube)"}]},{"@type":"WebSite","@id":"https:\/\/pandeoshop.com\/sl\/#website","url":"https:\/\/pandeoshop.com\/sl\/","name":"Pandeoshop","description":"\u0160e eno spleti\u0161\u010de WordPress","publisher":{"@id":"https:\/\/pandeoshop.com\/sl\/#organization"},"potentialAction":[{"@type":"SearchAction","target":{"@type":"EntryPoint","urlTemplate":"https:\/\/pandeoshop.com\/sl\/?s={search_term_string}"},"query-input":"required name=search_term_string"}],"inLanguage":"sl-SI"},{"@type":"Organization","@id":"https:\/\/pandeoshop.com\/sl\/#organization","name":"Pandeoshop","url":"https:\/\/pandeoshop.com\/sl\/","logo":{"@type":"ImageObject","inLanguage":"sl-SI","@id":"https:\/\/pandeoshop.com\/sl\/#\/schema\/logo\/image\/","url":"https:\/\/pandeoshop.com\/wp-content\/uploads\/pandeoshop_social_logo_no_textjpg.jpg","contentUrl":"https:\/\/pandeoshop.com\/wp-content\/uploads\/pandeoshop_social_logo_no_textjpg.jpg","width":288,"height":201,"caption":"Pandeoshop"},"image":{"@id":"https:\/\/pandeoshop.com\/sl\/#\/schema\/logo\/image\/"},"sameAs":["https:\/\/www.facebook.com\/pandeoshop\/","https:\/\/www.instagram.com\/pandeo_shop\/"]}]},"product_price_amount":"11.49","product_price_currency":"EUR","og_availability":"instock","product_availability":"instock","product_retailer_item_id":"HS10637","product_condition":"new"},"_links":{"self":[{"href":"https:\/\/pandeoshop.com\/sl\/wp-json\/wp\/v2\/product\/26641"}],"collection":[{"href":"https:\/\/pandeoshop.com\/sl\/wp-json\/wp\/v2\/product"}],"about":[{"href":"https:\/\/pandeoshop.com\/sl\/wp-json\/wp\/v2\/types\/product"}],"replies":[{"embeddable":true,"href":"https:\/\/pandeoshop.com\/sl\/wp-json\/wp\/v2\/comments?post=26641"}],"wp:featuredmedia":[{"embeddable":true,"href":"https:\/\/pandeoshop.com\/sl\/wp-json\/wp\/v2\/media\/36126"}],"wp:attachment":[{"href":"https:\/\/pandeoshop.com\/sl\/wp-json\/wp\/v2\/media?parent=26641"}],"wp:term":[{"taxonomy":"product_cat","embeddable":true,"href":"https:\/\/pandeoshop.com\/sl\/wp-json\/wp\/v2\/product_cat?post=26641"},{"taxonomy":"product_tag","embeddable":true,"href":"https:\/\/pandeoshop.com\/sl\/wp-json\/wp\/v2\/product_tag?post=26641"}],"curies":[{"name":"wp","href":"https:\/\/api.w.org\/{rel}","templated":true}]}}