{"id":26637,"date":"2022-10-25T23:16:37","date_gmt":"2022-09-17T15:51:19","guid":{"rendered":"https:\/\/pandeoshop.com\/product\/krema-za-oci-s-42-morskega-kolagena-mizon-collagen-power-firming-eye-cream\/"},"modified":"2023-11-27T16:52:18","modified_gmt":"2023-11-27T15:52:18","slug":"krema-za-oci-s-42-morskega-kolagena-mizon-collagen-power-firming-eye-cream","status":"publish","type":"product","link":"https:\/\/pandeoshop.com\/sl\/izdelek\/krema-za-oci-s-42-morskega-kolagena-mizon-collagen-power-firming-eye-cream\/","title":{"rendered":"Krema za o\u010di s 42 % morskega kolagena <br\/> Mizon Collagen Power Firming Eye Cream"},"content":{"rendered":"<p>Mizon Collagen Power Firming Eye Cream vsebuje kar 42 % morskega kolagena, ta je po formuli zelo podoben kolagenu, ki je prisoten v \u010dlovekovem telesu, zato je izdelek \u0161e posebej u\u010dinkovit. Ta komponenta daje ko\u017ei elasti\u010dnost, prepre\u010duje izgubo vlage, ima lifting u\u010dinek in gladi gube. Vse to naredi ko\u017eo vizualno mlaj\u0161o in bolj sve\u017eo. Izdelek vsebuje tudi adenozin, kompleks aminokislin, olje argana, kariteja, oljke in son\u010dnice, hialuronsko kislino ter izvle\u010dek maline in medu. Vse te sestavine skrbijo za ob\u010dutljivo ko\u017eo okoli o\u010di in delujejo proti znakom utrujenosti.<\/p>\n","protected":false},"excerpt":{"rendered":"<p>Krema za predel okoli o\u010di, z visoko vsebnostjo morskega kolagena, ko\u017eo krepi, gladi gube in prepre\u010duje nastanek novih, ko\u017eo globoko nahrani, jo navla\u017ei ter ima lifting u\u010dinek.<\/p>\n","protected":false},"featured_media":36096,"comment_status":"open","ping_status":"closed","template":"","meta":[],"product_cat":[1804,1784,1805,1767,1778,1782,1779,1802],"product_tag":[4495,4505,4506,4523,4542,4574,4549,4516,4531,4548,4566,4571,4598],"bundle_layout":"","bundle_add_to_cart_form_location":"","bundle_editable_in_cart":false,"bundle_sold_individually_context":"","bundle_item_grouping":"","bundle_min_size":"","bundle_max_size":"","bundled_by":[],"bundled_items":[],"yoast_head":"<!-- This site is optimized with the Yoast SEO Premium plugin v22.2 (Yoast SEO v22.9) - https:\/\/yoast.com\/wordpress\/plugins\/seo\/ -->\n<title>Krema za o\u010di s 42 % morskega kolagena | Mizon Collagen Power Firming Eye Cream - Pandeoshop<\/title>\n<meta name=\"description\" content=\"Krema za predel okoli o\u010di, z visoko vsebnostjo morskega kolagena, ko\u017eo krepi, gladi gube in prepre\u010duje nastanek novih, ko\u017eo globoko nahrani, jo navla\u017ei ter ima lifting u\u010dinek.\" \/>\n<meta name=\"robots\" content=\"index, follow, max-snippet:-1, max-image-preview:large, max-video-preview:-1\" \/>\n<link rel=\"canonical\" href=\"https:\/\/pandeoshop.com\/sl\/product\/mizon-collagen-power-firming-eye-cream\/\" \/>\n<meta property=\"og:locale\" content=\"sl_SI\" \/>\n<meta property=\"og:type\" content=\"article\" \/>\n<meta property=\"og:title\" content=\"Krema za o\u010di s 42 % morskega kolagena | Mizon Collagen Power Firming Eye Cream - Pandeoshop\" \/>\n<meta property=\"og:description\" content=\"Krema za predel okoli o\u010di, z visoko vsebnostjo morskega kolagena, ko\u017eo krepi, gladi gube in prepre\u010duje nastanek novih, ko\u017eo globoko nahrani, jo navla\u017ei ter ima lifting u\u010dinek.\" \/>\n<meta property=\"og:url\" content=\"https:\/\/pandeoshop.com\/product\/mizon-collagen-power-firming-eye-cream\/\" \/>\n<meta property=\"og:site_name\" content=\"Pandeoshop\" \/>\n<meta property=\"article:publisher\" content=\"https:\/\/www.facebook.com\/pandeoshop\/\" \/>\n<meta property=\"article:modified_time\" content=\"2023-11-27T15:52:18+00:00\" \/>\n<meta property=\"og:image\" content=\"https:\/\/pandeoshop.com\/wp-content\/uploads\/mizon-collagen-power-firming-eye-cream.jpeg\" \/>\n\t<meta property=\"og:image:width\" content=\"1000\" \/>\n\t<meta property=\"og:image:height\" content=\"1000\" \/>\n\t<meta property=\"og:image:type\" content=\"image\/jpeg\" \/>\n<meta name=\"twitter:card\" content=\"summary_large_image\" \/>\n<script type=\"application\/ld+json\" class=\"yoast-schema-graph\">{\"@context\":\"https:\/\/schema.org\",\"@graph\":[{\"@type\":\"WebPage\",\"@id\":\"https:\/\/pandeoshop.com\/sl\/izdelek\/krema-za-oci-s-42-morskega-kolagena-mizon-collagen-power-firming-eye-cream\/\",\"url\":\"https:\/\/pandeoshop.com\/product\/mizon-collagen-power-firming-eye-cream\/\",\"name\":\"Krema za o\u010di s 42 % morskega kolagena | Mizon Collagen Power Firming Eye Cream - Pandeoshop\",\"isPartOf\":{\"@id\":\"https:\/\/pandeoshop.com\/sl\/#website\"},\"primaryImageOfPage\":{\"@id\":\"https:\/\/pandeoshop.com\/product\/mizon-collagen-power-firming-eye-cream\/#primaryimage\"},\"image\":{\"@id\":\"https:\/\/pandeoshop.com\/product\/mizon-collagen-power-firming-eye-cream\/#primaryimage\"},\"thumbnailUrl\":\"https:\/\/pandeoshop.com\/wp-content\/uploads\/mizon-collagen-power-firming-eye-cream.jpeg\",\"datePublished\":\"2022-09-17T15:51:19+00:00\",\"dateModified\":\"2023-11-27T15:52:18+00:00\",\"description\":\"Krema za predel okoli o\u010di, z visoko vsebnostjo morskega kolagena, ko\u017eo krepi, gladi gube in prepre\u010duje nastanek novih, ko\u017eo globoko nahrani, jo navla\u017ei ter ima lifting u\u010dinek.\",\"breadcrumb\":{\"@id\":\"https:\/\/pandeoshop.com\/product\/mizon-collagen-power-firming-eye-cream\/#breadcrumb\"},\"inLanguage\":\"sl-SI\",\"potentialAction\":[{\"@type\":\"ReadAction\",\"target\":[\"https:\/\/pandeoshop.com\/product\/mizon-collagen-power-firming-eye-cream\/\"]}]},{\"@type\":\"ImageObject\",\"inLanguage\":\"sl-SI\",\"@id\":\"https:\/\/pandeoshop.com\/product\/mizon-collagen-power-firming-eye-cream\/#primaryimage\",\"url\":\"https:\/\/pandeoshop.com\/wp-content\/uploads\/mizon-collagen-power-firming-eye-cream.jpeg\",\"contentUrl\":\"https:\/\/pandeoshop.com\/wp-content\/uploads\/mizon-collagen-power-firming-eye-cream.jpeg\",\"width\":1000,\"height\":1000},{\"@type\":\"BreadcrumbList\",\"@id\":\"https:\/\/pandeoshop.com\/product\/mizon-collagen-power-firming-eye-cream\/#breadcrumb\",\"itemListElement\":[{\"@type\":\"ListItem\",\"position\":1,\"name\":\"Domov\",\"item\":\"https:\/\/pandeoshop.com\/sl\/\"},{\"@type\":\"ListItem\",\"position\":2,\"name\":\"Trgovina\",\"item\":\"https:\/\/pandeoshop.com\/sl\/trgovina\/\"},{\"@type\":\"ListItem\",\"position\":3,\"name\":\"Blagovne znamke\",\"item\":\"https:\/\/pandeoshop.com\/sl\/category\/blagovne-znamke\/\"},{\"@type\":\"ListItem\",\"position\":4,\"name\":\"Mizon\",\"item\":\"https:\/\/pandeoshop.com\/sl\/category\/blagovne-znamke\/mizon-sl\/\"},{\"@type\":\"ListItem\",\"position\":5,\"name\":\"Krema za o\u010di s 42 % morskega kolagena Mizon Collagen Power Firming Eye Cream\"}]},{\"@type\":\"WebSite\",\"@id\":\"https:\/\/pandeoshop.com\/sl\/#website\",\"url\":\"https:\/\/pandeoshop.com\/sl\/\",\"name\":\"Pandeoshop\",\"description\":\"\u0160e eno spleti\u0161\u010de WordPress\",\"publisher\":{\"@id\":\"https:\/\/pandeoshop.com\/sl\/#organization\"},\"potentialAction\":[{\"@type\":\"SearchAction\",\"target\":{\"@type\":\"EntryPoint\",\"urlTemplate\":\"https:\/\/pandeoshop.com\/sl\/?s={search_term_string}\"},\"query-input\":\"required name=search_term_string\"}],\"inLanguage\":\"sl-SI\"},{\"@type\":\"Organization\",\"@id\":\"https:\/\/pandeoshop.com\/sl\/#organization\",\"name\":\"Pandeoshop\",\"url\":\"https:\/\/pandeoshop.com\/sl\/\",\"logo\":{\"@type\":\"ImageObject\",\"inLanguage\":\"sl-SI\",\"@id\":\"https:\/\/pandeoshop.com\/sl\/#\/schema\/logo\/image\/\",\"url\":\"https:\/\/pandeoshop.com\/wp-content\/uploads\/pandeoshop_social_logo_no_textjpg.jpg\",\"contentUrl\":\"https:\/\/pandeoshop.com\/wp-content\/uploads\/pandeoshop_social_logo_no_textjpg.jpg\",\"width\":288,\"height\":201,\"caption\":\"Pandeoshop\"},\"image\":{\"@id\":\"https:\/\/pandeoshop.com\/sl\/#\/schema\/logo\/image\/\"},\"sameAs\":[\"https:\/\/www.facebook.com\/pandeoshop\/\",\"https:\/\/www.instagram.com\/pandeo_shop\/\"]}]}<\/script>\n<meta property=\"product:price:amount\" content=\"24.55\" \/>\n<meta property=\"product:price:currency\" content=\"EUR\" \/>\n<meta property=\"og:availability\" content=\"instock\" \/>\n<meta property=\"product:availability\" content=\"instock\" \/>\n<meta property=\"product:retailer_item_id\" content=\"HS10633\" \/>\n<meta property=\"product:condition\" content=\"new\" \/>\n<!-- \/ Yoast SEO Premium plugin. -->","yoast_head_json":{"title":"Krema za o\u010di s 42 % morskega kolagena | Mizon Collagen Power Firming Eye Cream - Pandeoshop","description":"Krema za predel okoli o\u010di, z visoko vsebnostjo morskega kolagena, ko\u017eo krepi, gladi gube in prepre\u010duje nastanek novih, ko\u017eo globoko nahrani, jo navla\u017ei ter ima lifting u\u010dinek.","robots":{"index":"index","follow":"follow","max-snippet":"max-snippet:-1","max-image-preview":"max-image-preview:large","max-video-preview":"max-video-preview:-1"},"canonical":"https:\/\/pandeoshop.com\/sl\/product\/mizon-collagen-power-firming-eye-cream\/","og_locale":"sl_SI","og_type":"article","og_title":"Krema za o\u010di s 42 % morskega kolagena | Mizon Collagen Power Firming Eye Cream - Pandeoshop","og_description":"Krema za predel okoli o\u010di, z visoko vsebnostjo morskega kolagena, ko\u017eo krepi, gladi gube in prepre\u010duje nastanek novih, ko\u017eo globoko nahrani, jo navla\u017ei ter ima lifting u\u010dinek.","og_url":"https:\/\/pandeoshop.com\/product\/mizon-collagen-power-firming-eye-cream\/","og_site_name":"Pandeoshop","article_publisher":"https:\/\/www.facebook.com\/pandeoshop\/","article_modified_time":"2023-11-27T15:52:18+00:00","og_image":[{"width":1000,"height":1000,"url":"https:\/\/pandeoshop.com\/wp-content\/uploads\/mizon-collagen-power-firming-eye-cream.jpeg","type":"image\/jpeg"}],"twitter_card":"summary_large_image","schema":{"@context":"https:\/\/schema.org","@graph":[{"@type":"WebPage","@id":"https:\/\/pandeoshop.com\/sl\/izdelek\/krema-za-oci-s-42-morskega-kolagena-mizon-collagen-power-firming-eye-cream\/","url":"https:\/\/pandeoshop.com\/product\/mizon-collagen-power-firming-eye-cream\/","name":"Krema za o\u010di s 42 % morskega kolagena | Mizon Collagen Power Firming Eye Cream - Pandeoshop","isPartOf":{"@id":"https:\/\/pandeoshop.com\/sl\/#website"},"primaryImageOfPage":{"@id":"https:\/\/pandeoshop.com\/product\/mizon-collagen-power-firming-eye-cream\/#primaryimage"},"image":{"@id":"https:\/\/pandeoshop.com\/product\/mizon-collagen-power-firming-eye-cream\/#primaryimage"},"thumbnailUrl":"https:\/\/pandeoshop.com\/wp-content\/uploads\/mizon-collagen-power-firming-eye-cream.jpeg","datePublished":"2022-09-17T15:51:19+00:00","dateModified":"2023-11-27T15:52:18+00:00","description":"Krema za predel okoli o\u010di, z visoko vsebnostjo morskega kolagena, ko\u017eo krepi, gladi gube in prepre\u010duje nastanek novih, ko\u017eo globoko nahrani, jo navla\u017ei ter ima lifting u\u010dinek.","breadcrumb":{"@id":"https:\/\/pandeoshop.com\/product\/mizon-collagen-power-firming-eye-cream\/#breadcrumb"},"inLanguage":"sl-SI","potentialAction":[{"@type":"ReadAction","target":["https:\/\/pandeoshop.com\/product\/mizon-collagen-power-firming-eye-cream\/"]}]},{"@type":"ImageObject","inLanguage":"sl-SI","@id":"https:\/\/pandeoshop.com\/product\/mizon-collagen-power-firming-eye-cream\/#primaryimage","url":"https:\/\/pandeoshop.com\/wp-content\/uploads\/mizon-collagen-power-firming-eye-cream.jpeg","contentUrl":"https:\/\/pandeoshop.com\/wp-content\/uploads\/mizon-collagen-power-firming-eye-cream.jpeg","width":1000,"height":1000},{"@type":"BreadcrumbList","@id":"https:\/\/pandeoshop.com\/product\/mizon-collagen-power-firming-eye-cream\/#breadcrumb","itemListElement":[{"@type":"ListItem","position":1,"name":"Domov","item":"https:\/\/pandeoshop.com\/sl\/"},{"@type":"ListItem","position":2,"name":"Trgovina","item":"https:\/\/pandeoshop.com\/sl\/trgovina\/"},{"@type":"ListItem","position":3,"name":"Blagovne znamke","item":"https:\/\/pandeoshop.com\/sl\/category\/blagovne-znamke\/"},{"@type":"ListItem","position":4,"name":"Mizon","item":"https:\/\/pandeoshop.com\/sl\/category\/blagovne-znamke\/mizon-sl\/"},{"@type":"ListItem","position":5,"name":"Krema za o\u010di s 42 % morskega kolagena Mizon Collagen Power Firming Eye Cream"}]},{"@type":"WebSite","@id":"https:\/\/pandeoshop.com\/sl\/#website","url":"https:\/\/pandeoshop.com\/sl\/","name":"Pandeoshop","description":"\u0160e eno spleti\u0161\u010de WordPress","publisher":{"@id":"https:\/\/pandeoshop.com\/sl\/#organization"},"potentialAction":[{"@type":"SearchAction","target":{"@type":"EntryPoint","urlTemplate":"https:\/\/pandeoshop.com\/sl\/?s={search_term_string}"},"query-input":"required name=search_term_string"}],"inLanguage":"sl-SI"},{"@type":"Organization","@id":"https:\/\/pandeoshop.com\/sl\/#organization","name":"Pandeoshop","url":"https:\/\/pandeoshop.com\/sl\/","logo":{"@type":"ImageObject","inLanguage":"sl-SI","@id":"https:\/\/pandeoshop.com\/sl\/#\/schema\/logo\/image\/","url":"https:\/\/pandeoshop.com\/wp-content\/uploads\/pandeoshop_social_logo_no_textjpg.jpg","contentUrl":"https:\/\/pandeoshop.com\/wp-content\/uploads\/pandeoshop_social_logo_no_textjpg.jpg","width":288,"height":201,"caption":"Pandeoshop"},"image":{"@id":"https:\/\/pandeoshop.com\/sl\/#\/schema\/logo\/image\/"},"sameAs":["https:\/\/www.facebook.com\/pandeoshop\/","https:\/\/www.instagram.com\/pandeo_shop\/"]}]},"product_price_amount":"24.55","product_price_currency":"EUR","og_availability":"instock","product_availability":"instock","product_retailer_item_id":"HS10633","product_condition":"new"},"_links":{"self":[{"href":"https:\/\/pandeoshop.com\/sl\/wp-json\/wp\/v2\/product\/26637"}],"collection":[{"href":"https:\/\/pandeoshop.com\/sl\/wp-json\/wp\/v2\/product"}],"about":[{"href":"https:\/\/pandeoshop.com\/sl\/wp-json\/wp\/v2\/types\/product"}],"replies":[{"embeddable":true,"href":"https:\/\/pandeoshop.com\/sl\/wp-json\/wp\/v2\/comments?post=26637"}],"wp:featuredmedia":[{"embeddable":true,"href":"https:\/\/pandeoshop.com\/sl\/wp-json\/wp\/v2\/media\/36096"}],"wp:attachment":[{"href":"https:\/\/pandeoshop.com\/sl\/wp-json\/wp\/v2\/media?parent=26637"}],"wp:term":[{"taxonomy":"product_cat","embeddable":true,"href":"https:\/\/pandeoshop.com\/sl\/wp-json\/wp\/v2\/product_cat?post=26637"},{"taxonomy":"product_tag","embeddable":true,"href":"https:\/\/pandeoshop.com\/sl\/wp-json\/wp\/v2\/product_tag?post=26637"}],"curies":[{"name":"wp","href":"https:\/\/api.w.org\/{rel}","templated":true}]}}