{"id":26635,"date":"2022-10-25T23:16:37","date_gmt":"2022-09-17T15:51:19","guid":{"rendered":"https:\/\/pandeoshop.com\/product\/krema-za-obraz-s-54-morskega-kolagena-mizon-collagen-power-firming-enriched-cream\/"},"modified":"2024-01-14T11:24:37","modified_gmt":"2024-01-14T10:24:37","slug":"krema-za-obraz-s-54-morskega-kolagena-mizon-collagen-power-firming-enriched-cream","status":"publish","type":"product","link":"https:\/\/pandeoshop.com\/sl\/izdelek\/krema-za-obraz-s-54-morskega-kolagena-mizon-collagen-power-firming-enriched-cream\/","title":{"rendered":"Krema za obraz s 54 % morskega kolagena <br\/> Mizon Collagen Power Firming Enriched Cream"},"content":{"rendered":"<p>Mizon Collagen Power Firming Enriched Cream \u00a0vsebuje kar 54 % morskega kolagena. Po formuli je zelo podoben kolagenu, ki je prisoten v \u010dlove\u0161kem telesu, zato je zdravilo \u0161e posebej u\u010dinkovito. Ta komponenta daje ko\u017ei elasti\u010dnost, prepre\u010duje izgubo vlage, ima lifting u\u010dinek in gladi gube. Vse to naredi ko\u017eo vizualno mlaj\u0161o in bolj sve\u017eo. Izdelek vsebuje tudi hialuronsko kislino, kompleks peptidov in mnoge druge negovalne snovi, ki se uspe\u0161no spopadajo z ne\u017eeleno pigmentacijo, izbolj\u0161ajo krvni obtok, imajo antioksidativne lastnosti. Opazili boste pozitiven u\u010dinek po samo nekaj nanosih.<\/p>\n","protected":false},"excerpt":{"rendered":"<p>Krema z 54 % morskega kolagena pomaga obdr\u017eati vlago v ko\u017ei. U\u010dinkuje proti gubam in daje lifting u\u010dinek.<\/p>\n","protected":false},"featured_media":36081,"comment_status":"open","ping_status":"closed","template":"","meta":[],"product_cat":[1804,1769,1784,1805,1767,1770,1779],"product_tag":[4495,4498,4505,4506,4523,4542,4549,4516,4518,4531,4499,4566,4568,4571],"bundle_layout":"","bundle_add_to_cart_form_location":"","bundle_editable_in_cart":false,"bundle_sold_individually_context":"","bundle_item_grouping":"","bundle_min_size":"","bundle_max_size":"","bundled_by":[],"bundled_items":[],"yoast_head":"<!-- This site is optimized with the Yoast SEO Premium plugin v22.2 (Yoast SEO v22.9) - https:\/\/yoast.com\/wordpress\/plugins\/seo\/ -->\n<title>Krema za obraz s 54 % morskega kolagena | Mizon Collagen Power Firming Enriched Cream - Pandeoshop<\/title>\n<meta name=\"description\" content=\"Krema z 54 % morskega kolagena pomaga obdr\u017eati vlago v ko\u017ei. U\u010dinkuje proti gubam in daje lifting u\u010dinek.\" \/>\n<meta name=\"robots\" content=\"index, follow, max-snippet:-1, max-image-preview:large, max-video-preview:-1\" \/>\n<link rel=\"canonical\" href=\"https:\/\/pandeoshop.com\/sl\/product\/mizon-collagen-power-firming-enriched-cream\/\" \/>\n<meta property=\"og:locale\" content=\"sl_SI\" \/>\n<meta property=\"og:type\" content=\"article\" \/>\n<meta property=\"og:title\" content=\"Krema za obraz s 54 % morskega kolagena | Mizon Collagen Power Firming Enriched Cream - Pandeoshop\" \/>\n<meta property=\"og:description\" content=\"Krema z 54 % morskega kolagena pomaga obdr\u017eati vlago v ko\u017ei. U\u010dinkuje proti gubam in daje lifting u\u010dinek.\" \/>\n<meta property=\"og:url\" content=\"https:\/\/pandeoshop.com\/product\/mizon-collagen-power-firming-enriched-cream\/\" \/>\n<meta property=\"og:site_name\" content=\"Pandeoshop\" \/>\n<meta property=\"article:publisher\" content=\"https:\/\/www.facebook.com\/pandeoshop\/\" \/>\n<meta property=\"article:modified_time\" content=\"2024-01-14T10:24:37+00:00\" \/>\n<meta property=\"og:image\" content=\"https:\/\/pandeoshop.com\/wp-content\/uploads\/mizon-collagen-power-firming-enriched-cream.jpeg\" \/>\n\t<meta property=\"og:image:width\" content=\"1000\" \/>\n\t<meta property=\"og:image:height\" content=\"1000\" \/>\n\t<meta property=\"og:image:type\" content=\"image\/jpeg\" \/>\n<meta name=\"twitter:card\" content=\"summary_large_image\" \/>\n<script type=\"application\/ld+json\" class=\"yoast-schema-graph\">{\"@context\":\"https:\/\/schema.org\",\"@graph\":[{\"@type\":\"WebPage\",\"@id\":\"https:\/\/pandeoshop.com\/sl\/izdelek\/krema-za-obraz-s-54-morskega-kolagena-mizon-collagen-power-firming-enriched-cream\/\",\"url\":\"https:\/\/pandeoshop.com\/product\/mizon-collagen-power-firming-enriched-cream\/\",\"name\":\"Krema za obraz s 54 % morskega kolagena | Mizon Collagen Power Firming Enriched Cream - Pandeoshop\",\"isPartOf\":{\"@id\":\"https:\/\/pandeoshop.com\/sl\/#website\"},\"primaryImageOfPage\":{\"@id\":\"https:\/\/pandeoshop.com\/product\/mizon-collagen-power-firming-enriched-cream\/#primaryimage\"},\"image\":{\"@id\":\"https:\/\/pandeoshop.com\/product\/mizon-collagen-power-firming-enriched-cream\/#primaryimage\"},\"thumbnailUrl\":\"https:\/\/pandeoshop.com\/wp-content\/uploads\/mizon-collagen-power-firming-enriched-cream.jpeg\",\"datePublished\":\"2022-09-17T15:51:19+00:00\",\"dateModified\":\"2024-01-14T10:24:37+00:00\",\"description\":\"Krema z 54 % morskega kolagena pomaga obdr\u017eati vlago v ko\u017ei. U\u010dinkuje proti gubam in daje lifting u\u010dinek.\",\"breadcrumb\":{\"@id\":\"https:\/\/pandeoshop.com\/product\/mizon-collagen-power-firming-enriched-cream\/#breadcrumb\"},\"inLanguage\":\"sl-SI\",\"potentialAction\":[{\"@type\":\"ReadAction\",\"target\":[\"https:\/\/pandeoshop.com\/product\/mizon-collagen-power-firming-enriched-cream\/\"]}]},{\"@type\":\"ImageObject\",\"inLanguage\":\"sl-SI\",\"@id\":\"https:\/\/pandeoshop.com\/product\/mizon-collagen-power-firming-enriched-cream\/#primaryimage\",\"url\":\"https:\/\/pandeoshop.com\/wp-content\/uploads\/mizon-collagen-power-firming-enriched-cream.jpeg\",\"contentUrl\":\"https:\/\/pandeoshop.com\/wp-content\/uploads\/mizon-collagen-power-firming-enriched-cream.jpeg\",\"width\":1000,\"height\":1000},{\"@type\":\"BreadcrumbList\",\"@id\":\"https:\/\/pandeoshop.com\/product\/mizon-collagen-power-firming-enriched-cream\/#breadcrumb\",\"itemListElement\":[{\"@type\":\"ListItem\",\"position\":1,\"name\":\"Domov\",\"item\":\"https:\/\/pandeoshop.com\/sl\/\"},{\"@type\":\"ListItem\",\"position\":2,\"name\":\"Trgovina\",\"item\":\"https:\/\/pandeoshop.com\/sl\/trgovina\/\"},{\"@type\":\"ListItem\",\"position\":3,\"name\":\"Blagovne znamke\",\"item\":\"https:\/\/pandeoshop.com\/sl\/category\/blagovne-znamke\/\"},{\"@type\":\"ListItem\",\"position\":4,\"name\":\"Mizon\",\"item\":\"https:\/\/pandeoshop.com\/sl\/category\/blagovne-znamke\/mizon-sl\/\"},{\"@type\":\"ListItem\",\"position\":5,\"name\":\"Krema za obraz s 54 % morskega kolagena Mizon Collagen Power Firming Enriched Cream\"}]},{\"@type\":\"WebSite\",\"@id\":\"https:\/\/pandeoshop.com\/sl\/#website\",\"url\":\"https:\/\/pandeoshop.com\/sl\/\",\"name\":\"Pandeoshop\",\"description\":\"\u0160e eno spleti\u0161\u010de WordPress\",\"publisher\":{\"@id\":\"https:\/\/pandeoshop.com\/sl\/#organization\"},\"potentialAction\":[{\"@type\":\"SearchAction\",\"target\":{\"@type\":\"EntryPoint\",\"urlTemplate\":\"https:\/\/pandeoshop.com\/sl\/?s={search_term_string}\"},\"query-input\":\"required name=search_term_string\"}],\"inLanguage\":\"sl-SI\"},{\"@type\":\"Organization\",\"@id\":\"https:\/\/pandeoshop.com\/sl\/#organization\",\"name\":\"Pandeoshop\",\"url\":\"https:\/\/pandeoshop.com\/sl\/\",\"logo\":{\"@type\":\"ImageObject\",\"inLanguage\":\"sl-SI\",\"@id\":\"https:\/\/pandeoshop.com\/sl\/#\/schema\/logo\/image\/\",\"url\":\"https:\/\/pandeoshop.com\/wp-content\/uploads\/pandeoshop_social_logo_no_textjpg.jpg\",\"contentUrl\":\"https:\/\/pandeoshop.com\/wp-content\/uploads\/pandeoshop_social_logo_no_textjpg.jpg\",\"width\":288,\"height\":201,\"caption\":\"Pandeoshop\"},\"image\":{\"@id\":\"https:\/\/pandeoshop.com\/sl\/#\/schema\/logo\/image\/\"},\"sameAs\":[\"https:\/\/www.facebook.com\/pandeoshop\/\",\"https:\/\/www.instagram.com\/pandeo_shop\/\"]}]}<\/script>\n<meta property=\"product:price:amount\" content=\"24.81\" \/>\n<meta property=\"product:price:currency\" content=\"EUR\" \/>\n<meta property=\"og:availability\" content=\"instock\" \/>\n<meta property=\"product:availability\" content=\"instock\" \/>\n<meta property=\"product:retailer_item_id\" content=\"HS10631\" \/>\n<meta property=\"product:condition\" content=\"new\" \/>\n<!-- \/ Yoast SEO Premium plugin. -->","yoast_head_json":{"title":"Krema za obraz s 54 % morskega kolagena | Mizon Collagen Power Firming Enriched Cream - Pandeoshop","description":"Krema z 54 % morskega kolagena pomaga obdr\u017eati vlago v ko\u017ei. U\u010dinkuje proti gubam in daje lifting u\u010dinek.","robots":{"index":"index","follow":"follow","max-snippet":"max-snippet:-1","max-image-preview":"max-image-preview:large","max-video-preview":"max-video-preview:-1"},"canonical":"https:\/\/pandeoshop.com\/sl\/product\/mizon-collagen-power-firming-enriched-cream\/","og_locale":"sl_SI","og_type":"article","og_title":"Krema za obraz s 54 % morskega kolagena | Mizon Collagen Power Firming Enriched Cream - Pandeoshop","og_description":"Krema z 54 % morskega kolagena pomaga obdr\u017eati vlago v ko\u017ei. U\u010dinkuje proti gubam in daje lifting u\u010dinek.","og_url":"https:\/\/pandeoshop.com\/product\/mizon-collagen-power-firming-enriched-cream\/","og_site_name":"Pandeoshop","article_publisher":"https:\/\/www.facebook.com\/pandeoshop\/","article_modified_time":"2024-01-14T10:24:37+00:00","og_image":[{"width":1000,"height":1000,"url":"https:\/\/pandeoshop.com\/wp-content\/uploads\/mizon-collagen-power-firming-enriched-cream.jpeg","type":"image\/jpeg"}],"twitter_card":"summary_large_image","schema":{"@context":"https:\/\/schema.org","@graph":[{"@type":"WebPage","@id":"https:\/\/pandeoshop.com\/sl\/izdelek\/krema-za-obraz-s-54-morskega-kolagena-mizon-collagen-power-firming-enriched-cream\/","url":"https:\/\/pandeoshop.com\/product\/mizon-collagen-power-firming-enriched-cream\/","name":"Krema za obraz s 54 % morskega kolagena | Mizon Collagen Power Firming Enriched Cream - Pandeoshop","isPartOf":{"@id":"https:\/\/pandeoshop.com\/sl\/#website"},"primaryImageOfPage":{"@id":"https:\/\/pandeoshop.com\/product\/mizon-collagen-power-firming-enriched-cream\/#primaryimage"},"image":{"@id":"https:\/\/pandeoshop.com\/product\/mizon-collagen-power-firming-enriched-cream\/#primaryimage"},"thumbnailUrl":"https:\/\/pandeoshop.com\/wp-content\/uploads\/mizon-collagen-power-firming-enriched-cream.jpeg","datePublished":"2022-09-17T15:51:19+00:00","dateModified":"2024-01-14T10:24:37+00:00","description":"Krema z 54 % morskega kolagena pomaga obdr\u017eati vlago v ko\u017ei. U\u010dinkuje proti gubam in daje lifting u\u010dinek.","breadcrumb":{"@id":"https:\/\/pandeoshop.com\/product\/mizon-collagen-power-firming-enriched-cream\/#breadcrumb"},"inLanguage":"sl-SI","potentialAction":[{"@type":"ReadAction","target":["https:\/\/pandeoshop.com\/product\/mizon-collagen-power-firming-enriched-cream\/"]}]},{"@type":"ImageObject","inLanguage":"sl-SI","@id":"https:\/\/pandeoshop.com\/product\/mizon-collagen-power-firming-enriched-cream\/#primaryimage","url":"https:\/\/pandeoshop.com\/wp-content\/uploads\/mizon-collagen-power-firming-enriched-cream.jpeg","contentUrl":"https:\/\/pandeoshop.com\/wp-content\/uploads\/mizon-collagen-power-firming-enriched-cream.jpeg","width":1000,"height":1000},{"@type":"BreadcrumbList","@id":"https:\/\/pandeoshop.com\/product\/mizon-collagen-power-firming-enriched-cream\/#breadcrumb","itemListElement":[{"@type":"ListItem","position":1,"name":"Domov","item":"https:\/\/pandeoshop.com\/sl\/"},{"@type":"ListItem","position":2,"name":"Trgovina","item":"https:\/\/pandeoshop.com\/sl\/trgovina\/"},{"@type":"ListItem","position":3,"name":"Blagovne znamke","item":"https:\/\/pandeoshop.com\/sl\/category\/blagovne-znamke\/"},{"@type":"ListItem","position":4,"name":"Mizon","item":"https:\/\/pandeoshop.com\/sl\/category\/blagovne-znamke\/mizon-sl\/"},{"@type":"ListItem","position":5,"name":"Krema za obraz s 54 % morskega kolagena Mizon Collagen Power Firming Enriched Cream"}]},{"@type":"WebSite","@id":"https:\/\/pandeoshop.com\/sl\/#website","url":"https:\/\/pandeoshop.com\/sl\/","name":"Pandeoshop","description":"\u0160e eno spleti\u0161\u010de WordPress","publisher":{"@id":"https:\/\/pandeoshop.com\/sl\/#organization"},"potentialAction":[{"@type":"SearchAction","target":{"@type":"EntryPoint","urlTemplate":"https:\/\/pandeoshop.com\/sl\/?s={search_term_string}"},"query-input":"required name=search_term_string"}],"inLanguage":"sl-SI"},{"@type":"Organization","@id":"https:\/\/pandeoshop.com\/sl\/#organization","name":"Pandeoshop","url":"https:\/\/pandeoshop.com\/sl\/","logo":{"@type":"ImageObject","inLanguage":"sl-SI","@id":"https:\/\/pandeoshop.com\/sl\/#\/schema\/logo\/image\/","url":"https:\/\/pandeoshop.com\/wp-content\/uploads\/pandeoshop_social_logo_no_textjpg.jpg","contentUrl":"https:\/\/pandeoshop.com\/wp-content\/uploads\/pandeoshop_social_logo_no_textjpg.jpg","width":288,"height":201,"caption":"Pandeoshop"},"image":{"@id":"https:\/\/pandeoshop.com\/sl\/#\/schema\/logo\/image\/"},"sameAs":["https:\/\/www.facebook.com\/pandeoshop\/","https:\/\/www.instagram.com\/pandeo_shop\/"]}]},"product_price_amount":"24.81","product_price_currency":"EUR","og_availability":"instock","product_availability":"instock","product_retailer_item_id":"HS10631","product_condition":"new"},"_links":{"self":[{"href":"https:\/\/pandeoshop.com\/sl\/wp-json\/wp\/v2\/product\/26635"}],"collection":[{"href":"https:\/\/pandeoshop.com\/sl\/wp-json\/wp\/v2\/product"}],"about":[{"href":"https:\/\/pandeoshop.com\/sl\/wp-json\/wp\/v2\/types\/product"}],"replies":[{"embeddable":true,"href":"https:\/\/pandeoshop.com\/sl\/wp-json\/wp\/v2\/comments?post=26635"}],"wp:featuredmedia":[{"embeddable":true,"href":"https:\/\/pandeoshop.com\/sl\/wp-json\/wp\/v2\/media\/36081"}],"wp:attachment":[{"href":"https:\/\/pandeoshop.com\/sl\/wp-json\/wp\/v2\/media?parent=26635"}],"wp:term":[{"taxonomy":"product_cat","embeddable":true,"href":"https:\/\/pandeoshop.com\/sl\/wp-json\/wp\/v2\/product_cat?post=26635"},{"taxonomy":"product_tag","embeddable":true,"href":"https:\/\/pandeoshop.com\/sl\/wp-json\/wp\/v2\/product_tag?post=26635"}],"curies":[{"name":"wp","href":"https:\/\/api.w.org\/{rel}","templated":true}]}}