{"id":26631,"date":"2022-10-25T23:16:21","date_gmt":"2022-09-17T15:51:03","guid":{"rendered":"https:\/\/pandeoshop.com\/product\/oblizi-za-utrujeno-in-obcutljivo-kozo-okoli-oci-mizon-collagen-eye-gel-patch\/"},"modified":"2023-07-20T01:31:06","modified_gmt":"2023-07-19T23:31:06","slug":"oblizi-za-utrujeno-in-obcutljivo-kozo-okoli-oci-mizon-collagen-eye-gel-patch","status":"publish","type":"product","link":"https:\/\/pandeoshop.com\/sl\/izdelek\/oblizi-za-utrujeno-in-obcutljivo-kozo-okoli-oci-mizon-collagen-eye-gel-patch\/","title":{"rendered":"Obli\u017ei za utrujeno in ob\u010dutljivo ko\u017eo okoli o\u010di <br\/> Mizon Collagen Eye Gel Patch"},"content":{"rendered":"<p>Mizon Collagen Eye Gel Patch hidrogelni obli\u017ei na osnovi kolagena, namenjeni izbolj\u0161anju elasti\u010dnosti, skrbijo za utrujeno in ob\u010dutljivo ko\u017eo okoli o\u010di ter jo preobrazijo v sijo\u010do in zdravo. Koncentriran visokokakovosten kolagen zagotavlja prehrano in hidracijo ko\u017ee ter jo pomirja. Morski kolagen ima enake lastnosti kot \u010dlove\u0161ki kolagen, zato spodbuja regeneracijo ko\u017ee ter odpravljanje gub, hkrati pa ohranja mladost dermalnega sloja. Izdelek zagotavlja takoj\u0161en u\u010dinek hlajenja in liftinga.<\/p>\n","protected":false},"excerpt":{"rendered":"<p>Hidrogelni obli\u017ei na osnovi morskega kolagena pomirjajo utrujeno ko\u017eo okoli o\u010di, zagotavljajo lifting in anti-age u\u010dinek.<\/p>\n","protected":false},"featured_media":36051,"comment_status":"open","ping_status":"closed","template":"","meta":[],"product_cat":[1804,1784,1780,1785,1805,1767,1778,1781,1782,1783,1779,1802,1786],"product_tag":[4495,4498,4542,4524,4522,4531,4521,4598],"bundle_layout":"","bundle_add_to_cart_form_location":"","bundle_editable_in_cart":false,"bundle_sold_individually_context":"","bundle_item_grouping":"","bundle_min_size":"","bundle_max_size":"","bundled_by":[],"bundled_items":[],"yoast_head":"<!-- This site is optimized with the Yoast SEO Premium plugin v22.2 (Yoast SEO v22.9) - https:\/\/yoast.com\/wordpress\/plugins\/seo\/ -->\n<title>Obli\u017ei za utrujeno in ob\u010dutljivo ko\u017eo okoli o\u010di | Mizon Collagen Eye Gel Patch - Pandeoshop<\/title>\n<meta name=\"description\" content=\"Hidrogelni obli\u017ei na osnovi morskega kolagena pomirjajo utrujeno ko\u017eo okoli o\u010di, zagotavljajo lifting in anti-age u\u010dinek.\" \/>\n<meta name=\"robots\" content=\"index, follow, max-snippet:-1, max-image-preview:large, max-video-preview:-1\" \/>\n<link rel=\"canonical\" href=\"https:\/\/pandeoshop.com\/sl\/product\/mizon-collagen-eye-gel-patch\/\" \/>\n<meta property=\"og:locale\" content=\"sl_SI\" \/>\n<meta property=\"og:type\" content=\"article\" \/>\n<meta property=\"og:title\" content=\"Obli\u017ei za utrujeno in ob\u010dutljivo ko\u017eo okoli o\u010di | Mizon Collagen Eye Gel Patch - Pandeoshop\" \/>\n<meta property=\"og:description\" content=\"Hidrogelni obli\u017ei na osnovi morskega kolagena pomirjajo utrujeno ko\u017eo okoli o\u010di, zagotavljajo lifting in anti-age u\u010dinek.\" \/>\n<meta property=\"og:url\" content=\"https:\/\/pandeoshop.com\/product\/mizon-collagen-eye-gel-patch\/\" \/>\n<meta property=\"og:site_name\" content=\"Pandeoshop\" \/>\n<meta property=\"article:publisher\" content=\"https:\/\/www.facebook.com\/pandeoshop\/\" \/>\n<meta property=\"article:modified_time\" content=\"2023-07-19T23:31:06+00:00\" \/>\n<meta property=\"og:image\" content=\"https:\/\/pandeoshop.com\/wp-content\/uploads\/mizon-collagen-eye-gel-patch3.jpeg\" \/>\n\t<meta property=\"og:image:width\" content=\"1000\" \/>\n\t<meta property=\"og:image:height\" content=\"1000\" \/>\n\t<meta property=\"og:image:type\" content=\"image\/jpeg\" \/>\n<meta name=\"twitter:card\" content=\"summary_large_image\" \/>\n<script type=\"application\/ld+json\" class=\"yoast-schema-graph\">{\"@context\":\"https:\/\/schema.org\",\"@graph\":[{\"@type\":\"WebPage\",\"@id\":\"https:\/\/pandeoshop.com\/sl\/izdelek\/oblizi-za-utrujeno-in-obcutljivo-kozo-okoli-oci-mizon-collagen-eye-gel-patch\/\",\"url\":\"https:\/\/pandeoshop.com\/product\/mizon-collagen-eye-gel-patch\/\",\"name\":\"Obli\u017ei za utrujeno in ob\u010dutljivo ko\u017eo okoli o\u010di | Mizon Collagen Eye Gel Patch - Pandeoshop\",\"isPartOf\":{\"@id\":\"https:\/\/pandeoshop.com\/sl\/#website\"},\"primaryImageOfPage\":{\"@id\":\"https:\/\/pandeoshop.com\/product\/mizon-collagen-eye-gel-patch\/#primaryimage\"},\"image\":{\"@id\":\"https:\/\/pandeoshop.com\/product\/mizon-collagen-eye-gel-patch\/#primaryimage\"},\"thumbnailUrl\":\"https:\/\/pandeoshop.com\/wp-content\/uploads\/mizon-collagen-eye-gel-patch3.jpeg\",\"datePublished\":\"2022-09-17T15:51:03+00:00\",\"dateModified\":\"2023-07-19T23:31:06+00:00\",\"description\":\"Hidrogelni obli\u017ei na osnovi morskega kolagena pomirjajo utrujeno ko\u017eo okoli o\u010di, zagotavljajo lifting in anti-age u\u010dinek.\",\"breadcrumb\":{\"@id\":\"https:\/\/pandeoshop.com\/product\/mizon-collagen-eye-gel-patch\/#breadcrumb\"},\"inLanguage\":\"sl-SI\",\"potentialAction\":[{\"@type\":\"ReadAction\",\"target\":[\"https:\/\/pandeoshop.com\/product\/mizon-collagen-eye-gel-patch\/\"]}]},{\"@type\":\"ImageObject\",\"inLanguage\":\"sl-SI\",\"@id\":\"https:\/\/pandeoshop.com\/product\/mizon-collagen-eye-gel-patch\/#primaryimage\",\"url\":\"https:\/\/pandeoshop.com\/wp-content\/uploads\/mizon-collagen-eye-gel-patch3.jpeg\",\"contentUrl\":\"https:\/\/pandeoshop.com\/wp-content\/uploads\/mizon-collagen-eye-gel-patch3.jpeg\",\"width\":1000,\"height\":1000},{\"@type\":\"BreadcrumbList\",\"@id\":\"https:\/\/pandeoshop.com\/product\/mizon-collagen-eye-gel-patch\/#breadcrumb\",\"itemListElement\":[{\"@type\":\"ListItem\",\"position\":1,\"name\":\"Domov\",\"item\":\"https:\/\/pandeoshop.com\/sl\/\"},{\"@type\":\"ListItem\",\"position\":2,\"name\":\"Trgovina\",\"item\":\"https:\/\/pandeoshop.com\/sl\/trgovina\/\"},{\"@type\":\"ListItem\",\"position\":3,\"name\":\"Blagovne znamke\",\"item\":\"https:\/\/pandeoshop.com\/sl\/category\/blagovne-znamke\/\"},{\"@type\":\"ListItem\",\"position\":4,\"name\":\"Mizon\",\"item\":\"https:\/\/pandeoshop.com\/sl\/category\/blagovne-znamke\/mizon-sl\/\"},{\"@type\":\"ListItem\",\"position\":5,\"name\":\"Obli\u017ei za utrujeno in ob\u010dutljivo ko\u017eo okoli o\u010di Mizon Collagen Eye Gel Patch\"}]},{\"@type\":\"WebSite\",\"@id\":\"https:\/\/pandeoshop.com\/sl\/#website\",\"url\":\"https:\/\/pandeoshop.com\/sl\/\",\"name\":\"Pandeoshop\",\"description\":\"\u0160e eno spleti\u0161\u010de WordPress\",\"publisher\":{\"@id\":\"https:\/\/pandeoshop.com\/sl\/#organization\"},\"potentialAction\":[{\"@type\":\"SearchAction\",\"target\":{\"@type\":\"EntryPoint\",\"urlTemplate\":\"https:\/\/pandeoshop.com\/sl\/?s={search_term_string}\"},\"query-input\":\"required name=search_term_string\"}],\"inLanguage\":\"sl-SI\"},{\"@type\":\"Organization\",\"@id\":\"https:\/\/pandeoshop.com\/sl\/#organization\",\"name\":\"Pandeoshop\",\"url\":\"https:\/\/pandeoshop.com\/sl\/\",\"logo\":{\"@type\":\"ImageObject\",\"inLanguage\":\"sl-SI\",\"@id\":\"https:\/\/pandeoshop.com\/sl\/#\/schema\/logo\/image\/\",\"url\":\"https:\/\/pandeoshop.com\/wp-content\/uploads\/pandeoshop_social_logo_no_textjpg.jpg\",\"contentUrl\":\"https:\/\/pandeoshop.com\/wp-content\/uploads\/pandeoshop_social_logo_no_textjpg.jpg\",\"width\":288,\"height\":201,\"caption\":\"Pandeoshop\"},\"image\":{\"@id\":\"https:\/\/pandeoshop.com\/sl\/#\/schema\/logo\/image\/\"},\"sameAs\":[\"https:\/\/www.facebook.com\/pandeoshop\/\",\"https:\/\/www.instagram.com\/pandeo_shop\/\"]}]}<\/script>\n<meta property=\"product:price:amount\" content=\"25.69\" \/>\n<meta property=\"product:price:currency\" content=\"EUR\" \/>\n<meta property=\"og:availability\" content=\"instock\" \/>\n<meta property=\"product:availability\" content=\"instock\" \/>\n<meta property=\"product:retailer_item_id\" content=\"HS10627\" \/>\n<meta property=\"product:condition\" content=\"new\" \/>\n<!-- \/ Yoast SEO Premium plugin. -->","yoast_head_json":{"title":"Obli\u017ei za utrujeno in ob\u010dutljivo ko\u017eo okoli o\u010di | Mizon Collagen Eye Gel Patch - Pandeoshop","description":"Hidrogelni obli\u017ei na osnovi morskega kolagena pomirjajo utrujeno ko\u017eo okoli o\u010di, zagotavljajo lifting in anti-age u\u010dinek.","robots":{"index":"index","follow":"follow","max-snippet":"max-snippet:-1","max-image-preview":"max-image-preview:large","max-video-preview":"max-video-preview:-1"},"canonical":"https:\/\/pandeoshop.com\/sl\/product\/mizon-collagen-eye-gel-patch\/","og_locale":"sl_SI","og_type":"article","og_title":"Obli\u017ei za utrujeno in ob\u010dutljivo ko\u017eo okoli o\u010di | Mizon Collagen Eye Gel Patch - Pandeoshop","og_description":"Hidrogelni obli\u017ei na osnovi morskega kolagena pomirjajo utrujeno ko\u017eo okoli o\u010di, zagotavljajo lifting in anti-age u\u010dinek.","og_url":"https:\/\/pandeoshop.com\/product\/mizon-collagen-eye-gel-patch\/","og_site_name":"Pandeoshop","article_publisher":"https:\/\/www.facebook.com\/pandeoshop\/","article_modified_time":"2023-07-19T23:31:06+00:00","og_image":[{"width":1000,"height":1000,"url":"https:\/\/pandeoshop.com\/wp-content\/uploads\/mizon-collagen-eye-gel-patch3.jpeg","type":"image\/jpeg"}],"twitter_card":"summary_large_image","schema":{"@context":"https:\/\/schema.org","@graph":[{"@type":"WebPage","@id":"https:\/\/pandeoshop.com\/sl\/izdelek\/oblizi-za-utrujeno-in-obcutljivo-kozo-okoli-oci-mizon-collagen-eye-gel-patch\/","url":"https:\/\/pandeoshop.com\/product\/mizon-collagen-eye-gel-patch\/","name":"Obli\u017ei za utrujeno in ob\u010dutljivo ko\u017eo okoli o\u010di | Mizon Collagen Eye Gel Patch - Pandeoshop","isPartOf":{"@id":"https:\/\/pandeoshop.com\/sl\/#website"},"primaryImageOfPage":{"@id":"https:\/\/pandeoshop.com\/product\/mizon-collagen-eye-gel-patch\/#primaryimage"},"image":{"@id":"https:\/\/pandeoshop.com\/product\/mizon-collagen-eye-gel-patch\/#primaryimage"},"thumbnailUrl":"https:\/\/pandeoshop.com\/wp-content\/uploads\/mizon-collagen-eye-gel-patch3.jpeg","datePublished":"2022-09-17T15:51:03+00:00","dateModified":"2023-07-19T23:31:06+00:00","description":"Hidrogelni obli\u017ei na osnovi morskega kolagena pomirjajo utrujeno ko\u017eo okoli o\u010di, zagotavljajo lifting in anti-age u\u010dinek.","breadcrumb":{"@id":"https:\/\/pandeoshop.com\/product\/mizon-collagen-eye-gel-patch\/#breadcrumb"},"inLanguage":"sl-SI","potentialAction":[{"@type":"ReadAction","target":["https:\/\/pandeoshop.com\/product\/mizon-collagen-eye-gel-patch\/"]}]},{"@type":"ImageObject","inLanguage":"sl-SI","@id":"https:\/\/pandeoshop.com\/product\/mizon-collagen-eye-gel-patch\/#primaryimage","url":"https:\/\/pandeoshop.com\/wp-content\/uploads\/mizon-collagen-eye-gel-patch3.jpeg","contentUrl":"https:\/\/pandeoshop.com\/wp-content\/uploads\/mizon-collagen-eye-gel-patch3.jpeg","width":1000,"height":1000},{"@type":"BreadcrumbList","@id":"https:\/\/pandeoshop.com\/product\/mizon-collagen-eye-gel-patch\/#breadcrumb","itemListElement":[{"@type":"ListItem","position":1,"name":"Domov","item":"https:\/\/pandeoshop.com\/sl\/"},{"@type":"ListItem","position":2,"name":"Trgovina","item":"https:\/\/pandeoshop.com\/sl\/trgovina\/"},{"@type":"ListItem","position":3,"name":"Blagovne znamke","item":"https:\/\/pandeoshop.com\/sl\/category\/blagovne-znamke\/"},{"@type":"ListItem","position":4,"name":"Mizon","item":"https:\/\/pandeoshop.com\/sl\/category\/blagovne-znamke\/mizon-sl\/"},{"@type":"ListItem","position":5,"name":"Obli\u017ei za utrujeno in ob\u010dutljivo ko\u017eo okoli o\u010di Mizon Collagen Eye Gel Patch"}]},{"@type":"WebSite","@id":"https:\/\/pandeoshop.com\/sl\/#website","url":"https:\/\/pandeoshop.com\/sl\/","name":"Pandeoshop","description":"\u0160e eno spleti\u0161\u010de WordPress","publisher":{"@id":"https:\/\/pandeoshop.com\/sl\/#organization"},"potentialAction":[{"@type":"SearchAction","target":{"@type":"EntryPoint","urlTemplate":"https:\/\/pandeoshop.com\/sl\/?s={search_term_string}"},"query-input":"required name=search_term_string"}],"inLanguage":"sl-SI"},{"@type":"Organization","@id":"https:\/\/pandeoshop.com\/sl\/#organization","name":"Pandeoshop","url":"https:\/\/pandeoshop.com\/sl\/","logo":{"@type":"ImageObject","inLanguage":"sl-SI","@id":"https:\/\/pandeoshop.com\/sl\/#\/schema\/logo\/image\/","url":"https:\/\/pandeoshop.com\/wp-content\/uploads\/pandeoshop_social_logo_no_textjpg.jpg","contentUrl":"https:\/\/pandeoshop.com\/wp-content\/uploads\/pandeoshop_social_logo_no_textjpg.jpg","width":288,"height":201,"caption":"Pandeoshop"},"image":{"@id":"https:\/\/pandeoshop.com\/sl\/#\/schema\/logo\/image\/"},"sameAs":["https:\/\/www.facebook.com\/pandeoshop\/","https:\/\/www.instagram.com\/pandeo_shop\/"]}]},"product_price_amount":"25.69","product_price_currency":"EUR","og_availability":"instock","product_availability":"instock","product_retailer_item_id":"HS10627","product_condition":"new"},"_links":{"self":[{"href":"https:\/\/pandeoshop.com\/sl\/wp-json\/wp\/v2\/product\/26631"}],"collection":[{"href":"https:\/\/pandeoshop.com\/sl\/wp-json\/wp\/v2\/product"}],"about":[{"href":"https:\/\/pandeoshop.com\/sl\/wp-json\/wp\/v2\/types\/product"}],"replies":[{"embeddable":true,"href":"https:\/\/pandeoshop.com\/sl\/wp-json\/wp\/v2\/comments?post=26631"}],"wp:featuredmedia":[{"embeddable":true,"href":"https:\/\/pandeoshop.com\/sl\/wp-json\/wp\/v2\/media\/36051"}],"wp:attachment":[{"href":"https:\/\/pandeoshop.com\/sl\/wp-json\/wp\/v2\/media?parent=26631"}],"wp:term":[{"taxonomy":"product_cat","embeddable":true,"href":"https:\/\/pandeoshop.com\/sl\/wp-json\/wp\/v2\/product_cat?post=26631"},{"taxonomy":"product_tag","embeddable":true,"href":"https:\/\/pandeoshop.com\/sl\/wp-json\/wp\/v2\/product_tag?post=26631"}],"curies":[{"name":"wp","href":"https:\/\/api.w.org\/{rel}","templated":true}]}}