{"id":26620,"date":"2022-10-25T23:16:21","date_gmt":"2022-09-17T15:51:03","guid":{"rendered":"https:\/\/pandeoshop.com\/?post_type=product&#038;p=26620"},"modified":"2023-07-20T01:31:04","modified_gmt":"2023-07-19T23:31:04","slug":"esenca-proti-ogrcem-mizon-bsa-blackhead-away-liquid","status":"publish","type":"product","link":"https:\/\/pandeoshop.com\/sl\/izdelek\/esenca-proti-ogrcem-mizon-bsa-blackhead-away-liquid\/","title":{"rendered":"Esenca proti ogrcem <br\/> Mizon BSA Blackhead Away Liquid"},"content":{"rendered":"<p>Teko\u010dina Mizon BSA Blackhead Away Liquid u\u010dinkovito odstrani ogrce z dodatkom 9000 ppm betain salicilata, sestavljenega iz salicilne kisline in betaina.<\/p>\n<p>Iz por odstrani nakopi\u010deno umazanijo in zmanj\u0161a izlo\u010danje sebuma. Prav tako zmanj\u0161a velikost por in uravnote\u017ei ob\u010dutljivo ko\u017eo z rahlo kislim pH.<br \/>\nBHA kisline so topne v olju, delujejo na povr\u0161ini ko\u017ee in prodirajo globljo tako odma\u0161ijo pore in odpravijo made\u017ee. Imajo naravno pomirjujo\u010do lastnost, pa tudi protivnetno in antibakterijsko delovanje.<\/p>\n<p>Primerno za normalno in mastno ko\u017eo.<\/p>\n","protected":false},"excerpt":{"rendered":"<p>Esenca z betainom in salicilno kislino pomaga odstraniti ogrce in navla\u017ei ko\u017eo.<\/p>\n","protected":false},"featured_media":35966,"comment_status":"open","ping_status":"closed","template":"","meta":[],"product_cat":[1804,1774,1801,1780,1805,1767,1781,1771,1779,1802],"product_tag":[4513,4565,4568,4585,5286],"bundle_layout":"","bundle_add_to_cart_form_location":"","bundle_editable_in_cart":false,"bundle_sold_individually_context":"","bundle_item_grouping":"","bundle_min_size":"","bundle_max_size":"","bundled_by":[],"bundled_items":[],"yoast_head":"<!-- This site is optimized with the Yoast SEO Premium plugin v22.2 (Yoast SEO v22.9) - https:\/\/yoast.com\/wordpress\/plugins\/seo\/ -->\n<title>Esenca proti ogrcem | Mizon BSA Blackhead Away Liquid - Pandeoshop<\/title>\n<meta name=\"description\" content=\"Esenca z betainom in salicilno kislino pomaga odstraniti ogrce in navla\u017ei ko\u017eo.\" \/>\n<meta name=\"robots\" content=\"index, follow, max-snippet:-1, max-image-preview:large, max-video-preview:-1\" \/>\n<link rel=\"canonical\" href=\"https:\/\/pandeoshop.com\/sl\/product\/mizon-bsa-blackhead-away-liquid\/\" \/>\n<meta property=\"og:locale\" content=\"sl_SI\" \/>\n<meta property=\"og:type\" content=\"article\" \/>\n<meta property=\"og:title\" content=\"Esenca proti ogrcem | Mizon BSA Blackhead Away Liquid - Pandeoshop\" \/>\n<meta property=\"og:description\" content=\"Esenca z betainom in salicilno kislino pomaga odstraniti ogrce in navla\u017ei ko\u017eo.\" \/>\n<meta property=\"og:url\" content=\"https:\/\/pandeoshop.com\/product\/mizon-bsa-blackhead-away-liquid\/\" \/>\n<meta property=\"og:site_name\" content=\"Pandeoshop\" \/>\n<meta property=\"article:publisher\" content=\"https:\/\/www.facebook.com\/pandeoshop\/\" \/>\n<meta property=\"article:modified_time\" content=\"2023-07-19T23:31:04+00:00\" \/>\n<meta property=\"og:image\" content=\"https:\/\/pandeoshop.com\/wp-content\/uploads\/mizon-bsa-blackhead-away-liquid-110g-1.jpeg\" \/>\n\t<meta property=\"og:image:width\" content=\"1000\" \/>\n\t<meta property=\"og:image:height\" content=\"1000\" \/>\n\t<meta property=\"og:image:type\" content=\"image\/jpeg\" \/>\n<meta name=\"twitter:card\" content=\"summary_large_image\" \/>\n<script type=\"application\/ld+json\" class=\"yoast-schema-graph\">{\"@context\":\"https:\/\/schema.org\",\"@graph\":[{\"@type\":\"WebPage\",\"@id\":\"https:\/\/pandeoshop.com\/sl\/izdelek\/esenca-proti-ogrcem-mizon-bsa-blackhead-away-liquid\/\",\"url\":\"https:\/\/pandeoshop.com\/product\/mizon-bsa-blackhead-away-liquid\/\",\"name\":\"Esenca proti ogrcem | Mizon BSA Blackhead Away Liquid - Pandeoshop\",\"isPartOf\":{\"@id\":\"https:\/\/pandeoshop.com\/sl\/#website\"},\"primaryImageOfPage\":{\"@id\":\"https:\/\/pandeoshop.com\/product\/mizon-bsa-blackhead-away-liquid\/#primaryimage\"},\"image\":{\"@id\":\"https:\/\/pandeoshop.com\/product\/mizon-bsa-blackhead-away-liquid\/#primaryimage\"},\"thumbnailUrl\":\"https:\/\/pandeoshop.com\/wp-content\/uploads\/mizon-bsa-blackhead-away-liquid-110g-1.jpeg\",\"datePublished\":\"2022-09-17T15:51:03+00:00\",\"dateModified\":\"2023-07-19T23:31:04+00:00\",\"description\":\"Esenca z betainom in salicilno kislino pomaga odstraniti ogrce in navla\u017ei ko\u017eo.\",\"breadcrumb\":{\"@id\":\"https:\/\/pandeoshop.com\/product\/mizon-bsa-blackhead-away-liquid\/#breadcrumb\"},\"inLanguage\":\"sl-SI\",\"potentialAction\":[{\"@type\":\"ReadAction\",\"target\":[\"https:\/\/pandeoshop.com\/product\/mizon-bsa-blackhead-away-liquid\/\"]}]},{\"@type\":\"ImageObject\",\"inLanguage\":\"sl-SI\",\"@id\":\"https:\/\/pandeoshop.com\/product\/mizon-bsa-blackhead-away-liquid\/#primaryimage\",\"url\":\"https:\/\/pandeoshop.com\/wp-content\/uploads\/mizon-bsa-blackhead-away-liquid-110g-1.jpeg\",\"contentUrl\":\"https:\/\/pandeoshop.com\/wp-content\/uploads\/mizon-bsa-blackhead-away-liquid-110g-1.jpeg\",\"width\":1000,\"height\":1000},{\"@type\":\"BreadcrumbList\",\"@id\":\"https:\/\/pandeoshop.com\/product\/mizon-bsa-blackhead-away-liquid\/#breadcrumb\",\"itemListElement\":[{\"@type\":\"ListItem\",\"position\":1,\"name\":\"Domov\",\"item\":\"https:\/\/pandeoshop.com\/sl\/\"},{\"@type\":\"ListItem\",\"position\":2,\"name\":\"Trgovina\",\"item\":\"https:\/\/pandeoshop.com\/sl\/trgovina\/\"},{\"@type\":\"ListItem\",\"position\":3,\"name\":\"Blagovne znamke\",\"item\":\"https:\/\/pandeoshop.com\/sl\/category\/blagovne-znamke\/\"},{\"@type\":\"ListItem\",\"position\":4,\"name\":\"Mizon\",\"item\":\"https:\/\/pandeoshop.com\/sl\/category\/blagovne-znamke\/mizon-sl\/\"},{\"@type\":\"ListItem\",\"position\":5,\"name\":\"Esenca proti ogrcem Mizon BSA Blackhead Away Liquid\"}]},{\"@type\":\"WebSite\",\"@id\":\"https:\/\/pandeoshop.com\/sl\/#website\",\"url\":\"https:\/\/pandeoshop.com\/sl\/\",\"name\":\"Pandeoshop\",\"description\":\"\u0160e eno spleti\u0161\u010de WordPress\",\"publisher\":{\"@id\":\"https:\/\/pandeoshop.com\/sl\/#organization\"},\"potentialAction\":[{\"@type\":\"SearchAction\",\"target\":{\"@type\":\"EntryPoint\",\"urlTemplate\":\"https:\/\/pandeoshop.com\/sl\/?s={search_term_string}\"},\"query-input\":\"required name=search_term_string\"}],\"inLanguage\":\"sl-SI\"},{\"@type\":\"Organization\",\"@id\":\"https:\/\/pandeoshop.com\/sl\/#organization\",\"name\":\"Pandeoshop\",\"url\":\"https:\/\/pandeoshop.com\/sl\/\",\"logo\":{\"@type\":\"ImageObject\",\"inLanguage\":\"sl-SI\",\"@id\":\"https:\/\/pandeoshop.com\/sl\/#\/schema\/logo\/image\/\",\"url\":\"https:\/\/pandeoshop.com\/wp-content\/uploads\/pandeoshop_social_logo_no_textjpg.jpg\",\"contentUrl\":\"https:\/\/pandeoshop.com\/wp-content\/uploads\/pandeoshop_social_logo_no_textjpg.jpg\",\"width\":288,\"height\":201,\"caption\":\"Pandeoshop\"},\"image\":{\"@id\":\"https:\/\/pandeoshop.com\/sl\/#\/schema\/logo\/image\/\"},\"sameAs\":[\"https:\/\/www.facebook.com\/pandeoshop\/\",\"https:\/\/www.instagram.com\/pandeo_shop\/\"]}]}<\/script>\n<meta property=\"product:price:amount\" content=\"28.04\" \/>\n<meta property=\"product:price:currency\" content=\"EUR\" \/>\n<meta property=\"og:availability\" content=\"out of stock\" \/>\n<meta property=\"product:availability\" content=\"out of stock\" \/>\n<meta property=\"product:retailer_item_id\" content=\"MZN9541199561\" \/>\n<meta property=\"product:condition\" content=\"new\" \/>\n<!-- \/ Yoast SEO Premium plugin. -->","yoast_head_json":{"title":"Esenca proti ogrcem | Mizon BSA Blackhead Away Liquid - Pandeoshop","description":"Esenca z betainom in salicilno kislino pomaga odstraniti ogrce in navla\u017ei ko\u017eo.","robots":{"index":"index","follow":"follow","max-snippet":"max-snippet:-1","max-image-preview":"max-image-preview:large","max-video-preview":"max-video-preview:-1"},"canonical":"https:\/\/pandeoshop.com\/sl\/product\/mizon-bsa-blackhead-away-liquid\/","og_locale":"sl_SI","og_type":"article","og_title":"Esenca proti ogrcem | Mizon BSA Blackhead Away Liquid - Pandeoshop","og_description":"Esenca z betainom in salicilno kislino pomaga odstraniti ogrce in navla\u017ei ko\u017eo.","og_url":"https:\/\/pandeoshop.com\/product\/mizon-bsa-blackhead-away-liquid\/","og_site_name":"Pandeoshop","article_publisher":"https:\/\/www.facebook.com\/pandeoshop\/","article_modified_time":"2023-07-19T23:31:04+00:00","og_image":[{"width":1000,"height":1000,"url":"https:\/\/pandeoshop.com\/wp-content\/uploads\/mizon-bsa-blackhead-away-liquid-110g-1.jpeg","type":"image\/jpeg"}],"twitter_card":"summary_large_image","schema":{"@context":"https:\/\/schema.org","@graph":[{"@type":"WebPage","@id":"https:\/\/pandeoshop.com\/sl\/izdelek\/esenca-proti-ogrcem-mizon-bsa-blackhead-away-liquid\/","url":"https:\/\/pandeoshop.com\/product\/mizon-bsa-blackhead-away-liquid\/","name":"Esenca proti ogrcem | Mizon BSA Blackhead Away Liquid - Pandeoshop","isPartOf":{"@id":"https:\/\/pandeoshop.com\/sl\/#website"},"primaryImageOfPage":{"@id":"https:\/\/pandeoshop.com\/product\/mizon-bsa-blackhead-away-liquid\/#primaryimage"},"image":{"@id":"https:\/\/pandeoshop.com\/product\/mizon-bsa-blackhead-away-liquid\/#primaryimage"},"thumbnailUrl":"https:\/\/pandeoshop.com\/wp-content\/uploads\/mizon-bsa-blackhead-away-liquid-110g-1.jpeg","datePublished":"2022-09-17T15:51:03+00:00","dateModified":"2023-07-19T23:31:04+00:00","description":"Esenca z betainom in salicilno kislino pomaga odstraniti ogrce in navla\u017ei ko\u017eo.","breadcrumb":{"@id":"https:\/\/pandeoshop.com\/product\/mizon-bsa-blackhead-away-liquid\/#breadcrumb"},"inLanguage":"sl-SI","potentialAction":[{"@type":"ReadAction","target":["https:\/\/pandeoshop.com\/product\/mizon-bsa-blackhead-away-liquid\/"]}]},{"@type":"ImageObject","inLanguage":"sl-SI","@id":"https:\/\/pandeoshop.com\/product\/mizon-bsa-blackhead-away-liquid\/#primaryimage","url":"https:\/\/pandeoshop.com\/wp-content\/uploads\/mizon-bsa-blackhead-away-liquid-110g-1.jpeg","contentUrl":"https:\/\/pandeoshop.com\/wp-content\/uploads\/mizon-bsa-blackhead-away-liquid-110g-1.jpeg","width":1000,"height":1000},{"@type":"BreadcrumbList","@id":"https:\/\/pandeoshop.com\/product\/mizon-bsa-blackhead-away-liquid\/#breadcrumb","itemListElement":[{"@type":"ListItem","position":1,"name":"Domov","item":"https:\/\/pandeoshop.com\/sl\/"},{"@type":"ListItem","position":2,"name":"Trgovina","item":"https:\/\/pandeoshop.com\/sl\/trgovina\/"},{"@type":"ListItem","position":3,"name":"Blagovne znamke","item":"https:\/\/pandeoshop.com\/sl\/category\/blagovne-znamke\/"},{"@type":"ListItem","position":4,"name":"Mizon","item":"https:\/\/pandeoshop.com\/sl\/category\/blagovne-znamke\/mizon-sl\/"},{"@type":"ListItem","position":5,"name":"Esenca proti ogrcem Mizon BSA Blackhead Away Liquid"}]},{"@type":"WebSite","@id":"https:\/\/pandeoshop.com\/sl\/#website","url":"https:\/\/pandeoshop.com\/sl\/","name":"Pandeoshop","description":"\u0160e eno spleti\u0161\u010de WordPress","publisher":{"@id":"https:\/\/pandeoshop.com\/sl\/#organization"},"potentialAction":[{"@type":"SearchAction","target":{"@type":"EntryPoint","urlTemplate":"https:\/\/pandeoshop.com\/sl\/?s={search_term_string}"},"query-input":"required name=search_term_string"}],"inLanguage":"sl-SI"},{"@type":"Organization","@id":"https:\/\/pandeoshop.com\/sl\/#organization","name":"Pandeoshop","url":"https:\/\/pandeoshop.com\/sl\/","logo":{"@type":"ImageObject","inLanguage":"sl-SI","@id":"https:\/\/pandeoshop.com\/sl\/#\/schema\/logo\/image\/","url":"https:\/\/pandeoshop.com\/wp-content\/uploads\/pandeoshop_social_logo_no_textjpg.jpg","contentUrl":"https:\/\/pandeoshop.com\/wp-content\/uploads\/pandeoshop_social_logo_no_textjpg.jpg","width":288,"height":201,"caption":"Pandeoshop"},"image":{"@id":"https:\/\/pandeoshop.com\/sl\/#\/schema\/logo\/image\/"},"sameAs":["https:\/\/www.facebook.com\/pandeoshop\/","https:\/\/www.instagram.com\/pandeo_shop\/"]}]},"product_price_amount":"28.04","product_price_currency":"EUR","og_availability":"out of stock","product_availability":"out of stock","product_retailer_item_id":"MZN9541199561","product_condition":"new"},"_links":{"self":[{"href":"https:\/\/pandeoshop.com\/sl\/wp-json\/wp\/v2\/product\/26620"}],"collection":[{"href":"https:\/\/pandeoshop.com\/sl\/wp-json\/wp\/v2\/product"}],"about":[{"href":"https:\/\/pandeoshop.com\/sl\/wp-json\/wp\/v2\/types\/product"}],"replies":[{"embeddable":true,"href":"https:\/\/pandeoshop.com\/sl\/wp-json\/wp\/v2\/comments?post=26620"}],"wp:featuredmedia":[{"embeddable":true,"href":"https:\/\/pandeoshop.com\/sl\/wp-json\/wp\/v2\/media\/35966"}],"wp:attachment":[{"href":"https:\/\/pandeoshop.com\/sl\/wp-json\/wp\/v2\/media?parent=26620"}],"wp:term":[{"taxonomy":"product_cat","embeddable":true,"href":"https:\/\/pandeoshop.com\/sl\/wp-json\/wp\/v2\/product_cat?post=26620"},{"taxonomy":"product_tag","embeddable":true,"href":"https:\/\/pandeoshop.com\/sl\/wp-json\/wp\/v2\/product_tag?post=26620"}],"curies":[{"name":"wp","href":"https:\/\/api.w.org\/{rel}","templated":true}]}}