{"id":26615,"date":"2022-10-25T23:16:21","date_gmt":"2022-09-17T15:51:03","guid":{"rendered":"https:\/\/pandeoshop.com\/product\/vecnamenska-krema-s-90-polzje-sluzi-mizon-black-snail-all-in-one-cream-tube\/"},"modified":"2024-06-19T15:02:01","modified_gmt":"2024-06-19T13:02:01","slug":"vecnamenska-krema-s-90-polzje-sluzi-mizon-black-snail-all-in-one-cream-tube","status":"publish","type":"product","link":"https:\/\/pandeoshop.com\/sl\/izdelek\/vecnamenska-krema-s-90-polzje-sluzi-mizon-black-snail-all-in-one-cream-tube\/","title":{"rendered":"Ve\u010dnamenska krema s 90% pol\u017eje sluzi <br\/> Mizon Black Snail All In One Cream (Tube)"},"content":{"rendered":"<p>Mizon Black Snail All In One Cream (Tube) &#8211; Krema vsebuje 90% sluzi \u010drnega iberskega pol\u017ea. Pol\u017eja sluz je znana po \u0161tevilnih koristnih lastnostih &#8211; spodbuja celjenje in glajenje post aken, brazgotin in strij. Prav tako normalizira izlo\u010danje ko\u017ene ma\u0161\u010dobe, s \u010dimer se zmanj\u0161a koli\u010dina aken in se dose\u017ee u\u010dinek matiranja. Poleg tega izvle\u010dek pol\u017eje sluzi vsebuje kolagen in elastin, ki pove\u010data pro\u017enost ko\u017ee. V kremi so poleg pol\u017eje sluzi vklju\u010dene \u0161e mnoge druge sestavine, ki vla\u017eijo, neguje ko\u017eo, normalizirajo vodno ravnovesje in se borijo z najrazli\u010dnej\u0161imi izpu\u0161\u010daji.<\/p>\n","protected":false},"excerpt":{"rendered":"<p>Krema vsebuje 90% ekstrakta sluzi \u010drnega pol\u017ea, ki izvrstno regenerira in pomlajuje ko\u017eo.<\/p>\n","protected":false},"featured_media":35946,"comment_status":"open","ping_status":"closed","template":"","meta":[],"product_cat":[1804,1769,1784,1805,1767,1770,1782,1779],"product_tag":[4495,4498,4537,4526,4527,4515,4542,4564,4546,4516,4565,4525,4568,4571,4590,4601,4598,4581],"bundle_layout":"","bundle_add_to_cart_form_location":"","bundle_editable_in_cart":false,"bundle_sold_individually_context":"","bundle_item_grouping":"","bundle_min_size":"","bundle_max_size":"","bundled_by":[],"bundled_items":[],"yoast_head":"<!-- This site is optimized with the Yoast SEO Premium plugin v22.2 (Yoast SEO v22.9) - https:\/\/yoast.com\/wordpress\/plugins\/seo\/ -->\n<title>Ve\u010dnamenska krema s 90% pol\u017eje sluzi | Mizon Black Snail All In One Cream (Tube) - Pandeoshop<\/title>\n<meta name=\"description\" content=\"Krema vsebuje 90% ekstrakta sluzi \u010drnega pol\u017ea, ki izvrstno regenerira in pomlajuje ko\u017eo.\" \/>\n<meta name=\"robots\" content=\"index, follow, max-snippet:-1, max-image-preview:large, max-video-preview:-1\" \/>\n<link rel=\"canonical\" href=\"https:\/\/pandeoshop.com\/sl\/product\/mizon-black-snail-all-in-one-cream-tube\/\" \/>\n<meta property=\"og:locale\" content=\"sl_SI\" \/>\n<meta property=\"og:type\" content=\"article\" \/>\n<meta property=\"og:title\" content=\"Ve\u010dnamenska krema s 90% pol\u017eje sluzi | Mizon Black Snail All In One Cream (Tube) - Pandeoshop\" \/>\n<meta property=\"og:description\" content=\"Krema vsebuje 90% ekstrakta sluzi \u010drnega pol\u017ea, ki izvrstno regenerira in pomlajuje ko\u017eo.\" \/>\n<meta property=\"og:url\" content=\"https:\/\/pandeoshop.com\/product\/mizon-black-snail-all-in-one-cream-tube\/\" \/>\n<meta property=\"og:site_name\" content=\"Pandeoshop\" \/>\n<meta property=\"article:publisher\" content=\"https:\/\/www.facebook.com\/pandeoshop\/\" \/>\n<meta property=\"article:modified_time\" content=\"2024-06-19T13:02:01+00:00\" \/>\n<meta property=\"og:image\" content=\"https:\/\/pandeoshop.com\/wp-content\/uploads\/mizon-black-snail-all-in-one-cream-tube-1.jpeg\" \/>\n\t<meta property=\"og:image:width\" content=\"1000\" \/>\n\t<meta property=\"og:image:height\" content=\"1000\" \/>\n\t<meta property=\"og:image:type\" content=\"image\/jpeg\" \/>\n<meta name=\"twitter:card\" content=\"summary_large_image\" \/>\n<script type=\"application\/ld+json\" class=\"yoast-schema-graph\">{\"@context\":\"https:\/\/schema.org\",\"@graph\":[{\"@type\":\"WebPage\",\"@id\":\"https:\/\/pandeoshop.com\/sl\/izdelek\/vecnamenska-krema-s-90-polzje-sluzi-mizon-black-snail-all-in-one-cream-tube\/\",\"url\":\"https:\/\/pandeoshop.com\/product\/mizon-black-snail-all-in-one-cream-tube\/\",\"name\":\"Ve\u010dnamenska krema s 90% pol\u017eje sluzi | Mizon Black Snail All In One Cream (Tube) - Pandeoshop\",\"isPartOf\":{\"@id\":\"https:\/\/pandeoshop.com\/sl\/#website\"},\"primaryImageOfPage\":{\"@id\":\"https:\/\/pandeoshop.com\/product\/mizon-black-snail-all-in-one-cream-tube\/#primaryimage\"},\"image\":{\"@id\":\"https:\/\/pandeoshop.com\/product\/mizon-black-snail-all-in-one-cream-tube\/#primaryimage\"},\"thumbnailUrl\":\"https:\/\/pandeoshop.com\/wp-content\/uploads\/mizon-black-snail-all-in-one-cream-tube-1.jpeg\",\"datePublished\":\"2022-09-17T15:51:03+00:00\",\"dateModified\":\"2024-06-19T13:02:01+00:00\",\"description\":\"Krema vsebuje 90% ekstrakta sluzi \u010drnega pol\u017ea, ki izvrstno regenerira in pomlajuje ko\u017eo.\",\"breadcrumb\":{\"@id\":\"https:\/\/pandeoshop.com\/product\/mizon-black-snail-all-in-one-cream-tube\/#breadcrumb\"},\"inLanguage\":\"sl-SI\",\"potentialAction\":[{\"@type\":\"ReadAction\",\"target\":[\"https:\/\/pandeoshop.com\/product\/mizon-black-snail-all-in-one-cream-tube\/\"]}]},{\"@type\":\"ImageObject\",\"inLanguage\":\"sl-SI\",\"@id\":\"https:\/\/pandeoshop.com\/product\/mizon-black-snail-all-in-one-cream-tube\/#primaryimage\",\"url\":\"https:\/\/pandeoshop.com\/wp-content\/uploads\/mizon-black-snail-all-in-one-cream-tube-1.jpeg\",\"contentUrl\":\"https:\/\/pandeoshop.com\/wp-content\/uploads\/mizon-black-snail-all-in-one-cream-tube-1.jpeg\",\"width\":1000,\"height\":1000},{\"@type\":\"BreadcrumbList\",\"@id\":\"https:\/\/pandeoshop.com\/product\/mizon-black-snail-all-in-one-cream-tube\/#breadcrumb\",\"itemListElement\":[{\"@type\":\"ListItem\",\"position\":1,\"name\":\"Domov\",\"item\":\"https:\/\/pandeoshop.com\/sl\/\"},{\"@type\":\"ListItem\",\"position\":2,\"name\":\"Trgovina\",\"item\":\"https:\/\/pandeoshop.com\/sl\/trgovina\/\"},{\"@type\":\"ListItem\",\"position\":3,\"name\":\"Blagovne znamke\",\"item\":\"https:\/\/pandeoshop.com\/sl\/category\/blagovne-znamke\/\"},{\"@type\":\"ListItem\",\"position\":4,\"name\":\"Mizon\",\"item\":\"https:\/\/pandeoshop.com\/sl\/category\/blagovne-znamke\/mizon-sl\/\"},{\"@type\":\"ListItem\",\"position\":5,\"name\":\"Ve\u010dnamenska krema s 90% pol\u017eje sluzi Mizon Black Snail All In One Cream (Tube)\"}]},{\"@type\":\"WebSite\",\"@id\":\"https:\/\/pandeoshop.com\/sl\/#website\",\"url\":\"https:\/\/pandeoshop.com\/sl\/\",\"name\":\"Pandeoshop\",\"description\":\"\u0160e eno spleti\u0161\u010de WordPress\",\"publisher\":{\"@id\":\"https:\/\/pandeoshop.com\/sl\/#organization\"},\"potentialAction\":[{\"@type\":\"SearchAction\",\"target\":{\"@type\":\"EntryPoint\",\"urlTemplate\":\"https:\/\/pandeoshop.com\/sl\/?s={search_term_string}\"},\"query-input\":\"required name=search_term_string\"}],\"inLanguage\":\"sl-SI\"},{\"@type\":\"Organization\",\"@id\":\"https:\/\/pandeoshop.com\/sl\/#organization\",\"name\":\"Pandeoshop\",\"url\":\"https:\/\/pandeoshop.com\/sl\/\",\"logo\":{\"@type\":\"ImageObject\",\"inLanguage\":\"sl-SI\",\"@id\":\"https:\/\/pandeoshop.com\/sl\/#\/schema\/logo\/image\/\",\"url\":\"https:\/\/pandeoshop.com\/wp-content\/uploads\/pandeoshop_social_logo_no_textjpg.jpg\",\"contentUrl\":\"https:\/\/pandeoshop.com\/wp-content\/uploads\/pandeoshop_social_logo_no_textjpg.jpg\",\"width\":288,\"height\":201,\"caption\":\"Pandeoshop\"},\"image\":{\"@id\":\"https:\/\/pandeoshop.com\/sl\/#\/schema\/logo\/image\/\"},\"sameAs\":[\"https:\/\/www.facebook.com\/pandeoshop\/\",\"https:\/\/www.instagram.com\/pandeo_shop\/\"]}]}<\/script>\n<meta property=\"product:price:amount\" content=\"13.31\" \/>\n<meta property=\"product:price:currency\" content=\"EUR\" \/>\n<meta property=\"og:availability\" content=\"instock\" \/>\n<meta property=\"product:availability\" content=\"instock\" \/>\n<meta property=\"product:retailer_item_id\" content=\"HS10611\" \/>\n<meta property=\"product:condition\" content=\"new\" \/>\n<!-- \/ Yoast SEO Premium plugin. -->","yoast_head_json":{"title":"Ve\u010dnamenska krema s 90% pol\u017eje sluzi | Mizon Black Snail All In One Cream (Tube) - Pandeoshop","description":"Krema vsebuje 90% ekstrakta sluzi \u010drnega pol\u017ea, ki izvrstno regenerira in pomlajuje ko\u017eo.","robots":{"index":"index","follow":"follow","max-snippet":"max-snippet:-1","max-image-preview":"max-image-preview:large","max-video-preview":"max-video-preview:-1"},"canonical":"https:\/\/pandeoshop.com\/sl\/product\/mizon-black-snail-all-in-one-cream-tube\/","og_locale":"sl_SI","og_type":"article","og_title":"Ve\u010dnamenska krema s 90% pol\u017eje sluzi | Mizon Black Snail All In One Cream (Tube) - Pandeoshop","og_description":"Krema vsebuje 90% ekstrakta sluzi \u010drnega pol\u017ea, ki izvrstno regenerira in pomlajuje ko\u017eo.","og_url":"https:\/\/pandeoshop.com\/product\/mizon-black-snail-all-in-one-cream-tube\/","og_site_name":"Pandeoshop","article_publisher":"https:\/\/www.facebook.com\/pandeoshop\/","article_modified_time":"2024-06-19T13:02:01+00:00","og_image":[{"width":1000,"height":1000,"url":"https:\/\/pandeoshop.com\/wp-content\/uploads\/mizon-black-snail-all-in-one-cream-tube-1.jpeg","type":"image\/jpeg"}],"twitter_card":"summary_large_image","schema":{"@context":"https:\/\/schema.org","@graph":[{"@type":"WebPage","@id":"https:\/\/pandeoshop.com\/sl\/izdelek\/vecnamenska-krema-s-90-polzje-sluzi-mizon-black-snail-all-in-one-cream-tube\/","url":"https:\/\/pandeoshop.com\/product\/mizon-black-snail-all-in-one-cream-tube\/","name":"Ve\u010dnamenska krema s 90% pol\u017eje sluzi | Mizon Black Snail All In One Cream (Tube) - Pandeoshop","isPartOf":{"@id":"https:\/\/pandeoshop.com\/sl\/#website"},"primaryImageOfPage":{"@id":"https:\/\/pandeoshop.com\/product\/mizon-black-snail-all-in-one-cream-tube\/#primaryimage"},"image":{"@id":"https:\/\/pandeoshop.com\/product\/mizon-black-snail-all-in-one-cream-tube\/#primaryimage"},"thumbnailUrl":"https:\/\/pandeoshop.com\/wp-content\/uploads\/mizon-black-snail-all-in-one-cream-tube-1.jpeg","datePublished":"2022-09-17T15:51:03+00:00","dateModified":"2024-06-19T13:02:01+00:00","description":"Krema vsebuje 90% ekstrakta sluzi \u010drnega pol\u017ea, ki izvrstno regenerira in pomlajuje ko\u017eo.","breadcrumb":{"@id":"https:\/\/pandeoshop.com\/product\/mizon-black-snail-all-in-one-cream-tube\/#breadcrumb"},"inLanguage":"sl-SI","potentialAction":[{"@type":"ReadAction","target":["https:\/\/pandeoshop.com\/product\/mizon-black-snail-all-in-one-cream-tube\/"]}]},{"@type":"ImageObject","inLanguage":"sl-SI","@id":"https:\/\/pandeoshop.com\/product\/mizon-black-snail-all-in-one-cream-tube\/#primaryimage","url":"https:\/\/pandeoshop.com\/wp-content\/uploads\/mizon-black-snail-all-in-one-cream-tube-1.jpeg","contentUrl":"https:\/\/pandeoshop.com\/wp-content\/uploads\/mizon-black-snail-all-in-one-cream-tube-1.jpeg","width":1000,"height":1000},{"@type":"BreadcrumbList","@id":"https:\/\/pandeoshop.com\/product\/mizon-black-snail-all-in-one-cream-tube\/#breadcrumb","itemListElement":[{"@type":"ListItem","position":1,"name":"Domov","item":"https:\/\/pandeoshop.com\/sl\/"},{"@type":"ListItem","position":2,"name":"Trgovina","item":"https:\/\/pandeoshop.com\/sl\/trgovina\/"},{"@type":"ListItem","position":3,"name":"Blagovne znamke","item":"https:\/\/pandeoshop.com\/sl\/category\/blagovne-znamke\/"},{"@type":"ListItem","position":4,"name":"Mizon","item":"https:\/\/pandeoshop.com\/sl\/category\/blagovne-znamke\/mizon-sl\/"},{"@type":"ListItem","position":5,"name":"Ve\u010dnamenska krema s 90% pol\u017eje sluzi Mizon Black Snail All In One Cream (Tube)"}]},{"@type":"WebSite","@id":"https:\/\/pandeoshop.com\/sl\/#website","url":"https:\/\/pandeoshop.com\/sl\/","name":"Pandeoshop","description":"\u0160e eno spleti\u0161\u010de WordPress","publisher":{"@id":"https:\/\/pandeoshop.com\/sl\/#organization"},"potentialAction":[{"@type":"SearchAction","target":{"@type":"EntryPoint","urlTemplate":"https:\/\/pandeoshop.com\/sl\/?s={search_term_string}"},"query-input":"required name=search_term_string"}],"inLanguage":"sl-SI"},{"@type":"Organization","@id":"https:\/\/pandeoshop.com\/sl\/#organization","name":"Pandeoshop","url":"https:\/\/pandeoshop.com\/sl\/","logo":{"@type":"ImageObject","inLanguage":"sl-SI","@id":"https:\/\/pandeoshop.com\/sl\/#\/schema\/logo\/image\/","url":"https:\/\/pandeoshop.com\/wp-content\/uploads\/pandeoshop_social_logo_no_textjpg.jpg","contentUrl":"https:\/\/pandeoshop.com\/wp-content\/uploads\/pandeoshop_social_logo_no_textjpg.jpg","width":288,"height":201,"caption":"Pandeoshop"},"image":{"@id":"https:\/\/pandeoshop.com\/sl\/#\/schema\/logo\/image\/"},"sameAs":["https:\/\/www.facebook.com\/pandeoshop\/","https:\/\/www.instagram.com\/pandeo_shop\/"]}]},"product_price_amount":"13.31","product_price_currency":"EUR","og_availability":"instock","product_availability":"instock","product_retailer_item_id":"HS10611","product_condition":"new"},"_links":{"self":[{"href":"https:\/\/pandeoshop.com\/sl\/wp-json\/wp\/v2\/product\/26615"}],"collection":[{"href":"https:\/\/pandeoshop.com\/sl\/wp-json\/wp\/v2\/product"}],"about":[{"href":"https:\/\/pandeoshop.com\/sl\/wp-json\/wp\/v2\/types\/product"}],"replies":[{"embeddable":true,"href":"https:\/\/pandeoshop.com\/sl\/wp-json\/wp\/v2\/comments?post=26615"}],"wp:featuredmedia":[{"embeddable":true,"href":"https:\/\/pandeoshop.com\/sl\/wp-json\/wp\/v2\/media\/35946"}],"wp:attachment":[{"href":"https:\/\/pandeoshop.com\/sl\/wp-json\/wp\/v2\/media?parent=26615"}],"wp:term":[{"taxonomy":"product_cat","embeddable":true,"href":"https:\/\/pandeoshop.com\/sl\/wp-json\/wp\/v2\/product_cat?post=26615"},{"taxonomy":"product_tag","embeddable":true,"href":"https:\/\/pandeoshop.com\/sl\/wp-json\/wp\/v2\/product_tag?post=26615"}],"curies":[{"name":"wp","href":"https:\/\/api.w.org\/{rel}","templated":true}]}}