{"id":26612,"date":"2022-10-25T23:16:21","date_gmt":"2022-09-17T15:51:03","guid":{"rendered":"https:\/\/pandeoshop.com\/?post_type=product&#038;p=26612"},"modified":"2023-07-20T01:31:02","modified_gmt":"2023-07-19T23:31:02","slug":"potovalni-komplet-ampul-mizon-ampoule-miniature-set-of-five","status":"publish","type":"product","link":"https:\/\/pandeoshop.com\/sl\/izdelek\/potovalni-komplet-ampul-mizon-ampoule-miniature-set-of-five\/","title":{"rendered":"Potovalni komplet ampul <br\/> Mizon Ampoule Miniature Set Of Five"},"content":{"rendered":"<p>Mizon Ampoule Miniature Set Of Five je set petih ampul, s katerimi boste hitro izbolj\u0161ali nego ko\u017ee.<\/p>\n<p>Ampula Collagen 100 povrne ko\u017ei pro\u017enost, ampula Hyaluronic 100 poskrbi za intenzivno vla\u017eenje, ampula Placenta 45 pove\u010da zdrav sijaj ko\u017ee, ampula Snail Repair Intensive popravi po\u0161kodovano ko\u017eo, ampula Night Repairing Seruming pa zbudi utrujeno ko\u017eo.<\/p>\n<p>Za optimalne rezultate serum uporabljajte vsak dan. Potovalna velikost izdelka vam bo pomagala ceniti prednosti miniatur na poti.<br \/>\nVe\u010d o vsakem od njih lahko izveste na na\u0161i spletni strani.<\/p>\n","protected":false},"excerpt":{"rendered":"<p>Luksuzen darilni mini set najbolj\u0161ih ampul za nego ko\u017ee.<\/p>\n","protected":false},"featured_media":42521,"comment_status":"open","ping_status":"closed","template":"","meta":[],"product_cat":[1755,1756,1730,1718,1804,1805,1767,1779],"product_tag":[4301,4549,4319,4531,4565,4335,4573,4343,4590,4360],"bundle_layout":"","bundle_add_to_cart_form_location":"","bundle_editable_in_cart":false,"bundle_sold_individually_context":"","bundle_item_grouping":"","bundle_min_size":"","bundle_max_size":"","bundled_by":[],"bundled_items":[],"yoast_head":"<!-- This site is optimized with the Yoast SEO Premium plugin v22.2 (Yoast SEO v22.9) - https:\/\/yoast.com\/wordpress\/plugins\/seo\/ -->\n<title>Potovalni komplet ampul | Mizon Ampoule Miniature Set Of Five - Pandeoshop<\/title>\n<meta name=\"description\" content=\"Luksuzen darilni mini set najbolj\u0161ih ampul za nego ko\u017ee.\" \/>\n<meta name=\"robots\" content=\"index, follow, max-snippet:-1, max-image-preview:large, max-video-preview:-1\" \/>\n<link rel=\"canonical\" href=\"https:\/\/pandeoshop.com\/sl\/product\/mizon-ampoule-miniature-set-of-five\/\" \/>\n<meta property=\"og:locale\" content=\"sl_SI\" \/>\n<meta property=\"og:type\" content=\"article\" \/>\n<meta property=\"og:title\" content=\"Potovalni komplet ampul | Mizon Ampoule Miniature Set Of Five - Pandeoshop\" \/>\n<meta property=\"og:description\" content=\"Luksuzen darilni mini set najbolj\u0161ih ampul za nego ko\u017ee.\" \/>\n<meta property=\"og:url\" content=\"https:\/\/pandeoshop.com\/product\/mizon-ampoule-miniature-set-of-five\/\" \/>\n<meta property=\"og:site_name\" content=\"Pandeoshop\" \/>\n<meta property=\"article:publisher\" content=\"https:\/\/www.facebook.com\/pandeoshop\/\" \/>\n<meta property=\"article:modified_time\" content=\"2023-07-19T23:31:02+00:00\" \/>\n<meta property=\"og:image\" content=\"https:\/\/pandeoshop.com\/wp-content\/uploads\/mizon-ampoule-miniature-set-of-five-9-3ml-5-1.jpeg\" \/>\n\t<meta property=\"og:image:width\" content=\"1000\" \/>\n\t<meta property=\"og:image:height\" content=\"1000\" \/>\n\t<meta property=\"og:image:type\" content=\"image\/jpeg\" \/>\n<meta name=\"twitter:card\" content=\"summary_large_image\" \/>\n<script type=\"application\/ld+json\" class=\"yoast-schema-graph\">{\"@context\":\"https:\/\/schema.org\",\"@graph\":[{\"@type\":\"WebPage\",\"@id\":\"https:\/\/pandeoshop.com\/sl\/izdelek\/potovalni-komplet-ampul-mizon-ampoule-miniature-set-of-five\/\",\"url\":\"https:\/\/pandeoshop.com\/product\/mizon-ampoule-miniature-set-of-five\/\",\"name\":\"Potovalni komplet ampul | Mizon Ampoule Miniature Set Of Five - Pandeoshop\",\"isPartOf\":{\"@id\":\"https:\/\/pandeoshop.com\/sl\/#website\"},\"primaryImageOfPage\":{\"@id\":\"https:\/\/pandeoshop.com\/product\/mizon-ampoule-miniature-set-of-five\/#primaryimage\"},\"image\":{\"@id\":\"https:\/\/pandeoshop.com\/product\/mizon-ampoule-miniature-set-of-five\/#primaryimage\"},\"thumbnailUrl\":\"https:\/\/pandeoshop.com\/wp-content\/uploads\/mizon-real-vitamin-c-ampoule-miniature.jpg\",\"datePublished\":\"2022-09-17T15:51:03+00:00\",\"dateModified\":\"2023-07-19T23:31:02+00:00\",\"description\":\"Luksuzen darilni mini set najbolj\u0161ih ampul za nego ko\u017ee.\",\"breadcrumb\":{\"@id\":\"https:\/\/pandeoshop.com\/product\/mizon-ampoule-miniature-set-of-five\/#breadcrumb\"},\"inLanguage\":\"sl-SI\",\"potentialAction\":[{\"@type\":\"ReadAction\",\"target\":[\"https:\/\/pandeoshop.com\/product\/mizon-ampoule-miniature-set-of-five\/\"]}]},{\"@type\":\"ImageObject\",\"inLanguage\":\"sl-SI\",\"@id\":\"https:\/\/pandeoshop.com\/product\/mizon-ampoule-miniature-set-of-five\/#primaryimage\",\"url\":\"https:\/\/pandeoshop.com\/wp-content\/uploads\/mizon-real-vitamin-c-ampoule-miniature.jpg\",\"contentUrl\":\"https:\/\/pandeoshop.com\/wp-content\/uploads\/mizon-real-vitamin-c-ampoule-miniature.jpg\",\"width\":442,\"height\":457},{\"@type\":\"BreadcrumbList\",\"@id\":\"https:\/\/pandeoshop.com\/product\/mizon-ampoule-miniature-set-of-five\/#breadcrumb\",\"itemListElement\":[{\"@type\":\"ListItem\",\"position\":1,\"name\":\"Domov\",\"item\":\"https:\/\/pandeoshop.com\/sl\/\"},{\"@type\":\"ListItem\",\"position\":2,\"name\":\"Trgovina\",\"item\":\"https:\/\/pandeoshop.com\/sl\/trgovina\/\"},{\"@type\":\"ListItem\",\"position\":3,\"name\":\"Blagovne znamke\",\"item\":\"https:\/\/pandeoshop.com\/sl\/category\/blagovne-znamke\/\"},{\"@type\":\"ListItem\",\"position\":4,\"name\":\"Mizon\",\"item\":\"https:\/\/pandeoshop.com\/sl\/category\/blagovne-znamke\/mizon-sl\/\"},{\"@type\":\"ListItem\",\"position\":5,\"name\":\"Potovalni komplet ampul Mizon Ampoule Miniature Set Of Five\"}]},{\"@type\":\"WebSite\",\"@id\":\"https:\/\/pandeoshop.com\/sl\/#website\",\"url\":\"https:\/\/pandeoshop.com\/sl\/\",\"name\":\"Pandeoshop\",\"description\":\"\u0160e eno spleti\u0161\u010de WordPress\",\"publisher\":{\"@id\":\"https:\/\/pandeoshop.com\/sl\/#organization\"},\"potentialAction\":[{\"@type\":\"SearchAction\",\"target\":{\"@type\":\"EntryPoint\",\"urlTemplate\":\"https:\/\/pandeoshop.com\/sl\/?s={search_term_string}\"},\"query-input\":\"required name=search_term_string\"}],\"inLanguage\":\"sl-SI\"},{\"@type\":\"Organization\",\"@id\":\"https:\/\/pandeoshop.com\/sl\/#organization\",\"name\":\"Pandeoshop\",\"url\":\"https:\/\/pandeoshop.com\/sl\/\",\"logo\":{\"@type\":\"ImageObject\",\"inLanguage\":\"sl-SI\",\"@id\":\"https:\/\/pandeoshop.com\/sl\/#\/schema\/logo\/image\/\",\"url\":\"https:\/\/pandeoshop.com\/wp-content\/uploads\/pandeoshop_social_logo_no_textjpg.jpg\",\"contentUrl\":\"https:\/\/pandeoshop.com\/wp-content\/uploads\/pandeoshop_social_logo_no_textjpg.jpg\",\"width\":288,\"height\":201,\"caption\":\"Pandeoshop\"},\"image\":{\"@id\":\"https:\/\/pandeoshop.com\/sl\/#\/schema\/logo\/image\/\"},\"sameAs\":[\"https:\/\/www.facebook.com\/pandeoshop\/\",\"https:\/\/www.instagram.com\/pandeo_shop\/\"]}]}<\/script>\n<meta property=\"product:price:amount\" content=\"3.95\" \/>\n<meta property=\"product:price:currency\" content=\"EUR\" \/>\n<meta property=\"og:availability\" content=\"instock\" \/>\n<meta property=\"product:availability\" content=\"instock\" \/>\n<meta property=\"product:retailer_item_id\" content=\"HS10702\" \/>\n<meta property=\"product:condition\" content=\"new\" \/>\n<!-- \/ Yoast SEO Premium plugin. -->","yoast_head_json":{"title":"Potovalni komplet ampul | Mizon Ampoule Miniature Set Of Five - Pandeoshop","description":"Luksuzen darilni mini set najbolj\u0161ih ampul za nego ko\u017ee.","robots":{"index":"index","follow":"follow","max-snippet":"max-snippet:-1","max-image-preview":"max-image-preview:large","max-video-preview":"max-video-preview:-1"},"canonical":"https:\/\/pandeoshop.com\/sl\/product\/mizon-ampoule-miniature-set-of-five\/","og_locale":"sl_SI","og_type":"article","og_title":"Potovalni komplet ampul | Mizon Ampoule Miniature Set Of Five - Pandeoshop","og_description":"Luksuzen darilni mini set najbolj\u0161ih ampul za nego ko\u017ee.","og_url":"https:\/\/pandeoshop.com\/product\/mizon-ampoule-miniature-set-of-five\/","og_site_name":"Pandeoshop","article_publisher":"https:\/\/www.facebook.com\/pandeoshop\/","article_modified_time":"2023-07-19T23:31:02+00:00","og_image":[{"width":1000,"height":1000,"url":"https:\/\/pandeoshop.com\/wp-content\/uploads\/mizon-ampoule-miniature-set-of-five-9-3ml-5-1.jpeg","type":"image\/jpeg"}],"twitter_card":"summary_large_image","schema":{"@context":"https:\/\/schema.org","@graph":[{"@type":"WebPage","@id":"https:\/\/pandeoshop.com\/sl\/izdelek\/potovalni-komplet-ampul-mizon-ampoule-miniature-set-of-five\/","url":"https:\/\/pandeoshop.com\/product\/mizon-ampoule-miniature-set-of-five\/","name":"Potovalni komplet ampul | Mizon Ampoule Miniature Set Of Five - Pandeoshop","isPartOf":{"@id":"https:\/\/pandeoshop.com\/sl\/#website"},"primaryImageOfPage":{"@id":"https:\/\/pandeoshop.com\/product\/mizon-ampoule-miniature-set-of-five\/#primaryimage"},"image":{"@id":"https:\/\/pandeoshop.com\/product\/mizon-ampoule-miniature-set-of-five\/#primaryimage"},"thumbnailUrl":"https:\/\/pandeoshop.com\/wp-content\/uploads\/mizon-real-vitamin-c-ampoule-miniature.jpg","datePublished":"2022-09-17T15:51:03+00:00","dateModified":"2023-07-19T23:31:02+00:00","description":"Luksuzen darilni mini set najbolj\u0161ih ampul za nego ko\u017ee.","breadcrumb":{"@id":"https:\/\/pandeoshop.com\/product\/mizon-ampoule-miniature-set-of-five\/#breadcrumb"},"inLanguage":"sl-SI","potentialAction":[{"@type":"ReadAction","target":["https:\/\/pandeoshop.com\/product\/mizon-ampoule-miniature-set-of-five\/"]}]},{"@type":"ImageObject","inLanguage":"sl-SI","@id":"https:\/\/pandeoshop.com\/product\/mizon-ampoule-miniature-set-of-five\/#primaryimage","url":"https:\/\/pandeoshop.com\/wp-content\/uploads\/mizon-real-vitamin-c-ampoule-miniature.jpg","contentUrl":"https:\/\/pandeoshop.com\/wp-content\/uploads\/mizon-real-vitamin-c-ampoule-miniature.jpg","width":442,"height":457},{"@type":"BreadcrumbList","@id":"https:\/\/pandeoshop.com\/product\/mizon-ampoule-miniature-set-of-five\/#breadcrumb","itemListElement":[{"@type":"ListItem","position":1,"name":"Domov","item":"https:\/\/pandeoshop.com\/sl\/"},{"@type":"ListItem","position":2,"name":"Trgovina","item":"https:\/\/pandeoshop.com\/sl\/trgovina\/"},{"@type":"ListItem","position":3,"name":"Blagovne znamke","item":"https:\/\/pandeoshop.com\/sl\/category\/blagovne-znamke\/"},{"@type":"ListItem","position":4,"name":"Mizon","item":"https:\/\/pandeoshop.com\/sl\/category\/blagovne-znamke\/mizon-sl\/"},{"@type":"ListItem","position":5,"name":"Potovalni komplet ampul Mizon Ampoule Miniature Set Of Five"}]},{"@type":"WebSite","@id":"https:\/\/pandeoshop.com\/sl\/#website","url":"https:\/\/pandeoshop.com\/sl\/","name":"Pandeoshop","description":"\u0160e eno spleti\u0161\u010de WordPress","publisher":{"@id":"https:\/\/pandeoshop.com\/sl\/#organization"},"potentialAction":[{"@type":"SearchAction","target":{"@type":"EntryPoint","urlTemplate":"https:\/\/pandeoshop.com\/sl\/?s={search_term_string}"},"query-input":"required name=search_term_string"}],"inLanguage":"sl-SI"},{"@type":"Organization","@id":"https:\/\/pandeoshop.com\/sl\/#organization","name":"Pandeoshop","url":"https:\/\/pandeoshop.com\/sl\/","logo":{"@type":"ImageObject","inLanguage":"sl-SI","@id":"https:\/\/pandeoshop.com\/sl\/#\/schema\/logo\/image\/","url":"https:\/\/pandeoshop.com\/wp-content\/uploads\/pandeoshop_social_logo_no_textjpg.jpg","contentUrl":"https:\/\/pandeoshop.com\/wp-content\/uploads\/pandeoshop_social_logo_no_textjpg.jpg","width":288,"height":201,"caption":"Pandeoshop"},"image":{"@id":"https:\/\/pandeoshop.com\/sl\/#\/schema\/logo\/image\/"},"sameAs":["https:\/\/www.facebook.com\/pandeoshop\/","https:\/\/www.instagram.com\/pandeo_shop\/"]}]},"product_price_amount":"3.95","product_price_currency":"EUR","og_availability":"instock","product_availability":"instock","product_retailer_item_id":"HS10702","product_condition":"new"},"_links":{"self":[{"href":"https:\/\/pandeoshop.com\/sl\/wp-json\/wp\/v2\/product\/26612"}],"collection":[{"href":"https:\/\/pandeoshop.com\/sl\/wp-json\/wp\/v2\/product"}],"about":[{"href":"https:\/\/pandeoshop.com\/sl\/wp-json\/wp\/v2\/types\/product"}],"replies":[{"embeddable":true,"href":"https:\/\/pandeoshop.com\/sl\/wp-json\/wp\/v2\/comments?post=26612"}],"wp:featuredmedia":[{"embeddable":true,"href":"https:\/\/pandeoshop.com\/sl\/wp-json\/wp\/v2\/media\/42521"}],"wp:attachment":[{"href":"https:\/\/pandeoshop.com\/sl\/wp-json\/wp\/v2\/media?parent=26612"}],"wp:term":[{"taxonomy":"product_cat","embeddable":true,"href":"https:\/\/pandeoshop.com\/sl\/wp-json\/wp\/v2\/product_cat?post=26612"},{"taxonomy":"product_tag","embeddable":true,"href":"https:\/\/pandeoshop.com\/sl\/wp-json\/wp\/v2\/product_tag?post=26612"}],"curies":[{"name":"wp","href":"https:\/\/api.w.org\/{rel}","templated":true}]}}