{"id":26611,"date":"2022-10-25T23:16:21","date_gmt":"2022-09-17T15:51:03","guid":{"rendered":"https:\/\/pandeoshop.com\/product\/negovalna-krema-za-obraz-z-92-polzje-sluzi-mizon-all-in-one-snail-repair-cream-tube\/"},"modified":"2024-06-02T07:26:42","modified_gmt":"2024-06-02T05:26:42","slug":"negovalna-krema-za-obraz-z-92-polzje-sluzi-mizon-all-in-one-snail-repair-cream-tube","status":"publish","type":"product","link":"https:\/\/pandeoshop.com\/sl\/izdelek\/negovalna-krema-za-obraz-z-92-polzje-sluzi-mizon-all-in-one-snail-repair-cream-tube\/","title":{"rendered":"Negovalna krema za obraz z 92 % pol\u017eje sluzi <br\/> Mizon All In One Snail Repair Cream (Tube)"},"content":{"rendered":"<p>Mizon All In One Snail Repair Cream (Tube) &#8211; Pol\u017eja sluz je znana po \u0161teviljnih blagodejnih u\u010dinkih na ko\u017eo in vsebnost v tej kremi je zelo visoka &#8211; kar 92%. Spodbuja celjenje in glajenje aken, post-aken, brazgotin in strij, normalizira delovanje \u017elez lojnic, s \u010dimer zmanj\u0161a koli\u010dino aken, mozoljev, izpu\u0161\u010dajev in ima matirni u\u010dinek. Poleg tega vsebuje kolagen in elastin, ki posledi\u010dno pove\u010data elasti\u010dnost ko\u017ee. Krema je sestavljena iz kar 92 % te \u010dude\u017ene snovi. Preostale sestavine pa pomlajujejo, vla\u017eijo, nasi\u010dijo ko\u017eo s hranljivi snovmi in izbolj\u0161ajo metabolizm dermisa.<\/p>\n","protected":false},"excerpt":{"rendered":"<p>Krema z visoko vsebnostjo pol\u017eje sluzi (92%) regenerira in izravna barvo ko\u017ee ter jo navla\u017ei in pomladi.<\/p>\n","protected":false},"featured_media":35831,"comment_status":"open","ping_status":"closed","template":"","meta":[],"product_cat":[1804,1769,1784,1780,1785,1805,1767,1770,1781,1782,1771,1787,1783,1779,1786],"product_tag":[4495,4526,4542,4574,4549,4518,4571,4590,4547],"bundle_layout":"","bundle_add_to_cart_form_location":"","bundle_editable_in_cart":false,"bundle_sold_individually_context":"","bundle_item_grouping":"","bundle_min_size":"","bundle_max_size":"","bundled_by":[],"bundled_items":[],"yoast_head":"<!-- This site is optimized with the Yoast SEO Premium plugin v22.2 (Yoast SEO v22.9) - https:\/\/yoast.com\/wordpress\/plugins\/seo\/ -->\n<title>Negovalna krema za obraz z 92 % pol\u017eje sluzi | Mizon All In One Snail Repair Cream (Tube) - Pandeoshop<\/title>\n<meta name=\"description\" content=\"Krema z visoko vsebnostjo pol\u017eje sluzi (92%) regenerira in izravna barvo ko\u017ee ter jo navla\u017ei in pomladi.\" \/>\n<meta name=\"robots\" content=\"index, follow, max-snippet:-1, max-image-preview:large, max-video-preview:-1\" \/>\n<link rel=\"canonical\" href=\"https:\/\/pandeoshop.com\/sl\/product\/mizon-all-in-one-snail-repair-cream-tube\/\" \/>\n<meta property=\"og:locale\" content=\"sl_SI\" \/>\n<meta property=\"og:type\" content=\"article\" \/>\n<meta property=\"og:title\" content=\"Negovalna krema za obraz z 92 % pol\u017eje sluzi | Mizon All In One Snail Repair Cream (Tube) - Pandeoshop\" \/>\n<meta property=\"og:description\" content=\"Krema z visoko vsebnostjo pol\u017eje sluzi (92%) regenerira in izravna barvo ko\u017ee ter jo navla\u017ei in pomladi.\" \/>\n<meta property=\"og:url\" content=\"https:\/\/pandeoshop.com\/product\/mizon-all-in-one-snail-repair-cream-tube\/\" \/>\n<meta property=\"og:site_name\" content=\"Pandeoshop\" \/>\n<meta property=\"article:publisher\" content=\"https:\/\/www.facebook.com\/pandeoshop\/\" \/>\n<meta property=\"article:modified_time\" content=\"2024-06-02T05:26:42+00:00\" \/>\n<meta property=\"og:image\" content=\"https:\/\/pandeoshop.com\/wp-content\/uploads\/mizon-all-in-one-snail-repair-cream-tube.jpeg\" \/>\n\t<meta property=\"og:image:width\" content=\"1000\" \/>\n\t<meta property=\"og:image:height\" content=\"1000\" \/>\n\t<meta property=\"og:image:type\" content=\"image\/jpeg\" \/>\n<meta name=\"twitter:card\" content=\"summary_large_image\" \/>\n<script type=\"application\/ld+json\" class=\"yoast-schema-graph\">{\"@context\":\"https:\/\/schema.org\",\"@graph\":[{\"@type\":\"WebPage\",\"@id\":\"https:\/\/pandeoshop.com\/sl\/izdelek\/negovalna-krema-za-obraz-z-92-polzje-sluzi-mizon-all-in-one-snail-repair-cream-tube\/\",\"url\":\"https:\/\/pandeoshop.com\/product\/mizon-all-in-one-snail-repair-cream-tube\/\",\"name\":\"Negovalna krema za obraz z 92 % pol\u017eje sluzi | Mizon All In One Snail Repair Cream (Tube) - Pandeoshop\",\"isPartOf\":{\"@id\":\"https:\/\/pandeoshop.com\/sl\/#website\"},\"primaryImageOfPage\":{\"@id\":\"https:\/\/pandeoshop.com\/product\/mizon-all-in-one-snail-repair-cream-tube\/#primaryimage\"},\"image\":{\"@id\":\"https:\/\/pandeoshop.com\/product\/mizon-all-in-one-snail-repair-cream-tube\/#primaryimage\"},\"thumbnailUrl\":\"https:\/\/pandeoshop.com\/wp-content\/uploads\/mizon-all-in-one-snail-repair-cream-tube.jpeg\",\"datePublished\":\"2022-09-17T15:51:03+00:00\",\"dateModified\":\"2024-06-02T05:26:42+00:00\",\"description\":\"Krema z visoko vsebnostjo pol\u017eje sluzi (92%) regenerira in izravna barvo ko\u017ee ter jo navla\u017ei in pomladi.\",\"breadcrumb\":{\"@id\":\"https:\/\/pandeoshop.com\/product\/mizon-all-in-one-snail-repair-cream-tube\/#breadcrumb\"},\"inLanguage\":\"sl-SI\",\"potentialAction\":[{\"@type\":\"ReadAction\",\"target\":[\"https:\/\/pandeoshop.com\/product\/mizon-all-in-one-snail-repair-cream-tube\/\"]}]},{\"@type\":\"ImageObject\",\"inLanguage\":\"sl-SI\",\"@id\":\"https:\/\/pandeoshop.com\/product\/mizon-all-in-one-snail-repair-cream-tube\/#primaryimage\",\"url\":\"https:\/\/pandeoshop.com\/wp-content\/uploads\/mizon-all-in-one-snail-repair-cream-tube.jpeg\",\"contentUrl\":\"https:\/\/pandeoshop.com\/wp-content\/uploads\/mizon-all-in-one-snail-repair-cream-tube.jpeg\",\"width\":1000,\"height\":1000},{\"@type\":\"BreadcrumbList\",\"@id\":\"https:\/\/pandeoshop.com\/product\/mizon-all-in-one-snail-repair-cream-tube\/#breadcrumb\",\"itemListElement\":[{\"@type\":\"ListItem\",\"position\":1,\"name\":\"Domov\",\"item\":\"https:\/\/pandeoshop.com\/sl\/\"},{\"@type\":\"ListItem\",\"position\":2,\"name\":\"Trgovina\",\"item\":\"https:\/\/pandeoshop.com\/sl\/trgovina\/\"},{\"@type\":\"ListItem\",\"position\":3,\"name\":\"Blagovne znamke\",\"item\":\"https:\/\/pandeoshop.com\/sl\/category\/blagovne-znamke\/\"},{\"@type\":\"ListItem\",\"position\":4,\"name\":\"Mizon\",\"item\":\"https:\/\/pandeoshop.com\/sl\/category\/blagovne-znamke\/mizon-sl\/\"},{\"@type\":\"ListItem\",\"position\":5,\"name\":\"Negovalna krema za obraz z 92 % pol\u017eje sluzi Mizon All In One Snail Repair Cream (Tube)\"}]},{\"@type\":\"WebSite\",\"@id\":\"https:\/\/pandeoshop.com\/sl\/#website\",\"url\":\"https:\/\/pandeoshop.com\/sl\/\",\"name\":\"Pandeoshop\",\"description\":\"\u0160e eno spleti\u0161\u010de WordPress\",\"publisher\":{\"@id\":\"https:\/\/pandeoshop.com\/sl\/#organization\"},\"potentialAction\":[{\"@type\":\"SearchAction\",\"target\":{\"@type\":\"EntryPoint\",\"urlTemplate\":\"https:\/\/pandeoshop.com\/sl\/?s={search_term_string}\"},\"query-input\":\"required name=search_term_string\"}],\"inLanguage\":\"sl-SI\"},{\"@type\":\"Organization\",\"@id\":\"https:\/\/pandeoshop.com\/sl\/#organization\",\"name\":\"Pandeoshop\",\"url\":\"https:\/\/pandeoshop.com\/sl\/\",\"logo\":{\"@type\":\"ImageObject\",\"inLanguage\":\"sl-SI\",\"@id\":\"https:\/\/pandeoshop.com\/sl\/#\/schema\/logo\/image\/\",\"url\":\"https:\/\/pandeoshop.com\/wp-content\/uploads\/pandeoshop_social_logo_no_textjpg.jpg\",\"contentUrl\":\"https:\/\/pandeoshop.com\/wp-content\/uploads\/pandeoshop_social_logo_no_textjpg.jpg\",\"width\":288,\"height\":201,\"caption\":\"Pandeoshop\"},\"image\":{\"@id\":\"https:\/\/pandeoshop.com\/sl\/#\/schema\/logo\/image\/\"},\"sameAs\":[\"https:\/\/www.facebook.com\/pandeoshop\/\",\"https:\/\/www.instagram.com\/pandeo_shop\/\"]}]}<\/script>\n<meta property=\"product:price:amount\" content=\"11.59\" \/>\n<meta property=\"product:price:currency\" content=\"EUR\" \/>\n<meta property=\"og:availability\" content=\"instock\" \/>\n<meta property=\"product:availability\" content=\"instock\" \/>\n<meta property=\"product:retailer_item_id\" content=\"MZN9663751647\" \/>\n<meta property=\"product:condition\" content=\"new\" \/>\n<!-- \/ Yoast SEO Premium plugin. -->","yoast_head_json":{"title":"Negovalna krema za obraz z 92 % pol\u017eje sluzi | Mizon All In One Snail Repair Cream (Tube) - Pandeoshop","description":"Krema z visoko vsebnostjo pol\u017eje sluzi (92%) regenerira in izravna barvo ko\u017ee ter jo navla\u017ei in pomladi.","robots":{"index":"index","follow":"follow","max-snippet":"max-snippet:-1","max-image-preview":"max-image-preview:large","max-video-preview":"max-video-preview:-1"},"canonical":"https:\/\/pandeoshop.com\/sl\/product\/mizon-all-in-one-snail-repair-cream-tube\/","og_locale":"sl_SI","og_type":"article","og_title":"Negovalna krema za obraz z 92 % pol\u017eje sluzi | Mizon All In One Snail Repair Cream (Tube) - Pandeoshop","og_description":"Krema z visoko vsebnostjo pol\u017eje sluzi (92%) regenerira in izravna barvo ko\u017ee ter jo navla\u017ei in pomladi.","og_url":"https:\/\/pandeoshop.com\/product\/mizon-all-in-one-snail-repair-cream-tube\/","og_site_name":"Pandeoshop","article_publisher":"https:\/\/www.facebook.com\/pandeoshop\/","article_modified_time":"2024-06-02T05:26:42+00:00","og_image":[{"width":1000,"height":1000,"url":"https:\/\/pandeoshop.com\/wp-content\/uploads\/mizon-all-in-one-snail-repair-cream-tube.jpeg","type":"image\/jpeg"}],"twitter_card":"summary_large_image","schema":{"@context":"https:\/\/schema.org","@graph":[{"@type":"WebPage","@id":"https:\/\/pandeoshop.com\/sl\/izdelek\/negovalna-krema-za-obraz-z-92-polzje-sluzi-mizon-all-in-one-snail-repair-cream-tube\/","url":"https:\/\/pandeoshop.com\/product\/mizon-all-in-one-snail-repair-cream-tube\/","name":"Negovalna krema za obraz z 92 % pol\u017eje sluzi | Mizon All In One Snail Repair Cream (Tube) - Pandeoshop","isPartOf":{"@id":"https:\/\/pandeoshop.com\/sl\/#website"},"primaryImageOfPage":{"@id":"https:\/\/pandeoshop.com\/product\/mizon-all-in-one-snail-repair-cream-tube\/#primaryimage"},"image":{"@id":"https:\/\/pandeoshop.com\/product\/mizon-all-in-one-snail-repair-cream-tube\/#primaryimage"},"thumbnailUrl":"https:\/\/pandeoshop.com\/wp-content\/uploads\/mizon-all-in-one-snail-repair-cream-tube.jpeg","datePublished":"2022-09-17T15:51:03+00:00","dateModified":"2024-06-02T05:26:42+00:00","description":"Krema z visoko vsebnostjo pol\u017eje sluzi (92%) regenerira in izravna barvo ko\u017ee ter jo navla\u017ei in pomladi.","breadcrumb":{"@id":"https:\/\/pandeoshop.com\/product\/mizon-all-in-one-snail-repair-cream-tube\/#breadcrumb"},"inLanguage":"sl-SI","potentialAction":[{"@type":"ReadAction","target":["https:\/\/pandeoshop.com\/product\/mizon-all-in-one-snail-repair-cream-tube\/"]}]},{"@type":"ImageObject","inLanguage":"sl-SI","@id":"https:\/\/pandeoshop.com\/product\/mizon-all-in-one-snail-repair-cream-tube\/#primaryimage","url":"https:\/\/pandeoshop.com\/wp-content\/uploads\/mizon-all-in-one-snail-repair-cream-tube.jpeg","contentUrl":"https:\/\/pandeoshop.com\/wp-content\/uploads\/mizon-all-in-one-snail-repair-cream-tube.jpeg","width":1000,"height":1000},{"@type":"BreadcrumbList","@id":"https:\/\/pandeoshop.com\/product\/mizon-all-in-one-snail-repair-cream-tube\/#breadcrumb","itemListElement":[{"@type":"ListItem","position":1,"name":"Domov","item":"https:\/\/pandeoshop.com\/sl\/"},{"@type":"ListItem","position":2,"name":"Trgovina","item":"https:\/\/pandeoshop.com\/sl\/trgovina\/"},{"@type":"ListItem","position":3,"name":"Blagovne znamke","item":"https:\/\/pandeoshop.com\/sl\/category\/blagovne-znamke\/"},{"@type":"ListItem","position":4,"name":"Mizon","item":"https:\/\/pandeoshop.com\/sl\/category\/blagovne-znamke\/mizon-sl\/"},{"@type":"ListItem","position":5,"name":"Negovalna krema za obraz z 92 % pol\u017eje sluzi Mizon All In One Snail Repair Cream (Tube)"}]},{"@type":"WebSite","@id":"https:\/\/pandeoshop.com\/sl\/#website","url":"https:\/\/pandeoshop.com\/sl\/","name":"Pandeoshop","description":"\u0160e eno spleti\u0161\u010de WordPress","publisher":{"@id":"https:\/\/pandeoshop.com\/sl\/#organization"},"potentialAction":[{"@type":"SearchAction","target":{"@type":"EntryPoint","urlTemplate":"https:\/\/pandeoshop.com\/sl\/?s={search_term_string}"},"query-input":"required name=search_term_string"}],"inLanguage":"sl-SI"},{"@type":"Organization","@id":"https:\/\/pandeoshop.com\/sl\/#organization","name":"Pandeoshop","url":"https:\/\/pandeoshop.com\/sl\/","logo":{"@type":"ImageObject","inLanguage":"sl-SI","@id":"https:\/\/pandeoshop.com\/sl\/#\/schema\/logo\/image\/","url":"https:\/\/pandeoshop.com\/wp-content\/uploads\/pandeoshop_social_logo_no_textjpg.jpg","contentUrl":"https:\/\/pandeoshop.com\/wp-content\/uploads\/pandeoshop_social_logo_no_textjpg.jpg","width":288,"height":201,"caption":"Pandeoshop"},"image":{"@id":"https:\/\/pandeoshop.com\/sl\/#\/schema\/logo\/image\/"},"sameAs":["https:\/\/www.facebook.com\/pandeoshop\/","https:\/\/www.instagram.com\/pandeo_shop\/"]}]},"product_price_amount":"11.59","product_price_currency":"EUR","og_availability":"instock","product_availability":"instock","product_retailer_item_id":"MZN9663751647","product_condition":"new"},"_links":{"self":[{"href":"https:\/\/pandeoshop.com\/sl\/wp-json\/wp\/v2\/product\/26611"}],"collection":[{"href":"https:\/\/pandeoshop.com\/sl\/wp-json\/wp\/v2\/product"}],"about":[{"href":"https:\/\/pandeoshop.com\/sl\/wp-json\/wp\/v2\/types\/product"}],"replies":[{"embeddable":true,"href":"https:\/\/pandeoshop.com\/sl\/wp-json\/wp\/v2\/comments?post=26611"}],"wp:featuredmedia":[{"embeddable":true,"href":"https:\/\/pandeoshop.com\/sl\/wp-json\/wp\/v2\/media\/35831"}],"wp:attachment":[{"href":"https:\/\/pandeoshop.com\/sl\/wp-json\/wp\/v2\/media?parent=26611"}],"wp:term":[{"taxonomy":"product_cat","embeddable":true,"href":"https:\/\/pandeoshop.com\/sl\/wp-json\/wp\/v2\/product_cat?post=26611"},{"taxonomy":"product_tag","embeddable":true,"href":"https:\/\/pandeoshop.com\/sl\/wp-json\/wp\/v2\/product_tag?post=26611"}],"curies":[{"name":"wp","href":"https:\/\/api.w.org\/{rel}","templated":true}]}}