{"id":26609,"date":"2022-10-25T23:16:21","date_gmt":"2022-09-17T15:51:03","guid":{"rendered":"https:\/\/pandeoshop.com\/?post_type=product&#038;p=26609"},"modified":"2023-07-20T01:31:01","modified_gmt":"2023-07-19T23:31:01","slug":"negovalna-krema-za-obraz-z-92-polzje-sluzi-mizon-all-in-one-snail-repair-cream-2","status":"publish","type":"product","link":"https:\/\/pandeoshop.com\/sl\/izdelek\/negovalna-krema-za-obraz-z-92-polzje-sluzi-mizon-all-in-one-snail-repair-cream-2\/","title":{"rendered":"Negovalna krema za obraz z 92 % pol\u017eje sluzi <br\/> Mizon All In One Snail Repair Cream"},"content":{"rendered":"<p>Mizon All In One Snail Repair Cream &#8211; Pol\u017eja sluz je znana po \u0161teviljnih blagodejnih u\u010dinkih na ko\u017eo in vsebnost v tej kremi je zelo visoka &#8211; kar 92%.<\/p>\n","protected":false},"excerpt":{"rendered":"<p>Visoka koncentracija 92% pol\u017eje sluzi spodbuja obnovo ko\u017ee in u\u010dinkovito re\u0161uje razne ko\u017ene te\u017eave.<\/p>\n","protected":false},"featured_media":42362,"comment_status":"open","ping_status":"closed","template":"","meta":[],"product_cat":[1755,1720,1737,1756,1721,1738,1730,1718,1722,1735,1804,1769,1927,1784,1780,1785,1985,1805,1767,1770,1948,1781,1782,1942,1771,1787,1928,1783,1779,1786],"product_tag":[],"bundle_layout":"","bundle_add_to_cart_form_location":"","bundle_editable_in_cart":false,"bundle_sold_individually_context":"","bundle_item_grouping":"","bundle_min_size":"","bundle_max_size":"","bundled_by":[],"bundled_items":[],"yoast_head":"<!-- This site is optimized with the Yoast SEO Premium plugin v22.2 (Yoast SEO v22.9) - https:\/\/yoast.com\/wordpress\/plugins\/seo\/ -->\n<title>Negovalna krema za obraz z 92 % pol\u017eje sluzi | Mizon All In One Snail Repair Cream - Pandeoshop<\/title>\n<meta name=\"description\" content=\"Visoka koncentracija 92% pol\u017eje sluzi spodbuja obnovo ko\u017ee in u\u010dinkovito re\u0161uje razne ko\u017ene te\u017eave.\" \/>\n<meta name=\"robots\" content=\"index, follow, max-snippet:-1, max-image-preview:large, max-video-preview:-1\" \/>\n<link rel=\"canonical\" href=\"https:\/\/pandeoshop.com\/sl\/product\/mizon-all-in-one-snail-repair-cream-2\/\" \/>\n<meta property=\"og:locale\" content=\"sl_SI\" \/>\n<meta property=\"og:type\" content=\"article\" \/>\n<meta property=\"og:title\" content=\"Negovalna krema za obraz z 92 % pol\u017eje sluzi | Mizon All In One Snail Repair Cream - Pandeoshop\" \/>\n<meta property=\"og:description\" content=\"Visoka koncentracija 92% pol\u017eje sluzi spodbuja obnovo ko\u017ee in u\u010dinkovito re\u0161uje razne ko\u017ene te\u017eave.\" \/>\n<meta property=\"og:url\" content=\"https:\/\/pandeoshop.com\/product\/mizon-all-in-one-snail-repair-cream-2\/\" \/>\n<meta property=\"og:site_name\" content=\"Pandeoshop\" \/>\n<meta property=\"article:publisher\" content=\"https:\/\/www.facebook.com\/pandeoshop\/\" \/>\n<meta property=\"article:modified_time\" content=\"2023-07-19T23:31:01+00:00\" \/>\n<meta property=\"og:image\" content=\"https:\/\/pandeoshop.com\/wp-content\/uploads\/mizon-all-in-one-snail-repair-cream.jpeg\" \/>\n\t<meta property=\"og:image:width\" content=\"1000\" \/>\n\t<meta property=\"og:image:height\" content=\"1000\" \/>\n\t<meta property=\"og:image:type\" content=\"image\/jpeg\" \/>\n<meta name=\"twitter:card\" content=\"summary_large_image\" \/>\n<script type=\"application\/ld+json\" class=\"yoast-schema-graph\">{\"@context\":\"https:\/\/schema.org\",\"@graph\":[{\"@type\":\"WebPage\",\"@id\":\"https:\/\/pandeoshop.com\/sl\/izdelek\/negovalna-krema-za-obraz-z-92-polzje-sluzi-mizon-all-in-one-snail-repair-cream-2\/\",\"url\":\"https:\/\/pandeoshop.com\/product\/mizon-all-in-one-snail-repair-cream-2\/\",\"name\":\"Negovalna krema za obraz z 92 % pol\u017eje sluzi | Mizon All In One Snail Repair Cream - Pandeoshop\",\"isPartOf\":{\"@id\":\"https:\/\/pandeoshop.com\/sl\/#website\"},\"primaryImageOfPage\":{\"@id\":\"https:\/\/pandeoshop.com\/product\/mizon-all-in-one-snail-repair-cream-2\/#primaryimage\"},\"image\":{\"@id\":\"https:\/\/pandeoshop.com\/product\/mizon-all-in-one-snail-repair-cream-2\/#primaryimage\"},\"thumbnailUrl\":\"https:\/\/pandeoshop.com\/wp-content\/uploads\/mizon-all-in-one-snail-repair-cream-tube-35ml.jpg\",\"datePublished\":\"2022-09-17T15:51:03+00:00\",\"dateModified\":\"2023-07-19T23:31:01+00:00\",\"description\":\"Visoka koncentracija 92% pol\u017eje sluzi spodbuja obnovo ko\u017ee in u\u010dinkovito re\u0161uje razne ko\u017ene te\u017eave.\",\"breadcrumb\":{\"@id\":\"https:\/\/pandeoshop.com\/product\/mizon-all-in-one-snail-repair-cream-2\/#breadcrumb\"},\"inLanguage\":\"sl-SI\",\"potentialAction\":[{\"@type\":\"ReadAction\",\"target\":[\"https:\/\/pandeoshop.com\/product\/mizon-all-in-one-snail-repair-cream-2\/\"]}]},{\"@type\":\"ImageObject\",\"inLanguage\":\"sl-SI\",\"@id\":\"https:\/\/pandeoshop.com\/product\/mizon-all-in-one-snail-repair-cream-2\/#primaryimage\",\"url\":\"https:\/\/pandeoshop.com\/wp-content\/uploads\/mizon-all-in-one-snail-repair-cream-tube-35ml.jpg\",\"contentUrl\":\"https:\/\/pandeoshop.com\/wp-content\/uploads\/mizon-all-in-one-snail-repair-cream-tube-35ml.jpg\",\"width\":474,\"height\":474},{\"@type\":\"BreadcrumbList\",\"@id\":\"https:\/\/pandeoshop.com\/product\/mizon-all-in-one-snail-repair-cream-2\/#breadcrumb\",\"itemListElement\":[{\"@type\":\"ListItem\",\"position\":1,\"name\":\"Domov\",\"item\":\"https:\/\/pandeoshop.com\/sl\/\"},{\"@type\":\"ListItem\",\"position\":2,\"name\":\"Trgovina\",\"item\":\"https:\/\/pandeoshop.com\/sl\/trgovina\/\"},{\"@type\":\"ListItem\",\"position\":3,\"name\":\"Blagovne znamke\",\"item\":\"https:\/\/pandeoshop.com\/sl\/category\/blagovne-znamke\/\"},{\"@type\":\"ListItem\",\"position\":4,\"name\":\"Mizon\",\"item\":\"https:\/\/pandeoshop.com\/sl\/category\/blagovne-znamke\/mizon-sl\/\"},{\"@type\":\"ListItem\",\"position\":5,\"name\":\"Negovalna krema za obraz z 92 % pol\u017eje sluzi Mizon All In One Snail Repair Cream\"}]},{\"@type\":\"WebSite\",\"@id\":\"https:\/\/pandeoshop.com\/sl\/#website\",\"url\":\"https:\/\/pandeoshop.com\/sl\/\",\"name\":\"Pandeoshop\",\"description\":\"\u0160e eno spleti\u0161\u010de WordPress\",\"publisher\":{\"@id\":\"https:\/\/pandeoshop.com\/sl\/#organization\"},\"potentialAction\":[{\"@type\":\"SearchAction\",\"target\":{\"@type\":\"EntryPoint\",\"urlTemplate\":\"https:\/\/pandeoshop.com\/sl\/?s={search_term_string}\"},\"query-input\":\"required name=search_term_string\"}],\"inLanguage\":\"sl-SI\"},{\"@type\":\"Organization\",\"@id\":\"https:\/\/pandeoshop.com\/sl\/#organization\",\"name\":\"Pandeoshop\",\"url\":\"https:\/\/pandeoshop.com\/sl\/\",\"logo\":{\"@type\":\"ImageObject\",\"inLanguage\":\"sl-SI\",\"@id\":\"https:\/\/pandeoshop.com\/sl\/#\/schema\/logo\/image\/\",\"url\":\"https:\/\/pandeoshop.com\/wp-content\/uploads\/pandeoshop_social_logo_no_textjpg.jpg\",\"contentUrl\":\"https:\/\/pandeoshop.com\/wp-content\/uploads\/pandeoshop_social_logo_no_textjpg.jpg\",\"width\":288,\"height\":201,\"caption\":\"Pandeoshop\"},\"image\":{\"@id\":\"https:\/\/pandeoshop.com\/sl\/#\/schema\/logo\/image\/\"},\"sameAs\":[\"https:\/\/www.facebook.com\/pandeoshop\/\",\"https:\/\/www.instagram.com\/pandeo_shop\/\"]}]}<\/script>\n<meta property=\"product:price:amount\" content=\"11.65\" \/>\n<meta property=\"product:price:currency\" content=\"EUR\" \/>\n<meta property=\"og:availability\" content=\"instock\" \/>\n<meta property=\"product:availability\" content=\"instock\" \/>\n<meta property=\"product:retailer_item_id\" content=\"HS10608\" \/>\n<meta property=\"product:condition\" content=\"new\" \/>\n<!-- \/ Yoast SEO Premium plugin. -->","yoast_head_json":{"title":"Negovalna krema za obraz z 92 % pol\u017eje sluzi | Mizon All In One Snail Repair Cream - Pandeoshop","description":"Visoka koncentracija 92% pol\u017eje sluzi spodbuja obnovo ko\u017ee in u\u010dinkovito re\u0161uje razne ko\u017ene te\u017eave.","robots":{"index":"index","follow":"follow","max-snippet":"max-snippet:-1","max-image-preview":"max-image-preview:large","max-video-preview":"max-video-preview:-1"},"canonical":"https:\/\/pandeoshop.com\/sl\/product\/mizon-all-in-one-snail-repair-cream-2\/","og_locale":"sl_SI","og_type":"article","og_title":"Negovalna krema za obraz z 92 % pol\u017eje sluzi | Mizon All In One Snail Repair Cream - Pandeoshop","og_description":"Visoka koncentracija 92% pol\u017eje sluzi spodbuja obnovo ko\u017ee in u\u010dinkovito re\u0161uje razne ko\u017ene te\u017eave.","og_url":"https:\/\/pandeoshop.com\/product\/mizon-all-in-one-snail-repair-cream-2\/","og_site_name":"Pandeoshop","article_publisher":"https:\/\/www.facebook.com\/pandeoshop\/","article_modified_time":"2023-07-19T23:31:01+00:00","og_image":[{"width":1000,"height":1000,"url":"https:\/\/pandeoshop.com\/wp-content\/uploads\/mizon-all-in-one-snail-repair-cream.jpeg","type":"image\/jpeg"}],"twitter_card":"summary_large_image","schema":{"@context":"https:\/\/schema.org","@graph":[{"@type":"WebPage","@id":"https:\/\/pandeoshop.com\/sl\/izdelek\/negovalna-krema-za-obraz-z-92-polzje-sluzi-mizon-all-in-one-snail-repair-cream-2\/","url":"https:\/\/pandeoshop.com\/product\/mizon-all-in-one-snail-repair-cream-2\/","name":"Negovalna krema za obraz z 92 % pol\u017eje sluzi | Mizon All In One Snail Repair Cream - Pandeoshop","isPartOf":{"@id":"https:\/\/pandeoshop.com\/sl\/#website"},"primaryImageOfPage":{"@id":"https:\/\/pandeoshop.com\/product\/mizon-all-in-one-snail-repair-cream-2\/#primaryimage"},"image":{"@id":"https:\/\/pandeoshop.com\/product\/mizon-all-in-one-snail-repair-cream-2\/#primaryimage"},"thumbnailUrl":"https:\/\/pandeoshop.com\/wp-content\/uploads\/mizon-all-in-one-snail-repair-cream-tube-35ml.jpg","datePublished":"2022-09-17T15:51:03+00:00","dateModified":"2023-07-19T23:31:01+00:00","description":"Visoka koncentracija 92% pol\u017eje sluzi spodbuja obnovo ko\u017ee in u\u010dinkovito re\u0161uje razne ko\u017ene te\u017eave.","breadcrumb":{"@id":"https:\/\/pandeoshop.com\/product\/mizon-all-in-one-snail-repair-cream-2\/#breadcrumb"},"inLanguage":"sl-SI","potentialAction":[{"@type":"ReadAction","target":["https:\/\/pandeoshop.com\/product\/mizon-all-in-one-snail-repair-cream-2\/"]}]},{"@type":"ImageObject","inLanguage":"sl-SI","@id":"https:\/\/pandeoshop.com\/product\/mizon-all-in-one-snail-repair-cream-2\/#primaryimage","url":"https:\/\/pandeoshop.com\/wp-content\/uploads\/mizon-all-in-one-snail-repair-cream-tube-35ml.jpg","contentUrl":"https:\/\/pandeoshop.com\/wp-content\/uploads\/mizon-all-in-one-snail-repair-cream-tube-35ml.jpg","width":474,"height":474},{"@type":"BreadcrumbList","@id":"https:\/\/pandeoshop.com\/product\/mizon-all-in-one-snail-repair-cream-2\/#breadcrumb","itemListElement":[{"@type":"ListItem","position":1,"name":"Domov","item":"https:\/\/pandeoshop.com\/sl\/"},{"@type":"ListItem","position":2,"name":"Trgovina","item":"https:\/\/pandeoshop.com\/sl\/trgovina\/"},{"@type":"ListItem","position":3,"name":"Blagovne znamke","item":"https:\/\/pandeoshop.com\/sl\/category\/blagovne-znamke\/"},{"@type":"ListItem","position":4,"name":"Mizon","item":"https:\/\/pandeoshop.com\/sl\/category\/blagovne-znamke\/mizon-sl\/"},{"@type":"ListItem","position":5,"name":"Negovalna krema za obraz z 92 % pol\u017eje sluzi Mizon All In One Snail Repair Cream"}]},{"@type":"WebSite","@id":"https:\/\/pandeoshop.com\/sl\/#website","url":"https:\/\/pandeoshop.com\/sl\/","name":"Pandeoshop","description":"\u0160e eno spleti\u0161\u010de WordPress","publisher":{"@id":"https:\/\/pandeoshop.com\/sl\/#organization"},"potentialAction":[{"@type":"SearchAction","target":{"@type":"EntryPoint","urlTemplate":"https:\/\/pandeoshop.com\/sl\/?s={search_term_string}"},"query-input":"required name=search_term_string"}],"inLanguage":"sl-SI"},{"@type":"Organization","@id":"https:\/\/pandeoshop.com\/sl\/#organization","name":"Pandeoshop","url":"https:\/\/pandeoshop.com\/sl\/","logo":{"@type":"ImageObject","inLanguage":"sl-SI","@id":"https:\/\/pandeoshop.com\/sl\/#\/schema\/logo\/image\/","url":"https:\/\/pandeoshop.com\/wp-content\/uploads\/pandeoshop_social_logo_no_textjpg.jpg","contentUrl":"https:\/\/pandeoshop.com\/wp-content\/uploads\/pandeoshop_social_logo_no_textjpg.jpg","width":288,"height":201,"caption":"Pandeoshop"},"image":{"@id":"https:\/\/pandeoshop.com\/sl\/#\/schema\/logo\/image\/"},"sameAs":["https:\/\/www.facebook.com\/pandeoshop\/","https:\/\/www.instagram.com\/pandeo_shop\/"]}]},"product_price_amount":"11.65","product_price_currency":"EUR","og_availability":"instock","product_availability":"instock","product_retailer_item_id":"HS10608","product_condition":"new"},"_links":{"self":[{"href":"https:\/\/pandeoshop.com\/sl\/wp-json\/wp\/v2\/product\/26609"}],"collection":[{"href":"https:\/\/pandeoshop.com\/sl\/wp-json\/wp\/v2\/product"}],"about":[{"href":"https:\/\/pandeoshop.com\/sl\/wp-json\/wp\/v2\/types\/product"}],"replies":[{"embeddable":true,"href":"https:\/\/pandeoshop.com\/sl\/wp-json\/wp\/v2\/comments?post=26609"}],"wp:featuredmedia":[{"embeddable":true,"href":"https:\/\/pandeoshop.com\/sl\/wp-json\/wp\/v2\/media\/42362"}],"wp:attachment":[{"href":"https:\/\/pandeoshop.com\/sl\/wp-json\/wp\/v2\/media?parent=26609"}],"wp:term":[{"taxonomy":"product_cat","embeddable":true,"href":"https:\/\/pandeoshop.com\/sl\/wp-json\/wp\/v2\/product_cat?post=26609"},{"taxonomy":"product_tag","embeddable":true,"href":"https:\/\/pandeoshop.com\/sl\/wp-json\/wp\/v2\/product_tag?post=26609"}],"curies":[{"name":"wp","href":"https:\/\/api.w.org\/{rel}","templated":true}]}}