{"id":26607,"date":"2022-10-25T23:16:21","date_gmt":"2022-09-17T15:51:03","guid":{"rendered":"https:\/\/pandeoshop.com\/product\/tonik-za-obraz-s-sadnimi-kislinami-za-odstranjevanje-odmrle-koze-mizon-ahabha-daily-clean-toner\/"},"modified":"2023-07-20T01:31:00","modified_gmt":"2023-07-19T23:31:00","slug":"tonik-za-obraz-s-sadnimi-kislinami-za-odstranjevanje-odmrle-koze-mizon-ahabha-daily-clean-toner","status":"publish","type":"product","link":"https:\/\/pandeoshop.com\/sl\/izdelek\/tonik-za-obraz-s-sadnimi-kislinami-za-odstranjevanje-odmrle-koze-mizon-ahabha-daily-clean-toner\/","title":{"rendered":"Tonik za obraz s sadnimi kislinami za odstranjevanje odmrle ko\u017ee <br\/> Mizon Aha&#038;Bha Daily Clean Toner"},"content":{"rendered":"<p>Mizon Aha&#038;Bha Daily Clean Tonik &#8211; Tonik ne\u017eno odstranjuje odmrle ko\u017ene celice, ki naredijo izgled obraza neurejenga in hkrati ote\u017eujejo absorbcijo in u\u010dinkovanje hranljivih sestavin. Kisline &#8211; glavne u\u010dinkovine tonika ne\u017eno razmeh\u010dajo in odstranijo odmrle celice brez da bi pustile neprijeton ob\u010dutek oz. povzro\u010dile dra\u017eenje. Z uporabo tonika ko\u017ea postane bolj enakomerne barve, pore postanejo o\u010di\u0161\u010dene in tako manj opazne. Sinteza melanina se upo\u010dasni, s tem se prepre\u010di nastanek novih pigmenthih made\u017eev in pegic.<\/p>\n","protected":false},"excerpt":{"rendered":"<p>Ne\u017een toner, ki uravnovesi pH in hkrati ima piling u\u010dinek.<\/p>\n","protected":false},"featured_media":42350,"comment_status":"open","ping_status":"closed","template":"","meta":[],"product_cat":[1804,1780,1785,1805,1767,1787,1779,1773],"product_tag":[4496,4514,4526,4542,4543,4556,4600,4551,4569,4596,4567,4521,4585],"bundle_layout":"","bundle_add_to_cart_form_location":"","bundle_editable_in_cart":false,"bundle_sold_individually_context":"","bundle_item_grouping":"","bundle_min_size":"","bundle_max_size":"","bundled_by":[],"bundled_items":[],"yoast_head":"<!-- This site is optimized with the Yoast SEO Premium plugin v22.2 (Yoast SEO v22.9) - https:\/\/yoast.com\/wordpress\/plugins\/seo\/ -->\n<title>Tonik za obraz s sadnimi kislinami za odstranjevanje odmrle ko\u017ee | Mizon Aha&amp;Bha Daily Clean Toner - Pandeoshop<\/title>\n<meta name=\"description\" content=\"Ne\u017een toner, ki uravnovesi pH in hkrati ima piling u\u010dinek.\" \/>\n<meta name=\"robots\" content=\"index, follow, max-snippet:-1, max-image-preview:large, max-video-preview:-1\" \/>\n<link rel=\"canonical\" href=\"https:\/\/pandeoshop.com\/sl\/product\/mizon-ahabha-daily-clean-toner\/\" \/>\n<meta property=\"og:locale\" content=\"sl_SI\" \/>\n<meta property=\"og:type\" content=\"article\" \/>\n<meta property=\"og:title\" content=\"Tonik za obraz s sadnimi kislinami za odstranjevanje odmrle ko\u017ee | Mizon Aha&amp;Bha Daily Clean Toner - Pandeoshop\" \/>\n<meta property=\"og:description\" content=\"Ne\u017een toner, ki uravnovesi pH in hkrati ima piling u\u010dinek.\" \/>\n<meta property=\"og:url\" content=\"https:\/\/pandeoshop.com\/product\/mizon-ahabha-daily-clean-toner\/\" \/>\n<meta property=\"og:site_name\" content=\"Pandeoshop\" \/>\n<meta property=\"article:publisher\" content=\"https:\/\/www.facebook.com\/pandeoshop\/\" \/>\n<meta property=\"article:modified_time\" content=\"2023-07-19T23:31:00+00:00\" \/>\n<meta property=\"og:image\" content=\"https:\/\/pandeoshop.com\/wp-content\/uploads\/mizon-aha-bha-daily-clean-toner.jpeg\" \/>\n\t<meta property=\"og:image:width\" content=\"1000\" \/>\n\t<meta property=\"og:image:height\" content=\"1000\" \/>\n\t<meta property=\"og:image:type\" content=\"image\/jpeg\" \/>\n<meta name=\"twitter:card\" content=\"summary_large_image\" \/>\n<script type=\"application\/ld+json\" class=\"yoast-schema-graph\">{\"@context\":\"https:\/\/schema.org\",\"@graph\":[{\"@type\":\"WebPage\",\"@id\":\"https:\/\/pandeoshop.com\/sl\/izdelek\/tonik-za-obraz-s-sadnimi-kislinami-za-odstranjevanje-odmrle-koze-mizon-ahabha-daily-clean-toner\/\",\"url\":\"https:\/\/pandeoshop.com\/product\/mizon-ahabha-daily-clean-toner\/\",\"name\":\"Tonik za obraz s sadnimi kislinami za odstranjevanje odmrle ko\u017ee | Mizon Aha&Bha Daily Clean Toner - Pandeoshop\",\"isPartOf\":{\"@id\":\"https:\/\/pandeoshop.com\/sl\/#website\"},\"primaryImageOfPage\":{\"@id\":\"https:\/\/pandeoshop.com\/product\/mizon-ahabha-daily-clean-toner\/#primaryimage\"},\"image\":{\"@id\":\"https:\/\/pandeoshop.com\/product\/mizon-ahabha-daily-clean-toner\/#primaryimage\"},\"thumbnailUrl\":\"https:\/\/pandeoshop.com\/wp-content\/uploads\/mizon-ahabha-set-of-2type-sample-sachet.jpg\",\"datePublished\":\"2022-09-17T15:51:03+00:00\",\"dateModified\":\"2023-07-19T23:31:00+00:00\",\"description\":\"Ne\u017een toner, ki uravnovesi pH in hkrati ima piling u\u010dinek.\",\"breadcrumb\":{\"@id\":\"https:\/\/pandeoshop.com\/product\/mizon-ahabha-daily-clean-toner\/#breadcrumb\"},\"inLanguage\":\"sl-SI\",\"potentialAction\":[{\"@type\":\"ReadAction\",\"target\":[\"https:\/\/pandeoshop.com\/product\/mizon-ahabha-daily-clean-toner\/\"]}]},{\"@type\":\"ImageObject\",\"inLanguage\":\"sl-SI\",\"@id\":\"https:\/\/pandeoshop.com\/product\/mizon-ahabha-daily-clean-toner\/#primaryimage\",\"url\":\"https:\/\/pandeoshop.com\/wp-content\/uploads\/mizon-ahabha-set-of-2type-sample-sachet.jpg\",\"contentUrl\":\"https:\/\/pandeoshop.com\/wp-content\/uploads\/mizon-ahabha-set-of-2type-sample-sachet.jpg\",\"width\":480,\"height\":482},{\"@type\":\"BreadcrumbList\",\"@id\":\"https:\/\/pandeoshop.com\/product\/mizon-ahabha-daily-clean-toner\/#breadcrumb\",\"itemListElement\":[{\"@type\":\"ListItem\",\"position\":1,\"name\":\"Domov\",\"item\":\"https:\/\/pandeoshop.com\/sl\/\"},{\"@type\":\"ListItem\",\"position\":2,\"name\":\"Trgovina\",\"item\":\"https:\/\/pandeoshop.com\/sl\/trgovina\/\"},{\"@type\":\"ListItem\",\"position\":3,\"name\":\"Blagovne znamke\",\"item\":\"https:\/\/pandeoshop.com\/sl\/category\/blagovne-znamke\/\"},{\"@type\":\"ListItem\",\"position\":4,\"name\":\"Mizon\",\"item\":\"https:\/\/pandeoshop.com\/sl\/category\/blagovne-znamke\/mizon-sl\/\"},{\"@type\":\"ListItem\",\"position\":5,\"name\":\"Tonik za obraz s sadnimi kislinami za odstranjevanje odmrle ko\u017ee Mizon Aha&#038;Bha Daily Clean Toner\"}]},{\"@type\":\"WebSite\",\"@id\":\"https:\/\/pandeoshop.com\/sl\/#website\",\"url\":\"https:\/\/pandeoshop.com\/sl\/\",\"name\":\"Pandeoshop\",\"description\":\"\u0160e eno spleti\u0161\u010de WordPress\",\"publisher\":{\"@id\":\"https:\/\/pandeoshop.com\/sl\/#organization\"},\"potentialAction\":[{\"@type\":\"SearchAction\",\"target\":{\"@type\":\"EntryPoint\",\"urlTemplate\":\"https:\/\/pandeoshop.com\/sl\/?s={search_term_string}\"},\"query-input\":\"required name=search_term_string\"}],\"inLanguage\":\"sl-SI\"},{\"@type\":\"Organization\",\"@id\":\"https:\/\/pandeoshop.com\/sl\/#organization\",\"name\":\"Pandeoshop\",\"url\":\"https:\/\/pandeoshop.com\/sl\/\",\"logo\":{\"@type\":\"ImageObject\",\"inLanguage\":\"sl-SI\",\"@id\":\"https:\/\/pandeoshop.com\/sl\/#\/schema\/logo\/image\/\",\"url\":\"https:\/\/pandeoshop.com\/wp-content\/uploads\/pandeoshop_social_logo_no_textjpg.jpg\",\"contentUrl\":\"https:\/\/pandeoshop.com\/wp-content\/uploads\/pandeoshop_social_logo_no_textjpg.jpg\",\"width\":288,\"height\":201,\"caption\":\"Pandeoshop\"},\"image\":{\"@id\":\"https:\/\/pandeoshop.com\/sl\/#\/schema\/logo\/image\/\"},\"sameAs\":[\"https:\/\/www.facebook.com\/pandeoshop\/\",\"https:\/\/www.instagram.com\/pandeo_shop\/\"]}]}<\/script>\n<meta property=\"product:price:amount\" content=\"24.80\" \/>\n<meta property=\"product:price:currency\" content=\"EUR\" \/>\n<meta property=\"og:availability\" content=\"instock\" \/>\n<meta property=\"product:availability\" content=\"instock\" \/>\n<meta property=\"product:retailer_item_id\" content=\"HS11048\" \/>\n<meta property=\"product:condition\" content=\"new\" \/>\n<!-- \/ Yoast SEO Premium plugin. -->","yoast_head_json":{"title":"Tonik za obraz s sadnimi kislinami za odstranjevanje odmrle ko\u017ee | Mizon Aha&Bha Daily Clean Toner - Pandeoshop","description":"Ne\u017een toner, ki uravnovesi pH in hkrati ima piling u\u010dinek.","robots":{"index":"index","follow":"follow","max-snippet":"max-snippet:-1","max-image-preview":"max-image-preview:large","max-video-preview":"max-video-preview:-1"},"canonical":"https:\/\/pandeoshop.com\/sl\/product\/mizon-ahabha-daily-clean-toner\/","og_locale":"sl_SI","og_type":"article","og_title":"Tonik za obraz s sadnimi kislinami za odstranjevanje odmrle ko\u017ee | Mizon Aha&Bha Daily Clean Toner - Pandeoshop","og_description":"Ne\u017een toner, ki uravnovesi pH in hkrati ima piling u\u010dinek.","og_url":"https:\/\/pandeoshop.com\/product\/mizon-ahabha-daily-clean-toner\/","og_site_name":"Pandeoshop","article_publisher":"https:\/\/www.facebook.com\/pandeoshop\/","article_modified_time":"2023-07-19T23:31:00+00:00","og_image":[{"width":1000,"height":1000,"url":"https:\/\/pandeoshop.com\/wp-content\/uploads\/mizon-aha-bha-daily-clean-toner.jpeg","type":"image\/jpeg"}],"twitter_card":"summary_large_image","schema":{"@context":"https:\/\/schema.org","@graph":[{"@type":"WebPage","@id":"https:\/\/pandeoshop.com\/sl\/izdelek\/tonik-za-obraz-s-sadnimi-kislinami-za-odstranjevanje-odmrle-koze-mizon-ahabha-daily-clean-toner\/","url":"https:\/\/pandeoshop.com\/product\/mizon-ahabha-daily-clean-toner\/","name":"Tonik za obraz s sadnimi kislinami za odstranjevanje odmrle ko\u017ee | Mizon Aha&Bha Daily Clean Toner - Pandeoshop","isPartOf":{"@id":"https:\/\/pandeoshop.com\/sl\/#website"},"primaryImageOfPage":{"@id":"https:\/\/pandeoshop.com\/product\/mizon-ahabha-daily-clean-toner\/#primaryimage"},"image":{"@id":"https:\/\/pandeoshop.com\/product\/mizon-ahabha-daily-clean-toner\/#primaryimage"},"thumbnailUrl":"https:\/\/pandeoshop.com\/wp-content\/uploads\/mizon-ahabha-set-of-2type-sample-sachet.jpg","datePublished":"2022-09-17T15:51:03+00:00","dateModified":"2023-07-19T23:31:00+00:00","description":"Ne\u017een toner, ki uravnovesi pH in hkrati ima piling u\u010dinek.","breadcrumb":{"@id":"https:\/\/pandeoshop.com\/product\/mizon-ahabha-daily-clean-toner\/#breadcrumb"},"inLanguage":"sl-SI","potentialAction":[{"@type":"ReadAction","target":["https:\/\/pandeoshop.com\/product\/mizon-ahabha-daily-clean-toner\/"]}]},{"@type":"ImageObject","inLanguage":"sl-SI","@id":"https:\/\/pandeoshop.com\/product\/mizon-ahabha-daily-clean-toner\/#primaryimage","url":"https:\/\/pandeoshop.com\/wp-content\/uploads\/mizon-ahabha-set-of-2type-sample-sachet.jpg","contentUrl":"https:\/\/pandeoshop.com\/wp-content\/uploads\/mizon-ahabha-set-of-2type-sample-sachet.jpg","width":480,"height":482},{"@type":"BreadcrumbList","@id":"https:\/\/pandeoshop.com\/product\/mizon-ahabha-daily-clean-toner\/#breadcrumb","itemListElement":[{"@type":"ListItem","position":1,"name":"Domov","item":"https:\/\/pandeoshop.com\/sl\/"},{"@type":"ListItem","position":2,"name":"Trgovina","item":"https:\/\/pandeoshop.com\/sl\/trgovina\/"},{"@type":"ListItem","position":3,"name":"Blagovne znamke","item":"https:\/\/pandeoshop.com\/sl\/category\/blagovne-znamke\/"},{"@type":"ListItem","position":4,"name":"Mizon","item":"https:\/\/pandeoshop.com\/sl\/category\/blagovne-znamke\/mizon-sl\/"},{"@type":"ListItem","position":5,"name":"Tonik za obraz s sadnimi kislinami za odstranjevanje odmrle ko\u017ee Mizon Aha&#038;Bha Daily Clean Toner"}]},{"@type":"WebSite","@id":"https:\/\/pandeoshop.com\/sl\/#website","url":"https:\/\/pandeoshop.com\/sl\/","name":"Pandeoshop","description":"\u0160e eno spleti\u0161\u010de WordPress","publisher":{"@id":"https:\/\/pandeoshop.com\/sl\/#organization"},"potentialAction":[{"@type":"SearchAction","target":{"@type":"EntryPoint","urlTemplate":"https:\/\/pandeoshop.com\/sl\/?s={search_term_string}"},"query-input":"required name=search_term_string"}],"inLanguage":"sl-SI"},{"@type":"Organization","@id":"https:\/\/pandeoshop.com\/sl\/#organization","name":"Pandeoshop","url":"https:\/\/pandeoshop.com\/sl\/","logo":{"@type":"ImageObject","inLanguage":"sl-SI","@id":"https:\/\/pandeoshop.com\/sl\/#\/schema\/logo\/image\/","url":"https:\/\/pandeoshop.com\/wp-content\/uploads\/pandeoshop_social_logo_no_textjpg.jpg","contentUrl":"https:\/\/pandeoshop.com\/wp-content\/uploads\/pandeoshop_social_logo_no_textjpg.jpg","width":288,"height":201,"caption":"Pandeoshop"},"image":{"@id":"https:\/\/pandeoshop.com\/sl\/#\/schema\/logo\/image\/"},"sameAs":["https:\/\/www.facebook.com\/pandeoshop\/","https:\/\/www.instagram.com\/pandeo_shop\/"]}]},"product_price_amount":"24.80","product_price_currency":"EUR","og_availability":"instock","product_availability":"instock","product_retailer_item_id":"HS11048","product_condition":"new"},"_links":{"self":[{"href":"https:\/\/pandeoshop.com\/sl\/wp-json\/wp\/v2\/product\/26607"}],"collection":[{"href":"https:\/\/pandeoshop.com\/sl\/wp-json\/wp\/v2\/product"}],"about":[{"href":"https:\/\/pandeoshop.com\/sl\/wp-json\/wp\/v2\/types\/product"}],"replies":[{"embeddable":true,"href":"https:\/\/pandeoshop.com\/sl\/wp-json\/wp\/v2\/comments?post=26607"}],"wp:featuredmedia":[{"embeddable":true,"href":"https:\/\/pandeoshop.com\/sl\/wp-json\/wp\/v2\/media\/42350"}],"wp:attachment":[{"href":"https:\/\/pandeoshop.com\/sl\/wp-json\/wp\/v2\/media?parent=26607"}],"wp:term":[{"taxonomy":"product_cat","embeddable":true,"href":"https:\/\/pandeoshop.com\/sl\/wp-json\/wp\/v2\/product_cat?post=26607"},{"taxonomy":"product_tag","embeddable":true,"href":"https:\/\/pandeoshop.com\/sl\/wp-json\/wp\/v2\/product_tag?post=26607"}],"curies":[{"name":"wp","href":"https:\/\/api.w.org\/{rel}","templated":true}]}}