{"id":26596,"date":"2022-10-25T23:16:02","date_gmt":"2022-09-17T15:50:44","guid":{"rendered":"https:\/\/pandeoshop.com\/product\/krema-za-obraz-z-izvleckom-brsljana-milk-touch-hedera-helix-relaxing-cream\/"},"modified":"2023-07-20T01:30:57","modified_gmt":"2023-07-19T23:30:57","slug":"krema-za-obraz-z-izvleckom-brsljana-milk-touch-hedera-helix-relaxing-cream","status":"publish","type":"product","link":"https:\/\/pandeoshop.com\/sl\/izdelek\/krema-za-obraz-z-izvleckom-brsljana-milk-touch-hedera-helix-relaxing-cream\/","title":{"rendered":"Krema za obraz z izvle\u010dkom br\u0161ljana <br\/> Milk Touch Hedera Helix Relaxing Cream"},"content":{"rendered":"<p>Milk Touch Hedera Helix Relaxing Cream je krema, ki ima izredno pomirjujo\u010d in vla\u017eilen u\u010dinek. Vsebuje izvle\u010dek br\u0161ljana, ki deluje 120 ur. Izdelek deluje tudi protivnetno, izbolj\u0161a tonus ko\u017ee in pove\u010da vpijanje koristnih sestavin v ko\u017eo. Krema daje ko\u017ei naraven sijaj in jo naredi mladostno.<\/p>\n<p>Hederini, ki jih najdemo v br\u0161ljanu, so u\u010dinkoviti proti vnetju in dra\u017eenju ko\u017ee, zato je ta ekstrakt \u0161e posebej primeren za problemati\u010dno ko\u017eo, nagnjeno k aknam.<br \/>\nCentella pospe\u0161uje celjenje ran in proizvodnjo kolagena, ima protivnetne, antibakterijske in antioksidacijske u\u010dinke.<br \/>\nKrema vsebuje tudi hialuronsko kislino in adenozin, ki ko\u017eo napolnita z vlago, jo pomagata zadr\u017eati v ko\u017ei in upo\u010dasniti proces staranja.<\/p>\n","protected":false},"excerpt":{"rendered":"<p>Krema ima spro\u0161\u010dujo\u010d u\u010dinek in se uporablja v zadnjem koraku pri negi ko\u017ee. Vsebuje izvle\u010dek br\u0161ljana.<\/p>\n","protected":false},"featured_media":35701,"comment_status":"open","ping_status":"closed","template":"","meta":[],"product_cat":[1804,1769,1784,1809,1767,1770,1771,1787,1779],"product_tag":[4495,5237,4526,4542,4549,4565,4582],"bundle_layout":"","bundle_add_to_cart_form_location":"","bundle_editable_in_cart":false,"bundle_sold_individually_context":"","bundle_item_grouping":"","bundle_min_size":"","bundle_max_size":"","bundled_by":[],"bundled_items":[],"yoast_head":"<!-- This site is optimized with the Yoast SEO Premium plugin v22.2 (Yoast SEO v22.9) - https:\/\/yoast.com\/wordpress\/plugins\/seo\/ -->\n<title>Krema za obraz z izvle\u010dkom br\u0161ljana | Milk Touch Hedera Helix Relaxing Cream - Pandeoshop<\/title>\n<meta name=\"description\" content=\"Krema ima spro\u0161\u010dujo\u010d u\u010dinek in se uporablja v zadnjem koraku pri negi ko\u017ee. Vsebuje izvle\u010dek br\u0161ljana.\" \/>\n<meta name=\"robots\" content=\"index, follow, max-snippet:-1, max-image-preview:large, max-video-preview:-1\" \/>\n<link rel=\"canonical\" href=\"https:\/\/pandeoshop.com\/sl\/product\/milk-touch-hedera-helix-relaxing-cream\/\" \/>\n<meta property=\"og:locale\" content=\"sl_SI\" \/>\n<meta property=\"og:type\" content=\"article\" \/>\n<meta property=\"og:title\" content=\"Krema za obraz z izvle\u010dkom br\u0161ljana | Milk Touch Hedera Helix Relaxing Cream - Pandeoshop\" \/>\n<meta property=\"og:description\" content=\"Krema ima spro\u0161\u010dujo\u010d u\u010dinek in se uporablja v zadnjem koraku pri negi ko\u017ee. Vsebuje izvle\u010dek br\u0161ljana.\" \/>\n<meta property=\"og:url\" content=\"https:\/\/pandeoshop.com\/product\/milk-touch-hedera-helix-relaxing-cream\/\" \/>\n<meta property=\"og:site_name\" content=\"Pandeoshop\" \/>\n<meta property=\"article:publisher\" content=\"https:\/\/www.facebook.com\/pandeoshop\/\" \/>\n<meta property=\"article:modified_time\" content=\"2023-07-19T23:30:57+00:00\" \/>\n<meta property=\"og:image\" content=\"https:\/\/pandeoshop.com\/wp-content\/uploads\/milk-touch-hedera-helix-relaxing-cream-50ml-1.jpeg\" \/>\n\t<meta property=\"og:image:width\" content=\"1000\" \/>\n\t<meta property=\"og:image:height\" content=\"1000\" \/>\n\t<meta property=\"og:image:type\" content=\"image\/jpeg\" \/>\n<meta name=\"twitter:card\" content=\"summary_large_image\" \/>\n<script type=\"application\/ld+json\" class=\"yoast-schema-graph\">{\"@context\":\"https:\/\/schema.org\",\"@graph\":[{\"@type\":\"WebPage\",\"@id\":\"https:\/\/pandeoshop.com\/sl\/izdelek\/krema-za-obraz-z-izvleckom-brsljana-milk-touch-hedera-helix-relaxing-cream\/\",\"url\":\"https:\/\/pandeoshop.com\/product\/milk-touch-hedera-helix-relaxing-cream\/\",\"name\":\"Krema za obraz z izvle\u010dkom br\u0161ljana | Milk Touch Hedera Helix Relaxing Cream - Pandeoshop\",\"isPartOf\":{\"@id\":\"https:\/\/pandeoshop.com\/sl\/#website\"},\"primaryImageOfPage\":{\"@id\":\"https:\/\/pandeoshop.com\/product\/milk-touch-hedera-helix-relaxing-cream\/#primaryimage\"},\"image\":{\"@id\":\"https:\/\/pandeoshop.com\/product\/milk-touch-hedera-helix-relaxing-cream\/#primaryimage\"},\"thumbnailUrl\":\"https:\/\/pandeoshop.com\/wp-content\/uploads\/milk-touch-hedera-helix-relaxing-cream-50ml-1.jpeg\",\"datePublished\":\"2022-09-17T15:50:44+00:00\",\"dateModified\":\"2023-07-19T23:30:57+00:00\",\"description\":\"Krema ima spro\u0161\u010dujo\u010d u\u010dinek in se uporablja v zadnjem koraku pri negi ko\u017ee. Vsebuje izvle\u010dek br\u0161ljana.\",\"breadcrumb\":{\"@id\":\"https:\/\/pandeoshop.com\/product\/milk-touch-hedera-helix-relaxing-cream\/#breadcrumb\"},\"inLanguage\":\"sl-SI\",\"potentialAction\":[{\"@type\":\"ReadAction\",\"target\":[\"https:\/\/pandeoshop.com\/product\/milk-touch-hedera-helix-relaxing-cream\/\"]}]},{\"@type\":\"ImageObject\",\"inLanguage\":\"sl-SI\",\"@id\":\"https:\/\/pandeoshop.com\/product\/milk-touch-hedera-helix-relaxing-cream\/#primaryimage\",\"url\":\"https:\/\/pandeoshop.com\/wp-content\/uploads\/milk-touch-hedera-helix-relaxing-cream-50ml-1.jpeg\",\"contentUrl\":\"https:\/\/pandeoshop.com\/wp-content\/uploads\/milk-touch-hedera-helix-relaxing-cream-50ml-1.jpeg\",\"width\":1000,\"height\":1000},{\"@type\":\"BreadcrumbList\",\"@id\":\"https:\/\/pandeoshop.com\/product\/milk-touch-hedera-helix-relaxing-cream\/#breadcrumb\",\"itemListElement\":[{\"@type\":\"ListItem\",\"position\":1,\"name\":\"Domov\",\"item\":\"https:\/\/pandeoshop.com\/sl\/\"},{\"@type\":\"ListItem\",\"position\":2,\"name\":\"Trgovina\",\"item\":\"https:\/\/pandeoshop.com\/sl\/trgovina\/\"},{\"@type\":\"ListItem\",\"position\":3,\"name\":\"Blagovne znamke\",\"item\":\"https:\/\/pandeoshop.com\/sl\/category\/blagovne-znamke\/\"},{\"@type\":\"ListItem\",\"position\":4,\"name\":\"Milk Touch\",\"item\":\"https:\/\/pandeoshop.com\/sl\/category\/blagovne-znamke\/milk-touch-sl\/\"},{\"@type\":\"ListItem\",\"position\":5,\"name\":\"Krema za obraz z izvle\u010dkom br\u0161ljana Milk Touch Hedera Helix Relaxing Cream\"}]},{\"@type\":\"WebSite\",\"@id\":\"https:\/\/pandeoshop.com\/sl\/#website\",\"url\":\"https:\/\/pandeoshop.com\/sl\/\",\"name\":\"Pandeoshop\",\"description\":\"\u0160e eno spleti\u0161\u010de WordPress\",\"publisher\":{\"@id\":\"https:\/\/pandeoshop.com\/sl\/#organization\"},\"potentialAction\":[{\"@type\":\"SearchAction\",\"target\":{\"@type\":\"EntryPoint\",\"urlTemplate\":\"https:\/\/pandeoshop.com\/sl\/?s={search_term_string}\"},\"query-input\":\"required name=search_term_string\"}],\"inLanguage\":\"sl-SI\"},{\"@type\":\"Organization\",\"@id\":\"https:\/\/pandeoshop.com\/sl\/#organization\",\"name\":\"Pandeoshop\",\"url\":\"https:\/\/pandeoshop.com\/sl\/\",\"logo\":{\"@type\":\"ImageObject\",\"inLanguage\":\"sl-SI\",\"@id\":\"https:\/\/pandeoshop.com\/sl\/#\/schema\/logo\/image\/\",\"url\":\"https:\/\/pandeoshop.com\/wp-content\/uploads\/pandeoshop_social_logo_no_textjpg.jpg\",\"contentUrl\":\"https:\/\/pandeoshop.com\/wp-content\/uploads\/pandeoshop_social_logo_no_textjpg.jpg\",\"width\":288,\"height\":201,\"caption\":\"Pandeoshop\"},\"image\":{\"@id\":\"https:\/\/pandeoshop.com\/sl\/#\/schema\/logo\/image\/\"},\"sameAs\":[\"https:\/\/www.facebook.com\/pandeoshop\/\",\"https:\/\/www.instagram.com\/pandeo_shop\/\"]}]}<\/script>\n<meta property=\"product:price:amount\" content=\"32.39\" \/>\n<meta property=\"product:price:currency\" content=\"EUR\" \/>\n<meta property=\"og:availability\" content=\"instock\" \/>\n<meta property=\"product:availability\" content=\"instock\" \/>\n<meta property=\"product:retailer_item_id\" content=\"MLT9684560020\" \/>\n<meta property=\"product:condition\" content=\"new\" \/>\n<!-- \/ Yoast SEO Premium plugin. -->","yoast_head_json":{"title":"Krema za obraz z izvle\u010dkom br\u0161ljana | Milk Touch Hedera Helix Relaxing Cream - Pandeoshop","description":"Krema ima spro\u0161\u010dujo\u010d u\u010dinek in se uporablja v zadnjem koraku pri negi ko\u017ee. Vsebuje izvle\u010dek br\u0161ljana.","robots":{"index":"index","follow":"follow","max-snippet":"max-snippet:-1","max-image-preview":"max-image-preview:large","max-video-preview":"max-video-preview:-1"},"canonical":"https:\/\/pandeoshop.com\/sl\/product\/milk-touch-hedera-helix-relaxing-cream\/","og_locale":"sl_SI","og_type":"article","og_title":"Krema za obraz z izvle\u010dkom br\u0161ljana | Milk Touch Hedera Helix Relaxing Cream - Pandeoshop","og_description":"Krema ima spro\u0161\u010dujo\u010d u\u010dinek in se uporablja v zadnjem koraku pri negi ko\u017ee. Vsebuje izvle\u010dek br\u0161ljana.","og_url":"https:\/\/pandeoshop.com\/product\/milk-touch-hedera-helix-relaxing-cream\/","og_site_name":"Pandeoshop","article_publisher":"https:\/\/www.facebook.com\/pandeoshop\/","article_modified_time":"2023-07-19T23:30:57+00:00","og_image":[{"width":1000,"height":1000,"url":"https:\/\/pandeoshop.com\/wp-content\/uploads\/milk-touch-hedera-helix-relaxing-cream-50ml-1.jpeg","type":"image\/jpeg"}],"twitter_card":"summary_large_image","schema":{"@context":"https:\/\/schema.org","@graph":[{"@type":"WebPage","@id":"https:\/\/pandeoshop.com\/sl\/izdelek\/krema-za-obraz-z-izvleckom-brsljana-milk-touch-hedera-helix-relaxing-cream\/","url":"https:\/\/pandeoshop.com\/product\/milk-touch-hedera-helix-relaxing-cream\/","name":"Krema za obraz z izvle\u010dkom br\u0161ljana | Milk Touch Hedera Helix Relaxing Cream - Pandeoshop","isPartOf":{"@id":"https:\/\/pandeoshop.com\/sl\/#website"},"primaryImageOfPage":{"@id":"https:\/\/pandeoshop.com\/product\/milk-touch-hedera-helix-relaxing-cream\/#primaryimage"},"image":{"@id":"https:\/\/pandeoshop.com\/product\/milk-touch-hedera-helix-relaxing-cream\/#primaryimage"},"thumbnailUrl":"https:\/\/pandeoshop.com\/wp-content\/uploads\/milk-touch-hedera-helix-relaxing-cream-50ml-1.jpeg","datePublished":"2022-09-17T15:50:44+00:00","dateModified":"2023-07-19T23:30:57+00:00","description":"Krema ima spro\u0161\u010dujo\u010d u\u010dinek in se uporablja v zadnjem koraku pri negi ko\u017ee. Vsebuje izvle\u010dek br\u0161ljana.","breadcrumb":{"@id":"https:\/\/pandeoshop.com\/product\/milk-touch-hedera-helix-relaxing-cream\/#breadcrumb"},"inLanguage":"sl-SI","potentialAction":[{"@type":"ReadAction","target":["https:\/\/pandeoshop.com\/product\/milk-touch-hedera-helix-relaxing-cream\/"]}]},{"@type":"ImageObject","inLanguage":"sl-SI","@id":"https:\/\/pandeoshop.com\/product\/milk-touch-hedera-helix-relaxing-cream\/#primaryimage","url":"https:\/\/pandeoshop.com\/wp-content\/uploads\/milk-touch-hedera-helix-relaxing-cream-50ml-1.jpeg","contentUrl":"https:\/\/pandeoshop.com\/wp-content\/uploads\/milk-touch-hedera-helix-relaxing-cream-50ml-1.jpeg","width":1000,"height":1000},{"@type":"BreadcrumbList","@id":"https:\/\/pandeoshop.com\/product\/milk-touch-hedera-helix-relaxing-cream\/#breadcrumb","itemListElement":[{"@type":"ListItem","position":1,"name":"Domov","item":"https:\/\/pandeoshop.com\/sl\/"},{"@type":"ListItem","position":2,"name":"Trgovina","item":"https:\/\/pandeoshop.com\/sl\/trgovina\/"},{"@type":"ListItem","position":3,"name":"Blagovne znamke","item":"https:\/\/pandeoshop.com\/sl\/category\/blagovne-znamke\/"},{"@type":"ListItem","position":4,"name":"Milk Touch","item":"https:\/\/pandeoshop.com\/sl\/category\/blagovne-znamke\/milk-touch-sl\/"},{"@type":"ListItem","position":5,"name":"Krema za obraz z izvle\u010dkom br\u0161ljana Milk Touch Hedera Helix Relaxing Cream"}]},{"@type":"WebSite","@id":"https:\/\/pandeoshop.com\/sl\/#website","url":"https:\/\/pandeoshop.com\/sl\/","name":"Pandeoshop","description":"\u0160e eno spleti\u0161\u010de WordPress","publisher":{"@id":"https:\/\/pandeoshop.com\/sl\/#organization"},"potentialAction":[{"@type":"SearchAction","target":{"@type":"EntryPoint","urlTemplate":"https:\/\/pandeoshop.com\/sl\/?s={search_term_string}"},"query-input":"required name=search_term_string"}],"inLanguage":"sl-SI"},{"@type":"Organization","@id":"https:\/\/pandeoshop.com\/sl\/#organization","name":"Pandeoshop","url":"https:\/\/pandeoshop.com\/sl\/","logo":{"@type":"ImageObject","inLanguage":"sl-SI","@id":"https:\/\/pandeoshop.com\/sl\/#\/schema\/logo\/image\/","url":"https:\/\/pandeoshop.com\/wp-content\/uploads\/pandeoshop_social_logo_no_textjpg.jpg","contentUrl":"https:\/\/pandeoshop.com\/wp-content\/uploads\/pandeoshop_social_logo_no_textjpg.jpg","width":288,"height":201,"caption":"Pandeoshop"},"image":{"@id":"https:\/\/pandeoshop.com\/sl\/#\/schema\/logo\/image\/"},"sameAs":["https:\/\/www.facebook.com\/pandeoshop\/","https:\/\/www.instagram.com\/pandeo_shop\/"]}]},"product_price_amount":"32.39","product_price_currency":"EUR","og_availability":"instock","product_availability":"instock","product_retailer_item_id":"MLT9684560020","product_condition":"new"},"_links":{"self":[{"href":"https:\/\/pandeoshop.com\/sl\/wp-json\/wp\/v2\/product\/26596"}],"collection":[{"href":"https:\/\/pandeoshop.com\/sl\/wp-json\/wp\/v2\/product"}],"about":[{"href":"https:\/\/pandeoshop.com\/sl\/wp-json\/wp\/v2\/types\/product"}],"replies":[{"embeddable":true,"href":"https:\/\/pandeoshop.com\/sl\/wp-json\/wp\/v2\/comments?post=26596"}],"wp:featuredmedia":[{"embeddable":true,"href":"https:\/\/pandeoshop.com\/sl\/wp-json\/wp\/v2\/media\/35701"}],"wp:attachment":[{"href":"https:\/\/pandeoshop.com\/sl\/wp-json\/wp\/v2\/media?parent=26596"}],"wp:term":[{"taxonomy":"product_cat","embeddable":true,"href":"https:\/\/pandeoshop.com\/sl\/wp-json\/wp\/v2\/product_cat?post=26596"},{"taxonomy":"product_tag","embeddable":true,"href":"https:\/\/pandeoshop.com\/sl\/wp-json\/wp\/v2\/product_tag?post=26596"}],"curies":[{"name":"wp","href":"https:\/\/api.w.org\/{rel}","templated":true}]}}