{"id":26583,"date":"2023-05-24T16:33:29","date_gmt":"2023-05-24T15:10:13","guid":{"rendered":"https:\/\/pandeoshop.com\/?post_type=product&#038;p=26583"},"modified":"2023-07-20T01:30:53","modified_gmt":"2023-07-19T23:30:53","slug":"serum-za-ozanje-por-in-uravnavanje-loja-medi-peel-special-care-pore-9-tightening-serum","status":"publish","type":"product","link":"https:\/\/pandeoshop.com\/sl\/izdelek\/serum-za-ozanje-por-in-uravnavanje-loja-medi-peel-special-care-pore-9-tightening-serum\/","title":{"rendered":"Serum za o\u017eanje por in uravnavanje loja <br\/> Medi-Peel Special Care Pore 9 Tightening Serum"},"content":{"rendered":"<p>Medi-Peel Special Care Pore 9 serum za zategovanje je zasnovan za me\u0161ano, mastno ko\u017eo in ko\u017eo z raz\u0161irjenimi porami. Zahvaljujo\u010d intenzivnim aktivnim sestavinam pomaga zmanj\u0161ati pore, izena\u010di povr\u0161ino ko\u017ee in odpravi masten lesk. Bogata sestava lahko re\u0161i ve\u010d te\u017eav va\u0161e ko\u017ee.<\/p>\n<p>Morska voda deluje kot naravni piling, odstranjuje odmrle ko\u017ene celice in ko\u017eo nasi\u010di s koristnimi mikroelementi.<br \/>\nPeptidi uravnavajo proizvodnjo sebuma, obnavljajo ko\u017eo na celi\u010dni ravni in odpravljajo gube.<br \/>\nIzvle\u010dek \u017eajblja ima protivnetne in pomirjujo\u010de lastnosti.<br \/>\nKakavov izvle\u010dek nasi\u010di ko\u017eo z antioksidanti, spodbuja sintezo kolagena, intenzivno vla\u017ei in izena\u010di teksturo ko\u017ee.<br \/>\nAdenozin daje ko\u017ei \u010dvrstost in elasti\u010dnost, pove\u010duje turgor. Izvle\u010dek li\u010dija spodbuja proizvodnjo hialuronske kisline.<br \/>\nIzvle\u010dek \u010dajevca je mo\u010dan antiseptik, odpravlja \u0161kodljive bakterije, se bori proti aknam, matira ko\u017eo in uravnava proizvodnjo sebuma.<br \/>\nIzvle\u010dek oljke ko\u017eo vla\u017ei, meh\u010da, pomlajuje, regenerira in jo za\u0161\u010diti pred izsu\u0161evanjem.<br \/>\nDama\u0161\u010danska vrtnica pomlajuje, vla\u017ei in odpravlja lu\u0161\u010denje.<\/p>\n","protected":false},"excerpt":{"rendered":"<p>Serum za vitalno in problemati\u010dno ko\u017eo zo\u017ei raz\u0161irjene pore, zmanj\u0161a masten lesk in prepre\u010duje nastanek ogrcev. Peptidi in druge sestavine proti staranju imajo mo\u010dan u\u010dinek proti staranju, zmanj\u0161ujejo gube in napnejo ko\u017eo. Serum je priporo\u010dljiv za ko\u017eo 30+.<\/p>\n","protected":false},"featured_media":42692,"comment_status":"open","ping_status":"closed","template":"","meta":[],"product_cat":[1755,1719,1765,1754,1730,1718,1804,1768,1780,1814,1767,1948,1781,1803,1942,1779],"product_tag":[4265,4495,4513,4283,4286,4595,4288,4523,4293,4549,4319,4516,4518,4586,4566,4336,4571,4341,4356,4365],"bundle_layout":"","bundle_add_to_cart_form_location":"","bundle_editable_in_cart":false,"bundle_sold_individually_context":"","bundle_item_grouping":"","bundle_min_size":"","bundle_max_size":"","bundled_by":[],"bundled_items":[],"yoast_head":"<!-- This site is optimized with the Yoast SEO Premium plugin v22.2 (Yoast SEO v22.9) - https:\/\/yoast.com\/wordpress\/plugins\/seo\/ -->\n<title>Serum za o\u017eanje por in uravnavanje loja | Medi-Peel Special Care Pore 9 Tightening Serum - Pandeoshop<\/title>\n<meta name=\"description\" content=\"Serum za vitalno in problemati\u010dno ko\u017eo zo\u017ei raz\u0161irjene pore, zmanj\u0161a masten lesk in prepre\u010duje nastanek ogrcev. Peptidi in druge sestavine proti staranju imajo mo\u010dan u\u010dinek proti staranju, zmanj\u0161ujejo gube in napnejo ko\u017eo. Serum je priporo\u010dljiv za ko\u017eo 30+.\" \/>\n<meta name=\"robots\" content=\"index, follow, max-snippet:-1, max-image-preview:large, max-video-preview:-1\" \/>\n<link rel=\"canonical\" href=\"https:\/\/pandeoshop.com\/sl\/product\/medi-peel-special-care-pore-9-tightening-serum\/\" \/>\n<meta property=\"og:locale\" content=\"sl_SI\" \/>\n<meta property=\"og:type\" content=\"article\" \/>\n<meta property=\"og:title\" content=\"Serum za o\u017eanje por in uravnavanje loja | Medi-Peel Special Care Pore 9 Tightening Serum - Pandeoshop\" \/>\n<meta property=\"og:description\" content=\"Serum za vitalno in problemati\u010dno ko\u017eo zo\u017ei raz\u0161irjene pore, zmanj\u0161a masten lesk in prepre\u010duje nastanek ogrcev. Peptidi in druge sestavine proti staranju imajo mo\u010dan u\u010dinek proti staranju, zmanj\u0161ujejo gube in napnejo ko\u017eo. Serum je priporo\u010dljiv za ko\u017eo 30+.\" \/>\n<meta property=\"og:url\" content=\"https:\/\/pandeoshop.com\/product\/medi-peel-special-care-pore-9-tightening-serum\/\" \/>\n<meta property=\"og:site_name\" content=\"Pandeoshop\" \/>\n<meta property=\"article:publisher\" content=\"https:\/\/www.facebook.com\/pandeoshop\/\" \/>\n<meta property=\"article:modified_time\" content=\"2023-07-19T23:30:53+00:00\" \/>\n<meta property=\"og:image\" content=\"https:\/\/pandeoshop.com\/wp-content\/uploads\/medipeel-special-care-pore-9-tightening-serum-1.jpeg\" \/>\n\t<meta property=\"og:image:width\" content=\"1000\" \/>\n\t<meta property=\"og:image:height\" content=\"1000\" \/>\n\t<meta property=\"og:image:type\" content=\"image\/jpeg\" \/>\n<meta name=\"twitter:card\" content=\"summary_large_image\" \/>\n<script type=\"application\/ld+json\" class=\"yoast-schema-graph\">{\"@context\":\"https:\/\/schema.org\",\"@graph\":[{\"@type\":\"WebPage\",\"@id\":\"https:\/\/pandeoshop.com\/sl\/izdelek\/serum-za-ozanje-por-in-uravnavanje-loja-medi-peel-special-care-pore-9-tightening-serum\/\",\"url\":\"https:\/\/pandeoshop.com\/product\/medi-peel-special-care-pore-9-tightening-serum\/\",\"name\":\"Serum za o\u017eanje por in uravnavanje loja | Medi-Peel Special Care Pore 9 Tightening Serum - Pandeoshop\",\"isPartOf\":{\"@id\":\"https:\/\/pandeoshop.com\/sl\/#website\"},\"primaryImageOfPage\":{\"@id\":\"https:\/\/pandeoshop.com\/product\/medi-peel-special-care-pore-9-tightening-serum\/#primaryimage\"},\"image\":{\"@id\":\"https:\/\/pandeoshop.com\/product\/medi-peel-special-care-pore-9-tightening-serum\/#primaryimage\"},\"thumbnailUrl\":\"https:\/\/pandeoshop.com\/wp-content\/uploads\/medi-peel-hyaluronic-acid-layer-mooltox-wrapping-mask.jpg\",\"datePublished\":\"2023-05-24T15:10:13+00:00\",\"dateModified\":\"2023-07-19T23:30:53+00:00\",\"description\":\"Serum za vitalno in problemati\u010dno ko\u017eo zo\u017ei raz\u0161irjene pore, zmanj\u0161a masten lesk in prepre\u010duje nastanek ogrcev. Peptidi in druge sestavine proti staranju imajo mo\u010dan u\u010dinek proti staranju, zmanj\u0161ujejo gube in napnejo ko\u017eo. Serum je priporo\u010dljiv za ko\u017eo 30+.\",\"breadcrumb\":{\"@id\":\"https:\/\/pandeoshop.com\/product\/medi-peel-special-care-pore-9-tightening-serum\/#breadcrumb\"},\"inLanguage\":\"sl-SI\",\"potentialAction\":[{\"@type\":\"ReadAction\",\"target\":[\"https:\/\/pandeoshop.com\/product\/medi-peel-special-care-pore-9-tightening-serum\/\"]}]},{\"@type\":\"ImageObject\",\"inLanguage\":\"sl-SI\",\"@id\":\"https:\/\/pandeoshop.com\/product\/medi-peel-special-care-pore-9-tightening-serum\/#primaryimage\",\"url\":\"https:\/\/pandeoshop.com\/wp-content\/uploads\/medi-peel-hyaluronic-acid-layer-mooltox-wrapping-mask.jpg\",\"contentUrl\":\"https:\/\/pandeoshop.com\/wp-content\/uploads\/medi-peel-hyaluronic-acid-layer-mooltox-wrapping-mask.jpg\",\"width\":477,\"height\":521},{\"@type\":\"BreadcrumbList\",\"@id\":\"https:\/\/pandeoshop.com\/product\/medi-peel-special-care-pore-9-tightening-serum\/#breadcrumb\",\"itemListElement\":[{\"@type\":\"ListItem\",\"position\":1,\"name\":\"Domov\",\"item\":\"https:\/\/pandeoshop.com\/sl\/\"},{\"@type\":\"ListItem\",\"position\":2,\"name\":\"Trgovina\",\"item\":\"https:\/\/pandeoshop.com\/sl\/trgovina\/\"},{\"@type\":\"ListItem\",\"position\":3,\"name\":\"Blagovne znamke\",\"item\":\"https:\/\/pandeoshop.com\/sl\/category\/blagovne-znamke\/\"},{\"@type\":\"ListItem\",\"position\":4,\"name\":\"Medi-Peel\",\"item\":\"https:\/\/pandeoshop.com\/sl\/category\/blagovne-znamke\/medi-peel-sl\/\"},{\"@type\":\"ListItem\",\"position\":5,\"name\":\"Serum za o\u017eanje por in uravnavanje loja Medi-Peel Special Care Pore 9 Tightening Serum\"}]},{\"@type\":\"WebSite\",\"@id\":\"https:\/\/pandeoshop.com\/sl\/#website\",\"url\":\"https:\/\/pandeoshop.com\/sl\/\",\"name\":\"Pandeoshop\",\"description\":\"\u0160e eno spleti\u0161\u010de WordPress\",\"publisher\":{\"@id\":\"https:\/\/pandeoshop.com\/sl\/#organization\"},\"potentialAction\":[{\"@type\":\"SearchAction\",\"target\":{\"@type\":\"EntryPoint\",\"urlTemplate\":\"https:\/\/pandeoshop.com\/sl\/?s={search_term_string}\"},\"query-input\":\"required name=search_term_string\"}],\"inLanguage\":\"sl-SI\"},{\"@type\":\"Organization\",\"@id\":\"https:\/\/pandeoshop.com\/sl\/#organization\",\"name\":\"Pandeoshop\",\"url\":\"https:\/\/pandeoshop.com\/sl\/\",\"logo\":{\"@type\":\"ImageObject\",\"inLanguage\":\"sl-SI\",\"@id\":\"https:\/\/pandeoshop.com\/sl\/#\/schema\/logo\/image\/\",\"url\":\"https:\/\/pandeoshop.com\/wp-content\/uploads\/pandeoshop_social_logo_no_textjpg.jpg\",\"contentUrl\":\"https:\/\/pandeoshop.com\/wp-content\/uploads\/pandeoshop_social_logo_no_textjpg.jpg\",\"width\":288,\"height\":201,\"caption\":\"Pandeoshop\"},\"image\":{\"@id\":\"https:\/\/pandeoshop.com\/sl\/#\/schema\/logo\/image\/\"},\"sameAs\":[\"https:\/\/www.facebook.com\/pandeoshop\/\",\"https:\/\/www.instagram.com\/pandeo_shop\/\"]}]}<\/script>\n<meta property=\"product:price:amount\" content=\"34.70\" \/>\n<meta property=\"product:price:currency\" content=\"EUR\" \/>\n<meta property=\"og:availability\" content=\"instock\" \/>\n<meta property=\"product:availability\" content=\"instock\" \/>\n<meta property=\"product:retailer_item_id\" content=\"HS11087\" \/>\n<meta property=\"product:condition\" content=\"new\" \/>\n<!-- \/ Yoast SEO Premium plugin. -->","yoast_head_json":{"title":"Serum za o\u017eanje por in uravnavanje loja | Medi-Peel Special Care Pore 9 Tightening Serum - Pandeoshop","description":"Serum za vitalno in problemati\u010dno ko\u017eo zo\u017ei raz\u0161irjene pore, zmanj\u0161a masten lesk in prepre\u010duje nastanek ogrcev. Peptidi in druge sestavine proti staranju imajo mo\u010dan u\u010dinek proti staranju, zmanj\u0161ujejo gube in napnejo ko\u017eo. Serum je priporo\u010dljiv za ko\u017eo 30+.","robots":{"index":"index","follow":"follow","max-snippet":"max-snippet:-1","max-image-preview":"max-image-preview:large","max-video-preview":"max-video-preview:-1"},"canonical":"https:\/\/pandeoshop.com\/sl\/product\/medi-peel-special-care-pore-9-tightening-serum\/","og_locale":"sl_SI","og_type":"article","og_title":"Serum za o\u017eanje por in uravnavanje loja | Medi-Peel Special Care Pore 9 Tightening Serum - Pandeoshop","og_description":"Serum za vitalno in problemati\u010dno ko\u017eo zo\u017ei raz\u0161irjene pore, zmanj\u0161a masten lesk in prepre\u010duje nastanek ogrcev. Peptidi in druge sestavine proti staranju imajo mo\u010dan u\u010dinek proti staranju, zmanj\u0161ujejo gube in napnejo ko\u017eo. Serum je priporo\u010dljiv za ko\u017eo 30+.","og_url":"https:\/\/pandeoshop.com\/product\/medi-peel-special-care-pore-9-tightening-serum\/","og_site_name":"Pandeoshop","article_publisher":"https:\/\/www.facebook.com\/pandeoshop\/","article_modified_time":"2023-07-19T23:30:53+00:00","og_image":[{"width":1000,"height":1000,"url":"https:\/\/pandeoshop.com\/wp-content\/uploads\/medipeel-special-care-pore-9-tightening-serum-1.jpeg","type":"image\/jpeg"}],"twitter_card":"summary_large_image","schema":{"@context":"https:\/\/schema.org","@graph":[{"@type":"WebPage","@id":"https:\/\/pandeoshop.com\/sl\/izdelek\/serum-za-ozanje-por-in-uravnavanje-loja-medi-peel-special-care-pore-9-tightening-serum\/","url":"https:\/\/pandeoshop.com\/product\/medi-peel-special-care-pore-9-tightening-serum\/","name":"Serum za o\u017eanje por in uravnavanje loja | Medi-Peel Special Care Pore 9 Tightening Serum - Pandeoshop","isPartOf":{"@id":"https:\/\/pandeoshop.com\/sl\/#website"},"primaryImageOfPage":{"@id":"https:\/\/pandeoshop.com\/product\/medi-peel-special-care-pore-9-tightening-serum\/#primaryimage"},"image":{"@id":"https:\/\/pandeoshop.com\/product\/medi-peel-special-care-pore-9-tightening-serum\/#primaryimage"},"thumbnailUrl":"https:\/\/pandeoshop.com\/wp-content\/uploads\/medi-peel-hyaluronic-acid-layer-mooltox-wrapping-mask.jpg","datePublished":"2023-05-24T15:10:13+00:00","dateModified":"2023-07-19T23:30:53+00:00","description":"Serum za vitalno in problemati\u010dno ko\u017eo zo\u017ei raz\u0161irjene pore, zmanj\u0161a masten lesk in prepre\u010duje nastanek ogrcev. Peptidi in druge sestavine proti staranju imajo mo\u010dan u\u010dinek proti staranju, zmanj\u0161ujejo gube in napnejo ko\u017eo. Serum je priporo\u010dljiv za ko\u017eo 30+.","breadcrumb":{"@id":"https:\/\/pandeoshop.com\/product\/medi-peel-special-care-pore-9-tightening-serum\/#breadcrumb"},"inLanguage":"sl-SI","potentialAction":[{"@type":"ReadAction","target":["https:\/\/pandeoshop.com\/product\/medi-peel-special-care-pore-9-tightening-serum\/"]}]},{"@type":"ImageObject","inLanguage":"sl-SI","@id":"https:\/\/pandeoshop.com\/product\/medi-peel-special-care-pore-9-tightening-serum\/#primaryimage","url":"https:\/\/pandeoshop.com\/wp-content\/uploads\/medi-peel-hyaluronic-acid-layer-mooltox-wrapping-mask.jpg","contentUrl":"https:\/\/pandeoshop.com\/wp-content\/uploads\/medi-peel-hyaluronic-acid-layer-mooltox-wrapping-mask.jpg","width":477,"height":521},{"@type":"BreadcrumbList","@id":"https:\/\/pandeoshop.com\/product\/medi-peel-special-care-pore-9-tightening-serum\/#breadcrumb","itemListElement":[{"@type":"ListItem","position":1,"name":"Domov","item":"https:\/\/pandeoshop.com\/sl\/"},{"@type":"ListItem","position":2,"name":"Trgovina","item":"https:\/\/pandeoshop.com\/sl\/trgovina\/"},{"@type":"ListItem","position":3,"name":"Blagovne znamke","item":"https:\/\/pandeoshop.com\/sl\/category\/blagovne-znamke\/"},{"@type":"ListItem","position":4,"name":"Medi-Peel","item":"https:\/\/pandeoshop.com\/sl\/category\/blagovne-znamke\/medi-peel-sl\/"},{"@type":"ListItem","position":5,"name":"Serum za o\u017eanje por in uravnavanje loja Medi-Peel Special Care Pore 9 Tightening Serum"}]},{"@type":"WebSite","@id":"https:\/\/pandeoshop.com\/sl\/#website","url":"https:\/\/pandeoshop.com\/sl\/","name":"Pandeoshop","description":"\u0160e eno spleti\u0161\u010de WordPress","publisher":{"@id":"https:\/\/pandeoshop.com\/sl\/#organization"},"potentialAction":[{"@type":"SearchAction","target":{"@type":"EntryPoint","urlTemplate":"https:\/\/pandeoshop.com\/sl\/?s={search_term_string}"},"query-input":"required name=search_term_string"}],"inLanguage":"sl-SI"},{"@type":"Organization","@id":"https:\/\/pandeoshop.com\/sl\/#organization","name":"Pandeoshop","url":"https:\/\/pandeoshop.com\/sl\/","logo":{"@type":"ImageObject","inLanguage":"sl-SI","@id":"https:\/\/pandeoshop.com\/sl\/#\/schema\/logo\/image\/","url":"https:\/\/pandeoshop.com\/wp-content\/uploads\/pandeoshop_social_logo_no_textjpg.jpg","contentUrl":"https:\/\/pandeoshop.com\/wp-content\/uploads\/pandeoshop_social_logo_no_textjpg.jpg","width":288,"height":201,"caption":"Pandeoshop"},"image":{"@id":"https:\/\/pandeoshop.com\/sl\/#\/schema\/logo\/image\/"},"sameAs":["https:\/\/www.facebook.com\/pandeoshop\/","https:\/\/www.instagram.com\/pandeo_shop\/"]}]},"product_price_amount":"34.70","product_price_currency":"EUR","og_availability":"instock","product_availability":"instock","product_retailer_item_id":"HS11087","product_condition":"new"},"_links":{"self":[{"href":"https:\/\/pandeoshop.com\/sl\/wp-json\/wp\/v2\/product\/26583"}],"collection":[{"href":"https:\/\/pandeoshop.com\/sl\/wp-json\/wp\/v2\/product"}],"about":[{"href":"https:\/\/pandeoshop.com\/sl\/wp-json\/wp\/v2\/types\/product"}],"replies":[{"embeddable":true,"href":"https:\/\/pandeoshop.com\/sl\/wp-json\/wp\/v2\/comments?post=26583"}],"wp:featuredmedia":[{"embeddable":true,"href":"https:\/\/pandeoshop.com\/sl\/wp-json\/wp\/v2\/media\/42692"}],"wp:attachment":[{"href":"https:\/\/pandeoshop.com\/sl\/wp-json\/wp\/v2\/media?parent=26583"}],"wp:term":[{"taxonomy":"product_cat","embeddable":true,"href":"https:\/\/pandeoshop.com\/sl\/wp-json\/wp\/v2\/product_cat?post=26583"},{"taxonomy":"product_tag","embeddable":true,"href":"https:\/\/pandeoshop.com\/sl\/wp-json\/wp\/v2\/product_tag?post=26583"}],"curies":[{"name":"wp","href":"https:\/\/api.w.org\/{rel}","templated":true}]}}