{"id":26582,"date":"2022-10-25T23:16:02","date_gmt":"2022-09-17T15:50:44","guid":{"rendered":"https:\/\/pandeoshop.com\/?post_type=product&#038;p=26582"},"modified":"2023-07-20T01:30:52","modified_gmt":"2023-07-19T23:30:52","slug":"komplet-alginatnih-mask-s-peptidi-medi-peel-royal-rose-premium-modeling-pack-set","status":"publish","type":"product","link":"https:\/\/pandeoshop.com\/sl\/izdelek\/komplet-alginatnih-mask-s-peptidi-medi-peel-royal-rose-premium-modeling-pack-set\/","title":{"rendered":"Komplet alginatnih mask s peptidi <br\/> Medi-Peel Royal Rose Premium Modeling Pack Set"},"content":{"rendered":"<p>Medi-Peel Royal Rose Premium Modeling Pack Set je maska \u200b\u200bna osnovi izvle\u010dka alg, ki jo je treba zme\u0161ati tik pred uporabo. Gelasta konsistenca se na ko\u017ei posu\u0161i in tvori za\u0161\u010ditni film, ki maski omogo\u010da, da prodre v vse neravnine ko\u017ee.<\/p>\n<p>Niacinamid izbolj\u0161a elasti\u010dnost in turgor in se bori proti starostnim pegam.<br \/>\nEkstrakt vrtnice ko\u017eo meh\u010da, vla\u017ei, pomlajuje in pospe\u0161uje celjenje ran.<br \/>\nEkstrakt \u0161ipka nasi\u010di ko\u017eo z vitamini A, E in C, spodbuja sintezo kolagena in gladi ko\u017eo.<br \/>\nEkstrakt Centella ima protivnetne lastnosti, gladi drobne gube in ko\u017eo napolni z vlago.<\/p>\n<p>Ta maska \u200b\u200bko\u017eo okrepi, jo po\u017eivi in \u200b\u200bko\u017ei podari mladosten videz.<\/p>\n","protected":false},"excerpt":{"rendered":"<p>Alginatna maska \u200b\u200bne\u017eno neguje, prepre\u010duje rde\u010dico in dra\u017eenje ko\u017ee. Maska ima hipoalergeno formulo.<\/p>\n","protected":false},"featured_media":35616,"comment_status":"open","ping_status":"closed","template":"","meta":[],"product_cat":[1804,1784,1768,1780,1814,1785,1767,1781,1782,1783,1779,1786],"product_tag":[4495,5211,4526,4549,4518,4531,4565,4566,4582,4553,4581],"bundle_layout":"","bundle_add_to_cart_form_location":"","bundle_editable_in_cart":false,"bundle_sold_individually_context":"","bundle_item_grouping":"","bundle_min_size":"","bundle_max_size":"","bundled_by":[],"bundled_items":[],"yoast_head":"<!-- This site is optimized with the Yoast SEO Premium plugin v22.2 (Yoast SEO v22.9) - https:\/\/yoast.com\/wordpress\/plugins\/seo\/ -->\n<title>Komplet alginatnih mask s peptidi | Medi-Peel Royal Rose Premium Modeling Pack Set - Pandeoshop<\/title>\n<meta name=\"description\" content=\"Alginatna maska \u200b\u200bne\u017eno neguje, prepre\u010duje rde\u010dico in dra\u017eenje ko\u017ee. Maska ima hipoalergeno formulo.\" \/>\n<meta name=\"robots\" content=\"index, follow, max-snippet:-1, max-image-preview:large, max-video-preview:-1\" \/>\n<link rel=\"canonical\" href=\"https:\/\/pandeoshop.com\/sl\/product\/medi-peel-royal-rose-premium-modeling-pack-set\/\" \/>\n<meta property=\"og:locale\" content=\"sl_SI\" \/>\n<meta property=\"og:type\" content=\"article\" \/>\n<meta property=\"og:title\" content=\"Komplet alginatnih mask s peptidi | Medi-Peel Royal Rose Premium Modeling Pack Set - Pandeoshop\" \/>\n<meta property=\"og:description\" content=\"Alginatna maska \u200b\u200bne\u017eno neguje, prepre\u010duje rde\u010dico in dra\u017eenje ko\u017ee. Maska ima hipoalergeno formulo.\" \/>\n<meta property=\"og:url\" content=\"https:\/\/pandeoshop.com\/product\/medi-peel-royal-rose-premium-modeling-pack-set\/\" \/>\n<meta property=\"og:site_name\" content=\"Pandeoshop\" \/>\n<meta property=\"article:publisher\" content=\"https:\/\/www.facebook.com\/pandeoshop\/\" \/>\n<meta property=\"article:modified_time\" content=\"2023-07-19T23:30:52+00:00\" \/>\n<meta property=\"og:image\" content=\"https:\/\/pandeoshop.com\/wp-content\/uploads\/medi-peel-royal-rose-premium-modeling-pack-set-1.jpeg\" \/>\n\t<meta property=\"og:image:width\" content=\"1000\" \/>\n\t<meta property=\"og:image:height\" content=\"1000\" \/>\n\t<meta property=\"og:image:type\" content=\"image\/jpeg\" \/>\n<meta name=\"twitter:card\" content=\"summary_large_image\" \/>\n<script type=\"application\/ld+json\" class=\"yoast-schema-graph\">{\"@context\":\"https:\/\/schema.org\",\"@graph\":[{\"@type\":\"WebPage\",\"@id\":\"https:\/\/pandeoshop.com\/sl\/izdelek\/komplet-alginatnih-mask-s-peptidi-medi-peel-royal-rose-premium-modeling-pack-set\/\",\"url\":\"https:\/\/pandeoshop.com\/product\/medi-peel-royal-rose-premium-modeling-pack-set\/\",\"name\":\"Komplet alginatnih mask s peptidi | Medi-Peel Royal Rose Premium Modeling Pack Set - Pandeoshop\",\"isPartOf\":{\"@id\":\"https:\/\/pandeoshop.com\/sl\/#website\"},\"primaryImageOfPage\":{\"@id\":\"https:\/\/pandeoshop.com\/product\/medi-peel-royal-rose-premium-modeling-pack-set\/#primaryimage\"},\"image\":{\"@id\":\"https:\/\/pandeoshop.com\/product\/medi-peel-royal-rose-premium-modeling-pack-set\/#primaryimage\"},\"thumbnailUrl\":\"https:\/\/pandeoshop.com\/wp-content\/uploads\/medi-peel-royal-rose-premium-modeling-pack-set-1.jpeg\",\"datePublished\":\"2022-09-17T15:50:44+00:00\",\"dateModified\":\"2023-07-19T23:30:52+00:00\",\"description\":\"Alginatna maska \u200b\u200bne\u017eno neguje, prepre\u010duje rde\u010dico in dra\u017eenje ko\u017ee. Maska ima hipoalergeno formulo.\",\"breadcrumb\":{\"@id\":\"https:\/\/pandeoshop.com\/product\/medi-peel-royal-rose-premium-modeling-pack-set\/#breadcrumb\"},\"inLanguage\":\"sl-SI\",\"potentialAction\":[{\"@type\":\"ReadAction\",\"target\":[\"https:\/\/pandeoshop.com\/product\/medi-peel-royal-rose-premium-modeling-pack-set\/\"]}]},{\"@type\":\"ImageObject\",\"inLanguage\":\"sl-SI\",\"@id\":\"https:\/\/pandeoshop.com\/product\/medi-peel-royal-rose-premium-modeling-pack-set\/#primaryimage\",\"url\":\"https:\/\/pandeoshop.com\/wp-content\/uploads\/medi-peel-royal-rose-premium-modeling-pack-set-1.jpeg\",\"contentUrl\":\"https:\/\/pandeoshop.com\/wp-content\/uploads\/medi-peel-royal-rose-premium-modeling-pack-set-1.jpeg\",\"width\":1000,\"height\":1000},{\"@type\":\"BreadcrumbList\",\"@id\":\"https:\/\/pandeoshop.com\/product\/medi-peel-royal-rose-premium-modeling-pack-set\/#breadcrumb\",\"itemListElement\":[{\"@type\":\"ListItem\",\"position\":1,\"name\":\"Domov\",\"item\":\"https:\/\/pandeoshop.com\/sl\/\"},{\"@type\":\"ListItem\",\"position\":2,\"name\":\"Trgovina\",\"item\":\"https:\/\/pandeoshop.com\/sl\/trgovina\/\"},{\"@type\":\"ListItem\",\"position\":3,\"name\":\"Blagovne znamke\",\"item\":\"https:\/\/pandeoshop.com\/sl\/category\/blagovne-znamke\/\"},{\"@type\":\"ListItem\",\"position\":4,\"name\":\"Medi-Peel\",\"item\":\"https:\/\/pandeoshop.com\/sl\/category\/blagovne-znamke\/medi-peel-sl\/\"},{\"@type\":\"ListItem\",\"position\":5,\"name\":\"Komplet alginatnih mask s peptidi Medi-Peel Royal Rose Premium Modeling Pack Set\"}]},{\"@type\":\"WebSite\",\"@id\":\"https:\/\/pandeoshop.com\/sl\/#website\",\"url\":\"https:\/\/pandeoshop.com\/sl\/\",\"name\":\"Pandeoshop\",\"description\":\"\u0160e eno spleti\u0161\u010de WordPress\",\"publisher\":{\"@id\":\"https:\/\/pandeoshop.com\/sl\/#organization\"},\"potentialAction\":[{\"@type\":\"SearchAction\",\"target\":{\"@type\":\"EntryPoint\",\"urlTemplate\":\"https:\/\/pandeoshop.com\/sl\/?s={search_term_string}\"},\"query-input\":\"required name=search_term_string\"}],\"inLanguage\":\"sl-SI\"},{\"@type\":\"Organization\",\"@id\":\"https:\/\/pandeoshop.com\/sl\/#organization\",\"name\":\"Pandeoshop\",\"url\":\"https:\/\/pandeoshop.com\/sl\/\",\"logo\":{\"@type\":\"ImageObject\",\"inLanguage\":\"sl-SI\",\"@id\":\"https:\/\/pandeoshop.com\/sl\/#\/schema\/logo\/image\/\",\"url\":\"https:\/\/pandeoshop.com\/wp-content\/uploads\/pandeoshop_social_logo_no_textjpg.jpg\",\"contentUrl\":\"https:\/\/pandeoshop.com\/wp-content\/uploads\/pandeoshop_social_logo_no_textjpg.jpg\",\"width\":288,\"height\":201,\"caption\":\"Pandeoshop\"},\"image\":{\"@id\":\"https:\/\/pandeoshop.com\/sl\/#\/schema\/logo\/image\/\"},\"sameAs\":[\"https:\/\/www.facebook.com\/pandeoshop\/\",\"https:\/\/www.instagram.com\/pandeo_shop\/\"]}]}<\/script>\n<meta property=\"product:price:amount\" content=\"66.94\" \/>\n<meta property=\"product:price:currency\" content=\"EUR\" \/>\n<meta property=\"og:availability\" content=\"instock\" \/>\n<meta property=\"product:availability\" content=\"instock\" \/>\n<meta property=\"product:retailer_item_id\" content=\"HS10580\" \/>\n<meta property=\"product:condition\" content=\"new\" \/>\n<!-- \/ Yoast SEO Premium plugin. -->","yoast_head_json":{"title":"Komplet alginatnih mask s peptidi | Medi-Peel Royal Rose Premium Modeling Pack Set - Pandeoshop","description":"Alginatna maska \u200b\u200bne\u017eno neguje, prepre\u010duje rde\u010dico in dra\u017eenje ko\u017ee. Maska ima hipoalergeno formulo.","robots":{"index":"index","follow":"follow","max-snippet":"max-snippet:-1","max-image-preview":"max-image-preview:large","max-video-preview":"max-video-preview:-1"},"canonical":"https:\/\/pandeoshop.com\/sl\/product\/medi-peel-royal-rose-premium-modeling-pack-set\/","og_locale":"sl_SI","og_type":"article","og_title":"Komplet alginatnih mask s peptidi | Medi-Peel Royal Rose Premium Modeling Pack Set - Pandeoshop","og_description":"Alginatna maska \u200b\u200bne\u017eno neguje, prepre\u010duje rde\u010dico in dra\u017eenje ko\u017ee. Maska ima hipoalergeno formulo.","og_url":"https:\/\/pandeoshop.com\/product\/medi-peel-royal-rose-premium-modeling-pack-set\/","og_site_name":"Pandeoshop","article_publisher":"https:\/\/www.facebook.com\/pandeoshop\/","article_modified_time":"2023-07-19T23:30:52+00:00","og_image":[{"width":1000,"height":1000,"url":"https:\/\/pandeoshop.com\/wp-content\/uploads\/medi-peel-royal-rose-premium-modeling-pack-set-1.jpeg","type":"image\/jpeg"}],"twitter_card":"summary_large_image","schema":{"@context":"https:\/\/schema.org","@graph":[{"@type":"WebPage","@id":"https:\/\/pandeoshop.com\/sl\/izdelek\/komplet-alginatnih-mask-s-peptidi-medi-peel-royal-rose-premium-modeling-pack-set\/","url":"https:\/\/pandeoshop.com\/product\/medi-peel-royal-rose-premium-modeling-pack-set\/","name":"Komplet alginatnih mask s peptidi | Medi-Peel Royal Rose Premium Modeling Pack Set - Pandeoshop","isPartOf":{"@id":"https:\/\/pandeoshop.com\/sl\/#website"},"primaryImageOfPage":{"@id":"https:\/\/pandeoshop.com\/product\/medi-peel-royal-rose-premium-modeling-pack-set\/#primaryimage"},"image":{"@id":"https:\/\/pandeoshop.com\/product\/medi-peel-royal-rose-premium-modeling-pack-set\/#primaryimage"},"thumbnailUrl":"https:\/\/pandeoshop.com\/wp-content\/uploads\/medi-peel-royal-rose-premium-modeling-pack-set-1.jpeg","datePublished":"2022-09-17T15:50:44+00:00","dateModified":"2023-07-19T23:30:52+00:00","description":"Alginatna maska \u200b\u200bne\u017eno neguje, prepre\u010duje rde\u010dico in dra\u017eenje ko\u017ee. Maska ima hipoalergeno formulo.","breadcrumb":{"@id":"https:\/\/pandeoshop.com\/product\/medi-peel-royal-rose-premium-modeling-pack-set\/#breadcrumb"},"inLanguage":"sl-SI","potentialAction":[{"@type":"ReadAction","target":["https:\/\/pandeoshop.com\/product\/medi-peel-royal-rose-premium-modeling-pack-set\/"]}]},{"@type":"ImageObject","inLanguage":"sl-SI","@id":"https:\/\/pandeoshop.com\/product\/medi-peel-royal-rose-premium-modeling-pack-set\/#primaryimage","url":"https:\/\/pandeoshop.com\/wp-content\/uploads\/medi-peel-royal-rose-premium-modeling-pack-set-1.jpeg","contentUrl":"https:\/\/pandeoshop.com\/wp-content\/uploads\/medi-peel-royal-rose-premium-modeling-pack-set-1.jpeg","width":1000,"height":1000},{"@type":"BreadcrumbList","@id":"https:\/\/pandeoshop.com\/product\/medi-peel-royal-rose-premium-modeling-pack-set\/#breadcrumb","itemListElement":[{"@type":"ListItem","position":1,"name":"Domov","item":"https:\/\/pandeoshop.com\/sl\/"},{"@type":"ListItem","position":2,"name":"Trgovina","item":"https:\/\/pandeoshop.com\/sl\/trgovina\/"},{"@type":"ListItem","position":3,"name":"Blagovne znamke","item":"https:\/\/pandeoshop.com\/sl\/category\/blagovne-znamke\/"},{"@type":"ListItem","position":4,"name":"Medi-Peel","item":"https:\/\/pandeoshop.com\/sl\/category\/blagovne-znamke\/medi-peel-sl\/"},{"@type":"ListItem","position":5,"name":"Komplet alginatnih mask s peptidi Medi-Peel Royal Rose Premium Modeling Pack Set"}]},{"@type":"WebSite","@id":"https:\/\/pandeoshop.com\/sl\/#website","url":"https:\/\/pandeoshop.com\/sl\/","name":"Pandeoshop","description":"\u0160e eno spleti\u0161\u010de WordPress","publisher":{"@id":"https:\/\/pandeoshop.com\/sl\/#organization"},"potentialAction":[{"@type":"SearchAction","target":{"@type":"EntryPoint","urlTemplate":"https:\/\/pandeoshop.com\/sl\/?s={search_term_string}"},"query-input":"required name=search_term_string"}],"inLanguage":"sl-SI"},{"@type":"Organization","@id":"https:\/\/pandeoshop.com\/sl\/#organization","name":"Pandeoshop","url":"https:\/\/pandeoshop.com\/sl\/","logo":{"@type":"ImageObject","inLanguage":"sl-SI","@id":"https:\/\/pandeoshop.com\/sl\/#\/schema\/logo\/image\/","url":"https:\/\/pandeoshop.com\/wp-content\/uploads\/pandeoshop_social_logo_no_textjpg.jpg","contentUrl":"https:\/\/pandeoshop.com\/wp-content\/uploads\/pandeoshop_social_logo_no_textjpg.jpg","width":288,"height":201,"caption":"Pandeoshop"},"image":{"@id":"https:\/\/pandeoshop.com\/sl\/#\/schema\/logo\/image\/"},"sameAs":["https:\/\/www.facebook.com\/pandeoshop\/","https:\/\/www.instagram.com\/pandeo_shop\/"]}]},"product_price_amount":"66.94","product_price_currency":"EUR","og_availability":"instock","product_availability":"instock","product_retailer_item_id":"HS10580","product_condition":"new"},"_links":{"self":[{"href":"https:\/\/pandeoshop.com\/sl\/wp-json\/wp\/v2\/product\/26582"}],"collection":[{"href":"https:\/\/pandeoshop.com\/sl\/wp-json\/wp\/v2\/product"}],"about":[{"href":"https:\/\/pandeoshop.com\/sl\/wp-json\/wp\/v2\/types\/product"}],"replies":[{"embeddable":true,"href":"https:\/\/pandeoshop.com\/sl\/wp-json\/wp\/v2\/comments?post=26582"}],"wp:featuredmedia":[{"embeddable":true,"href":"https:\/\/pandeoshop.com\/sl\/wp-json\/wp\/v2\/media\/35616"}],"wp:attachment":[{"href":"https:\/\/pandeoshop.com\/sl\/wp-json\/wp\/v2\/media?parent=26582"}],"wp:term":[{"taxonomy":"product_cat","embeddable":true,"href":"https:\/\/pandeoshop.com\/sl\/wp-json\/wp\/v2\/product_cat?post=26582"},{"taxonomy":"product_tag","embeddable":true,"href":"https:\/\/pandeoshop.com\/sl\/wp-json\/wp\/v2\/product_tag?post=26582"}],"curies":[{"name":"wp","href":"https:\/\/api.w.org\/{rel}","templated":true}]}}