{"id":26580,"date":"2023-02-04T20:00:43","date_gmt":"2023-02-04T19:19:35","guid":{"rendered":"https:\/\/pandeoshop.com\/?post_type=product&#038;p=26580"},"modified":"2025-05-15T08:11:33","modified_gmt":"2025-05-15T06:11:33","slug":"tekstilna-maska-z-diamantnim-prahom-za-zdrav-sijaj","status":"publish","type":"product","link":"https:\/\/pandeoshop.com\/sl\/izdelek\/tekstilna-maska-z-diamantnim-prahom-za-zdrav-sijaj\/","title":{"rendered":"Tekstilna maska z diamantnim prahom za zdrav sijaj <br\/> Medi-Peel Rose Diamond Radiant Glow Mask"},"content":{"rendered":"<p>Medi-Peel Rose Diamond Radiant Glow Mask je vla\u017eilna maska \u200b\u200bza mladosten sijaj in izbolj\u0161anje polti ko\u017ee na osnovi kompleksa rastlinskih izvle\u010dkov &#8211; dama\u0161\u010danska vrtnica, centifolia, francoska vrtnica, izvle\u010dek li\u010dija, olje grozdnih pe\u0161k, olje marelice, olje makadamije, arganovo olje. <\/p>\n<p>Glavna u\u010dinkovina &#8211; diamantni prah &#8211; upo\u010dasnjuje proces staranja, pospe\u0161uje proces celjenja, pomirja in laj\u0161a razdra\u017eenost, ko\u017eo nasi\u010di s pomembnimi elementi, izbolj\u0161uje polt, daje ko\u017ei rahel sijaj, \u0161\u010diti ko\u017eo pred UV-\u017earki, meh\u010da in prepre\u010duje staranje ko\u017ee.<br \/>\nAdenozin izbolj\u0161uje proizvodnjo kolagena in elastina, zmanj\u0161uje starostne gube in prepre\u010duje nastanek novih, izena\u010duje teksturo ko\u017ee.<br \/>\nEkstrakt rubina daje ko\u017ei rahel sijaj in \u0161\u010diti pred ultravijoli\u010dnimi \u017earki.<br \/>\nKoloidno zlato je mo\u010dna komponenta proti staranju. Molekule zlata lahko prodrejo v globlje plasti ko\u017ee in jo zgladijo od znotraj. Zahvaljujo\u010d zlatu je ko\u017ea mo\u010dno napeta, globoke gube pa postanejo manj opazne, druge sestavine pa ko\u017ea bolje absorbira.<br \/>\nOlje grozdnih pe\u010dk je \u017ee od anti\u010dnih \u010dasov \u00bbvrelec mladosti\u00ab \u2013 aktivira proizvodnjo kolagena in elastina, vla\u017ei ter zateguje in gladi gube.<br \/>\nArganovo olje ko\u017eo intenzivno vla\u017ei, izena\u010di teksturo ko\u017ee in zmanj\u0161a gube.<\/p>\n<p>U\u010dinki so vidni \u017ee po prvi uporabi. Redna uporaba ima kumulativen u\u010dinek.<\/p>\n","protected":false},"excerpt":{"rendered":"<p>Tekstilna maska z diamantnim prahom za zdrav sijaj | Medi-Peel Rose Diamond Radiant Glow Mask<\/p>\n","protected":false},"featured_media":40568,"comment_status":"open","ping_status":"closed","template":"","meta":[],"product_cat":[1804,1784,1768,1780,1814,1785,1767,1781,1782,1783,1779,1786],"product_tag":[4495,4506,4513,4570,4523,4533,4549,4598,4544],"bundle_layout":"","bundle_add_to_cart_form_location":"","bundle_editable_in_cart":false,"bundle_sold_individually_context":"","bundle_item_grouping":"","bundle_min_size":"","bundle_max_size":"","bundled_by":[],"bundled_items":[],"yoast_head":"<!-- This site is optimized with the Yoast SEO Premium plugin v22.2 (Yoast SEO v22.9) - https:\/\/yoast.com\/wordpress\/plugins\/seo\/ -->\n<title>Tekstilna maska z diamantnim prahom za zdrav sijaj | Medi-Peel Rose Diamond Radiant Glow Mask - Pandeoshop<\/title>\n<meta name=\"description\" content=\"Tekstilna maska z diamantnim prahom za zdrav sijaj | Medi-Peel Rose Diamond Radiant Glow Mask\" \/>\n<meta name=\"robots\" content=\"index, follow, max-snippet:-1, max-image-preview:large, max-video-preview:-1\" \/>\n<link rel=\"canonical\" href=\"https:\/\/pandeoshop.com\/sl\/product\/medi-peel-rose-diamond-radiant-glow-mask\/\" \/>\n<meta property=\"og:locale\" content=\"sl_SI\" \/>\n<meta property=\"og:type\" content=\"article\" \/>\n<meta property=\"og:title\" content=\"Tekstilna maska z diamantnim prahom za zdrav sijaj | Medi-Peel Rose Diamond Radiant Glow Mask - Pandeoshop\" \/>\n<meta property=\"og:description\" content=\"Tekstilna maska z diamantnim prahom za zdrav sijaj | Medi-Peel Rose Diamond Radiant Glow Mask\" \/>\n<meta property=\"og:url\" content=\"https:\/\/pandeoshop.com\/product\/medi-peel-rose-diamond-radiant-glow-mask\/\" \/>\n<meta property=\"og:site_name\" content=\"Pandeoshop\" \/>\n<meta property=\"article:publisher\" content=\"https:\/\/www.facebook.com\/pandeoshop\/\" \/>\n<meta property=\"article:modified_time\" content=\"2025-05-15T06:11:33+00:00\" \/>\n<meta property=\"og:image\" content=\"https:\/\/pandeoshop.com\/wp-content\/uploads\/medi-peel-rose-diamond-radiant-glow-mask.jpeg\" \/>\n\t<meta property=\"og:image:width\" content=\"1000\" \/>\n\t<meta property=\"og:image:height\" content=\"1000\" \/>\n\t<meta property=\"og:image:type\" content=\"image\/jpeg\" \/>\n<meta name=\"twitter:card\" content=\"summary_large_image\" \/>\n<script type=\"application\/ld+json\" class=\"yoast-schema-graph\">{\"@context\":\"https:\/\/schema.org\",\"@graph\":[{\"@type\":\"WebPage\",\"@id\":\"https:\/\/pandeoshop.com\/sl\/izdelek\/tekstilna-maska-z-diamantnim-prahom-za-zdrav-sijaj\/\",\"url\":\"https:\/\/pandeoshop.com\/product\/medi-peel-rose-diamond-radiant-glow-mask\/\",\"name\":\"Tekstilna maska z diamantnim prahom za zdrav sijaj | Medi-Peel Rose Diamond Radiant Glow Mask - Pandeoshop\",\"isPartOf\":{\"@id\":\"https:\/\/pandeoshop.com\/sl\/#website\"},\"primaryImageOfPage\":{\"@id\":\"https:\/\/pandeoshop.com\/product\/medi-peel-rose-diamond-radiant-glow-mask\/#primaryimage\"},\"image\":{\"@id\":\"https:\/\/pandeoshop.com\/product\/medi-peel-rose-diamond-radiant-glow-mask\/#primaryimage\"},\"thumbnailUrl\":\"https:\/\/pandeoshop.com\/wp-content\/uploads\/medi-peel-rose-diamond-radiant-glow-mask.jpeg\",\"datePublished\":\"2023-02-04T19:19:35+00:00\",\"dateModified\":\"2025-05-15T06:11:33+00:00\",\"description\":\"Tekstilna maska z diamantnim prahom za zdrav sijaj | Medi-Peel Rose Diamond Radiant Glow Mask\",\"breadcrumb\":{\"@id\":\"https:\/\/pandeoshop.com\/product\/medi-peel-rose-diamond-radiant-glow-mask\/#breadcrumb\"},\"inLanguage\":\"sl-SI\",\"potentialAction\":[{\"@type\":\"ReadAction\",\"target\":[\"https:\/\/pandeoshop.com\/product\/medi-peel-rose-diamond-radiant-glow-mask\/\"]}]},{\"@type\":\"ImageObject\",\"inLanguage\":\"sl-SI\",\"@id\":\"https:\/\/pandeoshop.com\/product\/medi-peel-rose-diamond-radiant-glow-mask\/#primaryimage\",\"url\":\"https:\/\/pandeoshop.com\/wp-content\/uploads\/medi-peel-rose-diamond-radiant-glow-mask.jpeg\",\"contentUrl\":\"https:\/\/pandeoshop.com\/wp-content\/uploads\/medi-peel-rose-diamond-radiant-glow-mask.jpeg\",\"width\":1000,\"height\":1000},{\"@type\":\"BreadcrumbList\",\"@id\":\"https:\/\/pandeoshop.com\/product\/medi-peel-rose-diamond-radiant-glow-mask\/#breadcrumb\",\"itemListElement\":[{\"@type\":\"ListItem\",\"position\":1,\"name\":\"Domov\",\"item\":\"https:\/\/pandeoshop.com\/sl\/\"},{\"@type\":\"ListItem\",\"position\":2,\"name\":\"Trgovina\",\"item\":\"https:\/\/pandeoshop.com\/sl\/trgovina\/\"},{\"@type\":\"ListItem\",\"position\":3,\"name\":\"Blagovne znamke\",\"item\":\"https:\/\/pandeoshop.com\/sl\/category\/blagovne-znamke\/\"},{\"@type\":\"ListItem\",\"position\":4,\"name\":\"Medi-Peel\",\"item\":\"https:\/\/pandeoshop.com\/sl\/category\/blagovne-znamke\/medi-peel-sl\/\"},{\"@type\":\"ListItem\",\"position\":5,\"name\":\"Tekstilna maska z diamantnim prahom za zdrav sijaj Medi-Peel Rose Diamond Radiant Glow Mask\"}]},{\"@type\":\"WebSite\",\"@id\":\"https:\/\/pandeoshop.com\/sl\/#website\",\"url\":\"https:\/\/pandeoshop.com\/sl\/\",\"name\":\"Pandeoshop\",\"description\":\"\u0160e eno spleti\u0161\u010de WordPress\",\"publisher\":{\"@id\":\"https:\/\/pandeoshop.com\/sl\/#organization\"},\"potentialAction\":[{\"@type\":\"SearchAction\",\"target\":{\"@type\":\"EntryPoint\",\"urlTemplate\":\"https:\/\/pandeoshop.com\/sl\/?s={search_term_string}\"},\"query-input\":\"required name=search_term_string\"}],\"inLanguage\":\"sl-SI\"},{\"@type\":\"Organization\",\"@id\":\"https:\/\/pandeoshop.com\/sl\/#organization\",\"name\":\"Pandeoshop\",\"url\":\"https:\/\/pandeoshop.com\/sl\/\",\"logo\":{\"@type\":\"ImageObject\",\"inLanguage\":\"sl-SI\",\"@id\":\"https:\/\/pandeoshop.com\/sl\/#\/schema\/logo\/image\/\",\"url\":\"https:\/\/pandeoshop.com\/wp-content\/uploads\/pandeoshop_social_logo_no_textjpg.jpg\",\"contentUrl\":\"https:\/\/pandeoshop.com\/wp-content\/uploads\/pandeoshop_social_logo_no_textjpg.jpg\",\"width\":288,\"height\":201,\"caption\":\"Pandeoshop\"},\"image\":{\"@id\":\"https:\/\/pandeoshop.com\/sl\/#\/schema\/logo\/image\/\"},\"sameAs\":[\"https:\/\/www.facebook.com\/pandeoshop\/\",\"https:\/\/www.instagram.com\/pandeo_shop\/\"]}]}<\/script>\n<meta property=\"product:price:amount\" content=\"2.15\" \/>\n<meta property=\"product:price:currency\" content=\"EUR\" \/>\n<meta property=\"og:availability\" content=\"instock\" \/>\n<meta property=\"product:availability\" content=\"instock\" \/>\n<meta property=\"product:retailer_item_id\" content=\"HS10577\" \/>\n<meta property=\"product:condition\" content=\"new\" \/>\n<!-- \/ Yoast SEO Premium plugin. -->","yoast_head_json":{"title":"Tekstilna maska z diamantnim prahom za zdrav sijaj | Medi-Peel Rose Diamond Radiant Glow Mask - Pandeoshop","description":"Tekstilna maska z diamantnim prahom za zdrav sijaj | Medi-Peel Rose Diamond Radiant Glow Mask","robots":{"index":"index","follow":"follow","max-snippet":"max-snippet:-1","max-image-preview":"max-image-preview:large","max-video-preview":"max-video-preview:-1"},"canonical":"https:\/\/pandeoshop.com\/sl\/product\/medi-peel-rose-diamond-radiant-glow-mask\/","og_locale":"sl_SI","og_type":"article","og_title":"Tekstilna maska z diamantnim prahom za zdrav sijaj | Medi-Peel Rose Diamond Radiant Glow Mask - Pandeoshop","og_description":"Tekstilna maska z diamantnim prahom za zdrav sijaj | Medi-Peel Rose Diamond Radiant Glow Mask","og_url":"https:\/\/pandeoshop.com\/product\/medi-peel-rose-diamond-radiant-glow-mask\/","og_site_name":"Pandeoshop","article_publisher":"https:\/\/www.facebook.com\/pandeoshop\/","article_modified_time":"2025-05-15T06:11:33+00:00","og_image":[{"width":1000,"height":1000,"url":"https:\/\/pandeoshop.com\/wp-content\/uploads\/medi-peel-rose-diamond-radiant-glow-mask.jpeg","type":"image\/jpeg"}],"twitter_card":"summary_large_image","schema":{"@context":"https:\/\/schema.org","@graph":[{"@type":"WebPage","@id":"https:\/\/pandeoshop.com\/sl\/izdelek\/tekstilna-maska-z-diamantnim-prahom-za-zdrav-sijaj\/","url":"https:\/\/pandeoshop.com\/product\/medi-peel-rose-diamond-radiant-glow-mask\/","name":"Tekstilna maska z diamantnim prahom za zdrav sijaj | Medi-Peel Rose Diamond Radiant Glow Mask - Pandeoshop","isPartOf":{"@id":"https:\/\/pandeoshop.com\/sl\/#website"},"primaryImageOfPage":{"@id":"https:\/\/pandeoshop.com\/product\/medi-peel-rose-diamond-radiant-glow-mask\/#primaryimage"},"image":{"@id":"https:\/\/pandeoshop.com\/product\/medi-peel-rose-diamond-radiant-glow-mask\/#primaryimage"},"thumbnailUrl":"https:\/\/pandeoshop.com\/wp-content\/uploads\/medi-peel-rose-diamond-radiant-glow-mask.jpeg","datePublished":"2023-02-04T19:19:35+00:00","dateModified":"2025-05-15T06:11:33+00:00","description":"Tekstilna maska z diamantnim prahom za zdrav sijaj | Medi-Peel Rose Diamond Radiant Glow Mask","breadcrumb":{"@id":"https:\/\/pandeoshop.com\/product\/medi-peel-rose-diamond-radiant-glow-mask\/#breadcrumb"},"inLanguage":"sl-SI","potentialAction":[{"@type":"ReadAction","target":["https:\/\/pandeoshop.com\/product\/medi-peel-rose-diamond-radiant-glow-mask\/"]}]},{"@type":"ImageObject","inLanguage":"sl-SI","@id":"https:\/\/pandeoshop.com\/product\/medi-peel-rose-diamond-radiant-glow-mask\/#primaryimage","url":"https:\/\/pandeoshop.com\/wp-content\/uploads\/medi-peel-rose-diamond-radiant-glow-mask.jpeg","contentUrl":"https:\/\/pandeoshop.com\/wp-content\/uploads\/medi-peel-rose-diamond-radiant-glow-mask.jpeg","width":1000,"height":1000},{"@type":"BreadcrumbList","@id":"https:\/\/pandeoshop.com\/product\/medi-peel-rose-diamond-radiant-glow-mask\/#breadcrumb","itemListElement":[{"@type":"ListItem","position":1,"name":"Domov","item":"https:\/\/pandeoshop.com\/sl\/"},{"@type":"ListItem","position":2,"name":"Trgovina","item":"https:\/\/pandeoshop.com\/sl\/trgovina\/"},{"@type":"ListItem","position":3,"name":"Blagovne znamke","item":"https:\/\/pandeoshop.com\/sl\/category\/blagovne-znamke\/"},{"@type":"ListItem","position":4,"name":"Medi-Peel","item":"https:\/\/pandeoshop.com\/sl\/category\/blagovne-znamke\/medi-peel-sl\/"},{"@type":"ListItem","position":5,"name":"Tekstilna maska z diamantnim prahom za zdrav sijaj Medi-Peel Rose Diamond Radiant Glow Mask"}]},{"@type":"WebSite","@id":"https:\/\/pandeoshop.com\/sl\/#website","url":"https:\/\/pandeoshop.com\/sl\/","name":"Pandeoshop","description":"\u0160e eno spleti\u0161\u010de WordPress","publisher":{"@id":"https:\/\/pandeoshop.com\/sl\/#organization"},"potentialAction":[{"@type":"SearchAction","target":{"@type":"EntryPoint","urlTemplate":"https:\/\/pandeoshop.com\/sl\/?s={search_term_string}"},"query-input":"required name=search_term_string"}],"inLanguage":"sl-SI"},{"@type":"Organization","@id":"https:\/\/pandeoshop.com\/sl\/#organization","name":"Pandeoshop","url":"https:\/\/pandeoshop.com\/sl\/","logo":{"@type":"ImageObject","inLanguage":"sl-SI","@id":"https:\/\/pandeoshop.com\/sl\/#\/schema\/logo\/image\/","url":"https:\/\/pandeoshop.com\/wp-content\/uploads\/pandeoshop_social_logo_no_textjpg.jpg","contentUrl":"https:\/\/pandeoshop.com\/wp-content\/uploads\/pandeoshop_social_logo_no_textjpg.jpg","width":288,"height":201,"caption":"Pandeoshop"},"image":{"@id":"https:\/\/pandeoshop.com\/sl\/#\/schema\/logo\/image\/"},"sameAs":["https:\/\/www.facebook.com\/pandeoshop\/","https:\/\/www.instagram.com\/pandeo_shop\/"]}]},"product_price_amount":"2.15","product_price_currency":"EUR","og_availability":"instock","product_availability":"instock","product_retailer_item_id":"HS10577","product_condition":"new"},"_links":{"self":[{"href":"https:\/\/pandeoshop.com\/sl\/wp-json\/wp\/v2\/product\/26580"}],"collection":[{"href":"https:\/\/pandeoshop.com\/sl\/wp-json\/wp\/v2\/product"}],"about":[{"href":"https:\/\/pandeoshop.com\/sl\/wp-json\/wp\/v2\/types\/product"}],"replies":[{"embeddable":true,"href":"https:\/\/pandeoshop.com\/sl\/wp-json\/wp\/v2\/comments?post=26580"}],"wp:featuredmedia":[{"embeddable":true,"href":"https:\/\/pandeoshop.com\/sl\/wp-json\/wp\/v2\/media\/40568"}],"wp:attachment":[{"href":"https:\/\/pandeoshop.com\/sl\/wp-json\/wp\/v2\/media?parent=26580"}],"wp:term":[{"taxonomy":"product_cat","embeddable":true,"href":"https:\/\/pandeoshop.com\/sl\/wp-json\/wp\/v2\/product_cat?post=26580"},{"taxonomy":"product_tag","embeddable":true,"href":"https:\/\/pandeoshop.com\/sl\/wp-json\/wp\/v2\/product_tag?post=26580"}],"curies":[{"name":"wp","href":"https:\/\/api.w.org\/{rel}","templated":true}]}}