{"id":26579,"date":"2022-10-25T23:16:02","date_gmt":"2022-09-17T15:50:44","guid":{"rendered":"https:\/\/pandeoshop.com\/?post_type=product&#038;p=26579"},"modified":"2023-07-20T01:30:51","modified_gmt":"2023-07-19T23:30:51","slug":"cistilna-pena-za-obraz-s-kolagenom-in-probiotiki-medi-peel-red-lacto-collagen-clear","status":"publish","type":"product","link":"https:\/\/pandeoshop.com\/sl\/izdelek\/cistilna-pena-za-obraz-s-kolagenom-in-probiotiki-medi-peel-red-lacto-collagen-clear\/","title":{"rendered":"\u010cistilna pena za obraz s kolagenom in probiotiki <br\/> Medi-Peel Red Lacto Collagen Clear"},"content":{"rendered":"<p>Medi-Peel Red Lacto Collagen Clear je \u010distilna pena brez sulfatov, idealna za ko\u017eo 30+. Ne samo, da dobro o\u010disti, ampak deluje tudi pomlajevalno, prepre\u010duje izsu\u0161itev in vzdr\u017euje normalno raven pH-vrednosti in pomirja. <\/p>\n<p>Osnova pene je pet vrst kolagena, ki vla\u017eijo, vra\u010dajo \u010dvrstost in elasti\u010dnost, prepre\u010dujejo nastajanje gub in dopolnjujejo pomlajevalni u\u010dinek pene. Aminokisline obnavljajo ko\u017eo na celi\u010dni ravni, krepijo lipidno pregrado in upo\u010dasnjujejo proces staranja. Izdelek vsebuje laktobacile in bifidobakterije, ki podpirajo optimalno okolje za zdravo ko\u017eno mikrobioto (mikrobiom), krepijo imunske lastnosti ko\u017ee, \u0161\u010ditijo pred \u0161kodljivimi bakterijami, pomagajo pa tudi pri aknah.<br \/>\nCitronska kislina lu\u0161\u010di odmrle ko\u017ene celice in izena\u010di teksturo ko\u017ee.<br \/>\nSalicilna kislina zmanj\u0161uje rde\u010dico, prepre\u010duje izpu\u0161\u010daje, pospe\u0161uje celjenje po aknah in prepre\u010duje post-akne.<br \/>\nVitamin C ima mo\u010dne antioksidativne lastnosti, osvetli ten ko\u017ee in jo osve\u017ei.<br \/>\nVitamin E izbolj\u0161a elasti\u010dnost, laj\u0161a dra\u017eenje po UV-\u017earkih.<\/p>\n<p>Pena je \u0161e posebej priporo\u010dljiva za ko\u017eo, ki je izgubila elasti\u010dnost in se stara.<\/p>\n","protected":false},"excerpt":{"rendered":"<p>\u010cistilna pena s fermentiranim kompleksom s ko\u017ee u\u010dinkovito odstrani ne\u010disto\u010de in li\u010dila. Ne povzro\u010da dra\u017eenja in ko\u017eo pripravi na kasnej\u0161o nego. Zahvaljujo\u010d posebnim komponentam, pena med umivanjem ko\u017ee ne izsu\u0161i.<\/p>\n","protected":false},"featured_media":42655,"comment_status":"open","ping_status":"closed","template":"","meta":[],"product_cat":[1804,1774,1784,1801,1780,1814,1785,1767,1781,1782,1787,1783,1779,1802,1786],"product_tag":[4506,5237,4550,4518,4531,5114,4592,4598],"bundle_layout":"","bundle_add_to_cart_form_location":"","bundle_editable_in_cart":false,"bundle_sold_individually_context":"","bundle_item_grouping":"","bundle_min_size":"","bundle_max_size":"","bundled_by":[],"bundled_items":[],"yoast_head":"<!-- This site is optimized with the Yoast SEO Premium plugin v22.2 (Yoast SEO v22.9) - https:\/\/yoast.com\/wordpress\/plugins\/seo\/ -->\n<title>\u010cistilna pena za obraz s kolagenom in probiotiki | Medi-Peel Red Lacto Collagen Clear - Pandeoshop<\/title>\n<meta name=\"description\" content=\"\u010cistilna pena s fermentiranim kompleksom s ko\u017ee u\u010dinkovito odstrani ne\u010disto\u010de in li\u010dila. Ne povzro\u010da dra\u017eenja in ko\u017eo pripravi na kasnej\u0161o nego. Zahvaljujo\u010d posebnim komponentam, pena med umivanjem ko\u017ee ne izsu\u0161i.\" \/>\n<meta name=\"robots\" content=\"index, follow, max-snippet:-1, max-image-preview:large, max-video-preview:-1\" \/>\n<link rel=\"canonical\" href=\"https:\/\/pandeoshop.com\/sl\/product\/medi-peel-red-lacto-collagen-clear\/\" \/>\n<meta property=\"og:locale\" content=\"sl_SI\" \/>\n<meta property=\"og:type\" content=\"article\" \/>\n<meta property=\"og:title\" content=\"\u010cistilna pena za obraz s kolagenom in probiotiki | Medi-Peel Red Lacto Collagen Clear - Pandeoshop\" \/>\n<meta property=\"og:description\" content=\"\u010cistilna pena s fermentiranim kompleksom s ko\u017ee u\u010dinkovito odstrani ne\u010disto\u010de in li\u010dila. Ne povzro\u010da dra\u017eenja in ko\u017eo pripravi na kasnej\u0161o nego. Zahvaljujo\u010d posebnim komponentam, pena med umivanjem ko\u017ee ne izsu\u0161i.\" \/>\n<meta property=\"og:url\" content=\"https:\/\/pandeoshop.com\/product\/medi-peel-red-lacto-collagen-clear\/\" \/>\n<meta property=\"og:site_name\" content=\"Pandeoshop\" \/>\n<meta property=\"article:publisher\" content=\"https:\/\/www.facebook.com\/pandeoshop\/\" \/>\n<meta property=\"article:modified_time\" content=\"2023-07-19T23:30:51+00:00\" \/>\n<meta property=\"og:image\" content=\"https:\/\/pandeoshop.com\/wp-content\/uploads\/medi-peel-red-lacto-collagen-clear-1.jpeg\" \/>\n\t<meta property=\"og:image:width\" content=\"1000\" \/>\n\t<meta property=\"og:image:height\" content=\"1000\" \/>\n\t<meta property=\"og:image:type\" content=\"image\/jpeg\" \/>\n<meta name=\"twitter:card\" content=\"summary_large_image\" \/>\n<script type=\"application\/ld+json\" class=\"yoast-schema-graph\">{\"@context\":\"https:\/\/schema.org\",\"@graph\":[{\"@type\":\"WebPage\",\"@id\":\"https:\/\/pandeoshop.com\/sl\/izdelek\/cistilna-pena-za-obraz-s-kolagenom-in-probiotiki-medi-peel-red-lacto-collagen-clear\/\",\"url\":\"https:\/\/pandeoshop.com\/product\/medi-peel-red-lacto-collagen-clear\/\",\"name\":\"\u010cistilna pena za obraz s kolagenom in probiotiki | Medi-Peel Red Lacto Collagen Clear - Pandeoshop\",\"isPartOf\":{\"@id\":\"https:\/\/pandeoshop.com\/sl\/#website\"},\"primaryImageOfPage\":{\"@id\":\"https:\/\/pandeoshop.com\/product\/medi-peel-red-lacto-collagen-clear\/#primaryimage\"},\"image\":{\"@id\":\"https:\/\/pandeoshop.com\/product\/medi-peel-red-lacto-collagen-clear\/#primaryimage\"},\"thumbnailUrl\":\"https:\/\/pandeoshop.com\/wp-content\/uploads\/medi-peel-vegan-vitamin-collagen-clear.jpg\",\"datePublished\":\"2022-09-17T15:50:44+00:00\",\"dateModified\":\"2023-07-19T23:30:51+00:00\",\"description\":\"\u010cistilna pena s fermentiranim kompleksom s ko\u017ee u\u010dinkovito odstrani ne\u010disto\u010de in li\u010dila. Ne povzro\u010da dra\u017eenja in ko\u017eo pripravi na kasnej\u0161o nego. Zahvaljujo\u010d posebnim komponentam, pena med umivanjem ko\u017ee ne izsu\u0161i.\",\"breadcrumb\":{\"@id\":\"https:\/\/pandeoshop.com\/product\/medi-peel-red-lacto-collagen-clear\/#breadcrumb\"},\"inLanguage\":\"sl-SI\",\"potentialAction\":[{\"@type\":\"ReadAction\",\"target\":[\"https:\/\/pandeoshop.com\/product\/medi-peel-red-lacto-collagen-clear\/\"]}]},{\"@type\":\"ImageObject\",\"inLanguage\":\"sl-SI\",\"@id\":\"https:\/\/pandeoshop.com\/product\/medi-peel-red-lacto-collagen-clear\/#primaryimage\",\"url\":\"https:\/\/pandeoshop.com\/wp-content\/uploads\/medi-peel-vegan-vitamin-collagen-clear.jpg\",\"contentUrl\":\"https:\/\/pandeoshop.com\/wp-content\/uploads\/medi-peel-vegan-vitamin-collagen-clear.jpg\",\"width\":426,\"height\":456},{\"@type\":\"BreadcrumbList\",\"@id\":\"https:\/\/pandeoshop.com\/product\/medi-peel-red-lacto-collagen-clear\/#breadcrumb\",\"itemListElement\":[{\"@type\":\"ListItem\",\"position\":1,\"name\":\"Domov\",\"item\":\"https:\/\/pandeoshop.com\/sl\/\"},{\"@type\":\"ListItem\",\"position\":2,\"name\":\"Trgovina\",\"item\":\"https:\/\/pandeoshop.com\/sl\/trgovina\/\"},{\"@type\":\"ListItem\",\"position\":3,\"name\":\"Blagovne znamke\",\"item\":\"https:\/\/pandeoshop.com\/sl\/category\/blagovne-znamke\/\"},{\"@type\":\"ListItem\",\"position\":4,\"name\":\"Medi-Peel\",\"item\":\"https:\/\/pandeoshop.com\/sl\/category\/blagovne-znamke\/medi-peel-sl\/\"},{\"@type\":\"ListItem\",\"position\":5,\"name\":\"\u010cistilna pena za obraz s kolagenom in probiotiki Medi-Peel Red Lacto Collagen Clear\"}]},{\"@type\":\"WebSite\",\"@id\":\"https:\/\/pandeoshop.com\/sl\/#website\",\"url\":\"https:\/\/pandeoshop.com\/sl\/\",\"name\":\"Pandeoshop\",\"description\":\"\u0160e eno spleti\u0161\u010de WordPress\",\"publisher\":{\"@id\":\"https:\/\/pandeoshop.com\/sl\/#organization\"},\"potentialAction\":[{\"@type\":\"SearchAction\",\"target\":{\"@type\":\"EntryPoint\",\"urlTemplate\":\"https:\/\/pandeoshop.com\/sl\/?s={search_term_string}\"},\"query-input\":\"required name=search_term_string\"}],\"inLanguage\":\"sl-SI\"},{\"@type\":\"Organization\",\"@id\":\"https:\/\/pandeoshop.com\/sl\/#organization\",\"name\":\"Pandeoshop\",\"url\":\"https:\/\/pandeoshop.com\/sl\/\",\"logo\":{\"@type\":\"ImageObject\",\"inLanguage\":\"sl-SI\",\"@id\":\"https:\/\/pandeoshop.com\/sl\/#\/schema\/logo\/image\/\",\"url\":\"https:\/\/pandeoshop.com\/wp-content\/uploads\/pandeoshop_social_logo_no_textjpg.jpg\",\"contentUrl\":\"https:\/\/pandeoshop.com\/wp-content\/uploads\/pandeoshop_social_logo_no_textjpg.jpg\",\"width\":288,\"height\":201,\"caption\":\"Pandeoshop\"},\"image\":{\"@id\":\"https:\/\/pandeoshop.com\/sl\/#\/schema\/logo\/image\/\"},\"sameAs\":[\"https:\/\/www.facebook.com\/pandeoshop\/\",\"https:\/\/www.instagram.com\/pandeo_shop\/\"]}]}<\/script>\n<meta property=\"product:price:amount\" content=\"25.26\" \/>\n<meta property=\"product:price:currency\" content=\"EUR\" \/>\n<meta property=\"og:availability\" content=\"instock\" \/>\n<meta property=\"product:availability\" content=\"instock\" \/>\n<meta property=\"product:retailer_item_id\" content=\"HS11089\" \/>\n<meta property=\"product:condition\" content=\"new\" \/>\n<!-- \/ Yoast SEO Premium plugin. -->","yoast_head_json":{"title":"\u010cistilna pena za obraz s kolagenom in probiotiki | Medi-Peel Red Lacto Collagen Clear - Pandeoshop","description":"\u010cistilna pena s fermentiranim kompleksom s ko\u017ee u\u010dinkovito odstrani ne\u010disto\u010de in li\u010dila. Ne povzro\u010da dra\u017eenja in ko\u017eo pripravi na kasnej\u0161o nego. Zahvaljujo\u010d posebnim komponentam, pena med umivanjem ko\u017ee ne izsu\u0161i.","robots":{"index":"index","follow":"follow","max-snippet":"max-snippet:-1","max-image-preview":"max-image-preview:large","max-video-preview":"max-video-preview:-1"},"canonical":"https:\/\/pandeoshop.com\/sl\/product\/medi-peel-red-lacto-collagen-clear\/","og_locale":"sl_SI","og_type":"article","og_title":"\u010cistilna pena za obraz s kolagenom in probiotiki | Medi-Peel Red Lacto Collagen Clear - Pandeoshop","og_description":"\u010cistilna pena s fermentiranim kompleksom s ko\u017ee u\u010dinkovito odstrani ne\u010disto\u010de in li\u010dila. Ne povzro\u010da dra\u017eenja in ko\u017eo pripravi na kasnej\u0161o nego. Zahvaljujo\u010d posebnim komponentam, pena med umivanjem ko\u017ee ne izsu\u0161i.","og_url":"https:\/\/pandeoshop.com\/product\/medi-peel-red-lacto-collagen-clear\/","og_site_name":"Pandeoshop","article_publisher":"https:\/\/www.facebook.com\/pandeoshop\/","article_modified_time":"2023-07-19T23:30:51+00:00","og_image":[{"width":1000,"height":1000,"url":"https:\/\/pandeoshop.com\/wp-content\/uploads\/medi-peel-red-lacto-collagen-clear-1.jpeg","type":"image\/jpeg"}],"twitter_card":"summary_large_image","schema":{"@context":"https:\/\/schema.org","@graph":[{"@type":"WebPage","@id":"https:\/\/pandeoshop.com\/sl\/izdelek\/cistilna-pena-za-obraz-s-kolagenom-in-probiotiki-medi-peel-red-lacto-collagen-clear\/","url":"https:\/\/pandeoshop.com\/product\/medi-peel-red-lacto-collagen-clear\/","name":"\u010cistilna pena za obraz s kolagenom in probiotiki | Medi-Peel Red Lacto Collagen Clear - Pandeoshop","isPartOf":{"@id":"https:\/\/pandeoshop.com\/sl\/#website"},"primaryImageOfPage":{"@id":"https:\/\/pandeoshop.com\/product\/medi-peel-red-lacto-collagen-clear\/#primaryimage"},"image":{"@id":"https:\/\/pandeoshop.com\/product\/medi-peel-red-lacto-collagen-clear\/#primaryimage"},"thumbnailUrl":"https:\/\/pandeoshop.com\/wp-content\/uploads\/medi-peel-vegan-vitamin-collagen-clear.jpg","datePublished":"2022-09-17T15:50:44+00:00","dateModified":"2023-07-19T23:30:51+00:00","description":"\u010cistilna pena s fermentiranim kompleksom s ko\u017ee u\u010dinkovito odstrani ne\u010disto\u010de in li\u010dila. Ne povzro\u010da dra\u017eenja in ko\u017eo pripravi na kasnej\u0161o nego. Zahvaljujo\u010d posebnim komponentam, pena med umivanjem ko\u017ee ne izsu\u0161i.","breadcrumb":{"@id":"https:\/\/pandeoshop.com\/product\/medi-peel-red-lacto-collagen-clear\/#breadcrumb"},"inLanguage":"sl-SI","potentialAction":[{"@type":"ReadAction","target":["https:\/\/pandeoshop.com\/product\/medi-peel-red-lacto-collagen-clear\/"]}]},{"@type":"ImageObject","inLanguage":"sl-SI","@id":"https:\/\/pandeoshop.com\/product\/medi-peel-red-lacto-collagen-clear\/#primaryimage","url":"https:\/\/pandeoshop.com\/wp-content\/uploads\/medi-peel-vegan-vitamin-collagen-clear.jpg","contentUrl":"https:\/\/pandeoshop.com\/wp-content\/uploads\/medi-peel-vegan-vitamin-collagen-clear.jpg","width":426,"height":456},{"@type":"BreadcrumbList","@id":"https:\/\/pandeoshop.com\/product\/medi-peel-red-lacto-collagen-clear\/#breadcrumb","itemListElement":[{"@type":"ListItem","position":1,"name":"Domov","item":"https:\/\/pandeoshop.com\/sl\/"},{"@type":"ListItem","position":2,"name":"Trgovina","item":"https:\/\/pandeoshop.com\/sl\/trgovina\/"},{"@type":"ListItem","position":3,"name":"Blagovne znamke","item":"https:\/\/pandeoshop.com\/sl\/category\/blagovne-znamke\/"},{"@type":"ListItem","position":4,"name":"Medi-Peel","item":"https:\/\/pandeoshop.com\/sl\/category\/blagovne-znamke\/medi-peel-sl\/"},{"@type":"ListItem","position":5,"name":"\u010cistilna pena za obraz s kolagenom in probiotiki Medi-Peel Red Lacto Collagen Clear"}]},{"@type":"WebSite","@id":"https:\/\/pandeoshop.com\/sl\/#website","url":"https:\/\/pandeoshop.com\/sl\/","name":"Pandeoshop","description":"\u0160e eno spleti\u0161\u010de WordPress","publisher":{"@id":"https:\/\/pandeoshop.com\/sl\/#organization"},"potentialAction":[{"@type":"SearchAction","target":{"@type":"EntryPoint","urlTemplate":"https:\/\/pandeoshop.com\/sl\/?s={search_term_string}"},"query-input":"required name=search_term_string"}],"inLanguage":"sl-SI"},{"@type":"Organization","@id":"https:\/\/pandeoshop.com\/sl\/#organization","name":"Pandeoshop","url":"https:\/\/pandeoshop.com\/sl\/","logo":{"@type":"ImageObject","inLanguage":"sl-SI","@id":"https:\/\/pandeoshop.com\/sl\/#\/schema\/logo\/image\/","url":"https:\/\/pandeoshop.com\/wp-content\/uploads\/pandeoshop_social_logo_no_textjpg.jpg","contentUrl":"https:\/\/pandeoshop.com\/wp-content\/uploads\/pandeoshop_social_logo_no_textjpg.jpg","width":288,"height":201,"caption":"Pandeoshop"},"image":{"@id":"https:\/\/pandeoshop.com\/sl\/#\/schema\/logo\/image\/"},"sameAs":["https:\/\/www.facebook.com\/pandeoshop\/","https:\/\/www.instagram.com\/pandeo_shop\/"]}]},"product_price_amount":"25.26","product_price_currency":"EUR","og_availability":"instock","product_availability":"instock","product_retailer_item_id":"HS11089","product_condition":"new"},"_links":{"self":[{"href":"https:\/\/pandeoshop.com\/sl\/wp-json\/wp\/v2\/product\/26579"}],"collection":[{"href":"https:\/\/pandeoshop.com\/sl\/wp-json\/wp\/v2\/product"}],"about":[{"href":"https:\/\/pandeoshop.com\/sl\/wp-json\/wp\/v2\/types\/product"}],"replies":[{"embeddable":true,"href":"https:\/\/pandeoshop.com\/sl\/wp-json\/wp\/v2\/comments?post=26579"}],"wp:featuredmedia":[{"embeddable":true,"href":"https:\/\/pandeoshop.com\/sl\/wp-json\/wp\/v2\/media\/42655"}],"wp:attachment":[{"href":"https:\/\/pandeoshop.com\/sl\/wp-json\/wp\/v2\/media?parent=26579"}],"wp:term":[{"taxonomy":"product_cat","embeddable":true,"href":"https:\/\/pandeoshop.com\/sl\/wp-json\/wp\/v2\/product_cat?post=26579"},{"taxonomy":"product_tag","embeddable":true,"href":"https:\/\/pandeoshop.com\/sl\/wp-json\/wp\/v2\/product_tag?post=26579"}],"curies":[{"name":"wp","href":"https:\/\/api.w.org\/{rel}","templated":true}]}}