{"id":26574,"date":"2022-10-25T23:16:02","date_gmt":"2022-09-17T15:50:44","guid":{"rendered":"https:\/\/pandeoshop.com\/?post_type=product&#038;p=26574"},"modified":"2023-07-20T01:30:48","modified_gmt":"2023-07-19T23:30:48","slug":"hladilni-masazer-za-obraz-medi-peel-perfect-cooling-skin-face-type","status":"publish","type":"product","link":"https:\/\/pandeoshop.com\/sl\/izdelek\/hladilni-masazer-za-obraz-medi-peel-perfect-cooling-skin-face-type\/","title":{"rendered":"Hladilni masa\u017eer za obraz <br\/> Medi-Peel Perfect Cooling Skin (Face Type)"},"content":{"rendered":"<p>Medi-Peel Perfect Cooling Skin &#8211; doma\u010di masa\u017eer za obraz pomaga pri soo\u010danju z dvema te\u017eavama:<br \/>\n1. Zaradi hladilnega u\u010dinka zmanj\u0161a zabuhlost,<br \/>\n2. Deluje pomlajevalno. <\/p>\n<p>Z redno uporabo masa\u017eer pomaga odpraviti \u0161tevilne te\u017eave s ko\u017eo: pove\u0161anje, zabuhlost, neenakomeren ten ko\u017ee, izgubo elasti\u010dnosti in starostne spremembe. Izdelek modelira jasnej\u0161e poteze obraza, napne brado, pove\u010da turgor, ko\u017ei daje spo\u010dit in sve\u017e videz. Naprava se lahko uporablja na celotnem obrazu. <\/p>\n<p>Njegova uporaba je odvisna od namena:<br \/>\n1. \u010ce \u017eelite odpraviti oteklino, polo\u017eite masa\u017eer na otekla mesta in narahlo pritisnite, dokler te\u017eava ne izgine. Lahko se uporablja na predelu okoli o\u010di. Rezultat je viden po 15-20 minutah. Izdelek ima hladilno kovinsko prevleko, ki pomirja otekle predele.<br \/>\n2. \u010ce \u017eelite dose\u010di pomlajevalni u\u010dinek, pred uporabo masa\u017eerja nanesite kozmeti\u010dni izdelek (masko, kremo, serum), da bolje drsi. Masirajte celoten obraz. Naprava za masa\u017eo pove\u010da u\u010dinek uporabljenih negovalnih izdelkov. <\/p>\n<p>Masa\u017eerja ni mogo\u010de uporabiti pri slede\u010dih ko\u017enih te\u017eavah: rozacea, akne, pordelost, alergije. S temi te\u017eavami ne morete ohladiti ko\u017ee, da ne bi poslab\u0161ali situacije.<\/p>\n","protected":false},"excerpt":{"rendered":"<p>Masa\u017eer vam bo pri vsakodnevni negi pomagal odstraniti zabuhlost, izena\u010diti polt, pove\u010dati elasti\u010dnost ko\u017ee in upo\u010dasniti proces staranja.<\/p>\n","protected":false},"featured_media":42616,"comment_status":"open","ping_status":"closed","template":"","meta":[],"product_cat":[1755,1737,1752,1765,1738,1730,1718,1722,1735,1804,1927,1784,1801,1780,1814,1785,1985,1767,1948,1781,1782,1942,1771,1787,1928,1783,1779,1786],"product_tag":[],"bundle_layout":"","bundle_add_to_cart_form_location":"","bundle_editable_in_cart":false,"bundle_sold_individually_context":"","bundle_item_grouping":"","bundle_min_size":"","bundle_max_size":"","bundled_by":[],"bundled_items":[],"yoast_head":"<!-- This site is optimized with the Yoast SEO Premium plugin v22.2 (Yoast SEO v22.9) - https:\/\/yoast.com\/wordpress\/plugins\/seo\/ -->\n<title>Hladilni masa\u017eer za obraz | Medi-Peel Perfect Cooling Skin (Face Type) - Pandeoshop<\/title>\n<meta name=\"description\" content=\"Masa\u017eer vam bo pri vsakodnevni negi pomagal odstraniti zabuhlost, izena\u010diti polt, pove\u010dati elasti\u010dnost ko\u017ee in upo\u010dasniti proces staranja.\" \/>\n<meta name=\"robots\" content=\"index, follow, max-snippet:-1, max-image-preview:large, max-video-preview:-1\" \/>\n<link rel=\"canonical\" href=\"https:\/\/pandeoshop.com\/sl\/product\/medi-peel-perfect-cooling-skin-face-type\/\" \/>\n<meta property=\"og:locale\" content=\"sl_SI\" \/>\n<meta property=\"og:type\" content=\"article\" \/>\n<meta property=\"og:title\" content=\"Hladilni masa\u017eer za obraz | Medi-Peel Perfect Cooling Skin (Face Type) - Pandeoshop\" \/>\n<meta property=\"og:description\" content=\"Masa\u017eer vam bo pri vsakodnevni negi pomagal odstraniti zabuhlost, izena\u010diti polt, pove\u010dati elasti\u010dnost ko\u017ee in upo\u010dasniti proces staranja.\" \/>\n<meta property=\"og:url\" content=\"https:\/\/pandeoshop.com\/product\/medi-peel-perfect-cooling-skin-face-type\/\" \/>\n<meta property=\"og:site_name\" content=\"Pandeoshop\" \/>\n<meta property=\"article:publisher\" content=\"https:\/\/www.facebook.com\/pandeoshop\/\" \/>\n<meta property=\"article:modified_time\" content=\"2023-07-19T23:30:48+00:00\" \/>\n<meta property=\"og:image\" content=\"https:\/\/pandeoshop.com\/wp-content\/uploads\/medi-peel-perfect-cooling-skin-face-type-1.jpeg\" \/>\n\t<meta property=\"og:image:width\" content=\"1000\" \/>\n\t<meta property=\"og:image:height\" content=\"1000\" \/>\n\t<meta property=\"og:image:type\" content=\"image\/jpeg\" \/>\n<meta name=\"twitter:card\" content=\"summary_large_image\" \/>\n<script type=\"application\/ld+json\" class=\"yoast-schema-graph\">{\"@context\":\"https:\/\/schema.org\",\"@graph\":[{\"@type\":\"WebPage\",\"@id\":\"https:\/\/pandeoshop.com\/sl\/izdelek\/hladilni-masazer-za-obraz-medi-peel-perfect-cooling-skin-face-type\/\",\"url\":\"https:\/\/pandeoshop.com\/product\/medi-peel-perfect-cooling-skin-face-type\/\",\"name\":\"Hladilni masa\u017eer za obraz | Medi-Peel Perfect Cooling Skin (Face Type) - Pandeoshop\",\"isPartOf\":{\"@id\":\"https:\/\/pandeoshop.com\/sl\/#website\"},\"primaryImageOfPage\":{\"@id\":\"https:\/\/pandeoshop.com\/product\/medi-peel-perfect-cooling-skin-face-type\/#primaryimage\"},\"image\":{\"@id\":\"https:\/\/pandeoshop.com\/product\/medi-peel-perfect-cooling-skin-face-type\/#primaryimage\"},\"thumbnailUrl\":\"https:\/\/pandeoshop.com\/wp-content\/uploads\/medi-peel-bor-tox-peptide-toner-1.jpg\",\"datePublished\":\"2022-09-17T15:50:44+00:00\",\"dateModified\":\"2023-07-19T23:30:48+00:00\",\"description\":\"Masa\u017eer vam bo pri vsakodnevni negi pomagal odstraniti zabuhlost, izena\u010diti polt, pove\u010dati elasti\u010dnost ko\u017ee in upo\u010dasniti proces staranja.\",\"breadcrumb\":{\"@id\":\"https:\/\/pandeoshop.com\/product\/medi-peel-perfect-cooling-skin-face-type\/#breadcrumb\"},\"inLanguage\":\"sl-SI\",\"potentialAction\":[{\"@type\":\"ReadAction\",\"target\":[\"https:\/\/pandeoshop.com\/product\/medi-peel-perfect-cooling-skin-face-type\/\"]}]},{\"@type\":\"ImageObject\",\"inLanguage\":\"sl-SI\",\"@id\":\"https:\/\/pandeoshop.com\/product\/medi-peel-perfect-cooling-skin-face-type\/#primaryimage\",\"url\":\"https:\/\/pandeoshop.com\/wp-content\/uploads\/medi-peel-bor-tox-peptide-toner-1.jpg\",\"contentUrl\":\"https:\/\/pandeoshop.com\/wp-content\/uploads\/medi-peel-bor-tox-peptide-toner-1.jpg\",\"width\":426,\"height\":430},{\"@type\":\"BreadcrumbList\",\"@id\":\"https:\/\/pandeoshop.com\/product\/medi-peel-perfect-cooling-skin-face-type\/#breadcrumb\",\"itemListElement\":[{\"@type\":\"ListItem\",\"position\":1,\"name\":\"Domov\",\"item\":\"https:\/\/pandeoshop.com\/sl\/\"},{\"@type\":\"ListItem\",\"position\":2,\"name\":\"Trgovina\",\"item\":\"https:\/\/pandeoshop.com\/sl\/trgovina\/\"},{\"@type\":\"ListItem\",\"position\":3,\"name\":\"Blagovne znamke\",\"item\":\"https:\/\/pandeoshop.com\/sl\/category\/blagovne-znamke\/\"},{\"@type\":\"ListItem\",\"position\":4,\"name\":\"Medi-Peel\",\"item\":\"https:\/\/pandeoshop.com\/sl\/category\/blagovne-znamke\/medi-peel-sl\/\"},{\"@type\":\"ListItem\",\"position\":5,\"name\":\"Hladilni masa\u017eer za obraz Medi-Peel Perfect Cooling Skin (Face Type)\"}]},{\"@type\":\"WebSite\",\"@id\":\"https:\/\/pandeoshop.com\/sl\/#website\",\"url\":\"https:\/\/pandeoshop.com\/sl\/\",\"name\":\"Pandeoshop\",\"description\":\"\u0160e eno spleti\u0161\u010de WordPress\",\"publisher\":{\"@id\":\"https:\/\/pandeoshop.com\/sl\/#organization\"},\"potentialAction\":[{\"@type\":\"SearchAction\",\"target\":{\"@type\":\"EntryPoint\",\"urlTemplate\":\"https:\/\/pandeoshop.com\/sl\/?s={search_term_string}\"},\"query-input\":\"required name=search_term_string\"}],\"inLanguage\":\"sl-SI\"},{\"@type\":\"Organization\",\"@id\":\"https:\/\/pandeoshop.com\/sl\/#organization\",\"name\":\"Pandeoshop\",\"url\":\"https:\/\/pandeoshop.com\/sl\/\",\"logo\":{\"@type\":\"ImageObject\",\"inLanguage\":\"sl-SI\",\"@id\":\"https:\/\/pandeoshop.com\/sl\/#\/schema\/logo\/image\/\",\"url\":\"https:\/\/pandeoshop.com\/wp-content\/uploads\/pandeoshop_social_logo_no_textjpg.jpg\",\"contentUrl\":\"https:\/\/pandeoshop.com\/wp-content\/uploads\/pandeoshop_social_logo_no_textjpg.jpg\",\"width\":288,\"height\":201,\"caption\":\"Pandeoshop\"},\"image\":{\"@id\":\"https:\/\/pandeoshop.com\/sl\/#\/schema\/logo\/image\/\"},\"sameAs\":[\"https:\/\/www.facebook.com\/pandeoshop\/\",\"https:\/\/www.instagram.com\/pandeo_shop\/\"]}]}<\/script>\n<meta property=\"product:price:amount\" content=\"10.42\" \/>\n<meta property=\"product:price:currency\" content=\"EUR\" \/>\n<meta property=\"og:availability\" content=\"instock\" \/>\n<meta property=\"product:availability\" content=\"instock\" \/>\n<meta property=\"product:retailer_item_id\" content=\"HS11080\" \/>\n<meta property=\"product:condition\" content=\"new\" \/>\n<!-- \/ Yoast SEO Premium plugin. -->","yoast_head_json":{"title":"Hladilni masa\u017eer za obraz | Medi-Peel Perfect Cooling Skin (Face Type) - Pandeoshop","description":"Masa\u017eer vam bo pri vsakodnevni negi pomagal odstraniti zabuhlost, izena\u010diti polt, pove\u010dati elasti\u010dnost ko\u017ee in upo\u010dasniti proces staranja.","robots":{"index":"index","follow":"follow","max-snippet":"max-snippet:-1","max-image-preview":"max-image-preview:large","max-video-preview":"max-video-preview:-1"},"canonical":"https:\/\/pandeoshop.com\/sl\/product\/medi-peel-perfect-cooling-skin-face-type\/","og_locale":"sl_SI","og_type":"article","og_title":"Hladilni masa\u017eer za obraz | Medi-Peel Perfect Cooling Skin (Face Type) - Pandeoshop","og_description":"Masa\u017eer vam bo pri vsakodnevni negi pomagal odstraniti zabuhlost, izena\u010diti polt, pove\u010dati elasti\u010dnost ko\u017ee in upo\u010dasniti proces staranja.","og_url":"https:\/\/pandeoshop.com\/product\/medi-peel-perfect-cooling-skin-face-type\/","og_site_name":"Pandeoshop","article_publisher":"https:\/\/www.facebook.com\/pandeoshop\/","article_modified_time":"2023-07-19T23:30:48+00:00","og_image":[{"width":1000,"height":1000,"url":"https:\/\/pandeoshop.com\/wp-content\/uploads\/medi-peel-perfect-cooling-skin-face-type-1.jpeg","type":"image\/jpeg"}],"twitter_card":"summary_large_image","schema":{"@context":"https:\/\/schema.org","@graph":[{"@type":"WebPage","@id":"https:\/\/pandeoshop.com\/sl\/izdelek\/hladilni-masazer-za-obraz-medi-peel-perfect-cooling-skin-face-type\/","url":"https:\/\/pandeoshop.com\/product\/medi-peel-perfect-cooling-skin-face-type\/","name":"Hladilni masa\u017eer za obraz | Medi-Peel Perfect Cooling Skin (Face Type) - Pandeoshop","isPartOf":{"@id":"https:\/\/pandeoshop.com\/sl\/#website"},"primaryImageOfPage":{"@id":"https:\/\/pandeoshop.com\/product\/medi-peel-perfect-cooling-skin-face-type\/#primaryimage"},"image":{"@id":"https:\/\/pandeoshop.com\/product\/medi-peel-perfect-cooling-skin-face-type\/#primaryimage"},"thumbnailUrl":"https:\/\/pandeoshop.com\/wp-content\/uploads\/medi-peel-bor-tox-peptide-toner-1.jpg","datePublished":"2022-09-17T15:50:44+00:00","dateModified":"2023-07-19T23:30:48+00:00","description":"Masa\u017eer vam bo pri vsakodnevni negi pomagal odstraniti zabuhlost, izena\u010diti polt, pove\u010dati elasti\u010dnost ko\u017ee in upo\u010dasniti proces staranja.","breadcrumb":{"@id":"https:\/\/pandeoshop.com\/product\/medi-peel-perfect-cooling-skin-face-type\/#breadcrumb"},"inLanguage":"sl-SI","potentialAction":[{"@type":"ReadAction","target":["https:\/\/pandeoshop.com\/product\/medi-peel-perfect-cooling-skin-face-type\/"]}]},{"@type":"ImageObject","inLanguage":"sl-SI","@id":"https:\/\/pandeoshop.com\/product\/medi-peel-perfect-cooling-skin-face-type\/#primaryimage","url":"https:\/\/pandeoshop.com\/wp-content\/uploads\/medi-peel-bor-tox-peptide-toner-1.jpg","contentUrl":"https:\/\/pandeoshop.com\/wp-content\/uploads\/medi-peel-bor-tox-peptide-toner-1.jpg","width":426,"height":430},{"@type":"BreadcrumbList","@id":"https:\/\/pandeoshop.com\/product\/medi-peel-perfect-cooling-skin-face-type\/#breadcrumb","itemListElement":[{"@type":"ListItem","position":1,"name":"Domov","item":"https:\/\/pandeoshop.com\/sl\/"},{"@type":"ListItem","position":2,"name":"Trgovina","item":"https:\/\/pandeoshop.com\/sl\/trgovina\/"},{"@type":"ListItem","position":3,"name":"Blagovne znamke","item":"https:\/\/pandeoshop.com\/sl\/category\/blagovne-znamke\/"},{"@type":"ListItem","position":4,"name":"Medi-Peel","item":"https:\/\/pandeoshop.com\/sl\/category\/blagovne-znamke\/medi-peel-sl\/"},{"@type":"ListItem","position":5,"name":"Hladilni masa\u017eer za obraz Medi-Peel Perfect Cooling Skin (Face Type)"}]},{"@type":"WebSite","@id":"https:\/\/pandeoshop.com\/sl\/#website","url":"https:\/\/pandeoshop.com\/sl\/","name":"Pandeoshop","description":"\u0160e eno spleti\u0161\u010de WordPress","publisher":{"@id":"https:\/\/pandeoshop.com\/sl\/#organization"},"potentialAction":[{"@type":"SearchAction","target":{"@type":"EntryPoint","urlTemplate":"https:\/\/pandeoshop.com\/sl\/?s={search_term_string}"},"query-input":"required name=search_term_string"}],"inLanguage":"sl-SI"},{"@type":"Organization","@id":"https:\/\/pandeoshop.com\/sl\/#organization","name":"Pandeoshop","url":"https:\/\/pandeoshop.com\/sl\/","logo":{"@type":"ImageObject","inLanguage":"sl-SI","@id":"https:\/\/pandeoshop.com\/sl\/#\/schema\/logo\/image\/","url":"https:\/\/pandeoshop.com\/wp-content\/uploads\/pandeoshop_social_logo_no_textjpg.jpg","contentUrl":"https:\/\/pandeoshop.com\/wp-content\/uploads\/pandeoshop_social_logo_no_textjpg.jpg","width":288,"height":201,"caption":"Pandeoshop"},"image":{"@id":"https:\/\/pandeoshop.com\/sl\/#\/schema\/logo\/image\/"},"sameAs":["https:\/\/www.facebook.com\/pandeoshop\/","https:\/\/www.instagram.com\/pandeo_shop\/"]}]},"product_price_amount":"10.42","product_price_currency":"EUR","og_availability":"instock","product_availability":"instock","product_retailer_item_id":"HS11080","product_condition":"new"},"_links":{"self":[{"href":"https:\/\/pandeoshop.com\/sl\/wp-json\/wp\/v2\/product\/26574"}],"collection":[{"href":"https:\/\/pandeoshop.com\/sl\/wp-json\/wp\/v2\/product"}],"about":[{"href":"https:\/\/pandeoshop.com\/sl\/wp-json\/wp\/v2\/types\/product"}],"replies":[{"embeddable":true,"href":"https:\/\/pandeoshop.com\/sl\/wp-json\/wp\/v2\/comments?post=26574"}],"wp:featuredmedia":[{"embeddable":true,"href":"https:\/\/pandeoshop.com\/sl\/wp-json\/wp\/v2\/media\/42616"}],"wp:attachment":[{"href":"https:\/\/pandeoshop.com\/sl\/wp-json\/wp\/v2\/media?parent=26574"}],"wp:term":[{"taxonomy":"product_cat","embeddable":true,"href":"https:\/\/pandeoshop.com\/sl\/wp-json\/wp\/v2\/product_cat?post=26574"},{"taxonomy":"product_tag","embeddable":true,"href":"https:\/\/pandeoshop.com\/sl\/wp-json\/wp\/v2\/product_tag?post=26574"}],"curies":[{"name":"wp","href":"https:\/\/api.w.org\/{rel}","templated":true}]}}