{"id":26573,"date":"2023-07-19T20:26:53","date_gmt":"2023-07-19T18:36:21","guid":{"rendered":"https:\/\/pandeoshop.com\/?post_type=product&#038;p=26573"},"modified":"2025-11-13T10:53:53","modified_gmt":"2025-11-13T09:53:53","slug":"krema-za-obraz-proti-staranju-s-peptidi-medi-peel-peptide-9-volume-tox-cream","status":"publish","type":"product","link":"https:\/\/pandeoshop.com\/sl\/izdelek\/krema-za-obraz-proti-staranju-s-peptidi-medi-peel-peptide-9-volume-tox-cream\/","title":{"rendered":"Krema za obraz proti staranju s peptidi <br\/> Medi-Peel Peptide 9 Volume Tox Cream"},"content":{"rendered":"<p>Medi-Peel Peptide 9 Volume Tox Cream &#8211; kompleks 9 peptidov, vklju\u010denih v kremo, znatno zavirajo prezgodnje staranje ko\u017ee ter daje pomlajevalni in zategovalni u\u010dinek. Peptidi so odgovorni za proizvodnjo kolagena, ki vam omogo\u010da, da hitro izravnate povr\u0161ino ko\u017ee in zapolnite globoke gube.<\/p>\n<p>Aktivna sestavina kreme \u2013 volufilin \u2013 deluje v globokih plasteh ko\u017ee in deluje podobno kot injekcije botoksa, saj ko\u017eo napolni z volumnom od znotraj.<br \/>\n\u0160tiri vrste hialuronske kisline, ki jih vsebuje izdelek, pomladijo in zmanj\u0161ajo obstoje\u010de gube. Poleg tega prepre\u010dujejo nastanek novih gub, ko\u017eo krepijo, vla\u017eijo in upo\u010dasnjujejo proces staranja.<br \/>\nEkstrakt evkaliptusa ima toni\u010den u\u010dinek, mo\u010dno antibakterijsko lastnost, ki pomaga pri soo\u010danju z nalezljivimi ko\u017enimi boleznimi.<\/p>\n<p>Krema je lahke teksture in se zlahka vpije v ko\u017eo.<\/p>\n","protected":false},"excerpt":{"rendered":"<p>Krema proti staranju s peptidi poskrbi za dolgotrajno mladost, vidno zategne konture, zgladi gube ter ko\u017ei podari lep in sijo\u010d videz.<\/p>\n","protected":false},"featured_media":41451,"comment_status":"open","ping_status":"closed","template":"","meta":[],"product_cat":[1755,1720,1737,1765,1754,1721,1730,1718,1735,1804,1769,1927,1784,1780,1814,1785,1985,1767,1770,1948,1781,1803,1782,1942,1928,1783,1779,1786],"product_tag":[4265,4495,4506,4276,4301,4549,4319,4531,4571,4341,4369,4599],"bundle_layout":"","bundle_add_to_cart_form_location":"","bundle_editable_in_cart":false,"bundle_sold_individually_context":"","bundle_item_grouping":"","bundle_min_size":"","bundle_max_size":"","bundled_by":[],"bundled_items":[],"yoast_head":"<!-- This site is optimized with the Yoast SEO Premium plugin v22.2 (Yoast SEO v22.9) - https:\/\/yoast.com\/wordpress\/plugins\/seo\/ -->\n<title>Krema za obraz proti staranju s peptidi | Medi-Peel Peptide 9 Volume Tox Cream - Pandeoshop<\/title>\n<meta name=\"description\" content=\"Krema proti staranju s peptidi poskrbi za dolgotrajno mladost, vidno zategne konture, zgladi gube ter ko\u017ei podari lep in sijo\u010d videz.\" \/>\n<meta name=\"robots\" content=\"index, follow, max-snippet:-1, max-image-preview:large, max-video-preview:-1\" \/>\n<link rel=\"canonical\" href=\"https:\/\/pandeoshop.com\/sl\/product\/medi-peel-peptide-9-volume-tox-cream\/\" \/>\n<meta property=\"og:locale\" content=\"sl_SI\" \/>\n<meta property=\"og:type\" content=\"article\" \/>\n<meta property=\"og:title\" content=\"Krema za obraz proti staranju s peptidi | Medi-Peel Peptide 9 Volume Tox Cream - Pandeoshop\" \/>\n<meta property=\"og:description\" content=\"Krema proti staranju s peptidi poskrbi za dolgotrajno mladost, vidno zategne konture, zgladi gube ter ko\u017ei podari lep in sijo\u010d videz.\" \/>\n<meta property=\"og:url\" content=\"https:\/\/pandeoshop.com\/product\/medi-peel-peptide-9-volume-tox-cream\/\" \/>\n<meta property=\"og:site_name\" content=\"Pandeoshop\" \/>\n<meta property=\"article:publisher\" content=\"https:\/\/www.facebook.com\/pandeoshop\/\" \/>\n<meta property=\"article:modified_time\" content=\"2025-11-13T09:53:53+00:00\" \/>\n<meta property=\"og:image\" content=\"https:\/\/pandeoshop.com\/wp-content\/uploads\/medi-peel-peptide-9-volume-tox-cream-50-ml-1.jpeg\" \/>\n\t<meta property=\"og:image:width\" content=\"1000\" \/>\n\t<meta property=\"og:image:height\" content=\"1000\" \/>\n\t<meta property=\"og:image:type\" content=\"image\/jpeg\" \/>\n<meta name=\"twitter:card\" content=\"summary_large_image\" \/>\n<script type=\"application\/ld+json\" class=\"yoast-schema-graph\">{\"@context\":\"https:\/\/schema.org\",\"@graph\":[{\"@type\":\"WebPage\",\"@id\":\"https:\/\/pandeoshop.com\/sl\/izdelek\/krema-za-obraz-proti-staranju-s-peptidi-medi-peel-peptide-9-volume-tox-cream\/\",\"url\":\"https:\/\/pandeoshop.com\/product\/medi-peel-peptide-9-volume-tox-cream\/\",\"name\":\"Krema za obraz proti staranju s peptidi | Medi-Peel Peptide 9 Volume Tox Cream - Pandeoshop\",\"isPartOf\":{\"@id\":\"https:\/\/pandeoshop.com\/sl\/#website\"},\"primaryImageOfPage\":{\"@id\":\"https:\/\/pandeoshop.com\/product\/medi-peel-peptide-9-volume-tox-cream\/#primaryimage\"},\"image\":{\"@id\":\"https:\/\/pandeoshop.com\/product\/medi-peel-peptide-9-volume-tox-cream\/#primaryimage\"},\"thumbnailUrl\":\"https:\/\/pandeoshop.com\/wp-content\/uploads\/medi-peel-peptide-9-volume-tox-cream-50-ml-1.jpeg\",\"datePublished\":\"2023-07-19T18:36:21+00:00\",\"dateModified\":\"2025-11-13T09:53:53+00:00\",\"description\":\"Krema proti staranju s peptidi poskrbi za dolgotrajno mladost, vidno zategne konture, zgladi gube ter ko\u017ei podari lep in sijo\u010d videz.\",\"breadcrumb\":{\"@id\":\"https:\/\/pandeoshop.com\/product\/medi-peel-peptide-9-volume-tox-cream\/#breadcrumb\"},\"inLanguage\":\"sl-SI\",\"potentialAction\":[{\"@type\":\"ReadAction\",\"target\":[\"https:\/\/pandeoshop.com\/product\/medi-peel-peptide-9-volume-tox-cream\/\"]}]},{\"@type\":\"ImageObject\",\"inLanguage\":\"sl-SI\",\"@id\":\"https:\/\/pandeoshop.com\/product\/medi-peel-peptide-9-volume-tox-cream\/#primaryimage\",\"url\":\"https:\/\/pandeoshop.com\/wp-content\/uploads\/medi-peel-peptide-9-volume-tox-cream-50-ml-1.jpeg\",\"contentUrl\":\"https:\/\/pandeoshop.com\/wp-content\/uploads\/medi-peel-peptide-9-volume-tox-cream-50-ml-1.jpeg\",\"width\":1000,\"height\":1000},{\"@type\":\"BreadcrumbList\",\"@id\":\"https:\/\/pandeoshop.com\/product\/medi-peel-peptide-9-volume-tox-cream\/#breadcrumb\",\"itemListElement\":[{\"@type\":\"ListItem\",\"position\":1,\"name\":\"Domov\",\"item\":\"https:\/\/pandeoshop.com\/sl\/\"},{\"@type\":\"ListItem\",\"position\":2,\"name\":\"Trgovina\",\"item\":\"https:\/\/pandeoshop.com\/sl\/trgovina\/\"},{\"@type\":\"ListItem\",\"position\":3,\"name\":\"Blagovne znamke\",\"item\":\"https:\/\/pandeoshop.com\/sl\/category\/blagovne-znamke\/\"},{\"@type\":\"ListItem\",\"position\":4,\"name\":\"Medi-Peel\",\"item\":\"https:\/\/pandeoshop.com\/sl\/category\/blagovne-znamke\/medi-peel-sl\/\"},{\"@type\":\"ListItem\",\"position\":5,\"name\":\"Krema za obraz proti staranju s peptidi Medi-Peel Peptide 9 Volume Tox Cream\"}]},{\"@type\":\"WebSite\",\"@id\":\"https:\/\/pandeoshop.com\/sl\/#website\",\"url\":\"https:\/\/pandeoshop.com\/sl\/\",\"name\":\"Pandeoshop\",\"description\":\"\u0160e eno spleti\u0161\u010de WordPress\",\"publisher\":{\"@id\":\"https:\/\/pandeoshop.com\/sl\/#organization\"},\"potentialAction\":[{\"@type\":\"SearchAction\",\"target\":{\"@type\":\"EntryPoint\",\"urlTemplate\":\"https:\/\/pandeoshop.com\/sl\/?s={search_term_string}\"},\"query-input\":\"required name=search_term_string\"}],\"inLanguage\":\"sl-SI\"},{\"@type\":\"Organization\",\"@id\":\"https:\/\/pandeoshop.com\/sl\/#organization\",\"name\":\"Pandeoshop\",\"url\":\"https:\/\/pandeoshop.com\/sl\/\",\"logo\":{\"@type\":\"ImageObject\",\"inLanguage\":\"sl-SI\",\"@id\":\"https:\/\/pandeoshop.com\/sl\/#\/schema\/logo\/image\/\",\"url\":\"https:\/\/pandeoshop.com\/wp-content\/uploads\/pandeoshop_social_logo_no_textjpg.jpg\",\"contentUrl\":\"https:\/\/pandeoshop.com\/wp-content\/uploads\/pandeoshop_social_logo_no_textjpg.jpg\",\"width\":288,\"height\":201,\"caption\":\"Pandeoshop\"},\"image\":{\"@id\":\"https:\/\/pandeoshop.com\/sl\/#\/schema\/logo\/image\/\"},\"sameAs\":[\"https:\/\/www.facebook.com\/pandeoshop\/\",\"https:\/\/www.instagram.com\/pandeo_shop\/\"]}]}<\/script>\n<meta property=\"product:price:amount\" content=\"24.38\" \/>\n<meta property=\"product:price:currency\" content=\"EUR\" \/>\n<meta property=\"og:availability\" content=\"instock\" \/>\n<meta property=\"product:availability\" content=\"instock\" \/>\n<meta property=\"product:retailer_item_id\" content=\"HS10570\" \/>\n<meta property=\"product:condition\" content=\"new\" \/>\n<!-- \/ Yoast SEO Premium plugin. -->","yoast_head_json":{"title":"Krema za obraz proti staranju s peptidi | Medi-Peel Peptide 9 Volume Tox Cream - Pandeoshop","description":"Krema proti staranju s peptidi poskrbi za dolgotrajno mladost, vidno zategne konture, zgladi gube ter ko\u017ei podari lep in sijo\u010d videz.","robots":{"index":"index","follow":"follow","max-snippet":"max-snippet:-1","max-image-preview":"max-image-preview:large","max-video-preview":"max-video-preview:-1"},"canonical":"https:\/\/pandeoshop.com\/sl\/product\/medi-peel-peptide-9-volume-tox-cream\/","og_locale":"sl_SI","og_type":"article","og_title":"Krema za obraz proti staranju s peptidi | Medi-Peel Peptide 9 Volume Tox Cream - Pandeoshop","og_description":"Krema proti staranju s peptidi poskrbi za dolgotrajno mladost, vidno zategne konture, zgladi gube ter ko\u017ei podari lep in sijo\u010d videz.","og_url":"https:\/\/pandeoshop.com\/product\/medi-peel-peptide-9-volume-tox-cream\/","og_site_name":"Pandeoshop","article_publisher":"https:\/\/www.facebook.com\/pandeoshop\/","article_modified_time":"2025-11-13T09:53:53+00:00","og_image":[{"width":1000,"height":1000,"url":"https:\/\/pandeoshop.com\/wp-content\/uploads\/medi-peel-peptide-9-volume-tox-cream-50-ml-1.jpeg","type":"image\/jpeg"}],"twitter_card":"summary_large_image","schema":{"@context":"https:\/\/schema.org","@graph":[{"@type":"WebPage","@id":"https:\/\/pandeoshop.com\/sl\/izdelek\/krema-za-obraz-proti-staranju-s-peptidi-medi-peel-peptide-9-volume-tox-cream\/","url":"https:\/\/pandeoshop.com\/product\/medi-peel-peptide-9-volume-tox-cream\/","name":"Krema za obraz proti staranju s peptidi | Medi-Peel Peptide 9 Volume Tox Cream - Pandeoshop","isPartOf":{"@id":"https:\/\/pandeoshop.com\/sl\/#website"},"primaryImageOfPage":{"@id":"https:\/\/pandeoshop.com\/product\/medi-peel-peptide-9-volume-tox-cream\/#primaryimage"},"image":{"@id":"https:\/\/pandeoshop.com\/product\/medi-peel-peptide-9-volume-tox-cream\/#primaryimage"},"thumbnailUrl":"https:\/\/pandeoshop.com\/wp-content\/uploads\/medi-peel-peptide-9-volume-tox-cream-50-ml-1.jpeg","datePublished":"2023-07-19T18:36:21+00:00","dateModified":"2025-11-13T09:53:53+00:00","description":"Krema proti staranju s peptidi poskrbi za dolgotrajno mladost, vidno zategne konture, zgladi gube ter ko\u017ei podari lep in sijo\u010d videz.","breadcrumb":{"@id":"https:\/\/pandeoshop.com\/product\/medi-peel-peptide-9-volume-tox-cream\/#breadcrumb"},"inLanguage":"sl-SI","potentialAction":[{"@type":"ReadAction","target":["https:\/\/pandeoshop.com\/product\/medi-peel-peptide-9-volume-tox-cream\/"]}]},{"@type":"ImageObject","inLanguage":"sl-SI","@id":"https:\/\/pandeoshop.com\/product\/medi-peel-peptide-9-volume-tox-cream\/#primaryimage","url":"https:\/\/pandeoshop.com\/wp-content\/uploads\/medi-peel-peptide-9-volume-tox-cream-50-ml-1.jpeg","contentUrl":"https:\/\/pandeoshop.com\/wp-content\/uploads\/medi-peel-peptide-9-volume-tox-cream-50-ml-1.jpeg","width":1000,"height":1000},{"@type":"BreadcrumbList","@id":"https:\/\/pandeoshop.com\/product\/medi-peel-peptide-9-volume-tox-cream\/#breadcrumb","itemListElement":[{"@type":"ListItem","position":1,"name":"Domov","item":"https:\/\/pandeoshop.com\/sl\/"},{"@type":"ListItem","position":2,"name":"Trgovina","item":"https:\/\/pandeoshop.com\/sl\/trgovina\/"},{"@type":"ListItem","position":3,"name":"Blagovne znamke","item":"https:\/\/pandeoshop.com\/sl\/category\/blagovne-znamke\/"},{"@type":"ListItem","position":4,"name":"Medi-Peel","item":"https:\/\/pandeoshop.com\/sl\/category\/blagovne-znamke\/medi-peel-sl\/"},{"@type":"ListItem","position":5,"name":"Krema za obraz proti staranju s peptidi Medi-Peel Peptide 9 Volume Tox Cream"}]},{"@type":"WebSite","@id":"https:\/\/pandeoshop.com\/sl\/#website","url":"https:\/\/pandeoshop.com\/sl\/","name":"Pandeoshop","description":"\u0160e eno spleti\u0161\u010de WordPress","publisher":{"@id":"https:\/\/pandeoshop.com\/sl\/#organization"},"potentialAction":[{"@type":"SearchAction","target":{"@type":"EntryPoint","urlTemplate":"https:\/\/pandeoshop.com\/sl\/?s={search_term_string}"},"query-input":"required name=search_term_string"}],"inLanguage":"sl-SI"},{"@type":"Organization","@id":"https:\/\/pandeoshop.com\/sl\/#organization","name":"Pandeoshop","url":"https:\/\/pandeoshop.com\/sl\/","logo":{"@type":"ImageObject","inLanguage":"sl-SI","@id":"https:\/\/pandeoshop.com\/sl\/#\/schema\/logo\/image\/","url":"https:\/\/pandeoshop.com\/wp-content\/uploads\/pandeoshop_social_logo_no_textjpg.jpg","contentUrl":"https:\/\/pandeoshop.com\/wp-content\/uploads\/pandeoshop_social_logo_no_textjpg.jpg","width":288,"height":201,"caption":"Pandeoshop"},"image":{"@id":"https:\/\/pandeoshop.com\/sl\/#\/schema\/logo\/image\/"},"sameAs":["https:\/\/www.facebook.com\/pandeoshop\/","https:\/\/www.instagram.com\/pandeo_shop\/"]}]},"product_price_amount":"24.38","product_price_currency":"EUR","og_availability":"instock","product_availability":"instock","product_retailer_item_id":"HS10570","product_condition":"new"},"_links":{"self":[{"href":"https:\/\/pandeoshop.com\/sl\/wp-json\/wp\/v2\/product\/26573"}],"collection":[{"href":"https:\/\/pandeoshop.com\/sl\/wp-json\/wp\/v2\/product"}],"about":[{"href":"https:\/\/pandeoshop.com\/sl\/wp-json\/wp\/v2\/types\/product"}],"replies":[{"embeddable":true,"href":"https:\/\/pandeoshop.com\/sl\/wp-json\/wp\/v2\/comments?post=26573"}],"wp:featuredmedia":[{"embeddable":true,"href":"https:\/\/pandeoshop.com\/sl\/wp-json\/wp\/v2\/media\/41451"}],"wp:attachment":[{"href":"https:\/\/pandeoshop.com\/sl\/wp-json\/wp\/v2\/media?parent=26573"}],"wp:term":[{"taxonomy":"product_cat","embeddable":true,"href":"https:\/\/pandeoshop.com\/sl\/wp-json\/wp\/v2\/product_cat?post=26573"},{"taxonomy":"product_tag","embeddable":true,"href":"https:\/\/pandeoshop.com\/sl\/wp-json\/wp\/v2\/product_tag?post=26573"}],"curies":[{"name":"wp","href":"https:\/\/api.w.org\/{rel}","templated":true}]}}