{"id":26572,"date":"2022-10-25T23:16:02","date_gmt":"2022-09-17T15:50:44","guid":{"rendered":"https:\/\/pandeoshop.com\/?post_type=product&#038;p=26572"},"modified":"2024-06-02T07:26:42","modified_gmt":"2024-06-02T05:26:42","slug":"pomlajevalna-esenca-s-peptidi-medi-peel-peptide-9-volume-all-in-one-essence","status":"publish","type":"product","link":"https:\/\/pandeoshop.com\/sl\/izdelek\/pomlajevalna-esenca-s-peptidi-medi-peel-peptide-9-volume-all-in-one-essence\/","title":{"rendered":"Pomlajevalna esenca s peptidi <br\/> Medi-Peel Peptide 9 Volume All-In-One Essence"},"content":{"rendered":"<p>Medi-Peel Peptide 9 Volume All-in-One Essence &#8211; esenca vsebuje kompleks 9 peptidov.<\/p>\n<p>Acetil dipeptid-1 in acetil heksapeptid-8 &#8211; sprostita obrazne mi\u0161ice.<br \/>\nTripeptid 5 &#8211; pomaga zmanj\u0161ati gube in izbolj\u0161ati elasti\u010dnost ko\u017ee.<br \/>\nTripeptid 1 &#8211; stimulira sintezo kolagena.<br \/>\nPalmitoil pentapeptid-4 &#8211; peptid, ki je odgovoren za regeneracijo tkiva, pove\u010duje elasti\u010dnost in volumen ko\u017ee.<br \/>\nOligopeptid-32 &#8211; upo\u010dasni proces staranja, uravnava proizvodnjo sebuma, in ko\u017eo naredi enakomerno ter gladko.<br \/>\nArginin obnavlja po\u0161kodovane celice.<br \/>\nAdenozin ko\u017eo napne in pove\u010da turgor.<br \/>\nNedavne dermatolo\u0161ke \u0161tudije so pokazale, da staranje ko\u017ee temelji na disregulaciji sinteze beljakovin.<\/p>\n<p>Z uporabo ustreznih peptidov v celicah povrhnjice se spro\u017eijo procesi regeneracije in proces staranja se upo\u010dasni.<\/p>\n","protected":false},"excerpt":{"rendered":"<p>U\u010dinkovita proti aknam, pegam, temnim made\u017eem ter bledi in neenakomerni teksturi. Povrne \u010dvrstost in elasti\u010dnosti ter izni\u010di drobne linije in gube.<\/p>\n","protected":false},"featured_media":42698,"comment_status":"open","ping_status":"closed","template":"","meta":[],"product_cat":[1804,1775,1784,1780,1814,1785,1767,1781,1783,1779,1786],"product_tag":[4495,4506,4513,4549,4518,4531,4565,4571,4599],"bundle_layout":"","bundle_add_to_cart_form_location":"","bundle_editable_in_cart":false,"bundle_sold_individually_context":"","bundle_item_grouping":"","bundle_min_size":"","bundle_max_size":"","bundled_by":[],"bundled_items":[],"yoast_head":"<!-- This site is optimized with the Yoast SEO Premium plugin v22.2 (Yoast SEO v22.9) - https:\/\/yoast.com\/wordpress\/plugins\/seo\/ -->\n<title>Pomlajevalna esenca s peptidi | Medi-Peel Peptide 9 Volume All-In-One Essence - Pandeoshop<\/title>\n<meta name=\"description\" content=\"U\u010dinkovita proti aknam, pegam, temnim made\u017eem ter bledi in neenakomerni teksturi. Povrne \u010dvrstost in elasti\u010dnosti ter izni\u010di drobne linije in gube.\" \/>\n<meta name=\"robots\" content=\"index, follow, max-snippet:-1, max-image-preview:large, max-video-preview:-1\" \/>\n<link rel=\"canonical\" href=\"https:\/\/pandeoshop.com\/sl\/product\/medi-peel-peptide-9-volume-all-in-one-essence\/\" \/>\n<meta property=\"og:locale\" content=\"sl_SI\" \/>\n<meta property=\"og:type\" content=\"article\" \/>\n<meta property=\"og:title\" content=\"Pomlajevalna esenca s peptidi | Medi-Peel Peptide 9 Volume All-In-One Essence - Pandeoshop\" \/>\n<meta property=\"og:description\" content=\"U\u010dinkovita proti aknam, pegam, temnim made\u017eem ter bledi in neenakomerni teksturi. Povrne \u010dvrstost in elasti\u010dnosti ter izni\u010di drobne linije in gube.\" \/>\n<meta property=\"og:url\" content=\"https:\/\/pandeoshop.com\/product\/medi-peel-peptide-9-volume-all-in-one-essence\/\" \/>\n<meta property=\"og:site_name\" content=\"Pandeoshop\" \/>\n<meta property=\"article:publisher\" content=\"https:\/\/www.facebook.com\/pandeoshop\/\" \/>\n<meta property=\"article:modified_time\" content=\"2024-06-02T05:26:42+00:00\" \/>\n<meta property=\"og:image\" content=\"https:\/\/pandeoshop.com\/wp-content\/uploads\/medi-peel-peptide-9-volume-all-in-one-essence-1.jpeg\" \/>\n\t<meta property=\"og:image:width\" content=\"1000\" \/>\n\t<meta property=\"og:image:height\" content=\"1000\" \/>\n\t<meta property=\"og:image:type\" content=\"image\/jpeg\" \/>\n<meta name=\"twitter:card\" content=\"summary_large_image\" \/>\n<script type=\"application\/ld+json\" class=\"yoast-schema-graph\">{\"@context\":\"https:\/\/schema.org\",\"@graph\":[{\"@type\":\"WebPage\",\"@id\":\"https:\/\/pandeoshop.com\/sl\/izdelek\/pomlajevalna-esenca-s-peptidi-medi-peel-peptide-9-volume-all-in-one-essence\/\",\"url\":\"https:\/\/pandeoshop.com\/product\/medi-peel-peptide-9-volume-all-in-one-essence\/\",\"name\":\"Pomlajevalna esenca s peptidi | Medi-Peel Peptide 9 Volume All-In-One Essence - Pandeoshop\",\"isPartOf\":{\"@id\":\"https:\/\/pandeoshop.com\/sl\/#website\"},\"primaryImageOfPage\":{\"@id\":\"https:\/\/pandeoshop.com\/product\/medi-peel-peptide-9-volume-all-in-one-essence\/#primaryimage\"},\"image\":{\"@id\":\"https:\/\/pandeoshop.com\/product\/medi-peel-peptide-9-volume-all-in-one-essence\/#primaryimage\"},\"thumbnailUrl\":\"https:\/\/pandeoshop.com\/wp-content\/uploads\/medi-peel-peptide-9-volume-white-cica-essence-pro.jpg\",\"datePublished\":\"2022-09-17T15:50:44+00:00\",\"dateModified\":\"2024-06-02T05:26:42+00:00\",\"description\":\"U\u010dinkovita proti aknam, pegam, temnim made\u017eem ter bledi in neenakomerni teksturi. Povrne \u010dvrstost in elasti\u010dnosti ter izni\u010di drobne linije in gube.\",\"breadcrumb\":{\"@id\":\"https:\/\/pandeoshop.com\/product\/medi-peel-peptide-9-volume-all-in-one-essence\/#breadcrumb\"},\"inLanguage\":\"sl-SI\",\"potentialAction\":[{\"@type\":\"ReadAction\",\"target\":[\"https:\/\/pandeoshop.com\/product\/medi-peel-peptide-9-volume-all-in-one-essence\/\"]}]},{\"@type\":\"ImageObject\",\"inLanguage\":\"sl-SI\",\"@id\":\"https:\/\/pandeoshop.com\/product\/medi-peel-peptide-9-volume-all-in-one-essence\/#primaryimage\",\"url\":\"https:\/\/pandeoshop.com\/wp-content\/uploads\/medi-peel-peptide-9-volume-white-cica-essence-pro.jpg\",\"contentUrl\":\"https:\/\/pandeoshop.com\/wp-content\/uploads\/medi-peel-peptide-9-volume-white-cica-essence-pro.jpg\",\"width\":466,\"height\":492},{\"@type\":\"BreadcrumbList\",\"@id\":\"https:\/\/pandeoshop.com\/product\/medi-peel-peptide-9-volume-all-in-one-essence\/#breadcrumb\",\"itemListElement\":[{\"@type\":\"ListItem\",\"position\":1,\"name\":\"Domov\",\"item\":\"https:\/\/pandeoshop.com\/sl\/\"},{\"@type\":\"ListItem\",\"position\":2,\"name\":\"Trgovina\",\"item\":\"https:\/\/pandeoshop.com\/sl\/trgovina\/\"},{\"@type\":\"ListItem\",\"position\":3,\"name\":\"Blagovne znamke\",\"item\":\"https:\/\/pandeoshop.com\/sl\/category\/blagovne-znamke\/\"},{\"@type\":\"ListItem\",\"position\":4,\"name\":\"Medi-Peel\",\"item\":\"https:\/\/pandeoshop.com\/sl\/category\/blagovne-znamke\/medi-peel-sl\/\"},{\"@type\":\"ListItem\",\"position\":5,\"name\":\"Pomlajevalna esenca s peptidi Medi-Peel Peptide 9 Volume All-In-One Essence\"}]},{\"@type\":\"WebSite\",\"@id\":\"https:\/\/pandeoshop.com\/sl\/#website\",\"url\":\"https:\/\/pandeoshop.com\/sl\/\",\"name\":\"Pandeoshop\",\"description\":\"\u0160e eno spleti\u0161\u010de WordPress\",\"publisher\":{\"@id\":\"https:\/\/pandeoshop.com\/sl\/#organization\"},\"potentialAction\":[{\"@type\":\"SearchAction\",\"target\":{\"@type\":\"EntryPoint\",\"urlTemplate\":\"https:\/\/pandeoshop.com\/sl\/?s={search_term_string}\"},\"query-input\":\"required name=search_term_string\"}],\"inLanguage\":\"sl-SI\"},{\"@type\":\"Organization\",\"@id\":\"https:\/\/pandeoshop.com\/sl\/#organization\",\"name\":\"Pandeoshop\",\"url\":\"https:\/\/pandeoshop.com\/sl\/\",\"logo\":{\"@type\":\"ImageObject\",\"inLanguage\":\"sl-SI\",\"@id\":\"https:\/\/pandeoshop.com\/sl\/#\/schema\/logo\/image\/\",\"url\":\"https:\/\/pandeoshop.com\/wp-content\/uploads\/pandeoshop_social_logo_no_textjpg.jpg\",\"contentUrl\":\"https:\/\/pandeoshop.com\/wp-content\/uploads\/pandeoshop_social_logo_no_textjpg.jpg\",\"width\":288,\"height\":201,\"caption\":\"Pandeoshop\"},\"image\":{\"@id\":\"https:\/\/pandeoshop.com\/sl\/#\/schema\/logo\/image\/\"},\"sameAs\":[\"https:\/\/www.facebook.com\/pandeoshop\/\",\"https:\/\/www.instagram.com\/pandeo_shop\/\"]}]}<\/script>\n<meta property=\"product:price:amount\" content=\"38.41\" \/>\n<meta property=\"product:price:currency\" content=\"EUR\" \/>\n<meta property=\"og:availability\" content=\"instock\" \/>\n<meta property=\"product:availability\" content=\"instock\" \/>\n<meta property=\"product:retailer_item_id\" content=\"HS11090\" \/>\n<meta property=\"product:condition\" content=\"new\" \/>\n<!-- \/ Yoast SEO Premium plugin. -->","yoast_head_json":{"title":"Pomlajevalna esenca s peptidi | Medi-Peel Peptide 9 Volume All-In-One Essence - Pandeoshop","description":"U\u010dinkovita proti aknam, pegam, temnim made\u017eem ter bledi in neenakomerni teksturi. Povrne \u010dvrstost in elasti\u010dnosti ter izni\u010di drobne linije in gube.","robots":{"index":"index","follow":"follow","max-snippet":"max-snippet:-1","max-image-preview":"max-image-preview:large","max-video-preview":"max-video-preview:-1"},"canonical":"https:\/\/pandeoshop.com\/sl\/product\/medi-peel-peptide-9-volume-all-in-one-essence\/","og_locale":"sl_SI","og_type":"article","og_title":"Pomlajevalna esenca s peptidi | Medi-Peel Peptide 9 Volume All-In-One Essence - Pandeoshop","og_description":"U\u010dinkovita proti aknam, pegam, temnim made\u017eem ter bledi in neenakomerni teksturi. Povrne \u010dvrstost in elasti\u010dnosti ter izni\u010di drobne linije in gube.","og_url":"https:\/\/pandeoshop.com\/product\/medi-peel-peptide-9-volume-all-in-one-essence\/","og_site_name":"Pandeoshop","article_publisher":"https:\/\/www.facebook.com\/pandeoshop\/","article_modified_time":"2024-06-02T05:26:42+00:00","og_image":[{"width":1000,"height":1000,"url":"https:\/\/pandeoshop.com\/wp-content\/uploads\/medi-peel-peptide-9-volume-all-in-one-essence-1.jpeg","type":"image\/jpeg"}],"twitter_card":"summary_large_image","schema":{"@context":"https:\/\/schema.org","@graph":[{"@type":"WebPage","@id":"https:\/\/pandeoshop.com\/sl\/izdelek\/pomlajevalna-esenca-s-peptidi-medi-peel-peptide-9-volume-all-in-one-essence\/","url":"https:\/\/pandeoshop.com\/product\/medi-peel-peptide-9-volume-all-in-one-essence\/","name":"Pomlajevalna esenca s peptidi | Medi-Peel Peptide 9 Volume All-In-One Essence - Pandeoshop","isPartOf":{"@id":"https:\/\/pandeoshop.com\/sl\/#website"},"primaryImageOfPage":{"@id":"https:\/\/pandeoshop.com\/product\/medi-peel-peptide-9-volume-all-in-one-essence\/#primaryimage"},"image":{"@id":"https:\/\/pandeoshop.com\/product\/medi-peel-peptide-9-volume-all-in-one-essence\/#primaryimage"},"thumbnailUrl":"https:\/\/pandeoshop.com\/wp-content\/uploads\/medi-peel-peptide-9-volume-white-cica-essence-pro.jpg","datePublished":"2022-09-17T15:50:44+00:00","dateModified":"2024-06-02T05:26:42+00:00","description":"U\u010dinkovita proti aknam, pegam, temnim made\u017eem ter bledi in neenakomerni teksturi. Povrne \u010dvrstost in elasti\u010dnosti ter izni\u010di drobne linije in gube.","breadcrumb":{"@id":"https:\/\/pandeoshop.com\/product\/medi-peel-peptide-9-volume-all-in-one-essence\/#breadcrumb"},"inLanguage":"sl-SI","potentialAction":[{"@type":"ReadAction","target":["https:\/\/pandeoshop.com\/product\/medi-peel-peptide-9-volume-all-in-one-essence\/"]}]},{"@type":"ImageObject","inLanguage":"sl-SI","@id":"https:\/\/pandeoshop.com\/product\/medi-peel-peptide-9-volume-all-in-one-essence\/#primaryimage","url":"https:\/\/pandeoshop.com\/wp-content\/uploads\/medi-peel-peptide-9-volume-white-cica-essence-pro.jpg","contentUrl":"https:\/\/pandeoshop.com\/wp-content\/uploads\/medi-peel-peptide-9-volume-white-cica-essence-pro.jpg","width":466,"height":492},{"@type":"BreadcrumbList","@id":"https:\/\/pandeoshop.com\/product\/medi-peel-peptide-9-volume-all-in-one-essence\/#breadcrumb","itemListElement":[{"@type":"ListItem","position":1,"name":"Domov","item":"https:\/\/pandeoshop.com\/sl\/"},{"@type":"ListItem","position":2,"name":"Trgovina","item":"https:\/\/pandeoshop.com\/sl\/trgovina\/"},{"@type":"ListItem","position":3,"name":"Blagovne znamke","item":"https:\/\/pandeoshop.com\/sl\/category\/blagovne-znamke\/"},{"@type":"ListItem","position":4,"name":"Medi-Peel","item":"https:\/\/pandeoshop.com\/sl\/category\/blagovne-znamke\/medi-peel-sl\/"},{"@type":"ListItem","position":5,"name":"Pomlajevalna esenca s peptidi Medi-Peel Peptide 9 Volume All-In-One Essence"}]},{"@type":"WebSite","@id":"https:\/\/pandeoshop.com\/sl\/#website","url":"https:\/\/pandeoshop.com\/sl\/","name":"Pandeoshop","description":"\u0160e eno spleti\u0161\u010de WordPress","publisher":{"@id":"https:\/\/pandeoshop.com\/sl\/#organization"},"potentialAction":[{"@type":"SearchAction","target":{"@type":"EntryPoint","urlTemplate":"https:\/\/pandeoshop.com\/sl\/?s={search_term_string}"},"query-input":"required name=search_term_string"}],"inLanguage":"sl-SI"},{"@type":"Organization","@id":"https:\/\/pandeoshop.com\/sl\/#organization","name":"Pandeoshop","url":"https:\/\/pandeoshop.com\/sl\/","logo":{"@type":"ImageObject","inLanguage":"sl-SI","@id":"https:\/\/pandeoshop.com\/sl\/#\/schema\/logo\/image\/","url":"https:\/\/pandeoshop.com\/wp-content\/uploads\/pandeoshop_social_logo_no_textjpg.jpg","contentUrl":"https:\/\/pandeoshop.com\/wp-content\/uploads\/pandeoshop_social_logo_no_textjpg.jpg","width":288,"height":201,"caption":"Pandeoshop"},"image":{"@id":"https:\/\/pandeoshop.com\/sl\/#\/schema\/logo\/image\/"},"sameAs":["https:\/\/www.facebook.com\/pandeoshop\/","https:\/\/www.instagram.com\/pandeo_shop\/"]}]},"product_price_amount":"38.41","product_price_currency":"EUR","og_availability":"instock","product_availability":"instock","product_retailer_item_id":"HS11090","product_condition":"new"},"_links":{"self":[{"href":"https:\/\/pandeoshop.com\/sl\/wp-json\/wp\/v2\/product\/26572"}],"collection":[{"href":"https:\/\/pandeoshop.com\/sl\/wp-json\/wp\/v2\/product"}],"about":[{"href":"https:\/\/pandeoshop.com\/sl\/wp-json\/wp\/v2\/types\/product"}],"replies":[{"embeddable":true,"href":"https:\/\/pandeoshop.com\/sl\/wp-json\/wp\/v2\/comments?post=26572"}],"wp:featuredmedia":[{"embeddable":true,"href":"https:\/\/pandeoshop.com\/sl\/wp-json\/wp\/v2\/media\/42698"}],"wp:attachment":[{"href":"https:\/\/pandeoshop.com\/sl\/wp-json\/wp\/v2\/media?parent=26572"}],"wp:term":[{"taxonomy":"product_cat","embeddable":true,"href":"https:\/\/pandeoshop.com\/sl\/wp-json\/wp\/v2\/product_cat?post=26572"},{"taxonomy":"product_tag","embeddable":true,"href":"https:\/\/pandeoshop.com\/sl\/wp-json\/wp\/v2\/product_tag?post=26572"}],"curies":[{"name":"wp","href":"https:\/\/api.w.org\/{rel}","templated":true}]}}