{"id":26569,"date":"2023-02-04T20:00:43","date_gmt":"2023-02-04T19:19:35","guid":{"rendered":"https:\/\/pandeoshop.com\/?post_type=product&#038;p=26569"},"modified":"2023-07-20T01:30:46","modified_gmt":"2023-07-19T23:30:46","slug":"mini-komplet-s-peptidi-in-hialuronsko-kislino","status":"publish","type":"product","link":"https:\/\/pandeoshop.com\/sl\/izdelek\/mini-komplet-s-peptidi-in-hialuronsko-kislino\/","title":{"rendered":"Mini komplet s peptidi in hialuronsko kislino"},"content":{"rendered":"<p>Medi-Peel Peptide 9 Aqua Skin Care Mini &#8211; izdelki iz seta s peptidi delujejo na globoke plasti povrhnjice in imajo kumulativni u\u010dinek. U\u010dinek traja dlje \u010dasa, tudi po prenehanju uporabe. V kozmetiki so peptidi zelo mo\u010dne sestavine proti staranju, ki lahko v zelo kratkem \u010dasu obnovijo ko\u017eo. Ti izdelki so \u0161e posebej priporo\u010dljivi za pove\u0161eno ko\u017eo in ko\u017eo z znaki staranja. <\/p>\n<p>Po \u010di\u0161\u010denju ali pilingu morate nanesti tonik, ki globoko vla\u017ei, pomaga zadr\u017eati vlago v ko\u017ei, zapolni gube in ko\u017eo nasi\u010di s koristnimi elementi. Zahvaljujo\u010d posebnim komponentam se povr\u0161ina ko\u017ee zgladi, gube se zmanj\u0161ajo, polt pa postane bolj enakomerna. Tonik ima gosto gelasto teksturo. Nato se pred ali namesto kreme nanese emulzija, ki vsebuje argilerin, ki blokira mi\u0161i\u010dno aktivnost (podobno kot botoks) in zagotavlja lifting u\u010dinek.<\/p>\n<p>Hidroliziran kolagen izbolj\u0161a \u010dvrstost in elasti\u010dnost, pomaga gladiti in prepre\u010devati gube.<br \/>\nAdenozin je pomembna sestavina proti staranju, ki gladi ko\u017eo in prepre\u010duje nastanek novih gub.<br \/>\nPalmitoil tetrapeptid 7 &#8211; stimulira sintezo kolagena in fibronektina, ki je vezno sredstvo med celico in vezivnim tkivom.<br \/>\nAcetilheksapeptid-8 &#8211; deluje preko nevrotransmiterjev, spro\u0161\u010da obrazne mi\u0161ice in prepre\u010duje nastanek novih gub.<br \/>\nEmulzija je la\u017eja od kreme, zato se hitro in globoko vpije v ko\u017eo.<\/p>\n<p>Mini komplet vklju\u010duje MEDI-PEEL Peptide 9 Aqua Essence emulzijo (30 ml) in MEDI-PEEL Peptide 9 Aqua Essence toner (30 ml).<\/p>\n","protected":false},"excerpt":{"rendered":"<p>Mini komplet s peptidi in hialuronsko kislino | Medi-Peel Peptide 9 Aqua Skin Care Mini<\/p>\n","protected":false},"featured_media":42711,"comment_status":"open","ping_status":"closed","template":"","meta":[],"product_cat":[1755,1720,1737,1765,1721,1751,1730,1718,1735,1804,1769,1927,1784,1800,1780,1814,1785,1985,1767,1770,1948,1781,1782,1942,1928,1783,1779,1786],"product_tag":[4265,4495,4506,4276,4513,4283,4301,4549,4319,4531,4571,4341,4369,4599],"bundle_layout":"","bundle_add_to_cart_form_location":"","bundle_editable_in_cart":false,"bundle_sold_individually_context":"","bundle_item_grouping":"","bundle_min_size":"","bundle_max_size":"","bundled_by":[],"bundled_items":[],"yoast_head":"<!-- This site is optimized with the Yoast SEO Premium plugin v22.2 (Yoast SEO v22.9) - https:\/\/yoast.com\/wordpress\/plugins\/seo\/ -->\n<title>Mini komplet s peptidi in hialuronsko kislino - Pandeoshop<\/title>\n<meta name=\"description\" content=\"Mini komplet s peptidi in hialuronsko kislino | Medi-Peel Peptide 9 Aqua Skin Care Mini\" \/>\n<meta name=\"robots\" content=\"index, follow, max-snippet:-1, max-image-preview:large, max-video-preview:-1\" \/>\n<link rel=\"canonical\" href=\"https:\/\/pandeoshop.com\/sl\/product\/medi-peel-peptide-9-aqua-skin-care-mini\/\" \/>\n<meta property=\"og:locale\" content=\"sl_SI\" \/>\n<meta property=\"og:type\" content=\"article\" \/>\n<meta property=\"og:title\" content=\"Mini komplet s peptidi in hialuronsko kislino - Pandeoshop\" \/>\n<meta property=\"og:description\" content=\"Mini komplet s peptidi in hialuronsko kislino | Medi-Peel Peptide 9 Aqua Skin Care Mini\" \/>\n<meta property=\"og:url\" content=\"https:\/\/pandeoshop.com\/product\/medi-peel-peptide-9-aqua-skin-care-mini\/\" \/>\n<meta property=\"og:site_name\" content=\"Pandeoshop\" \/>\n<meta property=\"article:publisher\" content=\"https:\/\/www.facebook.com\/pandeoshop\/\" \/>\n<meta property=\"article:modified_time\" content=\"2023-07-19T23:30:46+00:00\" \/>\n<meta property=\"og:image\" content=\"https:\/\/pandeoshop.com\/wp-content\/uploads\/medi-peel-peptide-9-aqua-skin-care-mini.jpeg\" \/>\n\t<meta property=\"og:image:width\" content=\"1000\" \/>\n\t<meta property=\"og:image:height\" content=\"1000\" \/>\n\t<meta property=\"og:image:type\" content=\"image\/jpeg\" \/>\n<meta name=\"twitter:card\" content=\"summary_large_image\" \/>\n<script type=\"application\/ld+json\" class=\"yoast-schema-graph\">{\"@context\":\"https:\/\/schema.org\",\"@graph\":[{\"@type\":\"WebPage\",\"@id\":\"https:\/\/pandeoshop.com\/sl\/izdelek\/mini-komplet-s-peptidi-in-hialuronsko-kislino\/\",\"url\":\"https:\/\/pandeoshop.com\/product\/medi-peel-peptide-9-aqua-skin-care-mini\/\",\"name\":\"Mini komplet s peptidi in hialuronsko kislino - Pandeoshop\",\"isPartOf\":{\"@id\":\"https:\/\/pandeoshop.com\/sl\/#website\"},\"primaryImageOfPage\":{\"@id\":\"https:\/\/pandeoshop.com\/product\/medi-peel-peptide-9-aqua-skin-care-mini\/#primaryimage\"},\"image\":{\"@id\":\"https:\/\/pandeoshop.com\/product\/medi-peel-peptide-9-aqua-skin-care-mini\/#primaryimage\"},\"thumbnailUrl\":\"https:\/\/pandeoshop.com\/wp-content\/uploads\/medi-peel-melanon-x-drop-gel-cream.jpg\",\"datePublished\":\"2023-02-04T19:19:35+00:00\",\"dateModified\":\"2023-07-19T23:30:46+00:00\",\"description\":\"Mini komplet s peptidi in hialuronsko kislino | Medi-Peel Peptide 9 Aqua Skin Care Mini\",\"breadcrumb\":{\"@id\":\"https:\/\/pandeoshop.com\/product\/medi-peel-peptide-9-aqua-skin-care-mini\/#breadcrumb\"},\"inLanguage\":\"sl-SI\",\"potentialAction\":[{\"@type\":\"ReadAction\",\"target\":[\"https:\/\/pandeoshop.com\/product\/medi-peel-peptide-9-aqua-skin-care-mini\/\"]}]},{\"@type\":\"ImageObject\",\"inLanguage\":\"sl-SI\",\"@id\":\"https:\/\/pandeoshop.com\/product\/medi-peel-peptide-9-aqua-skin-care-mini\/#primaryimage\",\"url\":\"https:\/\/pandeoshop.com\/wp-content\/uploads\/medi-peel-melanon-x-drop-gel-cream.jpg\",\"contentUrl\":\"https:\/\/pandeoshop.com\/wp-content\/uploads\/medi-peel-melanon-x-drop-gel-cream.jpg\",\"width\":543,\"height\":549},{\"@type\":\"BreadcrumbList\",\"@id\":\"https:\/\/pandeoshop.com\/product\/medi-peel-peptide-9-aqua-skin-care-mini\/#breadcrumb\",\"itemListElement\":[{\"@type\":\"ListItem\",\"position\":1,\"name\":\"Domov\",\"item\":\"https:\/\/pandeoshop.com\/sl\/\"},{\"@type\":\"ListItem\",\"position\":2,\"name\":\"Trgovina\",\"item\":\"https:\/\/pandeoshop.com\/sl\/trgovina\/\"},{\"@type\":\"ListItem\",\"position\":3,\"name\":\"Blagovne znamke\",\"item\":\"https:\/\/pandeoshop.com\/sl\/category\/blagovne-znamke\/\"},{\"@type\":\"ListItem\",\"position\":4,\"name\":\"Medi-Peel\",\"item\":\"https:\/\/pandeoshop.com\/sl\/category\/blagovne-znamke\/medi-peel-sl\/\"},{\"@type\":\"ListItem\",\"position\":5,\"name\":\"Mini komplet s peptidi in hialuronsko kislino\"}]},{\"@type\":\"WebSite\",\"@id\":\"https:\/\/pandeoshop.com\/sl\/#website\",\"url\":\"https:\/\/pandeoshop.com\/sl\/\",\"name\":\"Pandeoshop\",\"description\":\"\u0160e eno spleti\u0161\u010de WordPress\",\"publisher\":{\"@id\":\"https:\/\/pandeoshop.com\/sl\/#organization\"},\"potentialAction\":[{\"@type\":\"SearchAction\",\"target\":{\"@type\":\"EntryPoint\",\"urlTemplate\":\"https:\/\/pandeoshop.com\/sl\/?s={search_term_string}\"},\"query-input\":\"required name=search_term_string\"}],\"inLanguage\":\"sl-SI\"},{\"@type\":\"Organization\",\"@id\":\"https:\/\/pandeoshop.com\/sl\/#organization\",\"name\":\"Pandeoshop\",\"url\":\"https:\/\/pandeoshop.com\/sl\/\",\"logo\":{\"@type\":\"ImageObject\",\"inLanguage\":\"sl-SI\",\"@id\":\"https:\/\/pandeoshop.com\/sl\/#\/schema\/logo\/image\/\",\"url\":\"https:\/\/pandeoshop.com\/wp-content\/uploads\/pandeoshop_social_logo_no_textjpg.jpg\",\"contentUrl\":\"https:\/\/pandeoshop.com\/wp-content\/uploads\/pandeoshop_social_logo_no_textjpg.jpg\",\"width\":288,\"height\":201,\"caption\":\"Pandeoshop\"},\"image\":{\"@id\":\"https:\/\/pandeoshop.com\/sl\/#\/schema\/logo\/image\/\"},\"sameAs\":[\"https:\/\/www.facebook.com\/pandeoshop\/\",\"https:\/\/www.instagram.com\/pandeo_shop\/\"]}]}<\/script>\n<meta property=\"product:price:amount\" content=\"23.63\" \/>\n<meta property=\"product:price:currency\" content=\"EUR\" \/>\n<meta property=\"og:availability\" content=\"instock\" \/>\n<meta property=\"product:availability\" content=\"instock\" \/>\n<meta property=\"product:retailer_item_id\" content=\"HS11015\" \/>\n<meta property=\"product:condition\" content=\"new\" \/>\n<!-- \/ Yoast SEO Premium plugin. -->","yoast_head_json":{"title":"Mini komplet s peptidi in hialuronsko kislino - Pandeoshop","description":"Mini komplet s peptidi in hialuronsko kislino | Medi-Peel Peptide 9 Aqua Skin Care Mini","robots":{"index":"index","follow":"follow","max-snippet":"max-snippet:-1","max-image-preview":"max-image-preview:large","max-video-preview":"max-video-preview:-1"},"canonical":"https:\/\/pandeoshop.com\/sl\/product\/medi-peel-peptide-9-aqua-skin-care-mini\/","og_locale":"sl_SI","og_type":"article","og_title":"Mini komplet s peptidi in hialuronsko kislino - Pandeoshop","og_description":"Mini komplet s peptidi in hialuronsko kislino | Medi-Peel Peptide 9 Aqua Skin Care Mini","og_url":"https:\/\/pandeoshop.com\/product\/medi-peel-peptide-9-aqua-skin-care-mini\/","og_site_name":"Pandeoshop","article_publisher":"https:\/\/www.facebook.com\/pandeoshop\/","article_modified_time":"2023-07-19T23:30:46+00:00","og_image":[{"width":1000,"height":1000,"url":"https:\/\/pandeoshop.com\/wp-content\/uploads\/medi-peel-peptide-9-aqua-skin-care-mini.jpeg","type":"image\/jpeg"}],"twitter_card":"summary_large_image","schema":{"@context":"https:\/\/schema.org","@graph":[{"@type":"WebPage","@id":"https:\/\/pandeoshop.com\/sl\/izdelek\/mini-komplet-s-peptidi-in-hialuronsko-kislino\/","url":"https:\/\/pandeoshop.com\/product\/medi-peel-peptide-9-aqua-skin-care-mini\/","name":"Mini komplet s peptidi in hialuronsko kislino - Pandeoshop","isPartOf":{"@id":"https:\/\/pandeoshop.com\/sl\/#website"},"primaryImageOfPage":{"@id":"https:\/\/pandeoshop.com\/product\/medi-peel-peptide-9-aqua-skin-care-mini\/#primaryimage"},"image":{"@id":"https:\/\/pandeoshop.com\/product\/medi-peel-peptide-9-aqua-skin-care-mini\/#primaryimage"},"thumbnailUrl":"https:\/\/pandeoshop.com\/wp-content\/uploads\/medi-peel-melanon-x-drop-gel-cream.jpg","datePublished":"2023-02-04T19:19:35+00:00","dateModified":"2023-07-19T23:30:46+00:00","description":"Mini komplet s peptidi in hialuronsko kislino | Medi-Peel Peptide 9 Aqua Skin Care Mini","breadcrumb":{"@id":"https:\/\/pandeoshop.com\/product\/medi-peel-peptide-9-aqua-skin-care-mini\/#breadcrumb"},"inLanguage":"sl-SI","potentialAction":[{"@type":"ReadAction","target":["https:\/\/pandeoshop.com\/product\/medi-peel-peptide-9-aqua-skin-care-mini\/"]}]},{"@type":"ImageObject","inLanguage":"sl-SI","@id":"https:\/\/pandeoshop.com\/product\/medi-peel-peptide-9-aqua-skin-care-mini\/#primaryimage","url":"https:\/\/pandeoshop.com\/wp-content\/uploads\/medi-peel-melanon-x-drop-gel-cream.jpg","contentUrl":"https:\/\/pandeoshop.com\/wp-content\/uploads\/medi-peel-melanon-x-drop-gel-cream.jpg","width":543,"height":549},{"@type":"BreadcrumbList","@id":"https:\/\/pandeoshop.com\/product\/medi-peel-peptide-9-aqua-skin-care-mini\/#breadcrumb","itemListElement":[{"@type":"ListItem","position":1,"name":"Domov","item":"https:\/\/pandeoshop.com\/sl\/"},{"@type":"ListItem","position":2,"name":"Trgovina","item":"https:\/\/pandeoshop.com\/sl\/trgovina\/"},{"@type":"ListItem","position":3,"name":"Blagovne znamke","item":"https:\/\/pandeoshop.com\/sl\/category\/blagovne-znamke\/"},{"@type":"ListItem","position":4,"name":"Medi-Peel","item":"https:\/\/pandeoshop.com\/sl\/category\/blagovne-znamke\/medi-peel-sl\/"},{"@type":"ListItem","position":5,"name":"Mini komplet s peptidi in hialuronsko kislino"}]},{"@type":"WebSite","@id":"https:\/\/pandeoshop.com\/sl\/#website","url":"https:\/\/pandeoshop.com\/sl\/","name":"Pandeoshop","description":"\u0160e eno spleti\u0161\u010de WordPress","publisher":{"@id":"https:\/\/pandeoshop.com\/sl\/#organization"},"potentialAction":[{"@type":"SearchAction","target":{"@type":"EntryPoint","urlTemplate":"https:\/\/pandeoshop.com\/sl\/?s={search_term_string}"},"query-input":"required name=search_term_string"}],"inLanguage":"sl-SI"},{"@type":"Organization","@id":"https:\/\/pandeoshop.com\/sl\/#organization","name":"Pandeoshop","url":"https:\/\/pandeoshop.com\/sl\/","logo":{"@type":"ImageObject","inLanguage":"sl-SI","@id":"https:\/\/pandeoshop.com\/sl\/#\/schema\/logo\/image\/","url":"https:\/\/pandeoshop.com\/wp-content\/uploads\/pandeoshop_social_logo_no_textjpg.jpg","contentUrl":"https:\/\/pandeoshop.com\/wp-content\/uploads\/pandeoshop_social_logo_no_textjpg.jpg","width":288,"height":201,"caption":"Pandeoshop"},"image":{"@id":"https:\/\/pandeoshop.com\/sl\/#\/schema\/logo\/image\/"},"sameAs":["https:\/\/www.facebook.com\/pandeoshop\/","https:\/\/www.instagram.com\/pandeo_shop\/"]}]},"product_price_amount":"23.63","product_price_currency":"EUR","og_availability":"instock","product_availability":"instock","product_retailer_item_id":"HS11015","product_condition":"new"},"_links":{"self":[{"href":"https:\/\/pandeoshop.com\/sl\/wp-json\/wp\/v2\/product\/26569"}],"collection":[{"href":"https:\/\/pandeoshop.com\/sl\/wp-json\/wp\/v2\/product"}],"about":[{"href":"https:\/\/pandeoshop.com\/sl\/wp-json\/wp\/v2\/types\/product"}],"replies":[{"embeddable":true,"href":"https:\/\/pandeoshop.com\/sl\/wp-json\/wp\/v2\/comments?post=26569"}],"wp:featuredmedia":[{"embeddable":true,"href":"https:\/\/pandeoshop.com\/sl\/wp-json\/wp\/v2\/media\/42711"}],"wp:attachment":[{"href":"https:\/\/pandeoshop.com\/sl\/wp-json\/wp\/v2\/media?parent=26569"}],"wp:term":[{"taxonomy":"product_cat","embeddable":true,"href":"https:\/\/pandeoshop.com\/sl\/wp-json\/wp\/v2\/product_cat?post=26569"},{"taxonomy":"product_tag","embeddable":true,"href":"https:\/\/pandeoshop.com\/sl\/wp-json\/wp\/v2\/product_tag?post=26569"}],"curies":[{"name":"wp","href":"https:\/\/api.w.org\/{rel}","templated":true}]}}