{"id":26567,"date":"2023-02-04T20:00:43","date_gmt":"2023-02-04T19:19:35","guid":{"rendered":"https:\/\/pandeoshop.com\/?post_type=product&#038;p=26567"},"modified":"2024-04-03T13:25:00","modified_gmt":"2024-04-03T11:25:00","slug":"emulzija-s-peptidnim-kompleksom","status":"publish","type":"product","link":"https:\/\/pandeoshop.com\/sl\/izdelek\/emulzija-s-peptidnim-kompleksom\/","title":{"rendered":"Emulzija s peptidnim kompleksom <br\/> Medi-Peel Peptide 9 Aqua Essence Emulsion"},"content":{"rendered":"<p>Medi-Peel Peptide 9 Aqua Essence Emulsion &#8211; lifting emulzija vsebuje 9 peptidov, 4 vrste hialuronske kisline, pa tudi hidroliziran kolagen, elastin, betain, arginin, adenozin in cel kompleks rastlinskih izvle\u010dkov in polisaharidov. Izdelek ne le odli\u010dno neguje in vla\u017ei, ampak tudi aktivira procese znotrajceli\u010dnega pomlajevanja.<br \/>\nVolufilin 5 % &#8211; kompleks aktivnih sestavin, ki so ga razvili francoski kozmetologi, deluje kot lipofilling (gladi gube s pove\u010danjem volumna podko\u017ene ma\u0161\u010dobe). Z redno uporabo kozmetike s peptidi dose\u017eemo opazno pomladitev ko\u017ee.<br \/>\nU\u010dinek dopolnjujejo ostale sestavine proti staranju. Kolagen pove\u010da elasti\u010dnost ko\u017ee, adenozin upo\u010dasni proces staranja, hialuronska kislina pa ko\u017eo oskrbi z vlago.<\/p>\n<p>Emulzijo uporabljamo kot zadnjo ali predzadnjo v procesu nege. Lahko se nanese tudi zjutraj namesto dnevne kreme, se zlahka vpije in ne pu\u0161\u010da lepljivega ob\u010dutka.<\/p>\n","protected":false},"excerpt":{"rendered":"<p>Emulzija s peptidnim kompleksom | Medi-Peel Peptide 9 Aqua Essence Emulsion<\/p>\n","protected":false},"featured_media":40543,"comment_status":"open","ping_status":"closed","template":"","meta":[],"product_cat":[1804,1775,1784,1780,1814,1785,1767,1781,1782,1783,1779,1786],"product_tag":[4495,4506,4513,4549,4531,4571,4599],"bundle_layout":"","bundle_add_to_cart_form_location":"","bundle_editable_in_cart":false,"bundle_sold_individually_context":"","bundle_item_grouping":"","bundle_min_size":"","bundle_max_size":"","bundled_by":[],"bundled_items":[],"yoast_head":"<!-- This site is optimized with the Yoast SEO Premium plugin v22.2 (Yoast SEO v22.9) - https:\/\/yoast.com\/wordpress\/plugins\/seo\/ -->\n<title>Emulzija s peptidnim kompleksom | Medi-Peel Peptide 9 Aqua Essence Emulsion - Pandeoshop<\/title>\n<meta name=\"description\" content=\"Emulzija s peptidnim kompleksom | Medi-Peel Peptide 9 Aqua Essence Emulsion\" \/>\n<meta name=\"robots\" content=\"index, follow, max-snippet:-1, max-image-preview:large, max-video-preview:-1\" \/>\n<link rel=\"canonical\" href=\"https:\/\/pandeoshop.com\/sl\/product\/medi-peel-peptide-9-aqua-essence-emulsion\/\" \/>\n<meta property=\"og:locale\" content=\"sl_SI\" \/>\n<meta property=\"og:type\" content=\"article\" \/>\n<meta property=\"og:title\" content=\"Emulzija s peptidnim kompleksom | Medi-Peel Peptide 9 Aqua Essence Emulsion - Pandeoshop\" \/>\n<meta property=\"og:description\" content=\"Emulzija s peptidnim kompleksom | Medi-Peel Peptide 9 Aqua Essence Emulsion\" \/>\n<meta property=\"og:url\" content=\"https:\/\/pandeoshop.com\/product\/medi-peel-peptide-9-aqua-essence-emulsion\/\" \/>\n<meta property=\"og:site_name\" content=\"Pandeoshop\" \/>\n<meta property=\"article:publisher\" content=\"https:\/\/www.facebook.com\/pandeoshop\/\" \/>\n<meta property=\"article:modified_time\" content=\"2024-04-03T11:25:00+00:00\" \/>\n<meta property=\"og:image\" content=\"https:\/\/pandeoshop.com\/wp-content\/uploads\/medi-peel-peptide-9-aqua-essence-emulsion-1.jpeg\" \/>\n\t<meta property=\"og:image:width\" content=\"1000\" \/>\n\t<meta property=\"og:image:height\" content=\"1000\" \/>\n\t<meta property=\"og:image:type\" content=\"image\/jpeg\" \/>\n<meta name=\"twitter:card\" content=\"summary_large_image\" \/>\n<script type=\"application\/ld+json\" class=\"yoast-schema-graph\">{\"@context\":\"https:\/\/schema.org\",\"@graph\":[{\"@type\":\"WebPage\",\"@id\":\"https:\/\/pandeoshop.com\/sl\/izdelek\/emulzija-s-peptidnim-kompleksom\/\",\"url\":\"https:\/\/pandeoshop.com\/product\/medi-peel-peptide-9-aqua-essence-emulsion\/\",\"name\":\"Emulzija s peptidnim kompleksom | Medi-Peel Peptide 9 Aqua Essence Emulsion - Pandeoshop\",\"isPartOf\":{\"@id\":\"https:\/\/pandeoshop.com\/sl\/#website\"},\"primaryImageOfPage\":{\"@id\":\"https:\/\/pandeoshop.com\/product\/medi-peel-peptide-9-aqua-essence-emulsion\/#primaryimage\"},\"image\":{\"@id\":\"https:\/\/pandeoshop.com\/product\/medi-peel-peptide-9-aqua-essence-emulsion\/#primaryimage\"},\"thumbnailUrl\":\"https:\/\/pandeoshop.com\/wp-content\/uploads\/medi-peel-peptide-9-aqua-essence-emulsion-1.jpeg\",\"datePublished\":\"2023-02-04T19:19:35+00:00\",\"dateModified\":\"2024-04-03T11:25:00+00:00\",\"description\":\"Emulzija s peptidnim kompleksom | Medi-Peel Peptide 9 Aqua Essence Emulsion\",\"breadcrumb\":{\"@id\":\"https:\/\/pandeoshop.com\/product\/medi-peel-peptide-9-aqua-essence-emulsion\/#breadcrumb\"},\"inLanguage\":\"sl-SI\",\"potentialAction\":[{\"@type\":\"ReadAction\",\"target\":[\"https:\/\/pandeoshop.com\/product\/medi-peel-peptide-9-aqua-essence-emulsion\/\"]}]},{\"@type\":\"ImageObject\",\"inLanguage\":\"sl-SI\",\"@id\":\"https:\/\/pandeoshop.com\/product\/medi-peel-peptide-9-aqua-essence-emulsion\/#primaryimage\",\"url\":\"https:\/\/pandeoshop.com\/wp-content\/uploads\/medi-peel-peptide-9-aqua-essence-emulsion-1.jpeg\",\"contentUrl\":\"https:\/\/pandeoshop.com\/wp-content\/uploads\/medi-peel-peptide-9-aqua-essence-emulsion-1.jpeg\",\"width\":1000,\"height\":1000},{\"@type\":\"BreadcrumbList\",\"@id\":\"https:\/\/pandeoshop.com\/product\/medi-peel-peptide-9-aqua-essence-emulsion\/#breadcrumb\",\"itemListElement\":[{\"@type\":\"ListItem\",\"position\":1,\"name\":\"Domov\",\"item\":\"https:\/\/pandeoshop.com\/sl\/\"},{\"@type\":\"ListItem\",\"position\":2,\"name\":\"Trgovina\",\"item\":\"https:\/\/pandeoshop.com\/sl\/trgovina\/\"},{\"@type\":\"ListItem\",\"position\":3,\"name\":\"Blagovne znamke\",\"item\":\"https:\/\/pandeoshop.com\/sl\/category\/blagovne-znamke\/\"},{\"@type\":\"ListItem\",\"position\":4,\"name\":\"Medi-Peel\",\"item\":\"https:\/\/pandeoshop.com\/sl\/category\/blagovne-znamke\/medi-peel-sl\/\"},{\"@type\":\"ListItem\",\"position\":5,\"name\":\"Emulzija s peptidnim kompleksom Medi-Peel Peptide 9 Aqua Essence Emulsion\"}]},{\"@type\":\"WebSite\",\"@id\":\"https:\/\/pandeoshop.com\/sl\/#website\",\"url\":\"https:\/\/pandeoshop.com\/sl\/\",\"name\":\"Pandeoshop\",\"description\":\"\u0160e eno spleti\u0161\u010de WordPress\",\"publisher\":{\"@id\":\"https:\/\/pandeoshop.com\/sl\/#organization\"},\"potentialAction\":[{\"@type\":\"SearchAction\",\"target\":{\"@type\":\"EntryPoint\",\"urlTemplate\":\"https:\/\/pandeoshop.com\/sl\/?s={search_term_string}\"},\"query-input\":\"required name=search_term_string\"}],\"inLanguage\":\"sl-SI\"},{\"@type\":\"Organization\",\"@id\":\"https:\/\/pandeoshop.com\/sl\/#organization\",\"name\":\"Pandeoshop\",\"url\":\"https:\/\/pandeoshop.com\/sl\/\",\"logo\":{\"@type\":\"ImageObject\",\"inLanguage\":\"sl-SI\",\"@id\":\"https:\/\/pandeoshop.com\/sl\/#\/schema\/logo\/image\/\",\"url\":\"https:\/\/pandeoshop.com\/wp-content\/uploads\/pandeoshop_social_logo_no_textjpg.jpg\",\"contentUrl\":\"https:\/\/pandeoshop.com\/wp-content\/uploads\/pandeoshop_social_logo_no_textjpg.jpg\",\"width\":288,\"height\":201,\"caption\":\"Pandeoshop\"},\"image\":{\"@id\":\"https:\/\/pandeoshop.com\/sl\/#\/schema\/logo\/image\/\"},\"sameAs\":[\"https:\/\/www.facebook.com\/pandeoshop\/\",\"https:\/\/www.instagram.com\/pandeo_shop\/\"]}]}<\/script>\n<meta property=\"product:price:amount\" content=\"28.87\" \/>\n<meta property=\"product:price:currency\" content=\"EUR\" \/>\n<meta property=\"og:availability\" content=\"instock\" \/>\n<meta property=\"product:availability\" content=\"instock\" \/>\n<meta property=\"product:retailer_item_id\" content=\"HS10564\" \/>\n<meta property=\"product:condition\" content=\"new\" \/>\n<!-- \/ Yoast SEO Premium plugin. -->","yoast_head_json":{"title":"Emulzija s peptidnim kompleksom | Medi-Peel Peptide 9 Aqua Essence Emulsion - Pandeoshop","description":"Emulzija s peptidnim kompleksom | Medi-Peel Peptide 9 Aqua Essence Emulsion","robots":{"index":"index","follow":"follow","max-snippet":"max-snippet:-1","max-image-preview":"max-image-preview:large","max-video-preview":"max-video-preview:-1"},"canonical":"https:\/\/pandeoshop.com\/sl\/product\/medi-peel-peptide-9-aqua-essence-emulsion\/","og_locale":"sl_SI","og_type":"article","og_title":"Emulzija s peptidnim kompleksom | Medi-Peel Peptide 9 Aqua Essence Emulsion - Pandeoshop","og_description":"Emulzija s peptidnim kompleksom | Medi-Peel Peptide 9 Aqua Essence Emulsion","og_url":"https:\/\/pandeoshop.com\/product\/medi-peel-peptide-9-aqua-essence-emulsion\/","og_site_name":"Pandeoshop","article_publisher":"https:\/\/www.facebook.com\/pandeoshop\/","article_modified_time":"2024-04-03T11:25:00+00:00","og_image":[{"width":1000,"height":1000,"url":"https:\/\/pandeoshop.com\/wp-content\/uploads\/medi-peel-peptide-9-aqua-essence-emulsion-1.jpeg","type":"image\/jpeg"}],"twitter_card":"summary_large_image","schema":{"@context":"https:\/\/schema.org","@graph":[{"@type":"WebPage","@id":"https:\/\/pandeoshop.com\/sl\/izdelek\/emulzija-s-peptidnim-kompleksom\/","url":"https:\/\/pandeoshop.com\/product\/medi-peel-peptide-9-aqua-essence-emulsion\/","name":"Emulzija s peptidnim kompleksom | Medi-Peel Peptide 9 Aqua Essence Emulsion - Pandeoshop","isPartOf":{"@id":"https:\/\/pandeoshop.com\/sl\/#website"},"primaryImageOfPage":{"@id":"https:\/\/pandeoshop.com\/product\/medi-peel-peptide-9-aqua-essence-emulsion\/#primaryimage"},"image":{"@id":"https:\/\/pandeoshop.com\/product\/medi-peel-peptide-9-aqua-essence-emulsion\/#primaryimage"},"thumbnailUrl":"https:\/\/pandeoshop.com\/wp-content\/uploads\/medi-peel-peptide-9-aqua-essence-emulsion-1.jpeg","datePublished":"2023-02-04T19:19:35+00:00","dateModified":"2024-04-03T11:25:00+00:00","description":"Emulzija s peptidnim kompleksom | Medi-Peel Peptide 9 Aqua Essence Emulsion","breadcrumb":{"@id":"https:\/\/pandeoshop.com\/product\/medi-peel-peptide-9-aqua-essence-emulsion\/#breadcrumb"},"inLanguage":"sl-SI","potentialAction":[{"@type":"ReadAction","target":["https:\/\/pandeoshop.com\/product\/medi-peel-peptide-9-aqua-essence-emulsion\/"]}]},{"@type":"ImageObject","inLanguage":"sl-SI","@id":"https:\/\/pandeoshop.com\/product\/medi-peel-peptide-9-aqua-essence-emulsion\/#primaryimage","url":"https:\/\/pandeoshop.com\/wp-content\/uploads\/medi-peel-peptide-9-aqua-essence-emulsion-1.jpeg","contentUrl":"https:\/\/pandeoshop.com\/wp-content\/uploads\/medi-peel-peptide-9-aqua-essence-emulsion-1.jpeg","width":1000,"height":1000},{"@type":"BreadcrumbList","@id":"https:\/\/pandeoshop.com\/product\/medi-peel-peptide-9-aqua-essence-emulsion\/#breadcrumb","itemListElement":[{"@type":"ListItem","position":1,"name":"Domov","item":"https:\/\/pandeoshop.com\/sl\/"},{"@type":"ListItem","position":2,"name":"Trgovina","item":"https:\/\/pandeoshop.com\/sl\/trgovina\/"},{"@type":"ListItem","position":3,"name":"Blagovne znamke","item":"https:\/\/pandeoshop.com\/sl\/category\/blagovne-znamke\/"},{"@type":"ListItem","position":4,"name":"Medi-Peel","item":"https:\/\/pandeoshop.com\/sl\/category\/blagovne-znamke\/medi-peel-sl\/"},{"@type":"ListItem","position":5,"name":"Emulzija s peptidnim kompleksom Medi-Peel Peptide 9 Aqua Essence Emulsion"}]},{"@type":"WebSite","@id":"https:\/\/pandeoshop.com\/sl\/#website","url":"https:\/\/pandeoshop.com\/sl\/","name":"Pandeoshop","description":"\u0160e eno spleti\u0161\u010de WordPress","publisher":{"@id":"https:\/\/pandeoshop.com\/sl\/#organization"},"potentialAction":[{"@type":"SearchAction","target":{"@type":"EntryPoint","urlTemplate":"https:\/\/pandeoshop.com\/sl\/?s={search_term_string}"},"query-input":"required name=search_term_string"}],"inLanguage":"sl-SI"},{"@type":"Organization","@id":"https:\/\/pandeoshop.com\/sl\/#organization","name":"Pandeoshop","url":"https:\/\/pandeoshop.com\/sl\/","logo":{"@type":"ImageObject","inLanguage":"sl-SI","@id":"https:\/\/pandeoshop.com\/sl\/#\/schema\/logo\/image\/","url":"https:\/\/pandeoshop.com\/wp-content\/uploads\/pandeoshop_social_logo_no_textjpg.jpg","contentUrl":"https:\/\/pandeoshop.com\/wp-content\/uploads\/pandeoshop_social_logo_no_textjpg.jpg","width":288,"height":201,"caption":"Pandeoshop"},"image":{"@id":"https:\/\/pandeoshop.com\/sl\/#\/schema\/logo\/image\/"},"sameAs":["https:\/\/www.facebook.com\/pandeoshop\/","https:\/\/www.instagram.com\/pandeo_shop\/"]}]},"product_price_amount":"28.87","product_price_currency":"EUR","og_availability":"instock","product_availability":"instock","product_retailer_item_id":"HS10564","product_condition":"new"},"_links":{"self":[{"href":"https:\/\/pandeoshop.com\/sl\/wp-json\/wp\/v2\/product\/26567"}],"collection":[{"href":"https:\/\/pandeoshop.com\/sl\/wp-json\/wp\/v2\/product"}],"about":[{"href":"https:\/\/pandeoshop.com\/sl\/wp-json\/wp\/v2\/types\/product"}],"replies":[{"embeddable":true,"href":"https:\/\/pandeoshop.com\/sl\/wp-json\/wp\/v2\/comments?post=26567"}],"wp:featuredmedia":[{"embeddable":true,"href":"https:\/\/pandeoshop.com\/sl\/wp-json\/wp\/v2\/media\/40543"}],"wp:attachment":[{"href":"https:\/\/pandeoshop.com\/sl\/wp-json\/wp\/v2\/media?parent=26567"}],"wp:term":[{"taxonomy":"product_cat","embeddable":true,"href":"https:\/\/pandeoshop.com\/sl\/wp-json\/wp\/v2\/product_cat?post=26567"},{"taxonomy":"product_tag","embeddable":true,"href":"https:\/\/pandeoshop.com\/sl\/wp-json\/wp\/v2\/product_tag?post=26567"}],"curies":[{"name":"wp","href":"https:\/\/api.w.org\/{rel}","templated":true}]}}