{"id":26565,"date":"2022-10-25T23:15:40","date_gmt":"2022-09-17T15:50:28","guid":{"rendered":"https:\/\/pandeoshop.com\/?post_type=product&#038;p=26565"},"modified":"2025-04-28T21:54:12","modified_gmt":"2025-04-28T19:54:12","slug":"encimski-prasek-za-globinsko-ciscenje-koze-medi-peel-micro-tea-powder-cleanser","status":"publish","type":"product","link":"https:\/\/pandeoshop.com\/sl\/izdelek\/encimski-prasek-za-globinsko-ciscenje-koze-medi-peel-micro-tea-powder-cleanser\/","title":{"rendered":"Encimski pra\u0161ek za globinsko \u010di\u0161\u010denje ko\u017ee <br\/> Medi-Peel Micro Tea Powder Cleanser"},"content":{"rendered":"<p>Medi-Peel Micro Tea Powder Cleanser je pra\u0161ek, ki raztopi odmrle celice, pore globinsko o\u010disti in zoo\u017ea ter ko\u017eo pusti \u010disto in gladko. Izdelek ima tudi antibakterijske lastnosti, ki odpravljajo dra\u017eenje in rde\u010dico ter u\u010dinkovito delujejo proti aknam.<\/p>\n<p>Centella asiatica vla\u017ei ko\u017eo in je odli\u010dna pri pomirjanju, u\u010dvrstitvi, v boju proti prostim radikalom, zmanj\u0161anju UV-\u017earkov in pospe\u0161evanju celjenja ran.<br \/>\nEkstrakt \u010dajevca ima toni\u010den in antibakterijski u\u010dinek. Ta izvle\u010dek se uporablja v \u0161tevilnih izdelkih za akne in druge ko\u017ene izpu\u0161\u010daje.<br \/>\nKompleks kislin (betain salicilat, LHA kislina, citronska kislina) ne\u017eno odstranjuje odmrle celice, spodbuja obnovo in izbolj\u0161uje elasti\u010dnost ko\u017ee.<\/p>\n","protected":false},"excerpt":{"rendered":"<p>Encimski pra\u0161ek zagotavlja temeljito \u010di\u0161\u010denje brez izsu\u0161evanja. Odstranjuje vse vrste ne\u010disto\u010d: kozmetiko, prah, sebum, odpravlja masten lesk. Uravnava proizvodnjo sebuma in zo\u017ei pore.<\/p>\n","protected":false},"featured_media":35506,"comment_status":"open","ping_status":"closed","template":"","meta":[],"product_cat":[1755,1725,1737,1765,1738,1730,1718,1722,1735,1804,1774,1927,1784,1780,1814,1785,1985,1767,1948,1781,1782,1942,1771,1787,1928,1783,1779,1786],"product_tag":[4265,4495,5056,5211,4506,4276,4595,4288,4523,4293,4296,4526,4301,4518,4531,4323,4566,4336,4571,4341,4553,4365],"bundle_layout":"","bundle_add_to_cart_form_location":"","bundle_editable_in_cart":false,"bundle_sold_individually_context":"","bundle_item_grouping":"","bundle_min_size":"","bundle_max_size":"","bundled_by":[],"bundled_items":[],"yoast_head":"<!-- This site is optimized with the Yoast SEO Premium plugin v22.2 (Yoast SEO v22.9) - https:\/\/yoast.com\/wordpress\/plugins\/seo\/ -->\n<title>Encimski pra\u0161ek za globinsko \u010di\u0161\u010denje ko\u017ee | Medi-Peel Micro Tea Powder Cleanser - Pandeoshop<\/title>\n<meta name=\"description\" content=\"Encimski pra\u0161ek zagotavlja temeljito \u010di\u0161\u010denje brez izsu\u0161evanja. Odstranjuje vse vrste ne\u010disto\u010d: kozmetiko, prah, sebum, odpravlja masten lesk. Uravnava proizvodnjo sebuma in zo\u017ei pore.\" \/>\n<meta name=\"robots\" content=\"index, follow, max-snippet:-1, max-image-preview:large, max-video-preview:-1\" \/>\n<link rel=\"canonical\" href=\"https:\/\/pandeoshop.com\/sl\/product\/medi-peel-micro-tea-powder-cleanser\/\" \/>\n<meta property=\"og:locale\" content=\"sl_SI\" \/>\n<meta property=\"og:type\" content=\"article\" \/>\n<meta property=\"og:title\" content=\"Encimski pra\u0161ek za globinsko \u010di\u0161\u010denje ko\u017ee | Medi-Peel Micro Tea Powder Cleanser - Pandeoshop\" \/>\n<meta property=\"og:description\" content=\"Encimski pra\u0161ek zagotavlja temeljito \u010di\u0161\u010denje brez izsu\u0161evanja. Odstranjuje vse vrste ne\u010disto\u010d: kozmetiko, prah, sebum, odpravlja masten lesk. Uravnava proizvodnjo sebuma in zo\u017ei pore.\" \/>\n<meta property=\"og:url\" content=\"https:\/\/pandeoshop.com\/product\/medi-peel-micro-tea-powder-cleanser\/\" \/>\n<meta property=\"og:site_name\" content=\"Pandeoshop\" \/>\n<meta property=\"article:publisher\" content=\"https:\/\/www.facebook.com\/pandeoshop\/\" \/>\n<meta property=\"article:modified_time\" content=\"2025-04-28T19:54:12+00:00\" \/>\n<meta property=\"og:image\" content=\"https:\/\/pandeoshop.com\/wp-content\/uploads\/medi-peel-micro-tea-powder-cleanser-1.jpeg\" \/>\n\t<meta property=\"og:image:width\" content=\"1000\" \/>\n\t<meta property=\"og:image:height\" content=\"1000\" \/>\n\t<meta property=\"og:image:type\" content=\"image\/jpeg\" \/>\n<meta name=\"twitter:card\" content=\"summary_large_image\" \/>\n<script type=\"application\/ld+json\" class=\"yoast-schema-graph\">{\"@context\":\"https:\/\/schema.org\",\"@graph\":[{\"@type\":\"WebPage\",\"@id\":\"https:\/\/pandeoshop.com\/sl\/izdelek\/encimski-prasek-za-globinsko-ciscenje-koze-medi-peel-micro-tea-powder-cleanser\/\",\"url\":\"https:\/\/pandeoshop.com\/product\/medi-peel-micro-tea-powder-cleanser\/\",\"name\":\"Encimski pra\u0161ek za globinsko \u010di\u0161\u010denje ko\u017ee | Medi-Peel Micro Tea Powder Cleanser - Pandeoshop\",\"isPartOf\":{\"@id\":\"https:\/\/pandeoshop.com\/sl\/#website\"},\"primaryImageOfPage\":{\"@id\":\"https:\/\/pandeoshop.com\/product\/medi-peel-micro-tea-powder-cleanser\/#primaryimage\"},\"image\":{\"@id\":\"https:\/\/pandeoshop.com\/product\/medi-peel-micro-tea-powder-cleanser\/#primaryimage\"},\"thumbnailUrl\":\"https:\/\/pandeoshop.com\/wp-content\/uploads\/medi-peel-micro-tea-powder-cleanser-1.jpeg\",\"datePublished\":\"2022-09-17T15:50:28+00:00\",\"dateModified\":\"2025-04-28T19:54:12+00:00\",\"description\":\"Encimski pra\u0161ek zagotavlja temeljito \u010di\u0161\u010denje brez izsu\u0161evanja. Odstranjuje vse vrste ne\u010disto\u010d: kozmetiko, prah, sebum, odpravlja masten lesk. Uravnava proizvodnjo sebuma in zo\u017ei pore.\",\"breadcrumb\":{\"@id\":\"https:\/\/pandeoshop.com\/product\/medi-peel-micro-tea-powder-cleanser\/#breadcrumb\"},\"inLanguage\":\"sl-SI\",\"potentialAction\":[{\"@type\":\"ReadAction\",\"target\":[\"https:\/\/pandeoshop.com\/product\/medi-peel-micro-tea-powder-cleanser\/\"]}]},{\"@type\":\"ImageObject\",\"inLanguage\":\"sl-SI\",\"@id\":\"https:\/\/pandeoshop.com\/product\/medi-peel-micro-tea-powder-cleanser\/#primaryimage\",\"url\":\"https:\/\/pandeoshop.com\/wp-content\/uploads\/medi-peel-micro-tea-powder-cleanser-1.jpeg\",\"contentUrl\":\"https:\/\/pandeoshop.com\/wp-content\/uploads\/medi-peel-micro-tea-powder-cleanser-1.jpeg\",\"width\":1000,\"height\":1000},{\"@type\":\"BreadcrumbList\",\"@id\":\"https:\/\/pandeoshop.com\/product\/medi-peel-micro-tea-powder-cleanser\/#breadcrumb\",\"itemListElement\":[{\"@type\":\"ListItem\",\"position\":1,\"name\":\"Domov\",\"item\":\"https:\/\/pandeoshop.com\/sl\/\"},{\"@type\":\"ListItem\",\"position\":2,\"name\":\"Trgovina\",\"item\":\"https:\/\/pandeoshop.com\/sl\/trgovina\/\"},{\"@type\":\"ListItem\",\"position\":3,\"name\":\"Blagovne znamke\",\"item\":\"https:\/\/pandeoshop.com\/sl\/category\/blagovne-znamke\/\"},{\"@type\":\"ListItem\",\"position\":4,\"name\":\"Medi-Peel\",\"item\":\"https:\/\/pandeoshop.com\/sl\/category\/blagovne-znamke\/medi-peel-sl\/\"},{\"@type\":\"ListItem\",\"position\":5,\"name\":\"Encimski pra\u0161ek za globinsko \u010di\u0161\u010denje ko\u017ee Medi-Peel Micro Tea Powder Cleanser\"}]},{\"@type\":\"WebSite\",\"@id\":\"https:\/\/pandeoshop.com\/sl\/#website\",\"url\":\"https:\/\/pandeoshop.com\/sl\/\",\"name\":\"Pandeoshop\",\"description\":\"\u0160e eno spleti\u0161\u010de WordPress\",\"publisher\":{\"@id\":\"https:\/\/pandeoshop.com\/sl\/#organization\"},\"potentialAction\":[{\"@type\":\"SearchAction\",\"target\":{\"@type\":\"EntryPoint\",\"urlTemplate\":\"https:\/\/pandeoshop.com\/sl\/?s={search_term_string}\"},\"query-input\":\"required name=search_term_string\"}],\"inLanguage\":\"sl-SI\"},{\"@type\":\"Organization\",\"@id\":\"https:\/\/pandeoshop.com\/sl\/#organization\",\"name\":\"Pandeoshop\",\"url\":\"https:\/\/pandeoshop.com\/sl\/\",\"logo\":{\"@type\":\"ImageObject\",\"inLanguage\":\"sl-SI\",\"@id\":\"https:\/\/pandeoshop.com\/sl\/#\/schema\/logo\/image\/\",\"url\":\"https:\/\/pandeoshop.com\/wp-content\/uploads\/pandeoshop_social_logo_no_textjpg.jpg\",\"contentUrl\":\"https:\/\/pandeoshop.com\/wp-content\/uploads\/pandeoshop_social_logo_no_textjpg.jpg\",\"width\":288,\"height\":201,\"caption\":\"Pandeoshop\"},\"image\":{\"@id\":\"https:\/\/pandeoshop.com\/sl\/#\/schema\/logo\/image\/\"},\"sameAs\":[\"https:\/\/www.facebook.com\/pandeoshop\/\",\"https:\/\/www.instagram.com\/pandeo_shop\/\"]}]}<\/script>\n<meta property=\"product:price:amount\" content=\"31.48\" \/>\n<meta property=\"product:price:currency\" content=\"EUR\" \/>\n<meta property=\"og:availability\" content=\"instock\" \/>\n<meta property=\"product:availability\" content=\"instock\" \/>\n<meta property=\"product:retailer_item_id\" content=\"HS10561\" \/>\n<meta property=\"product:condition\" content=\"new\" \/>\n<!-- \/ Yoast SEO Premium plugin. -->","yoast_head_json":{"title":"Encimski pra\u0161ek za globinsko \u010di\u0161\u010denje ko\u017ee | Medi-Peel Micro Tea Powder Cleanser - Pandeoshop","description":"Encimski pra\u0161ek zagotavlja temeljito \u010di\u0161\u010denje brez izsu\u0161evanja. Odstranjuje vse vrste ne\u010disto\u010d: kozmetiko, prah, sebum, odpravlja masten lesk. Uravnava proizvodnjo sebuma in zo\u017ei pore.","robots":{"index":"index","follow":"follow","max-snippet":"max-snippet:-1","max-image-preview":"max-image-preview:large","max-video-preview":"max-video-preview:-1"},"canonical":"https:\/\/pandeoshop.com\/sl\/product\/medi-peel-micro-tea-powder-cleanser\/","og_locale":"sl_SI","og_type":"article","og_title":"Encimski pra\u0161ek za globinsko \u010di\u0161\u010denje ko\u017ee | Medi-Peel Micro Tea Powder Cleanser - Pandeoshop","og_description":"Encimski pra\u0161ek zagotavlja temeljito \u010di\u0161\u010denje brez izsu\u0161evanja. Odstranjuje vse vrste ne\u010disto\u010d: kozmetiko, prah, sebum, odpravlja masten lesk. Uravnava proizvodnjo sebuma in zo\u017ei pore.","og_url":"https:\/\/pandeoshop.com\/product\/medi-peel-micro-tea-powder-cleanser\/","og_site_name":"Pandeoshop","article_publisher":"https:\/\/www.facebook.com\/pandeoshop\/","article_modified_time":"2025-04-28T19:54:12+00:00","og_image":[{"width":1000,"height":1000,"url":"https:\/\/pandeoshop.com\/wp-content\/uploads\/medi-peel-micro-tea-powder-cleanser-1.jpeg","type":"image\/jpeg"}],"twitter_card":"summary_large_image","schema":{"@context":"https:\/\/schema.org","@graph":[{"@type":"WebPage","@id":"https:\/\/pandeoshop.com\/sl\/izdelek\/encimski-prasek-za-globinsko-ciscenje-koze-medi-peel-micro-tea-powder-cleanser\/","url":"https:\/\/pandeoshop.com\/product\/medi-peel-micro-tea-powder-cleanser\/","name":"Encimski pra\u0161ek za globinsko \u010di\u0161\u010denje ko\u017ee | Medi-Peel Micro Tea Powder Cleanser - Pandeoshop","isPartOf":{"@id":"https:\/\/pandeoshop.com\/sl\/#website"},"primaryImageOfPage":{"@id":"https:\/\/pandeoshop.com\/product\/medi-peel-micro-tea-powder-cleanser\/#primaryimage"},"image":{"@id":"https:\/\/pandeoshop.com\/product\/medi-peel-micro-tea-powder-cleanser\/#primaryimage"},"thumbnailUrl":"https:\/\/pandeoshop.com\/wp-content\/uploads\/medi-peel-micro-tea-powder-cleanser-1.jpeg","datePublished":"2022-09-17T15:50:28+00:00","dateModified":"2025-04-28T19:54:12+00:00","description":"Encimski pra\u0161ek zagotavlja temeljito \u010di\u0161\u010denje brez izsu\u0161evanja. Odstranjuje vse vrste ne\u010disto\u010d: kozmetiko, prah, sebum, odpravlja masten lesk. Uravnava proizvodnjo sebuma in zo\u017ei pore.","breadcrumb":{"@id":"https:\/\/pandeoshop.com\/product\/medi-peel-micro-tea-powder-cleanser\/#breadcrumb"},"inLanguage":"sl-SI","potentialAction":[{"@type":"ReadAction","target":["https:\/\/pandeoshop.com\/product\/medi-peel-micro-tea-powder-cleanser\/"]}]},{"@type":"ImageObject","inLanguage":"sl-SI","@id":"https:\/\/pandeoshop.com\/product\/medi-peel-micro-tea-powder-cleanser\/#primaryimage","url":"https:\/\/pandeoshop.com\/wp-content\/uploads\/medi-peel-micro-tea-powder-cleanser-1.jpeg","contentUrl":"https:\/\/pandeoshop.com\/wp-content\/uploads\/medi-peel-micro-tea-powder-cleanser-1.jpeg","width":1000,"height":1000},{"@type":"BreadcrumbList","@id":"https:\/\/pandeoshop.com\/product\/medi-peel-micro-tea-powder-cleanser\/#breadcrumb","itemListElement":[{"@type":"ListItem","position":1,"name":"Domov","item":"https:\/\/pandeoshop.com\/sl\/"},{"@type":"ListItem","position":2,"name":"Trgovina","item":"https:\/\/pandeoshop.com\/sl\/trgovina\/"},{"@type":"ListItem","position":3,"name":"Blagovne znamke","item":"https:\/\/pandeoshop.com\/sl\/category\/blagovne-znamke\/"},{"@type":"ListItem","position":4,"name":"Medi-Peel","item":"https:\/\/pandeoshop.com\/sl\/category\/blagovne-znamke\/medi-peel-sl\/"},{"@type":"ListItem","position":5,"name":"Encimski pra\u0161ek za globinsko \u010di\u0161\u010denje ko\u017ee Medi-Peel Micro Tea Powder Cleanser"}]},{"@type":"WebSite","@id":"https:\/\/pandeoshop.com\/sl\/#website","url":"https:\/\/pandeoshop.com\/sl\/","name":"Pandeoshop","description":"\u0160e eno spleti\u0161\u010de WordPress","publisher":{"@id":"https:\/\/pandeoshop.com\/sl\/#organization"},"potentialAction":[{"@type":"SearchAction","target":{"@type":"EntryPoint","urlTemplate":"https:\/\/pandeoshop.com\/sl\/?s={search_term_string}"},"query-input":"required name=search_term_string"}],"inLanguage":"sl-SI"},{"@type":"Organization","@id":"https:\/\/pandeoshop.com\/sl\/#organization","name":"Pandeoshop","url":"https:\/\/pandeoshop.com\/sl\/","logo":{"@type":"ImageObject","inLanguage":"sl-SI","@id":"https:\/\/pandeoshop.com\/sl\/#\/schema\/logo\/image\/","url":"https:\/\/pandeoshop.com\/wp-content\/uploads\/pandeoshop_social_logo_no_textjpg.jpg","contentUrl":"https:\/\/pandeoshop.com\/wp-content\/uploads\/pandeoshop_social_logo_no_textjpg.jpg","width":288,"height":201,"caption":"Pandeoshop"},"image":{"@id":"https:\/\/pandeoshop.com\/sl\/#\/schema\/logo\/image\/"},"sameAs":["https:\/\/www.facebook.com\/pandeoshop\/","https:\/\/www.instagram.com\/pandeo_shop\/"]}]},"product_price_amount":"31.48","product_price_currency":"EUR","og_availability":"instock","product_availability":"instock","product_retailer_item_id":"HS10561","product_condition":"new"},"_links":{"self":[{"href":"https:\/\/pandeoshop.com\/sl\/wp-json\/wp\/v2\/product\/26565"}],"collection":[{"href":"https:\/\/pandeoshop.com\/sl\/wp-json\/wp\/v2\/product"}],"about":[{"href":"https:\/\/pandeoshop.com\/sl\/wp-json\/wp\/v2\/types\/product"}],"replies":[{"embeddable":true,"href":"https:\/\/pandeoshop.com\/sl\/wp-json\/wp\/v2\/comments?post=26565"}],"wp:featuredmedia":[{"embeddable":true,"href":"https:\/\/pandeoshop.com\/sl\/wp-json\/wp\/v2\/media\/35506"}],"wp:attachment":[{"href":"https:\/\/pandeoshop.com\/sl\/wp-json\/wp\/v2\/media?parent=26565"}],"wp:term":[{"taxonomy":"product_cat","embeddable":true,"href":"https:\/\/pandeoshop.com\/sl\/wp-json\/wp\/v2\/product_cat?post=26565"},{"taxonomy":"product_tag","embeddable":true,"href":"https:\/\/pandeoshop.com\/sl\/wp-json\/wp\/v2\/product_tag?post=26565"}],"curies":[{"name":"wp","href":"https:\/\/api.w.org\/{rel}","templated":true}]}}