{"id":26556,"date":"2023-02-04T20:00:43","date_gmt":"2023-02-04T19:19:35","guid":{"rendered":"https:\/\/pandeoshop.com\/?post_type=product&#038;p=26556"},"modified":"2024-01-16T17:48:30","modified_gmt":"2024-01-16T16:48:30","slug":"pomlajevalna-detox-maska-%e2%80%8b%e2%80%8bz-izvleckom-vrtnice","status":"publish","type":"product","link":"https:\/\/pandeoshop.com\/sl\/izdelek\/pomlajevalna-detox-maska-%e2%80%8b%e2%80%8bz-izvleckom-vrtnice\/","title":{"rendered":"Pomlajevalna detox maska \u200b\u200bz izvle\u010dkom vrtnice <br\/> Medi-Peel Hyaluron 100 Rose Energy Tox Ampoule Mask"},"content":{"rendered":"<p>Medi-Peel Hyaluron 100 Rose Energy Tox Ampoule Mask &#8211; maska \u200b\u200bz izvle\u010dkom vrtnice ima razstrupljevalne sposobnosti saj iz ko\u017ee odstrani toksine in proste radikale. Zaradi tega ko\u017ea postane bolj napeta in elasti\u010dna, barva ko\u017ee se uravnovesi in gube se zgladijo.<\/p>\n<p>Peptidi imajo mo\u010dan pomlajevalni u\u010dinek \u2013 spodbujajo procese obnavljanja ko\u017ee in upo\u010dasnjujejo proces staranja.<br \/>\nGlicerin pove\u010da vla\u017eilni u\u010dinek drugih sestavin, zaradi \u010desar je ko\u017ea gladka in \u017eametna.<br \/>\nHialuronska kislina intenzivno vla\u017ei, pove\u010duje turgor in ko\u017eo krepi, se bori proti bledici in pove\u0161enju.<br \/>\nAdenozin po\u017eivlja ko\u017eo, zmanj\u0161uje vnetja in otekline ter izbolj\u0161uje sintezo kolagena. Izvle\u010dek soje obnavlja po\u0161kodovano ko\u017eo, ne\u017eno neguje in prepre\u010duje suhost.<\/p>\n<p>U\u010dinki so vidni \u017ee po prvi uporabi. Redna uporaba ima kumulativen u\u010dinek.<\/p>\n","protected":false},"excerpt":{"rendered":"<p>Pomlajevalna detox maska \u200b\u200bz izvle\u010dkom vrtnice | Medi-Peel Hyaluron 100 Rose Energy Tox Ampoule Mask<\/p>\n","protected":false},"featured_media":40493,"comment_status":"open","ping_status":"closed","template":"","meta":[],"product_cat":[1755,1719,1737,1765,1730,1718,1735,1804,1927,1784,1768,1780,1814,1785,1985,1767,1948,1781,1782,1942,1928,1783,1779,1786],"product_tag":[4265,4495,4506,4276,4513,4283,4292,4301,4538,4308,4549,4319,4522,4531,4566,4336,4571,4341,4599,4369],"bundle_layout":"","bundle_add_to_cart_form_location":"","bundle_editable_in_cart":false,"bundle_sold_individually_context":"","bundle_item_grouping":"","bundle_min_size":"","bundle_max_size":"","bundled_by":[],"bundled_items":[],"yoast_head":"<!-- This site is optimized with the Yoast SEO Premium plugin v22.2 (Yoast SEO v22.9) - https:\/\/yoast.com\/wordpress\/plugins\/seo\/ -->\n<title>Pomlajevalna detox maska \u200b\u200bz izvle\u010dkom vrtnice | Medi-Peel Hyaluron 100 Rose Energy Tox Ampoule Mask - Pandeoshop<\/title>\n<meta name=\"description\" content=\"Pomlajevalna detox maska \u200b\u200bz izvle\u010dkom vrtnice | Medi-Peel Hyaluron 100 Rose Energy Tox Ampoule Mask\" \/>\n<meta name=\"robots\" content=\"index, follow, max-snippet:-1, max-image-preview:large, max-video-preview:-1\" \/>\n<link rel=\"canonical\" href=\"https:\/\/pandeoshop.com\/sl\/product\/medi-peel-hyaluron-100-rose-energy-tox-ampoule-mask\/\" \/>\n<meta property=\"og:locale\" content=\"sl_SI\" \/>\n<meta property=\"og:type\" content=\"article\" \/>\n<meta property=\"og:title\" content=\"Pomlajevalna detox maska \u200b\u200bz izvle\u010dkom vrtnice | Medi-Peel Hyaluron 100 Rose Energy Tox Ampoule Mask - Pandeoshop\" \/>\n<meta property=\"og:description\" content=\"Pomlajevalna detox maska \u200b\u200bz izvle\u010dkom vrtnice | Medi-Peel Hyaluron 100 Rose Energy Tox Ampoule Mask\" \/>\n<meta property=\"og:url\" content=\"https:\/\/pandeoshop.com\/product\/medi-peel-hyaluron-100-rose-energy-tox-ampoule-mask\/\" \/>\n<meta property=\"og:site_name\" content=\"Pandeoshop\" \/>\n<meta property=\"article:publisher\" content=\"https:\/\/www.facebook.com\/pandeoshop\/\" \/>\n<meta property=\"article:modified_time\" content=\"2024-01-16T16:48:30+00:00\" \/>\n<meta property=\"og:image\" content=\"https:\/\/pandeoshop.com\/wp-content\/uploads\/medi-peel-hyaluron-100-rose-energy-tox-ampoule-mask.jpeg\" \/>\n\t<meta property=\"og:image:width\" content=\"1000\" \/>\n\t<meta property=\"og:image:height\" content=\"1000\" \/>\n\t<meta property=\"og:image:type\" content=\"image\/jpeg\" \/>\n<meta name=\"twitter:card\" content=\"summary_large_image\" \/>\n<script type=\"application\/ld+json\" class=\"yoast-schema-graph\">{\"@context\":\"https:\/\/schema.org\",\"@graph\":[{\"@type\":\"WebPage\",\"@id\":\"https:\/\/pandeoshop.com\/sl\/izdelek\/pomlajevalna-detox-maska-%e2%80%8b%e2%80%8bz-izvleckom-vrtnice\/\",\"url\":\"https:\/\/pandeoshop.com\/product\/medi-peel-hyaluron-100-rose-energy-tox-ampoule-mask\/\",\"name\":\"Pomlajevalna detox maska \u200b\u200bz izvle\u010dkom vrtnice | Medi-Peel Hyaluron 100 Rose Energy Tox Ampoule Mask - Pandeoshop\",\"isPartOf\":{\"@id\":\"https:\/\/pandeoshop.com\/sl\/#website\"},\"primaryImageOfPage\":{\"@id\":\"https:\/\/pandeoshop.com\/product\/medi-peel-hyaluron-100-rose-energy-tox-ampoule-mask\/#primaryimage\"},\"image\":{\"@id\":\"https:\/\/pandeoshop.com\/product\/medi-peel-hyaluron-100-rose-energy-tox-ampoule-mask\/#primaryimage\"},\"thumbnailUrl\":\"https:\/\/pandeoshop.com\/wp-content\/uploads\/medi-peel-hyaluron-100-rose-energy-tox-ampoule-mask.jpeg\",\"datePublished\":\"2023-02-04T19:19:35+00:00\",\"dateModified\":\"2024-01-16T16:48:30+00:00\",\"description\":\"Pomlajevalna detox maska \u200b\u200bz izvle\u010dkom vrtnice | Medi-Peel Hyaluron 100 Rose Energy Tox Ampoule Mask\",\"breadcrumb\":{\"@id\":\"https:\/\/pandeoshop.com\/product\/medi-peel-hyaluron-100-rose-energy-tox-ampoule-mask\/#breadcrumb\"},\"inLanguage\":\"sl-SI\",\"potentialAction\":[{\"@type\":\"ReadAction\",\"target\":[\"https:\/\/pandeoshop.com\/product\/medi-peel-hyaluron-100-rose-energy-tox-ampoule-mask\/\"]}]},{\"@type\":\"ImageObject\",\"inLanguage\":\"sl-SI\",\"@id\":\"https:\/\/pandeoshop.com\/product\/medi-peel-hyaluron-100-rose-energy-tox-ampoule-mask\/#primaryimage\",\"url\":\"https:\/\/pandeoshop.com\/wp-content\/uploads\/medi-peel-hyaluron-100-rose-energy-tox-ampoule-mask.jpeg\",\"contentUrl\":\"https:\/\/pandeoshop.com\/wp-content\/uploads\/medi-peel-hyaluron-100-rose-energy-tox-ampoule-mask.jpeg\",\"width\":1000,\"height\":1000},{\"@type\":\"BreadcrumbList\",\"@id\":\"https:\/\/pandeoshop.com\/product\/medi-peel-hyaluron-100-rose-energy-tox-ampoule-mask\/#breadcrumb\",\"itemListElement\":[{\"@type\":\"ListItem\",\"position\":1,\"name\":\"Domov\",\"item\":\"https:\/\/pandeoshop.com\/sl\/\"},{\"@type\":\"ListItem\",\"position\":2,\"name\":\"Trgovina\",\"item\":\"https:\/\/pandeoshop.com\/sl\/trgovina\/\"},{\"@type\":\"ListItem\",\"position\":3,\"name\":\"Blagovne znamke\",\"item\":\"https:\/\/pandeoshop.com\/sl\/category\/blagovne-znamke\/\"},{\"@type\":\"ListItem\",\"position\":4,\"name\":\"Medi-Peel\",\"item\":\"https:\/\/pandeoshop.com\/sl\/category\/blagovne-znamke\/medi-peel-sl\/\"},{\"@type\":\"ListItem\",\"position\":5,\"name\":\"Pomlajevalna detox maska \u200b\u200bz izvle\u010dkom vrtnice Medi-Peel Hyaluron 100 Rose Energy Tox Ampoule Mask\"}]},{\"@type\":\"WebSite\",\"@id\":\"https:\/\/pandeoshop.com\/sl\/#website\",\"url\":\"https:\/\/pandeoshop.com\/sl\/\",\"name\":\"Pandeoshop\",\"description\":\"\u0160e eno spleti\u0161\u010de WordPress\",\"publisher\":{\"@id\":\"https:\/\/pandeoshop.com\/sl\/#organization\"},\"potentialAction\":[{\"@type\":\"SearchAction\",\"target\":{\"@type\":\"EntryPoint\",\"urlTemplate\":\"https:\/\/pandeoshop.com\/sl\/?s={search_term_string}\"},\"query-input\":\"required name=search_term_string\"}],\"inLanguage\":\"sl-SI\"},{\"@type\":\"Organization\",\"@id\":\"https:\/\/pandeoshop.com\/sl\/#organization\",\"name\":\"Pandeoshop\",\"url\":\"https:\/\/pandeoshop.com\/sl\/\",\"logo\":{\"@type\":\"ImageObject\",\"inLanguage\":\"sl-SI\",\"@id\":\"https:\/\/pandeoshop.com\/sl\/#\/schema\/logo\/image\/\",\"url\":\"https:\/\/pandeoshop.com\/wp-content\/uploads\/pandeoshop_social_logo_no_textjpg.jpg\",\"contentUrl\":\"https:\/\/pandeoshop.com\/wp-content\/uploads\/pandeoshop_social_logo_no_textjpg.jpg\",\"width\":288,\"height\":201,\"caption\":\"Pandeoshop\"},\"image\":{\"@id\":\"https:\/\/pandeoshop.com\/sl\/#\/schema\/logo\/image\/\"},\"sameAs\":[\"https:\/\/www.facebook.com\/pandeoshop\/\",\"https:\/\/www.instagram.com\/pandeo_shop\/\"]}]}<\/script>\n<meta property=\"product:price:amount\" content=\"2.66\" \/>\n<meta property=\"product:price:currency\" content=\"EUR\" \/>\n<meta property=\"og:availability\" content=\"instock\" \/>\n<meta property=\"product:availability\" content=\"instock\" \/>\n<meta property=\"product:retailer_item_id\" content=\"HS10551\" \/>\n<meta property=\"product:condition\" content=\"new\" \/>\n<!-- \/ Yoast SEO Premium plugin. -->","yoast_head_json":{"title":"Pomlajevalna detox maska \u200b\u200bz izvle\u010dkom vrtnice | Medi-Peel Hyaluron 100 Rose Energy Tox Ampoule Mask - Pandeoshop","description":"Pomlajevalna detox maska \u200b\u200bz izvle\u010dkom vrtnice | Medi-Peel Hyaluron 100 Rose Energy Tox Ampoule Mask","robots":{"index":"index","follow":"follow","max-snippet":"max-snippet:-1","max-image-preview":"max-image-preview:large","max-video-preview":"max-video-preview:-1"},"canonical":"https:\/\/pandeoshop.com\/sl\/product\/medi-peel-hyaluron-100-rose-energy-tox-ampoule-mask\/","og_locale":"sl_SI","og_type":"article","og_title":"Pomlajevalna detox maska \u200b\u200bz izvle\u010dkom vrtnice | Medi-Peel Hyaluron 100 Rose Energy Tox Ampoule Mask - Pandeoshop","og_description":"Pomlajevalna detox maska \u200b\u200bz izvle\u010dkom vrtnice | Medi-Peel Hyaluron 100 Rose Energy Tox Ampoule Mask","og_url":"https:\/\/pandeoshop.com\/product\/medi-peel-hyaluron-100-rose-energy-tox-ampoule-mask\/","og_site_name":"Pandeoshop","article_publisher":"https:\/\/www.facebook.com\/pandeoshop\/","article_modified_time":"2024-01-16T16:48:30+00:00","og_image":[{"width":1000,"height":1000,"url":"https:\/\/pandeoshop.com\/wp-content\/uploads\/medi-peel-hyaluron-100-rose-energy-tox-ampoule-mask.jpeg","type":"image\/jpeg"}],"twitter_card":"summary_large_image","schema":{"@context":"https:\/\/schema.org","@graph":[{"@type":"WebPage","@id":"https:\/\/pandeoshop.com\/sl\/izdelek\/pomlajevalna-detox-maska-%e2%80%8b%e2%80%8bz-izvleckom-vrtnice\/","url":"https:\/\/pandeoshop.com\/product\/medi-peel-hyaluron-100-rose-energy-tox-ampoule-mask\/","name":"Pomlajevalna detox maska \u200b\u200bz izvle\u010dkom vrtnice | Medi-Peel Hyaluron 100 Rose Energy Tox Ampoule Mask - Pandeoshop","isPartOf":{"@id":"https:\/\/pandeoshop.com\/sl\/#website"},"primaryImageOfPage":{"@id":"https:\/\/pandeoshop.com\/product\/medi-peel-hyaluron-100-rose-energy-tox-ampoule-mask\/#primaryimage"},"image":{"@id":"https:\/\/pandeoshop.com\/product\/medi-peel-hyaluron-100-rose-energy-tox-ampoule-mask\/#primaryimage"},"thumbnailUrl":"https:\/\/pandeoshop.com\/wp-content\/uploads\/medi-peel-hyaluron-100-rose-energy-tox-ampoule-mask.jpeg","datePublished":"2023-02-04T19:19:35+00:00","dateModified":"2024-01-16T16:48:30+00:00","description":"Pomlajevalna detox maska \u200b\u200bz izvle\u010dkom vrtnice | Medi-Peel Hyaluron 100 Rose Energy Tox Ampoule Mask","breadcrumb":{"@id":"https:\/\/pandeoshop.com\/product\/medi-peel-hyaluron-100-rose-energy-tox-ampoule-mask\/#breadcrumb"},"inLanguage":"sl-SI","potentialAction":[{"@type":"ReadAction","target":["https:\/\/pandeoshop.com\/product\/medi-peel-hyaluron-100-rose-energy-tox-ampoule-mask\/"]}]},{"@type":"ImageObject","inLanguage":"sl-SI","@id":"https:\/\/pandeoshop.com\/product\/medi-peel-hyaluron-100-rose-energy-tox-ampoule-mask\/#primaryimage","url":"https:\/\/pandeoshop.com\/wp-content\/uploads\/medi-peel-hyaluron-100-rose-energy-tox-ampoule-mask.jpeg","contentUrl":"https:\/\/pandeoshop.com\/wp-content\/uploads\/medi-peel-hyaluron-100-rose-energy-tox-ampoule-mask.jpeg","width":1000,"height":1000},{"@type":"BreadcrumbList","@id":"https:\/\/pandeoshop.com\/product\/medi-peel-hyaluron-100-rose-energy-tox-ampoule-mask\/#breadcrumb","itemListElement":[{"@type":"ListItem","position":1,"name":"Domov","item":"https:\/\/pandeoshop.com\/sl\/"},{"@type":"ListItem","position":2,"name":"Trgovina","item":"https:\/\/pandeoshop.com\/sl\/trgovina\/"},{"@type":"ListItem","position":3,"name":"Blagovne znamke","item":"https:\/\/pandeoshop.com\/sl\/category\/blagovne-znamke\/"},{"@type":"ListItem","position":4,"name":"Medi-Peel","item":"https:\/\/pandeoshop.com\/sl\/category\/blagovne-znamke\/medi-peel-sl\/"},{"@type":"ListItem","position":5,"name":"Pomlajevalna detox maska \u200b\u200bz izvle\u010dkom vrtnice Medi-Peel Hyaluron 100 Rose Energy Tox Ampoule Mask"}]},{"@type":"WebSite","@id":"https:\/\/pandeoshop.com\/sl\/#website","url":"https:\/\/pandeoshop.com\/sl\/","name":"Pandeoshop","description":"\u0160e eno spleti\u0161\u010de WordPress","publisher":{"@id":"https:\/\/pandeoshop.com\/sl\/#organization"},"potentialAction":[{"@type":"SearchAction","target":{"@type":"EntryPoint","urlTemplate":"https:\/\/pandeoshop.com\/sl\/?s={search_term_string}"},"query-input":"required name=search_term_string"}],"inLanguage":"sl-SI"},{"@type":"Organization","@id":"https:\/\/pandeoshop.com\/sl\/#organization","name":"Pandeoshop","url":"https:\/\/pandeoshop.com\/sl\/","logo":{"@type":"ImageObject","inLanguage":"sl-SI","@id":"https:\/\/pandeoshop.com\/sl\/#\/schema\/logo\/image\/","url":"https:\/\/pandeoshop.com\/wp-content\/uploads\/pandeoshop_social_logo_no_textjpg.jpg","contentUrl":"https:\/\/pandeoshop.com\/wp-content\/uploads\/pandeoshop_social_logo_no_textjpg.jpg","width":288,"height":201,"caption":"Pandeoshop"},"image":{"@id":"https:\/\/pandeoshop.com\/sl\/#\/schema\/logo\/image\/"},"sameAs":["https:\/\/www.facebook.com\/pandeoshop\/","https:\/\/www.instagram.com\/pandeo_shop\/"]}]},"product_price_amount":"2.66","product_price_currency":"EUR","og_availability":"instock","product_availability":"instock","product_retailer_item_id":"HS10551","product_condition":"new"},"_links":{"self":[{"href":"https:\/\/pandeoshop.com\/sl\/wp-json\/wp\/v2\/product\/26556"}],"collection":[{"href":"https:\/\/pandeoshop.com\/sl\/wp-json\/wp\/v2\/product"}],"about":[{"href":"https:\/\/pandeoshop.com\/sl\/wp-json\/wp\/v2\/types\/product"}],"replies":[{"embeddable":true,"href":"https:\/\/pandeoshop.com\/sl\/wp-json\/wp\/v2\/comments?post=26556"}],"wp:featuredmedia":[{"embeddable":true,"href":"https:\/\/pandeoshop.com\/sl\/wp-json\/wp\/v2\/media\/40493"}],"wp:attachment":[{"href":"https:\/\/pandeoshop.com\/sl\/wp-json\/wp\/v2\/media?parent=26556"}],"wp:term":[{"taxonomy":"product_cat","embeddable":true,"href":"https:\/\/pandeoshop.com\/sl\/wp-json\/wp\/v2\/product_cat?post=26556"},{"taxonomy":"product_tag","embeddable":true,"href":"https:\/\/pandeoshop.com\/sl\/wp-json\/wp\/v2\/product_tag?post=26556"}],"curies":[{"name":"wp","href":"https:\/\/api.w.org\/{rel}","templated":true}]}}